{"id":934,"date":"2015-06-02T20:16:42","date_gmt":"2015-06-02T20:16:42","guid":{"rendered":"http:\/\/live.hepatology.ca\/?page_id=934"},"modified":"2024-06-08T21:47:44","modified_gmt":"2024-06-08T21:47:44","slug":"transplant-interest-group","status":"publish","type":"page","link":"https:\/\/hepatology.ca\/fr\/research\/special-interest-groups\/transplant-interest-group\/","title":{"rendered":"Groupe d&#039;int\u00e9r\u00eat sp\u00e9cial sur la transplantation"},"content":{"rendered":"<div data-elementor-type=\"wp-page\" data-elementor-id=\"934\" class=\"elementor elementor-934\">\n\t\t\t\t<div class=\"elementor-element elementor-element-ca4d9aa e-flex e-con-boxed e-con e-parent\" data-id=\"ca4d9aa\" data-element_type=\"container\" data-e-type=\"container\">\n\t\t\t\t\t<div class=\"e-con-inner\">\n\t\t\t\t<div class=\"elementor-element elementor-element-2af0da0d elementor-widget elementor-widget-text-editor\" data-id=\"2af0da0d\" data-element_type=\"widget\" data-e-type=\"widget\" data-widget_type=\"text-editor.default\">\n\t\t\t\t<div class=\"elementor-widget-container\">\n\t\t\t\t\t\t\t\t\t<h3><strong>Vision<\/strong><\/h3><p>\u00catre le groupe de recherche collaborative sur la transplantation h\u00e9patique au Canada<\/p><h3><strong>Mission<\/strong><\/h3><p>Favoriser et mener des recherches collaboratives sur la transplantation h\u00e9patique partout au Canada<\/p><h3><strong>Qui sommes-nous<\/strong><\/h3><p>Le groupe d&#039;int\u00e9r\u00eat sur la transplantation h\u00e9patique de l&#039;ACL est ouvert \u00e0 tous les cliniciens et chercheurs de l&#039;ACL int\u00e9ress\u00e9s par la transplantation h\u00e9patique. Les membres de l&#039;ACL int\u00e9ress\u00e9s doivent contacter la personne-ressource de leur \u00e9tablissement (voir ci-dessous) pour obtenir de plus amples renseignements.<\/p><h3><strong>Ce que nous faisons<\/strong><\/h3><p>Le groupe d&#039;int\u00e9r\u00eat sur la transplantation h\u00e9patique de la CASL se r\u00e9unit au moins deux fois par an, g\u00e9n\u00e9ralement au CDDW et \u00e0 l&#039;AASLD. Ces r\u00e9unions servent \u00e0<\/p><ul><li>Examiner les progr\u00e8s\/r\u00e9sultats des projets de recherche collaborative en cours<\/li><li>Proposer\/pr\u00e9senter de nouveaux projets de recherche<\/li><li>Discuter d\u2019autres questions d\u2019int\u00e9r\u00eat commun li\u00e9es \u00e0 la transplantation<\/li><\/ul><h3><strong>Projets en cours<\/strong><\/h3><ul><li>Efficacit\u00e9 du traitement antiviral \u00e0 base de sofosbuvir dans le traitement de l\u2019h\u00e9patite C r\u00e9currente apr\u00e8s une transplantation h\u00e9patique \u2013 une \u00e9tude observationnelle pancanadienne<\/li><li>Indice de masse corporelle et r\u00e9sultats de la transplantation h\u00e9patique \u2013 une analyse r\u00e9trospective pancanadienne<\/li><\/ul><h3><strong>Projets pancanadiens ant\u00e9rieurs <\/strong>(exemples)<\/h3><ul><li><a href=\"http:\/\/www.ncbi.nlm.nih.gov\/pubmed\/12783400\" target=\"_blank\" rel=\"noopener\">Sevrage pr\u00e9coce des st\u00e9ro\u00efdes apr\u00e8s une transplantation h\u00e9patique : essai canadien comparant le tacrolimus \u00e0 la cyclosporine A en micro\u00e9mulsion : suivi d&#039;un an.<\/a> Greig P, Lilly L, Scudamore C, Erb S, Yoshida E, Kneteman N, Bain V, Ghent C, Marotta P, Grant D, Wall W, Tchervenkov J, Barkun J, Roy A, Marleau D, McAlister V, Peltekian K . Transpl. 2003;9:587-95.<\/li><li><a href=\"http:\/\/www.ncbi.nlm.nih.gov\/pubmed\/16123958\" target=\"_blank\" rel=\"noopener\">\u00c9valuation de la fonction r\u00e9nale chez les receveurs de greffe de foie recevant du daclizumab (Zenapax), du mycoph\u00e9nolate mof\u00e9til et un sch\u00e9ma th\u00e9rapeutique \u00e0 faible dose de tacrolimus retard\u00e9 par rapport \u00e0 un sch\u00e9ma th\u00e9rapeutique \u00e0 dose standard de tacrolimus et de mycoph\u00e9nolate mof\u00e9til : un essai clinique randomis\u00e9 multicentrique.<\/a> Yoshida EM, Marotta PJ, Greig PD, Kneteman NM, Marleau D, Cantarovich M, Peltekian KM, Lilly LB, Scudamore CH, Bain VG, Wall WJ, Roy A, Balshaw RF, Barkun JS. Transpl. 2005;11:1064-72.<\/li><li><a href=\"http:\/\/www.ncbi.nlm.nih.gov\/pubmed\/17111055\" target=\"_blank\" rel=\"noopener\">H\u00e9patite C r\u00e9currente apr\u00e8s transplantation : o\u00f9 en sommes-nous et que pouvons-nous faire \u00e0 partir de maintenant ? Un rapport de l&#039;atelier canadien d&#039;h\u00e9patologie de transplantation.<\/a> Watt KD, Burak K, Desch\u00eanes M, Lilly L, Marleau D, Marotta P, Mason A, Peltekian KM, Renner EL, Yoshida EM; R\u00e9seau canadien de recherche sur les r\u00e9sultats en h\u00e9patologie des transplantations. Can J Gastroenterol. 2006;20:725-34.<\/li><li><a href=\"http:\/\/www.ncbi.nlm.nih.gov\/pubmed\/18299733\" target=\"_blank\" rel=\"noopener\">La survie apr\u00e8s une transplantation h\u00e9patique pour h\u00e9patite C est rest\u00e9e inchang\u00e9e au Canada depuis deux d\u00e9cennies.<\/a> Watt KD, Burak KW, Desch\u00eanes M, Lilly L, Marleau D, Marotta P, Mason A, Peltekian KM, Renner E, Yoshida EM; R\u00e9seau canadien de recherche sur les r\u00e9sultats en h\u00e9patologie des transplantations. Can J Gastroenterol. 2008\u00a0;\u00a022\u00a0:\u00a0153-4.<\/li><li><a href=\"http:\/\/www.ncbi.nlm.nih.gov\/pubmed\/18925305\" target=\"_blank\" rel=\"noopener\">Transplantation h\u00e9patique pour h\u00e9mangioendoth\u00e9liome \u00e9pith\u00e9lio\u00efde h\u00e9patique : l&#039;exp\u00e9rience multicentrique canadienne.<\/a> Nudo CG, Yoshida EM, Bain VG, Marleau D, Wong P, Marotta PJ, Renner E, Watt KD, Desch\u00eanes M. Can J Gastroenterol. 2008;22:821-4.<\/li><li><a href=\"http:\/\/www.ncbi.nlm.nih.gov\/pubmed\/23396740\" target=\"_blank\" rel=\"noopener\">Revue r\u00e9trospective nationale canadienne des dossiers comparant l&#039;effet \u00e0 long terme de la cyclosporine et du tacrolimus sur les r\u00e9sultats cliniques chez les patients infect\u00e9s par le virus de l&#039;h\u00e9patite C apr\u00e8s une transplantation h\u00e9patique.<\/a> Yoshida EM, Lilly LB, Marotta PJ, Mason AL, Bilodeau M, Vaillancourt M. Ann Hepatol. 2013;12:282-93.<\/li><li><a href=\"http:\/\/www.ncbi.nlm.nih.gov\/pubmed\/25152985\" target=\"_blank\" rel=\"noopener\">La trith\u00e9rapie \u00e0 base d&#039;inhibiteurs de prot\u00e9ase est tr\u00e8s efficace contre la r\u00e9cidive de l&#039;h\u00e9patite C apr\u00e8s une transplantation h\u00e9patique : une exp\u00e9rience multicentrique.<\/a> Faisal N, Yoshida EM, Bilodeau M, Wong P, Ma M, Burak KW, Al-Judaibi B, Renner EL, Lilly Ann Hepatol. 2014;13:525-32.<\/li><\/ul><h3><strong>Personnes-ressources, institutions et contacts<\/strong><\/h3><p><strong>Programmes pour adultes<\/strong><\/p><ul><li>Nazia Selzner (Toronto)<\/li><li>Kevork Peltekian (Dalhousie)<\/li><li>Marc Bilodeau, (Montr\u00e9al)<\/li><li>Philippe Wong, (McGill)<\/li><li>Paul Marotta (Ouest)<\/li><li>David Peretz (Manitoba)<\/li><li>Aldo Montano-Loza (Alberta)<\/li><li>Stephen Congly (Calgary)<\/li><li>\u00c9ric Yoshida (UBC)<\/li><\/ul><p><strong>Programmes p\u00e9diatriques<\/strong><\/p><ul><li>Fernando Alvarez (Montr\u00e9al)<\/li><li>Vicki Ng (SickKids)<\/li><li>Jason Yap (Alberta)<\/li><li>Steve Martin (Calgary)<\/li><\/ul><p>Pour plus d\u2019informations, contactez le secr\u00e9taire par int\u00e9rim du groupe d\u2019int\u00e9r\u00eat sur la transplantation de la CASL.<\/p><p>\u00a0<\/p><p>\u00a0<\/p><p>\u00a0<\/p>\t\t\t\t\t\t\t\t<\/div>\n\t\t\t\t<\/div>\n\t\t\t\t\t<\/div>\n\t\t\t\t<\/div>\n\t\t\t\t<\/div>","protected":false},"excerpt":{"rendered":"<p>Vision To be the group for collaborative liver transplant research in Canada Mission To foster and conduct collaborative research in [&hellip;]<\/p>\n","protected":false},"author":3,"featured_media":0,"parent":1339,"menu_order":26,"comment_status":"closed","ping_status":"closed","template":"","meta":{"_acf_changed":false,"site-sidebar-layout":"default","site-content-layout":"","ast-site-content-layout":"default","site-content-style":"default","site-sidebar-style":"default","ast-global-header-display":"","ast-banner-title-visibility":"","ast-main-header-display":"","ast-hfb-above-header-display":"","ast-hfb-below-header-display":"","ast-hfb-mobile-header-display":"","site-post-title":"","ast-breadcrumbs-content":"","ast-featured-img":"","footer-sml-layout":"","ast-disable-related-posts":"","theme-transparent-header-meta":"","adv-header-id-meta":"","stick-header-meta":"","header-above-stick-meta":"","header-main-stick-meta":"","header-below-stick-meta":"","astra-migrate-meta-layouts":"default","ast-page-background-enabled":"default","ast-page-background-meta":{"desktop":{"background-color":"var(--ast-global-color-4)","background-image":"","background-repeat":"repeat","background-position":"center center","background-size":"auto","background-attachment":"scroll","background-type":"","background-media":"","overlay-type":"","overlay-color":"","overlay-opacity":"","overlay-gradient":""},"tablet":{"background-color":"","background-image":"","background-repeat":"repeat","background-position":"center center","background-size":"auto","background-attachment":"scroll","background-type":"","background-media":"","overlay-type":"","overlay-color":"","overlay-opacity":"","overlay-gradient":""},"mobile":{"background-color":"","background-image":"","background-repeat":"repeat","background-position":"center center","background-size":"auto","background-attachment":"scroll","background-type":"","background-media":"","overlay-type":"","overlay-color":"","overlay-opacity":"","overlay-gradient":""}},"ast-content-background-meta":{"desktop":{"background-color":"var(--ast-global-color-5)","background-image":"","background-repeat":"repeat","background-position":"center center","background-size":"auto","background-attachment":"scroll","background-type":"","background-media":"","overlay-type":"","overlay-color":"","overlay-opacity":"","overlay-gradient":""},"tablet":{"background-color":"var(--ast-global-color-5)","background-image":"","background-repeat":"repeat","background-position":"center center","background-size":"auto","background-attachment":"scroll","background-type":"","background-media":"","overlay-type":"","overlay-color":"","overlay-opacity":"","overlay-gradient":""},"mobile":{"background-color":"var(--ast-global-color-5)","background-image":"","background-repeat":"repeat","background-position":"center center","background-size":"auto","background-attachment":"scroll","background-type":"","background-media":"","overlay-type":"","overlay-color":"","overlay-opacity":"","overlay-gradient":""}},"ngg_post_thumbnail":0,"footnotes":""},"class_list":["post-934","page","type-page","status-publish","hentry"],"acf":[],"yoast_head":"<!-- This site is optimized with the Yoast SEO plugin v27.4 - https:\/\/yoast.com\/product\/yoast-seo-wordpress\/ -->\n<title>Transplant SIG - CASL - Canadian Association for the Study of the Liver<\/title>\n<meta name=\"description\" content=\"The CASL Liver Transplant Interest Group is open to all CASL clinicians and investigators interested in liver transplantation. Interested CASL members should contact the point person at their institution (see below) for further information.\" \/>\n<meta name=\"robots\" content=\"index, follow, max-snippet:-1, max-image-preview:large, max-video-preview:-1\" \/>\n<link rel=\"canonical\" href=\"https:\/\/hepatology.ca\/fr\/research\/special-interest-groups\/transplant-interest-group\/\" \/>\n<meta property=\"og:locale\" content=\"fr_CA\" \/>\n<meta property=\"og:type\" content=\"article\" \/>\n<meta property=\"og:title\" content=\"Transplant SIG - CASL - Canadian Association for the Study of the Liver\" \/>\n<meta property=\"og:description\" content=\"The CASL Liver Transplant Interest Group is open to all CASL clinicians and investigators interested in liver transplantation. Interested CASL members should contact the point person at their institution (see below) for further information.\" \/>\n<meta property=\"og:url\" content=\"https:\/\/hepatology.ca\/fr\/research\/special-interest-groups\/transplant-interest-group\/\" \/>\n<meta property=\"og:site_name\" content=\"CASL - Canadian Association for the Study of the Liver\" \/>\n<meta property=\"article:modified_time\" content=\"2024-06-08T21:47:44+00:00\" \/>\n<meta name=\"twitter:card\" content=\"summary_large_image\" \/>\n<meta name=\"twitter:label1\" content=\"Estimation du temps de lecture\" \/>\n\t<meta name=\"twitter:data1\" content=\"3 minutes\" \/>\n<script type=\"application\/ld+json\" class=\"yoast-schema-graph\">{\"@context\":\"https:\\\/\\\/schema.org\",\"@graph\":[{\"@type\":\"WebPage\",\"@id\":\"https:\\\/\\\/hepatology.ca\\\/research\\\/special-interest-groups\\\/transplant-interest-group\\\/\",\"url\":\"https:\\\/\\\/hepatology.ca\\\/research\\\/special-interest-groups\\\/transplant-interest-group\\\/\",\"name\":\"Transplant SIG - CASL - Canadian Association for the Study of the Liver\",\"isPartOf\":{\"@id\":\"https:\\\/\\\/hepatology.ca\\\/#website\"},\"datePublished\":\"2015-06-02T20:16:42+00:00\",\"dateModified\":\"2024-06-08T21:47:44+00:00\",\"description\":\"The CASL Liver Transplant Interest Group is open to all CASL clinicians and investigators interested in liver transplantation. Interested CASL members should contact the point person at their institution (see below) for further information.\",\"breadcrumb\":{\"@id\":\"https:\\\/\\\/hepatology.ca\\\/research\\\/special-interest-groups\\\/transplant-interest-group\\\/#breadcrumb\"},\"inLanguage\":\"fr-CA\",\"potentialAction\":[{\"@type\":\"ReadAction\",\"target\":[\"https:\\\/\\\/hepatology.ca\\\/research\\\/special-interest-groups\\\/transplant-interest-group\\\/\"]}]},{\"@type\":\"BreadcrumbList\",\"@id\":\"https:\\\/\\\/hepatology.ca\\\/research\\\/special-interest-groups\\\/transplant-interest-group\\\/#breadcrumb\",\"itemListElement\":[{\"@type\":\"ListItem\",\"position\":1,\"name\":\"Home\",\"item\":\"https:\\\/\\\/hepatology.ca\\\/\"},{\"@type\":\"ListItem\",\"position\":2,\"name\":\"Research\",\"item\":\"https:\\\/\\\/hepatology.ca\\\/fr\\\/research\\\/\"},{\"@type\":\"ListItem\",\"position\":3,\"name\":\"Special Interest Groups\",\"item\":\"https:\\\/\\\/hepatology.ca\\\/research\\\/special-interest-groups\\\/\"},{\"@type\":\"ListItem\",\"position\":4,\"name\":\"Transplant SIG\"}]},{\"@type\":\"WebSite\",\"@id\":\"https:\\\/\\\/hepatology.ca\\\/#website\",\"url\":\"https:\\\/\\\/hepatology.ca\\\/\",\"name\":\"CASL\",\"description\":\"Canada\u2019s home for liver experts\",\"publisher\":{\"@id\":\"https:\\\/\\\/hepatology.ca\\\/#organization\"},\"potentialAction\":[{\"@type\":\"SearchAction\",\"target\":{\"@type\":\"EntryPoint\",\"urlTemplate\":\"https:\\\/\\\/hepatology.ca\\\/?s={search_term_string}\"},\"query-input\":{\"@type\":\"PropertyValueSpecification\",\"valueRequired\":true,\"valueName\":\"search_term_string\"}}],\"inLanguage\":\"fr-CA\"},{\"@type\":\"Organization\",\"@id\":\"https:\\\/\\\/hepatology.ca\\\/#organization\",\"name\":\"Canadian Association for the Study of the Liver\",\"url\":\"https:\\\/\\\/hepatology.ca\\\/\",\"logo\":{\"@type\":\"ImageObject\",\"inLanguage\":\"fr-CA\",\"@id\":\"https:\\\/\\\/hepatology.ca\\\/#\\\/schema\\\/logo\\\/image\\\/\",\"url\":\"https:\\\/\\\/hepatology.ca\\\/wp-content\\\/uploads\\\/2024\\\/06\\\/CASL-logo-transparent-background.png\",\"contentUrl\":\"https:\\\/\\\/hepatology.ca\\\/wp-content\\\/uploads\\\/2024\\\/06\\\/CASL-logo-transparent-background.png\",\"width\":1040,\"height\":294,\"caption\":\"Canadian Association for the Study of the Liver\"},\"image\":{\"@id\":\"https:\\\/\\\/hepatology.ca\\\/#\\\/schema\\\/logo\\\/image\\\/\"}}]}<\/script>\n<!-- \/ Yoast SEO plugin. -->","yoast_head_json":{"title":"Groupe d&#039;int\u00e9r\u00eat sp\u00e9cial sur la transplantation - CASL - Association canadienne pour l&#039;\u00e9tude du foie","description":"Le groupe d&#039;int\u00e9r\u00eat sur la transplantation h\u00e9patique de l&#039;ACL est ouvert \u00e0 tous les cliniciens et chercheurs de l&#039;ACL int\u00e9ress\u00e9s par la transplantation h\u00e9patique. Les membres de l&#039;ACL int\u00e9ress\u00e9s doivent contacter la personne-ressource de leur \u00e9tablissement (voir ci-dessous) pour obtenir de plus amples renseignements.","robots":{"index":"index","follow":"follow","max-snippet":"max-snippet:-1","max-image-preview":"max-image-preview:large","max-video-preview":"max-video-preview:-1"},"canonical":"https:\/\/hepatology.ca\/fr\/research\/special-interest-groups\/transplant-interest-group\/","og_locale":"fr_CA","og_type":"article","og_title":"Transplant SIG - CASL - Canadian Association for the Study of the Liver","og_description":"The CASL Liver Transplant Interest Group is open to all CASL clinicians and investigators interested in liver transplantation. Interested CASL members should contact the point person at their institution (see below) for further information.","og_url":"https:\/\/hepatology.ca\/fr\/research\/special-interest-groups\/transplant-interest-group\/","og_site_name":"CASL - Canadian Association for the Study of the Liver","article_modified_time":"2024-06-08T21:47:44+00:00","twitter_card":"summary_large_image","twitter_misc":{"Estimation du temps de lecture":"3 minutes"},"schema":{"@context":"https:\/\/schema.org","@graph":[{"@type":"WebPage","@id":"https:\/\/hepatology.ca\/research\/special-interest-groups\/transplant-interest-group\/","url":"https:\/\/hepatology.ca\/research\/special-interest-groups\/transplant-interest-group\/","name":"Groupe d&#039;int\u00e9r\u00eat sp\u00e9cial sur la transplantation - CASL - Association canadienne pour l&#039;\u00e9tude du foie","isPartOf":{"@id":"https:\/\/hepatology.ca\/#website"},"datePublished":"2015-06-02T20:16:42+00:00","dateModified":"2024-06-08T21:47:44+00:00","description":"Le groupe d&#039;int\u00e9r\u00eat sur la transplantation h\u00e9patique de l&#039;ACL est ouvert \u00e0 tous les cliniciens et chercheurs de l&#039;ACL int\u00e9ress\u00e9s par la transplantation h\u00e9patique. Les membres de l&#039;ACL int\u00e9ress\u00e9s doivent contacter la personne-ressource de leur \u00e9tablissement (voir ci-dessous) pour obtenir de plus amples renseignements.","breadcrumb":{"@id":"https:\/\/hepatology.ca\/research\/special-interest-groups\/transplant-interest-group\/#breadcrumb"},"inLanguage":"fr-CA","potentialAction":[{"@type":"ReadAction","target":["https:\/\/hepatology.ca\/research\/special-interest-groups\/transplant-interest-group\/"]}]},{"@type":"BreadcrumbList","@id":"https:\/\/hepatology.ca\/research\/special-interest-groups\/transplant-interest-group\/#breadcrumb","itemListElement":[{"@type":"ListItem","position":1,"name":"Home","item":"https:\/\/hepatology.ca\/"},{"@type":"ListItem","position":2,"name":"Research","item":"https:\/\/hepatology.ca\/fr\/research\/"},{"@type":"ListItem","position":3,"name":"Special Interest Groups","item":"https:\/\/hepatology.ca\/research\/special-interest-groups\/"},{"@type":"ListItem","position":4,"name":"Transplant SIG"}]},{"@type":"WebSite","@id":"https:\/\/hepatology.ca\/#website","url":"https:\/\/hepatology.ca\/","name":"LCAP","description":"Le foyer canadien des experts du foie","publisher":{"@id":"https:\/\/hepatology.ca\/#organization"},"potentialAction":[{"@type":"SearchAction","target":{"@type":"EntryPoint","urlTemplate":"https:\/\/hepatology.ca\/?s={search_term_string}"},"query-input":{"@type":"PropertyValueSpecification","valueRequired":true,"valueName":"search_term_string"}}],"inLanguage":"fr-CA"},{"@type":"Organization","@id":"https:\/\/hepatology.ca\/#organization","name":"Association canadienne pour l&#039;\u00e9tude du foie","url":"https:\/\/hepatology.ca\/","logo":{"@type":"ImageObject","inLanguage":"fr-CA","@id":"https:\/\/hepatology.ca\/#\/schema\/logo\/image\/","url":"https:\/\/hepatology.ca\/wp-content\/uploads\/2024\/06\/CASL-logo-transparent-background.png","contentUrl":"https:\/\/hepatology.ca\/wp-content\/uploads\/2024\/06\/CASL-logo-transparent-background.png","width":1040,"height":294,"caption":"Canadian Association for the Study of the Liver"},"image":{"@id":"https:\/\/hepatology.ca\/#\/schema\/logo\/image\/"}}]}},"_links":{"self":[{"href":"https:\/\/hepatology.ca\/fr\/wp-json\/wp\/v2\/pages\/934","targetHints":{"allow":["GET"]}}],"collection":[{"href":"https:\/\/hepatology.ca\/fr\/wp-json\/wp\/v2\/pages"}],"about":[{"href":"https:\/\/hepatology.ca\/fr\/wp-json\/wp\/v2\/types\/page"}],"author":[{"embeddable":true,"href":"https:\/\/hepatology.ca\/fr\/wp-json\/wp\/v2\/users\/3"}],"replies":[{"embeddable":true,"href":"https:\/\/hepatology.ca\/fr\/wp-json\/wp\/v2\/comments?post=934"}],"version-history":[{"count":7,"href":"https:\/\/hepatology.ca\/fr\/wp-json\/wp\/v2\/pages\/934\/revisions"}],"predecessor-version":[{"id":3989,"href":"https:\/\/hepatology.ca\/fr\/wp-json\/wp\/v2\/pages\/934\/revisions\/3989"}],"up":[{"embeddable":true,"href":"https:\/\/hepatology.ca\/fr\/wp-json\/wp\/v2\/pages\/1339"}],"wp:attachment":[{"href":"https:\/\/hepatology.ca\/fr\/wp-json\/wp\/v2\/media?parent=934"}],"curies":[{"name":"wp","href":"https:\/\/api.w.org\/{rel}","templated":true}]}}