{"id":914,"date":"2015-05-12T20:57:47","date_gmt":"2015-05-12T20:57:47","guid":{"rendered":"http:\/\/live.hepatology.ca\/?page_id=914"},"modified":"2024-11-12T23:37:04","modified_gmt":"2024-11-12T23:37:04","slug":"guidelines","status":"publish","type":"page","link":"https:\/\/hepatology.ca\/fr\/publications\/guidelines\/","title":{"rendered":"Lignes directrices de la LCAP"},"content":{"rendered":"<p>Le domaine de l\u2019h\u00e9patologie est dynamique et de nouvelles donn\u00e9es probantes \u00e9mergent constamment, susceptibles d\u2019avoir un impact sur les meilleures pratiques en mati\u00e8re de prestation de soins aux Canadiens atteints d\u2019une maladie du foie.<\/p>\n<p>Le Comit\u00e9 des lignes directrices de l\u2019ACF a pour mandat d\u2019autoriser l\u2019\u00e9laboration de lignes directrices de pratique clinique nouvelles ou r\u00e9vis\u00e9es ou de documents connexes, afin que l\u2019expertise des membres de l\u2019ACF se traduise par de meilleurs soins aux patients.<\/p>\n<p>Tous les manuscrits publi\u00e9s, officiellement \u00e9labor\u00e9s ou approuv\u00e9s par l\u2019ACL, seront conformes \u00e0 un processus d\u2019examen et d\u2019approbation bien d\u00e9fini. La publication aura lieu dans des revues \u00e0 comit\u00e9 de lecture, notamment le Canadian Liver Journal. Les subventions de l\u2019industrie ne serviront pas \u00e0 financer directement la pr\u00e9paration des lignes directrices et la composition des groupes de travail sur les documents visera \u00e0 minimiser tout conflit d\u2019int\u00e9r\u00eat potentiel ou per\u00e7u.<\/p>\n\n\n<div class=\"wp-block-media-text is-stacked-on-mobile\" style=\"grid-template-columns:21% auto\"><figure class=\"wp-block-media-text__media\"><img fetchpriority=\"high\" decoding=\"async\" width=\"755\" height=\"600\" src=\"https:\/\/hepatology.ca\/wp-content\/uploads\/2024\/08\/CASL-Website-Home-Slider-CLJ.png\" alt=\"\" class=\"wp-image-4303 size-full\" srcset=\"https:\/\/hepatology.ca\/wp-content\/uploads\/2024\/08\/CASL-Website-Home-Slider-CLJ.png 755w, https:\/\/hepatology.ca\/wp-content\/uploads\/2024\/08\/CASL-Website-Home-Slider-CLJ-300x238.png 300w\" sizes=\"(max-width: 755px) 100vw, 755px\" \/><\/figure><div class=\"wp-block-media-text__content\">\n<p>Les lignes directrices actuelles en mati\u00e8re de pratique clinique \u00e9labor\u00e9es ou approuv\u00e9es par l\u2019ACL sont \u00e9num\u00e9r\u00e9es ci-dessous :<\/p>\n\n\n\n<p><strong>Prise en charge de l&#039;infection par le virus de l&#039;h\u00e9patite B : mise \u00e0 jour des lignes directrices 2018 de l&#039;ACAP et de l&#039;AMMI Canada<\/strong> <br>(JLVCan \u2013\u00a0<a href=\"https:\/\/canlivj.utpjournals.press\/doi\/full\/10.3138\/canlivj.2018-0008\" target=\"_blank\" rel=\"noreferrer noopener\">Texte int\u00e9gral (PDF)<\/a>\u00a0|\u00a0<a href=\"https:\/\/hepatology.ca\/wp-content\/uploads\/2019\/09\/Executive-Summary-2018-CASL-AMMI-HBV-Guidelines.pdf\" target=\"_blank\" rel=\"noreferrer noopener\">R\u00e9sum\u00e9 ex\u00e9cutif<\/a>)<\/p>\n\n\n\n<p><strong>Prise en charge de l&#039;h\u00e9patite C chronique : mise \u00e0 jour des lignes directrices de 2018 de l&#039;ACEF\u00a0<\/strong>(<a href=\"http:\/\/www.cmaj.ca\/content\/190\/22\/E677\" target=\"_blank\" rel=\"noreferrer noopener\">JAMC<\/a>)<\/p>\n<\/div><\/div>\n\n\n\n<p><\/p>\n\n\n\n<p>La LCAP accepte les soumissions des membres int\u00e9ress\u00e9s \u00e0 \u00e9laborer un document de lignes directrices deux fois par an :<\/p>\n\n\n\n<ul class=\"wp-block-list\">\n<li>Date limite de soumission des candidatures pour le printemps : 30 avril<\/li>\n\n\n\n<li>Date limite de soumission des candidatures pour l&#039;automne : 31 octobre<\/li>\n<\/ul>\n\n\n\n<p>Les d\u00e9tails sur les exigences et le processus peuvent \u00eatre trouv\u00e9s dans <a href=\"https:\/\/hepatology.ca\/wp-content\/uploads\/2023\/04\/CASL-Guidelines-Development-and-Endorsement-Policy-v2.pdf\" target=\"_blank\" rel=\"noreferrer noopener\">Lignes directrices et politique de d\u00e9veloppement de la LCAP<\/a>.&nbsp;<\/p>\n\n\n\n<p>Les groupes int\u00e9ress\u00e9s \u00e0 \u00e9laborer un document de lignes directrices approuv\u00e9 par la LCAP doivent soumettre les documents suivants :<\/p>\n\n\n\n<ol class=\"wp-block-list\">\n<li>Formulaire de soumission des lignes directrices li\u00e9 <a href=\"https:\/\/hepatology.ca\/wp-content\/uploads\/2024\/03\/CASL-Guidelines-Submission-Form.pdf\" target=\"_blank\" rel=\"noreferrer noopener\">ICI<\/a><\/li>\n\n\n\n<li>R\u00e9sum\u00e9 du document d&#039;orientation propos\u00e9<\/li>\n\n\n\n<li>Compl\u00e9t\u00e9 <a href=\"https:\/\/hepatology.ca\/wp-content\/uploads\/2024\/03\/Conflict-of-Interest-Disclosure-Form.pdf\" target=\"_blank\" rel=\"noreferrer noopener\">formulaires de conflit d&#039;int\u00e9r\u00eats<\/a> pour tous les membres du groupe d&#039;\u00e9criture<\/li>\n<\/ol>\n\n\n\n<p><\/p>","protected":false},"excerpt":{"rendered":"<p>The field of hepatology is dynamic, with new evidence constantly emerging that has the potential to impact best practices in [&hellip;]<\/p>\n","protected":false},"author":3,"featured_media":0,"parent":33,"menu_order":13,"comment_status":"closed","ping_status":"closed","template":"","meta":{"_acf_changed":false,"site-sidebar-layout":"default","site-content-layout":"","ast-site-content-layout":"default","site-content-style":"default","site-sidebar-style":"default","ast-global-header-display":"","ast-banner-title-visibility":"","ast-main-header-display":"","ast-hfb-above-header-display":"","ast-hfb-below-header-display":"","ast-hfb-mobile-header-display":"","site-post-title":"","ast-breadcrumbs-content":"","ast-featured-img":"","footer-sml-layout":"","ast-disable-related-posts":"","theme-transparent-header-meta":"","adv-header-id-meta":"","stick-header-meta":"","header-above-stick-meta":"","header-main-stick-meta":"","header-below-stick-meta":"","astra-migrate-meta-layouts":"default","ast-page-background-enabled":"default","ast-page-background-meta":{"desktop":{"background-color":"var(--ast-global-color-4)","background-image":"","background-repeat":"repeat","background-position":"center center","background-size":"auto","background-attachment":"scroll","background-type":"","background-media":"","overlay-type":"","overlay-color":"","overlay-opacity":"","overlay-gradient":""},"tablet":{"background-color":"","background-image":"","background-repeat":"repeat","background-position":"center center","background-size":"auto","background-attachment":"scroll","background-type":"","background-media":"","overlay-type":"","overlay-color":"","overlay-opacity":"","overlay-gradient":""},"mobile":{"background-color":"","background-image":"","background-repeat":"repeat","background-position":"center center","background-size":"auto","background-attachment":"scroll","background-type":"","background-media":"","overlay-type":"","overlay-color":"","overlay-opacity":"","overlay-gradient":""}},"ast-content-background-meta":{"desktop":{"background-color":"var(--ast-global-color-5)","background-image":"","background-repeat":"repeat","background-position":"center center","background-size":"auto","background-attachment":"scroll","background-type":"","background-media":"","overlay-type":"","overlay-color":"","overlay-opacity":"","overlay-gradient":""},"tablet":{"background-color":"var(--ast-global-color-5)","background-image":"","background-repeat":"repeat","background-position":"center center","background-size":"auto","background-attachment":"scroll","background-type":"","background-media":"","overlay-type":"","overlay-color":"","overlay-opacity":"","overlay-gradient":""},"mobile":{"background-color":"var(--ast-global-color-5)","background-image":"","background-repeat":"repeat","background-position":"center center","background-size":"auto","background-attachment":"scroll","background-type":"","background-media":"","overlay-type":"","overlay-color":"","overlay-opacity":"","overlay-gradient":""}},"ngg_post_thumbnail":0,"footnotes":""},"class_list":["post-914","page","type-page","status-publish","hentry"],"acf":[],"yoast_head":"<!-- This site is optimized with the Yoast SEO plugin v27.4 - https:\/\/yoast.com\/product\/yoast-seo-wordpress\/ -->\n<title>CASL Guidelines - CASL - Canadian Association for the Study of the Liver<\/title>\n<meta name=\"description\" content=\"The Canadian Association for the Study of the Liver (CASL) Executives or their designates on the CASL Guidelines Committee may authorize the development of new or revised clinical practice guidelines or related documents.\" \/>\n<meta name=\"robots\" content=\"index, follow, max-snippet:-1, max-image-preview:large, max-video-preview:-1\" \/>\n<link rel=\"canonical\" href=\"https:\/\/hepatology.ca\/fr\/publications\/guidelines\/\" \/>\n<meta property=\"og:locale\" content=\"fr_CA\" \/>\n<meta property=\"og:type\" content=\"article\" \/>\n<meta property=\"og:title\" content=\"CASL Guidelines - CASL - Canadian Association for the Study of the Liver\" \/>\n<meta property=\"og:description\" content=\"The Canadian Association for the Study of the Liver (CASL) Executives or their designates on the CASL Guidelines Committee may authorize the development of new or revised clinical practice guidelines or related documents.\" \/>\n<meta property=\"og:url\" content=\"https:\/\/hepatology.ca\/fr\/publications\/guidelines\/\" \/>\n<meta property=\"og:site_name\" content=\"CASL - Canadian Association for the Study of the Liver\" \/>\n<meta property=\"article:modified_time\" content=\"2024-11-12T23:37:04+00:00\" \/>\n<meta property=\"og:image\" content=\"https:\/\/hepatology.ca\/wp-content\/uploads\/2024\/08\/CASL-Website-Home-Slider-CLJ.png\" \/>\n\t<meta property=\"og:image:width\" content=\"755\" \/>\n\t<meta property=\"og:image:height\" content=\"600\" \/>\n\t<meta property=\"og:image:type\" content=\"image\/png\" \/>\n<meta name=\"twitter:card\" content=\"summary_large_image\" \/>\n<meta name=\"twitter:label1\" content=\"Estimation du temps de lecture\" \/>\n\t<meta name=\"twitter:data1\" content=\"2 minutes\" \/>\n<script type=\"application\/ld+json\" class=\"yoast-schema-graph\">{\"@context\":\"https:\\\/\\\/schema.org\",\"@graph\":[{\"@type\":\"WebPage\",\"@id\":\"https:\\\/\\\/hepatology.ca\\\/publications\\\/guidelines\\\/\",\"url\":\"https:\\\/\\\/hepatology.ca\\\/publications\\\/guidelines\\\/\",\"name\":\"CASL Guidelines - CASL - Canadian Association for the Study of the Liver\",\"isPartOf\":{\"@id\":\"https:\\\/\\\/hepatology.ca\\\/#website\"},\"primaryImageOfPage\":{\"@id\":\"https:\\\/\\\/hepatology.ca\\\/publications\\\/guidelines\\\/#primaryimage\"},\"image\":{\"@id\":\"https:\\\/\\\/hepatology.ca\\\/publications\\\/guidelines\\\/#primaryimage\"},\"thumbnailUrl\":\"https:\\\/\\\/hepatology.ca\\\/wp-content\\\/uploads\\\/2024\\\/08\\\/CASL-Website-Home-Slider-CLJ.png\",\"datePublished\":\"2015-05-12T20:57:47+00:00\",\"dateModified\":\"2024-11-12T23:37:04+00:00\",\"description\":\"The Canadian Association for the Study of the Liver (CASL) Executives or their designates on the CASL Guidelines Committee may authorize the development of new or revised clinical practice guidelines or related documents.\",\"breadcrumb\":{\"@id\":\"https:\\\/\\\/hepatology.ca\\\/publications\\\/guidelines\\\/#breadcrumb\"},\"inLanguage\":\"fr-CA\",\"potentialAction\":[{\"@type\":\"ReadAction\",\"target\":[\"https:\\\/\\\/hepatology.ca\\\/publications\\\/guidelines\\\/\"]}]},{\"@type\":\"ImageObject\",\"inLanguage\":\"fr-CA\",\"@id\":\"https:\\\/\\\/hepatology.ca\\\/publications\\\/guidelines\\\/#primaryimage\",\"url\":\"https:\\\/\\\/hepatology.ca\\\/wp-content\\\/uploads\\\/2024\\\/08\\\/CASL-Website-Home-Slider-CLJ.png\",\"contentUrl\":\"https:\\\/\\\/hepatology.ca\\\/wp-content\\\/uploads\\\/2024\\\/08\\\/CASL-Website-Home-Slider-CLJ.png\"},{\"@type\":\"BreadcrumbList\",\"@id\":\"https:\\\/\\\/hepatology.ca\\\/publications\\\/guidelines\\\/#breadcrumb\",\"itemListElement\":[{\"@type\":\"ListItem\",\"position\":1,\"name\":\"Home\",\"item\":\"https:\\\/\\\/hepatology.ca\\\/\"},{\"@type\":\"ListItem\",\"position\":2,\"name\":\"Publications\",\"item\":\"https:\\\/\\\/hepatology.ca\\\/publications\\\/\"},{\"@type\":\"ListItem\",\"position\":3,\"name\":\"CASL Guidelines\"}]},{\"@type\":\"WebSite\",\"@id\":\"https:\\\/\\\/hepatology.ca\\\/#website\",\"url\":\"https:\\\/\\\/hepatology.ca\\\/\",\"name\":\"CASL\",\"description\":\"Canada\u2019s home for liver experts\",\"publisher\":{\"@id\":\"https:\\\/\\\/hepatology.ca\\\/#organization\"},\"potentialAction\":[{\"@type\":\"SearchAction\",\"target\":{\"@type\":\"EntryPoint\",\"urlTemplate\":\"https:\\\/\\\/hepatology.ca\\\/?s={search_term_string}\"},\"query-input\":{\"@type\":\"PropertyValueSpecification\",\"valueRequired\":true,\"valueName\":\"search_term_string\"}}],\"inLanguage\":\"fr-CA\"},{\"@type\":\"Organization\",\"@id\":\"https:\\\/\\\/hepatology.ca\\\/#organization\",\"name\":\"Canadian Association for the Study of the Liver\",\"url\":\"https:\\\/\\\/hepatology.ca\\\/\",\"logo\":{\"@type\":\"ImageObject\",\"inLanguage\":\"fr-CA\",\"@id\":\"https:\\\/\\\/hepatology.ca\\\/#\\\/schema\\\/logo\\\/image\\\/\",\"url\":\"https:\\\/\\\/hepatology.ca\\\/wp-content\\\/uploads\\\/2024\\\/06\\\/CASL-logo-transparent-background.png\",\"contentUrl\":\"https:\\\/\\\/hepatology.ca\\\/wp-content\\\/uploads\\\/2024\\\/06\\\/CASL-logo-transparent-background.png\",\"width\":1040,\"height\":294,\"caption\":\"Canadian Association for the Study of the Liver\"},\"image\":{\"@id\":\"https:\\\/\\\/hepatology.ca\\\/#\\\/schema\\\/logo\\\/image\\\/\"}}]}<\/script>\n<!-- \/ Yoast SEO plugin. -->","yoast_head_json":{"title":"Lignes directrices de l&#039;ACEF - ACEF - Association canadienne pour l&#039;\u00e9tude du foie","description":"Les dirigeants de l\u2019Association canadienne pour l\u2019\u00e9tude du foie (ACEF) ou leurs repr\u00e9sentants au sein du Comit\u00e9 des lignes directrices de l\u2019ACEF peuvent autoriser l\u2019\u00e9laboration de lignes directrices de pratique clinique nouvelles ou r\u00e9vis\u00e9es ou de documents connexes.","robots":{"index":"index","follow":"follow","max-snippet":"max-snippet:-1","max-image-preview":"max-image-preview:large","max-video-preview":"max-video-preview:-1"},"canonical":"https:\/\/hepatology.ca\/fr\/publications\/guidelines\/","og_locale":"fr_CA","og_type":"article","og_title":"CASL Guidelines - CASL - Canadian Association for the Study of the Liver","og_description":"The Canadian Association for the Study of the Liver (CASL) Executives or their designates on the CASL Guidelines Committee may authorize the development of new or revised clinical practice guidelines or related documents.","og_url":"https:\/\/hepatology.ca\/fr\/publications\/guidelines\/","og_site_name":"CASL - Canadian Association for the Study of the Liver","article_modified_time":"2024-11-12T23:37:04+00:00","og_image":[{"width":755,"height":600,"url":"https:\/\/hepatology.ca\/wp-content\/uploads\/2024\/08\/CASL-Website-Home-Slider-CLJ.png","type":"image\/png"}],"twitter_card":"summary_large_image","twitter_misc":{"Estimation du temps de lecture":"2 minutes"},"schema":{"@context":"https:\/\/schema.org","@graph":[{"@type":"WebPage","@id":"https:\/\/hepatology.ca\/publications\/guidelines\/","url":"https:\/\/hepatology.ca\/publications\/guidelines\/","name":"Lignes directrices de l&#039;ACEF - ACEF - Association canadienne pour l&#039;\u00e9tude du foie","isPartOf":{"@id":"https:\/\/hepatology.ca\/#website"},"primaryImageOfPage":{"@id":"https:\/\/hepatology.ca\/publications\/guidelines\/#primaryimage"},"image":{"@id":"https:\/\/hepatology.ca\/publications\/guidelines\/#primaryimage"},"thumbnailUrl":"https:\/\/hepatology.ca\/wp-content\/uploads\/2024\/08\/CASL-Website-Home-Slider-CLJ.png","datePublished":"2015-05-12T20:57:47+00:00","dateModified":"2024-11-12T23:37:04+00:00","description":"Les dirigeants de l\u2019Association canadienne pour l\u2019\u00e9tude du foie (ACEF) ou leurs repr\u00e9sentants au sein du Comit\u00e9 des lignes directrices de l\u2019ACEF peuvent autoriser l\u2019\u00e9laboration de lignes directrices de pratique clinique nouvelles ou r\u00e9vis\u00e9es ou de documents connexes.","breadcrumb":{"@id":"https:\/\/hepatology.ca\/publications\/guidelines\/#breadcrumb"},"inLanguage":"fr-CA","potentialAction":[{"@type":"ReadAction","target":["https:\/\/hepatology.ca\/publications\/guidelines\/"]}]},{"@type":"ImageObject","inLanguage":"fr-CA","@id":"https:\/\/hepatology.ca\/publications\/guidelines\/#primaryimage","url":"https:\/\/hepatology.ca\/wp-content\/uploads\/2024\/08\/CASL-Website-Home-Slider-CLJ.png","contentUrl":"https:\/\/hepatology.ca\/wp-content\/uploads\/2024\/08\/CASL-Website-Home-Slider-CLJ.png"},{"@type":"BreadcrumbList","@id":"https:\/\/hepatology.ca\/publications\/guidelines\/#breadcrumb","itemListElement":[{"@type":"ListItem","position":1,"name":"Home","item":"https:\/\/hepatology.ca\/"},{"@type":"ListItem","position":2,"name":"Publications","item":"https:\/\/hepatology.ca\/publications\/"},{"@type":"ListItem","position":3,"name":"CASL Guidelines"}]},{"@type":"WebSite","@id":"https:\/\/hepatology.ca\/#website","url":"https:\/\/hepatology.ca\/","name":"LCAP","description":"Le foyer canadien des experts du foie","publisher":{"@id":"https:\/\/hepatology.ca\/#organization"},"potentialAction":[{"@type":"SearchAction","target":{"@type":"EntryPoint","urlTemplate":"https:\/\/hepatology.ca\/?s={search_term_string}"},"query-input":{"@type":"PropertyValueSpecification","valueRequired":true,"valueName":"search_term_string"}}],"inLanguage":"fr-CA"},{"@type":"Organization","@id":"https:\/\/hepatology.ca\/#organization","name":"Association canadienne pour l&#039;\u00e9tude du foie","url":"https:\/\/hepatology.ca\/","logo":{"@type":"ImageObject","inLanguage":"fr-CA","@id":"https:\/\/hepatology.ca\/#\/schema\/logo\/image\/","url":"https:\/\/hepatology.ca\/wp-content\/uploads\/2024\/06\/CASL-logo-transparent-background.png","contentUrl":"https:\/\/hepatology.ca\/wp-content\/uploads\/2024\/06\/CASL-logo-transparent-background.png","width":1040,"height":294,"caption":"Canadian Association for the Study of the Liver"},"image":{"@id":"https:\/\/hepatology.ca\/#\/schema\/logo\/image\/"}}]}},"_links":{"self":[{"href":"https:\/\/hepatology.ca\/fr\/wp-json\/wp\/v2\/pages\/914","targetHints":{"allow":["GET"]}}],"collection":[{"href":"https:\/\/hepatology.ca\/fr\/wp-json\/wp\/v2\/pages"}],"about":[{"href":"https:\/\/hepatology.ca\/fr\/wp-json\/wp\/v2\/types\/page"}],"author":[{"embeddable":true,"href":"https:\/\/hepatology.ca\/fr\/wp-json\/wp\/v2\/users\/3"}],"replies":[{"embeddable":true,"href":"https:\/\/hepatology.ca\/fr\/wp-json\/wp\/v2\/comments?post=914"}],"version-history":[{"count":12,"href":"https:\/\/hepatology.ca\/fr\/wp-json\/wp\/v2\/pages\/914\/revisions"}],"predecessor-version":[{"id":4476,"href":"https:\/\/hepatology.ca\/fr\/wp-json\/wp\/v2\/pages\/914\/revisions\/4476"}],"up":[{"embeddable":true,"href":"https:\/\/hepatology.ca\/fr\/wp-json\/wp\/v2\/pages\/33"}],"wp:attachment":[{"href":"https:\/\/hepatology.ca\/fr\/wp-json\/wp\/v2\/media?parent=914"}],"curies":[{"name":"wp","href":"https:\/\/api.w.org\/{rel}","templated":true}]}}