{"id":5041,"date":"2026-02-23T23:20:57","date_gmt":"2026-02-23T23:20:57","guid":{"rendered":"https:\/\/hepatology.ca\/?page_id=5041"},"modified":"2026-02-23T23:37:41","modified_gmt":"2026-02-23T23:37:41","slug":"triangle-program","status":"publish","type":"page","link":"https:\/\/hepatology.ca\/fr\/triangle-program\/","title":{"rendered":"Programme TRIANGLE"},"content":{"rendered":"<div data-elementor-type=\"wp-page\" data-elementor-id=\"5041\" class=\"elementor elementor-5041\">\n\t\t\t\t<div class=\"elementor-element elementor-element-bdc1f34 e-flex e-con-boxed e-con e-parent\" data-id=\"bdc1f34\" data-element_type=\"container\" data-e-type=\"container\">\n\t\t\t\t\t<div class=\"e-con-inner\">\n\t\t\t\t<div class=\"elementor-element elementor-element-beff6cf elementor-widget elementor-widget-image\" data-id=\"beff6cf\" data-element_type=\"widget\" data-e-type=\"widget\" data-widget_type=\"image.default\">\n\t\t\t\t<div class=\"elementor-widget-container\">\n\t\t\t\t\t\t\t\t\t\t\t\t\t\t\t<img fetchpriority=\"high\" decoding=\"async\" width=\"768\" height=\"320\" src=\"https:\/\/hepatology.ca\/wp-content\/uploads\/2026\/02\/TRIANGLE-rectangle-logo-trans-768x320.png\" class=\"attachment-medium_large size-medium_large wp-image-5052\" alt=\"\" srcset=\"https:\/\/hepatology.ca\/wp-content\/uploads\/2026\/02\/TRIANGLE-rectangle-logo-trans-768x320.png 768w, https:\/\/hepatology.ca\/wp-content\/uploads\/2026\/02\/TRIANGLE-rectangle-logo-trans-300x125.png 300w, https:\/\/hepatology.ca\/wp-content\/uploads\/2026\/02\/TRIANGLE-rectangle-logo-trans-1024x427.png 1024w, https:\/\/hepatology.ca\/wp-content\/uploads\/2026\/02\/TRIANGLE-rectangle-logo-trans-1536x640.png 1536w, https:\/\/hepatology.ca\/wp-content\/uploads\/2026\/02\/TRIANGLE-rectangle-logo-trans-18x8.png 18w, https:\/\/hepatology.ca\/wp-content\/uploads\/2026\/02\/TRIANGLE-rectangle-logo-trans.png 1800w\" sizes=\"(max-width: 768px) 100vw, 768px\" \/>\t\t\t\t\t\t\t\t\t\t\t\t\t\t\t<\/div>\n\t\t\t\t<\/div>\n\t\t\t\t<div class=\"elementor-element elementor-element-c9c26a1 elementor-widget elementor-widget-heading\" data-id=\"c9c26a1\" data-element_type=\"widget\" data-e-type=\"widget\" data-widget_type=\"heading.default\">\n\t\t\t\t<div class=\"elementor-widget-container\">\n\t\t\t\t\t<h2 class=\"elementor-heading-title elementor-size-default\">Programme TRIANGLE<\/h2>\t\t\t\t<\/div>\n\t\t\t\t<\/div>\n\t\t\t\t\t<\/div>\n\t\t\t\t<\/div>\n\t\t<div class=\"elementor-element elementor-element-65724a7 e-flex e-con-boxed e-con e-parent\" data-id=\"65724a7\" data-element_type=\"container\" data-e-type=\"container\">\n\t\t\t\t\t<div class=\"e-con-inner\">\n\t\t\t\t<div class=\"elementor-element elementor-element-bf1e6aa elementor-widget elementor-widget-text-editor\" data-id=\"bf1e6aa\" data-element_type=\"widget\" data-e-type=\"widget\" data-widget_type=\"text-editor.default\">\n\t\t\t\t<div class=\"elementor-widget-container\">\n\t\t\t\t\t\t\t\t\t<p data-pm-slice=\"1 1 []\">L\u2019Association canadienne pour l\u2019\u00e9tude du foie (ACEF) est fi\u00e8re de soutenir <strong>TRIANGLE<\/strong>, un programme de d\u00e9veloppement novateur d\u00e9di\u00e9 \u00e0 la formation d&#039;une nouvelle g\u00e9n\u00e9ration de chercheurs en gastro-ent\u00e9rologie et en h\u00e9patologie au Canada.<\/p><p data-pm-slice=\"1 1 []\">Par le biais d&#039;une approche cibl\u00e9e\u00a0<a class=\"ProsemirrorEditor-link\" href=\"https:\/\/triangleprogram.org\/awards\/\">subventions<\/a>, <strong>TRIANGLE<\/strong> offre aux jeunes chercheurs, aux postdoctorants, aux doctorants et aux \u00e9tudiants de premier cycle, le\u00a0 <a class=\"ProsemirrorEditor-link\" href=\"https:\/\/triangleprogram.org\/curriculum\/\">mentorat, comp\u00e9tences, ressources et r\u00e9seaux de collaboration<\/a>\u00a0 b\u00e2tir une carri\u00e8re r\u00e9ussie en recherche h\u00e9patique dans tous les secteurs.<\/p><p data-pm-slice=\"1 1 []\">En investissant dans des programmes comme <strong>TRIANGLE<\/strong>, <strong>LCAP<\/strong> elle renforce l\u2019avenir de la recherche sur le foie \u2014 en favorisant l\u2019innovation, en faisant progresser la d\u00e9couverte et en assurant une excellence continue pour les ann\u00e9es \u00e0 venir.<\/p>\t\t\t\t\t\t\t\t<\/div>\n\t\t\t\t<\/div>\n\t\t\t\t<div class=\"elementor-element elementor-element-ec558c9 elementor-widget elementor-widget-button\" data-id=\"ec558c9\" data-element_type=\"widget\" data-e-type=\"widget\" data-widget_type=\"button.default\">\n\t\t\t\t<div class=\"elementor-widget-container\">\n\t\t\t\t\t\t\t\t\t<div class=\"elementor-button-wrapper\">\n\t\t\t\t\t<a class=\"elementor-button elementor-button-link elementor-size-sm\" href=\"https:\/\/triangleprogram.org\/\">\n\t\t\t\t\t\t<span class=\"elementor-button-content-wrapper\">\n\t\t\t\t\t\t<span class=\"elementor-button-icon\">\n\t\t\t\t<svg aria-hidden=\"true\" class=\"e-font-icon-svg e-far-arrow-alt-circle-right\" viewbox=\"0 0 512 512\" xmlns=\"http:\/\/www.w3.org\/2000\/svg\"><path d=\"M504 256C504 119 393 8 256 8S8 119 8 256s111 248 248 248 248-111 248-248zm-448 0c0-110.5 89.5-200 200-200s200 89.5 200 200-89.5 200-200 200S56 366.5 56 256zm72 20v-40c0-6.6 5.4-12 12-12h116v-67c0-10.7 12.9-16 20.5-8.5l99 99c4.7 4.7 4.7 12.3 0 17l-99 99c-7.6 7.6-20.5 2.2-20.5-8.5v-67H140c-6.6 0-12-5.4-12-12z\"><\/path><\/svg>\t\t\t<\/span>\n\t\t\t\t\t\t\t\t\t<span class=\"elementor-button-text\">Pour en savoir plus sur TRIANGLE et les prix, cliquez ici.<\/span>\n\t\t\t\t\t<\/span>\n\t\t\t\t\t<\/a>\n\t\t\t\t<\/div>\n\t\t\t\t\t\t\t\t<\/div>\n\t\t\t\t<\/div>\n\t\t\t\t\t<\/div>\n\t\t\t\t<\/div>\n\t\t\t\t<\/div>","protected":false},"excerpt":{"rendered":"<p>TRIANGLE Program The Canadian Association for the Study of the\u00a0Liver\u00a0(CASL)\u00a0is proud to support TRIANGLE, an innovative development program dedicated to [&hellip;]<\/p>\n","protected":false},"author":3,"featured_media":0,"parent":0,"menu_order":0,"comment_status":"closed","ping_status":"closed","template":"","meta":{"_acf_changed":false,"site-sidebar-layout":"default","site-content-layout":"","ast-site-content-layout":"default","site-content-style":"default","site-sidebar-style":"default","ast-global-header-display":"","ast-banner-title-visibility":"","ast-main-header-display":"","ast-hfb-above-header-display":"","ast-hfb-below-header-display":"","ast-hfb-mobile-header-display":"","site-post-title":"disabled","ast-breadcrumbs-content":"","ast-featured-img":"","footer-sml-layout":"","ast-disable-related-posts":"","theme-transparent-header-meta":"","adv-header-id-meta":"","stick-header-meta":"","header-above-stick-meta":"","header-main-stick-meta":"","header-below-stick-meta":"","astra-migrate-meta-layouts":"default","ast-page-background-enabled":"default","ast-page-background-meta":{"desktop":{"background-color":"var(--ast-global-color-4)","background-image":"","background-repeat":"repeat","background-position":"center center","background-size":"auto","background-attachment":"scroll","background-type":"","background-media":"","overlay-type":"","overlay-color":"","overlay-opacity":"","overlay-gradient":""},"tablet":{"background-color":"","background-image":"","background-repeat":"repeat","background-position":"center center","background-size":"auto","background-attachment":"scroll","background-type":"","background-media":"","overlay-type":"","overlay-color":"","overlay-opacity":"","overlay-gradient":""},"mobile":{"background-color":"","background-image":"","background-repeat":"repeat","background-position":"center center","background-size":"auto","background-attachment":"scroll","background-type":"","background-media":"","overlay-type":"","overlay-color":"","overlay-opacity":"","overlay-gradient":""}},"ast-content-background-meta":{"desktop":{"background-color":"var(--ast-global-color-5)","background-image":"","background-repeat":"repeat","background-position":"center center","background-size":"auto","background-attachment":"scroll","background-type":"","background-media":"","overlay-type":"","overlay-color":"","overlay-opacity":"","overlay-gradient":""},"tablet":{"background-color":"var(--ast-global-color-5)","background-image":"","background-repeat":"repeat","background-position":"center center","background-size":"auto","background-attachment":"scroll","background-type":"","background-media":"","overlay-type":"","overlay-color":"","overlay-opacity":"","overlay-gradient":""},"mobile":{"background-color":"var(--ast-global-color-5)","background-image":"","background-repeat":"repeat","background-position":"center center","background-size":"auto","background-attachment":"scroll","background-type":"","background-media":"","overlay-type":"","overlay-color":"","overlay-opacity":"","overlay-gradient":""}},"ngg_post_thumbnail":0,"footnotes":""},"class_list":["post-5041","page","type-page","status-publish","hentry"],"acf":[],"yoast_head":"<!-- This site is optimized with the Yoast SEO plugin v27.4 - https:\/\/yoast.com\/product\/yoast-seo-wordpress\/ -->\n<title>TRIANGLE Program - CASL - Canadian Association for the Study of the Liver<\/title>\n<meta name=\"robots\" content=\"index, follow, max-snippet:-1, max-image-preview:large, max-video-preview:-1\" \/>\n<link rel=\"canonical\" href=\"https:\/\/hepatology.ca\/fr\/triangle-program\/\" \/>\n<meta property=\"og:locale\" content=\"fr_CA\" \/>\n<meta property=\"og:type\" content=\"article\" \/>\n<meta property=\"og:title\" content=\"TRIANGLE Program - CASL - Canadian Association for the Study of the Liver\" \/>\n<meta property=\"og:description\" content=\"TRIANGLE Program The Canadian Association for the Study of the\u00a0Liver\u00a0(CASL)\u00a0is proud to support TRIANGLE, an innovative development program dedicated to [&hellip;]\" \/>\n<meta property=\"og:url\" content=\"https:\/\/hepatology.ca\/fr\/triangle-program\/\" \/>\n<meta property=\"og:site_name\" content=\"CASL - Canadian Association for the Study of the Liver\" \/>\n<meta property=\"article:modified_time\" content=\"2026-02-23T23:37:41+00:00\" \/>\n<meta property=\"og:image\" content=\"https:\/\/hepatology.ca\/wp-content\/uploads\/2026\/02\/TRIANGLE-rectangle-logo-trans-768x320.png\" \/>\n<meta name=\"twitter:card\" content=\"summary_large_image\" \/>\n<meta name=\"twitter:label1\" content=\"Estimation du temps de lecture\" \/>\n\t<meta name=\"twitter:data1\" content=\"1 minute\" \/>\n<script type=\"application\/ld+json\" class=\"yoast-schema-graph\">{\"@context\":\"https:\\\/\\\/schema.org\",\"@graph\":[{\"@type\":\"WebPage\",\"@id\":\"https:\\\/\\\/hepatology.ca\\\/triangle-program\\\/\",\"url\":\"https:\\\/\\\/hepatology.ca\\\/triangle-program\\\/\",\"name\":\"TRIANGLE Program - CASL - Canadian Association for the Study of the Liver\",\"isPartOf\":{\"@id\":\"https:\\\/\\\/hepatology.ca\\\/#website\"},\"primaryImageOfPage\":{\"@id\":\"https:\\\/\\\/hepatology.ca\\\/triangle-program\\\/#primaryimage\"},\"image\":{\"@id\":\"https:\\\/\\\/hepatology.ca\\\/triangle-program\\\/#primaryimage\"},\"thumbnailUrl\":\"https:\\\/\\\/hepatology.ca\\\/wp-content\\\/uploads\\\/2026\\\/02\\\/TRIANGLE-rectangle-logo-trans-768x320.png\",\"datePublished\":\"2026-02-23T23:20:57+00:00\",\"dateModified\":\"2026-02-23T23:37:41+00:00\",\"breadcrumb\":{\"@id\":\"https:\\\/\\\/hepatology.ca\\\/triangle-program\\\/#breadcrumb\"},\"inLanguage\":\"fr-CA\",\"potentialAction\":[{\"@type\":\"ReadAction\",\"target\":[\"https:\\\/\\\/hepatology.ca\\\/triangle-program\\\/\"]}]},{\"@type\":\"ImageObject\",\"inLanguage\":\"fr-CA\",\"@id\":\"https:\\\/\\\/hepatology.ca\\\/triangle-program\\\/#primaryimage\",\"url\":\"https:\\\/\\\/hepatology.ca\\\/wp-content\\\/uploads\\\/2026\\\/02\\\/TRIANGLE-rectangle-logo-trans-768x320.png\",\"contentUrl\":\"https:\\\/\\\/hepatology.ca\\\/wp-content\\\/uploads\\\/2026\\\/02\\\/TRIANGLE-rectangle-logo-trans-768x320.png\"},{\"@type\":\"BreadcrumbList\",\"@id\":\"https:\\\/\\\/hepatology.ca\\\/triangle-program\\\/#breadcrumb\",\"itemListElement\":[{\"@type\":\"ListItem\",\"position\":1,\"name\":\"Home\",\"item\":\"https:\\\/\\\/hepatology.ca\\\/\"},{\"@type\":\"ListItem\",\"position\":2,\"name\":\"TRIANGLE Program\"}]},{\"@type\":\"WebSite\",\"@id\":\"https:\\\/\\\/hepatology.ca\\\/#website\",\"url\":\"https:\\\/\\\/hepatology.ca\\\/\",\"name\":\"CASL\",\"description\":\"Canada\u2019s home for liver experts\",\"publisher\":{\"@id\":\"https:\\\/\\\/hepatology.ca\\\/#organization\"},\"potentialAction\":[{\"@type\":\"SearchAction\",\"target\":{\"@type\":\"EntryPoint\",\"urlTemplate\":\"https:\\\/\\\/hepatology.ca\\\/?s={search_term_string}\"},\"query-input\":{\"@type\":\"PropertyValueSpecification\",\"valueRequired\":true,\"valueName\":\"search_term_string\"}}],\"inLanguage\":\"fr-CA\"},{\"@type\":\"Organization\",\"@id\":\"https:\\\/\\\/hepatology.ca\\\/#organization\",\"name\":\"Canadian Association for the Study of the Liver\",\"url\":\"https:\\\/\\\/hepatology.ca\\\/\",\"logo\":{\"@type\":\"ImageObject\",\"inLanguage\":\"fr-CA\",\"@id\":\"https:\\\/\\\/hepatology.ca\\\/#\\\/schema\\\/logo\\\/image\\\/\",\"url\":\"https:\\\/\\\/hepatology.ca\\\/wp-content\\\/uploads\\\/2024\\\/06\\\/CASL-logo-transparent-background.png\",\"contentUrl\":\"https:\\\/\\\/hepatology.ca\\\/wp-content\\\/uploads\\\/2024\\\/06\\\/CASL-logo-transparent-background.png\",\"width\":1040,\"height\":294,\"caption\":\"Canadian Association for the Study of the Liver\"},\"image\":{\"@id\":\"https:\\\/\\\/hepatology.ca\\\/#\\\/schema\\\/logo\\\/image\\\/\"}}]}<\/script>\n<!-- \/ Yoast SEO plugin. -->","yoast_head_json":{"title":"Programme TRIANGLE - CASL - Association canadienne pour l&#039;\u00e9tude du foie","robots":{"index":"index","follow":"follow","max-snippet":"max-snippet:-1","max-image-preview":"max-image-preview:large","max-video-preview":"max-video-preview:-1"},"canonical":"https:\/\/hepatology.ca\/fr\/triangle-program\/","og_locale":"fr_CA","og_type":"article","og_title":"TRIANGLE Program - CASL - Canadian Association for the Study of the Liver","og_description":"TRIANGLE Program The Canadian Association for the Study of the\u00a0Liver\u00a0(CASL)\u00a0is proud to support TRIANGLE, an innovative development program dedicated to [&hellip;]","og_url":"https:\/\/hepatology.ca\/fr\/triangle-program\/","og_site_name":"CASL - Canadian Association for the Study of the Liver","article_modified_time":"2026-02-23T23:37:41+00:00","og_image":[{"url":"https:\/\/hepatology.ca\/wp-content\/uploads\/2026\/02\/TRIANGLE-rectangle-logo-trans-768x320.png","type":"","width":"","height":""}],"twitter_card":"summary_large_image","twitter_misc":{"Estimation du temps de lecture":"1 minute"},"schema":{"@context":"https:\/\/schema.org","@graph":[{"@type":"WebPage","@id":"https:\/\/hepatology.ca\/triangle-program\/","url":"https:\/\/hepatology.ca\/triangle-program\/","name":"Programme TRIANGLE - CASL - Association canadienne pour l&#039;\u00e9tude du foie","isPartOf":{"@id":"https:\/\/hepatology.ca\/#website"},"primaryImageOfPage":{"@id":"https:\/\/hepatology.ca\/triangle-program\/#primaryimage"},"image":{"@id":"https:\/\/hepatology.ca\/triangle-program\/#primaryimage"},"thumbnailUrl":"https:\/\/hepatology.ca\/wp-content\/uploads\/2026\/02\/TRIANGLE-rectangle-logo-trans-768x320.png","datePublished":"2026-02-23T23:20:57+00:00","dateModified":"2026-02-23T23:37:41+00:00","breadcrumb":{"@id":"https:\/\/hepatology.ca\/triangle-program\/#breadcrumb"},"inLanguage":"fr-CA","potentialAction":[{"@type":"ReadAction","target":["https:\/\/hepatology.ca\/triangle-program\/"]}]},{"@type":"ImageObject","inLanguage":"fr-CA","@id":"https:\/\/hepatology.ca\/triangle-program\/#primaryimage","url":"https:\/\/hepatology.ca\/wp-content\/uploads\/2026\/02\/TRIANGLE-rectangle-logo-trans-768x320.png","contentUrl":"https:\/\/hepatology.ca\/wp-content\/uploads\/2026\/02\/TRIANGLE-rectangle-logo-trans-768x320.png"},{"@type":"BreadcrumbList","@id":"https:\/\/hepatology.ca\/triangle-program\/#breadcrumb","itemListElement":[{"@type":"ListItem","position":1,"name":"Home","item":"https:\/\/hepatology.ca\/"},{"@type":"ListItem","position":2,"name":"TRIANGLE Program"}]},{"@type":"WebSite","@id":"https:\/\/hepatology.ca\/#website","url":"https:\/\/hepatology.ca\/","name":"LCAP","description":"Le foyer canadien des experts du foie","publisher":{"@id":"https:\/\/hepatology.ca\/#organization"},"potentialAction":[{"@type":"SearchAction","target":{"@type":"EntryPoint","urlTemplate":"https:\/\/hepatology.ca\/?s={search_term_string}"},"query-input":{"@type":"PropertyValueSpecification","valueRequired":true,"valueName":"search_term_string"}}],"inLanguage":"fr-CA"},{"@type":"Organization","@id":"https:\/\/hepatology.ca\/#organization","name":"Association canadienne pour l&#039;\u00e9tude du foie","url":"https:\/\/hepatology.ca\/","logo":{"@type":"ImageObject","inLanguage":"fr-CA","@id":"https:\/\/hepatology.ca\/#\/schema\/logo\/image\/","url":"https:\/\/hepatology.ca\/wp-content\/uploads\/2024\/06\/CASL-logo-transparent-background.png","contentUrl":"https:\/\/hepatology.ca\/wp-content\/uploads\/2024\/06\/CASL-logo-transparent-background.png","width":1040,"height":294,"caption":"Canadian Association for the Study of the Liver"},"image":{"@id":"https:\/\/hepatology.ca\/#\/schema\/logo\/image\/"}}]}},"_links":{"self":[{"href":"https:\/\/hepatology.ca\/fr\/wp-json\/wp\/v2\/pages\/5041","targetHints":{"allow":["GET"]}}],"collection":[{"href":"https:\/\/hepatology.ca\/fr\/wp-json\/wp\/v2\/pages"}],"about":[{"href":"https:\/\/hepatology.ca\/fr\/wp-json\/wp\/v2\/types\/page"}],"author":[{"embeddable":true,"href":"https:\/\/hepatology.ca\/fr\/wp-json\/wp\/v2\/users\/3"}],"replies":[{"embeddable":true,"href":"https:\/\/hepatology.ca\/fr\/wp-json\/wp\/v2\/comments?post=5041"}],"version-history":[{"count":11,"href":"https:\/\/hepatology.ca\/fr\/wp-json\/wp\/v2\/pages\/5041\/revisions"}],"predecessor-version":[{"id":5057,"href":"https:\/\/hepatology.ca\/fr\/wp-json\/wp\/v2\/pages\/5041\/revisions\/5057"}],"wp:attachment":[{"href":"https:\/\/hepatology.ca\/fr\/wp-json\/wp\/v2\/media?parent=5041"}],"curies":[{"name":"wp","href":"https:\/\/api.w.org\/{rel}","templated":true}]}}