{"id":4828,"date":"2025-07-28T22:03:14","date_gmt":"2025-07-28T22:03:14","guid":{"rendered":"https:\/\/hepatology.ca\/?page_id=4828"},"modified":"2025-07-28T22:03:14","modified_gmt":"2025-07-28T22:03:14","slug":"casl-corporate-membership","status":"publish","type":"page","link":"https:\/\/hepatology.ca\/fr\/casl-corporate-membership\/","title":{"rendered":"Adh\u00e9sion corporative \u00e0 la LCAP"},"content":{"rendered":"<div id=\"sp-page\" class=\"spBgcover sp-content-1\" style=\"background-color: rgb(255, 255, 255); font-family: 'Helvetica Neue', Arial, sans-serif; font-weight: 400;\">\n<section id=\"sp-ks8a8s\" data-mobile-visibility=\"#sp-ks8a8s|false\" data-tablet-visibility=\"#sp-ks8a8s|false\" data-desktop-visibility=\"#sp-ks8a8s|false\" data-mobile-css=\"\" data-tablet-css=\"\" class=\"sp-el-section\" style=\"width: 100%; max-width: 100%; padding: 10px; background-image: linear-gradient(0deg, rgba(0, 0, 0, 0), rgba(0, 0, 0, 0)), url('https:\/\/hepatology.ca\/wp-content\/uploads\/2024\/09\/Liver-hands.jpg');\">\n<div id=\"sp-vw3kvy\" data-mobile-visibility=\"#sp-vw3kvy|false\" data-tablet-visibility=\"#sp-vw3kvy|false\" data-desktop-visibility=\"#sp-vw3kvy|false\" data-mobile-css=\"\" data-tablet-css=\"\" class=\"sp-el-row sp-w-full  sp-m-auto sm:sp-flex sp-justify-between\" style=\"padding: 0px; background-color: rgba(255, 255, 255, 0.78);\">\n<div id=\"sp-nic0s9\" data-mobile-visibility=\"#sp-nic0s9|false\" data-tablet-visibility=\"#sp-nic0s9|false\" data-desktop-visibility=\"#sp-nic0s9|false\" data-mobile-css=\"\" data-tablet-css=\"\" class=\"sp-el-col  sp-w-full\" style=\"width: calc(100% + 0px);\"><span href=\"\" target=\"\" rel=\"\" class=\"sp-header-block-link\" style=\"text-decoration: none;\"><\/p>\n<h1 id=\"sp-cw07tt\" data-mobile-css=\".sp-headline-block-cw07tt, #sp-cw07tt, #cw07tt|text-align:center;\" data-tablet-css=\".sp-headline-block-cw07tt, #sp-cw07tt, #cw07tt|text-align:center;\" data-mobile-visibility=\".sp-headline-block-cw07tt|false\" data-tablet-visibility=\".sp-headline-block-cw07tt|false\" data-desktop-visibility=\".sp-headline-block-cw07tt|false\" class=\"sp-css-target sp-el-block sp-headline-block-cw07tt sp-type-header\" style=\"text-align: center; margin: 0px;\"><span style=\"background-color: #b8331f; color: #ffffff;\">Collaborez avec les leaders canadiens en mati\u00e8re de sant\u00e9 du foie<\/span><\/h1>\n<p><\/span><\/p>\n<div id=\"sp-kajh22\" data-mobile-css=\".sp-text-wrapper-kajh22, #sp-kajh22, #kajh22|text-align:left;\" data-tablet-css=\".sp-text-wrapper-kajh22, #sp-kajh22, #kajh22|text-align:left;\" data-mobile-visibility=\".sp-text-wrapper-kajh22|false\" data-tablet-visibility=\".sp-text-wrapper-kajh22|false\" data-desktop-visibility=\".sp-text-wrapper-kajh22|false\" class=\"sp-css-target sp-text-wrapper sp-el-block sp-text-block-style sp-text-wrapper-kajh22\" style=\"font-size: 18px; margin: 0px; text-align: center;\">\n<p style=\"text-align: center;\">Joignez-vous \u00e0 l\u2019ACF pour faire progresser la recherche, l\u2019\u00e9ducation et les soins sur le foie partout au Canada.<\/p>\n<\/div>\n<div id=\"sp-t479ha\" data-mobile-visibility=\".sp-divider-block-t479ha|false\" data-tablet-visibility=\".sp-divider-block-t479ha|false\" data-desktop-visibility=\".sp-divider-block-t479ha|false\" data-mobile-css=\"#sp-t479ha .sp-divider-text-block .sp-divider-text, #sp-t479ha|justify-content:center;padding:10px 0px 10px 0px ;\" data-tablet-css=\"#sp-t479ha .sp-divider-text-block .sp-divider-text, #sp-t479ha|justify-content:center;padding:10px 0px 10px 0px ;\" class=\"sp-divider-wrapper sp-flex sp-el-block sp-divider-block-t479ha\" style=\"margin: 0px; justify-content: center; padding: 10px 0px;\">\n<style type=\"text\/css\">\n    #sp-t479ha .sp-divider-separator::after , #sp-t479ha .sp-divider-separator::before  {content:\"\"}\n    #sp-t479ha .sp-divider .sp-divider-separator::after , #sp-t479ha .sp-divider .sp-divider-separator::before {display:block;border-top:1px solid #000000}\n    #sp-t479ha .sp-divider .sp-divider-text-block .sp-divider-text \n    {color:#000000}\n    #sp-t479ha .sp-divider .sp-divider-text-block.sp-divider-icon-block \n    {color:#000000}\n  <\/style>\n<div class=\"sp-divider sp-flex\" style=\"width: 90%; border-top: 1px solid rgb(0, 0, 0);\"><\/div>\n<\/div>\n<p><span href=\"\" target=\"\" rel=\"\" class=\"sp-header-block-link\" style=\"text-decoration: none;\"><\/p>\n<h2 id=\"sp-djq9gu\" data-mobile-css=\".sp-headline-block-djq9gu, #sp-djq9gu, #djq9gu|text-align:center;\" data-tablet-css=\".sp-headline-block-djq9gu, #sp-djq9gu, #djq9gu|text-align:center;\" data-mobile-visibility=\".sp-headline-block-djq9gu|false\" data-tablet-visibility=\".sp-headline-block-djq9gu|false\" data-desktop-visibility=\".sp-headline-block-djq9gu|false\" class=\"sp-css-target sp-el-block sp-headline-block-djq9gu sp-type-header\" style=\"text-align: center; margin: 0px;\">Pourquoi devenir partenaire de la CASL?<\/h2>\n<p><\/span><\/p>\n<div id=\"sp-cf135x\" data-mobile-css=\".sp-text-wrapper-cf135x, #sp-cf135x, #cf135x|text-align:left;\" data-tablet-css=\".sp-text-wrapper-cf135x, #sp-cf135x, #cf135x|text-align:left;\" data-mobile-visibility=\".sp-text-wrapper-cf135x|false\" data-tablet-visibility=\".sp-text-wrapper-cf135x|false\" data-desktop-visibility=\".sp-text-wrapper-cf135x|false\" class=\"sp-css-target sp-text-wrapper sp-el-block sp-text-block-style sp-text-wrapper-cf135x\" style=\"font-size: 18px; margin: 0px; text-align: center;\">\n<p style=\"text-align: center;\">S&#039;aligner sur l&#039;organisation canadienne de premier plan en mati\u00e8re de sant\u00e9 du foie<br \/>Connectez-vous avec les meilleurs h\u00e9patologues et chercheurs<br \/>Gagnez en visibilit\u00e9 lors des conf\u00e9rences et \u00e9v\u00e9nements nationaux<br \/>Soutenir l&#039;innovation dans la pr\u00e9vention et le traitement des maladies du foie<br \/>Acc\u00e9dez \u00e0 des opportunit\u00e9s exclusives de parrainage et d&#039;engagement<\/p>\n<\/div>\n<div id=\"sp-c6c0fe\" data-mobile-visibility=\".sp-divider-block-c6c0fe|false\" data-tablet-visibility=\".sp-divider-block-c6c0fe|false\" data-desktop-visibility=\".sp-divider-block-c6c0fe|false\" data-mobile-css=\"#sp-c6c0fe .sp-divider-text-block .sp-divider-text, #sp-c6c0fe|justify-content:center;padding:10px 0px 10px 0px ;\" data-tablet-css=\"#sp-c6c0fe .sp-divider-text-block .sp-divider-text, #sp-c6c0fe|justify-content:center;padding:10px 0px 10px 0px ;\" class=\"sp-divider-wrapper sp-flex sp-el-block sp-divider-block-c6c0fe\" style=\"margin: 0px; justify-content: center; padding: 10px 0px;\">\n<style type=\"text\/css\">\n    #sp-c6c0fe .sp-divider-separator::after , #sp-c6c0fe .sp-divider-separator::before  {content:\"\"}\n    #sp-c6c0fe .sp-divider .sp-divider-separator::after , #sp-c6c0fe .sp-divider .sp-divider-separator::before {display:block;border-top:1px solid #000000}\n    #sp-c6c0fe .sp-divider .sp-divider-text-block .sp-divider-text \n    {color:#000000}\n    #sp-c6c0fe .sp-divider .sp-divider-text-block.sp-divider-icon-block \n    {color:#000000}\n  <\/style>\n<div class=\"sp-divider sp-flex\" style=\"width: 90%; border-top: 1px solid rgb(0, 0, 0);\"><\/div>\n<\/div>\n<p><span href=\"\" target=\"\" rel=\"\" class=\"sp-header-block-link\" style=\"text-decoration: none;\"><\/p>\n<h2 id=\"sp-v6qkxb\" data-mobile-css=\".sp-headline-block-v6qkxb, #sp-v6qkxb, #v6qkxb|text-align:center;\" data-tablet-css=\".sp-headline-block-v6qkxb, #sp-v6qkxb, #v6qkxb|text-align:center;\" data-mobile-visibility=\".sp-headline-block-v6qkxb|false\" data-tablet-visibility=\".sp-headline-block-v6qkxb|false\" data-desktop-visibility=\".sp-headline-block-v6qkxb|false\" class=\"sp-css-target sp-el-block sp-headline-block-v6qkxb sp-type-header\" style=\"text-align: center; margin: 0px;\">Explorez les possibilit\u00e9s de partenariat d&#039;entreprise de la LCAP<\/h2>\n<p><\/span><\/p>\n<div id=\"sp-jh7fl1\" data-mobile-css=\".sp-text-wrapper-jh7fl1, #sp-jh7fl1, #jh7fl1|text-align:left;\" data-tablet-css=\".sp-text-wrapper-jh7fl1, #sp-jh7fl1, #jh7fl1|text-align:left;\" data-mobile-visibility=\".sp-text-wrapper-jh7fl1|false\" data-tablet-visibility=\".sp-text-wrapper-jh7fl1|false\" data-desktop-visibility=\".sp-text-wrapper-jh7fl1|false\" class=\"sp-css-target sp-text-wrapper sp-el-block sp-text-block-style sp-text-wrapper-jh7fl1\" style=\"font-size: 18px; margin: 0px; text-align: center;\">\n<p style=\"text-align: center;\">T\u00e9l\u00e9chargez notre package de partenariat pour d\u00e9couvrir comment votre organisation peut avoir un impact significatif.<\/p>\n<\/div>\n<div id=\"sp-button-parent-wpr10u\" data-mobile-css=\"#sp-button-parent-wpr10u|text-align:center;\" data-tablet-css=\"#sp-button-parent-wpr10u|text-align:center;\" class=\"sp-button-wrapper sp-el-block\" style=\"margin: 0px; text-align: center;\"><a href=\"\" id=\"sp-wpr10u\" data-mobile-css=\"\" data-tablet-css=\"\" data-mobile-visibility=\".sp-button-wpr10u|false\" data-tablet-visibility=\".sp-button-wpr10u|false\" data-desktop-visibility=\".sp-button-wpr10u|false\" target=\"\" rel=\"\" class=\"sp-button sp-css-target sp-text-center sp-inline-block sp-leading-none sp-button-wpr10u\" style=\"font-size: 22px; background: rgb(0, 0, 0); color: rgb(255, 255, 255); width: auto; padding: 16px 20px;\"><span id=\"wpr10u\" class=\"mce-content-body html4-captions\"  style=\"position: relative;\" >T\u00e9l\u00e9charger le package de partenariat<\/span><\/a><\/div>\n<\/div>\n<\/div>\n<\/section>\n<section id=\"sp-wpur8i\" data-mobile-visibility=\"#sp-wpur8i|false\" data-tablet-visibility=\"#sp-wpur8i|false\" data-desktop-visibility=\"#sp-wpur8i|false\" data-mobile-css=\"\" data-tablet-css=\"\" class=\"sp-el-section\" style=\"width: 100%; max-width: 100%;\">\n<div id=\"sp-bj2c0i\" data-mobile-visibility=\"#sp-bj2c0i|false\" data-tablet-visibility=\"#sp-bj2c0i|false\" data-desktop-visibility=\"#sp-bj2c0i|false\" data-mobile-css=\"\" data-tablet-css=\"\" class=\"sp-el-row sp-w-full  sp-m-auto sm:sp-flex sp-justify-between\">\n<div id=\"sp-kkoicr\" data-mobile-visibility=\"#sp-kkoicr|false\" data-tablet-visibility=\"#sp-kkoicr|false\" data-desktop-visibility=\"#sp-kkoicr|false\" data-mobile-css=\"\" data-tablet-css=\"\" class=\"sp-el-col  sp-w-full\" style=\"width: calc(100% + 0px);\"><\/div>\n<\/div>\n<\/section>\n<\/div>","protected":false},"excerpt":{"rendered":"<p>Partner with Canada\u2019s Liver Health Leaders Join CASL in advancing liver research, education, and care across Canada. Why Partner with [&hellip;]<\/p>\n","protected":false},"author":3,"featured_media":0,"parent":0,"menu_order":0,"comment_status":"closed","ping_status":"closed","template":"","meta":{"_acf_changed":false,"site-sidebar-layout":"default","site-content-layout":"","ast-site-content-layout":"default","site-content-style":"default","site-sidebar-style":"default","ast-global-header-display":"","ast-banner-title-visibility":"","ast-main-header-display":"","ast-hfb-above-header-display":"","ast-hfb-below-header-display":"","ast-hfb-mobile-header-display":"","site-post-title":"","ast-breadcrumbs-content":"","ast-featured-img":"","footer-sml-layout":"","ast-disable-related-posts":"","theme-transparent-header-meta":"","adv-header-id-meta":"","stick-header-meta":"","header-above-stick-meta":"","header-main-stick-meta":"","header-below-stick-meta":"","astra-migrate-meta-layouts":"default","ast-page-background-enabled":"default","ast-page-background-meta":{"desktop":{"background-color":"var(--ast-global-color-4)","background-image":"","background-repeat":"repeat","background-position":"center center","background-size":"auto","background-attachment":"scroll","background-type":"","background-media":"","overlay-type":"","overlay-color":"","overlay-opacity":"","overlay-gradient":""},"tablet":{"background-color":"","background-image":"","background-repeat":"repeat","background-position":"center center","background-size":"auto","background-attachment":"scroll","background-type":"","background-media":"","overlay-type":"","overlay-color":"","overlay-opacity":"","overlay-gradient":""},"mobile":{"background-color":"","background-image":"","background-repeat":"repeat","background-position":"center center","background-size":"auto","background-attachment":"scroll","background-type":"","background-media":"","overlay-type":"","overlay-color":"","overlay-opacity":"","overlay-gradient":""}},"ast-content-background-meta":{"desktop":{"background-color":"var(--ast-global-color-5)","background-image":"","background-repeat":"repeat","background-position":"center center","background-size":"auto","background-attachment":"scroll","background-type":"","background-media":"","overlay-type":"","overlay-color":"","overlay-opacity":"","overlay-gradient":""},"tablet":{"background-color":"var(--ast-global-color-5)","background-image":"","background-repeat":"repeat","background-position":"center center","background-size":"auto","background-attachment":"scroll","background-type":"","background-media":"","overlay-type":"","overlay-color":"","overlay-opacity":"","overlay-gradient":""},"mobile":{"background-color":"var(--ast-global-color-5)","background-image":"","background-repeat":"repeat","background-position":"center center","background-size":"auto","background-attachment":"scroll","background-type":"","background-media":"","overlay-type":"","overlay-color":"","overlay-opacity":"","overlay-gradient":""}},"ngg_post_thumbnail":0,"footnotes":""},"class_list":["post-4828","page","type-page","status-publish","hentry"],"acf":[],"yoast_head":"<!-- This site is optimized with the Yoast SEO plugin v27.4 - https:\/\/yoast.com\/product\/yoast-seo-wordpress\/ -->\n<title>CASL Corporate Membership - CASL - Canadian Association for the Study of the Liver<\/title>\n<meta name=\"robots\" content=\"index, follow, max-snippet:-1, max-image-preview:large, max-video-preview:-1\" \/>\n<link rel=\"canonical\" href=\"https:\/\/hepatology.ca\/fr\/?page_id=4828\" \/>\n<meta property=\"og:locale\" content=\"fr_CA\" \/>\n<meta property=\"og:type\" content=\"article\" \/>\n<meta property=\"og:title\" content=\"CASL Corporate Membership - CASL - Canadian Association for the Study of the Liver\" \/>\n<meta property=\"og:description\" content=\"Partner with Canada\u2019s Liver Health Leaders Join CASL in advancing liver research, education, and care across Canada. Why Partner with [&hellip;]\" \/>\n<meta property=\"og:url\" content=\"https:\/\/hepatology.ca\/fr\/?page_id=4828\" \/>\n<meta property=\"og:site_name\" content=\"CASL - Canadian Association for the Study of the Liver\" \/>\n<meta name=\"twitter:card\" content=\"summary_large_image\" \/>\n<script type=\"application\/ld+json\" class=\"yoast-schema-graph\">{\"@context\":\"https:\\\/\\\/schema.org\",\"@graph\":[{\"@type\":\"WebPage\",\"@id\":\"https:\\\/\\\/hepatology.ca\\\/?page_id=4828\",\"url\":\"https:\\\/\\\/hepatology.ca\\\/?page_id=4828\",\"name\":\"CASL Corporate Membership - CASL - Canadian Association for the Study of the Liver\",\"isPartOf\":{\"@id\":\"https:\\\/\\\/hepatology.ca\\\/#website\"},\"datePublished\":\"2025-07-28T22:03:14+00:00\",\"breadcrumb\":{\"@id\":\"https:\\\/\\\/hepatology.ca\\\/?page_id=4828#breadcrumb\"},\"inLanguage\":\"fr-CA\",\"potentialAction\":[{\"@type\":\"ReadAction\",\"target\":[\"https:\\\/\\\/hepatology.ca\\\/?page_id=4828\"]}]},{\"@type\":\"BreadcrumbList\",\"@id\":\"https:\\\/\\\/hepatology.ca\\\/?page_id=4828#breadcrumb\",\"itemListElement\":[{\"@type\":\"ListItem\",\"position\":1,\"name\":\"Home\",\"item\":\"https:\\\/\\\/hepatology.ca\\\/\"},{\"@type\":\"ListItem\",\"position\":2,\"name\":\"New Page (ID #4828)\"}]},{\"@type\":\"WebSite\",\"@id\":\"https:\\\/\\\/hepatology.ca\\\/#website\",\"url\":\"https:\\\/\\\/hepatology.ca\\\/\",\"name\":\"CASL\",\"description\":\"Canada\u2019s home for liver experts\",\"publisher\":{\"@id\":\"https:\\\/\\\/hepatology.ca\\\/#organization\"},\"potentialAction\":[{\"@type\":\"SearchAction\",\"target\":{\"@type\":\"EntryPoint\",\"urlTemplate\":\"https:\\\/\\\/hepatology.ca\\\/?s={search_term_string}\"},\"query-input\":{\"@type\":\"PropertyValueSpecification\",\"valueRequired\":true,\"valueName\":\"search_term_string\"}}],\"inLanguage\":\"fr-CA\"},{\"@type\":\"Organization\",\"@id\":\"https:\\\/\\\/hepatology.ca\\\/#organization\",\"name\":\"Canadian Association for the Study of the Liver\",\"url\":\"https:\\\/\\\/hepatology.ca\\\/\",\"logo\":{\"@type\":\"ImageObject\",\"inLanguage\":\"fr-CA\",\"@id\":\"https:\\\/\\\/hepatology.ca\\\/#\\\/schema\\\/logo\\\/image\\\/\",\"url\":\"https:\\\/\\\/hepatology.ca\\\/wp-content\\\/uploads\\\/2024\\\/06\\\/CASL-logo-transparent-background.png\",\"contentUrl\":\"https:\\\/\\\/hepatology.ca\\\/wp-content\\\/uploads\\\/2024\\\/06\\\/CASL-logo-transparent-background.png\",\"width\":1040,\"height\":294,\"caption\":\"Canadian Association for the Study of the Liver\"},\"image\":{\"@id\":\"https:\\\/\\\/hepatology.ca\\\/#\\\/schema\\\/logo\\\/image\\\/\"}}]}<\/script>\n<!-- \/ Yoast SEO plugin. -->","yoast_head_json":{"title":"Adh\u00e9sion corporative \u00e0 l&#039;ACEF - Association canadienne pour l&#039;\u00e9tude du foie","robots":{"index":"index","follow":"follow","max-snippet":"max-snippet:-1","max-image-preview":"max-image-preview:large","max-video-preview":"max-video-preview:-1"},"canonical":"https:\/\/hepatology.ca\/fr\/?page_id=4828","og_locale":"fr_CA","og_type":"article","og_title":"CASL Corporate Membership - CASL - Canadian Association for the Study of the Liver","og_description":"Partner with Canada\u2019s Liver Health Leaders Join CASL in advancing liver research, education, and care across Canada. Why Partner with [&hellip;]","og_url":"https:\/\/hepatology.ca\/fr\/?page_id=4828","og_site_name":"CASL - Canadian Association for the Study of the Liver","twitter_card":"summary_large_image","schema":{"@context":"https:\/\/schema.org","@graph":[{"@type":"WebPage","@id":"https:\/\/hepatology.ca\/?page_id=4828","url":"https:\/\/hepatology.ca\/?page_id=4828","name":"Adh\u00e9sion corporative \u00e0 l&#039;ACEF - Association canadienne pour l&#039;\u00e9tude du foie","isPartOf":{"@id":"https:\/\/hepatology.ca\/#website"},"datePublished":"2025-07-28T22:03:14+00:00","breadcrumb":{"@id":"https:\/\/hepatology.ca\/?page_id=4828#breadcrumb"},"inLanguage":"fr-CA","potentialAction":[{"@type":"ReadAction","target":["https:\/\/hepatology.ca\/?page_id=4828"]}]},{"@type":"BreadcrumbList","@id":"https:\/\/hepatology.ca\/?page_id=4828#breadcrumb","itemListElement":[{"@type":"ListItem","position":1,"name":"Home","item":"https:\/\/hepatology.ca\/"},{"@type":"ListItem","position":2,"name":"New Page (ID #4828)"}]},{"@type":"WebSite","@id":"https:\/\/hepatology.ca\/#website","url":"https:\/\/hepatology.ca\/","name":"LCAP","description":"Le foyer canadien des experts du foie","publisher":{"@id":"https:\/\/hepatology.ca\/#organization"},"potentialAction":[{"@type":"SearchAction","target":{"@type":"EntryPoint","urlTemplate":"https:\/\/hepatology.ca\/?s={search_term_string}"},"query-input":{"@type":"PropertyValueSpecification","valueRequired":true,"valueName":"search_term_string"}}],"inLanguage":"fr-CA"},{"@type":"Organization","@id":"https:\/\/hepatology.ca\/#organization","name":"Association canadienne pour l&#039;\u00e9tude du foie","url":"https:\/\/hepatology.ca\/","logo":{"@type":"ImageObject","inLanguage":"fr-CA","@id":"https:\/\/hepatology.ca\/#\/schema\/logo\/image\/","url":"https:\/\/hepatology.ca\/wp-content\/uploads\/2024\/06\/CASL-logo-transparent-background.png","contentUrl":"https:\/\/hepatology.ca\/wp-content\/uploads\/2024\/06\/CASL-logo-transparent-background.png","width":1040,"height":294,"caption":"Canadian Association for the Study of the Liver"},"image":{"@id":"https:\/\/hepatology.ca\/#\/schema\/logo\/image\/"}}]}},"_links":{"self":[{"href":"https:\/\/hepatology.ca\/fr\/wp-json\/wp\/v2\/pages\/4828","targetHints":{"allow":["GET"]}}],"collection":[{"href":"https:\/\/hepatology.ca\/fr\/wp-json\/wp\/v2\/pages"}],"about":[{"href":"https:\/\/hepatology.ca\/fr\/wp-json\/wp\/v2\/types\/page"}],"author":[{"embeddable":true,"href":"https:\/\/hepatology.ca\/fr\/wp-json\/wp\/v2\/users\/3"}],"replies":[{"embeddable":true,"href":"https:\/\/hepatology.ca\/fr\/wp-json\/wp\/v2\/comments?post=4828"}],"version-history":[{"count":3,"href":"https:\/\/hepatology.ca\/fr\/wp-json\/wp\/v2\/pages\/4828\/revisions"}],"predecessor-version":[{"id":4830,"href":"https:\/\/hepatology.ca\/fr\/wp-json\/wp\/v2\/pages\/4828\/revisions\/4830"}],"wp:attachment":[{"href":"https:\/\/hepatology.ca\/fr\/wp-json\/wp\/v2\/media?parent=4828"}],"curies":[{"name":"wp","href":"https:\/\/api.w.org\/{rel}","templated":true}]}}