{"id":4694,"date":"2025-04-01T14:19:58","date_gmt":"2025-04-01T14:19:58","guid":{"rendered":"https:\/\/hepatology.ca\/cookie-policy\/"},"modified":"2025-04-01T14:19:58","modified_gmt":"2025-04-01T14:19:58","slug":"cookie-policy","status":"publish","type":"page","link":"https:\/\/hepatology.ca\/fr\/cookie-policy\/","title":{"rendered":"Politique relative aux cookies"},"content":{"rendered":"<p>Cette page fournit des informations compl\u00e8tes sur la mani\u00e8re dont nous utilisons les cookies sur notre site web afin d&#039;am\u00e9liorer votre exp\u00e9rience de navigation, les performances du site et de vous proposer un contenu personnalis\u00e9. Les cookies sont de petits fichiers texte stock\u00e9s sur votre appareil lorsque vous visitez notre site. Ils nous aident \u00e0 comprendre comment les visiteurs interagissent avec notre site web, nous permettant ainsi de vous offrir une exp\u00e9rience utilisateur plus fluide et plus efficace. Le tableau ci-dessous pr\u00e9sente des informations d\u00e9taill\u00e9es sur chaque type de cookie utilis\u00e9, leur finalit\u00e9 et leur dur\u00e9e de conservation sur votre appareil. Nous nous engageons \u00e0 respecter votre vie priv\u00e9e et \u00e0 faire preuve de transparence sur les donn\u00e9es que nous collectons gr\u00e2ce aux cookies. Pour plus d&#039;informations sur la mani\u00e8re dont nous traitons vos donn\u00e9es personnelles, veuillez consulter notre <a href=\"\">Politique de confidentialit\u00e9.<\/a><\/p><div class=\"wpconsent-cookie-policy\"><h2 class=\"wpconsent-cookie-category-name\">Essentiel<\/h2><p class=\"wpconsent-cookie-category-description\">Les cookies essentiels permettent des fonctions de base et sont n\u00e9cessaires au bon fonctionnement du site Web.<\/p><table class=\"wpconsent-cookie-policy-table\"><tr><th>Nom<\/th><th>Description<\/th><th>Dur\u00e9e<\/th><\/tr><tr><td>wpconsent_preferences<\/td><td>Ce cookie est utilis\u00e9 pour stocker les pr\u00e9f\u00e9rences de consentement aux cookies de l&#039;utilisateur.<\/td><td>30 jours<\/td><\/tr><tr><td>wpconsent_preferences<\/td><td data-no-translation=\"\" data-trp-gettext=\"\">Ce cookie est utilis\u00e9 pour stocker les pr\u00e9f\u00e9rences de consentement aux cookies de l&#039;utilisateur.<\/td><td>30 jours<\/td><\/tr><\/table><h3 class=\"wpconsent-cookie-service-name\">Se connecter<\/h3><p class=\"wpconsent-cookie-service-description\">Ces cookies sont utilis\u00e9s pour g\u00e9rer les fonctionnalit\u00e9s de connexion sur ce site Web.<\/p><table class=\"wpconsent-cookie-policy-table\"><tr><th>Nom<\/th><th>Description<\/th><th>Dur\u00e9e<\/th><\/tr><tr><td>wordpress_connect\u00e9<\/td><td>Utilis\u00e9 pour stocker les utilisateurs connect\u00e9s.<\/td><td>Persistant<\/td><\/tr><tr><td>wordpress_sec<\/td><td>Utilis\u00e9 pour suivre l&#039;utilisateur sur plusieurs sessions.<\/td><td>15 jours<\/td><\/tr><tr><td>cookie_test_wordpress<\/td><td>Utilis\u00e9 pour d\u00e9terminer si les cookies sont activ\u00e9s.<\/td><td>Session<\/td><\/tr><\/table><h2 class=\"wpconsent-cookie-category-name\">Statistiques<\/h2><p class=\"wpconsent-cookie-category-description\">Les cookies statistiques collectent des informations de mani\u00e8re anonyme. Ces informations nous aident \u00e0 comprendre comment les visiteurs utilisent notre site web.<\/p><h3 class=\"wpconsent-cookie-service-name\">Google Analytics<\/h3><p class=\"wpconsent-cookie-service-description\">Google Analytics est un outil puissant qui suit et analyse le trafic du site Web pour des d\u00e9cisions marketing \u00e9clair\u00e9es.<\/p><a href=\"https:\/\/business.safety.google\/privacy\/\">Apprendre encore plus<\/a><table class=\"wpconsent-cookie-policy-table\"><tr><th>Nom<\/th><th>Description<\/th><th>Dur\u00e9e<\/th><\/tr><tr><td>_G\u00e9orgie<\/td><td>Utilis\u00e9 pour distinguer les utilisateurs.<\/td><td>2 ans<\/td><\/tr><tr><td>_flingue<\/td><td>Utilis\u00e9 pour limiter le taux de demande.<\/td><td>1 minute<\/td><\/tr><tr><td>_gid<\/td><td>Utilis\u00e9 pour distinguer les utilisateurs.<\/td><td>24 heures<\/td><\/tr><tr><td>__utma<\/td><td>Utilis\u00e9 pour distinguer les utilisateurs.<\/td><td>Persistant<\/td><\/tr><tr><td>__utmb<\/td><td>Utilis\u00e9 pour d\u00e9terminer les nouvelles sessions\/visites.<\/td><td>30 minutes<\/td><\/tr><tr><td>__utmc<\/td><td>Utilis\u00e9 pour d\u00e9terminer si l&#039;utilisateur est dans une nouvelle session\/visite.<\/td><td>Session<\/td><\/tr><tr><td>__utmt<\/td><td>Utilis\u00e9 pour limiter le taux de demande.<\/td><td>10 minutes<\/td><\/tr><tr><td>__utmv<\/td><td>Utilis\u00e9 pour stocker les donn\u00e9es variables personnalis\u00e9es au niveau du visiteur.<\/td><td>2 ans<\/td><\/tr><tr><td>__utmz<\/td><td>Stocke la source de trafic ou la campagne qui explique comment l&#039;utilisateur a atteint votre site.<\/td><td>6 mois<\/td><\/tr><\/table><\/div>","protected":false},"excerpt":{"rendered":"<p>This page provides comprehensive information about how we use cookies on our website to enhance your browsing experience, improve website [&hellip;]<\/p>\n","protected":false},"author":3,"featured_media":0,"parent":0,"menu_order":0,"comment_status":"closed","ping_status":"closed","template":"","meta":{"_acf_changed":false,"site-sidebar-layout":"default","site-content-layout":"","ast-site-content-layout":"default","site-content-style":"default","site-sidebar-style":"default","ast-global-header-display":"","ast-banner-title-visibility":"","ast-main-header-display":"","ast-hfb-above-header-display":"","ast-hfb-below-header-display":"","ast-hfb-mobile-header-display":"","site-post-title":"","ast-breadcrumbs-content":"","ast-featured-img":"","footer-sml-layout":"","ast-disable-related-posts":"","theme-transparent-header-meta":"","adv-header-id-meta":"","stick-header-meta":"","header-above-stick-meta":"","header-main-stick-meta":"","header-below-stick-meta":"","astra-migrate-meta-layouts":"default","ast-page-background-enabled":"default","ast-page-background-meta":{"desktop":{"background-color":"var(--ast-global-color-4)","background-image":"","background-repeat":"repeat","background-position":"center center","background-size":"auto","background-attachment":"scroll","background-type":"","background-media":"","overlay-type":"","overlay-color":"","overlay-opacity":"","overlay-gradient":""},"tablet":{"background-color":"","background-image":"","background-repeat":"repeat","background-position":"center center","background-size":"auto","background-attachment":"scroll","background-type":"","background-media":"","overlay-type":"","overlay-color":"","overlay-opacity":"","overlay-gradient":""},"mobile":{"background-color":"","background-image":"","background-repeat":"repeat","background-position":"center center","background-size":"auto","background-attachment":"scroll","background-type":"","background-media":"","overlay-type":"","overlay-color":"","overlay-opacity":"","overlay-gradient":""}},"ast-content-background-meta":{"desktop":{"background-color":"var(--ast-global-color-5)","background-image":"","background-repeat":"repeat","background-position":"center center","background-size":"auto","background-attachment":"scroll","background-type":"","background-media":"","overlay-type":"","overlay-color":"","overlay-opacity":"","overlay-gradient":""},"tablet":{"background-color":"var(--ast-global-color-5)","background-image":"","background-repeat":"repeat","background-position":"center center","background-size":"auto","background-attachment":"scroll","background-type":"","background-media":"","overlay-type":"","overlay-color":"","overlay-opacity":"","overlay-gradient":""},"mobile":{"background-color":"var(--ast-global-color-5)","background-image":"","background-repeat":"repeat","background-position":"center center","background-size":"auto","background-attachment":"scroll","background-type":"","background-media":"","overlay-type":"","overlay-color":"","overlay-opacity":"","overlay-gradient":""}},"ngg_post_thumbnail":0,"footnotes":""},"class_list":["post-4694","page","type-page","status-publish","hentry"],"acf":[],"yoast_head":"<!-- This site is optimized with the Yoast SEO plugin v27.4 - https:\/\/yoast.com\/product\/yoast-seo-wordpress\/ -->\n<title>Cookie Policy - CASL - Canadian Association for the Study of the Liver<\/title>\n<meta name=\"robots\" content=\"index, follow, max-snippet:-1, max-image-preview:large, max-video-preview:-1\" \/>\n<link rel=\"canonical\" href=\"https:\/\/hepatology.ca\/fr\/cookie-policy\/\" \/>\n<meta property=\"og:locale\" content=\"fr_CA\" \/>\n<meta property=\"og:type\" content=\"article\" \/>\n<meta property=\"og:title\" content=\"Cookie Policy - CASL - Canadian Association for the Study of the Liver\" \/>\n<meta property=\"og:description\" content=\"This page provides comprehensive information about how we use cookies on our website to enhance your browsing experience, improve website [&hellip;]\" \/>\n<meta property=\"og:url\" content=\"https:\/\/hepatology.ca\/fr\/cookie-policy\/\" \/>\n<meta property=\"og:site_name\" content=\"CASL - Canadian Association for the Study of the Liver\" \/>\n<meta name=\"twitter:card\" content=\"summary_large_image\" \/>\n<meta name=\"twitter:label1\" content=\"Estimation du temps de lecture\" \/>\n\t<meta name=\"twitter:data1\" content=\"1 minute\" \/>\n<script type=\"application\/ld+json\" class=\"yoast-schema-graph\">{\"@context\":\"https:\\\/\\\/schema.org\",\"@graph\":[{\"@type\":\"WebPage\",\"@id\":\"https:\\\/\\\/hepatology.ca\\\/cookie-policy\\\/\",\"url\":\"https:\\\/\\\/hepatology.ca\\\/cookie-policy\\\/\",\"name\":\"Cookie Policy - CASL - Canadian Association for the Study of the Liver\",\"isPartOf\":{\"@id\":\"https:\\\/\\\/hepatology.ca\\\/#website\"},\"datePublished\":\"2025-04-01T14:19:58+00:00\",\"breadcrumb\":{\"@id\":\"https:\\\/\\\/hepatology.ca\\\/cookie-policy\\\/#breadcrumb\"},\"inLanguage\":\"fr-CA\",\"potentialAction\":[{\"@type\":\"ReadAction\",\"target\":[\"https:\\\/\\\/hepatology.ca\\\/cookie-policy\\\/\"]}]},{\"@type\":\"BreadcrumbList\",\"@id\":\"https:\\\/\\\/hepatology.ca\\\/cookie-policy\\\/#breadcrumb\",\"itemListElement\":[{\"@type\":\"ListItem\",\"position\":1,\"name\":\"Home\",\"item\":\"https:\\\/\\\/hepatology.ca\\\/\"},{\"@type\":\"ListItem\",\"position\":2,\"name\":\"Cookie Policy\"}]},{\"@type\":\"WebSite\",\"@id\":\"https:\\\/\\\/hepatology.ca\\\/#website\",\"url\":\"https:\\\/\\\/hepatology.ca\\\/\",\"name\":\"CASL\",\"description\":\"Canada\u2019s home for liver experts\",\"publisher\":{\"@id\":\"https:\\\/\\\/hepatology.ca\\\/#organization\"},\"potentialAction\":[{\"@type\":\"SearchAction\",\"target\":{\"@type\":\"EntryPoint\",\"urlTemplate\":\"https:\\\/\\\/hepatology.ca\\\/?s={search_term_string}\"},\"query-input\":{\"@type\":\"PropertyValueSpecification\",\"valueRequired\":true,\"valueName\":\"search_term_string\"}}],\"inLanguage\":\"fr-CA\"},{\"@type\":\"Organization\",\"@id\":\"https:\\\/\\\/hepatology.ca\\\/#organization\",\"name\":\"Canadian Association for the Study of the Liver\",\"url\":\"https:\\\/\\\/hepatology.ca\\\/\",\"logo\":{\"@type\":\"ImageObject\",\"inLanguage\":\"fr-CA\",\"@id\":\"https:\\\/\\\/hepatology.ca\\\/#\\\/schema\\\/logo\\\/image\\\/\",\"url\":\"https:\\\/\\\/hepatology.ca\\\/wp-content\\\/uploads\\\/2024\\\/06\\\/CASL-logo-transparent-background.png\",\"contentUrl\":\"https:\\\/\\\/hepatology.ca\\\/wp-content\\\/uploads\\\/2024\\\/06\\\/CASL-logo-transparent-background.png\",\"width\":1040,\"height\":294,\"caption\":\"Canadian Association for the Study of the Liver\"},\"image\":{\"@id\":\"https:\\\/\\\/hepatology.ca\\\/#\\\/schema\\\/logo\\\/image\\\/\"}}]}<\/script>\n<!-- \/ Yoast SEO plugin. -->","yoast_head_json":{"title":"Politique relative aux t\u00e9moins (cookies) - CASL - Association canadienne pour l&#039;\u00e9tude du foie","robots":{"index":"index","follow":"follow","max-snippet":"max-snippet:-1","max-image-preview":"max-image-preview:large","max-video-preview":"max-video-preview:-1"},"canonical":"https:\/\/hepatology.ca\/fr\/cookie-policy\/","og_locale":"fr_CA","og_type":"article","og_title":"Cookie Policy - CASL - Canadian Association for the Study of the Liver","og_description":"This page provides comprehensive information about how we use cookies on our website to enhance your browsing experience, improve website [&hellip;]","og_url":"https:\/\/hepatology.ca\/fr\/cookie-policy\/","og_site_name":"CASL - Canadian Association for the Study of the Liver","twitter_card":"summary_large_image","twitter_misc":{"Estimation du temps de lecture":"1 minute"},"schema":{"@context":"https:\/\/schema.org","@graph":[{"@type":"WebPage","@id":"https:\/\/hepatology.ca\/cookie-policy\/","url":"https:\/\/hepatology.ca\/cookie-policy\/","name":"Politique relative aux t\u00e9moins (cookies) - CASL - Association canadienne pour l&#039;\u00e9tude du foie","isPartOf":{"@id":"https:\/\/hepatology.ca\/#website"},"datePublished":"2025-04-01T14:19:58+00:00","breadcrumb":{"@id":"https:\/\/hepatology.ca\/cookie-policy\/#breadcrumb"},"inLanguage":"fr-CA","potentialAction":[{"@type":"ReadAction","target":["https:\/\/hepatology.ca\/cookie-policy\/"]}]},{"@type":"BreadcrumbList","@id":"https:\/\/hepatology.ca\/cookie-policy\/#breadcrumb","itemListElement":[{"@type":"ListItem","position":1,"name":"Home","item":"https:\/\/hepatology.ca\/"},{"@type":"ListItem","position":2,"name":"Cookie Policy"}]},{"@type":"WebSite","@id":"https:\/\/hepatology.ca\/#website","url":"https:\/\/hepatology.ca\/","name":"LCAP","description":"Le foyer canadien des experts du foie","publisher":{"@id":"https:\/\/hepatology.ca\/#organization"},"potentialAction":[{"@type":"SearchAction","target":{"@type":"EntryPoint","urlTemplate":"https:\/\/hepatology.ca\/?s={search_term_string}"},"query-input":{"@type":"PropertyValueSpecification","valueRequired":true,"valueName":"search_term_string"}}],"inLanguage":"fr-CA"},{"@type":"Organization","@id":"https:\/\/hepatology.ca\/#organization","name":"Association canadienne pour l&#039;\u00e9tude du foie","url":"https:\/\/hepatology.ca\/","logo":{"@type":"ImageObject","inLanguage":"fr-CA","@id":"https:\/\/hepatology.ca\/#\/schema\/logo\/image\/","url":"https:\/\/hepatology.ca\/wp-content\/uploads\/2024\/06\/CASL-logo-transparent-background.png","contentUrl":"https:\/\/hepatology.ca\/wp-content\/uploads\/2024\/06\/CASL-logo-transparent-background.png","width":1040,"height":294,"caption":"Canadian Association for the Study of the Liver"},"image":{"@id":"https:\/\/hepatology.ca\/#\/schema\/logo\/image\/"}}]}},"_links":{"self":[{"href":"https:\/\/hepatology.ca\/fr\/wp-json\/wp\/v2\/pages\/4694","targetHints":{"allow":["GET"]}}],"collection":[{"href":"https:\/\/hepatology.ca\/fr\/wp-json\/wp\/v2\/pages"}],"about":[{"href":"https:\/\/hepatology.ca\/fr\/wp-json\/wp\/v2\/types\/page"}],"author":[{"embeddable":true,"href":"https:\/\/hepatology.ca\/fr\/wp-json\/wp\/v2\/users\/3"}],"replies":[{"embeddable":true,"href":"https:\/\/hepatology.ca\/fr\/wp-json\/wp\/v2\/comments?post=4694"}],"version-history":[{"count":0,"href":"https:\/\/hepatology.ca\/fr\/wp-json\/wp\/v2\/pages\/4694\/revisions"}],"wp:attachment":[{"href":"https:\/\/hepatology.ca\/fr\/wp-json\/wp\/v2\/media?parent=4694"}],"curies":[{"name":"wp","href":"https:\/\/api.w.org\/{rel}","templated":true}]}}