{"id":4632,"date":"2025-01-22T01:06:06","date_gmt":"2025-01-22T01:06:06","guid":{"rendered":"https:\/\/hepatology.ca\/?page_id=4632"},"modified":"2025-01-22T02:03:12","modified_gmt":"2025-01-22T02:03:12","slug":"thank-you-for-joining-casl","status":"publish","type":"page","link":"https:\/\/hepatology.ca\/fr\/thank-you-for-joining-casl\/","title":{"rendered":"Merci d&#039;avoir adh\u00e9r\u00e9 \u00e0 la CASL"},"content":{"rendered":"<p>Pour acc\u00e9der \u00e0 votre dossier de membre, veuillez vous connecter \u00e0 l&#039;aide de votre nom d&#039;utilisateur et de votre mot de passe. Si vous n&#039;avez pas de mot de passe ou si vous devez le r\u00e9initialiser, veuillez s\u00e9lectionner \u00ab Mot de passe oubli\u00e9 \u00bb et suivre les instructions.<\/p>\n\n\n\n<script src=\"https:\/\/memberservices.membee.com\/feeds\/Profile\/ProfileScript.ashx?cid=1389&amp;pid=801\" type=\"text\/javascript\"><\/script>","protected":false},"excerpt":{"rendered":"<p>To access your member record, please login using your username and password. If you do not have a password or [&hellip;]<\/p>\n","protected":false},"author":3,"featured_media":0,"parent":0,"menu_order":51,"comment_status":"closed","ping_status":"closed","template":"","meta":{"_acf_changed":false,"site-sidebar-layout":"default","site-content-layout":"","ast-site-content-layout":"default","site-content-style":"default","site-sidebar-style":"default","ast-global-header-display":"","ast-banner-title-visibility":"","ast-main-header-display":"","ast-hfb-above-header-display":"","ast-hfb-below-header-display":"","ast-hfb-mobile-header-display":"","site-post-title":"","ast-breadcrumbs-content":"","ast-featured-img":"","footer-sml-layout":"","ast-disable-related-posts":"","theme-transparent-header-meta":"","adv-header-id-meta":"","stick-header-meta":"","header-above-stick-meta":"","header-main-stick-meta":"","header-below-stick-meta":"","astra-migrate-meta-layouts":"default","ast-page-background-enabled":"default","ast-page-background-meta":{"desktop":{"background-color":"var(--ast-global-color-4)","background-image":"","background-repeat":"repeat","background-position":"center center","background-size":"auto","background-attachment":"scroll","background-type":"","background-media":"","overlay-type":"","overlay-color":"","overlay-opacity":"","overlay-gradient":""},"tablet":{"background-color":"","background-image":"","background-repeat":"repeat","background-position":"center center","background-size":"auto","background-attachment":"scroll","background-type":"","background-media":"","overlay-type":"","overlay-color":"","overlay-opacity":"","overlay-gradient":""},"mobile":{"background-color":"","background-image":"","background-repeat":"repeat","background-position":"center center","background-size":"auto","background-attachment":"scroll","background-type":"","background-media":"","overlay-type":"","overlay-color":"","overlay-opacity":"","overlay-gradient":""}},"ast-content-background-meta":{"desktop":{"background-color":"var(--ast-global-color-5)","background-image":"","background-repeat":"repeat","background-position":"center center","background-size":"auto","background-attachment":"scroll","background-type":"","background-media":"","overlay-type":"","overlay-color":"","overlay-opacity":"","overlay-gradient":""},"tablet":{"background-color":"var(--ast-global-color-5)","background-image":"","background-repeat":"repeat","background-position":"center center","background-size":"auto","background-attachment":"scroll","background-type":"","background-media":"","overlay-type":"","overlay-color":"","overlay-opacity":"","overlay-gradient":""},"mobile":{"background-color":"var(--ast-global-color-5)","background-image":"","background-repeat":"repeat","background-position":"center center","background-size":"auto","background-attachment":"scroll","background-type":"","background-media":"","overlay-type":"","overlay-color":"","overlay-opacity":"","overlay-gradient":""}},"ngg_post_thumbnail":0,"footnotes":""},"class_list":["post-4632","page","type-page","status-publish","hentry"],"acf":[],"yoast_head":"<!-- This site is optimized with the Yoast SEO plugin v27.4 - https:\/\/yoast.com\/product\/yoast-seo-wordpress\/ -->\n<title>Thank you for joining CASL - CASL - Canadian Association for the Study of the Liver<\/title>\n<meta name=\"description\" content=\"To access your member record, please login using your username and password. If you do not have a password or need to reset your password, please select &quot;Forgot my Password&quot; and follow the instructions.\" \/>\n<meta name=\"robots\" content=\"noindex, follow\" \/>\n<meta property=\"og:locale\" content=\"fr_CA\" \/>\n<meta property=\"og:type\" content=\"article\" \/>\n<meta property=\"og:title\" content=\"Thank you for joining CASL - CASL - Canadian Association for the Study of the Liver\" \/>\n<meta property=\"og:description\" content=\"To access your member record, please login using your username and password. If you do not have a password or need to reset your password, please select &quot;Forgot my Password&quot; and follow the instructions.\" \/>\n<meta property=\"og:url\" content=\"https:\/\/hepatology.ca\/fr\/thank-you-for-joining-casl\/\" \/>\n<meta property=\"og:site_name\" content=\"CASL - Canadian Association for the Study of the Liver\" \/>\n<meta property=\"article:modified_time\" content=\"2025-01-22T02:03:12+00:00\" \/>\n<meta name=\"twitter:card\" content=\"summary_large_image\" \/>\n<meta name=\"twitter:label1\" content=\"Estimation du temps de lecture\" \/>\n\t<meta name=\"twitter:data1\" content=\"1 minute\" \/>\n<script type=\"application\/ld+json\" class=\"yoast-schema-graph\">{\"@context\":\"https:\\\/\\\/schema.org\",\"@graph\":[{\"@type\":\"WebPage\",\"@id\":\"https:\\\/\\\/hepatology.ca\\\/thank-you-for-joining-casl\\\/\",\"url\":\"https:\\\/\\\/hepatology.ca\\\/thank-you-for-joining-casl\\\/\",\"name\":\"Thank you for joining CASL - CASL - Canadian Association for the Study of the Liver\",\"isPartOf\":{\"@id\":\"https:\\\/\\\/hepatology.ca\\\/#website\"},\"datePublished\":\"2025-01-22T01:06:06+00:00\",\"dateModified\":\"2025-01-22T02:03:12+00:00\",\"description\":\"To access your member record, please login using your username and password. If you do not have a password or need to reset your password, please select \\\"Forgot my Password\\\" and follow the instructions.\",\"breadcrumb\":{\"@id\":\"https:\\\/\\\/hepatology.ca\\\/thank-you-for-joining-casl\\\/#breadcrumb\"},\"inLanguage\":\"fr-CA\",\"potentialAction\":[{\"@type\":\"ReadAction\",\"target\":[\"https:\\\/\\\/hepatology.ca\\\/thank-you-for-joining-casl\\\/\"]}]},{\"@type\":\"BreadcrumbList\",\"@id\":\"https:\\\/\\\/hepatology.ca\\\/thank-you-for-joining-casl\\\/#breadcrumb\",\"itemListElement\":[{\"@type\":\"ListItem\",\"position\":1,\"name\":\"Home\",\"item\":\"https:\\\/\\\/hepatology.ca\\\/\"},{\"@type\":\"ListItem\",\"position\":2,\"name\":\"Thank you for joining CASL\"}]},{\"@type\":\"WebSite\",\"@id\":\"https:\\\/\\\/hepatology.ca\\\/#website\",\"url\":\"https:\\\/\\\/hepatology.ca\\\/\",\"name\":\"CASL\",\"description\":\"Canada\u2019s home for liver experts\",\"publisher\":{\"@id\":\"https:\\\/\\\/hepatology.ca\\\/#organization\"},\"potentialAction\":[{\"@type\":\"SearchAction\",\"target\":{\"@type\":\"EntryPoint\",\"urlTemplate\":\"https:\\\/\\\/hepatology.ca\\\/?s={search_term_string}\"},\"query-input\":{\"@type\":\"PropertyValueSpecification\",\"valueRequired\":true,\"valueName\":\"search_term_string\"}}],\"inLanguage\":\"fr-CA\"},{\"@type\":\"Organization\",\"@id\":\"https:\\\/\\\/hepatology.ca\\\/#organization\",\"name\":\"Canadian Association for the Study of the Liver\",\"url\":\"https:\\\/\\\/hepatology.ca\\\/\",\"logo\":{\"@type\":\"ImageObject\",\"inLanguage\":\"fr-CA\",\"@id\":\"https:\\\/\\\/hepatology.ca\\\/#\\\/schema\\\/logo\\\/image\\\/\",\"url\":\"https:\\\/\\\/hepatology.ca\\\/wp-content\\\/uploads\\\/2024\\\/06\\\/CASL-logo-transparent-background.png\",\"contentUrl\":\"https:\\\/\\\/hepatology.ca\\\/wp-content\\\/uploads\\\/2024\\\/06\\\/CASL-logo-transparent-background.png\",\"width\":1040,\"height\":294,\"caption\":\"Canadian Association for the Study of the Liver\"},\"image\":{\"@id\":\"https:\\\/\\\/hepatology.ca\\\/#\\\/schema\\\/logo\\\/image\\\/\"}}]}<\/script>\n<!-- \/ Yoast SEO plugin. -->","yoast_head_json":{"title":"Merci d&#039;avoir rejoint l&#039;Association canadienne pour l&#039;\u00e9tude du foie (CASL)","description":"Pour acc\u00e9der \u00e0 votre compte, veuillez vous connecter avec votre identifiant et votre mot de passe. Si vous n&#039;avez pas de mot de passe ou si vous souhaitez le r\u00e9initialiser, veuillez s\u00e9lectionner \"\u00a0Mot de passe oubli\u00e9\u00a0\" et suivre les instructions.","robots":{"index":"noindex","follow":"follow"},"og_locale":"fr_CA","og_type":"article","og_title":"Thank you for joining CASL - CASL - Canadian Association for the Study of the Liver","og_description":"To access your member record, please login using your username and password. If you do not have a password or need to reset your password, please select \"Forgot my Password\" and follow the instructions.","og_url":"https:\/\/hepatology.ca\/fr\/thank-you-for-joining-casl\/","og_site_name":"CASL - Canadian Association for the Study of the Liver","article_modified_time":"2025-01-22T02:03:12+00:00","twitter_card":"summary_large_image","twitter_misc":{"Estimation du temps de lecture":"1 minute"},"schema":{"@context":"https:\/\/schema.org","@graph":[{"@type":"WebPage","@id":"https:\/\/hepatology.ca\/thank-you-for-joining-casl\/","url":"https:\/\/hepatology.ca\/thank-you-for-joining-casl\/","name":"Merci d&#039;avoir rejoint l&#039;Association canadienne pour l&#039;\u00e9tude du foie (CASL)","isPartOf":{"@id":"https:\/\/hepatology.ca\/#website"},"datePublished":"2025-01-22T01:06:06+00:00","dateModified":"2025-01-22T02:03:12+00:00","description":"Pour acc\u00e9der \u00e0 votre compte, veuillez vous connecter avec votre identifiant et votre mot de passe. Si vous n&#039;avez pas de mot de passe ou si vous souhaitez le r\u00e9initialiser, veuillez s\u00e9lectionner \"\u00a0Mot de passe oubli\u00e9\u00a0\" et suivre les instructions.","breadcrumb":{"@id":"https:\/\/hepatology.ca\/thank-you-for-joining-casl\/#breadcrumb"},"inLanguage":"fr-CA","potentialAction":[{"@type":"ReadAction","target":["https:\/\/hepatology.ca\/thank-you-for-joining-casl\/"]}]},{"@type":"BreadcrumbList","@id":"https:\/\/hepatology.ca\/thank-you-for-joining-casl\/#breadcrumb","itemListElement":[{"@type":"ListItem","position":1,"name":"Home","item":"https:\/\/hepatology.ca\/"},{"@type":"ListItem","position":2,"name":"Thank you for joining CASL"}]},{"@type":"WebSite","@id":"https:\/\/hepatology.ca\/#website","url":"https:\/\/hepatology.ca\/","name":"LCAP","description":"Le foyer canadien des experts du foie","publisher":{"@id":"https:\/\/hepatology.ca\/#organization"},"potentialAction":[{"@type":"SearchAction","target":{"@type":"EntryPoint","urlTemplate":"https:\/\/hepatology.ca\/?s={search_term_string}"},"query-input":{"@type":"PropertyValueSpecification","valueRequired":true,"valueName":"search_term_string"}}],"inLanguage":"fr-CA"},{"@type":"Organization","@id":"https:\/\/hepatology.ca\/#organization","name":"Association canadienne pour l&#039;\u00e9tude du foie","url":"https:\/\/hepatology.ca\/","logo":{"@type":"ImageObject","inLanguage":"fr-CA","@id":"https:\/\/hepatology.ca\/#\/schema\/logo\/image\/","url":"https:\/\/hepatology.ca\/wp-content\/uploads\/2024\/06\/CASL-logo-transparent-background.png","contentUrl":"https:\/\/hepatology.ca\/wp-content\/uploads\/2024\/06\/CASL-logo-transparent-background.png","width":1040,"height":294,"caption":"Canadian Association for the Study of the Liver"},"image":{"@id":"https:\/\/hepatology.ca\/#\/schema\/logo\/image\/"}}]}},"_links":{"self":[{"href":"https:\/\/hepatology.ca\/fr\/wp-json\/wp\/v2\/pages\/4632","targetHints":{"allow":["GET"]}}],"collection":[{"href":"https:\/\/hepatology.ca\/fr\/wp-json\/wp\/v2\/pages"}],"about":[{"href":"https:\/\/hepatology.ca\/fr\/wp-json\/wp\/v2\/types\/page"}],"author":[{"embeddable":true,"href":"https:\/\/hepatology.ca\/fr\/wp-json\/wp\/v2\/users\/3"}],"replies":[{"embeddable":true,"href":"https:\/\/hepatology.ca\/fr\/wp-json\/wp\/v2\/comments?post=4632"}],"version-history":[{"count":7,"href":"https:\/\/hepatology.ca\/fr\/wp-json\/wp\/v2\/pages\/4632\/revisions"}],"predecessor-version":[{"id":4643,"href":"https:\/\/hepatology.ca\/fr\/wp-json\/wp\/v2\/pages\/4632\/revisions\/4643"}],"wp:attachment":[{"href":"https:\/\/hepatology.ca\/fr\/wp-json\/wp\/v2\/media?parent=4632"}],"curies":[{"name":"wp","href":"https:\/\/api.w.org\/{rel}","templated":true}]}}