{"id":4322,"date":"2024-08-22T02:12:26","date_gmt":"2024-08-22T02:12:26","guid":{"rendered":"https:\/\/hepatology.ca\/?page_id=4322"},"modified":"2024-08-22T15:12:04","modified_gmt":"2024-08-22T15:12:04","slug":"2024-casl-corporate-partners","status":"publish","type":"page","link":"https:\/\/hepatology.ca\/fr\/2024-casl-corporate-partners\/","title":{"rendered":"Partenaires corporatifs de la LCAP"},"content":{"rendered":"<div data-elementor-type=\"wp-page\" data-elementor-id=\"4322\" class=\"elementor elementor-4322\">\n\t\t\t\t<div class=\"elementor-element elementor-element-ad4ed2d e-flex e-con-boxed e-con e-parent\" data-id=\"ad4ed2d\" data-element_type=\"container\" data-e-type=\"container\">\n\t\t\t\t\t<div class=\"e-con-inner\">\n\t\t\t\t<div class=\"elementor-element elementor-element-36b72a1 elementor-widget elementor-widget-heading\" data-id=\"36b72a1\" data-element_type=\"widget\" data-e-type=\"widget\" data-widget_type=\"heading.default\">\n\t\t\t\t<div class=\"elementor-widget-container\">\n\t\t\t\t\t<h2 class=\"elementor-heading-title elementor-size-default\">Partenaires corporatifs de la LCAP<\/h2>\t\t\t\t<\/div>\n\t\t\t\t<\/div>\n\t\t\t\t<div class=\"elementor-element elementor-element-59cdd61 elementor-widget elementor-widget-text-editor\" data-id=\"59cdd61\" data-element_type=\"widget\" data-e-type=\"widget\" data-widget_type=\"text-editor.default\">\n\t\t\t\t<div class=\"elementor-widget-container\">\n\t\t\t\t\t\t\t\t\t<p>Les partenariats avec les entreprises sont essentiels pour que l\u2019ACF\u00c9 puisse offrir des programmes et des activit\u00e9s efficaces tout en offrant aux partenaires des occasions uniques de dialoguer directement avec l\u2019ACF\u00c9, ses membres et la communaut\u00e9 \u00e9largie du foie. L\u2019ACF\u00c9 appr\u00e9cie grandement le soutien de toutes les industries, y compris les secteurs pharmaceutique, des dispositifs m\u00e9dicaux et des soins de sant\u00e9, pour promouvoir de mani\u00e8re collaborative la sant\u00e9 du foie au Canada.<\/p>\t\t\t\t\t\t\t\t<\/div>\n\t\t\t\t<\/div>\n\t\t\t\t<div class=\"elementor-element elementor-element-c20ff45 elementor-widget elementor-widget-spacer\" data-id=\"c20ff45\" data-element_type=\"widget\" data-e-type=\"widget\" data-widget_type=\"spacer.default\">\n\t\t\t\t<div class=\"elementor-widget-container\">\n\t\t\t\t\t\t\t<div class=\"elementor-spacer\">\n\t\t\t<div class=\"elementor-spacer-inner\"><\/div>\n\t\t<\/div>\n\t\t\t\t\t\t<\/div>\n\t\t\t\t<\/div>\n\t\t\t\t<div class=\"elementor-element elementor-element-5dcc1e3 elementor-widget elementor-widget-heading\" data-id=\"5dcc1e3\" data-element_type=\"widget\" data-e-type=\"widget\" data-widget_type=\"heading.default\">\n\t\t\t\t<div class=\"elementor-widget-container\">\n\t\t\t\t\t<h3 class=\"elementor-heading-title elementor-size-default\">PARTENAIRES<\/h3>\t\t\t\t<\/div>\n\t\t\t\t<\/div>\n\t\t\t\t\t<\/div>\n\t\t\t\t<\/div>\n\t\t<div class=\"elementor-element elementor-element-9a9ecc9 e-grid e-con-boxed e-con e-parent\" data-id=\"9a9ecc9\" data-element_type=\"container\" data-e-type=\"container\">\n\t\t\t\t\t<div class=\"e-con-inner\">\n\t\t\t\t<div class=\"elementor-element elementor-element-fe1df60 elementor-widget elementor-widget-image\" data-id=\"fe1df60\" data-element_type=\"widget\" data-e-type=\"widget\" data-widget_type=\"image.default\">\n\t\t\t\t<div class=\"elementor-widget-container\">\n\t\t\t\t\t\t\t\t\t\t\t\t\t\t\t\t<a href=\"https:\/\/www.advanzpharma.com\/\" target=\"_blank\">\n\t\t\t\t\t\t\t<img fetchpriority=\"high\" decoding=\"async\" width=\"768\" height=\"768\" src=\"https:\/\/hepatology.ca\/wp-content\/uploads\/2024\/08\/Advanz-768x768.png\" class=\"attachment-medium_large size-medium_large wp-image-4309\" alt=\"\" srcset=\"https:\/\/hepatology.ca\/wp-content\/uploads\/2024\/08\/Advanz-768x768.png 768w, https:\/\/hepatology.ca\/wp-content\/uploads\/2024\/08\/Advanz-300x300.png 300w, https:\/\/hepatology.ca\/wp-content\/uploads\/2024\/08\/Advanz-1024x1024.png 1024w, https:\/\/hepatology.ca\/wp-content\/uploads\/2024\/08\/Advanz-150x150.png 150w, https:\/\/hepatology.ca\/wp-content\/uploads\/2024\/08\/Advanz-1536x1536.png 1536w, https:\/\/hepatology.ca\/wp-content\/uploads\/2024\/08\/Advanz.png 1563w\" sizes=\"(max-width: 768px) 100vw, 768px\" \/>\t\t\t\t\t\t\t\t<\/a>\n\t\t\t\t\t\t\t\t\t\t\t\t\t\t\t<\/div>\n\t\t\t\t<\/div>\n\t\t\t\t<div class=\"elementor-element elementor-element-6a20687 elementor-widget elementor-widget-image\" data-id=\"6a20687\" data-element_type=\"widget\" data-e-type=\"widget\" data-widget_type=\"image.default\">\n\t\t\t\t<div class=\"elementor-widget-container\">\n\t\t\t\t\t\t\t\t\t\t\t\t\t\t\t\t<a href=\"https:\/\/www.gsk.com\/en-gb\/\" target=\"_blank\">\n\t\t\t\t\t\t\t<img decoding=\"async\" width=\"768\" height=\"768\" src=\"https:\/\/hepatology.ca\/wp-content\/uploads\/2024\/08\/GSK-768x768.png\" class=\"attachment-medium_large size-medium_large wp-image-4311\" alt=\"\" srcset=\"https:\/\/hepatology.ca\/wp-content\/uploads\/2024\/08\/GSK-768x768.png 768w, https:\/\/hepatology.ca\/wp-content\/uploads\/2024\/08\/GSK-300x300.png 300w, https:\/\/hepatology.ca\/wp-content\/uploads\/2024\/08\/GSK-1024x1024.png 1024w, https:\/\/hepatology.ca\/wp-content\/uploads\/2024\/08\/GSK-150x150.png 150w, https:\/\/hepatology.ca\/wp-content\/uploads\/2024\/08\/GSK-1536x1536.png 1536w, https:\/\/hepatology.ca\/wp-content\/uploads\/2024\/08\/GSK.png 1563w\" sizes=\"(max-width: 768px) 100vw, 768px\" \/>\t\t\t\t\t\t\t\t<\/a>\n\t\t\t\t\t\t\t\t\t\t\t\t\t\t\t<\/div>\n\t\t\t\t<\/div>\n\t\t\t\t\t<\/div>\n\t\t\t\t<\/div>\n\t\t<div class=\"elementor-element elementor-element-b5eeb17 e-flex e-con-boxed e-con e-parent\" data-id=\"b5eeb17\" data-element_type=\"container\" data-e-type=\"container\">\n\t\t\t\t\t<div class=\"e-con-inner\">\n\t\t\t\t<div class=\"elementor-element elementor-element-7c2356a elementor-widget elementor-widget-heading\" data-id=\"7c2356a\" data-element_type=\"widget\" data-e-type=\"widget\" data-widget_type=\"heading.default\">\n\t\t\t\t<div class=\"elementor-widget-container\">\n\t\t\t\t\t<h3 class=\"elementor-heading-title elementor-size-default\">SUPPORTERS<\/h3>\t\t\t\t<\/div>\n\t\t\t\t<\/div>\n\t\t\t\t\t<\/div>\n\t\t\t\t<\/div>\n\t\t<div class=\"elementor-element elementor-element-fa709fb e-grid e-con-boxed e-con e-parent\" data-id=\"fa709fb\" data-element_type=\"container\" data-e-type=\"container\">\n\t\t\t\t\t<div class=\"e-con-inner\">\n\t\t\t\t<div class=\"elementor-element elementor-element-4d14f14 elementor-widget elementor-widget-image\" data-id=\"4d14f14\" data-element_type=\"widget\" data-e-type=\"widget\" data-widget_type=\"image.default\">\n\t\t\t\t<div class=\"elementor-widget-container\">\n\t\t\t\t\t\t\t\t\t\t\t\t\t\t\t\t<a href=\"https:\/\/www.gilead.com\/\" target=\"_blank\">\n\t\t\t\t\t\t\t<img decoding=\"async\" src=\"https:\/\/hepatology.ca\/wp-content\/uploads\/elementor\/thumbs\/Gilead-r0av8irrv6lnwnyncq4iiwpd2c3nm9whz6jn1kh0r8.png\" title=\"Galaad\" alt=\"Gilead\" loading=\"lazy\" \/>\t\t\t\t\t\t\t\t<\/a>\n\t\t\t\t\t\t\t\t\t\t\t\t\t\t\t<\/div>\n\t\t\t\t<\/div>\n\t\t\t\t<div class=\"elementor-element elementor-element-fd164f7 elementor-widget elementor-widget-image\" data-id=\"fd164f7\" data-element_type=\"widget\" data-e-type=\"widget\" data-widget_type=\"image.default\">\n\t\t\t\t<div class=\"elementor-widget-container\">\n\t\t\t\t\t\t\t\t\t\t\t\t\t\t\t\t<a href=\"https:\/\/www.mallinckrodt.com\/\" target=\"_blank\">\n\t\t\t\t\t\t\t<img decoding=\"async\" width=\"1024\" height=\"1024\" src=\"https:\/\/hepatology.ca\/wp-content\/uploads\/2024\/08\/Mallinckrodt-1024x1024.png\" class=\"attachment-large size-large wp-image-4334\" alt=\"\" srcset=\"https:\/\/hepatology.ca\/wp-content\/uploads\/2024\/08\/Mallinckrodt-1024x1024.png 1024w, https:\/\/hepatology.ca\/wp-content\/uploads\/2024\/08\/Mallinckrodt-300x300.png 300w, https:\/\/hepatology.ca\/wp-content\/uploads\/2024\/08\/Mallinckrodt-150x150.png 150w, https:\/\/hepatology.ca\/wp-content\/uploads\/2024\/08\/Mallinckrodt-768x768.png 768w, https:\/\/hepatology.ca\/wp-content\/uploads\/2024\/08\/Mallinckrodt.png 1063w\" sizes=\"(max-width: 1024px) 100vw, 1024px\" \/>\t\t\t\t\t\t\t\t<\/a>\n\t\t\t\t\t\t\t\t\t\t\t\t\t\t\t<\/div>\n\t\t\t\t<\/div>\n\t\t\t\t<div class=\"elementor-element elementor-element-0ed31a8 elementor-widget elementor-widget-image\" data-id=\"0ed31a8\" data-element_type=\"widget\" data-e-type=\"widget\" data-widget_type=\"image.default\">\n\t\t\t\t<div class=\"elementor-widget-container\">\n\t\t\t\t\t\t\t\t\t\t\t\t\t\t\t\t<a href=\"https:\/\/www.novonordisk.com\/\" target=\"_blank\">\n\t\t\t\t\t\t\t<img loading=\"lazy\" decoding=\"async\" width=\"1024\" height=\"1024\" src=\"https:\/\/hepatology.ca\/wp-content\/uploads\/2024\/08\/NovoNordisk-1024x1024.png\" class=\"attachment-large size-large wp-image-4335\" alt=\"\" srcset=\"https:\/\/hepatology.ca\/wp-content\/uploads\/2024\/08\/NovoNordisk-1024x1024.png 1024w, https:\/\/hepatology.ca\/wp-content\/uploads\/2024\/08\/NovoNordisk-300x300.png 300w, https:\/\/hepatology.ca\/wp-content\/uploads\/2024\/08\/NovoNordisk-150x150.png 150w, https:\/\/hepatology.ca\/wp-content\/uploads\/2024\/08\/NovoNordisk-768x768.png 768w, https:\/\/hepatology.ca\/wp-content\/uploads\/2024\/08\/NovoNordisk.png 1063w\" sizes=\"(max-width: 1024px) 100vw, 1024px\" \/>\t\t\t\t\t\t\t\t<\/a>\n\t\t\t\t\t\t\t\t\t\t\t\t\t\t\t<\/div>\n\t\t\t\t<\/div>\n\t\t\t\t\t<\/div>\n\t\t\t\t<\/div>\n\t\t\t\t<\/div>","protected":false},"excerpt":{"rendered":"<p>CASL Corporate Partners Corporate partnership is essential for CASL to successfully deliver impactful programs and activities while offering partners unique [&hellip;]<\/p>\n","protected":false},"author":3,"featured_media":0,"parent":0,"menu_order":0,"comment_status":"closed","ping_status":"closed","template":"","meta":{"_acf_changed":false,"site-sidebar-layout":"no-sidebar","site-content-layout":"","ast-site-content-layout":"full-width-container","site-content-style":"default","site-sidebar-style":"default","ast-global-header-display":"","ast-banner-title-visibility":"","ast-main-header-display":"","ast-hfb-above-header-display":"","ast-hfb-below-header-display":"","ast-hfb-mobile-header-display":"","site-post-title":"disabled","ast-breadcrumbs-content":"","ast-featured-img":"disabled","footer-sml-layout":"","ast-disable-related-posts":"","theme-transparent-header-meta":"","adv-header-id-meta":"","stick-header-meta":"","header-above-stick-meta":"","header-main-stick-meta":"","header-below-stick-meta":"","astra-migrate-meta-layouts":"default","ast-page-background-enabled":"default","ast-page-background-meta":{"desktop":{"background-color":"var(--ast-global-color-4)","background-image":"","background-repeat":"repeat","background-position":"center center","background-size":"auto","background-attachment":"scroll","background-type":"","background-media":"","overlay-type":"","overlay-color":"","overlay-opacity":"","overlay-gradient":""},"tablet":{"background-color":"","background-image":"","background-repeat":"repeat","background-position":"center center","background-size":"auto","background-attachment":"scroll","background-type":"","background-media":"","overlay-type":"","overlay-color":"","overlay-opacity":"","overlay-gradient":""},"mobile":{"background-color":"","background-image":"","background-repeat":"repeat","background-position":"center center","background-size":"auto","background-attachment":"scroll","background-type":"","background-media":"","overlay-type":"","overlay-color":"","overlay-opacity":"","overlay-gradient":""}},"ast-content-background-meta":{"desktop":{"background-color":"var(--ast-global-color-5)","background-image":"","background-repeat":"repeat","background-position":"center center","background-size":"auto","background-attachment":"scroll","background-type":"","background-media":"","overlay-type":"","overlay-color":"","overlay-opacity":"","overlay-gradient":""},"tablet":{"background-color":"var(--ast-global-color-5)","background-image":"","background-repeat":"repeat","background-position":"center center","background-size":"auto","background-attachment":"scroll","background-type":"","background-media":"","overlay-type":"","overlay-color":"","overlay-opacity":"","overlay-gradient":""},"mobile":{"background-color":"var(--ast-global-color-5)","background-image":"","background-repeat":"repeat","background-position":"center center","background-size":"auto","background-attachment":"scroll","background-type":"","background-media":"","overlay-type":"","overlay-color":"","overlay-opacity":"","overlay-gradient":""}},"ngg_post_thumbnail":0,"footnotes":""},"class_list":["post-4322","page","type-page","status-publish","hentry"],"acf":[],"yoast_head":"<!-- This site is optimized with the Yoast SEO plugin v27.6 - https:\/\/yoast.com\/product\/yoast-seo-wordpress\/ -->\n<title>CASL Corporate Partners - CASL - Canadian Association for the Study of the Liver<\/title>\n<meta name=\"robots\" content=\"index, follow, max-snippet:-1, max-image-preview:large, max-video-preview:-1\" \/>\n<link rel=\"canonical\" href=\"https:\/\/hepatology.ca\/fr\/2024-casl-corporate-partners\/\" \/>\n<meta property=\"og:locale\" content=\"fr_CA\" \/>\n<meta property=\"og:type\" content=\"article\" \/>\n<meta property=\"og:title\" content=\"CASL Corporate Partners - CASL - Canadian Association for the Study of the Liver\" \/>\n<meta property=\"og:description\" content=\"CASL Corporate Partners Corporate partnership is essential for CASL to successfully deliver impactful programs and activities while offering partners unique [&hellip;]\" \/>\n<meta property=\"og:url\" content=\"https:\/\/hepatology.ca\/fr\/2024-casl-corporate-partners\/\" \/>\n<meta property=\"og:site_name\" content=\"CASL - Canadian Association for the Study of the Liver\" \/>\n<meta property=\"article:modified_time\" content=\"2024-08-22T15:12:04+00:00\" \/>\n<meta property=\"og:image\" content=\"https:\/\/hepatology.ca\/wp-content\/uploads\/2024\/08\/Advanz-768x768.png\" \/>\n<meta name=\"twitter:card\" content=\"summary_large_image\" \/>\n<meta name=\"twitter:label1\" content=\"Estimation du temps de lecture\" \/>\n\t<meta name=\"twitter:data1\" content=\"2 minutes\" \/>\n<script type=\"application\/ld+json\" class=\"yoast-schema-graph\">{\"@context\":\"https:\\\/\\\/schema.org\",\"@graph\":[{\"@type\":\"WebPage\",\"@id\":\"https:\\\/\\\/hepatology.ca\\\/2024-casl-corporate-partners\\\/\",\"url\":\"https:\\\/\\\/hepatology.ca\\\/2024-casl-corporate-partners\\\/\",\"name\":\"CASL Corporate Partners - CASL - Canadian Association for the Study of the Liver\",\"isPartOf\":{\"@id\":\"https:\\\/\\\/hepatology.ca\\\/#website\"},\"primaryImageOfPage\":{\"@id\":\"https:\\\/\\\/hepatology.ca\\\/2024-casl-corporate-partners\\\/#primaryimage\"},\"image\":{\"@id\":\"https:\\\/\\\/hepatology.ca\\\/2024-casl-corporate-partners\\\/#primaryimage\"},\"thumbnailUrl\":\"https:\\\/\\\/hepatology.ca\\\/wp-content\\\/uploads\\\/2024\\\/08\\\/Advanz-768x768.png\",\"datePublished\":\"2024-08-22T02:12:26+00:00\",\"dateModified\":\"2024-08-22T15:12:04+00:00\",\"breadcrumb\":{\"@id\":\"https:\\\/\\\/hepatology.ca\\\/2024-casl-corporate-partners\\\/#breadcrumb\"},\"inLanguage\":\"fr-CA\",\"potentialAction\":[{\"@type\":\"ReadAction\",\"target\":[\"https:\\\/\\\/hepatology.ca\\\/2024-casl-corporate-partners\\\/\"]}]},{\"@type\":\"ImageObject\",\"inLanguage\":\"fr-CA\",\"@id\":\"https:\\\/\\\/hepatology.ca\\\/2024-casl-corporate-partners\\\/#primaryimage\",\"url\":\"https:\\\/\\\/hepatology.ca\\\/wp-content\\\/uploads\\\/2024\\\/08\\\/Advanz-768x768.png\",\"contentUrl\":\"https:\\\/\\\/hepatology.ca\\\/wp-content\\\/uploads\\\/2024\\\/08\\\/Advanz-768x768.png\"},{\"@type\":\"BreadcrumbList\",\"@id\":\"https:\\\/\\\/hepatology.ca\\\/2024-casl-corporate-partners\\\/#breadcrumb\",\"itemListElement\":[{\"@type\":\"ListItem\",\"position\":1,\"name\":\"Home\",\"item\":\"https:\\\/\\\/hepatology.ca\\\/\"},{\"@type\":\"ListItem\",\"position\":2,\"name\":\"CASL Corporate Partners\"}]},{\"@type\":\"WebSite\",\"@id\":\"https:\\\/\\\/hepatology.ca\\\/#website\",\"url\":\"https:\\\/\\\/hepatology.ca\\\/\",\"name\":\"CASL\",\"description\":\"Canada\u2019s home for liver experts\",\"publisher\":{\"@id\":\"https:\\\/\\\/hepatology.ca\\\/#organization\"},\"potentialAction\":[{\"@type\":\"SearchAction\",\"target\":{\"@type\":\"EntryPoint\",\"urlTemplate\":\"https:\\\/\\\/hepatology.ca\\\/?s={search_term_string}\"},\"query-input\":{\"@type\":\"PropertyValueSpecification\",\"valueRequired\":true,\"valueName\":\"search_term_string\"}}],\"inLanguage\":\"fr-CA\"},{\"@type\":\"Organization\",\"@id\":\"https:\\\/\\\/hepatology.ca\\\/#organization\",\"name\":\"Canadian Association for the Study of the Liver\",\"url\":\"https:\\\/\\\/hepatology.ca\\\/\",\"logo\":{\"@type\":\"ImageObject\",\"inLanguage\":\"fr-CA\",\"@id\":\"https:\\\/\\\/hepatology.ca\\\/#\\\/schema\\\/logo\\\/image\\\/\",\"url\":\"https:\\\/\\\/hepatology.ca\\\/wp-content\\\/uploads\\\/2024\\\/06\\\/CASL-logo-transparent-background.png\",\"contentUrl\":\"https:\\\/\\\/hepatology.ca\\\/wp-content\\\/uploads\\\/2024\\\/06\\\/CASL-logo-transparent-background.png\",\"width\":1040,\"height\":294,\"caption\":\"Canadian Association for the Study of the Liver\"},\"image\":{\"@id\":\"https:\\\/\\\/hepatology.ca\\\/#\\\/schema\\\/logo\\\/image\\\/\"}}]}<\/script>\n<!-- \/ Yoast SEO plugin. -->","yoast_head_json":{"title":"Partenaires corporatifs de l&#039;ACEF - Association canadienne pour l&#039;\u00e9tude du foie","robots":{"index":"index","follow":"follow","max-snippet":"max-snippet:-1","max-image-preview":"max-image-preview:large","max-video-preview":"max-video-preview:-1"},"canonical":"https:\/\/hepatology.ca\/fr\/2024-casl-corporate-partners\/","og_locale":"fr_CA","og_type":"article","og_title":"CASL Corporate Partners - CASL - Canadian Association for the Study of the Liver","og_description":"CASL Corporate Partners Corporate partnership is essential for CASL to successfully deliver impactful programs and activities while offering partners unique [&hellip;]","og_url":"https:\/\/hepatology.ca\/fr\/2024-casl-corporate-partners\/","og_site_name":"CASL - Canadian Association for the Study of the Liver","article_modified_time":"2024-08-22T15:12:04+00:00","og_image":[{"url":"https:\/\/hepatology.ca\/wp-content\/uploads\/2024\/08\/Advanz-768x768.png","type":"","width":"","height":""}],"twitter_card":"summary_large_image","twitter_misc":{"Estimation du temps de lecture":"2 minutes"},"schema":{"@context":"https:\/\/schema.org","@graph":[{"@type":"WebPage","@id":"https:\/\/hepatology.ca\/2024-casl-corporate-partners\/","url":"https:\/\/hepatology.ca\/2024-casl-corporate-partners\/","name":"Partenaires corporatifs de l&#039;ACEF - Association canadienne pour l&#039;\u00e9tude du foie","isPartOf":{"@id":"https:\/\/hepatology.ca\/#website"},"primaryImageOfPage":{"@id":"https:\/\/hepatology.ca\/2024-casl-corporate-partners\/#primaryimage"},"image":{"@id":"https:\/\/hepatology.ca\/2024-casl-corporate-partners\/#primaryimage"},"thumbnailUrl":"https:\/\/hepatology.ca\/wp-content\/uploads\/2024\/08\/Advanz-768x768.png","datePublished":"2024-08-22T02:12:26+00:00","dateModified":"2024-08-22T15:12:04+00:00","breadcrumb":{"@id":"https:\/\/hepatology.ca\/2024-casl-corporate-partners\/#breadcrumb"},"inLanguage":"fr-CA","potentialAction":[{"@type":"ReadAction","target":["https:\/\/hepatology.ca\/2024-casl-corporate-partners\/"]}]},{"@type":"ImageObject","inLanguage":"fr-CA","@id":"https:\/\/hepatology.ca\/2024-casl-corporate-partners\/#primaryimage","url":"https:\/\/hepatology.ca\/wp-content\/uploads\/2024\/08\/Advanz-768x768.png","contentUrl":"https:\/\/hepatology.ca\/wp-content\/uploads\/2024\/08\/Advanz-768x768.png"},{"@type":"BreadcrumbList","@id":"https:\/\/hepatology.ca\/2024-casl-corporate-partners\/#breadcrumb","itemListElement":[{"@type":"ListItem","position":1,"name":"Home","item":"https:\/\/hepatology.ca\/"},{"@type":"ListItem","position":2,"name":"CASL Corporate Partners"}]},{"@type":"WebSite","@id":"https:\/\/hepatology.ca\/#website","url":"https:\/\/hepatology.ca\/","name":"LCAP","description":"Le foyer canadien des experts du foie","publisher":{"@id":"https:\/\/hepatology.ca\/#organization"},"potentialAction":[{"@type":"SearchAction","target":{"@type":"EntryPoint","urlTemplate":"https:\/\/hepatology.ca\/?s={search_term_string}"},"query-input":{"@type":"PropertyValueSpecification","valueRequired":true,"valueName":"search_term_string"}}],"inLanguage":"fr-CA"},{"@type":"Organization","@id":"https:\/\/hepatology.ca\/#organization","name":"Association canadienne pour l&#039;\u00e9tude du foie","url":"https:\/\/hepatology.ca\/","logo":{"@type":"ImageObject","inLanguage":"fr-CA","@id":"https:\/\/hepatology.ca\/#\/schema\/logo\/image\/","url":"https:\/\/hepatology.ca\/wp-content\/uploads\/2024\/06\/CASL-logo-transparent-background.png","contentUrl":"https:\/\/hepatology.ca\/wp-content\/uploads\/2024\/06\/CASL-logo-transparent-background.png","width":1040,"height":294,"caption":"Canadian Association for the Study of the Liver"},"image":{"@id":"https:\/\/hepatology.ca\/#\/schema\/logo\/image\/"}}]}},"_links":{"self":[{"href":"https:\/\/hepatology.ca\/fr\/wp-json\/wp\/v2\/pages\/4322","targetHints":{"allow":["GET"]}}],"collection":[{"href":"https:\/\/hepatology.ca\/fr\/wp-json\/wp\/v2\/pages"}],"about":[{"href":"https:\/\/hepatology.ca\/fr\/wp-json\/wp\/v2\/types\/page"}],"author":[{"embeddable":true,"href":"https:\/\/hepatology.ca\/fr\/wp-json\/wp\/v2\/users\/3"}],"replies":[{"embeddable":true,"href":"https:\/\/hepatology.ca\/fr\/wp-json\/wp\/v2\/comments?post=4322"}],"version-history":[{"count":17,"href":"https:\/\/hepatology.ca\/fr\/wp-json\/wp\/v2\/pages\/4322\/revisions"}],"predecessor-version":[{"id":4346,"href":"https:\/\/hepatology.ca\/fr\/wp-json\/wp\/v2\/pages\/4322\/revisions\/4346"}],"wp:attachment":[{"href":"https:\/\/hepatology.ca\/fr\/wp-json\/wp\/v2\/media?parent=4322"}],"curies":[{"name":"wp","href":"https:\/\/api.w.org\/{rel}","templated":true}]}}