{"id":4197,"date":"2024-07-17T01:39:10","date_gmt":"2024-07-17T01:39:10","guid":{"rendered":"https:\/\/hepatology.ca\/?page_id=4197"},"modified":"2026-03-09T23:23:36","modified_gmt":"2026-03-09T23:23:36","slug":"early-career-research-partnership-award","status":"publish","type":"page","link":"https:\/\/hepatology.ca\/fr\/early-career-research-partnership-award\/","title":{"rendered":"Bourse de partenariat IRSC-INMD-AC\u00c9F pour chercheur en d\u00e9but de carri\u00e8re"},"content":{"rendered":"<p>La CASL a le plaisir d&#039;annoncer la cr\u00e9ation du<strong>IRSC-INMD-CASL<\/strong>\u202f<strong>Prix de partenariat pour les chercheurs en d\u00e9but de carri\u00e8re<\/strong>, une nouvelle initiative entreprise par notre organisation et rendue possible gr\u00e2ce au soutien de l&#039;Institut de la nutrition, du m\u00e9tabolisme et du diab\u00e8te des IRSC (INMD), dans le cadre de l&#039;engagement de l&#039;ACFR \u00e0 favoriser la recherche exceptionnelle portant sur tous les aspects du diagnostic, du traitement et de la gestion des maladies du foie chez les enfants et les adultes au Canada.&nbsp;<\/p>\n\n\n\n<p>Le Prix de partenariat IRSC-INMD-ACEF pour les chercheurs en d\u00e9but de carri\u00e8re r\u00e9compense un jeune chercheur exceptionnel qui s&#039;int\u00e9resse \u00e0 un aspect des maladies du foie et qui est membre de l&#039;Association canadienne pour l&#039;\u00e9tude du foie. Le laur\u00e9at sera honor\u00e9 lors de la c\u00e9r\u00e9monie annuelle de remise des prix de l&#039;ACEF et recevra un prix de 1 442 500 $ CA.&nbsp;<\/p>\n\n\n\n<p><strong>LAUR\u00c9ATS DU PRIX DE PARTENARIAT DE RECHERCHE EN D\u00c9BUT DE CARRI\u00c8RE CIHR-INMD-CASL<\/strong><\/p>\n\n\n\n\n\n\n\n\n\n<figure class=\"wp-block-table is-style-stripes\"><table class=\"has-fixed-layout\"><tbody><tr><td class=\"has-text-align-left\" data-align=\"left\">2026<\/td><td>Daljeet Chahal\u00a0\u00a0<\/td><\/tr><tr><td class=\"has-text-align-left\" data-align=\"left\">2025<\/td><td>Mohammed Qasim Khan<\/td><\/tr><tr><td class=\"has-text-align-left\" data-align=\"left\">2024<\/td><td>Henry Nguyen<\/td><\/tr><tr><td class=\"has-text-align-left\" data-align=\"left\">2023<\/td><td>Amine Benmassaoud<\/td><\/tr><tr><td class=\"has-text-align-left\" data-align=\"left\">2022<\/td><td>Mamatha Bhat<\/td><\/tr><\/tbody><\/table><\/figure>\n\n\n\n<p><\/p>","protected":false},"excerpt":{"rendered":"<p>CASL is pleased to announce the creation of the\u202fCIHR-INMD-CASL\u202fEarly Career Researcher Partnership Prize, a new initiative undertaken by our organization [&hellip;]<\/p>\n","protected":false},"author":3,"featured_media":0,"parent":0,"menu_order":0,"comment_status":"closed","ping_status":"closed","template":"","meta":{"_acf_changed":false,"site-sidebar-layout":"default","site-content-layout":"","ast-site-content-layout":"default","site-content-style":"default","site-sidebar-style":"default","ast-global-header-display":"","ast-banner-title-visibility":"","ast-main-header-display":"","ast-hfb-above-header-display":"","ast-hfb-below-header-display":"","ast-hfb-mobile-header-display":"","site-post-title":"","ast-breadcrumbs-content":"","ast-featured-img":"","footer-sml-layout":"","ast-disable-related-posts":"","theme-transparent-header-meta":"","adv-header-id-meta":"","stick-header-meta":"","header-above-stick-meta":"","header-main-stick-meta":"","header-below-stick-meta":"","astra-migrate-meta-layouts":"default","ast-page-background-enabled":"default","ast-page-background-meta":{"desktop":{"background-color":"var(--ast-global-color-4)","background-image":"","background-repeat":"repeat","background-position":"center center","background-size":"auto","background-attachment":"scroll","background-type":"","background-media":"","overlay-type":"","overlay-color":"","overlay-opacity":"","overlay-gradient":""},"tablet":{"background-color":"","background-image":"","background-repeat":"repeat","background-position":"center center","background-size":"auto","background-attachment":"scroll","background-type":"","background-media":"","overlay-type":"","overlay-color":"","overlay-opacity":"","overlay-gradient":""},"mobile":{"background-color":"","background-image":"","background-repeat":"repeat","background-position":"center center","background-size":"auto","background-attachment":"scroll","background-type":"","background-media":"","overlay-type":"","overlay-color":"","overlay-opacity":"","overlay-gradient":""}},"ast-content-background-meta":{"desktop":{"background-color":"var(--ast-global-color-5)","background-image":"","background-repeat":"repeat","background-position":"center center","background-size":"auto","background-attachment":"scroll","background-type":"","background-media":"","overlay-type":"","overlay-color":"","overlay-opacity":"","overlay-gradient":""},"tablet":{"background-color":"var(--ast-global-color-5)","background-image":"","background-repeat":"repeat","background-position":"center center","background-size":"auto","background-attachment":"scroll","background-type":"","background-media":"","overlay-type":"","overlay-color":"","overlay-opacity":"","overlay-gradient":""},"mobile":{"background-color":"var(--ast-global-color-5)","background-image":"","background-repeat":"repeat","background-position":"center center","background-size":"auto","background-attachment":"scroll","background-type":"","background-media":"","overlay-type":"","overlay-color":"","overlay-opacity":"","overlay-gradient":""}},"ngg_post_thumbnail":0,"footnotes":""},"class_list":["post-4197","page","type-page","status-publish","hentry"],"acf":[],"yoast_head":"<!-- This site is optimized with the Yoast SEO plugin v27.4 - https:\/\/yoast.com\/product\/yoast-seo-wordpress\/ -->\n<title>CIHR-INMD-CASL Early Career Researcher Partnership Award - CASL - Canadian Association for the Study of the Liver<\/title>\n<meta name=\"description\" content=\"The\u202fCIHR-INMD-CASL\u202fEarly Career Researcher Partnership Prize is made possible thanks to\u202fthe support from CIHR Institute of Nutrition, Metabolism and Diabetes (INMD),\u202fas a part of CASL\u2019s commitment to\u202ffostering exceptional research relating to all aspects of the diagnosis, treatment and management of pediatric and adult liver disease in Canada.\u00a0\" \/>\n<meta name=\"robots\" content=\"index, follow, max-snippet:-1, max-image-preview:large, max-video-preview:-1\" \/>\n<link rel=\"canonical\" href=\"https:\/\/hepatology.ca\/fr\/early-career-research-partnership-award\/\" \/>\n<meta property=\"og:locale\" content=\"fr_CA\" \/>\n<meta property=\"og:type\" content=\"article\" \/>\n<meta property=\"og:title\" content=\"CIHR-INMD-CASL Early Career Researcher Partnership Award - CASL - Canadian Association for the Study of the Liver\" \/>\n<meta property=\"og:description\" content=\"The\u202fCIHR-INMD-CASL\u202fEarly Career Researcher Partnership Prize is made possible thanks to\u202fthe support from CIHR Institute of Nutrition, Metabolism and Diabetes (INMD),\u202fas a part of CASL\u2019s commitment to\u202ffostering exceptional research relating to all aspects of the diagnosis, treatment and management of pediatric and adult liver disease in Canada.\u00a0\" \/>\n<meta property=\"og:url\" content=\"https:\/\/hepatology.ca\/fr\/early-career-research-partnership-award\/\" \/>\n<meta property=\"og:site_name\" content=\"CASL - Canadian Association for the Study of the Liver\" \/>\n<meta property=\"article:modified_time\" content=\"2026-03-09T23:23:36+00:00\" \/>\n<meta name=\"twitter:card\" content=\"summary_large_image\" \/>\n<meta name=\"twitter:label1\" content=\"Estimation du temps de lecture\" \/>\n\t<meta name=\"twitter:data1\" content=\"1 minute\" \/>\n<script type=\"application\/ld+json\" class=\"yoast-schema-graph\">{\"@context\":\"https:\\\/\\\/schema.org\",\"@graph\":[{\"@type\":\"WebPage\",\"@id\":\"https:\\\/\\\/hepatology.ca\\\/early-career-research-partnership-award\\\/\",\"url\":\"https:\\\/\\\/hepatology.ca\\\/early-career-research-partnership-award\\\/\",\"name\":\"CIHR-INMD-CASL Early Career Researcher Partnership Award - CASL - Canadian Association for the Study of the Liver\",\"isPartOf\":{\"@id\":\"https:\\\/\\\/hepatology.ca\\\/#website\"},\"datePublished\":\"2024-07-17T01:39:10+00:00\",\"dateModified\":\"2026-03-09T23:23:36+00:00\",\"description\":\"The\u202fCIHR-INMD-CASL\u202fEarly Career Researcher Partnership Prize is made possible thanks to\u202fthe support from CIHR Institute of Nutrition, Metabolism and Diabetes (INMD),\u202fas a part of CASL\u2019s commitment to\u202ffostering exceptional research relating to all aspects of the diagnosis, treatment and management of pediatric and adult liver disease in Canada.\u00a0\",\"breadcrumb\":{\"@id\":\"https:\\\/\\\/hepatology.ca\\\/early-career-research-partnership-award\\\/#breadcrumb\"},\"inLanguage\":\"fr-CA\",\"potentialAction\":[{\"@type\":\"ReadAction\",\"target\":[\"https:\\\/\\\/hepatology.ca\\\/early-career-research-partnership-award\\\/\"]}]},{\"@type\":\"BreadcrumbList\",\"@id\":\"https:\\\/\\\/hepatology.ca\\\/early-career-research-partnership-award\\\/#breadcrumb\",\"itemListElement\":[{\"@type\":\"ListItem\",\"position\":1,\"name\":\"Home\",\"item\":\"https:\\\/\\\/hepatology.ca\\\/\"},{\"@type\":\"ListItem\",\"position\":2,\"name\":\"CIHR-INMD-CASL Early Career Researcher Partnership Award\"}]},{\"@type\":\"WebSite\",\"@id\":\"https:\\\/\\\/hepatology.ca\\\/#website\",\"url\":\"https:\\\/\\\/hepatology.ca\\\/\",\"name\":\"CASL\",\"description\":\"Canada\u2019s home for liver experts\",\"publisher\":{\"@id\":\"https:\\\/\\\/hepatology.ca\\\/#organization\"},\"potentialAction\":[{\"@type\":\"SearchAction\",\"target\":{\"@type\":\"EntryPoint\",\"urlTemplate\":\"https:\\\/\\\/hepatology.ca\\\/?s={search_term_string}\"},\"query-input\":{\"@type\":\"PropertyValueSpecification\",\"valueRequired\":true,\"valueName\":\"search_term_string\"}}],\"inLanguage\":\"fr-CA\"},{\"@type\":\"Organization\",\"@id\":\"https:\\\/\\\/hepatology.ca\\\/#organization\",\"name\":\"Canadian Association for the Study of the Liver\",\"url\":\"https:\\\/\\\/hepatology.ca\\\/\",\"logo\":{\"@type\":\"ImageObject\",\"inLanguage\":\"fr-CA\",\"@id\":\"https:\\\/\\\/hepatology.ca\\\/#\\\/schema\\\/logo\\\/image\\\/\",\"url\":\"https:\\\/\\\/hepatology.ca\\\/wp-content\\\/uploads\\\/2024\\\/06\\\/CASL-logo-transparent-background.png\",\"contentUrl\":\"https:\\\/\\\/hepatology.ca\\\/wp-content\\\/uploads\\\/2024\\\/06\\\/CASL-logo-transparent-background.png\",\"width\":1040,\"height\":294,\"caption\":\"Canadian Association for the Study of the Liver\"},\"image\":{\"@id\":\"https:\\\/\\\/hepatology.ca\\\/#\\\/schema\\\/logo\\\/image\\\/\"}}]}<\/script>\n<!-- \/ Yoast SEO plugin. -->","yoast_head_json":{"title":"Bourse de partenariat IRSC-INMD-AC\u00c9F pour chercheur en d\u00e9but de carri\u00e8re - AC\u00c9F - Association canadienne pour l&#039;\u00e9tude du foie","description":"Le Prix de partenariat pour chercheurs en d\u00e9but de carri\u00e8re IRSC-INMD-AC\u00c9F est rendu possible gr\u00e2ce au soutien de l&#039;Institut de la nutrition, du m\u00e9tabolisme et du diab\u00e8te (INMD) des IRSC, dans le cadre de l&#039;engagement de l&#039;AC\u00c9F \u00e0 favoriser la recherche exceptionnelle portant sur tous les aspects du diagnostic, du traitement et de la gestion des maladies du foie chez les enfants et les adultes au Canada.\u00a0","robots":{"index":"index","follow":"follow","max-snippet":"max-snippet:-1","max-image-preview":"max-image-preview:large","max-video-preview":"max-video-preview:-1"},"canonical":"https:\/\/hepatology.ca\/fr\/early-career-research-partnership-award\/","og_locale":"fr_CA","og_type":"article","og_title":"CIHR-INMD-CASL Early Career Researcher Partnership Award - CASL - Canadian Association for the Study of the Liver","og_description":"The\u202fCIHR-INMD-CASL\u202fEarly Career Researcher Partnership Prize is made possible thanks to\u202fthe support from CIHR Institute of Nutrition, Metabolism and Diabetes (INMD),\u202fas a part of CASL\u2019s commitment to\u202ffostering exceptional research relating to all aspects of the diagnosis, treatment and management of pediatric and adult liver disease in Canada.\u00a0","og_url":"https:\/\/hepatology.ca\/fr\/early-career-research-partnership-award\/","og_site_name":"CASL - Canadian Association for the Study of the Liver","article_modified_time":"2026-03-09T23:23:36+00:00","twitter_card":"summary_large_image","twitter_misc":{"Estimation du temps de lecture":"1 minute"},"schema":{"@context":"https:\/\/schema.org","@graph":[{"@type":"WebPage","@id":"https:\/\/hepatology.ca\/early-career-research-partnership-award\/","url":"https:\/\/hepatology.ca\/early-career-research-partnership-award\/","name":"Bourse de partenariat IRSC-INMD-AC\u00c9F pour chercheur en d\u00e9but de carri\u00e8re - AC\u00c9F - Association canadienne pour l&#039;\u00e9tude du foie","isPartOf":{"@id":"https:\/\/hepatology.ca\/#website"},"datePublished":"2024-07-17T01:39:10+00:00","dateModified":"2026-03-09T23:23:36+00:00","description":"Le Prix de partenariat pour chercheurs en d\u00e9but de carri\u00e8re IRSC-INMD-AC\u00c9F est rendu possible gr\u00e2ce au soutien de l&#039;Institut de la nutrition, du m\u00e9tabolisme et du diab\u00e8te (INMD) des IRSC, dans le cadre de l&#039;engagement de l&#039;AC\u00c9F \u00e0 favoriser la recherche exceptionnelle portant sur tous les aspects du diagnostic, du traitement et de la gestion des maladies du foie chez les enfants et les adultes au Canada.\u00a0","breadcrumb":{"@id":"https:\/\/hepatology.ca\/early-career-research-partnership-award\/#breadcrumb"},"inLanguage":"fr-CA","potentialAction":[{"@type":"ReadAction","target":["https:\/\/hepatology.ca\/early-career-research-partnership-award\/"]}]},{"@type":"BreadcrumbList","@id":"https:\/\/hepatology.ca\/early-career-research-partnership-award\/#breadcrumb","itemListElement":[{"@type":"ListItem","position":1,"name":"Home","item":"https:\/\/hepatology.ca\/"},{"@type":"ListItem","position":2,"name":"CIHR-INMD-CASL Early Career Researcher Partnership Award"}]},{"@type":"WebSite","@id":"https:\/\/hepatology.ca\/#website","url":"https:\/\/hepatology.ca\/","name":"LCAP","description":"Le foyer canadien des experts du foie","publisher":{"@id":"https:\/\/hepatology.ca\/#organization"},"potentialAction":[{"@type":"SearchAction","target":{"@type":"EntryPoint","urlTemplate":"https:\/\/hepatology.ca\/?s={search_term_string}"},"query-input":{"@type":"PropertyValueSpecification","valueRequired":true,"valueName":"search_term_string"}}],"inLanguage":"fr-CA"},{"@type":"Organization","@id":"https:\/\/hepatology.ca\/#organization","name":"Association canadienne pour l&#039;\u00e9tude du foie","url":"https:\/\/hepatology.ca\/","logo":{"@type":"ImageObject","inLanguage":"fr-CA","@id":"https:\/\/hepatology.ca\/#\/schema\/logo\/image\/","url":"https:\/\/hepatology.ca\/wp-content\/uploads\/2024\/06\/CASL-logo-transparent-background.png","contentUrl":"https:\/\/hepatology.ca\/wp-content\/uploads\/2024\/06\/CASL-logo-transparent-background.png","width":1040,"height":294,"caption":"Canadian Association for the Study of the Liver"},"image":{"@id":"https:\/\/hepatology.ca\/#\/schema\/logo\/image\/"}}]}},"_links":{"self":[{"href":"https:\/\/hepatology.ca\/fr\/wp-json\/wp\/v2\/pages\/4197","targetHints":{"allow":["GET"]}}],"collection":[{"href":"https:\/\/hepatology.ca\/fr\/wp-json\/wp\/v2\/pages"}],"about":[{"href":"https:\/\/hepatology.ca\/fr\/wp-json\/wp\/v2\/types\/page"}],"author":[{"embeddable":true,"href":"https:\/\/hepatology.ca\/fr\/wp-json\/wp\/v2\/users\/3"}],"replies":[{"embeddable":true,"href":"https:\/\/hepatology.ca\/fr\/wp-json\/wp\/v2\/comments?post=4197"}],"version-history":[{"count":11,"href":"https:\/\/hepatology.ca\/fr\/wp-json\/wp\/v2\/pages\/4197\/revisions"}],"predecessor-version":[{"id":5141,"href":"https:\/\/hepatology.ca\/fr\/wp-json\/wp\/v2\/pages\/4197\/revisions\/5141"}],"wp:attachment":[{"href":"https:\/\/hepatology.ca\/fr\/wp-json\/wp\/v2\/media?parent=4197"}],"curies":[{"name":"wp","href":"https:\/\/api.w.org\/{rel}","templated":true}]}}