{"id":3590,"date":"2024-05-17T14:27:41","date_gmt":"2024-05-17T14:27:41","guid":{"rendered":"https:\/\/hepatology.ca\/jobs\/"},"modified":"2024-06-07T20:15:54","modified_gmt":"2024-06-07T20:15:54","slug":"jobs","status":"publish","type":"page","link":"https:\/\/hepatology.ca\/fr\/jobs\/","title":{"rendered":"Emplois"},"content":{"rendered":"<p>D\u00e9couvrez les derni\u00e8res opportunit\u00e9s d&#039;emploi en h\u00e9patologie partout au Canada sur notre nouveau tableau d&#039;offres d&#039;emploi d\u00e9di\u00e9. Pour soumettre une offre d&#039;emploi, il vous suffit de remplir <a href=\"https:\/\/hepatology.ca\/fr\/?page_id=3591\">ce formulaire<\/a>Veuillez noter que m\u00eame si la CASL facilite cette plateforme, nous ne v\u00e9rifions pas les renseignements fournis dans les offres d&#039;emploi ni les qualifications des candidats. Nous encourageons tous les utilisateurs \u00e0 effectuer leur propre v\u00e9rification pr\u00e9alable.<\/p>\n\n\n\n<p><\/p>\n\n\n\n<div class=\"jb jb-jobs\" data-base-post=\"3590\"\n\tdata-hide-expired=\"\"\n\tdata-hide-filled=\"\"\n\tdata-filled-only=\"\"\n\tdata-orderby=\"date\"\n\tdata-order=\"DESC\"\n\tdata-employer=\"\"\n\tdata-no-logo=\"\"\n\tdata-hide-job-types=\"\"\n\tdata-page=\"1\"\n\tdata-per-page=\"10\"\n\tdata-no-jobs=\"No Jobs\"\n\tdata-no-jobs-search=\"No Jobs found\"\n\tdata-category=\"\"\n\tdata-type=\"\"\n\tdata-salary=\"\"\tdata-wrapper-index=\"1\">\n\n\t\n<div class=\"jb-overlay\">\n\t<div class=\"jb-ajax-loading\"><\/div>\n<\/div>\n\n<div class=\"jb-jobs-header\">\n\n\t\n\t\n\t\t<div class=\"jb-jobs-header-row jb-jobs-search-row\">\n\t\t\t<div class=\"jb-jobs-search-line\">\n\n\t\t\t\t\n\t\t\t\t\t<label>\n\t\t\t\t\t\t<span>Trouver un emploi :<\/span>\n\t\t\t\t\t\t\t\t\t\t\t\t<input type=\"search\" class=\"jb-search-line\" placeholder=\"Intitul\u00e9 du poste, mots-cl\u00e9s ou entreprise\" value=\"\" aria-label=\"Trouver des emplois par titre\" \/>\n\t\t\t\t\t<\/label>\n\n\t\t\t\t\t\n\t\t\t\t\t<label>\n\t\t\t\t\t\t<span>Trouver un emploi :<\/span>\n\t\t\t\t\t\t<input type=\"search\" class=\"jb-search-location\" placeholder=\"Ville, \u00c9tat ou pays\" value=\"\" aria-label=\"Trouver des emplois par emplacement\" \/>\n\t\t\t\t\t\t\t\t\t\t\t<\/label>\n\t\t\t\t\n\t\t\t\t<input type=\"button\" class=\"jb-do-search jb-button\" value=\"Trouver un emploi\" \/>\n\t\t\t<\/div>\n\t\t<\/div>\n\n\t\t\n\t\t<div class=\"jb-jobs-header-row jb-jobs-filters-row\">\n\t\t\t<label>\n\t\t\t\t<input type=\"checkbox\" class=\"jb-only-remote\" value=\"1\"  \/>&nbsp;Afficher uniquement les emplois \u00e0 distance\t\t\t<\/label>\n\n\t\t\t\n\t\t\t\t<label>\n\t\t\t\t\t<select class=\"jb-job-type-filter\">\n\t\t\t\t\t\t<option value=\"\"  selected='selected'>S\u00e9lectionnez le type de travail<\/option>\n\t\t\t\t\t\t\t\t\t\t\t\t\t<option value=\"19\" >Free-lance<\/option>\n\t\t\t\t\t\t\t\t\t\t\t\t\t<option value=\"16\" >\u00c0 temps plein<\/option>\n\t\t\t\t\t\t\t\t\t\t\t\t\t<option value=\"21\" >Dipl\u00f4m\u00e9<\/option>\n\t\t\t\t\t\t\t\t\t\t\t\t\t<option value=\"18\" >Stage<\/option>\n\t\t\t\t\t\t\t\t\t\t\t\t\t<option value=\"17\" >\u00c0 temps partiel<\/option>\n\t\t\t\t\t\t\t\t\t\t\t\t\t<option value=\"20\" >Temporaire<\/option>\n\t\t\t\t\t\t\t\t\t\t\t\t\t<option value=\"22\" >B\u00e9n\u00e9vole<\/option>\n\t\t\t\t\t\t\t\t\t\t\t<\/select>\n\t\t\t\t<\/label>\n\n\t\t\t\t\t\t<\/div>\n\n\t\t<\/div>\n\n<script type=\"text\/template\" id=\"tmpl-jb-jobs-list-line\">\n\t<# if ( data.jobs.length > 0 ) { #>\n\n\t\t<# _.each( data.jobs, function( job, key, list ) { #>\n\t\t\t\n\t\t\t<div class=\"jb-job-list-row<# if ( ! job.logo ) { #> jb-job-list-no-logo<# } #><# if ( job.actions.length > 0 ) { #> jb-job-list-with-actions<# } #><# if ( job.featured ) { #> jb-job-list-featured<# } #>\">\t\t\t\t<# if ( ! data.hide_logo ) { #>\n\t\t\t\t\t<# if ( job.logo ) { #>\n\t\t\t\t\t\t<div class=\"jb-job-logo\">\n\t\t\t\t\t\t\t{{{job.logo}}}\n\t\t\t\t\t\t<\/div>\n\t\t\t\t\t<# } #>\n\t\t\t\t<# } #>\n\t\t\t\t<div class=\"jb-row-data\">\n\t\t\t\t\t<div class=\"jb-job-title\">\n\t\t\t\t\t\t<span class=\"jb-job-title-link-line\"><a href=\"{{{job.permalink}}}\" class=\"jb-job-title-link\">{{{job.title}}}<\/a><\/span>\n\t\t\t\t\t\t<div class=\"jb-job-title-end jb-responsive jb-ui-m jb-ui-l jb-ui-xl\">\n\t\t\t\t\t\t\t<# if ( job.featured ) { #>\n\t\t\t\t\t\t\t\t<div class=\"jb-job-featured\">Featured<\/div>\n\t\t\t\t\t\t\t<# } #>\n\t\t\t\t\t\t\t<# if ( ! data.hide_job_types ) { #>\n\t\t\t\t\t\t\t\t<# if ( job.types.length > 0 ) { #>\n\t\t\t\t\t\t\t\t\t<div class=\"jb-job-types\">\n\t\t\t\t\t\t\t\t\t\t<# _.each( job.types, function( type, t_key, t_list ) { #>\n\t\t\t\t\t\t\t\t\t\t\t<div class=\"jb-job-type\" style=\"color:{{{type.color}}};background:{{{type.bg_color}}};\">\n\t\t\t\t\t\t\t\t\t\t\t\t{{{type.name}}}\n\t\t\t\t\t\t\t\t\t\t\t<\/div>\n\t\t\t\t\t\t\t\t\t\t<# }); #>\n\t\t\t\t\t\t\t\t\t<\/div>\n\t\t\t\t\t\t\t\t<# } #>\n\t\t\t\t\t\t\t<# } #>\n\t\t\t\t\t\t<\/div>\n\t\t\t\t\t<\/div>\n\t\t\t\t\t<div class=\"jb-row-info\">\n\t\t\t\t\t\t<div class=\"jb-row-left-side\">\n\t\t\t\t\t\t\t<# if ( job.company.name ) { #>\n\t\t\t\t\t\t\t\t<div class=\"company\">\n\t\t\t\t\t\t\t\t\t<i class=\"far fa-building\"><\/i>\n\t\t\t\t\t\t\t\t\t<span title=\"{{{job.company.tagline}}}\">\n\t\t\t\t\t\t\t\t\t\t{{{job.company.name}}}\n\t\t\t\t\t\t\t\t\t<\/span>\n\t\t\t\t\t\t\t\t<\/div>\n\t\t\t\t\t\t\t<# } #>\n\n\t\t\t\t\t\t\t<# if ( job.location ) { #>\n\t\t\t\t\t\t\t\t<div class=\"location\">\n\t\t\t\t\t\t\t\t\t<i class=\"fas fa-map-marker-alt\"><\/i>\n\t\t\t\t\t\t\t\t\t{{{job.location}}}\n\t\t\t\t\t\t\t\t<\/div>\n\t\t\t\t\t\t\t<# } #>\n\n\t\t\t\t\t\t\t\t\t\t\t\t\t\t\t<# if ( job.category ) { #>\n\t\t\t\t\t\t\t\t\t<div class=\"category\">\n\t\t\t\t\t\t\t\t\t\t{{{job.category}}}\n\t\t\t\t\t\t\t\t\t<\/div>\n\t\t\t\t\t\t\t\t<# } #>\n\t\t\t\t\t\t\t\n\t\t\t\t\t\t\t<div class=\"jb-responsive jb-ui-s jb-ui-xs date\" title=\"Posted\">\n\t\t\t\t\t\t\t\t<i class=\"far fa-calendar-alt\"><\/i>\n\t\t\t\t\t\t\t\tPosted {{{job.date}}}\n\t\t\t\t\t\t\t<\/div>\n\n\t\t\t\t\t\t\t<# if ( job.expires ) { #>\n\t\t\t\t\t\t\t\t<div class=\"expires\" title=\"Expires\">\n\t\t\t\t\t\t\t\t\t<i class=\"fa fa-calendar-times-o\"><\/i>\n\t\t\t\t\t\t\t\t\tClosing on {{{job.expires}}}\n\t\t\t\t\t\t\t\t<\/div>\n\t\t\t\t\t\t\t<# } #>\n\n\t\t\t\t\t\t\t\t\t\t\t\t\t\t\t<# if ( job.salary ) { #>\n\t\t\t\t\t\t\t\t\t<div class=\"jb-job-salary\">\n\t\t\t\t\t\t\t\t\t\t<i class=\"far fa-money-bill-alt\"><\/i>\n\t\t\t\t\t\t\t\t\t\t{{{job.salary}}}\n\t\t\t\t\t\t\t\t\t<\/div>\n\t\t\t\t\t\t\t\t<# } #>\n\t\t\t\t\t\t\t\t\t\t\t\t\t<\/div>\n\t\t\t\t\t\t<div class=\"jb-row-right-side\">\n\t\t\t\t\t\t\t<div class=\"date jb-responsive jb-ui-m jb-ui-l jb-ui-xl date\" title=\"Posted\">\n\t\t\t\t\t\t\t\t{{{job.date}}}\n\t\t\t\t\t\t\t<\/div>\n\t\t\t\t\t\t\t<div class=\"jb-row-right-side-line\">\n\t\t\t\t\t\t\t\t<# if ( job.featured ) { #>\n\t\t\t\t\t\t\t\t\t<div class=\"jb-job-featured jb-responsive jb-ui-s jb-ui-xs\">Featured<\/div>\n\t\t\t\t\t\t\t\t<# } #>\n\t\t\t\t\t\t\t\t<# if ( ! data.hide_job_types ) { #>\n\t\t\t\t\t\t\t\t\t<# if ( job.types.length > 0 ) { #>\n\t\t\t\t\t\t\t\t\t\t<div class=\"jb-job-types jb-responsive jb-ui-s jb-ui-xs\">\n\t\t\t\t\t\t\t\t\t\t\t<# _.each( job.types, function( type, t_key, t_list ) { #>\n\t\t\t\t\t\t\t\t\t\t\t\t<div class=\"jb-job-type\" style=\"color:{{{type.color}}};background:{{{type.bg_color}}};\">\n\t\t\t\t\t\t\t\t\t\t\t\t\t{{{type.name}}}\n\t\t\t\t\t\t\t\t\t\t\t\t<\/div>\n\t\t\t\t\t\t\t\t\t\t\t<# }); #>\n\t\t\t\t\t\t\t\t\t\t<\/div>\n\t\t\t\t\t\t\t\t\t<# } #>\n\t\t\t\t\t\t\t\t<# } #>\n\t\t\t\t\t\t\t<\/div>\n\t\t\t\t\t\t<\/div>\n\t\t\t\t\t<\/div>\n\t\t\t\t<\/div>\n\t\t\t\t<# if ( job.actions.length > 0 ) { #>\n\t\t\t\t\t<div class=\"jb-row-actions\">\n\t\t\t\t\t\t<# _.each( job.actions, function( action, a_key, a_list ) { #>\n\t\t\t\t\t\t\t<# if ( action.html ) { #>\n\t\t\t\t\t\t\t\t{{{action.html}}}\n\t\t\t\t\t\t\t<# } else { #>\n\t\t\t\t\t\t\t\t<a href=\"{{{action.url}}}\" class=\"{{{action.class}}}\">\n\t\t\t\t\t\t\t\t\t<i class=\"{{{action.img}}}\"><\/i>\n\t\t\t\t\t\t\t\t<\/a>\n\t\t\t\t\t\t\t<# } #>\n\t\t\t\t\t\t<# }); #>\n\t\t\t\t\t<\/div>\n\t\t\t\t<# } #>\n\t\t\t<\/div>\n\t\t<# }); #>\n\t<# } #>\n<\/script>\n\n<div class=\"jb-jobs-wrapper\"><\/div>\n\n<div class=\"jb-jobs-pagination-box\">\n\t<input type=\"button\" class=\"jb-button jb-load-more-jobs\" value=\"Charger plus d&#039;emplois\" \/>\n<\/div>\n<\/div>","protected":false},"excerpt":{"rendered":"<p>Explore the latest hepatology job opportunities across Canada on our new dedicated job board. To submit a job posting, simply [&hellip;]<\/p>\n","protected":false},"author":3,"featured_media":0,"parent":0,"menu_order":0,"comment_status":"closed","ping_status":"closed","template":"","meta":{"_acf_changed":false,"site-sidebar-layout":"default","site-content-layout":"","ast-site-content-layout":"default","site-content-style":"default","site-sidebar-style":"default","ast-global-header-display":"","ast-banner-title-visibility":"","ast-main-header-display":"","ast-hfb-above-header-display":"","ast-hfb-below-header-display":"","ast-hfb-mobile-header-display":"","site-post-title":"","ast-breadcrumbs-content":"","ast-featured-img":"","footer-sml-layout":"","ast-disable-related-posts":"","theme-transparent-header-meta":"","adv-header-id-meta":"","stick-header-meta":"","header-above-stick-meta":"","header-main-stick-meta":"","header-below-stick-meta":"","astra-migrate-meta-layouts":"default","ast-page-background-enabled":"default","ast-page-background-meta":{"desktop":{"background-color":"var(--ast-global-color-4)","background-image":"","background-repeat":"repeat","background-position":"center center","background-size":"auto","background-attachment":"scroll","background-type":"","background-media":"","overlay-type":"","overlay-color":"","overlay-opacity":"","overlay-gradient":""},"tablet":{"background-color":"","background-image":"","background-repeat":"repeat","background-position":"center center","background-size":"auto","background-attachment":"scroll","background-type":"","background-media":"","overlay-type":"","overlay-color":"","overlay-opacity":"","overlay-gradient":""},"mobile":{"background-color":"","background-image":"","background-repeat":"repeat","background-position":"center center","background-size":"auto","background-attachment":"scroll","background-type":"","background-media":"","overlay-type":"","overlay-color":"","overlay-opacity":"","overlay-gradient":""}},"ast-content-background-meta":{"desktop":{"background-color":"var(--ast-global-color-5)","background-image":"","background-repeat":"repeat","background-position":"center center","background-size":"auto","background-attachment":"scroll","background-type":"","background-media":"","overlay-type":"","overlay-color":"","overlay-opacity":"","overlay-gradient":""},"tablet":{"background-color":"var(--ast-global-color-5)","background-image":"","background-repeat":"repeat","background-position":"center center","background-size":"auto","background-attachment":"scroll","background-type":"","background-media":"","overlay-type":"","overlay-color":"","overlay-opacity":"","overlay-gradient":""},"mobile":{"background-color":"var(--ast-global-color-5)","background-image":"","background-repeat":"repeat","background-position":"center center","background-size":"auto","background-attachment":"scroll","background-type":"","background-media":"","overlay-type":"","overlay-color":"","overlay-opacity":"","overlay-gradient":""}},"ngg_post_thumbnail":0,"footnotes":""},"class_list":["post-3590","page","type-page","status-publish","hentry"],"acf":[],"yoast_head":"<!-- This site is optimized with the Yoast SEO plugin v27.4 - https:\/\/yoast.com\/product\/yoast-seo-wordpress\/ -->\n<title>Jobs - CASL - Canadian Association for the Study of the Liver<\/title>\n<meta name=\"description\" content=\"Explore the latest hepatology job opportunities across Canada on our specialized job board. Job postings on CASL&#039;s website is FREE.\" \/>\n<meta name=\"robots\" content=\"index, follow, max-snippet:-1, max-image-preview:large, max-video-preview:-1\" \/>\n<link rel=\"canonical\" href=\"https:\/\/hepatology.ca\/fr\/jobs\/\" \/>\n<meta property=\"og:locale\" content=\"fr_CA\" \/>\n<meta property=\"og:type\" content=\"article\" \/>\n<meta property=\"og:title\" content=\"Jobs - CASL - Canadian Association for the Study of the Liver\" \/>\n<meta property=\"og:description\" content=\"Explore the latest hepatology job opportunities across Canada on our specialized job board. Job postings on CASL&#039;s website is FREE.\" \/>\n<meta property=\"og:url\" content=\"https:\/\/hepatology.ca\/fr\/jobs\/\" \/>\n<meta property=\"og:site_name\" content=\"CASL - Canadian Association for the Study of the Liver\" \/>\n<meta property=\"article:modified_time\" content=\"2024-06-07T20:15:54+00:00\" \/>\n<meta name=\"twitter:card\" content=\"summary_large_image\" \/>\n<meta name=\"twitter:label1\" content=\"Estimation du temps de lecture\" \/>\n\t<meta name=\"twitter:data1\" content=\"1 minute\" \/>\n<script type=\"application\/ld+json\" class=\"yoast-schema-graph\">{\"@context\":\"https:\\\/\\\/schema.org\",\"@graph\":[{\"@type\":\"WebPage\",\"@id\":\"https:\\\/\\\/hepatology.ca\\\/jobs\\\/\",\"url\":\"https:\\\/\\\/hepatology.ca\\\/jobs\\\/\",\"name\":\"Jobs - CASL - Canadian Association for the Study of the Liver\",\"isPartOf\":{\"@id\":\"https:\\\/\\\/hepatology.ca\\\/#website\"},\"datePublished\":\"2024-05-17T14:27:41+00:00\",\"dateModified\":\"2024-06-07T20:15:54+00:00\",\"description\":\"Explore the latest hepatology job opportunities across Canada on our specialized job board. Job postings on CASL's website is FREE.\",\"breadcrumb\":{\"@id\":\"https:\\\/\\\/hepatology.ca\\\/jobs\\\/#breadcrumb\"},\"inLanguage\":\"fr-CA\",\"potentialAction\":[{\"@type\":\"ReadAction\",\"target\":[\"https:\\\/\\\/hepatology.ca\\\/jobs\\\/\"]}]},{\"@type\":\"BreadcrumbList\",\"@id\":\"https:\\\/\\\/hepatology.ca\\\/jobs\\\/#breadcrumb\",\"itemListElement\":[{\"@type\":\"ListItem\",\"position\":1,\"name\":\"Home\",\"item\":\"https:\\\/\\\/hepatology.ca\\\/\"},{\"@type\":\"ListItem\",\"position\":2,\"name\":\"Jobs\"}]},{\"@type\":\"WebSite\",\"@id\":\"https:\\\/\\\/hepatology.ca\\\/#website\",\"url\":\"https:\\\/\\\/hepatology.ca\\\/\",\"name\":\"CASL\",\"description\":\"Canada\u2019s home for liver experts\",\"publisher\":{\"@id\":\"https:\\\/\\\/hepatology.ca\\\/#organization\"},\"potentialAction\":[{\"@type\":\"SearchAction\",\"target\":{\"@type\":\"EntryPoint\",\"urlTemplate\":\"https:\\\/\\\/hepatology.ca\\\/?s={search_term_string}\"},\"query-input\":{\"@type\":\"PropertyValueSpecification\",\"valueRequired\":true,\"valueName\":\"search_term_string\"}}],\"inLanguage\":\"fr-CA\"},{\"@type\":\"Organization\",\"@id\":\"https:\\\/\\\/hepatology.ca\\\/#organization\",\"name\":\"Canadian Association for the Study of the Liver\",\"url\":\"https:\\\/\\\/hepatology.ca\\\/\",\"logo\":{\"@type\":\"ImageObject\",\"inLanguage\":\"fr-CA\",\"@id\":\"https:\\\/\\\/hepatology.ca\\\/#\\\/schema\\\/logo\\\/image\\\/\",\"url\":\"https:\\\/\\\/hepatology.ca\\\/wp-content\\\/uploads\\\/2024\\\/06\\\/CASL-logo-transparent-background.png\",\"contentUrl\":\"https:\\\/\\\/hepatology.ca\\\/wp-content\\\/uploads\\\/2024\\\/06\\\/CASL-logo-transparent-background.png\",\"width\":1040,\"height\":294,\"caption\":\"Canadian Association for the Study of the Liver\"},\"image\":{\"@id\":\"https:\\\/\\\/hepatology.ca\\\/#\\\/schema\\\/logo\\\/image\\\/\"}}]}<\/script>\n<!-- \/ Yoast SEO plugin. -->","yoast_head_json":{"title":"Emplois - ACE - Association canadienne pour l&#039;\u00e9tude du foie","description":"Explorez les derni\u00e8res offres d&#039;emploi en h\u00e9patologie au Canada sur notre site d&#039;emploi sp\u00e9cialis\u00e9. Les offres d&#039;emploi sur le site web de l&#039;ACAP sont GRATUITES.","robots":{"index":"index","follow":"follow","max-snippet":"max-snippet:-1","max-image-preview":"max-image-preview:large","max-video-preview":"max-video-preview:-1"},"canonical":"https:\/\/hepatology.ca\/fr\/jobs\/","og_locale":"fr_CA","og_type":"article","og_title":"Jobs - CASL - Canadian Association for the Study of the Liver","og_description":"Explore the latest hepatology job opportunities across Canada on our specialized job board. Job postings on CASL's website is FREE.","og_url":"https:\/\/hepatology.ca\/fr\/jobs\/","og_site_name":"CASL - Canadian Association for the Study of the Liver","article_modified_time":"2024-06-07T20:15:54+00:00","twitter_card":"summary_large_image","twitter_misc":{"Estimation du temps de lecture":"1 minute"},"schema":{"@context":"https:\/\/schema.org","@graph":[{"@type":"WebPage","@id":"https:\/\/hepatology.ca\/jobs\/","url":"https:\/\/hepatology.ca\/jobs\/","name":"Emplois - ACE - Association canadienne pour l&#039;\u00e9tude du foie","isPartOf":{"@id":"https:\/\/hepatology.ca\/#website"},"datePublished":"2024-05-17T14:27:41+00:00","dateModified":"2024-06-07T20:15:54+00:00","description":"Explorez les derni\u00e8res offres d&#039;emploi en h\u00e9patologie au Canada sur notre site d&#039;emploi sp\u00e9cialis\u00e9. Les offres d&#039;emploi sur le site web de l&#039;ACAP sont GRATUITES.","breadcrumb":{"@id":"https:\/\/hepatology.ca\/jobs\/#breadcrumb"},"inLanguage":"fr-CA","potentialAction":[{"@type":"ReadAction","target":["https:\/\/hepatology.ca\/jobs\/"]}]},{"@type":"BreadcrumbList","@id":"https:\/\/hepatology.ca\/jobs\/#breadcrumb","itemListElement":[{"@type":"ListItem","position":1,"name":"Home","item":"https:\/\/hepatology.ca\/"},{"@type":"ListItem","position":2,"name":"Jobs"}]},{"@type":"WebSite","@id":"https:\/\/hepatology.ca\/#website","url":"https:\/\/hepatology.ca\/","name":"LCAP","description":"Le foyer canadien des experts du foie","publisher":{"@id":"https:\/\/hepatology.ca\/#organization"},"potentialAction":[{"@type":"SearchAction","target":{"@type":"EntryPoint","urlTemplate":"https:\/\/hepatology.ca\/?s={search_term_string}"},"query-input":{"@type":"PropertyValueSpecification","valueRequired":true,"valueName":"search_term_string"}}],"inLanguage":"fr-CA"},{"@type":"Organization","@id":"https:\/\/hepatology.ca\/#organization","name":"Association canadienne pour l&#039;\u00e9tude du foie","url":"https:\/\/hepatology.ca\/","logo":{"@type":"ImageObject","inLanguage":"fr-CA","@id":"https:\/\/hepatology.ca\/#\/schema\/logo\/image\/","url":"https:\/\/hepatology.ca\/wp-content\/uploads\/2024\/06\/CASL-logo-transparent-background.png","contentUrl":"https:\/\/hepatology.ca\/wp-content\/uploads\/2024\/06\/CASL-logo-transparent-background.png","width":1040,"height":294,"caption":"Canadian Association for the Study of the Liver"},"image":{"@id":"https:\/\/hepatology.ca\/#\/schema\/logo\/image\/"}}]}},"_links":{"self":[{"href":"https:\/\/hepatology.ca\/fr\/wp-json\/wp\/v2\/pages\/3590","targetHints":{"allow":["GET"]}}],"collection":[{"href":"https:\/\/hepatology.ca\/fr\/wp-json\/wp\/v2\/pages"}],"about":[{"href":"https:\/\/hepatology.ca\/fr\/wp-json\/wp\/v2\/types\/page"}],"author":[{"embeddable":true,"href":"https:\/\/hepatology.ca\/fr\/wp-json\/wp\/v2\/users\/3"}],"replies":[{"embeddable":true,"href":"https:\/\/hepatology.ca\/fr\/wp-json\/wp\/v2\/comments?post=3590"}],"version-history":[{"count":5,"href":"https:\/\/hepatology.ca\/fr\/wp-json\/wp\/v2\/pages\/3590\/revisions"}],"predecessor-version":[{"id":3816,"href":"https:\/\/hepatology.ca\/fr\/wp-json\/wp\/v2\/pages\/3590\/revisions\/3816"}],"wp:attachment":[{"href":"https:\/\/hepatology.ca\/fr\/wp-json\/wp\/v2\/media?parent=3590"}],"curies":[{"name":"wp","href":"https:\/\/api.w.org\/{rel}","templated":true}]}}