{"id":3361,"date":"2023-10-30T19:05:03","date_gmt":"2023-10-30T19:05:03","guid":{"rendered":"https:\/\/hepatology.ca\/?page_id=3361"},"modified":"2024-06-19T21:29:13","modified_gmt":"2024-06-19T21:29:13","slug":"casl-research-excellence-award","status":"publish","type":"page","link":"https:\/\/hepatology.ca\/fr\/casl-research-excellence-award\/","title":{"rendered":"Prix d\u2019excellence en recherche de l\u2019ACF"},"content":{"rendered":"<h4 class=\"wp-block-heading\"><strong>Aper\u00e7u<\/strong><\/h4>\n\n\n\n<p>Le comit\u00e9 de recherche de la CASL \u00e9valuera les candidats en fonction de leur satisfaction aux crit\u00e8res suivants, qui doivent \u00eatre abord\u00e9s dans la soumission de candidature :<\/p>\n\n\n\n<ol class=\"wp-block-list\">\n<li>D\u00e9veloppement et\/ou mise en \u0153uvre de programmes et d&#039;innovation en recherche \u00e0 l&#039;\u00e9chelle locale, provinciale et nationale<\/li>\n\n\n\n<li>D\u00e9montrer une publication \u00e0 fort impact (rapport ou article qui a influenc\u00e9 le domaine, comme une contribution ou une r\u00e9alisation importante)<\/li>\n\n\n\n<li>D\u00e9monstration de capacit\u00e9s et de fonctions administratives au niveau local, provincial, national ou international<\/li>\n\n\n\n<li>Excellence en recherche<\/li>\n<\/ol>\n\n\n\n<h4 class=\"wp-block-heading\"><strong>Conditions de nomination <\/strong><\/h4>\n\n\n\n<p>Les candidatures des membres de la CASL seront accept\u00e9es <a href=\"mailto:casl@hepatology.ca\">par e-mail<\/a> avant <strong>15 d\u00e9cembre 2023<\/strong>.<\/p>\n\n\n\n<h4 class=\"wp-block-heading\"><strong>Important \u00e0 noter\u00a0:<\/strong><\/h4>\n\n\n\n<ul class=\"wp-block-list\">\n<li>Les laur\u00e9ats doivent \u00eatre membres de la CASL<\/li>\n\n\n\n<li>Les membres qui si\u00e8gent actuellement au Comit\u00e9 d\u2019\u00e9ducation de la LCAP ne sont pas admissibles \u00e0 une nomination.<\/li>\n<\/ul>\n\n\n\n<h4 class=\"wp-block-heading\"><strong>Remise des prix <\/strong><\/h4>\n\n\n\n<p>Le prix sera remis au laur\u00e9at du prix d&#039;excellence en recherche de l&#039;ACL lors de la c\u00e9r\u00e9monie de remise des prix de l&#039;ACL, qui aura lieu lors de la conf\u00e9rence conjointe CDDW\u2122-CLM \u00e0 Toronto, en Ontario, le 1er mars 2024. Le bureau de l&#039;ACL se coordonnera avec le laur\u00e9at du prix avant la r\u00e9union pour coordonner la logistique.&nbsp;<\/p>\n\n\n\n<iframe width=\"100%\" height=\"750\" src=\"https:\/\/forms.office.com\/Pages\/ResponsePage.aspx?id=QU4UrAGA8EieHBcHFu0Gtv1sDGtctc5Mg_nCCMEeU6hUQ1JFRkZLVVM3UzhUUDQzSlJYSFgyNkYwSS4u&#038;embed=true\" frameborder=\"0\" marginwidth=\"0\" marginheight=\"0\" style=\"border: none; max-width:100%; max-height:100vh\" allowfullscreen webkitallowfullscreen mozallowfullscreen msallowfullscreen> <\/iframe>\n\n\n\n<p><a href=\"https:\/\/hepatology.ca\/fr\/casl-awards\/research-excellence-award-recipients\/\" target=\"_blank\" rel=\"noreferrer noopener\">Cliquez ici<\/a> \u00e0 voir pr\u00e9c\u00e9dent <strong>Prix d\u2019excellence en recherche de l\u2019ACF<\/strong> <strong>Destinataires<\/strong><\/p>","protected":false},"excerpt":{"rendered":"<p>Overview The CASL Research Committee will evaluate candidates based on their fulfillment of the following criteria, which should be addressed [&hellip;]<\/p>\n","protected":false},"author":3,"featured_media":0,"parent":0,"menu_order":15,"comment_status":"closed","ping_status":"closed","template":"","meta":{"_acf_changed":false,"site-sidebar-layout":"default","site-content-layout":"","ast-site-content-layout":"default","site-content-style":"default","site-sidebar-style":"default","ast-global-header-display":"","ast-banner-title-visibility":"","ast-main-header-display":"","ast-hfb-above-header-display":"","ast-hfb-below-header-display":"","ast-hfb-mobile-header-display":"","site-post-title":"","ast-breadcrumbs-content":"","ast-featured-img":"","footer-sml-layout":"","ast-disable-related-posts":"","theme-transparent-header-meta":"","adv-header-id-meta":"","stick-header-meta":"","header-above-stick-meta":"","header-main-stick-meta":"","header-below-stick-meta":"","astra-migrate-meta-layouts":"default","ast-page-background-enabled":"default","ast-page-background-meta":{"desktop":{"background-color":"var(--ast-global-color-4)","background-image":"","background-repeat":"repeat","background-position":"center center","background-size":"auto","background-attachment":"scroll","background-type":"","background-media":"","overlay-type":"","overlay-color":"","overlay-opacity":"","overlay-gradient":""},"tablet":{"background-color":"","background-image":"","background-repeat":"repeat","background-position":"center center","background-size":"auto","background-attachment":"scroll","background-type":"","background-media":"","overlay-type":"","overlay-color":"","overlay-opacity":"","overlay-gradient":""},"mobile":{"background-color":"","background-image":"","background-repeat":"repeat","background-position":"center center","background-size":"auto","background-attachment":"scroll","background-type":"","background-media":"","overlay-type":"","overlay-color":"","overlay-opacity":"","overlay-gradient":""}},"ast-content-background-meta":{"desktop":{"background-color":"var(--ast-global-color-5)","background-image":"","background-repeat":"repeat","background-position":"center center","background-size":"auto","background-attachment":"scroll","background-type":"","background-media":"","overlay-type":"","overlay-color":"","overlay-opacity":"","overlay-gradient":""},"tablet":{"background-color":"var(--ast-global-color-5)","background-image":"","background-repeat":"repeat","background-position":"center center","background-size":"auto","background-attachment":"scroll","background-type":"","background-media":"","overlay-type":"","overlay-color":"","overlay-opacity":"","overlay-gradient":""},"mobile":{"background-color":"var(--ast-global-color-5)","background-image":"","background-repeat":"repeat","background-position":"center center","background-size":"auto","background-attachment":"scroll","background-type":"","background-media":"","overlay-type":"","overlay-color":"","overlay-opacity":"","overlay-gradient":""}},"ngg_post_thumbnail":0,"footnotes":""},"class_list":["post-3361","page","type-page","status-publish","hentry"],"acf":[],"yoast_head":"<!-- This site is optimized with the Yoast SEO plugin v27.4 - https:\/\/yoast.com\/product\/yoast-seo-wordpress\/ -->\n<title>CASL Research Excellence Award - CASL - Canadian Association for the Study of the Liver<\/title>\n<meta name=\"description\" content=\"The CASL Research Excellence Award ceremony will place at the Joint CDDW\u2122-CLM Conference in Toronto, Ontario on March 1, 2024.\" \/>\n<meta name=\"robots\" content=\"index, follow, max-snippet:-1, max-image-preview:large, max-video-preview:-1\" \/>\n<link rel=\"canonical\" href=\"https:\/\/hepatology.ca\/fr\/casl-research-excellence-award\/\" \/>\n<meta property=\"og:locale\" content=\"fr_CA\" \/>\n<meta property=\"og:type\" content=\"article\" \/>\n<meta property=\"og:title\" content=\"CASL Research Excellence Award - CASL - Canadian Association for the Study of the Liver\" \/>\n<meta property=\"og:description\" content=\"The CASL Research Excellence Award ceremony will place at the Joint CDDW\u2122-CLM Conference in Toronto, Ontario on March 1, 2024.\" \/>\n<meta property=\"og:url\" content=\"https:\/\/hepatology.ca\/fr\/casl-research-excellence-award\/\" \/>\n<meta property=\"og:site_name\" content=\"CASL - Canadian Association for the Study of the Liver\" \/>\n<meta property=\"article:modified_time\" content=\"2024-06-19T21:29:13+00:00\" \/>\n<meta name=\"twitter:card\" content=\"summary_large_image\" \/>\n<meta name=\"twitter:label1\" content=\"Estimation du temps de lecture\" \/>\n\t<meta name=\"twitter:data1\" content=\"1 minute\" \/>\n<script type=\"application\/ld+json\" class=\"yoast-schema-graph\">{\"@context\":\"https:\\\/\\\/schema.org\",\"@graph\":[{\"@type\":\"WebPage\",\"@id\":\"https:\\\/\\\/hepatology.ca\\\/casl-research-excellence-award\\\/\",\"url\":\"https:\\\/\\\/hepatology.ca\\\/casl-research-excellence-award\\\/\",\"name\":\"CASL Research Excellence Award - CASL - Canadian Association for the Study of the Liver\",\"isPartOf\":{\"@id\":\"https:\\\/\\\/hepatology.ca\\\/#website\"},\"datePublished\":\"2023-10-30T19:05:03+00:00\",\"dateModified\":\"2024-06-19T21:29:13+00:00\",\"description\":\"The CASL Research Excellence Award ceremony will place at the Joint CDDW\u2122-CLM Conference in Toronto, Ontario on March 1, 2024.\",\"breadcrumb\":{\"@id\":\"https:\\\/\\\/hepatology.ca\\\/casl-research-excellence-award\\\/#breadcrumb\"},\"inLanguage\":\"fr-CA\",\"potentialAction\":[{\"@type\":\"ReadAction\",\"target\":[\"https:\\\/\\\/hepatology.ca\\\/casl-research-excellence-award\\\/\"]}]},{\"@type\":\"BreadcrumbList\",\"@id\":\"https:\\\/\\\/hepatology.ca\\\/casl-research-excellence-award\\\/#breadcrumb\",\"itemListElement\":[{\"@type\":\"ListItem\",\"position\":1,\"name\":\"Home\",\"item\":\"https:\\\/\\\/hepatology.ca\\\/\"},{\"@type\":\"ListItem\",\"position\":2,\"name\":\"CASL Research Excellence Award\"}]},{\"@type\":\"WebSite\",\"@id\":\"https:\\\/\\\/hepatology.ca\\\/#website\",\"url\":\"https:\\\/\\\/hepatology.ca\\\/\",\"name\":\"CASL\",\"description\":\"Canada\u2019s home for liver experts\",\"publisher\":{\"@id\":\"https:\\\/\\\/hepatology.ca\\\/#organization\"},\"potentialAction\":[{\"@type\":\"SearchAction\",\"target\":{\"@type\":\"EntryPoint\",\"urlTemplate\":\"https:\\\/\\\/hepatology.ca\\\/?s={search_term_string}\"},\"query-input\":{\"@type\":\"PropertyValueSpecification\",\"valueRequired\":true,\"valueName\":\"search_term_string\"}}],\"inLanguage\":\"fr-CA\"},{\"@type\":\"Organization\",\"@id\":\"https:\\\/\\\/hepatology.ca\\\/#organization\",\"name\":\"Canadian Association for the Study of the Liver\",\"url\":\"https:\\\/\\\/hepatology.ca\\\/\",\"logo\":{\"@type\":\"ImageObject\",\"inLanguage\":\"fr-CA\",\"@id\":\"https:\\\/\\\/hepatology.ca\\\/#\\\/schema\\\/logo\\\/image\\\/\",\"url\":\"https:\\\/\\\/hepatology.ca\\\/wp-content\\\/uploads\\\/2024\\\/06\\\/CASL-logo-transparent-background.png\",\"contentUrl\":\"https:\\\/\\\/hepatology.ca\\\/wp-content\\\/uploads\\\/2024\\\/06\\\/CASL-logo-transparent-background.png\",\"width\":1040,\"height\":294,\"caption\":\"Canadian Association for the Study of the Liver\"},\"image\":{\"@id\":\"https:\\\/\\\/hepatology.ca\\\/#\\\/schema\\\/logo\\\/image\\\/\"}}]}<\/script>\n<!-- \/ Yoast SEO plugin. -->","yoast_head_json":{"title":"Prix d&#039;excellence en recherche de l&#039;ACEF - Association canadienne pour l&#039;\u00e9tude du foie","description":"La c\u00e9r\u00e9monie de remise du prix d&#039;excellence en recherche de l&#039;Association canadienne des professeurs d&#039;universit\u00e9 (CASL) aura lieu lors de la conf\u00e9rence conjointe CDDW\u2122-CLM \u00e0 Toronto, en Ontario, le 1er mars 2024.","robots":{"index":"index","follow":"follow","max-snippet":"max-snippet:-1","max-image-preview":"max-image-preview:large","max-video-preview":"max-video-preview:-1"},"canonical":"https:\/\/hepatology.ca\/fr\/casl-research-excellence-award\/","og_locale":"fr_CA","og_type":"article","og_title":"CASL Research Excellence Award - CASL - Canadian Association for the Study of the Liver","og_description":"The CASL Research Excellence Award ceremony will place at the Joint CDDW\u2122-CLM Conference in Toronto, Ontario on March 1, 2024.","og_url":"https:\/\/hepatology.ca\/fr\/casl-research-excellence-award\/","og_site_name":"CASL - Canadian Association for the Study of the Liver","article_modified_time":"2024-06-19T21:29:13+00:00","twitter_card":"summary_large_image","twitter_misc":{"Estimation du temps de lecture":"1 minute"},"schema":{"@context":"https:\/\/schema.org","@graph":[{"@type":"WebPage","@id":"https:\/\/hepatology.ca\/casl-research-excellence-award\/","url":"https:\/\/hepatology.ca\/casl-research-excellence-award\/","name":"Prix d&#039;excellence en recherche de l&#039;ACEF - Association canadienne pour l&#039;\u00e9tude du foie","isPartOf":{"@id":"https:\/\/hepatology.ca\/#website"},"datePublished":"2023-10-30T19:05:03+00:00","dateModified":"2024-06-19T21:29:13+00:00","description":"La c\u00e9r\u00e9monie de remise du prix d&#039;excellence en recherche de l&#039;Association canadienne des professeurs d&#039;universit\u00e9 (CASL) aura lieu lors de la conf\u00e9rence conjointe CDDW\u2122-CLM \u00e0 Toronto, en Ontario, le 1er mars 2024.","breadcrumb":{"@id":"https:\/\/hepatology.ca\/casl-research-excellence-award\/#breadcrumb"},"inLanguage":"fr-CA","potentialAction":[{"@type":"ReadAction","target":["https:\/\/hepatology.ca\/casl-research-excellence-award\/"]}]},{"@type":"BreadcrumbList","@id":"https:\/\/hepatology.ca\/casl-research-excellence-award\/#breadcrumb","itemListElement":[{"@type":"ListItem","position":1,"name":"Home","item":"https:\/\/hepatology.ca\/"},{"@type":"ListItem","position":2,"name":"CASL Research Excellence Award"}]},{"@type":"WebSite","@id":"https:\/\/hepatology.ca\/#website","url":"https:\/\/hepatology.ca\/","name":"LCAP","description":"Le foyer canadien des experts du foie","publisher":{"@id":"https:\/\/hepatology.ca\/#organization"},"potentialAction":[{"@type":"SearchAction","target":{"@type":"EntryPoint","urlTemplate":"https:\/\/hepatology.ca\/?s={search_term_string}"},"query-input":{"@type":"PropertyValueSpecification","valueRequired":true,"valueName":"search_term_string"}}],"inLanguage":"fr-CA"},{"@type":"Organization","@id":"https:\/\/hepatology.ca\/#organization","name":"Association canadienne pour l&#039;\u00e9tude du foie","url":"https:\/\/hepatology.ca\/","logo":{"@type":"ImageObject","inLanguage":"fr-CA","@id":"https:\/\/hepatology.ca\/#\/schema\/logo\/image\/","url":"https:\/\/hepatology.ca\/wp-content\/uploads\/2024\/06\/CASL-logo-transparent-background.png","contentUrl":"https:\/\/hepatology.ca\/wp-content\/uploads\/2024\/06\/CASL-logo-transparent-background.png","width":1040,"height":294,"caption":"Canadian Association for the Study of the Liver"},"image":{"@id":"https:\/\/hepatology.ca\/#\/schema\/logo\/image\/"}}]}},"_links":{"self":[{"href":"https:\/\/hepatology.ca\/fr\/wp-json\/wp\/v2\/pages\/3361","targetHints":{"allow":["GET"]}}],"collection":[{"href":"https:\/\/hepatology.ca\/fr\/wp-json\/wp\/v2\/pages"}],"about":[{"href":"https:\/\/hepatology.ca\/fr\/wp-json\/wp\/v2\/types\/page"}],"author":[{"embeddable":true,"href":"https:\/\/hepatology.ca\/fr\/wp-json\/wp\/v2\/users\/3"}],"replies":[{"embeddable":true,"href":"https:\/\/hepatology.ca\/fr\/wp-json\/wp\/v2\/comments?post=3361"}],"version-history":[{"count":5,"href":"https:\/\/hepatology.ca\/fr\/wp-json\/wp\/v2\/pages\/3361\/revisions"}],"predecessor-version":[{"id":4112,"href":"https:\/\/hepatology.ca\/fr\/wp-json\/wp\/v2\/pages\/3361\/revisions\/4112"}],"wp:attachment":[{"href":"https:\/\/hepatology.ca\/fr\/wp-json\/wp\/v2\/media?parent=3361"}],"curies":[{"name":"wp","href":"https:\/\/api.w.org\/{rel}","templated":true}]}}