{"id":3322,"date":"2023-10-11T15:12:50","date_gmt":"2023-10-11T15:12:50","guid":{"rendered":"https:\/\/hepatology.ca\/?page_id=3322"},"modified":"2026-03-16T18:08:04","modified_gmt":"2026-03-16T18:08:04","slug":"casl-clf-visiting-professor-award-guidelines","status":"publish","type":"page","link":"https:\/\/hepatology.ca\/fr\/casl-awards\/casl-clf-visiting-professor-award-guidelines\/","title":{"rendered":"Lignes directrices pour le prix de professeur invit\u00e9 CASL-Liver Canada 2024"},"content":{"rendered":"<p><b><span data-contrast=\"none\">Aper\u00e7u<\/span><\/b><span data-ccp-props=\"{&quot;201341983&quot;:0,&quot;335559739&quot;:0,&quot;335559740&quot;:240}\">&nbsp;<\/span><\/p>\n<p><span data-contrast=\"auto\">La chaire de professeur invit\u00e9 de la CASL-CLF est d\u00e9cern\u00e9e \u00e0 un membre de la CASL reconnu comme une personne exceptionnelle en h\u00e9patologie, un excellent communicateur et un int\u00e9r\u00eat pour la recherche clinique, fondamentale ou translationnelle sur le foie.<\/span><span data-ccp-props=\"{&quot;134233117&quot;:true,&quot;134233118&quot;:true,&quot;201341983&quot;:0,&quot;335559739&quot;:200,&quot;335559740&quot;:240}\">&nbsp;<\/span><\/p>\n<p><b><span data-contrast=\"none\">Objectif et param\u00e8tres du programme<\/span><\/b><span data-ccp-props=\"{&quot;134233117&quot;:true,&quot;134233118&quot;:true,&quot;201341983&quot;:0,&quot;335559739&quot;:200,&quot;335559740&quot;:276}\">&nbsp;<\/span><\/p>\n<ul>\n<li><span data-contrast=\"auto\">L\u2019objectif du programme de chaire invit\u00e9e CASL-CLF est d\u2019offrir un programme \u00e9ducatif exceptionnel sur le foie aux professionnels de la sant\u00e9, aux paraprofessionnels, aux chercheurs et aux autres personnes impliqu\u00e9es dans les maladies du foie.<\/span><span data-ccp-props=\"{&quot;134233279&quot;:false,&quot;201341983&quot;:0,&quot;335559739&quot;:0,&quot;335559740&quot;:240}\">&nbsp;<\/span><\/li>\n<li><span data-contrast=\"auto\">Une conf\u00e9rence \u00ab \u00c9tat de l&#039;art \u00bb en h\u00e9patologie sera donn\u00e9e dans chaque centre d&#039;accueil. Le professeur invit\u00e9 participera \u00e9galement \u00e0 la formation des \u00e9tudiants de premier et de deuxi\u00e8me cycle sur le foie et \u00e0 l&#039;\u00e9change d&#039;id\u00e9es avec le personnel, les chercheurs, les stagiaires et les \u00e9tudiants, etc., dans la mesure du possible.<\/span><span data-ccp-props=\"{&quot;134233279&quot;:false,&quot;201341983&quot;:0,&quot;335559739&quot;:0,&quot;335559740&quot;:240}\">&nbsp;<\/span><\/li>\n<li><span data-contrast=\"auto\">Le laur\u00e9at visitera ou donnera des conf\u00e9rences dans au moins quatre centres canadiens au cours de l&#039;ann\u00e9e universitaire et devra inclure au moins une visite dans chacune des quatre r\u00e9gions du Canada :<\/span><span data-ccp-props=\"{&quot;134233279&quot;:false,&quot;201341983&quot;:0,&quot;335559739&quot;:0,&quot;335559740&quot;:240}\">&nbsp;<\/span>\n<ul>\n<li><span data-contrast=\"auto\">les provinces de l&#039;Ouest<\/span><span data-ccp-props=\"{&quot;134233279&quot;:false,&quot;201341983&quot;:0,&quot;335559739&quot;:0,&quot;335559740&quot;:240}\">&nbsp;<\/span><\/li>\n<li><span data-contrast=\"auto\">Ontario<\/span><span data-ccp-props=\"{&quot;134233279&quot;:false,&quot;201341983&quot;:0,&quot;335559739&quot;:0,&quot;335559740&quot;:240}\">&nbsp;<\/span><\/li>\n<li><span data-contrast=\"auto\">Qu\u00e9bec<\/span><span data-ccp-props=\"{&quot;134233279&quot;:false,&quot;201341983&quot;:0,&quot;335559739&quot;:0,&quot;335559740&quot;:240}\">&nbsp;<\/span><\/li>\n<li><span data-contrast=\"auto\">les provinces maritimes<\/span><span data-ccp-props=\"{&quot;134233279&quot;:false,&quot;201341983&quot;:0,&quot;335559739&quot;:0,&quot;335559740&quot;:240}\">&nbsp;<\/span><\/li>\n<\/ul>\n<\/li>\n<li><span data-contrast=\"auto\">Les visites des laur\u00e9ats seront coordonn\u00e9es par le laur\u00e9at, un contact d\u00e9sign\u00e9 dans chaque centre d\u2019accueil et le bureau de la CASL.<\/span><span data-ccp-props=\"{&quot;134233279&quot;:false,&quot;201341983&quot;:0,&quot;335559739&quot;:0,&quot;335559740&quot;:240}\">&nbsp;<\/span><\/li>\n<\/ul>\n<p><b><span data-contrast=\"none\">Date limite<\/span><\/b><span data-ccp-props=\"{&quot;134233117&quot;:true,&quot;134233118&quot;:true,&quot;201341983&quot;:0,&quot;335559739&quot;:200,&quot;335559740&quot;:276}\">&nbsp;<\/span><\/p>\n<p><span data-contrast=\"none\">Les candidatures pour le prix de professeur invit\u00e9 de l&#039;ACSL doivent \u00eatre soumises via <a href=\"https:\/\/forms.office.com\/e\/HWJ5TdW0ZZ\" target=\"_blank\" rel=\"noopener\">ce <\/a><\/span><a href=\"\/fr\/_wp_link_placeholder\/\"><span data-contrast=\"none\">lien<\/span><\/a><span data-contrast=\"none\"> ou le formulaire ci-dessous au plus tard le 15 d\u00e9cembre 2023.<\/span><strong> (MAINTENANT FERM\u00c9)<\/strong><\/p>\n<p><b><span data-contrast=\"none\">Remise des prix<\/span><\/b><span data-ccp-props=\"{&quot;134233117&quot;:true,&quot;134233118&quot;:true,&quot;201341983&quot;:0,&quot;335559739&quot;:200,&quot;335559740&quot;:276}\">&nbsp;<\/span><\/p>\n<p><span data-contrast=\"none\">Le prix sera remis au prochain <\/span><span data-contrast=\"auto\">Professeur invit\u00e9 CASL-CLF <\/span><span data-contrast=\"none\">lors de la c\u00e9r\u00e9monie de remise des prix de la CASL, qui aura lieu lors de la conf\u00e9rence conjointe CDDW\u2122-CLM \u00e0 Toronto, en Ontario, du 1er au 3 mars 2024. Le bureau de la CASL se coordonnera avec le laur\u00e9at du prix avant la r\u00e9union pour coordonner la logistique.<\/span><span data-ccp-props=\"{&quot;134233117&quot;:true,&quot;134233118&quot;:true,&quot;201341983&quot;:0,&quot;335559739&quot;:200,&quot;335559740&quot;:276}\">&nbsp;<\/span><\/p>\n\n\n<div style=\"height:100px\" aria-hidden=\"true\" class=\"wp-block-spacer\"><\/div>\n\n\n\n<p><strong>PROFESSEURS INVIT\u00c9S DE L&#039;AC\u00c9F - ANCIENNES R\u00c9CIPIENDAIRES<\/strong><\/p>\n\n\n\n<figure class=\"wp-block-table\"><table><tbody><tr><td>2022 \u2013 2023<\/td><td>Dr Christopher Rose<\/td><\/tr><tr><td>2021-2022<\/td><td>Dr Puneeta Tandon<\/td><\/tr><tr><td>2020 \u2013 2021<\/td><td>Morris Sherman<\/td><\/tr><tr><td>2019 \u2013 2020<\/td><td>Paul Adams<\/td><\/tr><tr><td>2018 \u2013 2019<\/td><td>Andrew Mason<\/td><\/tr><\/tbody><\/table><\/figure>","protected":false},"excerpt":{"rendered":"<p>Overview&nbsp; The CASL-CLF Visiting Professorship is awarded to a CASL member who is recognized as an outstanding individual in hepatology, [&hellip;]<\/p>\n","protected":false},"author":3,"featured_media":0,"parent":1920,"menu_order":12,"comment_status":"closed","ping_status":"closed","template":"","meta":{"_acf_changed":false,"site-sidebar-layout":"default","site-content-layout":"","ast-site-content-layout":"default","site-content-style":"default","site-sidebar-style":"default","ast-global-header-display":"","ast-banner-title-visibility":"","ast-main-header-display":"","ast-hfb-above-header-display":"","ast-hfb-below-header-display":"","ast-hfb-mobile-header-display":"","site-post-title":"","ast-breadcrumbs-content":"","ast-featured-img":"","footer-sml-layout":"","ast-disable-related-posts":"","theme-transparent-header-meta":"","adv-header-id-meta":"","stick-header-meta":"","header-above-stick-meta":"","header-main-stick-meta":"","header-below-stick-meta":"","astra-migrate-meta-layouts":"default","ast-page-background-enabled":"default","ast-page-background-meta":{"desktop":{"background-color":"var(--ast-global-color-4)","background-image":"","background-repeat":"repeat","background-position":"center center","background-size":"auto","background-attachment":"scroll","background-type":"","background-media":"","overlay-type":"","overlay-color":"","overlay-opacity":"","overlay-gradient":""},"tablet":{"background-color":"","background-image":"","background-repeat":"repeat","background-position":"center center","background-size":"auto","background-attachment":"scroll","background-type":"","background-media":"","overlay-type":"","overlay-color":"","overlay-opacity":"","overlay-gradient":""},"mobile":{"background-color":"","background-image":"","background-repeat":"repeat","background-position":"center center","background-size":"auto","background-attachment":"scroll","background-type":"","background-media":"","overlay-type":"","overlay-color":"","overlay-opacity":"","overlay-gradient":""}},"ast-content-background-meta":{"desktop":{"background-color":"var(--ast-global-color-5)","background-image":"","background-repeat":"repeat","background-position":"center center","background-size":"auto","background-attachment":"scroll","background-type":"","background-media":"","overlay-type":"","overlay-color":"","overlay-opacity":"","overlay-gradient":""},"tablet":{"background-color":"var(--ast-global-color-5)","background-image":"","background-repeat":"repeat","background-position":"center center","background-size":"auto","background-attachment":"scroll","background-type":"","background-media":"","overlay-type":"","overlay-color":"","overlay-opacity":"","overlay-gradient":""},"mobile":{"background-color":"var(--ast-global-color-5)","background-image":"","background-repeat":"repeat","background-position":"center center","background-size":"auto","background-attachment":"scroll","background-type":"","background-media":"","overlay-type":"","overlay-color":"","overlay-opacity":"","overlay-gradient":""}},"ngg_post_thumbnail":0,"footnotes":""},"class_list":["post-3322","page","type-page","status-publish","hentry"],"acf":[],"yoast_head":"<!-- This site is optimized with the Yoast SEO plugin v27.4 - https:\/\/yoast.com\/product\/yoast-seo-wordpress\/ -->\n<title>2024 CASL-Liver Canada Visiting Professorship Award Guidelines - CASL - Canadian Association for the Study of the Liver<\/title>\n<meta name=\"description\" content=\"The CASL-CLF Visiting Professorship is awarded to a CASL member who is recognized as an outstanding individual in hepatology, an excellent communicator, and with an interest in clinical, basic science or translational liver research.\u00a0\" \/>\n<meta name=\"robots\" content=\"index, follow, max-snippet:-1, max-image-preview:large, max-video-preview:-1\" \/>\n<link rel=\"canonical\" href=\"https:\/\/hepatology.ca\/fr\/casl-awards\/casl-clf-visiting-professor-award-guidelines\/\" \/>\n<meta property=\"og:locale\" content=\"fr_CA\" \/>\n<meta property=\"og:type\" content=\"article\" \/>\n<meta property=\"og:title\" content=\"2024 CASL-Liver Canada Visiting Professorship Award Guidelines - CASL - Canadian Association for the Study of the Liver\" \/>\n<meta property=\"og:description\" content=\"The CASL-CLF Visiting Professorship is awarded to a CASL member who is recognized as an outstanding individual in hepatology, an excellent communicator, and with an interest in clinical, basic science or translational liver research.\u00a0\" \/>\n<meta property=\"og:url\" content=\"https:\/\/hepatology.ca\/fr\/casl-awards\/casl-clf-visiting-professor-award-guidelines\/\" \/>\n<meta property=\"og:site_name\" content=\"CASL - Canadian Association for the Study of the Liver\" \/>\n<meta property=\"article:modified_time\" content=\"2026-03-16T18:08:04+00:00\" \/>\n<meta name=\"twitter:card\" content=\"summary_large_image\" \/>\n<meta name=\"twitter:label1\" content=\"Estimation du temps de lecture\" \/>\n\t<meta name=\"twitter:data1\" content=\"2 minutes\" \/>\n<script type=\"application\/ld+json\" class=\"yoast-schema-graph\">{\"@context\":\"https:\\\/\\\/schema.org\",\"@graph\":[{\"@type\":\"WebPage\",\"@id\":\"https:\\\/\\\/hepatology.ca\\\/casl-awards\\\/casl-clf-visiting-professor-award-guidelines\\\/\",\"url\":\"https:\\\/\\\/hepatology.ca\\\/casl-awards\\\/casl-clf-visiting-professor-award-guidelines\\\/\",\"name\":\"2024 CASL-Liver Canada Visiting Professorship Award Guidelines - CASL - Canadian Association for the Study of the Liver\",\"isPartOf\":{\"@id\":\"https:\\\/\\\/hepatology.ca\\\/#website\"},\"datePublished\":\"2023-10-11T15:12:50+00:00\",\"dateModified\":\"2026-03-16T18:08:04+00:00\",\"description\":\"The CASL-CLF Visiting Professorship is awarded to a CASL member who is recognized as an outstanding individual in hepatology, an excellent communicator, and with an interest in clinical, basic science or translational liver research.\u00a0\",\"breadcrumb\":{\"@id\":\"https:\\\/\\\/hepatology.ca\\\/casl-awards\\\/casl-clf-visiting-professor-award-guidelines\\\/#breadcrumb\"},\"inLanguage\":\"fr-CA\",\"potentialAction\":[{\"@type\":\"ReadAction\",\"target\":[\"https:\\\/\\\/hepatology.ca\\\/casl-awards\\\/casl-clf-visiting-professor-award-guidelines\\\/\"]}]},{\"@type\":\"BreadcrumbList\",\"@id\":\"https:\\\/\\\/hepatology.ca\\\/casl-awards\\\/casl-clf-visiting-professor-award-guidelines\\\/#breadcrumb\",\"itemListElement\":[{\"@type\":\"ListItem\",\"position\":1,\"name\":\"Home\",\"item\":\"https:\\\/\\\/hepatology.ca\\\/\"},{\"@type\":\"ListItem\",\"position\":2,\"name\":\"Awards\",\"item\":\"https:\\\/\\\/hepatology.ca\\\/casl-awards\\\/\"},{\"@type\":\"ListItem\",\"position\":3,\"name\":\"2024 CASL-Liver Canada Visiting Professorship Award Guidelines\"}]},{\"@type\":\"WebSite\",\"@id\":\"https:\\\/\\\/hepatology.ca\\\/#website\",\"url\":\"https:\\\/\\\/hepatology.ca\\\/\",\"name\":\"CASL\",\"description\":\"Canada\u2019s home for liver experts\",\"publisher\":{\"@id\":\"https:\\\/\\\/hepatology.ca\\\/#organization\"},\"potentialAction\":[{\"@type\":\"SearchAction\",\"target\":{\"@type\":\"EntryPoint\",\"urlTemplate\":\"https:\\\/\\\/hepatology.ca\\\/?s={search_term_string}\"},\"query-input\":{\"@type\":\"PropertyValueSpecification\",\"valueRequired\":true,\"valueName\":\"search_term_string\"}}],\"inLanguage\":\"fr-CA\"},{\"@type\":\"Organization\",\"@id\":\"https:\\\/\\\/hepatology.ca\\\/#organization\",\"name\":\"Canadian Association for the Study of the Liver\",\"url\":\"https:\\\/\\\/hepatology.ca\\\/\",\"logo\":{\"@type\":\"ImageObject\",\"inLanguage\":\"fr-CA\",\"@id\":\"https:\\\/\\\/hepatology.ca\\\/#\\\/schema\\\/logo\\\/image\\\/\",\"url\":\"https:\\\/\\\/hepatology.ca\\\/wp-content\\\/uploads\\\/2024\\\/06\\\/CASL-logo-transparent-background.png\",\"contentUrl\":\"https:\\\/\\\/hepatology.ca\\\/wp-content\\\/uploads\\\/2024\\\/06\\\/CASL-logo-transparent-background.png\",\"width\":1040,\"height\":294,\"caption\":\"Canadian Association for the Study of the Liver\"},\"image\":{\"@id\":\"https:\\\/\\\/hepatology.ca\\\/#\\\/schema\\\/logo\\\/image\\\/\"}}]}<\/script>\n<!-- \/ Yoast SEO plugin. -->","yoast_head_json":{"title":"2024 CASL-Liver Canada Visiting Professorship Award Guidelines - CASL - Canadian Association for the Study of the Liver","description":"La chaire de professeur invit\u00e9 de la CASL-CLF est d\u00e9cern\u00e9e \u00e0 un membre de la CASL reconnu comme une personne exceptionnelle en h\u00e9patologie, un excellent communicateur et un int\u00e9r\u00eat pour la recherche clinique, fondamentale ou translationnelle sur le foie.\u00a0","robots":{"index":"index","follow":"follow","max-snippet":"max-snippet:-1","max-image-preview":"max-image-preview:large","max-video-preview":"max-video-preview:-1"},"canonical":"https:\/\/hepatology.ca\/fr\/casl-awards\/casl-clf-visiting-professor-award-guidelines\/","og_locale":"fr_CA","og_type":"article","og_title":"2024 CASL-Liver Canada Visiting Professorship Award Guidelines - CASL - Canadian Association for the Study of the Liver","og_description":"The CASL-CLF Visiting Professorship is awarded to a CASL member who is recognized as an outstanding individual in hepatology, an excellent communicator, and with an interest in clinical, basic science or translational liver research.\u00a0","og_url":"https:\/\/hepatology.ca\/fr\/casl-awards\/casl-clf-visiting-professor-award-guidelines\/","og_site_name":"CASL - Canadian Association for the Study of the Liver","article_modified_time":"2026-03-16T18:08:04+00:00","twitter_card":"summary_large_image","twitter_misc":{"Estimation du temps de lecture":"2 minutes"},"schema":{"@context":"https:\/\/schema.org","@graph":[{"@type":"WebPage","@id":"https:\/\/hepatology.ca\/casl-awards\/casl-clf-visiting-professor-award-guidelines\/","url":"https:\/\/hepatology.ca\/casl-awards\/casl-clf-visiting-professor-award-guidelines\/","name":"2024 CASL-Liver Canada Visiting Professorship Award Guidelines - CASL - Canadian Association for the Study of the Liver","isPartOf":{"@id":"https:\/\/hepatology.ca\/#website"},"datePublished":"2023-10-11T15:12:50+00:00","dateModified":"2026-03-16T18:08:04+00:00","description":"La chaire de professeur invit\u00e9 de la CASL-CLF est d\u00e9cern\u00e9e \u00e0 un membre de la CASL reconnu comme une personne exceptionnelle en h\u00e9patologie, un excellent communicateur et un int\u00e9r\u00eat pour la recherche clinique, fondamentale ou translationnelle sur le foie.\u00a0","breadcrumb":{"@id":"https:\/\/hepatology.ca\/casl-awards\/casl-clf-visiting-professor-award-guidelines\/#breadcrumb"},"inLanguage":"fr-CA","potentialAction":[{"@type":"ReadAction","target":["https:\/\/hepatology.ca\/casl-awards\/casl-clf-visiting-professor-award-guidelines\/"]}]},{"@type":"BreadcrumbList","@id":"https:\/\/hepatology.ca\/casl-awards\/casl-clf-visiting-professor-award-guidelines\/#breadcrumb","itemListElement":[{"@type":"ListItem","position":1,"name":"Home","item":"https:\/\/hepatology.ca\/"},{"@type":"ListItem","position":2,"name":"Awards","item":"https:\/\/hepatology.ca\/casl-awards\/"},{"@type":"ListItem","position":3,"name":"2024 CASL-Liver Canada Visiting Professorship Award Guidelines"}]},{"@type":"WebSite","@id":"https:\/\/hepatology.ca\/#website","url":"https:\/\/hepatology.ca\/","name":"LCAP","description":"Le foyer canadien des experts du foie","publisher":{"@id":"https:\/\/hepatology.ca\/#organization"},"potentialAction":[{"@type":"SearchAction","target":{"@type":"EntryPoint","urlTemplate":"https:\/\/hepatology.ca\/?s={search_term_string}"},"query-input":{"@type":"PropertyValueSpecification","valueRequired":true,"valueName":"search_term_string"}}],"inLanguage":"fr-CA"},{"@type":"Organization","@id":"https:\/\/hepatology.ca\/#organization","name":"Association canadienne pour l&#039;\u00e9tude du foie","url":"https:\/\/hepatology.ca\/","logo":{"@type":"ImageObject","inLanguage":"fr-CA","@id":"https:\/\/hepatology.ca\/#\/schema\/logo\/image\/","url":"https:\/\/hepatology.ca\/wp-content\/uploads\/2024\/06\/CASL-logo-transparent-background.png","contentUrl":"https:\/\/hepatology.ca\/wp-content\/uploads\/2024\/06\/CASL-logo-transparent-background.png","width":1040,"height":294,"caption":"Canadian Association for the Study of the Liver"},"image":{"@id":"https:\/\/hepatology.ca\/#\/schema\/logo\/image\/"}}]}},"_links":{"self":[{"href":"https:\/\/hepatology.ca\/fr\/wp-json\/wp\/v2\/pages\/3322","targetHints":{"allow":["GET"]}}],"collection":[{"href":"https:\/\/hepatology.ca\/fr\/wp-json\/wp\/v2\/pages"}],"about":[{"href":"https:\/\/hepatology.ca\/fr\/wp-json\/wp\/v2\/types\/page"}],"author":[{"embeddable":true,"href":"https:\/\/hepatology.ca\/fr\/wp-json\/wp\/v2\/users\/3"}],"replies":[{"embeddable":true,"href":"https:\/\/hepatology.ca\/fr\/wp-json\/wp\/v2\/comments?post=3322"}],"version-history":[{"count":8,"href":"https:\/\/hepatology.ca\/fr\/wp-json\/wp\/v2\/pages\/3322\/revisions"}],"predecessor-version":[{"id":5196,"href":"https:\/\/hepatology.ca\/fr\/wp-json\/wp\/v2\/pages\/3322\/revisions\/5196"}],"up":[{"embeddable":true,"href":"https:\/\/hepatology.ca\/fr\/wp-json\/wp\/v2\/pages\/1920"}],"wp:attachment":[{"href":"https:\/\/hepatology.ca\/fr\/wp-json\/wp\/v2\/media?parent=3322"}],"curies":[{"name":"wp","href":"https:\/\/api.w.org\/{rel}","templated":true}]}}