{"id":33,"date":"2012-06-28T20:12:06","date_gmt":"2012-06-28T20:12:06","guid":{"rendered":"http:\/\/casl.resonatedesign.ca\/?page_id=30"},"modified":"2024-06-08T21:56:24","modified_gmt":"2024-06-08T21:56:24","slug":"publications","status":"publish","type":"page","link":"https:\/\/hepatology.ca\/fr\/publications\/","title":{"rendered":"Publications"},"content":{"rendered":"<p style=\"text-align: left;\">L&#039;Association canadienne pour l&#039;\u00e9tude du foie est heureuse de fournir un certain nombre de publications et de ressources pour contribuer \u00e0 l&#039;avancement des connaissances, de la recherche et de l&#039;\u00e9ducation des membres des communaut\u00e9s d&#039;h\u00e9patologie canadiennes et internationales.<\/p>\n<p>Il s\u2019agit notamment de :<\/p>\n<ul>\n<li>notre journal phare, le <a href=\"https:\/\/canlivj.utpjournals.press\/\" target=\"_blank\" rel=\"noopener\">Journal canadien du foie<\/a>, une publication en libre acc\u00e8s et \u00e9valu\u00e9e par des pairs.<\/li>\n<li><a href=\"https:\/\/hepatology.ca\/fr\/publications\/guidelines\/\">Lignes directrices<\/a> et les d\u00e9clarations de consensus ;<\/li>\n<li>notre bulletin d&#039;information pour les membres ; et<\/li>\n<li>bulletins d&#039;information et circulaires d&#039;information fournis par les partenaires et les organismes affili\u00e9s de la LCAP<\/li>\n<\/ul>\n<p>&nbsp;<\/p>\n<hr>\n<h4><strong><em>Les membres de la CASL b\u00e9n\u00e9ficient \u00e9galement d\u2019abonnements aux revues suivantes en guise d\u2019avantage suppl\u00e9mentaire de leur adh\u00e9sion :<\/em><\/strong><\/h4>\n<h3><a href=\"http:\/\/www.annalsofhepatology.com\" target=\"_blank\" rel=\"noopener noreferrer\">Annales d&#039;H\u00e9patologie<\/a><\/h3>\n<p><img decoding=\"async\" class=\"wp-image-2957 alignright\" src=\"https:\/\/hepatology.ca\/wp-content\/uploads\/2022\/01\/AoH-logo-300x266.png\" alt=\"\" width=\"208\" height=\"185\" srcset=\"https:\/\/hepatology.ca\/wp-content\/uploads\/2022\/01\/AoH-logo-300x266.png 300w, https:\/\/hepatology.ca\/wp-content\/uploads\/2022\/01\/AoH-logo-1024x908.png 1024w, https:\/\/hepatology.ca\/wp-content\/uploads\/2022\/01\/AoH-logo-768x681.png 768w, https:\/\/hepatology.ca\/wp-content\/uploads\/2022\/01\/AoH-logo.png 1033w\" sizes=\"(max-width: 208px) 100vw, 208px\" \/><\/p>\n<p><em>Annales d&#039;H\u00e9patologie<\/em> est la revue scientifique officielle de l&#039;Association mexicaine d&#039;h\u00e9patologie, de l&#039;Association latino-am\u00e9ricaine pour l&#039;\u00e9tude du foie et de la Soci\u00e9t\u00e9 tch\u00e8que d&#039;h\u00e9patologie. Elle est financ\u00e9e par <i>Fundaci\u00f3n Cl\u00ednica M\u00e9dica Sur <\/i>et publi\u00e9 par Elsevier. AoH est une publication bimestrielle avec un facteur d&#039;impact de 2,4 et un CiteScore de 4 qui publie des recherches originales sur la biologie et les maladies du foie chez l&#039;homme et les mod\u00e8les exp\u00e9rimentaux. Les contributions peuvent \u00eatre soumises sous forme d&#039;articles r\u00e9guliers. La revue publie \u00e9galement des revues concises sur des sujets fondamentaux et cliniques. Les auteurs int\u00e9ress\u00e9s \u00e0 contribuer \u00e0 des revues sont pri\u00e9s de contacter d&#039;abord le r\u00e9dacteur en chef ou l&#039;un des r\u00e9dacteurs associ\u00e9s avec un aper\u00e7u de l&#039;article propos\u00e9. Les rapports de cas cliniques sont pris en compte s&#039;ils fournissent de nouvelles informations significatives sur une maladie sp\u00e9cifique. Les lettres au r\u00e9dacteur en chef peuvent \u00eatre soumises \u00e0 un examen par les pairs et subir une \u00e9dition pour plus de clart\u00e9 et de concision.<\/p>","protected":false},"excerpt":{"rendered":"<p>The Canadian Association for the Study of the Liver is pleased to provide a number of publications and resources to [&hellip;]<\/p>\n","protected":false},"author":3,"featured_media":0,"parent":0,"menu_order":31,"comment_status":"closed","ping_status":"closed","template":"","meta":{"_acf_changed":false,"site-sidebar-layout":"default","site-content-layout":"","ast-site-content-layout":"default","site-content-style":"default","site-sidebar-style":"default","ast-global-header-display":"","ast-banner-title-visibility":"","ast-main-header-display":"","ast-hfb-above-header-display":"","ast-hfb-below-header-display":"","ast-hfb-mobile-header-display":"","site-post-title":"","ast-breadcrumbs-content":"","ast-featured-img":"","footer-sml-layout":"","ast-disable-related-posts":"","theme-transparent-header-meta":"","adv-header-id-meta":"","stick-header-meta":"","header-above-stick-meta":"","header-main-stick-meta":"","header-below-stick-meta":"","astra-migrate-meta-layouts":"default","ast-page-background-enabled":"default","ast-page-background-meta":{"desktop":{"background-color":"var(--ast-global-color-4)","background-image":"","background-repeat":"repeat","background-position":"center center","background-size":"auto","background-attachment":"scroll","background-type":"","background-media":"","overlay-type":"","overlay-color":"","overlay-opacity":"","overlay-gradient":""},"tablet":{"background-color":"","background-image":"","background-repeat":"repeat","background-position":"center center","background-size":"auto","background-attachment":"scroll","background-type":"","background-media":"","overlay-type":"","overlay-color":"","overlay-opacity":"","overlay-gradient":""},"mobile":{"background-color":"","background-image":"","background-repeat":"repeat","background-position":"center center","background-size":"auto","background-attachment":"scroll","background-type":"","background-media":"","overlay-type":"","overlay-color":"","overlay-opacity":"","overlay-gradient":""}},"ast-content-background-meta":{"desktop":{"background-color":"var(--ast-global-color-5)","background-image":"","background-repeat":"repeat","background-position":"center center","background-size":"auto","background-attachment":"scroll","background-type":"","background-media":"","overlay-type":"","overlay-color":"","overlay-opacity":"","overlay-gradient":""},"tablet":{"background-color":"var(--ast-global-color-5)","background-image":"","background-repeat":"repeat","background-position":"center center","background-size":"auto","background-attachment":"scroll","background-type":"","background-media":"","overlay-type":"","overlay-color":"","overlay-opacity":"","overlay-gradient":""},"mobile":{"background-color":"var(--ast-global-color-5)","background-image":"","background-repeat":"repeat","background-position":"center center","background-size":"auto","background-attachment":"scroll","background-type":"","background-media":"","overlay-type":"","overlay-color":"","overlay-opacity":"","overlay-gradient":""}},"ngg_post_thumbnail":0,"footnotes":""},"class_list":["post-33","page","type-page","status-publish","hentry"],"acf":[],"yoast_head":"<!-- This site is optimized with the Yoast SEO plugin v27.5 - https:\/\/yoast.com\/product\/yoast-seo-wordpress\/ -->\n<title>Publications - CASL - Canadian Association for the Study of the Liver<\/title>\n<meta name=\"robots\" content=\"index, follow, max-snippet:-1, max-image-preview:large, max-video-preview:-1\" \/>\n<link rel=\"canonical\" href=\"https:\/\/hepatology.ca\/fr\/publications\/\" \/>\n<meta property=\"og:locale\" content=\"fr_CA\" \/>\n<meta property=\"og:type\" content=\"article\" \/>\n<meta property=\"og:title\" content=\"Publications - CASL - Canadian Association for the Study of the Liver\" \/>\n<meta property=\"og:description\" content=\"The Canadian Association for the Study of the Liver is pleased to provide a number of publications and resources to [&hellip;]\" \/>\n<meta property=\"og:url\" content=\"https:\/\/hepatology.ca\/fr\/publications\/\" \/>\n<meta property=\"og:site_name\" content=\"CASL - Canadian Association for the Study of the Liver\" \/>\n<meta property=\"article:modified_time\" content=\"2024-06-08T21:56:24+00:00\" \/>\n<meta property=\"og:image\" content=\"https:\/\/hepatology.ca\/wp-content\/uploads\/2022\/01\/AoH-logo-300x266.png\" \/>\n<meta name=\"twitter:card\" content=\"summary_large_image\" \/>\n<meta name=\"twitter:label1\" content=\"Estimation du temps de lecture\" \/>\n\t<meta name=\"twitter:data1\" content=\"2 minutes\" \/>\n<script type=\"application\/ld+json\" class=\"yoast-schema-graph\">{\"@context\":\"https:\\\/\\\/schema.org\",\"@graph\":[{\"@type\":\"WebPage\",\"@id\":\"https:\\\/\\\/hepatology.ca\\\/publications\\\/\",\"url\":\"https:\\\/\\\/hepatology.ca\\\/publications\\\/\",\"name\":\"Publications - CASL - Canadian Association for the Study of the Liver\",\"isPartOf\":{\"@id\":\"https:\\\/\\\/hepatology.ca\\\/#website\"},\"primaryImageOfPage\":{\"@id\":\"https:\\\/\\\/hepatology.ca\\\/publications\\\/#primaryimage\"},\"image\":{\"@id\":\"https:\\\/\\\/hepatology.ca\\\/publications\\\/#primaryimage\"},\"thumbnailUrl\":\"https:\\\/\\\/hepatology.ca\\\/wp-content\\\/uploads\\\/2022\\\/01\\\/AoH-logo-300x266.png\",\"datePublished\":\"2012-06-28T20:12:06+00:00\",\"dateModified\":\"2024-06-08T21:56:24+00:00\",\"breadcrumb\":{\"@id\":\"https:\\\/\\\/hepatology.ca\\\/publications\\\/#breadcrumb\"},\"inLanguage\":\"fr-CA\",\"potentialAction\":[{\"@type\":\"ReadAction\",\"target\":[\"https:\\\/\\\/hepatology.ca\\\/publications\\\/\"]}]},{\"@type\":\"ImageObject\",\"inLanguage\":\"fr-CA\",\"@id\":\"https:\\\/\\\/hepatology.ca\\\/publications\\\/#primaryimage\",\"url\":\"https:\\\/\\\/hepatology.ca\\\/wp-content\\\/uploads\\\/2022\\\/01\\\/AoH-logo-300x266.png\",\"contentUrl\":\"https:\\\/\\\/hepatology.ca\\\/wp-content\\\/uploads\\\/2022\\\/01\\\/AoH-logo-300x266.png\"},{\"@type\":\"BreadcrumbList\",\"@id\":\"https:\\\/\\\/hepatology.ca\\\/publications\\\/#breadcrumb\",\"itemListElement\":[{\"@type\":\"ListItem\",\"position\":1,\"name\":\"Home\",\"item\":\"https:\\\/\\\/hepatology.ca\\\/\"},{\"@type\":\"ListItem\",\"position\":2,\"name\":\"Publications\"}]},{\"@type\":\"WebSite\",\"@id\":\"https:\\\/\\\/hepatology.ca\\\/#website\",\"url\":\"https:\\\/\\\/hepatology.ca\\\/\",\"name\":\"CASL\",\"description\":\"Canada\u2019s home for liver experts\",\"publisher\":{\"@id\":\"https:\\\/\\\/hepatology.ca\\\/#organization\"},\"potentialAction\":[{\"@type\":\"SearchAction\",\"target\":{\"@type\":\"EntryPoint\",\"urlTemplate\":\"https:\\\/\\\/hepatology.ca\\\/?s={search_term_string}\"},\"query-input\":{\"@type\":\"PropertyValueSpecification\",\"valueRequired\":true,\"valueName\":\"search_term_string\"}}],\"inLanguage\":\"fr-CA\"},{\"@type\":\"Organization\",\"@id\":\"https:\\\/\\\/hepatology.ca\\\/#organization\",\"name\":\"Canadian Association for the Study of the Liver\",\"url\":\"https:\\\/\\\/hepatology.ca\\\/\",\"logo\":{\"@type\":\"ImageObject\",\"inLanguage\":\"fr-CA\",\"@id\":\"https:\\\/\\\/hepatology.ca\\\/#\\\/schema\\\/logo\\\/image\\\/\",\"url\":\"https:\\\/\\\/hepatology.ca\\\/wp-content\\\/uploads\\\/2024\\\/06\\\/CASL-logo-transparent-background.png\",\"contentUrl\":\"https:\\\/\\\/hepatology.ca\\\/wp-content\\\/uploads\\\/2024\\\/06\\\/CASL-logo-transparent-background.png\",\"width\":1040,\"height\":294,\"caption\":\"Canadian Association for the Study of the Liver\"},\"image\":{\"@id\":\"https:\\\/\\\/hepatology.ca\\\/#\\\/schema\\\/logo\\\/image\\\/\"}}]}<\/script>\n<!-- \/ Yoast SEO plugin. -->","yoast_head_json":{"title":"Publications - CASL - Association canadienne pour l&#039;\u00e9tude du foie","robots":{"index":"index","follow":"follow","max-snippet":"max-snippet:-1","max-image-preview":"max-image-preview:large","max-video-preview":"max-video-preview:-1"},"canonical":"https:\/\/hepatology.ca\/fr\/publications\/","og_locale":"fr_CA","og_type":"article","og_title":"Publications - CASL - Canadian Association for the Study of the Liver","og_description":"The Canadian Association for the Study of the Liver is pleased to provide a number of publications and resources to [&hellip;]","og_url":"https:\/\/hepatology.ca\/fr\/publications\/","og_site_name":"CASL - Canadian Association for the Study of the Liver","article_modified_time":"2024-06-08T21:56:24+00:00","og_image":[{"url":"https:\/\/hepatology.ca\/wp-content\/uploads\/2022\/01\/AoH-logo-300x266.png","type":"","width":"","height":""}],"twitter_card":"summary_large_image","twitter_misc":{"Estimation du temps de lecture":"2 minutes"},"schema":{"@context":"https:\/\/schema.org","@graph":[{"@type":"WebPage","@id":"https:\/\/hepatology.ca\/publications\/","url":"https:\/\/hepatology.ca\/publications\/","name":"Publications - CASL - Association canadienne pour l&#039;\u00e9tude du foie","isPartOf":{"@id":"https:\/\/hepatology.ca\/#website"},"primaryImageOfPage":{"@id":"https:\/\/hepatology.ca\/publications\/#primaryimage"},"image":{"@id":"https:\/\/hepatology.ca\/publications\/#primaryimage"},"thumbnailUrl":"https:\/\/hepatology.ca\/wp-content\/uploads\/2022\/01\/AoH-logo-300x266.png","datePublished":"2012-06-28T20:12:06+00:00","dateModified":"2024-06-08T21:56:24+00:00","breadcrumb":{"@id":"https:\/\/hepatology.ca\/publications\/#breadcrumb"},"inLanguage":"fr-CA","potentialAction":[{"@type":"ReadAction","target":["https:\/\/hepatology.ca\/publications\/"]}]},{"@type":"ImageObject","inLanguage":"fr-CA","@id":"https:\/\/hepatology.ca\/publications\/#primaryimage","url":"https:\/\/hepatology.ca\/wp-content\/uploads\/2022\/01\/AoH-logo-300x266.png","contentUrl":"https:\/\/hepatology.ca\/wp-content\/uploads\/2022\/01\/AoH-logo-300x266.png"},{"@type":"BreadcrumbList","@id":"https:\/\/hepatology.ca\/publications\/#breadcrumb","itemListElement":[{"@type":"ListItem","position":1,"name":"Home","item":"https:\/\/hepatology.ca\/"},{"@type":"ListItem","position":2,"name":"Publications"}]},{"@type":"WebSite","@id":"https:\/\/hepatology.ca\/#website","url":"https:\/\/hepatology.ca\/","name":"LCAP","description":"Le foyer canadien des experts du foie","publisher":{"@id":"https:\/\/hepatology.ca\/#organization"},"potentialAction":[{"@type":"SearchAction","target":{"@type":"EntryPoint","urlTemplate":"https:\/\/hepatology.ca\/?s={search_term_string}"},"query-input":{"@type":"PropertyValueSpecification","valueRequired":true,"valueName":"search_term_string"}}],"inLanguage":"fr-CA"},{"@type":"Organization","@id":"https:\/\/hepatology.ca\/#organization","name":"Association canadienne pour l&#039;\u00e9tude du foie","url":"https:\/\/hepatology.ca\/","logo":{"@type":"ImageObject","inLanguage":"fr-CA","@id":"https:\/\/hepatology.ca\/#\/schema\/logo\/image\/","url":"https:\/\/hepatology.ca\/wp-content\/uploads\/2024\/06\/CASL-logo-transparent-background.png","contentUrl":"https:\/\/hepatology.ca\/wp-content\/uploads\/2024\/06\/CASL-logo-transparent-background.png","width":1040,"height":294,"caption":"Canadian Association for the Study of the Liver"},"image":{"@id":"https:\/\/hepatology.ca\/#\/schema\/logo\/image\/"}}]}},"_links":{"self":[{"href":"https:\/\/hepatology.ca\/fr\/wp-json\/wp\/v2\/pages\/33","targetHints":{"allow":["GET"]}}],"collection":[{"href":"https:\/\/hepatology.ca\/fr\/wp-json\/wp\/v2\/pages"}],"about":[{"href":"https:\/\/hepatology.ca\/fr\/wp-json\/wp\/v2\/types\/page"}],"author":[{"embeddable":true,"href":"https:\/\/hepatology.ca\/fr\/wp-json\/wp\/v2\/users\/3"}],"replies":[{"embeddable":true,"href":"https:\/\/hepatology.ca\/fr\/wp-json\/wp\/v2\/comments?post=33"}],"version-history":[{"count":7,"href":"https:\/\/hepatology.ca\/fr\/wp-json\/wp\/v2\/pages\/33\/revisions"}],"predecessor-version":[{"id":3992,"href":"https:\/\/hepatology.ca\/fr\/wp-json\/wp\/v2\/pages\/33\/revisions\/3992"}],"wp:attachment":[{"href":"https:\/\/hepatology.ca\/fr\/wp-json\/wp\/v2\/media?parent=33"}],"curies":[{"name":"wp","href":"https:\/\/api.w.org\/{rel}","templated":true}]}}