{"id":32,"date":"2012-06-28T20:11:29","date_gmt":"2012-06-28T20:11:29","guid":{"rendered":"http:\/\/casl.resonatedesign.ca\/?page_id=27"},"modified":"2025-08-27T17:46:30","modified_gmt":"2025-08-27T17:46:30","slug":"patient-information","status":"publish","type":"page","link":"https:\/\/hepatology.ca\/fr\/partners\/patient-information\/","title":{"rendered":"Informations destin\u00e9es aux patients"},"content":{"rendered":"<h3><strong>R\u00e9f\u00e9rences<\/strong><\/h3>\n<p>L&#039;Association canadienne pour l&#039;\u00e9tude du foie ne fournit pas de r\u00e9f\u00e9rences ni d&#039;annuaires d&#039;h\u00e9patologues au Canada.<\/p>\n<p>Si vous avez besoin d\u2019un sp\u00e9cialiste du foie, veuillez consulter votre m\u00e9decin de famille pour obtenir une orientation.<\/p>\n<hr>\n<p><strong>Groupe canadien de soutien par les pairs pour l&#039;h\u00e9patite B (GSP CanHepB)<\/strong><\/p>\n<p>Le Groupe de soutien aux patients CanHepB est une initiative lanc\u00e9e en 2025 sous la direction du Dr Hin Hin Ko et de l&#039;infirmi\u00e8re praticienne retrait\u00e9e Colina Yim. Ce projet s&#039;inspire du Groupe de soutien aux patients atteints d&#039;h\u00e9patite B du Centre des maladies du foie de Toronto, mis en \u0153uvre avec succ\u00e8s depuis 2010. Ce groupe de soutien aux patients vise \u00e0 f\u00e9d\u00e9rer les patients confront\u00e9s aux probl\u00e8mes de sant\u00e9 li\u00e9s \u00e0 l&#039;h\u00e9patite B chronique afin de former une communaut\u00e9, quelle que soit leur origine.<\/p>\n<p><strong>Vision<\/strong><\/p>\n<ul>\n<li>Am\u00e9liorer l&#039;exp\u00e9rience des patients dans leur parcours contre l&#039;h\u00e9patite B<\/li>\n<\/ul>\n<p><strong>Mission<\/strong><\/p>\n<ul>\n<li>Fournir une plateforme permettant aux patients atteints d&#039;h\u00e9patite B \u00e0 travers le pays de se connecter et de trouver du soutien<\/li>\n<li>Enrichir la compr\u00e9hension des patients et des familles sur leur maladie d&#039;h\u00e9patite B gr\u00e2ce \u00e0 des programmes \u00e9ducatifs<\/li>\n<li>Permettre aux patients de bien g\u00e9rer leur maladie gr\u00e2ce au partage des connaissances<\/li>\n<li>Pour aider \u00e0 cr\u00e9er une voix collective des patients pour lutter contre l&#039;h\u00e9patite B<\/li>\n<\/ul>\n<p><strong>Repr\u00e9sentants des patients<\/strong><\/p>\n<ul>\n<li>Calgary<\/li>\n<li>Edmonton<\/li>\n<li>Montr\u00e9al<\/li>\n<li>Ottawa<\/li>\n<li>Toronto<\/li>\n<li>Vancouver<\/li>\n<\/ul>\n<p><strong>\u00c9v\u00e9nements \u00e0 venir<\/strong>: <a href=\"https:\/\/canadianhbvnetwork.ca\/for-patients\">POUR LES PATIENTS<\/a><br \/>\nContact par e-mail : Canhepbpsg@gmail.com<\/p>","protected":false},"excerpt":{"rendered":"<p>Referrals The Canadian Association for the Study of the Liver does not provide referrals or directory information for hepatologists in [&hellip;]<\/p>\n","protected":false},"author":3,"featured_media":0,"parent":35,"menu_order":44,"comment_status":"closed","ping_status":"closed","template":"","meta":{"_acf_changed":false,"site-sidebar-layout":"default","site-content-layout":"","ast-site-content-layout":"default","site-content-style":"default","site-sidebar-style":"default","ast-global-header-display":"","ast-banner-title-visibility":"","ast-main-header-display":"","ast-hfb-above-header-display":"","ast-hfb-below-header-display":"","ast-hfb-mobile-header-display":"","site-post-title":"","ast-breadcrumbs-content":"","ast-featured-img":"","footer-sml-layout":"","ast-disable-related-posts":"","theme-transparent-header-meta":"","adv-header-id-meta":"","stick-header-meta":"","header-above-stick-meta":"","header-main-stick-meta":"","header-below-stick-meta":"","astra-migrate-meta-layouts":"default","ast-page-background-enabled":"default","ast-page-background-meta":{"desktop":{"background-color":"var(--ast-global-color-4)","background-image":"","background-repeat":"repeat","background-position":"center center","background-size":"auto","background-attachment":"scroll","background-type":"","background-media":"","overlay-type":"","overlay-color":"","overlay-opacity":"","overlay-gradient":""},"tablet":{"background-color":"","background-image":"","background-repeat":"repeat","background-position":"center center","background-size":"auto","background-attachment":"scroll","background-type":"","background-media":"","overlay-type":"","overlay-color":"","overlay-opacity":"","overlay-gradient":""},"mobile":{"background-color":"","background-image":"","background-repeat":"repeat","background-position":"center center","background-size":"auto","background-attachment":"scroll","background-type":"","background-media":"","overlay-type":"","overlay-color":"","overlay-opacity":"","overlay-gradient":""}},"ast-content-background-meta":{"desktop":{"background-color":"var(--ast-global-color-5)","background-image":"","background-repeat":"repeat","background-position":"center center","background-size":"auto","background-attachment":"scroll","background-type":"","background-media":"","overlay-type":"","overlay-color":"","overlay-opacity":"","overlay-gradient":""},"tablet":{"background-color":"var(--ast-global-color-5)","background-image":"","background-repeat":"repeat","background-position":"center center","background-size":"auto","background-attachment":"scroll","background-type":"","background-media":"","overlay-type":"","overlay-color":"","overlay-opacity":"","overlay-gradient":""},"mobile":{"background-color":"var(--ast-global-color-5)","background-image":"","background-repeat":"repeat","background-position":"center center","background-size":"auto","background-attachment":"scroll","background-type":"","background-media":"","overlay-type":"","overlay-color":"","overlay-opacity":"","overlay-gradient":""}},"ngg_post_thumbnail":0,"footnotes":""},"class_list":["post-32","page","type-page","status-publish","hentry"],"acf":[],"yoast_head":"<!-- This site is optimized with the Yoast SEO plugin v27.4 - https:\/\/yoast.com\/product\/yoast-seo-wordpress\/ -->\n<title>Patient Information - CASL - Canadian Association for the Study of the Liver<\/title>\n<meta name=\"description\" content=\"The Canadian Association for the Study of the Liver does not provide referrals or directory information for hepatologists in Canada. Should you require a liver specialist, please consult with your family doctor for a referral.\" \/>\n<meta name=\"robots\" content=\"index, follow, max-snippet:-1, max-image-preview:large, max-video-preview:-1\" \/>\n<link rel=\"canonical\" href=\"https:\/\/hepatology.ca\/fr\/partners\/patient-information\/\" \/>\n<meta property=\"og:locale\" content=\"fr_CA\" \/>\n<meta property=\"og:type\" content=\"article\" \/>\n<meta property=\"og:title\" content=\"Patient Information - CASL - Canadian Association for the Study of the Liver\" \/>\n<meta property=\"og:description\" content=\"The Canadian Association for the Study of the Liver does not provide referrals or directory information for hepatologists in Canada. Should you require a liver specialist, please consult with your family doctor for a referral.\" \/>\n<meta property=\"og:url\" content=\"https:\/\/hepatology.ca\/fr\/partners\/patient-information\/\" \/>\n<meta property=\"og:site_name\" content=\"CASL - Canadian Association for the Study of the Liver\" \/>\n<meta property=\"article:modified_time\" content=\"2025-08-27T17:46:30+00:00\" \/>\n<meta name=\"twitter:card\" content=\"summary_large_image\" \/>\n<meta name=\"twitter:label1\" content=\"Estimation du temps de lecture\" \/>\n\t<meta name=\"twitter:data1\" content=\"1 minute\" \/>\n<script type=\"application\/ld+json\" class=\"yoast-schema-graph\">{\"@context\":\"https:\\\/\\\/schema.org\",\"@graph\":[{\"@type\":\"WebPage\",\"@id\":\"https:\\\/\\\/hepatology.ca\\\/partners\\\/patient-information\\\/\",\"url\":\"https:\\\/\\\/hepatology.ca\\\/partners\\\/patient-information\\\/\",\"name\":\"Patient Information - CASL - Canadian Association for the Study of the Liver\",\"isPartOf\":{\"@id\":\"https:\\\/\\\/hepatology.ca\\\/#website\"},\"datePublished\":\"2012-06-28T20:11:29+00:00\",\"dateModified\":\"2025-08-27T17:46:30+00:00\",\"description\":\"The Canadian Association for the Study of the Liver does not provide referrals or directory information for hepatologists in Canada. Should you require a liver specialist, please consult with your family doctor for a referral.\",\"breadcrumb\":{\"@id\":\"https:\\\/\\\/hepatology.ca\\\/partners\\\/patient-information\\\/#breadcrumb\"},\"inLanguage\":\"fr-CA\",\"potentialAction\":[{\"@type\":\"ReadAction\",\"target\":[\"https:\\\/\\\/hepatology.ca\\\/partners\\\/patient-information\\\/\"]}]},{\"@type\":\"BreadcrumbList\",\"@id\":\"https:\\\/\\\/hepatology.ca\\\/partners\\\/patient-information\\\/#breadcrumb\",\"itemListElement\":[{\"@type\":\"ListItem\",\"position\":1,\"name\":\"Home\",\"item\":\"https:\\\/\\\/hepatology.ca\\\/\"},{\"@type\":\"ListItem\",\"position\":2,\"name\":\"Links\",\"item\":\"https:\\\/\\\/hepatology.ca\\\/fr\\\/partners\\\/\"},{\"@type\":\"ListItem\",\"position\":3,\"name\":\"Patient Information\"}]},{\"@type\":\"WebSite\",\"@id\":\"https:\\\/\\\/hepatology.ca\\\/#website\",\"url\":\"https:\\\/\\\/hepatology.ca\\\/\",\"name\":\"CASL\",\"description\":\"Canada\u2019s home for liver experts\",\"publisher\":{\"@id\":\"https:\\\/\\\/hepatology.ca\\\/#organization\"},\"potentialAction\":[{\"@type\":\"SearchAction\",\"target\":{\"@type\":\"EntryPoint\",\"urlTemplate\":\"https:\\\/\\\/hepatology.ca\\\/?s={search_term_string}\"},\"query-input\":{\"@type\":\"PropertyValueSpecification\",\"valueRequired\":true,\"valueName\":\"search_term_string\"}}],\"inLanguage\":\"fr-CA\"},{\"@type\":\"Organization\",\"@id\":\"https:\\\/\\\/hepatology.ca\\\/#organization\",\"name\":\"Canadian Association for the Study of the Liver\",\"url\":\"https:\\\/\\\/hepatology.ca\\\/\",\"logo\":{\"@type\":\"ImageObject\",\"inLanguage\":\"fr-CA\",\"@id\":\"https:\\\/\\\/hepatology.ca\\\/#\\\/schema\\\/logo\\\/image\\\/\",\"url\":\"https:\\\/\\\/hepatology.ca\\\/wp-content\\\/uploads\\\/2024\\\/06\\\/CASL-logo-transparent-background.png\",\"contentUrl\":\"https:\\\/\\\/hepatology.ca\\\/wp-content\\\/uploads\\\/2024\\\/06\\\/CASL-logo-transparent-background.png\",\"width\":1040,\"height\":294,\"caption\":\"Canadian Association for the Study of the Liver\"},\"image\":{\"@id\":\"https:\\\/\\\/hepatology.ca\\\/#\\\/schema\\\/logo\\\/image\\\/\"}}]}<\/script>\n<!-- \/ Yoast SEO plugin. -->","yoast_head_json":{"title":"Informations destin\u00e9es aux patients - ACEF - Association canadienne pour l&#039;\u00e9tude du foie","description":"L&#039;Association canadienne pour l&#039;\u00e9tude du foie ne fournit pas d&#039;orientation ni d&#039;annuaire des h\u00e9patologues au Canada. Si vous avez besoin d&#039;un sp\u00e9cialiste du foie, veuillez consulter votre m\u00e9decin de famille pour obtenir une orientation.","robots":{"index":"index","follow":"follow","max-snippet":"max-snippet:-1","max-image-preview":"max-image-preview:large","max-video-preview":"max-video-preview:-1"},"canonical":"https:\/\/hepatology.ca\/fr\/partners\/patient-information\/","og_locale":"fr_CA","og_type":"article","og_title":"Patient Information - CASL - Canadian Association for the Study of the Liver","og_description":"The Canadian Association for the Study of the Liver does not provide referrals or directory information for hepatologists in Canada. Should you require a liver specialist, please consult with your family doctor for a referral.","og_url":"https:\/\/hepatology.ca\/fr\/partners\/patient-information\/","og_site_name":"CASL - Canadian Association for the Study of the Liver","article_modified_time":"2025-08-27T17:46:30+00:00","twitter_card":"summary_large_image","twitter_misc":{"Estimation du temps de lecture":"1 minute"},"schema":{"@context":"https:\/\/schema.org","@graph":[{"@type":"WebPage","@id":"https:\/\/hepatology.ca\/partners\/patient-information\/","url":"https:\/\/hepatology.ca\/partners\/patient-information\/","name":"Informations destin\u00e9es aux patients - ACEF - Association canadienne pour l&#039;\u00e9tude du foie","isPartOf":{"@id":"https:\/\/hepatology.ca\/#website"},"datePublished":"2012-06-28T20:11:29+00:00","dateModified":"2025-08-27T17:46:30+00:00","description":"L&#039;Association canadienne pour l&#039;\u00e9tude du foie ne fournit pas d&#039;orientation ni d&#039;annuaire des h\u00e9patologues au Canada. Si vous avez besoin d&#039;un sp\u00e9cialiste du foie, veuillez consulter votre m\u00e9decin de famille pour obtenir une orientation.","breadcrumb":{"@id":"https:\/\/hepatology.ca\/partners\/patient-information\/#breadcrumb"},"inLanguage":"fr-CA","potentialAction":[{"@type":"ReadAction","target":["https:\/\/hepatology.ca\/partners\/patient-information\/"]}]},{"@type":"BreadcrumbList","@id":"https:\/\/hepatology.ca\/partners\/patient-information\/#breadcrumb","itemListElement":[{"@type":"ListItem","position":1,"name":"Home","item":"https:\/\/hepatology.ca\/"},{"@type":"ListItem","position":2,"name":"Links","item":"https:\/\/hepatology.ca\/fr\/partners\/"},{"@type":"ListItem","position":3,"name":"Patient Information"}]},{"@type":"WebSite","@id":"https:\/\/hepatology.ca\/#website","url":"https:\/\/hepatology.ca\/","name":"LCAP","description":"Le foyer canadien des experts du foie","publisher":{"@id":"https:\/\/hepatology.ca\/#organization"},"potentialAction":[{"@type":"SearchAction","target":{"@type":"EntryPoint","urlTemplate":"https:\/\/hepatology.ca\/?s={search_term_string}"},"query-input":{"@type":"PropertyValueSpecification","valueRequired":true,"valueName":"search_term_string"}}],"inLanguage":"fr-CA"},{"@type":"Organization","@id":"https:\/\/hepatology.ca\/#organization","name":"Association canadienne pour l&#039;\u00e9tude du foie","url":"https:\/\/hepatology.ca\/","logo":{"@type":"ImageObject","inLanguage":"fr-CA","@id":"https:\/\/hepatology.ca\/#\/schema\/logo\/image\/","url":"https:\/\/hepatology.ca\/wp-content\/uploads\/2024\/06\/CASL-logo-transparent-background.png","contentUrl":"https:\/\/hepatology.ca\/wp-content\/uploads\/2024\/06\/CASL-logo-transparent-background.png","width":1040,"height":294,"caption":"Canadian Association for the Study of the Liver"},"image":{"@id":"https:\/\/hepatology.ca\/#\/schema\/logo\/image\/"}}]}},"_links":{"self":[{"href":"https:\/\/hepatology.ca\/fr\/wp-json\/wp\/v2\/pages\/32","targetHints":{"allow":["GET"]}}],"collection":[{"href":"https:\/\/hepatology.ca\/fr\/wp-json\/wp\/v2\/pages"}],"about":[{"href":"https:\/\/hepatology.ca\/fr\/wp-json\/wp\/v2\/types\/page"}],"author":[{"embeddable":true,"href":"https:\/\/hepatology.ca\/fr\/wp-json\/wp\/v2\/users\/3"}],"replies":[{"embeddable":true,"href":"https:\/\/hepatology.ca\/fr\/wp-json\/wp\/v2\/comments?post=32"}],"version-history":[{"count":3,"href":"https:\/\/hepatology.ca\/fr\/wp-json\/wp\/v2\/pages\/32\/revisions"}],"predecessor-version":[{"id":4857,"href":"https:\/\/hepatology.ca\/fr\/wp-json\/wp\/v2\/pages\/32\/revisions\/4857"}],"up":[{"embeddable":true,"href":"https:\/\/hepatology.ca\/fr\/wp-json\/wp\/v2\/pages\/35"}],"wp:attachment":[{"href":"https:\/\/hepatology.ca\/fr\/wp-json\/wp\/v2\/media?parent=32"}],"curies":[{"name":"wp","href":"https:\/\/api.w.org\/{rel}","templated":true}]}}