{"id":31,"date":"2012-06-28T20:11:17","date_gmt":"2012-06-28T20:11:17","guid":{"rendered":"http:\/\/casl.resonatedesign.ca\/?page_id=25"},"modified":"2024-06-08T20:12:57","modified_gmt":"2024-06-08T20:12:57","slug":"education-events","status":"publish","type":"page","link":"https:\/\/hepatology.ca\/fr\/education-events\/","title":{"rendered":"\u00c9ducation et \u00e9v\u00e9nements"},"content":{"rendered":"<h3>\u00c9nonc\u00e9 de mission du programme de perfectionnement professionnel continu de la CASL<\/h3>\n<p>L&#039;Association canadienne pour l&#039;\u00e9tude du foie s&#039;engage \u00e0 optimiser et \u00e0 am\u00e9liorer la sant\u00e9 du foie des Canadiens en offrant un leadership national en mati\u00e8re d&#039;\u00e9ducation et un acc\u00e8s rapide \u00e0 des programmes et \u00e0 des ressources dans tous les aspects de la recherche m\u00e9dicale, des th\u00e9rapies et des comp\u00e9tences des m\u00e9decins concernant le foie.<\/p>\n<p>Nous sommes un groupe multidisciplinaire de m\u00e9decins, de scientifiques et de prestataires de soins de sant\u00e9 dont la pratique, la recherche, l&#039;enseignement et la d\u00e9fense des droits sont principalement ax\u00e9s sur le foie. Plus de 801 membres de l&#039;ACF travaillent principalement dans un milieu universitaire et consacrent pr\u00e8s de la moiti\u00e9 de leur temps \u00e0 la recherche.<\/p>\n<p>Notre programme de d\u00e9veloppement professionnel continu (DPC) favorise et offre des possibilit\u00e9s d\u2019apprentissage continu aux membres de l\u2019ACL et aux praticiens en h\u00e9patologie, gastroent\u00e9rologie et autres domaines susceptibles d\u2019avoir un lien avec les maladies du foie, ainsi qu\u2019aux professionnels param\u00e9dicaux int\u00e9ress\u00e9s par les maladies du foie.<\/p>\n<p>Gr\u00e2ce \u00e0 un processus r\u00e9actif bas\u00e9 sur les besoins \u00e9volutifs de notre communaut\u00e9, les objectifs du programme de d\u00e9veloppement professionnel continu CASL sont les suivants :<\/p>\n<ul>\n<li>\u00c9valuer les besoins de d\u00e9veloppement professionnel de notre communaut\u00e9 et de notre public cible sur une base annuelle dans le cadre du processus d\u2019\u00e9valuation de notre r\u00e9union annuelle\u00a0;<\/li>\n<li>Cr\u00e9er et participer \u00e0 des activit\u00e9s \u00e9ducatives coh\u00e9rentes avec les besoins identifi\u00e9s d\u00e9coulant de ces \u00e9valuations annuelles ;<\/li>\n<li>Offrir un format vari\u00e9 de programmation \u00e9ducative pour atteindre diff\u00e9rents secteurs de notre public cible, y compris des activit\u00e9s d&#039;apprentissage en groupe, des activit\u00e9s d&#039;auto-apprentissage ainsi que des opportunit\u00e9s d&#039;auto-\u00e9valuation ;<\/li>\n<li>Examiner et approuver les activit\u00e9s de DPC cr\u00e9\u00e9es en partenariat avec des organisations m\u00e9dicales, conform\u00e9ment aux lignes directrices et aux crit\u00e8res \u00e9tablis par le CRMCC;<\/li>\n<li>Co-d\u00e9velopper des activit\u00e9s de DPC avec des organisations non m\u00e9dicales dans le respect des <em>Norme nationale pour le soutien aux activit\u00e9s de DPC accr\u00e9dit\u00e9es<\/em>; et<\/li>\n<li>\u00c9valuer l\u2019efficacit\u00e9 de notre programmation \u00e9ducative et son impact sur les participants dans leur pratique et leur recherche.<\/li>\n<\/ul>\n<p>Pour consulter l\u2019int\u00e9gralit\u00e9 de l\u2019\u00e9nonc\u00e9 de mission du programme CASL CPD, veuillez <a href=\"https:\/\/hepatology.ca\/wp-content\/uploads\/2019\/04\/181110_Approved_CASL-CPD_MissionStatement.pdf\" target=\"_blank\" rel=\"noopener\">Cliquez ici<\/a>.<\/p>\n<p>Les activit\u00e9s \u00e9ducatives de la LCAP comprennent, sans toutefois s\u2019y limiter :<\/p>\n<ul>\n<li>Le <a href=\"https:\/\/hepatology.ca\/fr\/education-events\/canadian-liver-meeting\/\">R\u00e9union canadienne sur le foie<\/a>, qui a lieu chaque printemps;<\/li>\n<li>La conf\u00e9rence th\u00e9matique unique de la CASL, tenue \u00e0 l\u2019automne;<\/li>\n<li>Webinaires, notamment la s\u00e9rie \u00ab Best of\u2026 Debriefs \u00bb, partageant les mises \u00e0 jour des r\u00e9unions internationales ;<\/li>\n<li>Possibilit\u00e9s de bourses cliniques;<\/li>\n<li>Accr\u00e9ditation des activit\u00e9s de DPC des membres et des non-membres en tant que fournisseur accr\u00e9dit\u00e9 par le CRMCC\u00a0;<\/li>\n<li>Possibilit\u00e9s de cod\u00e9veloppement d\u2019activit\u00e9s de DPC, en notre qualit\u00e9 d\u2019organisation m\u00e9dicale et de fournisseur de DPC accr\u00e9dit\u00e9 par le CRMCC\u00a0;<\/li>\n<li>Conf\u00e9rences et rondes organis\u00e9es dans le cadre des prix de l&#039;ACL, comme la conf\u00e9rence annuelle CLF-ACL pour la m\u00e9daille d&#039;or, la conf\u00e9rence CASL-CLF Sass-Kortsak et le poste de professeur invit\u00e9 CASL-CLF;<\/li>\n<li>Publication de lignes directrices sur la pratique, de recherches originales, de rapports de cas et d\u2019autres travaux universitaires dans le domaine <a href=\"https:\/\/canlivj.utpjournals.press\/loi\/canlivj\">Journal canadien du foie<\/a> et en ligne.<\/li>\n<\/ul>\n<p>Vous pouvez acc\u00e9der \u00e0 de plus amples informations sur ces programmes et \u00e0 des ressources p\u00e9dagogiques suppl\u00e9mentaires en cliquant sur le menu de gauche.<\/p>\n<p><strong>Avez-vous des id\u00e9es concernant le contenu de la future programmation de DPC de la LCAP ou des questions g\u00e9n\u00e9rales concernant nos activit\u00e9s de DPC ?&nbsp; <a href=\"mailto:casl@hepatology.ca\">Contactez le bureau de la LCAP par courriel<\/a> pour donner votre avis ou en savoir plus.<\/strong><\/p>\n\n\n<p><\/p>","protected":false},"excerpt":{"rendered":"<p>CASL CPD Mission Statement The Canadian Association for the Study of the Liver is committed to optimizing and improving the [&hellip;]<\/p>\n","protected":false},"author":3,"featured_media":0,"parent":0,"menu_order":39,"comment_status":"closed","ping_status":"closed","template":"","meta":{"_acf_changed":false,"site-sidebar-layout":"default","site-content-layout":"","ast-site-content-layout":"default","site-content-style":"default","site-sidebar-style":"default","ast-global-header-display":"","ast-banner-title-visibility":"","ast-main-header-display":"","ast-hfb-above-header-display":"","ast-hfb-below-header-display":"","ast-hfb-mobile-header-display":"","site-post-title":"","ast-breadcrumbs-content":"","ast-featured-img":"","footer-sml-layout":"","ast-disable-related-posts":"","theme-transparent-header-meta":"","adv-header-id-meta":"","stick-header-meta":"","header-above-stick-meta":"","header-main-stick-meta":"","header-below-stick-meta":"","astra-migrate-meta-layouts":"default","ast-page-background-enabled":"default","ast-page-background-meta":{"desktop":{"background-color":"var(--ast-global-color-4)","background-image":"","background-repeat":"repeat","background-position":"center center","background-size":"auto","background-attachment":"scroll","background-type":"","background-media":"","overlay-type":"","overlay-color":"","overlay-opacity":"","overlay-gradient":""},"tablet":{"background-color":"","background-image":"","background-repeat":"repeat","background-position":"center center","background-size":"auto","background-attachment":"scroll","background-type":"","background-media":"","overlay-type":"","overlay-color":"","overlay-opacity":"","overlay-gradient":""},"mobile":{"background-color":"","background-image":"","background-repeat":"repeat","background-position":"center center","background-size":"auto","background-attachment":"scroll","background-type":"","background-media":"","overlay-type":"","overlay-color":"","overlay-opacity":"","overlay-gradient":""}},"ast-content-background-meta":{"desktop":{"background-color":"var(--ast-global-color-5)","background-image":"","background-repeat":"repeat","background-position":"center center","background-size":"auto","background-attachment":"scroll","background-type":"","background-media":"","overlay-type":"","overlay-color":"","overlay-opacity":"","overlay-gradient":""},"tablet":{"background-color":"var(--ast-global-color-5)","background-image":"","background-repeat":"repeat","background-position":"center center","background-size":"auto","background-attachment":"scroll","background-type":"","background-media":"","overlay-type":"","overlay-color":"","overlay-opacity":"","overlay-gradient":""},"mobile":{"background-color":"var(--ast-global-color-5)","background-image":"","background-repeat":"repeat","background-position":"center center","background-size":"auto","background-attachment":"scroll","background-type":"","background-media":"","overlay-type":"","overlay-color":"","overlay-opacity":"","overlay-gradient":""}},"ngg_post_thumbnail":0,"footnotes":""},"class_list":["post-31","page","type-page","status-publish","hentry"],"acf":[],"yoast_head":"<!-- This site is optimized with the Yoast SEO plugin v27.4 - https:\/\/yoast.com\/product\/yoast-seo-wordpress\/ -->\n<title>Education &amp; Events - CASL - Canadian Association for the Study of the Liver<\/title>\n<meta name=\"description\" content=\"Our Continuing Professional Development (CPD) program promotes and provides opportunities for life\u2010long learning for CASL members and practitioners in gastroenterology and other fields who may intersect with liver disease, as well as allied health professionals interested in liver disease.\" \/>\n<meta name=\"robots\" content=\"index, follow, max-snippet:-1, max-image-preview:large, max-video-preview:-1\" \/>\n<link rel=\"canonical\" href=\"https:\/\/hepatology.ca\/fr\/education-events\/\" \/>\n<meta property=\"og:locale\" content=\"fr_CA\" \/>\n<meta property=\"og:type\" content=\"article\" \/>\n<meta property=\"og:title\" content=\"Education &amp; Events - CASL - Canadian Association for the Study of the Liver\" \/>\n<meta property=\"og:description\" content=\"Our Continuing Professional Development (CPD) program promotes and provides opportunities for life\u2010long learning for CASL members and practitioners in gastroenterology and other fields who may intersect with liver disease, as well as allied health professionals interested in liver disease.\" \/>\n<meta property=\"og:url\" content=\"https:\/\/hepatology.ca\/fr\/education-events\/\" \/>\n<meta property=\"og:site_name\" content=\"CASL - Canadian Association for the Study of the Liver\" \/>\n<meta property=\"article:modified_time\" content=\"2024-06-08T20:12:57+00:00\" \/>\n<meta name=\"twitter:card\" content=\"summary_large_image\" \/>\n<meta name=\"twitter:label1\" content=\"Estimation du temps de lecture\" \/>\n\t<meta name=\"twitter:data1\" content=\"2 minutes\" \/>\n<script type=\"application\/ld+json\" class=\"yoast-schema-graph\">{\"@context\":\"https:\\\/\\\/schema.org\",\"@graph\":[{\"@type\":\"WebPage\",\"@id\":\"https:\\\/\\\/hepatology.ca\\\/education-events\\\/\",\"url\":\"https:\\\/\\\/hepatology.ca\\\/education-events\\\/\",\"name\":\"Education & Events - CASL - Canadian Association for the Study of the Liver\",\"isPartOf\":{\"@id\":\"https:\\\/\\\/hepatology.ca\\\/#website\"},\"datePublished\":\"2012-06-28T20:11:17+00:00\",\"dateModified\":\"2024-06-08T20:12:57+00:00\",\"description\":\"Our Continuing Professional Development (CPD) program promotes and provides opportunities for life\u2010long learning for CASL members and practitioners in gastroenterology and other fields who may intersect with liver disease, as well as allied health professionals interested in liver disease.\",\"breadcrumb\":{\"@id\":\"https:\\\/\\\/hepatology.ca\\\/education-events\\\/#breadcrumb\"},\"inLanguage\":\"fr-CA\",\"potentialAction\":[{\"@type\":\"ReadAction\",\"target\":[\"https:\\\/\\\/hepatology.ca\\\/education-events\\\/\"]}]},{\"@type\":\"BreadcrumbList\",\"@id\":\"https:\\\/\\\/hepatology.ca\\\/education-events\\\/#breadcrumb\",\"itemListElement\":[{\"@type\":\"ListItem\",\"position\":1,\"name\":\"Home\",\"item\":\"https:\\\/\\\/hepatology.ca\\\/\"},{\"@type\":\"ListItem\",\"position\":2,\"name\":\"Education &#038; Events\"}]},{\"@type\":\"WebSite\",\"@id\":\"https:\\\/\\\/hepatology.ca\\\/#website\",\"url\":\"https:\\\/\\\/hepatology.ca\\\/\",\"name\":\"CASL\",\"description\":\"Canada\u2019s home for liver experts\",\"publisher\":{\"@id\":\"https:\\\/\\\/hepatology.ca\\\/#organization\"},\"potentialAction\":[{\"@type\":\"SearchAction\",\"target\":{\"@type\":\"EntryPoint\",\"urlTemplate\":\"https:\\\/\\\/hepatology.ca\\\/?s={search_term_string}\"},\"query-input\":{\"@type\":\"PropertyValueSpecification\",\"valueRequired\":true,\"valueName\":\"search_term_string\"}}],\"inLanguage\":\"fr-CA\"},{\"@type\":\"Organization\",\"@id\":\"https:\\\/\\\/hepatology.ca\\\/#organization\",\"name\":\"Canadian Association for the Study of the Liver\",\"url\":\"https:\\\/\\\/hepatology.ca\\\/\",\"logo\":{\"@type\":\"ImageObject\",\"inLanguage\":\"fr-CA\",\"@id\":\"https:\\\/\\\/hepatology.ca\\\/#\\\/schema\\\/logo\\\/image\\\/\",\"url\":\"https:\\\/\\\/hepatology.ca\\\/wp-content\\\/uploads\\\/2024\\\/06\\\/CASL-logo-transparent-background.png\",\"contentUrl\":\"https:\\\/\\\/hepatology.ca\\\/wp-content\\\/uploads\\\/2024\\\/06\\\/CASL-logo-transparent-background.png\",\"width\":1040,\"height\":294,\"caption\":\"Canadian Association for the Study of the Liver\"},\"image\":{\"@id\":\"https:\\\/\\\/hepatology.ca\\\/#\\\/schema\\\/logo\\\/image\\\/\"}}]}<\/script>\n<!-- \/ Yoast SEO plugin. -->","yoast_head_json":{"title":"\u00c9ducation et \u00e9v\u00e9nements - CASL - Association canadienne pour l&#039;\u00e9tude du foie","description":"Notre programme de d\u00e9veloppement professionnel continu (DPC) favorise et offre des possibilit\u00e9s d\u2019apprentissage continu aux membres de l\u2019ACF et aux praticiens en gastroent\u00e9rologie et dans d\u2019autres domaines susceptibles d\u2019interagir avec les maladies du foie, ainsi qu\u2019aux professionnels param\u00e9dicaux int\u00e9ress\u00e9s par les maladies du foie.","robots":{"index":"index","follow":"follow","max-snippet":"max-snippet:-1","max-image-preview":"max-image-preview:large","max-video-preview":"max-video-preview:-1"},"canonical":"https:\/\/hepatology.ca\/fr\/education-events\/","og_locale":"fr_CA","og_type":"article","og_title":"Education & Events - CASL - Canadian Association for the Study of the Liver","og_description":"Our Continuing Professional Development (CPD) program promotes and provides opportunities for life\u2010long learning for CASL members and practitioners in gastroenterology and other fields who may intersect with liver disease, as well as allied health professionals interested in liver disease.","og_url":"https:\/\/hepatology.ca\/fr\/education-events\/","og_site_name":"CASL - Canadian Association for the Study of the Liver","article_modified_time":"2024-06-08T20:12:57+00:00","twitter_card":"summary_large_image","twitter_misc":{"Estimation du temps de lecture":"2 minutes"},"schema":{"@context":"https:\/\/schema.org","@graph":[{"@type":"WebPage","@id":"https:\/\/hepatology.ca\/education-events\/","url":"https:\/\/hepatology.ca\/education-events\/","name":"\u00c9ducation et \u00e9v\u00e9nements - CASL - Association canadienne pour l&#039;\u00e9tude du foie","isPartOf":{"@id":"https:\/\/hepatology.ca\/#website"},"datePublished":"2012-06-28T20:11:17+00:00","dateModified":"2024-06-08T20:12:57+00:00","description":"Notre programme de d\u00e9veloppement professionnel continu (DPC) favorise et offre des possibilit\u00e9s d\u2019apprentissage continu aux membres de l\u2019ACF et aux praticiens en gastroent\u00e9rologie et dans d\u2019autres domaines susceptibles d\u2019interagir avec les maladies du foie, ainsi qu\u2019aux professionnels param\u00e9dicaux int\u00e9ress\u00e9s par les maladies du foie.","breadcrumb":{"@id":"https:\/\/hepatology.ca\/education-events\/#breadcrumb"},"inLanguage":"fr-CA","potentialAction":[{"@type":"ReadAction","target":["https:\/\/hepatology.ca\/education-events\/"]}]},{"@type":"BreadcrumbList","@id":"https:\/\/hepatology.ca\/education-events\/#breadcrumb","itemListElement":[{"@type":"ListItem","position":1,"name":"Home","item":"https:\/\/hepatology.ca\/"},{"@type":"ListItem","position":2,"name":"Education &#038; Events"}]},{"@type":"WebSite","@id":"https:\/\/hepatology.ca\/#website","url":"https:\/\/hepatology.ca\/","name":"LCAP","description":"Le foyer canadien des experts du foie","publisher":{"@id":"https:\/\/hepatology.ca\/#organization"},"potentialAction":[{"@type":"SearchAction","target":{"@type":"EntryPoint","urlTemplate":"https:\/\/hepatology.ca\/?s={search_term_string}"},"query-input":{"@type":"PropertyValueSpecification","valueRequired":true,"valueName":"search_term_string"}}],"inLanguage":"fr-CA"},{"@type":"Organization","@id":"https:\/\/hepatology.ca\/#organization","name":"Association canadienne pour l&#039;\u00e9tude du foie","url":"https:\/\/hepatology.ca\/","logo":{"@type":"ImageObject","inLanguage":"fr-CA","@id":"https:\/\/hepatology.ca\/#\/schema\/logo\/image\/","url":"https:\/\/hepatology.ca\/wp-content\/uploads\/2024\/06\/CASL-logo-transparent-background.png","contentUrl":"https:\/\/hepatology.ca\/wp-content\/uploads\/2024\/06\/CASL-logo-transparent-background.png","width":1040,"height":294,"caption":"Canadian Association for the Study of the Liver"},"image":{"@id":"https:\/\/hepatology.ca\/#\/schema\/logo\/image\/"}}]}},"_links":{"self":[{"href":"https:\/\/hepatology.ca\/fr\/wp-json\/wp\/v2\/pages\/31","targetHints":{"allow":["GET"]}}],"collection":[{"href":"https:\/\/hepatology.ca\/fr\/wp-json\/wp\/v2\/pages"}],"about":[{"href":"https:\/\/hepatology.ca\/fr\/wp-json\/wp\/v2\/types\/page"}],"author":[{"embeddable":true,"href":"https:\/\/hepatology.ca\/fr\/wp-json\/wp\/v2\/users\/3"}],"replies":[{"embeddable":true,"href":"https:\/\/hepatology.ca\/fr\/wp-json\/wp\/v2\/comments?post=31"}],"version-history":[{"count":6,"href":"https:\/\/hepatology.ca\/fr\/wp-json\/wp\/v2\/pages\/31\/revisions"}],"predecessor-version":[{"id":3953,"href":"https:\/\/hepatology.ca\/fr\/wp-json\/wp\/v2\/pages\/31\/revisions\/3953"}],"wp:attachment":[{"href":"https:\/\/hepatology.ca\/fr\/wp-json\/wp\/v2\/media?parent=31"}],"curies":[{"name":"wp","href":"https:\/\/api.w.org\/{rel}","templated":true}]}}