{"id":3080,"date":"2022-09-19T17:48:13","date_gmt":"2022-09-19T17:48:13","guid":{"rendered":"https:\/\/hepatology.ca\/?page_id=3080"},"modified":"2024-06-07T13:22:11","modified_gmt":"2024-06-07T13:22:11","slug":"triangle-training-program","status":"publish","type":"page","link":"https:\/\/hepatology.ca\/fr\/research\/triangle-training-program\/","title":{"rendered":"Programme de formation TRIANGLE"},"content":{"rendered":"<figure class=\"wp-block-image size-large\"><img fetchpriority=\"high\" decoding=\"async\" width=\"1024\" height=\"427\" src=\"https:\/\/hepatology.ca\/wp-content\/uploads\/2022\/09\/TRIANGLE_-_rectangle_logo_white-1024x427.png\" alt=\"\" class=\"wp-image-3081\" srcset=\"https:\/\/hepatology.ca\/wp-content\/uploads\/2022\/09\/TRIANGLE_-_rectangle_logo_white-1024x427.png 1024w, https:\/\/hepatology.ca\/wp-content\/uploads\/2022\/09\/TRIANGLE_-_rectangle_logo_white-300x125.png 300w, https:\/\/hepatology.ca\/wp-content\/uploads\/2022\/09\/TRIANGLE_-_rectangle_logo_white-768x320.png 768w, https:\/\/hepatology.ca\/wp-content\/uploads\/2022\/09\/TRIANGLE_-_rectangle_logo_white.png 1490w\" sizes=\"(max-width: 1024px) 100vw, 1024px\" \/><\/figure>\n\n\n\n<h2 class=\"wp-block-heading\">\u00c0 propos de TRIANGLE<\/h2>\n\n\n\n<p>TRIANGLE (TRaIning A New generation of scientists in Gastroenterology and LivEr) est un programme national de formation destin\u00e9 aux \u00e9tudiants de premier cycle et d&#039;\u00e9t\u00e9 en m\u00e9decine, aux \u00e9tudiants au doctorat, aux chercheurs et aux professeurs en d\u00e9but de carri\u00e8re, visant \u00e0 transformer la recherche et les soins aux patients en gastroent\u00e9rologie et en foie.<\/p>\n\n\n\n<p>Avec le soutien du financement TRIANGLE, du mentorat, de l\u2019\u00e9ducation et de l\u2019apprentissage int\u00e9gr\u00e9 au travail, une nouvelle g\u00e9n\u00e9ration de chercheurs d\u00e9veloppera les comp\u00e9tences et les connaissances n\u00e9cessaires pour lancer des carri\u00e8res percutantes dans et hors du milieu universitaire.<\/p>\n\n\n\n<p><strong>TRIANGLE est cofinanc\u00e9 par les Instituts de recherche en sant\u00e9 du Canada, l&#039;Association canadienne de gastroent\u00e9rologie, Crohn et Colite Canada, l&#039;Association canadienne pour l&#039;\u00e9tude du foie et le R\u00e9seau canadien des maladies inflammatoires de l&#039;intestin chez les enfants.<\/strong><\/p>\n\n\n\n<h2 class=\"wp-block-heading\">Applications<\/h2>\n\n\n\n<p>Les candidatures doivent \u00eatre d\u00e9pos\u00e9es avant le vendredi 17 f\u00e9vrier 2023. Pour postuler,<a href=\"https:\/\/triangleprogram.org\/\"> <\/a><a href=\"https:\/\/tally.so\/r\/wQor0g\">cliquez ici<\/a><a href=\"https:\/\/triangleprogram.org\/\">concernant<\/a>. Pour plus d&#039;informations sur le programme, <a href=\"https:\/\/triangleprogram.org\/\" target=\"_blank\" rel=\"noreferrer noopener\">Cliquez ici<\/a>. <\/p>","protected":false},"excerpt":{"rendered":"<p>About TRIANGLE TRIANGLE (TRaIning A New generation of researchers in Gastroenterology and LivEr) is a national training program for undergraduate [&hellip;]<\/p>\n","protected":false},"author":3,"featured_media":0,"parent":932,"menu_order":0,"comment_status":"closed","ping_status":"closed","template":"","meta":{"_acf_changed":false,"site-sidebar-layout":"default","site-content-layout":"","ast-site-content-layout":"default","site-content-style":"default","site-sidebar-style":"default","ast-global-header-display":"","ast-banner-title-visibility":"","ast-main-header-display":"","ast-hfb-above-header-display":"","ast-hfb-below-header-display":"","ast-hfb-mobile-header-display":"","site-post-title":"","ast-breadcrumbs-content":"","ast-featured-img":"","footer-sml-layout":"","ast-disable-related-posts":"","theme-transparent-header-meta":"","adv-header-id-meta":"","stick-header-meta":"","header-above-stick-meta":"","header-main-stick-meta":"","header-below-stick-meta":"","astra-migrate-meta-layouts":"default","ast-page-background-enabled":"default","ast-page-background-meta":{"desktop":{"background-color":"var(--ast-global-color-4)","background-image":"","background-repeat":"repeat","background-position":"center center","background-size":"auto","background-attachment":"scroll","background-type":"","background-media":"","overlay-type":"","overlay-color":"","overlay-opacity":"","overlay-gradient":""},"tablet":{"background-color":"","background-image":"","background-repeat":"repeat","background-position":"center center","background-size":"auto","background-attachment":"scroll","background-type":"","background-media":"","overlay-type":"","overlay-color":"","overlay-opacity":"","overlay-gradient":""},"mobile":{"background-color":"","background-image":"","background-repeat":"repeat","background-position":"center center","background-size":"auto","background-attachment":"scroll","background-type":"","background-media":"","overlay-type":"","overlay-color":"","overlay-opacity":"","overlay-gradient":""}},"ast-content-background-meta":{"desktop":{"background-color":"var(--ast-global-color-5)","background-image":"","background-repeat":"repeat","background-position":"center center","background-size":"auto","background-attachment":"scroll","background-type":"","background-media":"","overlay-type":"","overlay-color":"","overlay-opacity":"","overlay-gradient":""},"tablet":{"background-color":"var(--ast-global-color-5)","background-image":"","background-repeat":"repeat","background-position":"center center","background-size":"auto","background-attachment":"scroll","background-type":"","background-media":"","overlay-type":"","overlay-color":"","overlay-opacity":"","overlay-gradient":""},"mobile":{"background-color":"var(--ast-global-color-5)","background-image":"","background-repeat":"repeat","background-position":"center center","background-size":"auto","background-attachment":"scroll","background-type":"","background-media":"","overlay-type":"","overlay-color":"","overlay-opacity":"","overlay-gradient":""}},"ngg_post_thumbnail":0,"footnotes":""},"class_list":["post-3080","page","type-page","status-publish","hentry"],"acf":[],"yoast_head":"<!-- This site is optimized with the Yoast SEO plugin v27.5 - https:\/\/yoast.com\/product\/yoast-seo-wordpress\/ -->\n<title>TRIANGLE Training Program - CASL - Canadian Association for the Study of the Liver<\/title>\n<meta name=\"robots\" content=\"index, follow, max-snippet:-1, max-image-preview:large, max-video-preview:-1\" \/>\n<link rel=\"canonical\" href=\"https:\/\/hepatology.ca\/fr\/research\/triangle-training-program\/\" \/>\n<meta property=\"og:locale\" content=\"fr_CA\" \/>\n<meta property=\"og:type\" content=\"article\" \/>\n<meta property=\"og:title\" content=\"TRIANGLE Training Program - CASL - Canadian Association for the Study of the Liver\" \/>\n<meta property=\"og:description\" content=\"About TRIANGLE TRIANGLE (TRaIning A New generation of researchers in Gastroenterology and LivEr) is a national training program for undergraduate [&hellip;]\" \/>\n<meta property=\"og:url\" content=\"https:\/\/hepatology.ca\/fr\/research\/triangle-training-program\/\" \/>\n<meta property=\"og:site_name\" content=\"CASL - Canadian Association for the Study of the Liver\" \/>\n<meta property=\"article:modified_time\" content=\"2024-06-07T13:22:11+00:00\" \/>\n<meta property=\"og:image\" content=\"https:\/\/hepatology.ca\/wp-content\/uploads\/2022\/09\/TRIANGLE_-_rectangle_logo_white-1024x427.png\" \/>\n<meta name=\"twitter:card\" content=\"summary_large_image\" \/>\n<meta name=\"twitter:label1\" content=\"Estimation du temps de lecture\" \/>\n\t<meta name=\"twitter:data1\" content=\"1 minute\" \/>\n<script type=\"application\/ld+json\" class=\"yoast-schema-graph\">{\"@context\":\"https:\\\/\\\/schema.org\",\"@graph\":[{\"@type\":\"WebPage\",\"@id\":\"https:\\\/\\\/hepatology.ca\\\/research\\\/triangle-training-program\\\/\",\"url\":\"https:\\\/\\\/hepatology.ca\\\/research\\\/triangle-training-program\\\/\",\"name\":\"TRIANGLE Training Program - CASL - Canadian Association for the Study of the Liver\",\"isPartOf\":{\"@id\":\"https:\\\/\\\/hepatology.ca\\\/#website\"},\"primaryImageOfPage\":{\"@id\":\"https:\\\/\\\/hepatology.ca\\\/research\\\/triangle-training-program\\\/#primaryimage\"},\"image\":{\"@id\":\"https:\\\/\\\/hepatology.ca\\\/research\\\/triangle-training-program\\\/#primaryimage\"},\"thumbnailUrl\":\"https:\\\/\\\/hepatology.ca\\\/wp-content\\\/uploads\\\/2022\\\/09\\\/TRIANGLE_-_rectangle_logo_white-1024x427.png\",\"datePublished\":\"2022-09-19T17:48:13+00:00\",\"dateModified\":\"2024-06-07T13:22:11+00:00\",\"breadcrumb\":{\"@id\":\"https:\\\/\\\/hepatology.ca\\\/research\\\/triangle-training-program\\\/#breadcrumb\"},\"inLanguage\":\"fr-CA\",\"potentialAction\":[{\"@type\":\"ReadAction\",\"target\":[\"https:\\\/\\\/hepatology.ca\\\/research\\\/triangle-training-program\\\/\"]}]},{\"@type\":\"ImageObject\",\"inLanguage\":\"fr-CA\",\"@id\":\"https:\\\/\\\/hepatology.ca\\\/research\\\/triangle-training-program\\\/#primaryimage\",\"url\":\"https:\\\/\\\/hepatology.ca\\\/wp-content\\\/uploads\\\/2022\\\/09\\\/TRIANGLE_-_rectangle_logo_white-1024x427.png\",\"contentUrl\":\"https:\\\/\\\/hepatology.ca\\\/wp-content\\\/uploads\\\/2022\\\/09\\\/TRIANGLE_-_rectangle_logo_white-1024x427.png\"},{\"@type\":\"BreadcrumbList\",\"@id\":\"https:\\\/\\\/hepatology.ca\\\/research\\\/triangle-training-program\\\/#breadcrumb\",\"itemListElement\":[{\"@type\":\"ListItem\",\"position\":1,\"name\":\"Home\",\"item\":\"https:\\\/\\\/hepatology.ca\\\/\"},{\"@type\":\"ListItem\",\"position\":2,\"name\":\"Research\",\"item\":\"https:\\\/\\\/hepatology.ca\\\/fr\\\/research\\\/\"},{\"@type\":\"ListItem\",\"position\":3,\"name\":\"TRIANGLE Training Program\"}]},{\"@type\":\"WebSite\",\"@id\":\"https:\\\/\\\/hepatology.ca\\\/#website\",\"url\":\"https:\\\/\\\/hepatology.ca\\\/\",\"name\":\"CASL\",\"description\":\"Canada\u2019s home for liver experts\",\"publisher\":{\"@id\":\"https:\\\/\\\/hepatology.ca\\\/#organization\"},\"potentialAction\":[{\"@type\":\"SearchAction\",\"target\":{\"@type\":\"EntryPoint\",\"urlTemplate\":\"https:\\\/\\\/hepatology.ca\\\/?s={search_term_string}\"},\"query-input\":{\"@type\":\"PropertyValueSpecification\",\"valueRequired\":true,\"valueName\":\"search_term_string\"}}],\"inLanguage\":\"fr-CA\"},{\"@type\":\"Organization\",\"@id\":\"https:\\\/\\\/hepatology.ca\\\/#organization\",\"name\":\"Canadian Association for the Study of the Liver\",\"url\":\"https:\\\/\\\/hepatology.ca\\\/\",\"logo\":{\"@type\":\"ImageObject\",\"inLanguage\":\"fr-CA\",\"@id\":\"https:\\\/\\\/hepatology.ca\\\/#\\\/schema\\\/logo\\\/image\\\/\",\"url\":\"https:\\\/\\\/hepatology.ca\\\/wp-content\\\/uploads\\\/2024\\\/06\\\/CASL-logo-transparent-background.png\",\"contentUrl\":\"https:\\\/\\\/hepatology.ca\\\/wp-content\\\/uploads\\\/2024\\\/06\\\/CASL-logo-transparent-background.png\",\"width\":1040,\"height\":294,\"caption\":\"Canadian Association for the Study of the Liver\"},\"image\":{\"@id\":\"https:\\\/\\\/hepatology.ca\\\/#\\\/schema\\\/logo\\\/image\\\/\"}}]}<\/script>\n<!-- \/ Yoast SEO plugin. -->","yoast_head_json":{"title":"Programme de formation TRIANGLE - CASL - Association canadienne pour l&#039;\u00e9tude du foie","robots":{"index":"index","follow":"follow","max-snippet":"max-snippet:-1","max-image-preview":"max-image-preview:large","max-video-preview":"max-video-preview:-1"},"canonical":"https:\/\/hepatology.ca\/fr\/research\/triangle-training-program\/","og_locale":"fr_CA","og_type":"article","og_title":"TRIANGLE Training Program - CASL - Canadian Association for the Study of the Liver","og_description":"About TRIANGLE TRIANGLE (TRaIning A New generation of researchers in Gastroenterology and LivEr) is a national training program for undergraduate [&hellip;]","og_url":"https:\/\/hepatology.ca\/fr\/research\/triangle-training-program\/","og_site_name":"CASL - Canadian Association for the Study of the Liver","article_modified_time":"2024-06-07T13:22:11+00:00","og_image":[{"url":"https:\/\/hepatology.ca\/wp-content\/uploads\/2022\/09\/TRIANGLE_-_rectangle_logo_white-1024x427.png","type":"","width":"","height":""}],"twitter_card":"summary_large_image","twitter_misc":{"Estimation du temps de lecture":"1 minute"},"schema":{"@context":"https:\/\/schema.org","@graph":[{"@type":"WebPage","@id":"https:\/\/hepatology.ca\/research\/triangle-training-program\/","url":"https:\/\/hepatology.ca\/research\/triangle-training-program\/","name":"Programme de formation TRIANGLE - CASL - Association canadienne pour l&#039;\u00e9tude du foie","isPartOf":{"@id":"https:\/\/hepatology.ca\/#website"},"primaryImageOfPage":{"@id":"https:\/\/hepatology.ca\/research\/triangle-training-program\/#primaryimage"},"image":{"@id":"https:\/\/hepatology.ca\/research\/triangle-training-program\/#primaryimage"},"thumbnailUrl":"https:\/\/hepatology.ca\/wp-content\/uploads\/2022\/09\/TRIANGLE_-_rectangle_logo_white-1024x427.png","datePublished":"2022-09-19T17:48:13+00:00","dateModified":"2024-06-07T13:22:11+00:00","breadcrumb":{"@id":"https:\/\/hepatology.ca\/research\/triangle-training-program\/#breadcrumb"},"inLanguage":"fr-CA","potentialAction":[{"@type":"ReadAction","target":["https:\/\/hepatology.ca\/research\/triangle-training-program\/"]}]},{"@type":"ImageObject","inLanguage":"fr-CA","@id":"https:\/\/hepatology.ca\/research\/triangle-training-program\/#primaryimage","url":"https:\/\/hepatology.ca\/wp-content\/uploads\/2022\/09\/TRIANGLE_-_rectangle_logo_white-1024x427.png","contentUrl":"https:\/\/hepatology.ca\/wp-content\/uploads\/2022\/09\/TRIANGLE_-_rectangle_logo_white-1024x427.png"},{"@type":"BreadcrumbList","@id":"https:\/\/hepatology.ca\/research\/triangle-training-program\/#breadcrumb","itemListElement":[{"@type":"ListItem","position":1,"name":"Home","item":"https:\/\/hepatology.ca\/"},{"@type":"ListItem","position":2,"name":"Research","item":"https:\/\/hepatology.ca\/fr\/research\/"},{"@type":"ListItem","position":3,"name":"TRIANGLE Training Program"}]},{"@type":"WebSite","@id":"https:\/\/hepatology.ca\/#website","url":"https:\/\/hepatology.ca\/","name":"LCAP","description":"Le foyer canadien des experts du foie","publisher":{"@id":"https:\/\/hepatology.ca\/#organization"},"potentialAction":[{"@type":"SearchAction","target":{"@type":"EntryPoint","urlTemplate":"https:\/\/hepatology.ca\/?s={search_term_string}"},"query-input":{"@type":"PropertyValueSpecification","valueRequired":true,"valueName":"search_term_string"}}],"inLanguage":"fr-CA"},{"@type":"Organization","@id":"https:\/\/hepatology.ca\/#organization","name":"Association canadienne pour l&#039;\u00e9tude du foie","url":"https:\/\/hepatology.ca\/","logo":{"@type":"ImageObject","inLanguage":"fr-CA","@id":"https:\/\/hepatology.ca\/#\/schema\/logo\/image\/","url":"https:\/\/hepatology.ca\/wp-content\/uploads\/2024\/06\/CASL-logo-transparent-background.png","contentUrl":"https:\/\/hepatology.ca\/wp-content\/uploads\/2024\/06\/CASL-logo-transparent-background.png","width":1040,"height":294,"caption":"Canadian Association for the Study of the Liver"},"image":{"@id":"https:\/\/hepatology.ca\/#\/schema\/logo\/image\/"}}]}},"_links":{"self":[{"href":"https:\/\/hepatology.ca\/fr\/wp-json\/wp\/v2\/pages\/3080","targetHints":{"allow":["GET"]}}],"collection":[{"href":"https:\/\/hepatology.ca\/fr\/wp-json\/wp\/v2\/pages"}],"about":[{"href":"https:\/\/hepatology.ca\/fr\/wp-json\/wp\/v2\/types\/page"}],"author":[{"embeddable":true,"href":"https:\/\/hepatology.ca\/fr\/wp-json\/wp\/v2\/users\/3"}],"replies":[{"embeddable":true,"href":"https:\/\/hepatology.ca\/fr\/wp-json\/wp\/v2\/comments?post=3080"}],"version-history":[{"count":2,"href":"https:\/\/hepatology.ca\/fr\/wp-json\/wp\/v2\/pages\/3080\/revisions"}],"predecessor-version":[{"id":3130,"href":"https:\/\/hepatology.ca\/fr\/wp-json\/wp\/v2\/pages\/3080\/revisions\/3130"}],"up":[{"embeddable":true,"href":"https:\/\/hepatology.ca\/fr\/wp-json\/wp\/v2\/pages\/932"}],"wp:attachment":[{"href":"https:\/\/hepatology.ca\/fr\/wp-json\/wp\/v2\/media?parent=3080"}],"curies":[{"name":"wp","href":"https:\/\/api.w.org\/{rel}","templated":true}]}}