{"id":3056,"date":"2022-07-28T16:40:25","date_gmt":"2022-07-28T16:40:25","guid":{"rendered":"https:\/\/hepatology.ca\/?page_id=3056"},"modified":"2024-06-07T13:22:11","modified_gmt":"2024-06-07T13:22:11","slug":"the-inside-report","status":"publish","type":"page","link":"https:\/\/hepatology.ca\/fr\/education-events\/the-inside-report\/","title":{"rendered":"Le rapport de l&#039;int\u00e9rieur"},"content":{"rendered":"<div class=\"wp-block-image\"><figure class=\"aligncenter size-full is-resized\"><img fetchpriority=\"high\" decoding=\"async\" src=\"https:\/\/hepatology.ca\/wp-content\/uploads\/2022\/07\/image.png\" alt=\"The Inside Report banner\" class=\"wp-image-3058\" width=\"337\" height=\"361\" srcset=\"https:\/\/hepatology.ca\/wp-content\/uploads\/2022\/07\/image.png 600w, https:\/\/hepatology.ca\/wp-content\/uploads\/2022\/07\/image-280x300.png 280w\" sizes=\"(max-width: 337px) 100vw, 337px\" \/><\/figure><\/div>\n\n\n\n<p>Le rapport Inside Report est une pr\u00e9sentation interactive bas\u00e9e sur des cas cliniques avec la possibilit\u00e9 d&#039;explorer cinq parcours de patients. Pr\u00e9sent\u00e9e dans un format flexible, la session peut \u00eatre adapt\u00e9e \u00e0 l&#039;int\u00e9r\u00eat du public et au temps disponible. Des sc\u00e9narios \u00ab\u00a0Et si\u00a0\u00bb et des questions de discussion sont inclus dans les cas cliniques pour offrir la possibilit\u00e9 d&#039;explorer diff\u00e9rentes situations et d&#039;am\u00e9liorer l&#039;auto-apprentissage et la r\u00e9flexion. <\/p>\n\n\n\n<p>Le cours est con\u00e7u pour les professionnels de la sant\u00e9 multidisciplinaires, notamment :<\/p>\n\n\n\n<ul class=\"wp-block-list\"><li>H\u00e9patologues<\/li><li>Gastroent\u00e9rologues<\/li><li>Sp\u00e9cialistes des maladies infectieuses<\/li><li>M\u00e9decins g\u00e9n\u00e9ralistes et m\u00e9decins de famille<\/li><li>Infirmi\u00e8res praticiennes et infirmi\u00e8res<\/li><li>Les pharmaciens<\/li><li>Sp\u00e9cialistes en m\u00e9decine de la toxicomanie. <\/li><\/ul>\n\n\n\n<p>Dans ce num\u00e9ro, vous d\u00e9couvrirez :<\/p>\n\n\n\n<ul class=\"wp-block-list\"><li>Simplification du parcours de d\u00e9pistage et de diagnostic du VHC pour faciliter l&#039;identification des patients atteints du VHC<\/li><li>Obstacles aux soins et strat\u00e9gies pour les att\u00e9nuer<\/li><li>Aspects pratiques du traitement, y compris les populations prioritaires et\/ou les sc\u00e9narios cliniques complexes<\/li><li>Donn\u00e9es sur l&#039;efficacit\u00e9 et la s\u00e9curit\u00e9 des options de traitement disponibles<\/li><li>Lignes directrices actuelles en pratique clinique pour simplifier et optimiser le traitement du VHC<\/li><\/ul>\n\n\n\n<p>Int\u00e9ress\u00e9 \u00e0 participer? <a href=\"https:\/\/insidereport.ca\/en\/login\">Inscrivez-vous ici<\/a>. <\/p>\n\n\n\n<hr class=\"wp-block-separator is-style-wide\"\/>\n\n\n\n<p><em>Cette activit\u00e9 est un programme d&#039;auto\u00e9valuation agr\u00e9\u00e9 (section 3) tel que d\u00e9fini par le programme de maintien du certificat du Coll\u00e8ge royal des m\u00e9decins et chirurgiens du Canada et approuv\u00e9 par l&#039;Association canadienne pour l&#039;\u00e9tude du foie (AC\u00c9F). Vous pouvez r\u00e9clamer un maximum de 9 cr\u00e9dits (les cr\u00e9dits sont calcul\u00e9s automatiquement).<\/em><\/p>","protected":false},"excerpt":{"rendered":"<p>The Inside Report is a case-based interactive presentation with the possibility of exploring five patient journeys. Presented in a flexible [&hellip;]<\/p>\n","protected":false},"author":3,"featured_media":0,"parent":31,"menu_order":37,"comment_status":"closed","ping_status":"closed","template":"","meta":{"_acf_changed":false,"site-sidebar-layout":"default","site-content-layout":"","ast-site-content-layout":"default","site-content-style":"default","site-sidebar-style":"default","ast-global-header-display":"","ast-banner-title-visibility":"","ast-main-header-display":"","ast-hfb-above-header-display":"","ast-hfb-below-header-display":"","ast-hfb-mobile-header-display":"","site-post-title":"","ast-breadcrumbs-content":"","ast-featured-img":"","footer-sml-layout":"","ast-disable-related-posts":"","theme-transparent-header-meta":"","adv-header-id-meta":"","stick-header-meta":"","header-above-stick-meta":"","header-main-stick-meta":"","header-below-stick-meta":"","astra-migrate-meta-layouts":"default","ast-page-background-enabled":"default","ast-page-background-meta":{"desktop":{"background-color":"var(--ast-global-color-4)","background-image":"","background-repeat":"repeat","background-position":"center center","background-size":"auto","background-attachment":"scroll","background-type":"","background-media":"","overlay-type":"","overlay-color":"","overlay-opacity":"","overlay-gradient":""},"tablet":{"background-color":"","background-image":"","background-repeat":"repeat","background-position":"center center","background-size":"auto","background-attachment":"scroll","background-type":"","background-media":"","overlay-type":"","overlay-color":"","overlay-opacity":"","overlay-gradient":""},"mobile":{"background-color":"","background-image":"","background-repeat":"repeat","background-position":"center center","background-size":"auto","background-attachment":"scroll","background-type":"","background-media":"","overlay-type":"","overlay-color":"","overlay-opacity":"","overlay-gradient":""}},"ast-content-background-meta":{"desktop":{"background-color":"var(--ast-global-color-5)","background-image":"","background-repeat":"repeat","background-position":"center center","background-size":"auto","background-attachment":"scroll","background-type":"","background-media":"","overlay-type":"","overlay-color":"","overlay-opacity":"","overlay-gradient":""},"tablet":{"background-color":"var(--ast-global-color-5)","background-image":"","background-repeat":"repeat","background-position":"center center","background-size":"auto","background-attachment":"scroll","background-type":"","background-media":"","overlay-type":"","overlay-color":"","overlay-opacity":"","overlay-gradient":""},"mobile":{"background-color":"var(--ast-global-color-5)","background-image":"","background-repeat":"repeat","background-position":"center center","background-size":"auto","background-attachment":"scroll","background-type":"","background-media":"","overlay-type":"","overlay-color":"","overlay-opacity":"","overlay-gradient":""}},"ngg_post_thumbnail":0,"footnotes":""},"class_list":["post-3056","page","type-page","status-publish","hentry"],"acf":[],"yoast_head":"<!-- This site is optimized with the Yoast SEO plugin v27.4 - https:\/\/yoast.com\/product\/yoast-seo-wordpress\/ -->\n<title>The Inside Report - Canadian Association for the Study of the Liver<\/title>\n<meta name=\"description\" content=\"The Inside Report is a case-based interactive presentation with the possibility of exploring five patient journeys.\" \/>\n<meta name=\"robots\" content=\"index, follow, max-snippet:-1, max-image-preview:large, max-video-preview:-1\" \/>\n<link rel=\"canonical\" href=\"https:\/\/hepatology.ca\/fr\/education-events\/the-inside-report\/\" \/>\n<meta property=\"og:locale\" content=\"fr_CA\" \/>\n<meta property=\"og:type\" content=\"article\" \/>\n<meta property=\"og:title\" content=\"The Inside Report - Canadian Association for the Study of the Liver\" \/>\n<meta property=\"og:description\" content=\"The Inside Report is a case-based interactive presentation with the possibility of exploring five patient journeys.\" \/>\n<meta property=\"og:url\" content=\"https:\/\/hepatology.ca\/fr\/education-events\/the-inside-report\/\" \/>\n<meta property=\"og:site_name\" content=\"CASL - Canadian Association for the Study of the Liver\" \/>\n<meta property=\"article:modified_time\" content=\"2024-06-07T13:22:11+00:00\" \/>\n<meta property=\"og:image\" content=\"https:\/\/hepatology.ca\/wp-content\/uploads\/2022\/07\/image.png\" \/>\n<meta name=\"twitter:card\" content=\"summary_large_image\" \/>\n<meta name=\"twitter:label1\" content=\"Estimation du temps de lecture\" \/>\n\t<meta name=\"twitter:data1\" content=\"2 minutes\" \/>\n<script type=\"application\/ld+json\" class=\"yoast-schema-graph\">{\"@context\":\"https:\\\/\\\/schema.org\",\"@graph\":[{\"@type\":\"WebPage\",\"@id\":\"https:\\\/\\\/hepatology.ca\\\/education-events\\\/the-inside-report\\\/\",\"url\":\"https:\\\/\\\/hepatology.ca\\\/education-events\\\/the-inside-report\\\/\",\"name\":\"The Inside Report - Canadian Association for the Study of the Liver\",\"isPartOf\":{\"@id\":\"https:\\\/\\\/hepatology.ca\\\/#website\"},\"primaryImageOfPage\":{\"@id\":\"https:\\\/\\\/hepatology.ca\\\/education-events\\\/the-inside-report\\\/#primaryimage\"},\"image\":{\"@id\":\"https:\\\/\\\/hepatology.ca\\\/education-events\\\/the-inside-report\\\/#primaryimage\"},\"thumbnailUrl\":\"https:\\\/\\\/hepatology.ca\\\/wp-content\\\/uploads\\\/2022\\\/07\\\/image.png\",\"datePublished\":\"2022-07-28T16:40:25+00:00\",\"dateModified\":\"2024-06-07T13:22:11+00:00\",\"description\":\"The Inside Report is a case-based interactive presentation with the possibility of exploring five patient journeys.\",\"breadcrumb\":{\"@id\":\"https:\\\/\\\/hepatology.ca\\\/education-events\\\/the-inside-report\\\/#breadcrumb\"},\"inLanguage\":\"fr-CA\",\"potentialAction\":[{\"@type\":\"ReadAction\",\"target\":[\"https:\\\/\\\/hepatology.ca\\\/education-events\\\/the-inside-report\\\/\"]}]},{\"@type\":\"ImageObject\",\"inLanguage\":\"fr-CA\",\"@id\":\"https:\\\/\\\/hepatology.ca\\\/education-events\\\/the-inside-report\\\/#primaryimage\",\"url\":\"https:\\\/\\\/hepatology.ca\\\/wp-content\\\/uploads\\\/2022\\\/07\\\/image.png\",\"contentUrl\":\"https:\\\/\\\/hepatology.ca\\\/wp-content\\\/uploads\\\/2022\\\/07\\\/image.png\"},{\"@type\":\"BreadcrumbList\",\"@id\":\"https:\\\/\\\/hepatology.ca\\\/education-events\\\/the-inside-report\\\/#breadcrumb\",\"itemListElement\":[{\"@type\":\"ListItem\",\"position\":1,\"name\":\"Home\",\"item\":\"https:\\\/\\\/hepatology.ca\\\/\"},{\"@type\":\"ListItem\",\"position\":2,\"name\":\"Education &#038; Events\",\"item\":\"https:\\\/\\\/hepatology.ca\\\/education-events\\\/\"},{\"@type\":\"ListItem\",\"position\":3,\"name\":\"The Inside Report\"}]},{\"@type\":\"WebSite\",\"@id\":\"https:\\\/\\\/hepatology.ca\\\/#website\",\"url\":\"https:\\\/\\\/hepatology.ca\\\/\",\"name\":\"CASL\",\"description\":\"Canada\u2019s home for liver experts\",\"publisher\":{\"@id\":\"https:\\\/\\\/hepatology.ca\\\/#organization\"},\"potentialAction\":[{\"@type\":\"SearchAction\",\"target\":{\"@type\":\"EntryPoint\",\"urlTemplate\":\"https:\\\/\\\/hepatology.ca\\\/?s={search_term_string}\"},\"query-input\":{\"@type\":\"PropertyValueSpecification\",\"valueRequired\":true,\"valueName\":\"search_term_string\"}}],\"inLanguage\":\"fr-CA\"},{\"@type\":\"Organization\",\"@id\":\"https:\\\/\\\/hepatology.ca\\\/#organization\",\"name\":\"Canadian Association for the Study of the Liver\",\"url\":\"https:\\\/\\\/hepatology.ca\\\/\",\"logo\":{\"@type\":\"ImageObject\",\"inLanguage\":\"fr-CA\",\"@id\":\"https:\\\/\\\/hepatology.ca\\\/#\\\/schema\\\/logo\\\/image\\\/\",\"url\":\"https:\\\/\\\/hepatology.ca\\\/wp-content\\\/uploads\\\/2024\\\/06\\\/CASL-logo-transparent-background.png\",\"contentUrl\":\"https:\\\/\\\/hepatology.ca\\\/wp-content\\\/uploads\\\/2024\\\/06\\\/CASL-logo-transparent-background.png\",\"width\":1040,\"height\":294,\"caption\":\"Canadian Association for the Study of the Liver\"},\"image\":{\"@id\":\"https:\\\/\\\/hepatology.ca\\\/#\\\/schema\\\/logo\\\/image\\\/\"}}]}<\/script>\n<!-- \/ Yoast SEO plugin. -->","yoast_head_json":{"title":"Le rapport de l&#039;int\u00e9rieur - Association canadienne pour l&#039;\u00e9tude du foie","description":"Le rapport int\u00e9rieur est une pr\u00e9sentation interactive bas\u00e9e sur des cas avec la possibilit\u00e9 d&#039;explorer cinq parcours de patients.","robots":{"index":"index","follow":"follow","max-snippet":"max-snippet:-1","max-image-preview":"max-image-preview:large","max-video-preview":"max-video-preview:-1"},"canonical":"https:\/\/hepatology.ca\/fr\/education-events\/the-inside-report\/","og_locale":"fr_CA","og_type":"article","og_title":"The Inside Report - Canadian Association for the Study of the Liver","og_description":"The Inside Report is a case-based interactive presentation with the possibility of exploring five patient journeys.","og_url":"https:\/\/hepatology.ca\/fr\/education-events\/the-inside-report\/","og_site_name":"CASL - Canadian Association for the Study of the Liver","article_modified_time":"2024-06-07T13:22:11+00:00","og_image":[{"url":"https:\/\/hepatology.ca\/wp-content\/uploads\/2022\/07\/image.png","type":"","width":"","height":""}],"twitter_card":"summary_large_image","twitter_misc":{"Estimation du temps de lecture":"2 minutes"},"schema":{"@context":"https:\/\/schema.org","@graph":[{"@type":"WebPage","@id":"https:\/\/hepatology.ca\/education-events\/the-inside-report\/","url":"https:\/\/hepatology.ca\/education-events\/the-inside-report\/","name":"Le rapport de l&#039;int\u00e9rieur - Association canadienne pour l&#039;\u00e9tude du foie","isPartOf":{"@id":"https:\/\/hepatology.ca\/#website"},"primaryImageOfPage":{"@id":"https:\/\/hepatology.ca\/education-events\/the-inside-report\/#primaryimage"},"image":{"@id":"https:\/\/hepatology.ca\/education-events\/the-inside-report\/#primaryimage"},"thumbnailUrl":"https:\/\/hepatology.ca\/wp-content\/uploads\/2022\/07\/image.png","datePublished":"2022-07-28T16:40:25+00:00","dateModified":"2024-06-07T13:22:11+00:00","description":"Le rapport int\u00e9rieur est une pr\u00e9sentation interactive bas\u00e9e sur des cas avec la possibilit\u00e9 d&#039;explorer cinq parcours de patients.","breadcrumb":{"@id":"https:\/\/hepatology.ca\/education-events\/the-inside-report\/#breadcrumb"},"inLanguage":"fr-CA","potentialAction":[{"@type":"ReadAction","target":["https:\/\/hepatology.ca\/education-events\/the-inside-report\/"]}]},{"@type":"ImageObject","inLanguage":"fr-CA","@id":"https:\/\/hepatology.ca\/education-events\/the-inside-report\/#primaryimage","url":"https:\/\/hepatology.ca\/wp-content\/uploads\/2022\/07\/image.png","contentUrl":"https:\/\/hepatology.ca\/wp-content\/uploads\/2022\/07\/image.png"},{"@type":"BreadcrumbList","@id":"https:\/\/hepatology.ca\/education-events\/the-inside-report\/#breadcrumb","itemListElement":[{"@type":"ListItem","position":1,"name":"Home","item":"https:\/\/hepatology.ca\/"},{"@type":"ListItem","position":2,"name":"Education &#038; Events","item":"https:\/\/hepatology.ca\/education-events\/"},{"@type":"ListItem","position":3,"name":"The Inside Report"}]},{"@type":"WebSite","@id":"https:\/\/hepatology.ca\/#website","url":"https:\/\/hepatology.ca\/","name":"LCAP","description":"Le foyer canadien des experts du foie","publisher":{"@id":"https:\/\/hepatology.ca\/#organization"},"potentialAction":[{"@type":"SearchAction","target":{"@type":"EntryPoint","urlTemplate":"https:\/\/hepatology.ca\/?s={search_term_string}"},"query-input":{"@type":"PropertyValueSpecification","valueRequired":true,"valueName":"search_term_string"}}],"inLanguage":"fr-CA"},{"@type":"Organization","@id":"https:\/\/hepatology.ca\/#organization","name":"Association canadienne pour l&#039;\u00e9tude du foie","url":"https:\/\/hepatology.ca\/","logo":{"@type":"ImageObject","inLanguage":"fr-CA","@id":"https:\/\/hepatology.ca\/#\/schema\/logo\/image\/","url":"https:\/\/hepatology.ca\/wp-content\/uploads\/2024\/06\/CASL-logo-transparent-background.png","contentUrl":"https:\/\/hepatology.ca\/wp-content\/uploads\/2024\/06\/CASL-logo-transparent-background.png","width":1040,"height":294,"caption":"Canadian Association for the Study of the Liver"},"image":{"@id":"https:\/\/hepatology.ca\/#\/schema\/logo\/image\/"}}]}},"_links":{"self":[{"href":"https:\/\/hepatology.ca\/fr\/wp-json\/wp\/v2\/pages\/3056","targetHints":{"allow":["GET"]}}],"collection":[{"href":"https:\/\/hepatology.ca\/fr\/wp-json\/wp\/v2\/pages"}],"about":[{"href":"https:\/\/hepatology.ca\/fr\/wp-json\/wp\/v2\/types\/page"}],"author":[{"embeddable":true,"href":"https:\/\/hepatology.ca\/fr\/wp-json\/wp\/v2\/users\/3"}],"replies":[{"embeddable":true,"href":"https:\/\/hepatology.ca\/fr\/wp-json\/wp\/v2\/comments?post=3056"}],"version-history":[{"count":2,"href":"https:\/\/hepatology.ca\/fr\/wp-json\/wp\/v2\/pages\/3056\/revisions"}],"predecessor-version":[{"id":3347,"href":"https:\/\/hepatology.ca\/fr\/wp-json\/wp\/v2\/pages\/3056\/revisions\/3347"}],"up":[{"embeddable":true,"href":"https:\/\/hepatology.ca\/fr\/wp-json\/wp\/v2\/pages\/31"}],"wp:attachment":[{"href":"https:\/\/hepatology.ca\/fr\/wp-json\/wp\/v2\/media?parent=3056"}],"curies":[{"name":"wp","href":"https:\/\/api.w.org\/{rel}","templated":true}]}}