{"id":3026,"date":"2022-05-24T20:42:14","date_gmt":"2022-05-24T20:42:14","guid":{"rendered":"https:\/\/hepatology.ca\/?page_id=3026"},"modified":"2026-03-09T22:59:01","modified_gmt":"2026-03-09T22:59:01","slug":"casl-psc-seeking-a-cure-award","status":"publish","type":"page","link":"https:\/\/hepatology.ca\/fr\/casl-awards\/casl-psc-seeking-a-cure-award\/","title":{"rendered":"Prix des partenaires CASL-PSC \u00e0 la recherche d&#039;un rem\u00e8de"},"content":{"rendered":"<div class=\"wp-block-media-text is-stacked-on-mobile\" style=\"grid-template-columns:15% auto\"><figure class=\"wp-block-media-text__media\"><img fetchpriority=\"high\" decoding=\"async\" width=\"420\" height=\"420\" src=\"https:\/\/hepatology.ca\/wp-content\/uploads\/2024\/07\/image.png\" alt=\"\" class=\"wp-image-4189 size-full\" srcset=\"https:\/\/hepatology.ca\/wp-content\/uploads\/2024\/07\/image.png 420w, https:\/\/hepatology.ca\/wp-content\/uploads\/2024\/07\/image-300x300.png 300w, https:\/\/hepatology.ca\/wp-content\/uploads\/2024\/07\/image-150x150.png 150w\" sizes=\"(max-width: 420px) 100vw, 420px\" \/><\/figure><div class=\"wp-block-media-text__content\">\n<p>Le prix CASL-PSC Partners Seeking a Cure vise \u00e0 reconna\u00eetre les meilleures recherches sur la CSP pr\u00e9sent\u00e9es chaque ann\u00e9e lors de la r\u00e9union canadienne sur le foie. <br>PSC Partners cherche \u00e0 attirer davantage l&#039;attention et l&#039;int\u00e9r\u00eat pour la recherche sur le traitement et les rem\u00e8des contre la PSC. \u00c0 ce titre, ce prix honorera et aidera \u00e0 soutenir ceux qui s&#039;engagent dans des recherches prometteuses sur la PSC.&nbsp;<\/p>\n<\/div><\/div>\n\n\n\n<p><\/p>\n\n\n\n<p><strong>Admissibilit\u00e9 des b\u00e9n\u00e9ficiaires<\/strong>&nbsp;<\/p>\n\n\n\n<ul class=\"wp-block-list\">\n<li>Les laur\u00e9ats doivent \u00eatre membres de la CASL&nbsp;<\/li>\n<\/ul>\n\n\n\n<ul class=\"wp-block-list\">\n<li>Les laur\u00e9ats doivent avoir soumis leurs recherches pour pr\u00e9sentation via le processus de soumission de r\u00e9sum\u00e9 pour la r\u00e9union canadienne sur le foie ou pr\u00e9senter le PSC lors de la r\u00e9union.&nbsp;<\/li>\n<\/ul>\n\n\n\n<ul class=\"wp-block-list\">\n<li>Les membres qui si\u00e8gent actuellement au Comit\u00e9 de recherche de l\u2019ACL ne sont pas admissibles \u00e0 ce prix.&nbsp;<\/li>\n<\/ul>\n\n\n\n<p>&nbsp;<br><strong>Crit\u00e8res de s\u00e9lection<\/strong>&nbsp;<\/p>\n\n\n\n<p>Le comit\u00e9 de recherche de l\u2019ACL recommandera le laur\u00e9at en fonction des crit\u00e8res suivants :&nbsp;<\/p>\n\n\n\n<ol start=\"1\" class=\"wp-block-list\">\n<li>Notes et commentaires fournis dans le cadre du processus d&#039;examen des r\u00e9sum\u00e9s pour la r\u00e9union canadienne sur le foie&nbsp;<\/li>\n<\/ol>\n\n\n\n<ol start=\"2\" class=\"wp-block-list\">\n<li>Excellence d\u00e9montr\u00e9e dans la recherche actuelle ou pass\u00e9e sur la CSP&nbsp;<\/li>\n<\/ol>\n\n\n\n<ol start=\"3\" class=\"wp-block-list\">\n<li>Preuve de promesses futures en mati\u00e8re de recherche, de pratique clinique ou d\u2019autres activit\u00e9s scientifiques li\u00e9es \u00e0 la recherche d\u2019un rem\u00e8de contre la CSP&nbsp;<\/li>\n<\/ol>\n\n\n\n<ol start=\"4\" class=\"wp-block-list\">\n<li>Il est souhaitable que le prix soit d\u00e9cern\u00e9 \u00e0 un stagiaire ou \u00e0 un jeune chercheur, bien que cela ne soit pas une exigence.&nbsp;<\/li>\n<\/ol>\n\n\n\n<ol start=\"5\" class=\"wp-block-list\">\n<li>S&#039;il n&#039;y a pas de recherche m\u00e9ritante sur la CSP soumise dans le cadre du processus de soumission de r\u00e9sum\u00e9 de la r\u00e9union canadienne sur le foie, le comit\u00e9 de recherche peut s\u00e9lectionner un conf\u00e9rencier invit\u00e9 qui pr\u00e9sente sur la CSP lors de la r\u00e9union comme r\u00e9cipiendaire, ou peut choisir de ne pas s\u00e9lectionner de r\u00e9cipiendaire pour la r\u00e9union de cette ann\u00e9e-l\u00e0.&nbsp;<\/li>\n<\/ol>\n\n\n\n<p><strong><strong>Les candidats seront choisis parmi les r\u00e9sum\u00e9s soumis pour la r\u00e9union canadienne sur le foie.<\/strong><\/strong><\/p>\n\n\n<p><strong>PARTENAIRES DE CASL-PSC RECHERCHANT LES LAUR\u00c9ATS DU PRIX CURE CANADA<\/strong><\/p>\n<div id=\"sass\">Nous sommes honor\u00e9s de rendre hommage aux anciens laur\u00e9ats suivants du prix CASL-PSC Partners Seeking a Cure Canada :<\/div>\n<div>&nbsp;<\/div>\n\n\n<figure class=\"wp-block-table is-style-stripes\"><table><tbody><tr><td>2026<\/td><td>Dr Natassia Tan<br><em>Caract\u00e9ristiques cliniques et facteurs pr\u00e9dictifs biochimiques de la cholangite scl\u00e9rosante primitive r\u00e9currente apr\u00e8s transplantation h\u00e9patique<\/em>\u00a0<\/td><\/tr><tr><td>2025<\/td><td>Dr Soumita Ghosh<br><em>Parmi les maladies auto-immunes du foie, la cholangite scl\u00e9rosante primitive pr\u00e9sente des profils de m\u00e9thylation distincts sur l&#039;ADN circulant<\/em>\u00a0<\/td><\/tr><tr><td>2023<\/td><td>Dr Audrey-Anne Lavoie<\/td><\/tr><tr><td>2022<\/td><td>Dr Marwa Ismail, Centre des maladies du foie de Toronto<br><em>Stabilit\u00e9 longitudinale de l\u2019activit\u00e9 de la maladie dans la cholangite scl\u00e9rosante primitive : une cible th\u00e9rapeutique pour de nouvelles th\u00e9rapies ?<\/em><\/td><\/tr><tr><td>2021<\/td><td>Dr Bellal Jubran, Universit\u00e9 de Toronto<br><em>L&#039;h\u00e9patolithiase est une constatation fr\u00e9quente et pronostique chez les patients atteints de cholangite scl\u00e9rosante primitive<\/em><\/td><\/tr><tr><td>2020<\/td><td>Dr Julian Hercun, CHUM<br><em>Evolution de la cholangite auto-immune et de la cholangite scl\u00e9rosante primitive dans une cohorte p\u00e9diatrique<\/em><\/td><\/tr><\/tbody><\/table><\/figure>\n\n\n\n<p><\/p>","protected":false},"excerpt":{"rendered":"<p>The CASL-PSC Partners Seeking a Cure Award seeks to recognize the best research on PSC presented at the Canadian Liver [&hellip;]<\/p>\n","protected":false},"author":3,"featured_media":0,"parent":1920,"menu_order":24,"comment_status":"closed","ping_status":"closed","template":"","meta":{"_acf_changed":false,"site-sidebar-layout":"default","site-content-layout":"","ast-site-content-layout":"default","site-content-style":"default","site-sidebar-style":"default","ast-global-header-display":"","ast-banner-title-visibility":"","ast-main-header-display":"","ast-hfb-above-header-display":"","ast-hfb-below-header-display":"","ast-hfb-mobile-header-display":"","site-post-title":"","ast-breadcrumbs-content":"","ast-featured-img":"","footer-sml-layout":"","ast-disable-related-posts":"","theme-transparent-header-meta":"","adv-header-id-meta":"","stick-header-meta":"","header-above-stick-meta":"","header-main-stick-meta":"","header-below-stick-meta":"","astra-migrate-meta-layouts":"default","ast-page-background-enabled":"default","ast-page-background-meta":{"desktop":{"background-color":"var(--ast-global-color-4)","background-image":"","background-repeat":"repeat","background-position":"center center","background-size":"auto","background-attachment":"scroll","background-type":"","background-media":"","overlay-type":"","overlay-color":"","overlay-opacity":"","overlay-gradient":""},"tablet":{"background-color":"","background-image":"","background-repeat":"repeat","background-position":"center center","background-size":"auto","background-attachment":"scroll","background-type":"","background-media":"","overlay-type":"","overlay-color":"","overlay-opacity":"","overlay-gradient":""},"mobile":{"background-color":"","background-image":"","background-repeat":"repeat","background-position":"center center","background-size":"auto","background-attachment":"scroll","background-type":"","background-media":"","overlay-type":"","overlay-color":"","overlay-opacity":"","overlay-gradient":""}},"ast-content-background-meta":{"desktop":{"background-color":"var(--ast-global-color-5)","background-image":"","background-repeat":"repeat","background-position":"center center","background-size":"auto","background-attachment":"scroll","background-type":"","background-media":"","overlay-type":"","overlay-color":"","overlay-opacity":"","overlay-gradient":""},"tablet":{"background-color":"var(--ast-global-color-5)","background-image":"","background-repeat":"repeat","background-position":"center center","background-size":"auto","background-attachment":"scroll","background-type":"","background-media":"","overlay-type":"","overlay-color":"","overlay-opacity":"","overlay-gradient":""},"mobile":{"background-color":"var(--ast-global-color-5)","background-image":"","background-repeat":"repeat","background-position":"center center","background-size":"auto","background-attachment":"scroll","background-type":"","background-media":"","overlay-type":"","overlay-color":"","overlay-opacity":"","overlay-gradient":""}},"ngg_post_thumbnail":0,"footnotes":""},"class_list":["post-3026","page","type-page","status-publish","hentry"],"acf":[],"yoast_head":"<!-- This site is optimized with the Yoast SEO plugin v27.4 - https:\/\/yoast.com\/product\/yoast-seo-wordpress\/ -->\n<title>CASL-PSC Partners Seeking a Cure Award - CASL - Canadian Association for the Study of the Liver<\/title>\n<meta name=\"description\" content=\"All the past recipients of the CASL-PSC Partners Seeking a cure award, which recognizes the best abstract on primary sclerosing cholangitis (PSC) presented at the Canadian Liver Meeting, and is made possible by a generous donation from PSC Partners Seeking a Cure Canada).\" \/>\n<meta name=\"robots\" content=\"index, follow, max-snippet:-1, max-image-preview:large, max-video-preview:-1\" \/>\n<link rel=\"canonical\" href=\"https:\/\/hepatology.ca\/fr\/casl-awards\/casl-psc-seeking-a-cure-award\/\" \/>\n<meta property=\"og:locale\" content=\"fr_CA\" \/>\n<meta property=\"og:type\" content=\"article\" \/>\n<meta property=\"og:title\" content=\"CASL-PSC Partners Seeking a Cure Award - CASL - Canadian Association for the Study of the Liver\" \/>\n<meta property=\"og:description\" content=\"All the past recipients of the CASL-PSC Partners Seeking a cure award, which recognizes the best abstract on primary sclerosing cholangitis (PSC) presented at the Canadian Liver Meeting, and is made possible by a generous donation from PSC Partners Seeking a Cure Canada).\" \/>\n<meta property=\"og:url\" content=\"https:\/\/hepatology.ca\/fr\/casl-awards\/casl-psc-seeking-a-cure-award\/\" \/>\n<meta property=\"og:site_name\" content=\"CASL - Canadian Association for the Study of the Liver\" \/>\n<meta property=\"article:modified_time\" content=\"2026-03-09T22:59:01+00:00\" \/>\n<meta property=\"og:image\" content=\"https:\/\/hepatology.ca\/wp-content\/uploads\/2024\/07\/image.png\" \/>\n\t<meta property=\"og:image:width\" content=\"420\" \/>\n\t<meta property=\"og:image:height\" content=\"420\" \/>\n\t<meta property=\"og:image:type\" content=\"image\/png\" \/>\n<meta name=\"twitter:card\" content=\"summary_large_image\" \/>\n<meta name=\"twitter:label1\" content=\"Estimation du temps de lecture\" \/>\n\t<meta name=\"twitter:data1\" content=\"2 minutes\" \/>\n<script type=\"application\/ld+json\" class=\"yoast-schema-graph\">{\"@context\":\"https:\\\/\\\/schema.org\",\"@graph\":[{\"@type\":\"WebPage\",\"@id\":\"https:\\\/\\\/hepatology.ca\\\/casl-awards\\\/casl-psc-seeking-a-cure-award\\\/\",\"url\":\"https:\\\/\\\/hepatology.ca\\\/casl-awards\\\/casl-psc-seeking-a-cure-award\\\/\",\"name\":\"CASL-PSC Partners Seeking a Cure Award - CASL - Canadian Association for the Study of the Liver\",\"isPartOf\":{\"@id\":\"https:\\\/\\\/hepatology.ca\\\/#website\"},\"primaryImageOfPage\":{\"@id\":\"https:\\\/\\\/hepatology.ca\\\/casl-awards\\\/casl-psc-seeking-a-cure-award\\\/#primaryimage\"},\"image\":{\"@id\":\"https:\\\/\\\/hepatology.ca\\\/casl-awards\\\/casl-psc-seeking-a-cure-award\\\/#primaryimage\"},\"thumbnailUrl\":\"https:\\\/\\\/hepatology.ca\\\/wp-content\\\/uploads\\\/2024\\\/07\\\/image.png\",\"datePublished\":\"2022-05-24T20:42:14+00:00\",\"dateModified\":\"2026-03-09T22:59:01+00:00\",\"description\":\"All the past recipients of the CASL-PSC Partners Seeking a cure award, which recognizes the best abstract on primary sclerosing cholangitis (PSC) presented at the Canadian Liver Meeting, and is made possible by a generous donation from PSC Partners Seeking a Cure Canada).\",\"breadcrumb\":{\"@id\":\"https:\\\/\\\/hepatology.ca\\\/casl-awards\\\/casl-psc-seeking-a-cure-award\\\/#breadcrumb\"},\"inLanguage\":\"fr-CA\",\"potentialAction\":[{\"@type\":\"ReadAction\",\"target\":[\"https:\\\/\\\/hepatology.ca\\\/casl-awards\\\/casl-psc-seeking-a-cure-award\\\/\"]}]},{\"@type\":\"ImageObject\",\"inLanguage\":\"fr-CA\",\"@id\":\"https:\\\/\\\/hepatology.ca\\\/casl-awards\\\/casl-psc-seeking-a-cure-award\\\/#primaryimage\",\"url\":\"https:\\\/\\\/hepatology.ca\\\/wp-content\\\/uploads\\\/2024\\\/07\\\/image.png\",\"contentUrl\":\"https:\\\/\\\/hepatology.ca\\\/wp-content\\\/uploads\\\/2024\\\/07\\\/image.png\"},{\"@type\":\"BreadcrumbList\",\"@id\":\"https:\\\/\\\/hepatology.ca\\\/casl-awards\\\/casl-psc-seeking-a-cure-award\\\/#breadcrumb\",\"itemListElement\":[{\"@type\":\"ListItem\",\"position\":1,\"name\":\"Home\",\"item\":\"https:\\\/\\\/hepatology.ca\\\/\"},{\"@type\":\"ListItem\",\"position\":2,\"name\":\"Awards\",\"item\":\"https:\\\/\\\/hepatology.ca\\\/casl-awards\\\/\"},{\"@type\":\"ListItem\",\"position\":3,\"name\":\"CASL-PSC Partners Seeking a Cure Award\"}]},{\"@type\":\"WebSite\",\"@id\":\"https:\\\/\\\/hepatology.ca\\\/#website\",\"url\":\"https:\\\/\\\/hepatology.ca\\\/\",\"name\":\"CASL\",\"description\":\"Canada\u2019s home for liver experts\",\"publisher\":{\"@id\":\"https:\\\/\\\/hepatology.ca\\\/#organization\"},\"potentialAction\":[{\"@type\":\"SearchAction\",\"target\":{\"@type\":\"EntryPoint\",\"urlTemplate\":\"https:\\\/\\\/hepatology.ca\\\/?s={search_term_string}\"},\"query-input\":{\"@type\":\"PropertyValueSpecification\",\"valueRequired\":true,\"valueName\":\"search_term_string\"}}],\"inLanguage\":\"fr-CA\"},{\"@type\":\"Organization\",\"@id\":\"https:\\\/\\\/hepatology.ca\\\/#organization\",\"name\":\"Canadian Association for the Study of the Liver\",\"url\":\"https:\\\/\\\/hepatology.ca\\\/\",\"logo\":{\"@type\":\"ImageObject\",\"inLanguage\":\"fr-CA\",\"@id\":\"https:\\\/\\\/hepatology.ca\\\/#\\\/schema\\\/logo\\\/image\\\/\",\"url\":\"https:\\\/\\\/hepatology.ca\\\/wp-content\\\/uploads\\\/2024\\\/06\\\/CASL-logo-transparent-background.png\",\"contentUrl\":\"https:\\\/\\\/hepatology.ca\\\/wp-content\\\/uploads\\\/2024\\\/06\\\/CASL-logo-transparent-background.png\",\"width\":1040,\"height\":294,\"caption\":\"Canadian Association for the Study of the Liver\"},\"image\":{\"@id\":\"https:\\\/\\\/hepatology.ca\\\/#\\\/schema\\\/logo\\\/image\\\/\"}}]}<\/script>\n<!-- \/ Yoast SEO plugin. -->","yoast_head_json":{"title":"Prix des partenaires de l&#039;ACF-PSC pour la recherche d&#039;un rem\u00e8de - ACF - Association canadienne pour l&#039;\u00e9tude du foie","description":"Tous les anciens laur\u00e9ats du prix CASL-PSC Partners Seeking a Cure, qui r\u00e9compense le meilleur r\u00e9sum\u00e9 sur la cholangite scl\u00e9rosante primitive (CSP) pr\u00e9sent\u00e9 \u00e0 la R\u00e9union canadienne sur le foie, et est rendu possible gr\u00e2ce \u00e0 un g\u00e9n\u00e9reux don de PSC Partners Seeking a Cure Canada.","robots":{"index":"index","follow":"follow","max-snippet":"max-snippet:-1","max-image-preview":"max-image-preview:large","max-video-preview":"max-video-preview:-1"},"canonical":"https:\/\/hepatology.ca\/fr\/casl-awards\/casl-psc-seeking-a-cure-award\/","og_locale":"fr_CA","og_type":"article","og_title":"CASL-PSC Partners Seeking a Cure Award - CASL - Canadian Association for the Study of the Liver","og_description":"All the past recipients of the CASL-PSC Partners Seeking a cure award, which recognizes the best abstract on primary sclerosing cholangitis (PSC) presented at the Canadian Liver Meeting, and is made possible by a generous donation from PSC Partners Seeking a Cure Canada).","og_url":"https:\/\/hepatology.ca\/fr\/casl-awards\/casl-psc-seeking-a-cure-award\/","og_site_name":"CASL - Canadian Association for the Study of the Liver","article_modified_time":"2026-03-09T22:59:01+00:00","og_image":[{"width":420,"height":420,"url":"https:\/\/hepatology.ca\/wp-content\/uploads\/2024\/07\/image.png","type":"image\/png"}],"twitter_card":"summary_large_image","twitter_misc":{"Estimation du temps de lecture":"2 minutes"},"schema":{"@context":"https:\/\/schema.org","@graph":[{"@type":"WebPage","@id":"https:\/\/hepatology.ca\/casl-awards\/casl-psc-seeking-a-cure-award\/","url":"https:\/\/hepatology.ca\/casl-awards\/casl-psc-seeking-a-cure-award\/","name":"Prix des partenaires de l&#039;ACF-PSC pour la recherche d&#039;un rem\u00e8de - ACF - Association canadienne pour l&#039;\u00e9tude du foie","isPartOf":{"@id":"https:\/\/hepatology.ca\/#website"},"primaryImageOfPage":{"@id":"https:\/\/hepatology.ca\/casl-awards\/casl-psc-seeking-a-cure-award\/#primaryimage"},"image":{"@id":"https:\/\/hepatology.ca\/casl-awards\/casl-psc-seeking-a-cure-award\/#primaryimage"},"thumbnailUrl":"https:\/\/hepatology.ca\/wp-content\/uploads\/2024\/07\/image.png","datePublished":"2022-05-24T20:42:14+00:00","dateModified":"2026-03-09T22:59:01+00:00","description":"Tous les anciens laur\u00e9ats du prix CASL-PSC Partners Seeking a Cure, qui r\u00e9compense le meilleur r\u00e9sum\u00e9 sur la cholangite scl\u00e9rosante primitive (CSP) pr\u00e9sent\u00e9 \u00e0 la R\u00e9union canadienne sur le foie, et est rendu possible gr\u00e2ce \u00e0 un g\u00e9n\u00e9reux don de PSC Partners Seeking a Cure Canada.","breadcrumb":{"@id":"https:\/\/hepatology.ca\/casl-awards\/casl-psc-seeking-a-cure-award\/#breadcrumb"},"inLanguage":"fr-CA","potentialAction":[{"@type":"ReadAction","target":["https:\/\/hepatology.ca\/casl-awards\/casl-psc-seeking-a-cure-award\/"]}]},{"@type":"ImageObject","inLanguage":"fr-CA","@id":"https:\/\/hepatology.ca\/casl-awards\/casl-psc-seeking-a-cure-award\/#primaryimage","url":"https:\/\/hepatology.ca\/wp-content\/uploads\/2024\/07\/image.png","contentUrl":"https:\/\/hepatology.ca\/wp-content\/uploads\/2024\/07\/image.png"},{"@type":"BreadcrumbList","@id":"https:\/\/hepatology.ca\/casl-awards\/casl-psc-seeking-a-cure-award\/#breadcrumb","itemListElement":[{"@type":"ListItem","position":1,"name":"Home","item":"https:\/\/hepatology.ca\/"},{"@type":"ListItem","position":2,"name":"Awards","item":"https:\/\/hepatology.ca\/casl-awards\/"},{"@type":"ListItem","position":3,"name":"CASL-PSC Partners Seeking a Cure Award"}]},{"@type":"WebSite","@id":"https:\/\/hepatology.ca\/#website","url":"https:\/\/hepatology.ca\/","name":"LCAP","description":"Le foyer canadien des experts du foie","publisher":{"@id":"https:\/\/hepatology.ca\/#organization"},"potentialAction":[{"@type":"SearchAction","target":{"@type":"EntryPoint","urlTemplate":"https:\/\/hepatology.ca\/?s={search_term_string}"},"query-input":{"@type":"PropertyValueSpecification","valueRequired":true,"valueName":"search_term_string"}}],"inLanguage":"fr-CA"},{"@type":"Organization","@id":"https:\/\/hepatology.ca\/#organization","name":"Association canadienne pour l&#039;\u00e9tude du foie","url":"https:\/\/hepatology.ca\/","logo":{"@type":"ImageObject","inLanguage":"fr-CA","@id":"https:\/\/hepatology.ca\/#\/schema\/logo\/image\/","url":"https:\/\/hepatology.ca\/wp-content\/uploads\/2024\/06\/CASL-logo-transparent-background.png","contentUrl":"https:\/\/hepatology.ca\/wp-content\/uploads\/2024\/06\/CASL-logo-transparent-background.png","width":1040,"height":294,"caption":"Canadian Association for the Study of the Liver"},"image":{"@id":"https:\/\/hepatology.ca\/#\/schema\/logo\/image\/"}}]}},"_links":{"self":[{"href":"https:\/\/hepatology.ca\/fr\/wp-json\/wp\/v2\/pages\/3026","targetHints":{"allow":["GET"]}}],"collection":[{"href":"https:\/\/hepatology.ca\/fr\/wp-json\/wp\/v2\/pages"}],"about":[{"href":"https:\/\/hepatology.ca\/fr\/wp-json\/wp\/v2\/types\/page"}],"author":[{"embeddable":true,"href":"https:\/\/hepatology.ca\/fr\/wp-json\/wp\/v2\/users\/3"}],"replies":[{"embeddable":true,"href":"https:\/\/hepatology.ca\/fr\/wp-json\/wp\/v2\/comments?post=3026"}],"version-history":[{"count":12,"href":"https:\/\/hepatology.ca\/fr\/wp-json\/wp\/v2\/pages\/3026\/revisions"}],"predecessor-version":[{"id":5146,"href":"https:\/\/hepatology.ca\/fr\/wp-json\/wp\/v2\/pages\/3026\/revisions\/5146"}],"up":[{"embeddable":true,"href":"https:\/\/hepatology.ca\/fr\/wp-json\/wp\/v2\/pages\/1920"}],"wp:attachment":[{"href":"https:\/\/hepatology.ca\/fr\/wp-json\/wp\/v2\/media?parent=3026"}],"curies":[{"name":"wp","href":"https:\/\/api.w.org\/{rel}","templated":true}]}}