{"id":3021,"date":"2022-05-24T20:38:23","date_gmt":"2022-05-24T20:38:23","guid":{"rendered":"https:\/\/hepatology.ca\/?page_id=3021"},"modified":"2024-06-07T13:22:10","modified_gmt":"2024-06-07T13:22:10","slug":"humanitarian-award-recipients","status":"publish","type":"page","link":"https:\/\/hepatology.ca\/fr\/casl-awards\/humanitarian-award-recipients\/","title":{"rendered":"Prix humanitaire"},"content":{"rendered":"<p><strong>LAUR\u00c9ATS DU PRIX HUMANITAIRE<\/strong><\/p>\n\n\n<figure class=\"wp-block-table\"><table><tbody><tr><td>2021<\/td><td>Docteur E. Jenny Heathcote<br>Dr S. Victor Feinman<\/td><\/tr><\/tbody><\/table><\/figure>\n\n\n\n<p><\/p>","protected":false},"excerpt":{"rendered":"<p>LAUR\u00c9ATS DU PRIX HUMANITAIRE 2021 Dr. E. Jenny Heathcote Dr. S. Victor Feinman<\/p>","protected":false},"author":3,"featured_media":0,"parent":1920,"menu_order":10,"comment_status":"closed","ping_status":"closed","template":"","meta":{"_acf_changed":false,"site-sidebar-layout":"default","site-content-layout":"","ast-site-content-layout":"default","site-content-style":"default","site-sidebar-style":"default","ast-global-header-display":"","ast-banner-title-visibility":"","ast-main-header-display":"","ast-hfb-above-header-display":"","ast-hfb-below-header-display":"","ast-hfb-mobile-header-display":"","site-post-title":"","ast-breadcrumbs-content":"","ast-featured-img":"","footer-sml-layout":"","ast-disable-related-posts":"","theme-transparent-header-meta":"","adv-header-id-meta":"","stick-header-meta":"","header-above-stick-meta":"","header-main-stick-meta":"","header-below-stick-meta":"","astra-migrate-meta-layouts":"default","ast-page-background-enabled":"default","ast-page-background-meta":{"desktop":{"background-color":"var(--ast-global-color-4)","background-image":"","background-repeat":"repeat","background-position":"center center","background-size":"auto","background-attachment":"scroll","background-type":"","background-media":"","overlay-type":"","overlay-color":"","overlay-opacity":"","overlay-gradient":""},"tablet":{"background-color":"","background-image":"","background-repeat":"repeat","background-position":"center center","background-size":"auto","background-attachment":"scroll","background-type":"","background-media":"","overlay-type":"","overlay-color":"","overlay-opacity":"","overlay-gradient":""},"mobile":{"background-color":"","background-image":"","background-repeat":"repeat","background-position":"center center","background-size":"auto","background-attachment":"scroll","background-type":"","background-media":"","overlay-type":"","overlay-color":"","overlay-opacity":"","overlay-gradient":""}},"ast-content-background-meta":{"desktop":{"background-color":"var(--ast-global-color-5)","background-image":"","background-repeat":"repeat","background-position":"center center","background-size":"auto","background-attachment":"scroll","background-type":"","background-media":"","overlay-type":"","overlay-color":"","overlay-opacity":"","overlay-gradient":""},"tablet":{"background-color":"var(--ast-global-color-5)","background-image":"","background-repeat":"repeat","background-position":"center center","background-size":"auto","background-attachment":"scroll","background-type":"","background-media":"","overlay-type":"","overlay-color":"","overlay-opacity":"","overlay-gradient":""},"mobile":{"background-color":"var(--ast-global-color-5)","background-image":"","background-repeat":"repeat","background-position":"center center","background-size":"auto","background-attachment":"scroll","background-type":"","background-media":"","overlay-type":"","overlay-color":"","overlay-opacity":"","overlay-gradient":""}},"ngg_post_thumbnail":0,"footnotes":""},"class_list":["post-3021","page","type-page","status-publish","hentry"],"acf":[],"yoast_head":"<!-- This site is optimized with the Yoast SEO plugin v27.4 - https:\/\/yoast.com\/product\/yoast-seo-wordpress\/ -->\n<title>Humanitarian Award - CASL - Canadian Association for the Study of the Liver<\/title>\n<meta name=\"description\" content=\"this page list all the past recipients of the Humanitarian Award presented by CASL, which serves to recognize CASL members and others who have conscientiously dedicated themselves towards improving society at large in a way that both transcends and elevates the profession of Medicine and the practice of Hepatology.\" \/>\n<meta name=\"robots\" content=\"index, follow, max-snippet:-1, max-image-preview:large, max-video-preview:-1\" \/>\n<link rel=\"canonical\" href=\"https:\/\/hepatology.ca\/fr\/casl-awards\/humanitarian-award-recipients\/\" \/>\n<meta property=\"og:locale\" content=\"fr_CA\" \/>\n<meta property=\"og:type\" content=\"article\" \/>\n<meta property=\"og:title\" content=\"Humanitarian Award - CASL - Canadian Association for the Study of the Liver\" \/>\n<meta property=\"og:description\" content=\"this page list all the past recipients of the Humanitarian Award presented by CASL, which serves to recognize CASL members and others who have conscientiously dedicated themselves towards improving society at large in a way that both transcends and elevates the profession of Medicine and the practice of Hepatology.\" \/>\n<meta property=\"og:url\" content=\"https:\/\/hepatology.ca\/fr\/casl-awards\/humanitarian-award-recipients\/\" \/>\n<meta property=\"og:site_name\" content=\"CASL - Canadian Association for the Study of the Liver\" \/>\n<meta property=\"article:modified_time\" content=\"2024-06-07T13:22:10+00:00\" \/>\n<meta name=\"twitter:card\" content=\"summary_large_image\" \/>\n<meta name=\"twitter:label1\" content=\"Estimation du temps de lecture\" \/>\n\t<meta name=\"twitter:data1\" content=\"1 minute\" \/>\n<script type=\"application\/ld+json\" class=\"yoast-schema-graph\">{\"@context\":\"https:\\\/\\\/schema.org\",\"@graph\":[{\"@type\":\"WebPage\",\"@id\":\"https:\\\/\\\/hepatology.ca\\\/casl-awards\\\/humanitarian-award-recipients\\\/\",\"url\":\"https:\\\/\\\/hepatology.ca\\\/casl-awards\\\/humanitarian-award-recipients\\\/\",\"name\":\"Humanitarian Award - CASL - Canadian Association for the Study of the Liver\",\"isPartOf\":{\"@id\":\"https:\\\/\\\/hepatology.ca\\\/#website\"},\"datePublished\":\"2022-05-24T20:38:23+00:00\",\"dateModified\":\"2024-06-07T13:22:10+00:00\",\"description\":\"this page list all the past recipients of the Humanitarian Award presented by CASL, which serves to recognize CASL members and others who have conscientiously dedicated themselves towards improving society at large in a way that both transcends and elevates the profession of Medicine and the practice of Hepatology.\",\"breadcrumb\":{\"@id\":\"https:\\\/\\\/hepatology.ca\\\/casl-awards\\\/humanitarian-award-recipients\\\/#breadcrumb\"},\"inLanguage\":\"fr-CA\",\"potentialAction\":[{\"@type\":\"ReadAction\",\"target\":[\"https:\\\/\\\/hepatology.ca\\\/casl-awards\\\/humanitarian-award-recipients\\\/\"]}]},{\"@type\":\"BreadcrumbList\",\"@id\":\"https:\\\/\\\/hepatology.ca\\\/casl-awards\\\/humanitarian-award-recipients\\\/#breadcrumb\",\"itemListElement\":[{\"@type\":\"ListItem\",\"position\":1,\"name\":\"Home\",\"item\":\"https:\\\/\\\/hepatology.ca\\\/\"},{\"@type\":\"ListItem\",\"position\":2,\"name\":\"Awards\",\"item\":\"https:\\\/\\\/hepatology.ca\\\/casl-awards\\\/\"},{\"@type\":\"ListItem\",\"position\":3,\"name\":\"Humanitarian Award\"}]},{\"@type\":\"WebSite\",\"@id\":\"https:\\\/\\\/hepatology.ca\\\/#website\",\"url\":\"https:\\\/\\\/hepatology.ca\\\/\",\"name\":\"CASL\",\"description\":\"Canada\u2019s home for liver experts\",\"publisher\":{\"@id\":\"https:\\\/\\\/hepatology.ca\\\/#organization\"},\"potentialAction\":[{\"@type\":\"SearchAction\",\"target\":{\"@type\":\"EntryPoint\",\"urlTemplate\":\"https:\\\/\\\/hepatology.ca\\\/?s={search_term_string}\"},\"query-input\":{\"@type\":\"PropertyValueSpecification\",\"valueRequired\":true,\"valueName\":\"search_term_string\"}}],\"inLanguage\":\"fr-CA\"},{\"@type\":\"Organization\",\"@id\":\"https:\\\/\\\/hepatology.ca\\\/#organization\",\"name\":\"Canadian Association for the Study of the Liver\",\"url\":\"https:\\\/\\\/hepatology.ca\\\/\",\"logo\":{\"@type\":\"ImageObject\",\"inLanguage\":\"fr-CA\",\"@id\":\"https:\\\/\\\/hepatology.ca\\\/#\\\/schema\\\/logo\\\/image\\\/\",\"url\":\"https:\\\/\\\/hepatology.ca\\\/wp-content\\\/uploads\\\/2024\\\/06\\\/CASL-logo-transparent-background.png\",\"contentUrl\":\"https:\\\/\\\/hepatology.ca\\\/wp-content\\\/uploads\\\/2024\\\/06\\\/CASL-logo-transparent-background.png\",\"width\":1040,\"height\":294,\"caption\":\"Canadian Association for the Study of the Liver\"},\"image\":{\"@id\":\"https:\\\/\\\/hepatology.ca\\\/#\\\/schema\\\/logo\\\/image\\\/\"}}]}<\/script>\n<!-- \/ Yoast SEO plugin. -->","yoast_head_json":{"title":"Prix humanitaire - CASL - Association canadienne pour l&#039;\u00e9tude du foie","description":"Cette page r\u00e9pertorie tous les anciens laur\u00e9ats du Prix humanitaire d\u00e9cern\u00e9 par l&#039;Association canadienne de m\u00e9decine l\u00e9gale (ACML), qui vise \u00e0 reconna\u00eetre les membres de l&#039;ACML et d&#039;autres personnes qui se sont consciencieusement consacr\u00e9es \u00e0 l&#039;am\u00e9lioration de la soci\u00e9t\u00e9 dans son ensemble, d&#039;une mani\u00e8re qui transcende et \u00e9l\u00e8ve la profession de m\u00e9decin et la pratique de l&#039;h\u00e9patologie.","robots":{"index":"index","follow":"follow","max-snippet":"max-snippet:-1","max-image-preview":"max-image-preview:large","max-video-preview":"max-video-preview:-1"},"canonical":"https:\/\/hepatology.ca\/fr\/casl-awards\/humanitarian-award-recipients\/","og_locale":"fr_CA","og_type":"article","og_title":"Humanitarian Award - CASL - Canadian Association for the Study of the Liver","og_description":"this page list all the past recipients of the Humanitarian Award presented by CASL, which serves to recognize CASL members and others who have conscientiously dedicated themselves towards improving society at large in a way that both transcends and elevates the profession of Medicine and the practice of Hepatology.","og_url":"https:\/\/hepatology.ca\/fr\/casl-awards\/humanitarian-award-recipients\/","og_site_name":"CASL - Canadian Association for the Study of the Liver","article_modified_time":"2024-06-07T13:22:10+00:00","twitter_card":"summary_large_image","twitter_misc":{"Estimation du temps de lecture":"1 minute"},"schema":{"@context":"https:\/\/schema.org","@graph":[{"@type":"WebPage","@id":"https:\/\/hepatology.ca\/casl-awards\/humanitarian-award-recipients\/","url":"https:\/\/hepatology.ca\/casl-awards\/humanitarian-award-recipients\/","name":"Prix humanitaire - CASL - Association canadienne pour l&#039;\u00e9tude du foie","isPartOf":{"@id":"https:\/\/hepatology.ca\/#website"},"datePublished":"2022-05-24T20:38:23+00:00","dateModified":"2024-06-07T13:22:10+00:00","description":"Cette page r\u00e9pertorie tous les anciens laur\u00e9ats du Prix humanitaire d\u00e9cern\u00e9 par l&#039;Association canadienne de m\u00e9decine l\u00e9gale (ACML), qui vise \u00e0 reconna\u00eetre les membres de l&#039;ACML et d&#039;autres personnes qui se sont consciencieusement consacr\u00e9es \u00e0 l&#039;am\u00e9lioration de la soci\u00e9t\u00e9 dans son ensemble, d&#039;une mani\u00e8re qui transcende et \u00e9l\u00e8ve la profession de m\u00e9decin et la pratique de l&#039;h\u00e9patologie.","breadcrumb":{"@id":"https:\/\/hepatology.ca\/casl-awards\/humanitarian-award-recipients\/#breadcrumb"},"inLanguage":"fr-CA","potentialAction":[{"@type":"ReadAction","target":["https:\/\/hepatology.ca\/casl-awards\/humanitarian-award-recipients\/"]}]},{"@type":"BreadcrumbList","@id":"https:\/\/hepatology.ca\/casl-awards\/humanitarian-award-recipients\/#breadcrumb","itemListElement":[{"@type":"ListItem","position":1,"name":"Home","item":"https:\/\/hepatology.ca\/"},{"@type":"ListItem","position":2,"name":"Awards","item":"https:\/\/hepatology.ca\/casl-awards\/"},{"@type":"ListItem","position":3,"name":"Humanitarian Award"}]},{"@type":"WebSite","@id":"https:\/\/hepatology.ca\/#website","url":"https:\/\/hepatology.ca\/","name":"LCAP","description":"Le foyer canadien des experts du foie","publisher":{"@id":"https:\/\/hepatology.ca\/#organization"},"potentialAction":[{"@type":"SearchAction","target":{"@type":"EntryPoint","urlTemplate":"https:\/\/hepatology.ca\/?s={search_term_string}"},"query-input":{"@type":"PropertyValueSpecification","valueRequired":true,"valueName":"search_term_string"}}],"inLanguage":"fr-CA"},{"@type":"Organization","@id":"https:\/\/hepatology.ca\/#organization","name":"Association canadienne pour l&#039;\u00e9tude du foie","url":"https:\/\/hepatology.ca\/","logo":{"@type":"ImageObject","inLanguage":"fr-CA","@id":"https:\/\/hepatology.ca\/#\/schema\/logo\/image\/","url":"https:\/\/hepatology.ca\/wp-content\/uploads\/2024\/06\/CASL-logo-transparent-background.png","contentUrl":"https:\/\/hepatology.ca\/wp-content\/uploads\/2024\/06\/CASL-logo-transparent-background.png","width":1040,"height":294,"caption":"Canadian Association for the Study of the Liver"},"image":{"@id":"https:\/\/hepatology.ca\/#\/schema\/logo\/image\/"}}]}},"_links":{"self":[{"href":"https:\/\/hepatology.ca\/fr\/wp-json\/wp\/v2\/pages\/3021","targetHints":{"allow":["GET"]}}],"collection":[{"href":"https:\/\/hepatology.ca\/fr\/wp-json\/wp\/v2\/pages"}],"about":[{"href":"https:\/\/hepatology.ca\/fr\/wp-json\/wp\/v2\/types\/page"}],"author":[{"embeddable":true,"href":"https:\/\/hepatology.ca\/fr\/wp-json\/wp\/v2\/users\/3"}],"replies":[{"embeddable":true,"href":"https:\/\/hepatology.ca\/fr\/wp-json\/wp\/v2\/comments?post=3021"}],"version-history":[{"count":4,"href":"https:\/\/hepatology.ca\/fr\/wp-json\/wp\/v2\/pages\/3021\/revisions"}],"predecessor-version":[{"id":3460,"href":"https:\/\/hepatology.ca\/fr\/wp-json\/wp\/v2\/pages\/3021\/revisions\/3460"}],"up":[{"embeddable":true,"href":"https:\/\/hepatology.ca\/fr\/wp-json\/wp\/v2\/pages\/1920"}],"wp:attachment":[{"href":"https:\/\/hepatology.ca\/fr\/wp-json\/wp\/v2\/media?parent=3021"}],"curies":[{"name":"wp","href":"https:\/\/api.w.org\/{rel}","templated":true}]}}