{"id":2877,"date":"2021-07-21T19:42:12","date_gmt":"2021-07-21T19:42:12","guid":{"rendered":"http:\/\/hepatology.ca\/?page_id=2877"},"modified":"2024-06-07T13:22:11","modified_gmt":"2024-06-07T13:22:11","slug":"2010-2015-research-grant-recipients","status":"publish","type":"page","link":"https:\/\/hepatology.ca\/fr\/research\/research-grant-competition-results\/2010-2015-research-grant-recipients\/","title":{"rendered":"Laur\u00e9ats 2010-2015"},"content":{"rendered":"<p style=\"font-size:22px\"><strong><span style=\"text-decoration: underline;\">Laur\u00e9ats 2015<\/span><\/strong><\/p>\n\n\n\n<p><strong>Octroi de subventions de fonctionnement :<br><span style=\"text-decoration: underline;\">Dr Marc Bilodeau<\/span><\/strong><br>Universit\u00e9 de Montr\u00e9al<strong><br><span style=\"text-decoration: underline;\">Docteur Binita Kamath<\/span><\/strong><br>L&#039;h\u00f4pital pour enfants malades<br>Codemandeur :&nbsp;<strong>Dr Anand Ghanekar<br><span style=\"text-decoration: underline;\">Dr Andrew Mason<\/span><\/strong><br>Universit\u00e9 de l&#039;Alberta<br>Codemandeur :&nbsp;<strong>Dr Michael Houghton<\/strong><\/p>\n\n\n\n<p><strong><br>Subvention d\u00e9sign\u00e9e de l\u2019Ontario pour le cancer du foie<\/strong>:<br><strong><span style=\"text-decoration: underline;\">Dr Sean Cleary<\/span><\/strong><br>Universit\u00e9 de Toronto<br>Co-demandeurs :&nbsp;<strong>Drs. Anand Ghanekar, Trevor Pugh&nbsp;<\/strong><\/p>\n\n\n\n<p><strong><br>Subvention d\u00e9sign\u00e9e pour l&#039;h\u00e9patite C<\/strong>:<br><strong><span style=\"text-decoration: underline;\">Dr Jordan Feld<\/span><\/strong><br>Universit\u00e9 de Toronto<br>Co-candidats\u00a0: Drs. Markus Selzner, Nazia Selzner&nbsp;<\/p>\n\n\n\n<p style=\"font-size:22px\"><strong><span style=\"text-decoration: underline;\">Laur\u00e9ats 2014<\/span><\/strong><\/p>\n\n\n\n<p><strong>Subventions de fonctionnement<\/strong>:<br><strong><span style=\"text-decoration: underline;\">Dr Jennifer Estall<\/span><\/strong><br>Institut de recherches cliniques de Montr\u00e9al (IRCM)<strong><br><span style=\"text-decoration: underline;\">Dr Denis Grant<\/span><\/strong><br>Universit\u00e9 de Toronto<\/p>\n\n\n\n<p><strong><br>Bourse d&#039;\u00e9tudes sup\u00e9rieures :<br><span style=\"text-decoration: underline;\">Zhen-Lin<\/span><br><\/strong>Universit\u00e9 de l&#039;Alberta<br>Dr Andrew Mason<\/p>\n\n\n\n<p style=\"font-size:22px\"><strong><span style=\"text-decoration: underline;\">Laur\u00e9ats 2013<\/span><\/strong><\/p>\n\n\n\n<p><strong>Bourses d&#039;\u00e9tudes sup\u00e9rieures :<br><span style=\"text-decoration: underline;\">Marc-Andr\u00e9 Cl\u00e9ment<\/span><br><\/strong>Universit\u00e9 de Montr\u00e9al<br>Directeur de th\u00e8se : Dr Christopher Rose<strong><br><span style=\"text-decoration: underline;\">Zengina Lee<\/span><br><\/strong>Universit\u00e9 de Calgary<br>Directrice de th\u00e8se : Dre Carla Coffin<strong><br><span style=\"text-decoration: underline;\">Jason Alexander Ji-Xhin Wong<\/span><br><\/strong>Universit\u00e9 de l&#039;Alberta<br>Directeur de th\u00e8se : Dr. Michael Houghton<strong><br><span style=\"text-decoration: underline;\">Laura Michelle Zenith<\/span><br><\/strong>Universit\u00e9 de l&#039;Alberta<br>Directeur de th\u00e8se : Dr. Puneeta Tandon<strong><br><span style=\"text-decoration: underline;\">Prital Patel<\/span><br><\/strong>H\u00f4pital Mont Sina\u00ef<br>Directeur de th\u00e8se : Dr Jim Woodgett<strong><br><span style=\"text-decoration: underline;\">Evette Yassa<\/span><br><\/strong>Universit\u00e9 McGill<br>Superviseur : Dr Peter Metrakos<\/p>\n\n\n\n<p style=\"font-size:22px\"><strong><span style=\"text-decoration: underline;\">Laur\u00e9ats 2012<\/span><\/strong><\/p>\n\n\n\n<p><strong>Subventions de fonctionnement :<br><span style=\"text-decoration: underline;\">Dr Fernando Alvarez<\/span><br><\/strong>CHU Sainte-Justine Montr\u00e9al, Qu\u00e9bec<strong><br><span style=\"text-decoration: underline;\">Dr. Klaus Gutfreund<\/span><br><\/strong>Co-demandeur :&nbsp;<strong>Dr Lorne Tyrrell<\/strong><br>Universit\u00e9 de l&#039;Alberta Edmonton, Alberta<strong><br><span style=\"text-decoration: underline;\">Dr Mathieu Laplante<\/span><br><\/strong>Universit\u00e9 Laval<br>Ville de Qu\u00e9bec, Qu\u00e9bec<strong><br><span style=\"text-decoration: underline;\">Dr Andrew Mason<\/span><br><\/strong>Universit\u00e9 de l&#039;Alberta Edmonton, Alberta<strong><br><span style=\"text-decoration: underline;\">Dr Christopher Richardson<\/span><br><\/strong>Codemandeur :<strong>&nbsp;Dr Eric Arts<br><\/strong>Universit\u00e9 Dalhousie Halifax, Nouvelle-\u00c9cosse<strong><br><span style=\"text-decoration: underline;\">Dr Naglaa Shoukry<\/span><br><\/strong>Centre de Recherche du CHUM (H\u00f4pital St-Luc) Montr\u00e9al, Qu\u00e9bec<\/p>\n\n\n\n<p style=\"font-size:22px\"><strong><span style=\"text-decoration: underline;\">Laur\u00e9ats 2011<\/span><\/strong><\/p>\n\n\n\n<p><strong>Subventions de fonctionnement :<br><span style=\"text-decoration: underline;\">Dr. Olivier Barbier<\/span><br><\/strong>Universit\u00e9 Laval<strong><br><span style=\"text-decoration: underline;\">Dr Jordan Feld<\/span><br><\/strong>R\u00e9seau universitaire de sant\u00e9<br>Co-chercheurs : Drs Ian McGilvray et Conrad Liles<strong><br><span style=\"text-decoration: underline;\">Dr Kartik Jhaveri<\/span><br><\/strong>R\u00e9seau universitaire de sant\u00e9<br>Co-chercheurs : Drs. Sean Cleary, Sandra Fisher, Masoom Haider, Steven Gallinger<strong><br><span style=\"text-decoration: underline;\">Dr Samuel Lee<\/span><br><\/strong>Universit\u00e9 de Calgary<strong><br><span style=\"text-decoration: underline;\">Docteur Andrea Richter<\/span><br><\/strong>Centre de recherche, H\u00f4pital Sainte-Justine<br>Co-chercheur : Dr Grant Mitchell<strong><br><span style=\"text-decoration: underline;\">Dr Mark Swain<\/span><br><\/strong>Universit\u00e9 de Calgary<\/p>\n\n\n\n<p style=\"font-size:22px\"><strong><span style=\"text-decoration: underline;\">Laur\u00e9ats 2010<\/span><\/strong><\/p>\n\n\n\n<p><strong>Subventions de fonctionnement :<br><span style=\"text-decoration: underline;\">Marc Bilodeau, Universit\u00e9 de Montr\u00e9al<\/span><br><\/strong>Co-demandeurs : <strong>R. Lapointe, F. Vandenbroucke<br><span style=\"text-decoration: underline;\">Diana Mager, Universit\u00e9 de l&#039;Alberta<\/span><br><\/strong>Co-demandeurs : <strong>J. Yap, S. Gilmour, R. Tang-Wai, T.J. Snyder<\/strong><\/p>\n\n\n\n<p><strong><br>Bourses d&#039;\u00e9tudes sup\u00e9rieures :<br><span style=\"text-decoration: underline;\">Ran Chen, Universit\u00e9 de l&#039;Alberta<\/span><br><\/strong>Directeur de th\u00e8se : Dr Lorne Tyrrell<strong><br><span style=\"text-decoration: underline;\">Ivan Diamond, H\u00f4pital pour enfants malades, Universit\u00e9 de Toronto<\/span><br><\/strong>Directeur de th\u00e8se : Dr Paul Wales<strong><br><span style=\"text-decoration: underline;\">Charmaine Ferguson, Universit\u00e9 de Toronto<\/span><br><\/strong>Directrice de th\u00e8se : Dr Rachel F. Tyndale<strong><br><span style=\"text-decoration: underline;\">Michael Ryczko, H\u00f4pital Mount Sina\u00ef, Universit\u00e9 de Toronto<\/span><br><\/strong>Directeur de th\u00e8se : Dr Jim Dennis<\/p>","protected":false},"excerpt":{"rendered":"<p>2015 Winners Operating Grant Awards:Dr. Marc BilodeauUniversit\u00e9 de Montr\u00e9alDr. Binita KamathThe Hospital for Sick ChildrenCo-applicant:&nbsp;Dr. Anand GhanekarDr. Andrew MasonUniversity of [&hellip;]<\/p>\n","protected":false},"author":3,"featured_media":0,"parent":2331,"menu_order":6,"comment_status":"closed","ping_status":"closed","template":"","meta":{"_acf_changed":false,"site-sidebar-layout":"default","site-content-layout":"","ast-site-content-layout":"default","site-content-style":"default","site-sidebar-style":"default","ast-global-header-display":"","ast-banner-title-visibility":"","ast-main-header-display":"","ast-hfb-above-header-display":"","ast-hfb-below-header-display":"","ast-hfb-mobile-header-display":"","site-post-title":"","ast-breadcrumbs-content":"","ast-featured-img":"","footer-sml-layout":"","ast-disable-related-posts":"","theme-transparent-header-meta":"","adv-header-id-meta":"","stick-header-meta":"","header-above-stick-meta":"","header-main-stick-meta":"","header-below-stick-meta":"","astra-migrate-meta-layouts":"default","ast-page-background-enabled":"default","ast-page-background-meta":{"desktop":{"background-color":"var(--ast-global-color-4)","background-image":"","background-repeat":"repeat","background-position":"center center","background-size":"auto","background-attachment":"scroll","background-type":"","background-media":"","overlay-type":"","overlay-color":"","overlay-opacity":"","overlay-gradient":""},"tablet":{"background-color":"","background-image":"","background-repeat":"repeat","background-position":"center center","background-size":"auto","background-attachment":"scroll","background-type":"","background-media":"","overlay-type":"","overlay-color":"","overlay-opacity":"","overlay-gradient":""},"mobile":{"background-color":"","background-image":"","background-repeat":"repeat","background-position":"center center","background-size":"auto","background-attachment":"scroll","background-type":"","background-media":"","overlay-type":"","overlay-color":"","overlay-opacity":"","overlay-gradient":""}},"ast-content-background-meta":{"desktop":{"background-color":"var(--ast-global-color-5)","background-image":"","background-repeat":"repeat","background-position":"center center","background-size":"auto","background-attachment":"scroll","background-type":"","background-media":"","overlay-type":"","overlay-color":"","overlay-opacity":"","overlay-gradient":""},"tablet":{"background-color":"var(--ast-global-color-5)","background-image":"","background-repeat":"repeat","background-position":"center center","background-size":"auto","background-attachment":"scroll","background-type":"","background-media":"","overlay-type":"","overlay-color":"","overlay-opacity":"","overlay-gradient":""},"mobile":{"background-color":"var(--ast-global-color-5)","background-image":"","background-repeat":"repeat","background-position":"center center","background-size":"auto","background-attachment":"scroll","background-type":"","background-media":"","overlay-type":"","overlay-color":"","overlay-opacity":"","overlay-gradient":""}},"ngg_post_thumbnail":0,"footnotes":""},"class_list":["post-2877","page","type-page","status-publish","hentry"],"acf":[],"yoast_head":"<!-- This site is optimized with the Yoast SEO plugin v27.4 - https:\/\/yoast.com\/product\/yoast-seo-wordpress\/ -->\n<title>2010-2015 Recipients - CASL - Canadian Association for the Study of the Liver<\/title>\n<meta name=\"description\" content=\"A list of all of the 2010-2015 grant recipients.\" \/>\n<meta name=\"robots\" content=\"index, follow, max-snippet:-1, max-image-preview:large, max-video-preview:-1\" \/>\n<link rel=\"canonical\" href=\"https:\/\/hepatology.ca\/fr\/research\/research-grant-competition-results\/2010-2015-research-grant-recipients\/\" \/>\n<meta property=\"og:locale\" content=\"fr_CA\" \/>\n<meta property=\"og:type\" content=\"article\" \/>\n<meta property=\"og:title\" content=\"2010-2015 Recipients - CASL - Canadian Association for the Study of the Liver\" \/>\n<meta property=\"og:description\" content=\"A list of all of the 2010-2015 grant recipients.\" \/>\n<meta property=\"og:url\" content=\"https:\/\/hepatology.ca\/fr\/research\/research-grant-competition-results\/2010-2015-research-grant-recipients\/\" \/>\n<meta property=\"og:site_name\" content=\"CASL - Canadian Association for the Study of the Liver\" \/>\n<meta property=\"article:modified_time\" content=\"2024-06-07T13:22:11+00:00\" \/>\n<meta name=\"twitter:card\" content=\"summary_large_image\" \/>\n<meta name=\"twitter:label1\" content=\"Estimation du temps de lecture\" \/>\n\t<meta name=\"twitter:data1\" content=\"2 minutes\" \/>\n<script type=\"application\/ld+json\" class=\"yoast-schema-graph\">{\"@context\":\"https:\\\/\\\/schema.org\",\"@graph\":[{\"@type\":\"WebPage\",\"@id\":\"https:\\\/\\\/hepatology.ca\\\/fr\\\/research\\\/research-grant-competition-results\\\/2010-2015-research-grant-recipients\\\/\",\"url\":\"https:\\\/\\\/hepatology.ca\\\/fr\\\/research\\\/research-grant-competition-results\\\/2010-2015-research-grant-recipients\\\/\",\"name\":\"2010-2015 Recipients - CASL - Canadian Association for the Study of the Liver\",\"isPartOf\":{\"@id\":\"https:\\\/\\\/hepatology.ca\\\/#website\"},\"datePublished\":\"2021-07-21T19:42:12+00:00\",\"dateModified\":\"2024-06-07T13:22:11+00:00\",\"description\":\"A list of all of the 2010-2015 grant recipients.\",\"breadcrumb\":{\"@id\":\"https:\\\/\\\/hepatology.ca\\\/fr\\\/research\\\/research-grant-competition-results\\\/2010-2015-research-grant-recipients\\\/#breadcrumb\"},\"inLanguage\":\"fr-CA\",\"potentialAction\":[{\"@type\":\"ReadAction\",\"target\":[\"https:\\\/\\\/hepatology.ca\\\/fr\\\/research\\\/research-grant-competition-results\\\/2010-2015-research-grant-recipients\\\/\"]}]},{\"@type\":\"BreadcrumbList\",\"@id\":\"https:\\\/\\\/hepatology.ca\\\/fr\\\/research\\\/research-grant-competition-results\\\/2010-2015-research-grant-recipients\\\/#breadcrumb\",\"itemListElement\":[{\"@type\":\"ListItem\",\"position\":1,\"name\":\"Home\",\"item\":\"https:\\\/\\\/hepatology.ca\\\/\"},{\"@type\":\"ListItem\",\"position\":2,\"name\":\"Research\",\"item\":\"https:\\\/\\\/hepatology.ca\\\/fr\\\/research\\\/\"},{\"@type\":\"ListItem\",\"position\":3,\"name\":\"Past Research Grant Competition Results\",\"item\":\"https:\\\/\\\/hepatology.ca\\\/fr\\\/research\\\/research-grant-competition-results\\\/\"},{\"@type\":\"ListItem\",\"position\":4,\"name\":\"2010-2015 Recipients\"}]},{\"@type\":\"WebSite\",\"@id\":\"https:\\\/\\\/hepatology.ca\\\/#website\",\"url\":\"https:\\\/\\\/hepatology.ca\\\/\",\"name\":\"CASL\",\"description\":\"Canada\u2019s home for liver experts\",\"publisher\":{\"@id\":\"https:\\\/\\\/hepatology.ca\\\/#organization\"},\"potentialAction\":[{\"@type\":\"SearchAction\",\"target\":{\"@type\":\"EntryPoint\",\"urlTemplate\":\"https:\\\/\\\/hepatology.ca\\\/?s={search_term_string}\"},\"query-input\":{\"@type\":\"PropertyValueSpecification\",\"valueRequired\":true,\"valueName\":\"search_term_string\"}}],\"inLanguage\":\"fr-CA\"},{\"@type\":\"Organization\",\"@id\":\"https:\\\/\\\/hepatology.ca\\\/#organization\",\"name\":\"Canadian Association for the Study of the Liver\",\"url\":\"https:\\\/\\\/hepatology.ca\\\/\",\"logo\":{\"@type\":\"ImageObject\",\"inLanguage\":\"fr-CA\",\"@id\":\"https:\\\/\\\/hepatology.ca\\\/#\\\/schema\\\/logo\\\/image\\\/\",\"url\":\"https:\\\/\\\/hepatology.ca\\\/wp-content\\\/uploads\\\/2024\\\/06\\\/CASL-logo-transparent-background.png\",\"contentUrl\":\"https:\\\/\\\/hepatology.ca\\\/wp-content\\\/uploads\\\/2024\\\/06\\\/CASL-logo-transparent-background.png\",\"width\":1040,\"height\":294,\"caption\":\"Canadian Association for the Study of the Liver\"},\"image\":{\"@id\":\"https:\\\/\\\/hepatology.ca\\\/#\\\/schema\\\/logo\\\/image\\\/\"}}]}<\/script>\n<!-- \/ Yoast SEO plugin. -->","yoast_head_json":{"title":"Laur\u00e9ats 2010-2015 - CASL - Association canadienne pour l&#039;\u00e9tude du foie","description":"Liste de tous les b\u00e9n\u00e9ficiaires de subventions pour la p\u00e9riode 2010-2015.","robots":{"index":"index","follow":"follow","max-snippet":"max-snippet:-1","max-image-preview":"max-image-preview:large","max-video-preview":"max-video-preview:-1"},"canonical":"https:\/\/hepatology.ca\/fr\/research\/research-grant-competition-results\/2010-2015-research-grant-recipients\/","og_locale":"fr_CA","og_type":"article","og_title":"2010-2015 Recipients - CASL - Canadian Association for the Study of the Liver","og_description":"A list of all of the 2010-2015 grant recipients.","og_url":"https:\/\/hepatology.ca\/fr\/research\/research-grant-competition-results\/2010-2015-research-grant-recipients\/","og_site_name":"CASL - Canadian Association for the Study of the Liver","article_modified_time":"2024-06-07T13:22:11+00:00","twitter_card":"summary_large_image","twitter_misc":{"Estimation du temps de lecture":"2 minutes"},"schema":{"@context":"https:\/\/schema.org","@graph":[{"@type":"WebPage","@id":"https:\/\/hepatology.ca\/fr\/research\/research-grant-competition-results\/2010-2015-research-grant-recipients\/","url":"https:\/\/hepatology.ca\/fr\/research\/research-grant-competition-results\/2010-2015-research-grant-recipients\/","name":"Laur\u00e9ats 2010-2015 - CASL - Association canadienne pour l&#039;\u00e9tude du foie","isPartOf":{"@id":"https:\/\/hepatology.ca\/#website"},"datePublished":"2021-07-21T19:42:12+00:00","dateModified":"2024-06-07T13:22:11+00:00","description":"Liste de tous les b\u00e9n\u00e9ficiaires de subventions pour la p\u00e9riode 2010-2015.","breadcrumb":{"@id":"https:\/\/hepatology.ca\/fr\/research\/research-grant-competition-results\/2010-2015-research-grant-recipients\/#breadcrumb"},"inLanguage":"fr-CA","potentialAction":[{"@type":"ReadAction","target":["https:\/\/hepatology.ca\/fr\/research\/research-grant-competition-results\/2010-2015-research-grant-recipients\/"]}]},{"@type":"BreadcrumbList","@id":"https:\/\/hepatology.ca\/fr\/research\/research-grant-competition-results\/2010-2015-research-grant-recipients\/#breadcrumb","itemListElement":[{"@type":"ListItem","position":1,"name":"Home","item":"https:\/\/hepatology.ca\/"},{"@type":"ListItem","position":2,"name":"Research","item":"https:\/\/hepatology.ca\/fr\/research\/"},{"@type":"ListItem","position":3,"name":"Past Research Grant Competition Results","item":"https:\/\/hepatology.ca\/fr\/research\/research-grant-competition-results\/"},{"@type":"ListItem","position":4,"name":"2010-2015 Recipients"}]},{"@type":"WebSite","@id":"https:\/\/hepatology.ca\/#website","url":"https:\/\/hepatology.ca\/","name":"LCAP","description":"Le foyer canadien des experts du foie","publisher":{"@id":"https:\/\/hepatology.ca\/#organization"},"potentialAction":[{"@type":"SearchAction","target":{"@type":"EntryPoint","urlTemplate":"https:\/\/hepatology.ca\/?s={search_term_string}"},"query-input":{"@type":"PropertyValueSpecification","valueRequired":true,"valueName":"search_term_string"}}],"inLanguage":"fr-CA"},{"@type":"Organization","@id":"https:\/\/hepatology.ca\/#organization","name":"Association canadienne pour l&#039;\u00e9tude du foie","url":"https:\/\/hepatology.ca\/","logo":{"@type":"ImageObject","inLanguage":"fr-CA","@id":"https:\/\/hepatology.ca\/#\/schema\/logo\/image\/","url":"https:\/\/hepatology.ca\/wp-content\/uploads\/2024\/06\/CASL-logo-transparent-background.png","contentUrl":"https:\/\/hepatology.ca\/wp-content\/uploads\/2024\/06\/CASL-logo-transparent-background.png","width":1040,"height":294,"caption":"Canadian Association for the Study of the Liver"},"image":{"@id":"https:\/\/hepatology.ca\/#\/schema\/logo\/image\/"}}]}},"_links":{"self":[{"href":"https:\/\/hepatology.ca\/fr\/wp-json\/wp\/v2\/pages\/2877","targetHints":{"allow":["GET"]}}],"collection":[{"href":"https:\/\/hepatology.ca\/fr\/wp-json\/wp\/v2\/pages"}],"about":[{"href":"https:\/\/hepatology.ca\/fr\/wp-json\/wp\/v2\/types\/page"}],"author":[{"embeddable":true,"href":"https:\/\/hepatology.ca\/fr\/wp-json\/wp\/v2\/users\/3"}],"replies":[{"embeddable":true,"href":"https:\/\/hepatology.ca\/fr\/wp-json\/wp\/v2\/comments?post=2877"}],"version-history":[{"count":7,"href":"https:\/\/hepatology.ca\/fr\/wp-json\/wp\/v2\/pages\/2877\/revisions"}],"predecessor-version":[{"id":2887,"href":"https:\/\/hepatology.ca\/fr\/wp-json\/wp\/v2\/pages\/2877\/revisions\/2887"}],"up":[{"embeddable":true,"href":"https:\/\/hepatology.ca\/fr\/wp-json\/wp\/v2\/pages\/2331"}],"wp:attachment":[{"href":"https:\/\/hepatology.ca\/fr\/wp-json\/wp\/v2\/media?parent=2877"}],"curies":[{"name":"wp","href":"https:\/\/api.w.org\/{rel}","templated":true}]}}