{"id":2874,"date":"2021-07-21T19:34:11","date_gmt":"2021-07-21T19:34:11","guid":{"rendered":"http:\/\/hepatology.ca\/2019-recipients\/"},"modified":"2024-06-07T13:22:11","modified_gmt":"2024-06-07T13:22:11","slug":"2019-recipients","status":"publish","type":"page","link":"https:\/\/hepatology.ca\/fr\/research\/research-grant-competition-results\/2019-recipients\/","title":{"rendered":"Laur\u00e9ats 2019"},"content":{"rendered":"<h3 class=\"wp-block-heading\">Bourse de recherche d\u00e9sign\u00e9e pour la transplantation h\u00e9patique au Canada<\/h3>\n\n\n\n<h4 class=\"wp-block-heading\">Am\u00e9liorer la pr\u00e9diction des r\u00e9sultats des patients avant, pendant et apr\u00e8s une transplantation h\u00e9patique gr\u00e2ce \u00e0 l&#039;analyse de la masse musculaire.<\/h4>\n\n\n\n<p><strong>Dr Aldo Montano-Loza<br><\/strong>Universit\u00e9 de l&#039;Alberta<br>Cocandidats\u00a0:\u00a0Dre Vera Mazurak, Dre Maryam Ebadi<\/p>\n\n\n\n<p>Les patients atteints de cirrhose souffrent souvent d&#039;une perte musculaire. Cette anomalie et d&#039;autres anomalies musculaires sont associ\u00e9es \u00e0 un risque plus \u00e9lev\u00e9 de probl\u00e8mes tels qu&#039;infections, \u00e0 un temps de r\u00e9cup\u00e9ration plus long apr\u00e8s une intervention chirurgicale et \u00e0 une probabilit\u00e9 plus \u00e9lev\u00e9e de d\u00e9c\u00e8s avant et apr\u00e8s une greffe du foie.<\/p>\n\n\n\n<p>Le Dr Montano-Loza et son \u00e9quipe cherchent \u00e0 comprendre la relation entre les anomalies musculaires et les effets ind\u00e9sirables potentiels avant, pendant et apr\u00e8s la transplantation h\u00e9patique. La quantit\u00e9 et l&#039;\u00e9tat musculaire seront \u00e9valu\u00e9s \u00e0 l&#039;aide de la tomodensitom\u00e9trie chez les patients atteints de cirrhose inscrits pour une transplantation h\u00e9patique.<\/p>\n\n\n\n<p>Cette recherche contribuera \u00e0 ouvrir la voie \u00e0 une meilleure \u00e9valuation individualis\u00e9e de chaque patient et, en fin de compte, \u00e0 trouver des strat\u00e9gies de traitement personnalis\u00e9es qui pourraient am\u00e9liorer les taux de r\u00e9ussite des transplantations et la qualit\u00e9 de vie des patients.<\/p>\n\n\n\n<p><em>\u00ab Les transplantations h\u00e9patiques sont des interventions qui sauvent des vies, mais elles comportent n\u00e9anmoins de nombreux risques et complications \u00bb, explique le Dr Montano-Loza.&nbsp;<strong>\u00ab Avec l&#039;aide de&nbsp;<a href=\"https:\/\/secure.e2rm.com\/registrant\/donate.aspx?eventid=76072\" target=\"_blank\" rel=\"noreferrer noopener\">financement du CLF<\/a>&nbsp;et ses donateurs,<\/strong>&nbsp;\u00ab Nous esp\u00e9rons que davantage de transplantations h\u00e9patiques seront r\u00e9ussies \u00e0 court et \u00e0 long terme. \u00bb<\/em><\/p>\n\n\n\n<p><strong>Des recherches r\u00e9volutionnaires sur le foie, tout comme le projet en cours du Dr Aldo Montano-Loza et de son \u00e9quipe, sont rendues possibles gr\u00e2ce \u00e0&nbsp;<a href=\"https:\/\/secure.e2rm.com\/registrant\/donate.aspx?eventid=76072\">financement fourni par de g\u00e9n\u00e9reux donateurs<\/a>&nbsp;cherche \u00e0 contribuer \u00e0 faire progresser la recherche sur le foie et \u00e0 donner de l\u2019espoir aux millions de Canadiens touch\u00e9s par une maladie du foie.<\/strong><\/p>\n\n\n\n<h3 class=\"wp-block-heading\"><strong>Subvention de recherche d\u00e9sign\u00e9e sur le cancer du foie au Canada<\/strong><\/h3>\n\n\n\n<h4 class=\"wp-block-heading\">Exploration du r\u00f4le d\u2019un g\u00e8ne bien connu du cancer du sein (BRCA1) en relation avec la st\u00e9atose h\u00e9patique et le cancer du foie.<\/h4>\n\n\n\n<p><strong>Docteur Minna Woo<\/strong><br>Institut de recherche de l&#039;h\u00f4pital g\u00e9n\u00e9ral de Toronto<br>Co-demandeur : Dr Yoo Jin Park<\/p>\n\n\n\n<p>Le cancer du foie repr\u00e9sente actuellement la troisi\u00e8me cause de d\u00e9c\u00e8s par cancer dans le monde. Bien que l\u2019ob\u00e9sit\u00e9 ait \u00e9t\u00e9 identifi\u00e9e comme un facteur de risque du cancer du foie, les m\u00e9canismes exacts \u00e0 l\u2019origine de ce cancer restent encore flous.<\/p>\n\n\n\n<p>Des recherches r\u00e9centes ont montr\u00e9 que le g\u00e8ne BRCA1 (le g\u00e8ne de pr\u00e9disposition au cancer du sein) pourrait avoir un impact sur le m\u00e9tabolisme de l&#039;organisme. Le Dr Woo et son \u00e9quipe disposent d&#039;informations pr\u00e9liminaires convaincantes sugg\u00e9rant que le BRCA1 pourrait jouer un r\u00f4le essentiel dans le d\u00e9veloppement de la st\u00e9atose h\u00e9patique et du cancer du foie.<\/p>\n\n\n\n<p>Le projet de recherche prometteur du Dr Woo permettra de mieux comprendre comment la st\u00e9atose h\u00e9patique peut s&#039;aggraver et potentiellement conduire au cancer du foie. Cela les aidera \u00e0 trouver de nouveaux traitements pour cette maladie d\u00e9vastatrice, incurable \u00e0 ce jour.<\/p>\n\n\n\n<p><em>\u00ab L\u2019une des principales causes \u00e9mergentes du cancer du foie est la st\u00e9atose h\u00e9patique. Gr\u00e2ce \u00e0&nbsp;<a href=\"https:\/\/secure.e2rm.com\/registrant\/donate.aspx?eventid=76072\" target=\"_blank\" rel=\"noreferrer noopener\">financement<\/a>&nbsp;\u00ab Gr\u00e2ce au soutien que nous avons re\u00e7u du CLF, nous poursuivons des recherches pour \u00e9tudier de nouvelles m\u00e9thodes de traitement pour vaincre la st\u00e9atose h\u00e9patique et le cancer du foie. \u00bb<\/em><\/p>\n\n\n\n<p><strong><a href=\"https:\/\/secure.e2rm.com\/registrant\/donate.aspx?eventid=76072\" target=\"_blank\" rel=\"noreferrer noopener\">Dons<\/a>&nbsp;Les dons re\u00e7us de Canadiens bienveillants et d\u2019entreprises soucieuses de leur communaut\u00e9 aident des scientifiques comme la Dre Mina Woo \u00e0 potentiellement d\u00e9couvrir de nouveaux traitements au profit des millions de Canadiens touch\u00e9s par une maladie du foie.&nbsp;<\/strong><\/p>\n\n\n\n<h3 class=\"wp-block-heading\">Bourse d&#039;\u00e9t\u00e9 comm\u00e9morative Raj Bhargava<\/h3>\n\n\n\n<h4 class=\"wp-block-heading\">D\u00e9veloppement de nouvelles fonctionnalit\u00e9s essentielles pour une application pour smartphone utilis\u00e9e pour analyser les images IRM des maladies m\u00e9taboliques du foie.<\/h4>\n\n\n\n<p><strong>Noah Gergel<\/strong><br>Universit\u00e9 de l&#039;Alberta<br>Directeur de th\u00e8se : Dr. Ravi Bhargava<\/p>\n\n\n\n<p>En 2018, gr\u00e2ce au financement re\u00e7u du CLF, l\u2019\u00e9tudiant en g\u00e9nie informatique Kyle Hennig a con\u00e7u une application pour smartphone pour aider \u00e0 interpr\u00e9ter les r\u00e9sultats de l\u2019IRM des maladies m\u00e9taboliques du foie. Ainsi, un large \u00e9ventail de sp\u00e9cialistes comme les radiologues, les p\u00e9diatres, les gastro-ent\u00e9rologues, les chirurgiens et les neurologues ont pu plus facilement diagnostiquer les maladies m\u00e9taboliques du foie chez les enfants.<\/p>\n\n\n\n<p>Cette ann\u00e9e, l&#039;\u00e9tudiant en informatique Noah Gergel travaille \u00e0 \u00e9tendre et \u00e0 mettre \u00e0 jour cette application en am\u00e9liorant sa pr\u00e9cision, en affinant les \u00e9l\u00e9ments de conception pour permettre une utilisation facile par des m\u00e9decins non experts et en int\u00e9grant des recherches r\u00e9cemment publi\u00e9es et de nouvelles maladies. Utilis\u00e9e dans le monde entier, cette application continuera \u00e0 garantir que les sp\u00e9cialistes sont plus susceptibles de poser un diagnostic correct, am\u00e9liorant ainsi les soins aux patients.<\/p>\n\n\n\n<p><em>\u00ab En tant qu\u2019\u00e9tudiant \u00e0 temps plein, le financement du CLF s\u2019est av\u00e9r\u00e9 d\u2019une aide pr\u00e9cieuse pour donner vie \u00e0 mon projet de recherche. Il m\u2019a permis de travailler sur le projet \u00e0 temps plein pendant l\u2019\u00e9t\u00e9 afin de pouvoir am\u00e9liorer et d\u00e9velopper l\u2019application autant que possible. Gr\u00e2ce au CLF, je peux contribuer \u00e0 garantir que des technologies nouvelles et am\u00e9lior\u00e9es soient mises \u00e0 la disposition des sp\u00e9cialistes du foie pour de meilleurs soins aux patients. \u00bb<\/em><\/p>\n\n\n\n<p><a href=\"https:\/\/secure.e2rm.com\/registrant\/donate.aspx?eventid=76072\" target=\"_blank\" rel=\"noreferrer noopener\">Financement<\/a>&nbsp;Les \u00e9tudiants jeunes et ambitieux, qui s&#039;int\u00e9ressent vivement \u00e0 la science et \u00e0 la technologie du foie, contribuent \u00e0 cr\u00e9er un avenir meilleur pour les Canadiens atteints d&#039;une maladie du foie. Comme l&#039;ont d\u00e9montr\u00e9 Noah et Kyle,&nbsp;<a href=\"https:\/\/secure.e2rm.com\/registrant\/donate.aspx?eventid=76072\" target=\"_blank\" rel=\"noreferrer noopener\">Dons<\/a>&nbsp;re\u00e7us de Canadiens au grand c\u0153ur sont vraiment&nbsp;<em>Donner vie \u00e0 la recherche sur le foie<\/em>.<\/p>","protected":false},"excerpt":{"rendered":"<p>Designated Liver Transplant Research Grant in Canada Improving prediction of patient outcomes before, during and after receiving a liver transplant [&hellip;]<\/p>\n","protected":false},"author":3,"featured_media":0,"parent":2331,"menu_order":2,"comment_status":"closed","ping_status":"closed","template":"","meta":{"_acf_changed":false,"site-sidebar-layout":"default","site-content-layout":"","ast-site-content-layout":"default","site-content-style":"default","site-sidebar-style":"default","ast-global-header-display":"","ast-banner-title-visibility":"","ast-main-header-display":"","ast-hfb-above-header-display":"","ast-hfb-below-header-display":"","ast-hfb-mobile-header-display":"","site-post-title":"","ast-breadcrumbs-content":"","ast-featured-img":"","footer-sml-layout":"","ast-disable-related-posts":"","theme-transparent-header-meta":"","adv-header-id-meta":"","stick-header-meta":"","header-above-stick-meta":"","header-main-stick-meta":"","header-below-stick-meta":"","astra-migrate-meta-layouts":"default","ast-page-background-enabled":"default","ast-page-background-meta":{"desktop":{"background-color":"var(--ast-global-color-4)","background-image":"","background-repeat":"repeat","background-position":"center center","background-size":"auto","background-attachment":"scroll","background-type":"","background-media":"","overlay-type":"","overlay-color":"","overlay-opacity":"","overlay-gradient":""},"tablet":{"background-color":"","background-image":"","background-repeat":"repeat","background-position":"center center","background-size":"auto","background-attachment":"scroll","background-type":"","background-media":"","overlay-type":"","overlay-color":"","overlay-opacity":"","overlay-gradient":""},"mobile":{"background-color":"","background-image":"","background-repeat":"repeat","background-position":"center center","background-size":"auto","background-attachment":"scroll","background-type":"","background-media":"","overlay-type":"","overlay-color":"","overlay-opacity":"","overlay-gradient":""}},"ast-content-background-meta":{"desktop":{"background-color":"var(--ast-global-color-5)","background-image":"","background-repeat":"repeat","background-position":"center center","background-size":"auto","background-attachment":"scroll","background-type":"","background-media":"","overlay-type":"","overlay-color":"","overlay-opacity":"","overlay-gradient":""},"tablet":{"background-color":"var(--ast-global-color-5)","background-image":"","background-repeat":"repeat","background-position":"center center","background-size":"auto","background-attachment":"scroll","background-type":"","background-media":"","overlay-type":"","overlay-color":"","overlay-opacity":"","overlay-gradient":""},"mobile":{"background-color":"var(--ast-global-color-5)","background-image":"","background-repeat":"repeat","background-position":"center center","background-size":"auto","background-attachment":"scroll","background-type":"","background-media":"","overlay-type":"","overlay-color":"","overlay-opacity":"","overlay-gradient":""}},"ngg_post_thumbnail":0,"footnotes":""},"class_list":["post-2874","page","type-page","status-publish","hentry"],"acf":[],"yoast_head":"<!-- This site is optimized with the Yoast SEO plugin v27.4 - https:\/\/yoast.com\/product\/yoast-seo-wordpress\/ -->\n<title>2019 Recipients - CASL - Canadian Association for the Study of the Liver<\/title>\n<meta name=\"description\" content=\"A list of all of the 2019 grant recipients.\" \/>\n<meta name=\"robots\" content=\"index, follow, max-snippet:-1, max-image-preview:large, max-video-preview:-1\" \/>\n<link rel=\"canonical\" href=\"https:\/\/hepatology.ca\/fr\/research\/research-grant-competition-results\/2019-recipients\/\" \/>\n<meta property=\"og:locale\" content=\"fr_CA\" \/>\n<meta property=\"og:type\" content=\"article\" \/>\n<meta property=\"og:title\" content=\"2019 Recipients - CASL - Canadian Association for the Study of the Liver\" \/>\n<meta property=\"og:description\" content=\"A list of all of the 2019 grant recipients.\" \/>\n<meta property=\"og:url\" content=\"https:\/\/hepatology.ca\/fr\/research\/research-grant-competition-results\/2019-recipients\/\" \/>\n<meta property=\"og:site_name\" content=\"CASL - Canadian Association for the Study of the Liver\" \/>\n<meta property=\"article:modified_time\" content=\"2024-06-07T13:22:11+00:00\" \/>\n<meta name=\"twitter:card\" content=\"summary_large_image\" \/>\n<meta name=\"twitter:label1\" content=\"Estimation du temps de lecture\" \/>\n\t<meta name=\"twitter:data1\" content=\"4 minutes\" \/>\n<script type=\"application\/ld+json\" class=\"yoast-schema-graph\">{\"@context\":\"https:\\\/\\\/schema.org\",\"@graph\":[{\"@type\":\"WebPage\",\"@id\":\"https:\\\/\\\/hepatology.ca\\\/research\\\/research-grant-competition-results\\\/2019-recipients\\\/\",\"url\":\"https:\\\/\\\/hepatology.ca\\\/research\\\/research-grant-competition-results\\\/2019-recipients\\\/\",\"name\":\"2019 Recipients - CASL - Canadian Association for the Study of the Liver\",\"isPartOf\":{\"@id\":\"https:\\\/\\\/hepatology.ca\\\/#website\"},\"datePublished\":\"2021-07-21T19:34:11+00:00\",\"dateModified\":\"2024-06-07T13:22:11+00:00\",\"description\":\"A list of all of the 2019 grant recipients.\",\"breadcrumb\":{\"@id\":\"https:\\\/\\\/hepatology.ca\\\/research\\\/research-grant-competition-results\\\/2019-recipients\\\/#breadcrumb\"},\"inLanguage\":\"fr-CA\",\"potentialAction\":[{\"@type\":\"ReadAction\",\"target\":[\"https:\\\/\\\/hepatology.ca\\\/research\\\/research-grant-competition-results\\\/2019-recipients\\\/\"]}]},{\"@type\":\"BreadcrumbList\",\"@id\":\"https:\\\/\\\/hepatology.ca\\\/research\\\/research-grant-competition-results\\\/2019-recipients\\\/#breadcrumb\",\"itemListElement\":[{\"@type\":\"ListItem\",\"position\":1,\"name\":\"Home\",\"item\":\"https:\\\/\\\/hepatology.ca\\\/\"},{\"@type\":\"ListItem\",\"position\":2,\"name\":\"Research\",\"item\":\"https:\\\/\\\/hepatology.ca\\\/fr\\\/research\\\/\"},{\"@type\":\"ListItem\",\"position\":3,\"name\":\"Past Research Grant Competition Results\",\"item\":\"https:\\\/\\\/hepatology.ca\\\/fr\\\/research\\\/research-grant-competition-results\\\/\"},{\"@type\":\"ListItem\",\"position\":4,\"name\":\"2019 Recipients\"}]},{\"@type\":\"WebSite\",\"@id\":\"https:\\\/\\\/hepatology.ca\\\/#website\",\"url\":\"https:\\\/\\\/hepatology.ca\\\/\",\"name\":\"CASL\",\"description\":\"Canada\u2019s home for liver experts\",\"publisher\":{\"@id\":\"https:\\\/\\\/hepatology.ca\\\/#organization\"},\"potentialAction\":[{\"@type\":\"SearchAction\",\"target\":{\"@type\":\"EntryPoint\",\"urlTemplate\":\"https:\\\/\\\/hepatology.ca\\\/?s={search_term_string}\"},\"query-input\":{\"@type\":\"PropertyValueSpecification\",\"valueRequired\":true,\"valueName\":\"search_term_string\"}}],\"inLanguage\":\"fr-CA\"},{\"@type\":\"Organization\",\"@id\":\"https:\\\/\\\/hepatology.ca\\\/#organization\",\"name\":\"Canadian Association for the Study of the Liver\",\"url\":\"https:\\\/\\\/hepatology.ca\\\/\",\"logo\":{\"@type\":\"ImageObject\",\"inLanguage\":\"fr-CA\",\"@id\":\"https:\\\/\\\/hepatology.ca\\\/#\\\/schema\\\/logo\\\/image\\\/\",\"url\":\"https:\\\/\\\/hepatology.ca\\\/wp-content\\\/uploads\\\/2024\\\/06\\\/CASL-logo-transparent-background.png\",\"contentUrl\":\"https:\\\/\\\/hepatology.ca\\\/wp-content\\\/uploads\\\/2024\\\/06\\\/CASL-logo-transparent-background.png\",\"width\":1040,\"height\":294,\"caption\":\"Canadian Association for the Study of the Liver\"},\"image\":{\"@id\":\"https:\\\/\\\/hepatology.ca\\\/#\\\/schema\\\/logo\\\/image\\\/\"}}]}<\/script>\n<!-- \/ Yoast SEO plugin. -->","yoast_head_json":{"title":"Laur\u00e9ats 2019 \u2013 CASL \u2013 Association canadienne pour l&#039;\u00e9tude du foie","description":"Une liste de tous les b\u00e9n\u00e9ficiaires de subventions 2019.","robots":{"index":"index","follow":"follow","max-snippet":"max-snippet:-1","max-image-preview":"max-image-preview:large","max-video-preview":"max-video-preview:-1"},"canonical":"https:\/\/hepatology.ca\/fr\/research\/research-grant-competition-results\/2019-recipients\/","og_locale":"fr_CA","og_type":"article","og_title":"2019 Recipients - CASL - Canadian Association for the Study of the Liver","og_description":"A list of all of the 2019 grant recipients.","og_url":"https:\/\/hepatology.ca\/fr\/research\/research-grant-competition-results\/2019-recipients\/","og_site_name":"CASL - Canadian Association for the Study of the Liver","article_modified_time":"2024-06-07T13:22:11+00:00","twitter_card":"summary_large_image","twitter_misc":{"Estimation du temps de lecture":"4 minutes"},"schema":{"@context":"https:\/\/schema.org","@graph":[{"@type":"WebPage","@id":"https:\/\/hepatology.ca\/research\/research-grant-competition-results\/2019-recipients\/","url":"https:\/\/hepatology.ca\/research\/research-grant-competition-results\/2019-recipients\/","name":"Laur\u00e9ats 2019 \u2013 CASL \u2013 Association canadienne pour l&#039;\u00e9tude du foie","isPartOf":{"@id":"https:\/\/hepatology.ca\/#website"},"datePublished":"2021-07-21T19:34:11+00:00","dateModified":"2024-06-07T13:22:11+00:00","description":"Une liste de tous les b\u00e9n\u00e9ficiaires de subventions 2019.","breadcrumb":{"@id":"https:\/\/hepatology.ca\/research\/research-grant-competition-results\/2019-recipients\/#breadcrumb"},"inLanguage":"fr-CA","potentialAction":[{"@type":"ReadAction","target":["https:\/\/hepatology.ca\/research\/research-grant-competition-results\/2019-recipients\/"]}]},{"@type":"BreadcrumbList","@id":"https:\/\/hepatology.ca\/research\/research-grant-competition-results\/2019-recipients\/#breadcrumb","itemListElement":[{"@type":"ListItem","position":1,"name":"Home","item":"https:\/\/hepatology.ca\/"},{"@type":"ListItem","position":2,"name":"Research","item":"https:\/\/hepatology.ca\/fr\/research\/"},{"@type":"ListItem","position":3,"name":"Past Research Grant Competition Results","item":"https:\/\/hepatology.ca\/fr\/research\/research-grant-competition-results\/"},{"@type":"ListItem","position":4,"name":"2019 Recipients"}]},{"@type":"WebSite","@id":"https:\/\/hepatology.ca\/#website","url":"https:\/\/hepatology.ca\/","name":"LCAP","description":"Le foyer canadien des experts du foie","publisher":{"@id":"https:\/\/hepatology.ca\/#organization"},"potentialAction":[{"@type":"SearchAction","target":{"@type":"EntryPoint","urlTemplate":"https:\/\/hepatology.ca\/?s={search_term_string}"},"query-input":{"@type":"PropertyValueSpecification","valueRequired":true,"valueName":"search_term_string"}}],"inLanguage":"fr-CA"},{"@type":"Organization","@id":"https:\/\/hepatology.ca\/#organization","name":"Association canadienne pour l&#039;\u00e9tude du foie","url":"https:\/\/hepatology.ca\/","logo":{"@type":"ImageObject","inLanguage":"fr-CA","@id":"https:\/\/hepatology.ca\/#\/schema\/logo\/image\/","url":"https:\/\/hepatology.ca\/wp-content\/uploads\/2024\/06\/CASL-logo-transparent-background.png","contentUrl":"https:\/\/hepatology.ca\/wp-content\/uploads\/2024\/06\/CASL-logo-transparent-background.png","width":1040,"height":294,"caption":"Canadian Association for the Study of the Liver"},"image":{"@id":"https:\/\/hepatology.ca\/#\/schema\/logo\/image\/"}}]}},"_links":{"self":[{"href":"https:\/\/hepatology.ca\/fr\/wp-json\/wp\/v2\/pages\/2874","targetHints":{"allow":["GET"]}}],"collection":[{"href":"https:\/\/hepatology.ca\/fr\/wp-json\/wp\/v2\/pages"}],"about":[{"href":"https:\/\/hepatology.ca\/fr\/wp-json\/wp\/v2\/types\/page"}],"author":[{"embeddable":true,"href":"https:\/\/hepatology.ca\/fr\/wp-json\/wp\/v2\/users\/3"}],"replies":[{"embeddable":true,"href":"https:\/\/hepatology.ca\/fr\/wp-json\/wp\/v2\/comments?post=2874"}],"version-history":[{"count":1,"href":"https:\/\/hepatology.ca\/fr\/wp-json\/wp\/v2\/pages\/2874\/revisions"}],"predecessor-version":[{"id":2875,"href":"https:\/\/hepatology.ca\/fr\/wp-json\/wp\/v2\/pages\/2874\/revisions\/2875"}],"up":[{"embeddable":true,"href":"https:\/\/hepatology.ca\/fr\/wp-json\/wp\/v2\/pages\/2331"}],"wp:attachment":[{"href":"https:\/\/hepatology.ca\/fr\/wp-json\/wp\/v2\/media?parent=2874"}],"curies":[{"name":"wp","href":"https:\/\/api.w.org\/{rel}","templated":true}]}}