{"id":2837,"date":"2021-05-27T16:50:39","date_gmt":"2021-05-27T16:50:39","guid":{"rendered":"http:\/\/hepatology.ca\/?page_id=2837"},"modified":"2024-06-07T13:22:11","modified_gmt":"2024-06-07T13:22:11","slug":"2018-research-grant-recipients","status":"publish","type":"page","link":"https:\/\/hepatology.ca\/fr\/research\/research-grant-competition-results\/2018-research-grant-recipients\/","title":{"rendered":"Laur\u00e9ats 2018"},"content":{"rendered":"<h3 class=\"wp-block-heading\">Bourse d&#039;\u00e9t\u00e9 comm\u00e9morative Raj Bhargava<\/h3>\n\n\n\n<p><\/p>\n\n\n\n<h5 class=\"wp-block-heading\"><strong><em>Cr\u00e9ation d&#039;une application pour smartphone permettant d&#039;analyser les images IRM des maladies m\u00e9taboliques du foie<\/em><\/strong><\/h5>\n\n\n\n<p><strong>Kyle Hennig&nbsp;<\/strong><br>Universit\u00e9 de l&#039;Alberta<br>Directeur de th\u00e8se : Dr. Ravi Bhargava<\/p>\n\n\n\n<p>Les maladies m\u00e9taboliques du foie, ou les \u00e9tats dans lesquels des r\u00e9actions chimiques anormales dans l&#039;organisme perturbent le m\u00e9tabolisme, touchent de nombreux enfants et adolescents atteints d&#039;une maladie du foie. Pour les enfants qui ont besoin d&#039;une greffe du foie, l&#039;imagerie par r\u00e9sonance magn\u00e9tique (IRM) est souvent n\u00e9cessaire pour d\u00e9pister ces troubles avant qu&#039;ils puissent \u00eatre inscrits sur la liste d&#039;attente pour une greffe du foie.<\/p>\n\n\n\n<p>Kyle Hennig, un \u00e9tudiant en g\u00e9nie informatique de l\u2019Universit\u00e9 de l\u2019Alberta, a reconnu la n\u00e9cessit\u00e9 d\u2019un outil pouvant \u00eatre utilis\u00e9 par plusieurs professionnels de la sant\u00e9 pour \u00e9valuer les IRM et l\u2019analyse d\u00e9taill\u00e9e des substances accumul\u00e9es dans le cerveau.<\/p>\n\n\n\n<p>Sous la supervision du Dr Ravi Bhargava, Kyle travaillera \u00e0 la conception d&#039;une application pour smartphone utilisant un algorithme qui aidera \u00e0 interpr\u00e9ter les r\u00e9sultats de l&#039;IRM. Ce travail permettra \u00e0 un large \u00e9ventail de sp\u00e9cialistes, comme les radiologues, les p\u00e9diatres, les gastroent\u00e9rologues, les chirurgiens et les neurologues, de diagnostiquer beaucoup plus facilement les troubles m\u00e9taboliques.<\/p>\n\n\n\n<p><\/p>\n\n\n\n<h3 class=\"wp-block-heading\">Subventions de fonctionnement<\/h3>\n\n\n\n<p><\/p>\n\n\n\n<h5 class=\"wp-block-heading\"><em>R\u00e9soudre le myst\u00e8re de l\u2019atr\u00e9sie biliaire gr\u00e2ce aux cellules souches<\/em><\/h5>\n\n\n\n<p><strong>Docteur Binita Kamath&nbsp;<\/strong><br>H\u00f4pital pour enfants malades (Toronto)<br>Cocandidats\u00a0: Drs. Anand Ghanekar et Saul Karpen<\/p>\n\n\n\n<p>Le Dr Kamath et ses collaborateurs pensent qu\u2019un g\u00e8ne d\u00e9fectueux trouv\u00e9 dans les cils des voies biliaires (ou structures cellulaires) entra\u00eene une inflammation du foie, des cicatrices et une grave maladie h\u00e9patique infantile appel\u00e9e atr\u00e9sie biliaire, sans cause ni rem\u00e8de connus \u00e0 ce jour.<\/p>\n\n\n\n<p>L\u2019atr\u00e9sie biliaire survient lorsque le canal biliaire qui relie le foie \u00e0 l\u2019intestin est endommag\u00e9 et emp\u00eache la bile de quitter le foie.<\/p>\n\n\n\n<p>Le Dr Kamath et son \u00e9quipe utiliseront une nouvelle technologie pour g\u00e9n\u00e9rer des cellules des voies biliaires \u00e0 partir de cellules souches cr\u00e9\u00e9es \u00e0 partir du sang des patients afin d&#039;\u00e9tudier comment cette mutation g\u00e9n\u00e9tique conduit \u00e0 la cr\u00e9ation de cellules des voies biliaires d\u00e9fectueuses.<\/p>\n\n\n\n<p><\/p>\n\n\n\n<p><\/p>\n\n\n\n<h3 class=\"wp-block-heading\">Recherche h\u00e9patobiliaire sans restriction<\/h3>\n\n\n\n<p><\/p>\n\n\n\n<h5 class=\"wp-block-heading\"><em>Perturber les cellules productrices de cancer du foie<\/em><\/h5>\n\n\n\n<p><strong>Dr Naglaa Shoukry<\/strong><br>Universit\u00e9 de Montr\u00e9al<br>Codemandeur : Dr Simon Turcotte<\/p>\n\n\n\n<p>Le cancer du foie est un probl\u00e8me de sant\u00e9 publique mortel et en pleine croissance au Canada, et les options de traitement disponibles pour les patients sont limit\u00e9es. Parmi les risques du cancer du foie figurent l\u2019inflammation et la cicatrisation du foie. L\u2019inflammation est caus\u00e9e en partie par les globules blancs qui produisent des cytokines (prot\u00e9ines qui envoient des messages au syst\u00e8me immunitaire sur le site de la l\u00e9sion ou du traumatisme).<\/p>\n\n\n\n<p>La Dre Shoukry et son \u00e9quipe ont choisi d\u2019\u00e9tudier une prot\u00e9ine appel\u00e9e IL-17, un activateur bien connu de l\u2019inflammation et de la cicatrisation qui m\u00e8ne au cancer du foie. L\u2019\u00e9quipe cherchera \u00e0 d\u00e9terminer quelles cellules produisent l\u2019IL-17, \u00e0 quel moment les cellules canc\u00e9reuses re\u00e7oivent le signal de p\u00e9n\u00e9trer dans le foie et comment des traitements efficaces peuvent emp\u00eacher les cellules canc\u00e9reuses d\u2019y p\u00e9n\u00e9trer.<\/p>\n\n\n\n<p><\/p>\n\n\n\n<h5 class=\"wp-block-heading\"><em>Des th\u00e9rapies test\u00e9es pour la maladie du foie la plus courante au Canada<\/em><\/h5>\n\n\n\n<p><strong>Dr John Ussher<\/strong><br>Universit\u00e9 de l&#039;Alberta<\/p>\n\n\n\n<p>La st\u00e9atose h\u00e9patique non alcoolique (NAFLD) est une accumulation de graisse dans le foie sans l\u2019influence de l\u2019alcool. Selon les estimations actuelles, un Canadien sur cinq souffre de st\u00e9atose h\u00e9patique non alcoolique, ce qui le rend susceptible de d\u00e9velopper une cirrhose, un cancer du foie et une insuffisance h\u00e9patique. Les traitements actuels font d\u00e9faut dans cette \u00e9pid\u00e9mie croissante.<\/p>\n\n\n\n<p>Le Dr Ussher et son \u00e9quipe ont r\u00e9cemment d\u00e9couvert qu\u2019un m\u00e9dicament utilis\u00e9 pour traiter les maladies cardiaques, la ranolazine, pourrait \u00e9galement r\u00e9duire la gravit\u00e9 de la NAFLD. La ranolazine s\u2019est r\u00e9v\u00e9l\u00e9e prometteuse pour augmenter le m\u00e9tabolisme du sucre (la capacit\u00e9 du foie \u00e0 convertir les aliments en \u00e9nergie utilis\u00e9e par le corps) et pourrait ainsi r\u00e9duire l\u2019impact de la NAFLD.<\/p>\n\n\n\n<p>Cette nouvelle \u00e9tude passionnante utilisera des mod\u00e8les de maladies pour confirmer si la ranolazine r\u00e9duit directement la st\u00e9atose h\u00e9patique en augmentant le m\u00e9tabolisme du sucre dans le foie et pourrait confirmer si la ranolazine est un traitement appropri\u00e9 pour la NAFLD.<\/p>\n\n\n\n<p><\/p>\n\n\n\n<h3 class=\"wp-block-heading\">Subvention de recherche d\u00e9sign\u00e9e sur le cancer du foie en Ontario<\/h3>\n\n\n\n<p><\/p>\n\n\n\n<h5 class=\"wp-block-heading\"><em>Comprendre la relation complexe entre le cancer du foie et le syst\u00e8me immunitaire<\/em><\/h5>\n\n\n\n<p><strong>Docteur Mamatha Bhat<\/strong><br>Universit\u00e9 de Toronto<br>(Fondation de l&#039;h\u00f4pital g\u00e9n\u00e9ral et occidental de Toronto)<br>Co-candidats : Dr Daniel De Carvalho et Anand Ghanekar<\/p>\n\n\n\n<p>Le cancer du foie est souvent diagnostiqu\u00e9 alors qu\u2019il est trop tard pour proposer un traitement capable de gu\u00e9rir la maladie. \u00c9tant donn\u00e9 que le cancer du foie r\u00e9cidive dans 201 cas de transplantation, il est essentiel de trouver un moyen de diagnostiquer et de traiter cette maladie plus t\u00f4t.<\/p>\n\n\n\n<p>Les recherches sugg\u00e8rent que les cellules immunitaires jouent un r\u00f4le dans le d\u00e9veloppement du carcinome h\u00e9patocellulaire (CHC), la forme la plus courante de cancer qui prend naissance dans le foie. Afin de d\u00e9terminer pr\u00e9cis\u00e9ment quel est ce r\u00f4le, l&#039;\u00e9quipe de recherche du Dr Bhat analysera la composition g\u00e9n\u00e9tique de deux types de tumeurs : les cancers r\u00e9currents qui \u00e9voluent dans un environnement o\u00f9 le syst\u00e8me immunitaire est submerg\u00e9 par les tumeurs, et les cancers r\u00e9currents qui apparaissent apr\u00e8s une intervention chirurgicale visant \u00e0 retirer le cancer (appel\u00e9e r\u00e9section), o\u00f9 le syst\u00e8me immunitaire n&#039;est pas submerg\u00e9 par les tumeurs.<\/p>\n\n\n\n<p>Cette opportunit\u00e9 unique d\u2019explorer la relation entre le cancer du foie et le syst\u00e8me immunitaire aidera \u00e0 identifier de meilleures th\u00e9rapies afin de gu\u00e9rir d\u00e9finitivement le cancer du foie.<\/p>","protected":false},"excerpt":{"rendered":"<p>Raj Bhargava Memorial Summer Studentship Building a smartphone app to analyze MRI images of metabolic liver diseases Kyle Hennig&nbsp;University of [&hellip;]<\/p>\n","protected":false},"author":3,"featured_media":0,"parent":2331,"menu_order":3,"comment_status":"closed","ping_status":"closed","template":"","meta":{"_acf_changed":false,"site-sidebar-layout":"default","site-content-layout":"","ast-site-content-layout":"default","site-content-style":"default","site-sidebar-style":"default","ast-global-header-display":"","ast-banner-title-visibility":"","ast-main-header-display":"","ast-hfb-above-header-display":"","ast-hfb-below-header-display":"","ast-hfb-mobile-header-display":"","site-post-title":"","ast-breadcrumbs-content":"","ast-featured-img":"","footer-sml-layout":"","ast-disable-related-posts":"","theme-transparent-header-meta":"","adv-header-id-meta":"","stick-header-meta":"","header-above-stick-meta":"","header-main-stick-meta":"","header-below-stick-meta":"","astra-migrate-meta-layouts":"default","ast-page-background-enabled":"default","ast-page-background-meta":{"desktop":{"background-color":"var(--ast-global-color-4)","background-image":"","background-repeat":"repeat","background-position":"center center","background-size":"auto","background-attachment":"scroll","background-type":"","background-media":"","overlay-type":"","overlay-color":"","overlay-opacity":"","overlay-gradient":""},"tablet":{"background-color":"","background-image":"","background-repeat":"repeat","background-position":"center center","background-size":"auto","background-attachment":"scroll","background-type":"","background-media":"","overlay-type":"","overlay-color":"","overlay-opacity":"","overlay-gradient":""},"mobile":{"background-color":"","background-image":"","background-repeat":"repeat","background-position":"center center","background-size":"auto","background-attachment":"scroll","background-type":"","background-media":"","overlay-type":"","overlay-color":"","overlay-opacity":"","overlay-gradient":""}},"ast-content-background-meta":{"desktop":{"background-color":"var(--ast-global-color-5)","background-image":"","background-repeat":"repeat","background-position":"center center","background-size":"auto","background-attachment":"scroll","background-type":"","background-media":"","overlay-type":"","overlay-color":"","overlay-opacity":"","overlay-gradient":""},"tablet":{"background-color":"var(--ast-global-color-5)","background-image":"","background-repeat":"repeat","background-position":"center center","background-size":"auto","background-attachment":"scroll","background-type":"","background-media":"","overlay-type":"","overlay-color":"","overlay-opacity":"","overlay-gradient":""},"mobile":{"background-color":"var(--ast-global-color-5)","background-image":"","background-repeat":"repeat","background-position":"center center","background-size":"auto","background-attachment":"scroll","background-type":"","background-media":"","overlay-type":"","overlay-color":"","overlay-opacity":"","overlay-gradient":""}},"ngg_post_thumbnail":0,"footnotes":""},"class_list":["post-2837","page","type-page","status-publish","hentry"],"acf":[],"yoast_head":"<!-- This site is optimized with the Yoast SEO plugin v27.4 - https:\/\/yoast.com\/product\/yoast-seo-wordpress\/ -->\n<title>2018 Recipients - CASL - Canadian Association for the Study of the Liver<\/title>\n<meta name=\"description\" content=\"A list of all of the 2018 grant recipients.\" \/>\n<meta name=\"robots\" content=\"index, follow, max-snippet:-1, max-image-preview:large, max-video-preview:-1\" \/>\n<link rel=\"canonical\" href=\"https:\/\/hepatology.ca\/fr\/research\/research-grant-competition-results\/2018-research-grant-recipients\/\" \/>\n<meta property=\"og:locale\" content=\"fr_CA\" \/>\n<meta property=\"og:type\" content=\"article\" \/>\n<meta property=\"og:title\" content=\"2018 Recipients - CASL - Canadian Association for the Study of the Liver\" \/>\n<meta property=\"og:description\" content=\"A list of all of the 2018 grant recipients.\" \/>\n<meta property=\"og:url\" content=\"https:\/\/hepatology.ca\/fr\/research\/research-grant-competition-results\/2018-research-grant-recipients\/\" \/>\n<meta property=\"og:site_name\" content=\"CASL - Canadian Association for the Study of the Liver\" \/>\n<meta property=\"article:modified_time\" content=\"2024-06-07T13:22:11+00:00\" \/>\n<meta name=\"twitter:card\" content=\"summary_large_image\" \/>\n<meta name=\"twitter:label1\" content=\"Estimation du temps de lecture\" \/>\n\t<meta name=\"twitter:data1\" content=\"4 minutes\" \/>\n<script type=\"application\/ld+json\" class=\"yoast-schema-graph\">{\"@context\":\"https:\\\/\\\/schema.org\",\"@graph\":[{\"@type\":\"WebPage\",\"@id\":\"https:\\\/\\\/hepatology.ca\\\/fr\\\/research\\\/research-grant-competition-results\\\/2018-research-grant-recipients\\\/\",\"url\":\"https:\\\/\\\/hepatology.ca\\\/fr\\\/research\\\/research-grant-competition-results\\\/2018-research-grant-recipients\\\/\",\"name\":\"2018 Recipients - CASL - Canadian Association for the Study of the Liver\",\"isPartOf\":{\"@id\":\"https:\\\/\\\/hepatology.ca\\\/#website\"},\"datePublished\":\"2021-05-27T16:50:39+00:00\",\"dateModified\":\"2024-06-07T13:22:11+00:00\",\"description\":\"A list of all of the 2018 grant recipients.\",\"breadcrumb\":{\"@id\":\"https:\\\/\\\/hepatology.ca\\\/fr\\\/research\\\/research-grant-competition-results\\\/2018-research-grant-recipients\\\/#breadcrumb\"},\"inLanguage\":\"fr-CA\",\"potentialAction\":[{\"@type\":\"ReadAction\",\"target\":[\"https:\\\/\\\/hepatology.ca\\\/fr\\\/research\\\/research-grant-competition-results\\\/2018-research-grant-recipients\\\/\"]}]},{\"@type\":\"BreadcrumbList\",\"@id\":\"https:\\\/\\\/hepatology.ca\\\/fr\\\/research\\\/research-grant-competition-results\\\/2018-research-grant-recipients\\\/#breadcrumb\",\"itemListElement\":[{\"@type\":\"ListItem\",\"position\":1,\"name\":\"Home\",\"item\":\"https:\\\/\\\/hepatology.ca\\\/\"},{\"@type\":\"ListItem\",\"position\":2,\"name\":\"Research\",\"item\":\"https:\\\/\\\/hepatology.ca\\\/fr\\\/research\\\/\"},{\"@type\":\"ListItem\",\"position\":3,\"name\":\"Past Research Grant Competition Results\",\"item\":\"https:\\\/\\\/hepatology.ca\\\/fr\\\/research\\\/research-grant-competition-results\\\/\"},{\"@type\":\"ListItem\",\"position\":4,\"name\":\"2018 Recipients\"}]},{\"@type\":\"WebSite\",\"@id\":\"https:\\\/\\\/hepatology.ca\\\/#website\",\"url\":\"https:\\\/\\\/hepatology.ca\\\/\",\"name\":\"CASL\",\"description\":\"Canada\u2019s home for liver experts\",\"publisher\":{\"@id\":\"https:\\\/\\\/hepatology.ca\\\/#organization\"},\"potentialAction\":[{\"@type\":\"SearchAction\",\"target\":{\"@type\":\"EntryPoint\",\"urlTemplate\":\"https:\\\/\\\/hepatology.ca\\\/?s={search_term_string}\"},\"query-input\":{\"@type\":\"PropertyValueSpecification\",\"valueRequired\":true,\"valueName\":\"search_term_string\"}}],\"inLanguage\":\"fr-CA\"},{\"@type\":\"Organization\",\"@id\":\"https:\\\/\\\/hepatology.ca\\\/#organization\",\"name\":\"Canadian Association for the Study of the Liver\",\"url\":\"https:\\\/\\\/hepatology.ca\\\/\",\"logo\":{\"@type\":\"ImageObject\",\"inLanguage\":\"fr-CA\",\"@id\":\"https:\\\/\\\/hepatology.ca\\\/#\\\/schema\\\/logo\\\/image\\\/\",\"url\":\"https:\\\/\\\/hepatology.ca\\\/wp-content\\\/uploads\\\/2024\\\/06\\\/CASL-logo-transparent-background.png\",\"contentUrl\":\"https:\\\/\\\/hepatology.ca\\\/wp-content\\\/uploads\\\/2024\\\/06\\\/CASL-logo-transparent-background.png\",\"width\":1040,\"height\":294,\"caption\":\"Canadian Association for the Study of the Liver\"},\"image\":{\"@id\":\"https:\\\/\\\/hepatology.ca\\\/#\\\/schema\\\/logo\\\/image\\\/\"}}]}<\/script>\n<!-- \/ Yoast SEO plugin. -->","yoast_head_json":{"title":"Laur\u00e9ats 2018 \u2013 CASL \u2013 Association canadienne pour l&#039;\u00e9tude du foie","description":"Une liste de tous les b\u00e9n\u00e9ficiaires de subventions 2018.","robots":{"index":"index","follow":"follow","max-snippet":"max-snippet:-1","max-image-preview":"max-image-preview:large","max-video-preview":"max-video-preview:-1"},"canonical":"https:\/\/hepatology.ca\/fr\/research\/research-grant-competition-results\/2018-research-grant-recipients\/","og_locale":"fr_CA","og_type":"article","og_title":"2018 Recipients - CASL - Canadian Association for the Study of the Liver","og_description":"A list of all of the 2018 grant recipients.","og_url":"https:\/\/hepatology.ca\/fr\/research\/research-grant-competition-results\/2018-research-grant-recipients\/","og_site_name":"CASL - Canadian Association for the Study of the Liver","article_modified_time":"2024-06-07T13:22:11+00:00","twitter_card":"summary_large_image","twitter_misc":{"Estimation du temps de lecture":"4 minutes"},"schema":{"@context":"https:\/\/schema.org","@graph":[{"@type":"WebPage","@id":"https:\/\/hepatology.ca\/fr\/research\/research-grant-competition-results\/2018-research-grant-recipients\/","url":"https:\/\/hepatology.ca\/fr\/research\/research-grant-competition-results\/2018-research-grant-recipients\/","name":"Laur\u00e9ats 2018 \u2013 CASL \u2013 Association canadienne pour l&#039;\u00e9tude du foie","isPartOf":{"@id":"https:\/\/hepatology.ca\/#website"},"datePublished":"2021-05-27T16:50:39+00:00","dateModified":"2024-06-07T13:22:11+00:00","description":"Une liste de tous les b\u00e9n\u00e9ficiaires de subventions 2018.","breadcrumb":{"@id":"https:\/\/hepatology.ca\/fr\/research\/research-grant-competition-results\/2018-research-grant-recipients\/#breadcrumb"},"inLanguage":"fr-CA","potentialAction":[{"@type":"ReadAction","target":["https:\/\/hepatology.ca\/fr\/research\/research-grant-competition-results\/2018-research-grant-recipients\/"]}]},{"@type":"BreadcrumbList","@id":"https:\/\/hepatology.ca\/fr\/research\/research-grant-competition-results\/2018-research-grant-recipients\/#breadcrumb","itemListElement":[{"@type":"ListItem","position":1,"name":"Home","item":"https:\/\/hepatology.ca\/"},{"@type":"ListItem","position":2,"name":"Research","item":"https:\/\/hepatology.ca\/fr\/research\/"},{"@type":"ListItem","position":3,"name":"Past Research Grant Competition Results","item":"https:\/\/hepatology.ca\/fr\/research\/research-grant-competition-results\/"},{"@type":"ListItem","position":4,"name":"2018 Recipients"}]},{"@type":"WebSite","@id":"https:\/\/hepatology.ca\/#website","url":"https:\/\/hepatology.ca\/","name":"LCAP","description":"Le foyer canadien des experts du foie","publisher":{"@id":"https:\/\/hepatology.ca\/#organization"},"potentialAction":[{"@type":"SearchAction","target":{"@type":"EntryPoint","urlTemplate":"https:\/\/hepatology.ca\/?s={search_term_string}"},"query-input":{"@type":"PropertyValueSpecification","valueRequired":true,"valueName":"search_term_string"}}],"inLanguage":"fr-CA"},{"@type":"Organization","@id":"https:\/\/hepatology.ca\/#organization","name":"Association canadienne pour l&#039;\u00e9tude du foie","url":"https:\/\/hepatology.ca\/","logo":{"@type":"ImageObject","inLanguage":"fr-CA","@id":"https:\/\/hepatology.ca\/#\/schema\/logo\/image\/","url":"https:\/\/hepatology.ca\/wp-content\/uploads\/2024\/06\/CASL-logo-transparent-background.png","contentUrl":"https:\/\/hepatology.ca\/wp-content\/uploads\/2024\/06\/CASL-logo-transparent-background.png","width":1040,"height":294,"caption":"Canadian Association for the Study of the Liver"},"image":{"@id":"https:\/\/hepatology.ca\/#\/schema\/logo\/image\/"}}]}},"_links":{"self":[{"href":"https:\/\/hepatology.ca\/fr\/wp-json\/wp\/v2\/pages\/2837","targetHints":{"allow":["GET"]}}],"collection":[{"href":"https:\/\/hepatology.ca\/fr\/wp-json\/wp\/v2\/pages"}],"about":[{"href":"https:\/\/hepatology.ca\/fr\/wp-json\/wp\/v2\/types\/page"}],"author":[{"embeddable":true,"href":"https:\/\/hepatology.ca\/fr\/wp-json\/wp\/v2\/users\/3"}],"replies":[{"embeddable":true,"href":"https:\/\/hepatology.ca\/fr\/wp-json\/wp\/v2\/comments?post=2837"}],"version-history":[{"count":3,"href":"https:\/\/hepatology.ca\/fr\/wp-json\/wp\/v2\/pages\/2837\/revisions"}],"predecessor-version":[{"id":2847,"href":"https:\/\/hepatology.ca\/fr\/wp-json\/wp\/v2\/pages\/2837\/revisions\/2847"}],"up":[{"embeddable":true,"href":"https:\/\/hepatology.ca\/fr\/wp-json\/wp\/v2\/pages\/2331"}],"wp:attachment":[{"href":"https:\/\/hepatology.ca\/fr\/wp-json\/wp\/v2\/media?parent=2837"}],"curies":[{"name":"wp","href":"https:\/\/api.w.org\/{rel}","templated":true}]}}