{"id":2824,"date":"2021-04-16T22:25:28","date_gmt":"2021-04-16T22:25:28","guid":{"rendered":"http:\/\/hepatology.ca\/?page_id=2824"},"modified":"2024-06-07T13:22:11","modified_gmt":"2024-06-07T13:22:11","slug":"stand-up-to-nash","status":"publish","type":"page","link":"https:\/\/hepatology.ca\/fr\/education-events\/stand-up-to-nash\/","title":{"rendered":"Lutter contre la NASH"},"content":{"rendered":"<figure class=\"wp-block-image size-large\"><img fetchpriority=\"high\" decoding=\"async\" width=\"1024\" height=\"182\" src=\"https:\/\/hepatology.ca\/wp-content\/uploads\/2021\/04\/StandUptoNASH_Banner-1024x182.jpg\" alt=\"\" class=\"wp-image-2825\" srcset=\"https:\/\/hepatology.ca\/wp-content\/uploads\/2021\/04\/StandUptoNASH_Banner-1024x182.jpg 1024w, https:\/\/hepatology.ca\/wp-content\/uploads\/2021\/04\/StandUptoNASH_Banner-300x53.jpg 300w, https:\/\/hepatology.ca\/wp-content\/uploads\/2021\/04\/StandUptoNASH_Banner-768x137.jpg 768w, https:\/\/hepatology.ca\/wp-content\/uploads\/2021\/04\/StandUptoNASH_Banner-1536x274.jpg 1536w, https:\/\/hepatology.ca\/wp-content\/uploads\/2021\/04\/StandUptoNASH_Banner-2048x365.jpg 2048w\" sizes=\"(max-width: 1024px) 100vw, 1024px\" \/><\/figure>\n\n\n\n<p>Au cours des derni\u00e8res ann\u00e9es, l\u2019\u00e2ge, l\u2019ob\u00e9sit\u00e9 et le diab\u00e8te sont devenus plus fr\u00e9quents chez les Canadiens, ce qui affecte la sant\u00e9 globale, y compris celle du foie. Avec plus de 90 th\u00e9rapies en cours de d\u00e9veloppement pour la NAFLD\/NASH, il n\u2019a jamais \u00e9t\u00e9 aussi important de LUTTER CONTRE LA NASH.<\/p>\n\n\n\n<p>Rejoignez CASL, CanNASH et Intercept pour cette nouvelle activit\u00e9 de DPC, \u00e0 venir bient\u00f4t, pour vous assurer que vous et vos coll\u00e8gues \u2013 ainsi que tout fournisseur de soins de sant\u00e9 qui traite des patients atteints de NAFLD et de NASH \u2013 disposez des informations les plus r\u00e9centes concernant <strong>S<\/strong>surveillance, <strong>T<\/strong>traitement <strong>UN<\/strong>approches et <strong>N<\/strong>beurk <strong>D<\/strong>diagnostique <strong>En haut<\/strong>dates concernant ces maladies.<\/p>","protected":false},"excerpt":{"rendered":"<p>In recent years, increasing age, obesity and diabetes have become more frequent in Canadians, affecting overall health, including that of [&hellip;]<\/p>\n","protected":false},"author":3,"featured_media":0,"parent":31,"menu_order":37,"comment_status":"closed","ping_status":"closed","template":"","meta":{"_acf_changed":false,"site-sidebar-layout":"default","site-content-layout":"","ast-site-content-layout":"default","site-content-style":"default","site-sidebar-style":"default","ast-global-header-display":"","ast-banner-title-visibility":"","ast-main-header-display":"","ast-hfb-above-header-display":"","ast-hfb-below-header-display":"","ast-hfb-mobile-header-display":"","site-post-title":"","ast-breadcrumbs-content":"","ast-featured-img":"","footer-sml-layout":"","ast-disable-related-posts":"","theme-transparent-header-meta":"","adv-header-id-meta":"","stick-header-meta":"","header-above-stick-meta":"","header-main-stick-meta":"","header-below-stick-meta":"","astra-migrate-meta-layouts":"default","ast-page-background-enabled":"default","ast-page-background-meta":{"desktop":{"background-color":"var(--ast-global-color-4)","background-image":"","background-repeat":"repeat","background-position":"center center","background-size":"auto","background-attachment":"scroll","background-type":"","background-media":"","overlay-type":"","overlay-color":"","overlay-opacity":"","overlay-gradient":""},"tablet":{"background-color":"","background-image":"","background-repeat":"repeat","background-position":"center center","background-size":"auto","background-attachment":"scroll","background-type":"","background-media":"","overlay-type":"","overlay-color":"","overlay-opacity":"","overlay-gradient":""},"mobile":{"background-color":"","background-image":"","background-repeat":"repeat","background-position":"center center","background-size":"auto","background-attachment":"scroll","background-type":"","background-media":"","overlay-type":"","overlay-color":"","overlay-opacity":"","overlay-gradient":""}},"ast-content-background-meta":{"desktop":{"background-color":"var(--ast-global-color-5)","background-image":"","background-repeat":"repeat","background-position":"center center","background-size":"auto","background-attachment":"scroll","background-type":"","background-media":"","overlay-type":"","overlay-color":"","overlay-opacity":"","overlay-gradient":""},"tablet":{"background-color":"var(--ast-global-color-5)","background-image":"","background-repeat":"repeat","background-position":"center center","background-size":"auto","background-attachment":"scroll","background-type":"","background-media":"","overlay-type":"","overlay-color":"","overlay-opacity":"","overlay-gradient":""},"mobile":{"background-color":"var(--ast-global-color-5)","background-image":"","background-repeat":"repeat","background-position":"center center","background-size":"auto","background-attachment":"scroll","background-type":"","background-media":"","overlay-type":"","overlay-color":"","overlay-opacity":"","overlay-gradient":""}},"ngg_post_thumbnail":0,"footnotes":""},"class_list":["post-2824","page","type-page","status-publish","hentry"],"acf":[],"yoast_head":"<!-- This site is optimized with the Yoast SEO plugin v27.4 - https:\/\/yoast.com\/product\/yoast-seo-wordpress\/ -->\n<title>Stand Up to NASH - CASL - Canadian Association for the Study of the Liver<\/title>\n<meta name=\"description\" content=\"Join CASL, CanNASH and Intercept for this new CPD activity, coming soon, to ensure that you and your colleagues - as well as any healthcare provider who treats patients with NAFLD and NASH - have the latest information regarding Surveillance, Treatment Approaches and New Diagnostic Updates concerning these diseases.\" \/>\n<meta name=\"robots\" content=\"index, follow, max-snippet:-1, max-image-preview:large, max-video-preview:-1\" \/>\n<link rel=\"canonical\" href=\"https:\/\/hepatology.ca\/fr\/education-events\/stand-up-to-nash\/\" \/>\n<meta property=\"og:locale\" content=\"fr_CA\" \/>\n<meta property=\"og:type\" content=\"article\" \/>\n<meta property=\"og:title\" content=\"Stand Up to NASH - CASL - Canadian Association for the Study of the Liver\" \/>\n<meta property=\"og:description\" content=\"Join CASL, CanNASH and Intercept for this new CPD activity, coming soon, to ensure that you and your colleagues - as well as any healthcare provider who treats patients with NAFLD and NASH - have the latest information regarding Surveillance, Treatment Approaches and New Diagnostic Updates concerning these diseases.\" \/>\n<meta property=\"og:url\" content=\"https:\/\/hepatology.ca\/fr\/education-events\/stand-up-to-nash\/\" \/>\n<meta property=\"og:site_name\" content=\"CASL - Canadian Association for the Study of the Liver\" \/>\n<meta property=\"article:modified_time\" content=\"2024-06-07T13:22:11+00:00\" \/>\n<meta property=\"og:image\" content=\"https:\/\/hepatology.ca\/wp-content\/uploads\/2021\/04\/StandUptoNASH_Banner-1024x182.jpg\" \/>\n<meta name=\"twitter:card\" content=\"summary_large_image\" \/>\n<meta name=\"twitter:label1\" content=\"Estimation du temps de lecture\" \/>\n\t<meta name=\"twitter:data1\" content=\"1 minute\" \/>\n<script type=\"application\/ld+json\" class=\"yoast-schema-graph\">{\"@context\":\"https:\\\/\\\/schema.org\",\"@graph\":[{\"@type\":\"WebPage\",\"@id\":\"https:\\\/\\\/hepatology.ca\\\/education-events\\\/stand-up-to-nash\\\/\",\"url\":\"https:\\\/\\\/hepatology.ca\\\/education-events\\\/stand-up-to-nash\\\/\",\"name\":\"Stand Up to NASH - CASL - Canadian Association for the Study of the Liver\",\"isPartOf\":{\"@id\":\"https:\\\/\\\/hepatology.ca\\\/#website\"},\"primaryImageOfPage\":{\"@id\":\"https:\\\/\\\/hepatology.ca\\\/education-events\\\/stand-up-to-nash\\\/#primaryimage\"},\"image\":{\"@id\":\"https:\\\/\\\/hepatology.ca\\\/education-events\\\/stand-up-to-nash\\\/#primaryimage\"},\"thumbnailUrl\":\"https:\\\/\\\/hepatology.ca\\\/wp-content\\\/uploads\\\/2021\\\/04\\\/StandUptoNASH_Banner-1024x182.jpg\",\"datePublished\":\"2021-04-16T22:25:28+00:00\",\"dateModified\":\"2024-06-07T13:22:11+00:00\",\"description\":\"Join CASL, CanNASH and Intercept for this new CPD activity, coming soon, to ensure that you and your colleagues - as well as any healthcare provider who treats patients with NAFLD and NASH - have the latest information regarding Surveillance, Treatment Approaches and New Diagnostic Updates concerning these diseases.\",\"breadcrumb\":{\"@id\":\"https:\\\/\\\/hepatology.ca\\\/education-events\\\/stand-up-to-nash\\\/#breadcrumb\"},\"inLanguage\":\"fr-CA\",\"potentialAction\":[{\"@type\":\"ReadAction\",\"target\":[\"https:\\\/\\\/hepatology.ca\\\/education-events\\\/stand-up-to-nash\\\/\"]}]},{\"@type\":\"ImageObject\",\"inLanguage\":\"fr-CA\",\"@id\":\"https:\\\/\\\/hepatology.ca\\\/education-events\\\/stand-up-to-nash\\\/#primaryimage\",\"url\":\"https:\\\/\\\/hepatology.ca\\\/wp-content\\\/uploads\\\/2021\\\/04\\\/StandUptoNASH_Banner-1024x182.jpg\",\"contentUrl\":\"https:\\\/\\\/hepatology.ca\\\/wp-content\\\/uploads\\\/2021\\\/04\\\/StandUptoNASH_Banner-1024x182.jpg\"},{\"@type\":\"BreadcrumbList\",\"@id\":\"https:\\\/\\\/hepatology.ca\\\/education-events\\\/stand-up-to-nash\\\/#breadcrumb\",\"itemListElement\":[{\"@type\":\"ListItem\",\"position\":1,\"name\":\"Home\",\"item\":\"https:\\\/\\\/hepatology.ca\\\/\"},{\"@type\":\"ListItem\",\"position\":2,\"name\":\"Education &#038; Events\",\"item\":\"https:\\\/\\\/hepatology.ca\\\/education-events\\\/\"},{\"@type\":\"ListItem\",\"position\":3,\"name\":\"Stand Up to NASH\"}]},{\"@type\":\"WebSite\",\"@id\":\"https:\\\/\\\/hepatology.ca\\\/#website\",\"url\":\"https:\\\/\\\/hepatology.ca\\\/\",\"name\":\"CASL\",\"description\":\"Canada\u2019s home for liver experts\",\"publisher\":{\"@id\":\"https:\\\/\\\/hepatology.ca\\\/#organization\"},\"potentialAction\":[{\"@type\":\"SearchAction\",\"target\":{\"@type\":\"EntryPoint\",\"urlTemplate\":\"https:\\\/\\\/hepatology.ca\\\/?s={search_term_string}\"},\"query-input\":{\"@type\":\"PropertyValueSpecification\",\"valueRequired\":true,\"valueName\":\"search_term_string\"}}],\"inLanguage\":\"fr-CA\"},{\"@type\":\"Organization\",\"@id\":\"https:\\\/\\\/hepatology.ca\\\/#organization\",\"name\":\"Canadian Association for the Study of the Liver\",\"url\":\"https:\\\/\\\/hepatology.ca\\\/\",\"logo\":{\"@type\":\"ImageObject\",\"inLanguage\":\"fr-CA\",\"@id\":\"https:\\\/\\\/hepatology.ca\\\/#\\\/schema\\\/logo\\\/image\\\/\",\"url\":\"https:\\\/\\\/hepatology.ca\\\/wp-content\\\/uploads\\\/2024\\\/06\\\/CASL-logo-transparent-background.png\",\"contentUrl\":\"https:\\\/\\\/hepatology.ca\\\/wp-content\\\/uploads\\\/2024\\\/06\\\/CASL-logo-transparent-background.png\",\"width\":1040,\"height\":294,\"caption\":\"Canadian Association for the Study of the Liver\"},\"image\":{\"@id\":\"https:\\\/\\\/hepatology.ca\\\/#\\\/schema\\\/logo\\\/image\\\/\"}}]}<\/script>\n<!-- \/ Yoast SEO plugin. -->","yoast_head_json":{"title":"Luttez contre la NASH - CASL - Association canadienne pour l&#039;\u00e9tude du foie","description":"Rejoignez CASL, CanNASH et Intercept pour cette nouvelle activit\u00e9 de DPC, bient\u00f4t disponible, afin de vous assurer, ainsi qu&#039;\u00e0 vos coll\u00e8gues et \u00e0 tout professionnel de la sant\u00e9 traitant des patients atteints de NAFLD et de NASH, de disposer des informations les plus r\u00e9centes concernant la surveillance, les approches th\u00e9rapeutiques et les nouvelles mises \u00e0 jour diagnostiques relatives \u00e0 ces maladies.","robots":{"index":"index","follow":"follow","max-snippet":"max-snippet:-1","max-image-preview":"max-image-preview:large","max-video-preview":"max-video-preview:-1"},"canonical":"https:\/\/hepatology.ca\/fr\/education-events\/stand-up-to-nash\/","og_locale":"fr_CA","og_type":"article","og_title":"Stand Up to NASH - CASL - Canadian Association for the Study of the Liver","og_description":"Join CASL, CanNASH and Intercept for this new CPD activity, coming soon, to ensure that you and your colleagues - as well as any healthcare provider who treats patients with NAFLD and NASH - have the latest information regarding Surveillance, Treatment Approaches and New Diagnostic Updates concerning these diseases.","og_url":"https:\/\/hepatology.ca\/fr\/education-events\/stand-up-to-nash\/","og_site_name":"CASL - Canadian Association for the Study of the Liver","article_modified_time":"2024-06-07T13:22:11+00:00","og_image":[{"url":"https:\/\/hepatology.ca\/wp-content\/uploads\/2021\/04\/StandUptoNASH_Banner-1024x182.jpg","type":"","width":"","height":""}],"twitter_card":"summary_large_image","twitter_misc":{"Estimation du temps de lecture":"1 minute"},"schema":{"@context":"https:\/\/schema.org","@graph":[{"@type":"WebPage","@id":"https:\/\/hepatology.ca\/education-events\/stand-up-to-nash\/","url":"https:\/\/hepatology.ca\/education-events\/stand-up-to-nash\/","name":"Luttez contre la NASH - CASL - Association canadienne pour l&#039;\u00e9tude du foie","isPartOf":{"@id":"https:\/\/hepatology.ca\/#website"},"primaryImageOfPage":{"@id":"https:\/\/hepatology.ca\/education-events\/stand-up-to-nash\/#primaryimage"},"image":{"@id":"https:\/\/hepatology.ca\/education-events\/stand-up-to-nash\/#primaryimage"},"thumbnailUrl":"https:\/\/hepatology.ca\/wp-content\/uploads\/2021\/04\/StandUptoNASH_Banner-1024x182.jpg","datePublished":"2021-04-16T22:25:28+00:00","dateModified":"2024-06-07T13:22:11+00:00","description":"Rejoignez CASL, CanNASH et Intercept pour cette nouvelle activit\u00e9 de DPC, bient\u00f4t disponible, afin de vous assurer, ainsi qu&#039;\u00e0 vos coll\u00e8gues et \u00e0 tout professionnel de la sant\u00e9 traitant des patients atteints de NAFLD et de NASH, de disposer des informations les plus r\u00e9centes concernant la surveillance, les approches th\u00e9rapeutiques et les nouvelles mises \u00e0 jour diagnostiques relatives \u00e0 ces maladies.","breadcrumb":{"@id":"https:\/\/hepatology.ca\/education-events\/stand-up-to-nash\/#breadcrumb"},"inLanguage":"fr-CA","potentialAction":[{"@type":"ReadAction","target":["https:\/\/hepatology.ca\/education-events\/stand-up-to-nash\/"]}]},{"@type":"ImageObject","inLanguage":"fr-CA","@id":"https:\/\/hepatology.ca\/education-events\/stand-up-to-nash\/#primaryimage","url":"https:\/\/hepatology.ca\/wp-content\/uploads\/2021\/04\/StandUptoNASH_Banner-1024x182.jpg","contentUrl":"https:\/\/hepatology.ca\/wp-content\/uploads\/2021\/04\/StandUptoNASH_Banner-1024x182.jpg"},{"@type":"BreadcrumbList","@id":"https:\/\/hepatology.ca\/education-events\/stand-up-to-nash\/#breadcrumb","itemListElement":[{"@type":"ListItem","position":1,"name":"Home","item":"https:\/\/hepatology.ca\/"},{"@type":"ListItem","position":2,"name":"Education &#038; Events","item":"https:\/\/hepatology.ca\/education-events\/"},{"@type":"ListItem","position":3,"name":"Stand Up to NASH"}]},{"@type":"WebSite","@id":"https:\/\/hepatology.ca\/#website","url":"https:\/\/hepatology.ca\/","name":"LCAP","description":"Le foyer canadien des experts du foie","publisher":{"@id":"https:\/\/hepatology.ca\/#organization"},"potentialAction":[{"@type":"SearchAction","target":{"@type":"EntryPoint","urlTemplate":"https:\/\/hepatology.ca\/?s={search_term_string}"},"query-input":{"@type":"PropertyValueSpecification","valueRequired":true,"valueName":"search_term_string"}}],"inLanguage":"fr-CA"},{"@type":"Organization","@id":"https:\/\/hepatology.ca\/#organization","name":"Association canadienne pour l&#039;\u00e9tude du foie","url":"https:\/\/hepatology.ca\/","logo":{"@type":"ImageObject","inLanguage":"fr-CA","@id":"https:\/\/hepatology.ca\/#\/schema\/logo\/image\/","url":"https:\/\/hepatology.ca\/wp-content\/uploads\/2024\/06\/CASL-logo-transparent-background.png","contentUrl":"https:\/\/hepatology.ca\/wp-content\/uploads\/2024\/06\/CASL-logo-transparent-background.png","width":1040,"height":294,"caption":"Canadian Association for the Study of the Liver"},"image":{"@id":"https:\/\/hepatology.ca\/#\/schema\/logo\/image\/"}}]}},"_links":{"self":[{"href":"https:\/\/hepatology.ca\/fr\/wp-json\/wp\/v2\/pages\/2824","targetHints":{"allow":["GET"]}}],"collection":[{"href":"https:\/\/hepatology.ca\/fr\/wp-json\/wp\/v2\/pages"}],"about":[{"href":"https:\/\/hepatology.ca\/fr\/wp-json\/wp\/v2\/types\/page"}],"author":[{"embeddable":true,"href":"https:\/\/hepatology.ca\/fr\/wp-json\/wp\/v2\/users\/3"}],"replies":[{"embeddable":true,"href":"https:\/\/hepatology.ca\/fr\/wp-json\/wp\/v2\/comments?post=2824"}],"version-history":[{"count":1,"href":"https:\/\/hepatology.ca\/fr\/wp-json\/wp\/v2\/pages\/2824\/revisions"}],"predecessor-version":[{"id":2826,"href":"https:\/\/hepatology.ca\/fr\/wp-json\/wp\/v2\/pages\/2824\/revisions\/2826"}],"up":[{"embeddable":true,"href":"https:\/\/hepatology.ca\/fr\/wp-json\/wp\/v2\/pages\/31"}],"wp:attachment":[{"href":"https:\/\/hepatology.ca\/fr\/wp-json\/wp\/v2\/media?parent=2824"}],"curies":[{"name":"wp","href":"https:\/\/api.w.org\/{rel}","templated":true}]}}