{"id":2802,"date":"2021-02-16T21:11:00","date_gmt":"2021-02-16T21:11:00","guid":{"rendered":"http:\/\/hepatology.ca\/?page_id=2802"},"modified":"2024-06-08T21:41:35","modified_gmt":"2024-06-08T21:41:35","slug":"alcohol-related_liver_disease-sig","status":"publish","type":"page","link":"https:\/\/hepatology.ca\/fr\/research\/special-interest-groups\/alcohol-related_liver_disease-sig\/","title":{"rendered":"Groupe d&#039;int\u00e9r\u00eat sp\u00e9cial sur les maladies h\u00e9patiques li\u00e9es \u00e0 l&#039;alcool"},"content":{"rendered":"<div data-elementor-type=\"wp-page\" data-elementor-id=\"2802\" class=\"elementor elementor-2802\">\n\t\t\t\t<div class=\"elementor-element elementor-element-66f456e7 e-flex e-con-boxed e-con e-parent\" data-id=\"66f456e7\" data-element_type=\"container\" data-e-type=\"container\">\n\t\t\t\t\t<div class=\"e-con-inner\">\n\t\t\t\t<div class=\"elementor-element elementor-element-471adce1 elementor-widget elementor-widget-text-editor\" data-id=\"471adce1\" data-element_type=\"widget\" data-e-type=\"widget\" data-widget_type=\"text-editor.default\">\n\t\t\t\t<div class=\"elementor-widget-container\">\n\t\t\t\t\t\t\t\t\t<p><\/p>\n<p>Cr\u00e9\u00e9 en 2020, le SIG sur les maladies du foie li\u00e9es \u00e0 l&#039;alcool vise \u00e0 am\u00e9liorer les r\u00e9sultats des patients atteints d&#039;une maladie du foie li\u00e9e \u00e0 l&#039;alcool.<\/p>\n<p><\/p>\n<p><\/p>\n<p><strong>\u00c9nonc\u00e9 de mission :<\/strong><\/p>\n<p><\/p>\n<p><\/p>\n<div class=\"wp-block-group is-layout-flow wp-block-group-is-layout-flow\">\n<p><\/p>\n<p class=\"has-text-align-left\"><em>Notre mission est de mieux comprendre et g\u00e9rer les maladies du foie li\u00e9es \u00e0 l\u2019alcool, gr\u00e2ce \u00e0 une recherche collaborative de pointe et \u00e0 d\u2019excellents soins cliniques.<\/em><\/p>\n<p><\/p>\n<p><\/p>\n<p class=\"has-text-align-left\"><em>Nous sommes un groupe multidisciplinaire, comprenant des h\u00e9patologues, des m\u00e9decins sp\u00e9cialis\u00e9s en toxicomanie et des professionnels param\u00e9dicaux.<\/em><\/p>\n<p><\/p>\n<p><\/p>\n<p class=\"has-text-align-left\"><em>Nous croyons en une recherche centr\u00e9e sur le patient et qui aborde \u00e9galement les d\u00e9terminants sociaux de la sant\u00e9.<\/em> <em>Si vous avez des questions, veuillez nous contacter via <a href=\"mailto:casl@hepatology.ca\" target=\"_blank\" rel=\"noopener\">e-mail<\/a>.<\/em><\/p>\n<p><\/p>\n<\/div>\n<p><\/p>\n<p><\/p>\n<p><strong>Projets de recherche en cours :<\/strong><\/p>\n<p><\/p>\n<p><\/p>\n<ul class=\"wp-block-list\">\n<li>Suppl\u00e9mentation nutritionnelle dans le traitement de l&#039;h\u00e9patite alcoolique : une revue r\u00e9trospective multicentrique<\/li>\n<li>Traitement des troubles li\u00e9s \u00e0 la consommation d&#039;alcool chez les patients atteints d&#039;h\u00e9patite alcoolique<\/li>\n<\/ul>\n<p><\/p>\n<p><\/p>\n<p><strong>Membres du groupe :<\/strong><\/p>\n<p><\/p>\n<p><\/p>\n<p>Chefs de groupe :<\/p>\n<p><\/p>\n<p><\/p>\n<div class=\"wp-block-group is-layout-flow wp-block-group-is-layout-flow\">\n<p><\/p>\n<div class=\"wp-block-group is-layout-flow wp-block-group-is-layout-flow\">\n<p><\/p>\n<ul class=\"wp-block-list\">\n<li>Cynthia Tsien<\/li>\n<li>Tasha Kulai<\/li>\n<\/ul>\n<p><\/p>\n<p><\/p>\n<p>Membres en g\u00e9n\u00e9ral :<\/p>\n<p><\/p>\n<p><\/p>\n<ul class=\"wp-block-list\">\n<li>Mayur Brahmania (Occidental)<\/li>\n<li>Lisa Bromley (Ottawa)<\/li>\n<li>Angela Cheung (Ottawa)<\/li>\n<li>Nabiha Faisal (Manitoba)<\/li>\n<li>Monty Ghosh (Calgary)<\/li>\n<li>Hin Hin Ko (UBC)<\/li>\n<li>Elizabeth Lee (R\u00e9seau universitaire de sant\u00e9)<\/li>\n<li>Jon Mong (Ottawa)<\/li>\n<li>Keyur Patel (R\u00e9seau universitaire de sant\u00e9)<\/li>\n<li>Jennifer Prentice<\/li>\n<li>Puneeta Tandon (Alberta)<\/li>\n<li>Kim Treuil (Ottawa)<\/li>\n<li>David K. Wong (R\u00e9seau universitaire de sant\u00e9)<\/li>\n<\/ul>\n<p><\/p>\n<\/div>\n<p><\/p>\n<\/div>\n<p><\/p>\t\t\t\t\t\t\t\t<\/div>\n\t\t\t\t<\/div>\n\t\t\t\t\t<\/div>\n\t\t\t\t<\/div>\n\t\t\t\t<\/div>","protected":false},"excerpt":{"rendered":"<p>Formed in 2020, the Alcohol-Related Liver Disease SIG seeks to improve outcomes in patients with alcohol-related liver disease. Mission Statement: [&hellip;]<\/p>\n","protected":false},"author":3,"featured_media":0,"parent":1339,"menu_order":12,"comment_status":"closed","ping_status":"closed","template":"","meta":{"_acf_changed":false,"site-sidebar-layout":"default","site-content-layout":"","ast-site-content-layout":"default","site-content-style":"default","site-sidebar-style":"default","ast-global-header-display":"","ast-banner-title-visibility":"","ast-main-header-display":"","ast-hfb-above-header-display":"","ast-hfb-below-header-display":"","ast-hfb-mobile-header-display":"","site-post-title":"","ast-breadcrumbs-content":"","ast-featured-img":"","footer-sml-layout":"","ast-disable-related-posts":"","theme-transparent-header-meta":"","adv-header-id-meta":"","stick-header-meta":"","header-above-stick-meta":"","header-main-stick-meta":"","header-below-stick-meta":"","astra-migrate-meta-layouts":"default","ast-page-background-enabled":"default","ast-page-background-meta":{"desktop":{"background-color":"var(--ast-global-color-4)","background-image":"","background-repeat":"repeat","background-position":"center center","background-size":"auto","background-attachment":"scroll","background-type":"","background-media":"","overlay-type":"","overlay-color":"","overlay-opacity":"","overlay-gradient":""},"tablet":{"background-color":"","background-image":"","background-repeat":"repeat","background-position":"center center","background-size":"auto","background-attachment":"scroll","background-type":"","background-media":"","overlay-type":"","overlay-color":"","overlay-opacity":"","overlay-gradient":""},"mobile":{"background-color":"","background-image":"","background-repeat":"repeat","background-position":"center center","background-size":"auto","background-attachment":"scroll","background-type":"","background-media":"","overlay-type":"","overlay-color":"","overlay-opacity":"","overlay-gradient":""}},"ast-content-background-meta":{"desktop":{"background-color":"var(--ast-global-color-5)","background-image":"","background-repeat":"repeat","background-position":"center center","background-size":"auto","background-attachment":"scroll","background-type":"","background-media":"","overlay-type":"","overlay-color":"","overlay-opacity":"","overlay-gradient":""},"tablet":{"background-color":"var(--ast-global-color-5)","background-image":"","background-repeat":"repeat","background-position":"center center","background-size":"auto","background-attachment":"scroll","background-type":"","background-media":"","overlay-type":"","overlay-color":"","overlay-opacity":"","overlay-gradient":""},"mobile":{"background-color":"var(--ast-global-color-5)","background-image":"","background-repeat":"repeat","background-position":"center center","background-size":"auto","background-attachment":"scroll","background-type":"","background-media":"","overlay-type":"","overlay-color":"","overlay-opacity":"","overlay-gradient":""}},"ngg_post_thumbnail":0,"footnotes":""},"class_list":["post-2802","page","type-page","status-publish","hentry"],"acf":[],"yoast_head":"<!-- This site is optimized with the Yoast SEO plugin v27.4 - https:\/\/yoast.com\/product\/yoast-seo-wordpress\/ -->\n<title>Alcohol-Related Liver Disease SIG - CASL - Canadian Association for the Study of the Liver<\/title>\n<meta name=\"description\" content=\"Formed in 2020, the Alcohol-Related Liver Disease SIG seeks to improve outcomes in patients with alcohol-related liver disease.\" \/>\n<meta name=\"robots\" content=\"index, follow, max-snippet:-1, max-image-preview:large, max-video-preview:-1\" \/>\n<link rel=\"canonical\" href=\"https:\/\/hepatology.ca\/fr\/research\/special-interest-groups\/alcohol-related_liver_disease-sig\/\" \/>\n<meta property=\"og:locale\" content=\"fr_CA\" \/>\n<meta property=\"og:type\" content=\"article\" \/>\n<meta property=\"og:title\" content=\"Alcohol-Related Liver Disease SIG - CASL - Canadian Association for the Study of the Liver\" \/>\n<meta property=\"og:description\" content=\"Formed in 2020, the Alcohol-Related Liver Disease SIG seeks to improve outcomes in patients with alcohol-related liver disease.\" \/>\n<meta property=\"og:url\" content=\"https:\/\/hepatology.ca\/fr\/research\/special-interest-groups\/alcohol-related_liver_disease-sig\/\" \/>\n<meta property=\"og:site_name\" content=\"CASL - Canadian Association for the Study of the Liver\" \/>\n<meta property=\"article:modified_time\" content=\"2024-06-08T21:41:35+00:00\" \/>\n<meta name=\"twitter:card\" content=\"summary_large_image\" \/>\n<meta name=\"twitter:label1\" content=\"Estimation du temps de lecture\" \/>\n\t<meta name=\"twitter:data1\" content=\"1 minute\" \/>\n<script type=\"application\/ld+json\" class=\"yoast-schema-graph\">{\"@context\":\"https:\\\/\\\/schema.org\",\"@graph\":[{\"@type\":\"WebPage\",\"@id\":\"https:\\\/\\\/hepatology.ca\\\/research\\\/special-interest-groups\\\/alcohol-related_liver_disease-sig\\\/\",\"url\":\"https:\\\/\\\/hepatology.ca\\\/research\\\/special-interest-groups\\\/alcohol-related_liver_disease-sig\\\/\",\"name\":\"Alcohol-Related Liver Disease SIG - CASL - Canadian Association for the Study of the Liver\",\"isPartOf\":{\"@id\":\"https:\\\/\\\/hepatology.ca\\\/#website\"},\"datePublished\":\"2021-02-16T21:11:00+00:00\",\"dateModified\":\"2024-06-08T21:41:35+00:00\",\"description\":\"Formed in 2020, the Alcohol-Related Liver Disease SIG seeks to improve outcomes in patients with alcohol-related liver disease.\",\"breadcrumb\":{\"@id\":\"https:\\\/\\\/hepatology.ca\\\/research\\\/special-interest-groups\\\/alcohol-related_liver_disease-sig\\\/#breadcrumb\"},\"inLanguage\":\"fr-CA\",\"potentialAction\":[{\"@type\":\"ReadAction\",\"target\":[\"https:\\\/\\\/hepatology.ca\\\/research\\\/special-interest-groups\\\/alcohol-related_liver_disease-sig\\\/\"]}]},{\"@type\":\"BreadcrumbList\",\"@id\":\"https:\\\/\\\/hepatology.ca\\\/research\\\/special-interest-groups\\\/alcohol-related_liver_disease-sig\\\/#breadcrumb\",\"itemListElement\":[{\"@type\":\"ListItem\",\"position\":1,\"name\":\"Home\",\"item\":\"https:\\\/\\\/hepatology.ca\\\/\"},{\"@type\":\"ListItem\",\"position\":2,\"name\":\"Research\",\"item\":\"https:\\\/\\\/hepatology.ca\\\/fr\\\/research\\\/\"},{\"@type\":\"ListItem\",\"position\":3,\"name\":\"Special Interest Groups\",\"item\":\"https:\\\/\\\/hepatology.ca\\\/research\\\/special-interest-groups\\\/\"},{\"@type\":\"ListItem\",\"position\":4,\"name\":\"Alcohol-Related Liver Disease SIG\"}]},{\"@type\":\"WebSite\",\"@id\":\"https:\\\/\\\/hepatology.ca\\\/#website\",\"url\":\"https:\\\/\\\/hepatology.ca\\\/\",\"name\":\"CASL\",\"description\":\"Canada\u2019s home for liver experts\",\"publisher\":{\"@id\":\"https:\\\/\\\/hepatology.ca\\\/#organization\"},\"potentialAction\":[{\"@type\":\"SearchAction\",\"target\":{\"@type\":\"EntryPoint\",\"urlTemplate\":\"https:\\\/\\\/hepatology.ca\\\/?s={search_term_string}\"},\"query-input\":{\"@type\":\"PropertyValueSpecification\",\"valueRequired\":true,\"valueName\":\"search_term_string\"}}],\"inLanguage\":\"fr-CA\"},{\"@type\":\"Organization\",\"@id\":\"https:\\\/\\\/hepatology.ca\\\/#organization\",\"name\":\"Canadian Association for the Study of the Liver\",\"url\":\"https:\\\/\\\/hepatology.ca\\\/\",\"logo\":{\"@type\":\"ImageObject\",\"inLanguage\":\"fr-CA\",\"@id\":\"https:\\\/\\\/hepatology.ca\\\/#\\\/schema\\\/logo\\\/image\\\/\",\"url\":\"https:\\\/\\\/hepatology.ca\\\/wp-content\\\/uploads\\\/2024\\\/06\\\/CASL-logo-transparent-background.png\",\"contentUrl\":\"https:\\\/\\\/hepatology.ca\\\/wp-content\\\/uploads\\\/2024\\\/06\\\/CASL-logo-transparent-background.png\",\"width\":1040,\"height\":294,\"caption\":\"Canadian Association for the Study of the Liver\"},\"image\":{\"@id\":\"https:\\\/\\\/hepatology.ca\\\/#\\\/schema\\\/logo\\\/image\\\/\"}}]}<\/script>\n<!-- \/ Yoast SEO plugin. -->","yoast_head_json":{"title":"Groupe d&#039;int\u00e9r\u00eat sp\u00e9cial sur les maladies du foie li\u00e9es \u00e0 l&#039;alcool - ACEF - Association canadienne pour l&#039;\u00e9tude du foie","description":"Cr\u00e9\u00e9 en 2020, le SIG sur les maladies du foie li\u00e9es \u00e0 l&#039;alcool vise \u00e0 am\u00e9liorer les r\u00e9sultats des patients atteints d&#039;une maladie du foie li\u00e9e \u00e0 l&#039;alcool.","robots":{"index":"index","follow":"follow","max-snippet":"max-snippet:-1","max-image-preview":"max-image-preview:large","max-video-preview":"max-video-preview:-1"},"canonical":"https:\/\/hepatology.ca\/fr\/research\/special-interest-groups\/alcohol-related_liver_disease-sig\/","og_locale":"fr_CA","og_type":"article","og_title":"Alcohol-Related Liver Disease SIG - CASL - Canadian Association for the Study of the Liver","og_description":"Formed in 2020, the Alcohol-Related Liver Disease SIG seeks to improve outcomes in patients with alcohol-related liver disease.","og_url":"https:\/\/hepatology.ca\/fr\/research\/special-interest-groups\/alcohol-related_liver_disease-sig\/","og_site_name":"CASL - Canadian Association for the Study of the Liver","article_modified_time":"2024-06-08T21:41:35+00:00","twitter_card":"summary_large_image","twitter_misc":{"Estimation du temps de lecture":"1 minute"},"schema":{"@context":"https:\/\/schema.org","@graph":[{"@type":"WebPage","@id":"https:\/\/hepatology.ca\/research\/special-interest-groups\/alcohol-related_liver_disease-sig\/","url":"https:\/\/hepatology.ca\/research\/special-interest-groups\/alcohol-related_liver_disease-sig\/","name":"Groupe d&#039;int\u00e9r\u00eat sp\u00e9cial sur les maladies du foie li\u00e9es \u00e0 l&#039;alcool - ACEF - Association canadienne pour l&#039;\u00e9tude du foie","isPartOf":{"@id":"https:\/\/hepatology.ca\/#website"},"datePublished":"2021-02-16T21:11:00+00:00","dateModified":"2024-06-08T21:41:35+00:00","description":"Cr\u00e9\u00e9 en 2020, le SIG sur les maladies du foie li\u00e9es \u00e0 l&#039;alcool vise \u00e0 am\u00e9liorer les r\u00e9sultats des patients atteints d&#039;une maladie du foie li\u00e9e \u00e0 l&#039;alcool.","breadcrumb":{"@id":"https:\/\/hepatology.ca\/research\/special-interest-groups\/alcohol-related_liver_disease-sig\/#breadcrumb"},"inLanguage":"fr-CA","potentialAction":[{"@type":"ReadAction","target":["https:\/\/hepatology.ca\/research\/special-interest-groups\/alcohol-related_liver_disease-sig\/"]}]},{"@type":"BreadcrumbList","@id":"https:\/\/hepatology.ca\/research\/special-interest-groups\/alcohol-related_liver_disease-sig\/#breadcrumb","itemListElement":[{"@type":"ListItem","position":1,"name":"Home","item":"https:\/\/hepatology.ca\/"},{"@type":"ListItem","position":2,"name":"Research","item":"https:\/\/hepatology.ca\/fr\/research\/"},{"@type":"ListItem","position":3,"name":"Special Interest Groups","item":"https:\/\/hepatology.ca\/research\/special-interest-groups\/"},{"@type":"ListItem","position":4,"name":"Alcohol-Related Liver Disease SIG"}]},{"@type":"WebSite","@id":"https:\/\/hepatology.ca\/#website","url":"https:\/\/hepatology.ca\/","name":"LCAP","description":"Le foyer canadien des experts du foie","publisher":{"@id":"https:\/\/hepatology.ca\/#organization"},"potentialAction":[{"@type":"SearchAction","target":{"@type":"EntryPoint","urlTemplate":"https:\/\/hepatology.ca\/?s={search_term_string}"},"query-input":{"@type":"PropertyValueSpecification","valueRequired":true,"valueName":"search_term_string"}}],"inLanguage":"fr-CA"},{"@type":"Organization","@id":"https:\/\/hepatology.ca\/#organization","name":"Association canadienne pour l&#039;\u00e9tude du foie","url":"https:\/\/hepatology.ca\/","logo":{"@type":"ImageObject","inLanguage":"fr-CA","@id":"https:\/\/hepatology.ca\/#\/schema\/logo\/image\/","url":"https:\/\/hepatology.ca\/wp-content\/uploads\/2024\/06\/CASL-logo-transparent-background.png","contentUrl":"https:\/\/hepatology.ca\/wp-content\/uploads\/2024\/06\/CASL-logo-transparent-background.png","width":1040,"height":294,"caption":"Canadian Association for the Study of the Liver"},"image":{"@id":"https:\/\/hepatology.ca\/#\/schema\/logo\/image\/"}}]}},"_links":{"self":[{"href":"https:\/\/hepatology.ca\/fr\/wp-json\/wp\/v2\/pages\/2802","targetHints":{"allow":["GET"]}}],"collection":[{"href":"https:\/\/hepatology.ca\/fr\/wp-json\/wp\/v2\/pages"}],"about":[{"href":"https:\/\/hepatology.ca\/fr\/wp-json\/wp\/v2\/types\/page"}],"author":[{"embeddable":true,"href":"https:\/\/hepatology.ca\/fr\/wp-json\/wp\/v2\/users\/3"}],"replies":[{"embeddable":true,"href":"https:\/\/hepatology.ca\/fr\/wp-json\/wp\/v2\/comments?post=2802"}],"version-history":[{"count":7,"href":"https:\/\/hepatology.ca\/fr\/wp-json\/wp\/v2\/pages\/2802\/revisions"}],"predecessor-version":[{"id":3984,"href":"https:\/\/hepatology.ca\/fr\/wp-json\/wp\/v2\/pages\/2802\/revisions\/3984"}],"up":[{"embeddable":true,"href":"https:\/\/hepatology.ca\/fr\/wp-json\/wp\/v2\/pages\/1339"}],"wp:attachment":[{"href":"https:\/\/hepatology.ca\/fr\/wp-json\/wp\/v2\/media?parent=2802"}],"curies":[{"name":"wp","href":"https:\/\/api.w.org\/{rel}","templated":true}]}}