{"id":2448,"date":"2019-06-05T22:48:55","date_gmt":"2019-06-05T22:48:55","guid":{"rendered":"http:\/\/hepatology.ca\/?page_id=2448"},"modified":"2026-03-10T18:01:06","modified_gmt":"2026-03-10T18:01:06","slug":"education-excellence-award-recipients","status":"publish","type":"page","link":"https:\/\/hepatology.ca\/fr\/casl-awards\/education-excellence-award-recipients\/","title":{"rendered":"Prix d\u2019excellence en \u00e9ducation de la CASL"},"content":{"rendered":"<p>Fond\u00e9 en 2017, ce prix r\u00e9compense les membres de l\u2019ACF\u00c9 qui font preuve d\u2019activit\u00e9s universitaires exceptionnelles, de leadership en \u00e9ducation m\u00e9dicale, d\u2019une implication significative dans l\u2019\u00e9laboration et\/ou la mise en \u0153uvre de programmes et d\u2019innovations p\u00e9dagogiques, d\u2019excellence dans l\u2019enseignement et d\u2019un engagement envers les t\u00e2ches administratives li\u00e9es \u00e0 l\u2019\u00e9ducation m\u00e9dicale.<\/p>\n\n\n\n<p>Le prix est remis lors de la c\u00e9r\u00e9monie annuelle de remise des prix de la CASL, qui se d\u00e9roule en conjonction avec la R\u00e9union canadienne sur le foie (CLM).<\/p>\n\n\n\n\n\n\n\n\n<p><strong>LAUR\u00c9ATS DU PRIX D&#039;EXCELLENCE EN \u00c9DUCATION<\/strong><\/p>\n\n\n<figure class=\"wp-block-table is-style-stripes\"><table><tbody><tr><td>2026<\/td><td>Hin Hin Ko&nbsp;<\/td><\/tr><tr><td>2025<\/td><td>Leslie Lilly<\/td><\/tr><tr><td>2024<\/td><td>Vince Bain<\/td><\/tr><tr><td>2023<\/td><td>Docteur Winnie Wong<\/td><\/tr><tr><td>2022<\/td><td>Dr Scott Fung<\/td><\/tr><tr><td>2021<\/td><td>Dr Mang Ma<\/td><\/tr><tr><td>2020<\/td><td>Kelly W. Burak <\/td><\/tr><tr><td>2018<\/td><td>Hemant Shah<\/td><\/tr><\/tbody><\/table><\/figure>","protected":false},"excerpt":{"rendered":"<p>Founded in 2017, this award recognizes CASL members who demonstrate exceptional scholarly activities, leadership in medical education, significant involvement in [&hellip;]<\/p>\n","protected":false},"author":3,"featured_media":0,"parent":1920,"menu_order":14,"comment_status":"closed","ping_status":"closed","template":"","meta":{"_acf_changed":false,"site-sidebar-layout":"default","site-content-layout":"","ast-site-content-layout":"default","site-content-style":"default","site-sidebar-style":"default","ast-global-header-display":"","ast-banner-title-visibility":"","ast-main-header-display":"","ast-hfb-above-header-display":"","ast-hfb-below-header-display":"","ast-hfb-mobile-header-display":"","site-post-title":"","ast-breadcrumbs-content":"","ast-featured-img":"","footer-sml-layout":"","ast-disable-related-posts":"","theme-transparent-header-meta":"","adv-header-id-meta":"","stick-header-meta":"","header-above-stick-meta":"","header-main-stick-meta":"","header-below-stick-meta":"","astra-migrate-meta-layouts":"default","ast-page-background-enabled":"default","ast-page-background-meta":{"desktop":{"background-color":"var(--ast-global-color-4)","background-image":"","background-repeat":"repeat","background-position":"center center","background-size":"auto","background-attachment":"scroll","background-type":"","background-media":"","overlay-type":"","overlay-color":"","overlay-opacity":"","overlay-gradient":""},"tablet":{"background-color":"","background-image":"","background-repeat":"repeat","background-position":"center center","background-size":"auto","background-attachment":"scroll","background-type":"","background-media":"","overlay-type":"","overlay-color":"","overlay-opacity":"","overlay-gradient":""},"mobile":{"background-color":"","background-image":"","background-repeat":"repeat","background-position":"center center","background-size":"auto","background-attachment":"scroll","background-type":"","background-media":"","overlay-type":"","overlay-color":"","overlay-opacity":"","overlay-gradient":""}},"ast-content-background-meta":{"desktop":{"background-color":"var(--ast-global-color-5)","background-image":"","background-repeat":"repeat","background-position":"center center","background-size":"auto","background-attachment":"scroll","background-type":"","background-media":"","overlay-type":"","overlay-color":"","overlay-opacity":"","overlay-gradient":""},"tablet":{"background-color":"var(--ast-global-color-5)","background-image":"","background-repeat":"repeat","background-position":"center center","background-size":"auto","background-attachment":"scroll","background-type":"","background-media":"","overlay-type":"","overlay-color":"","overlay-opacity":"","overlay-gradient":""},"mobile":{"background-color":"var(--ast-global-color-5)","background-image":"","background-repeat":"repeat","background-position":"center center","background-size":"auto","background-attachment":"scroll","background-type":"","background-media":"","overlay-type":"","overlay-color":"","overlay-opacity":"","overlay-gradient":""}},"ngg_post_thumbnail":0,"footnotes":""},"class_list":["post-2448","page","type-page","status-publish","hentry"],"acf":[],"yoast_head":"<!-- This site is optimized with the Yoast SEO plugin v27.4 - https:\/\/yoast.com\/product\/yoast-seo-wordpress\/ -->\n<title>CASL Education Excellence Award<\/title>\n<meta name=\"description\" content=\"The CASL Education Excellence Award recognizes CASL members who demonstrate exceptional scholarly activities, leadership in medical education, significant involvement in the development and\/or implementation of educational programs and innovations, excellence in teaching, and a commitment to administrative duties relating to medical education.\" \/>\n<meta name=\"robots\" content=\"index, follow, max-snippet:-1, max-image-preview:large, max-video-preview:-1\" \/>\n<link rel=\"canonical\" href=\"https:\/\/hepatology.ca\/fr\/casl-awards\/education-excellence-award-recipients\/\" \/>\n<meta property=\"og:locale\" content=\"fr_CA\" \/>\n<meta property=\"og:type\" content=\"article\" \/>\n<meta property=\"og:title\" content=\"CASL Education Excellence Award\" \/>\n<meta property=\"og:description\" content=\"The CASL Education Excellence Award recognizes CASL members who demonstrate exceptional scholarly activities, leadership in medical education, significant involvement in the development and\/or implementation of educational programs and innovations, excellence in teaching, and a commitment to administrative duties relating to medical education.\" \/>\n<meta property=\"og:url\" content=\"https:\/\/hepatology.ca\/fr\/casl-awards\/education-excellence-award-recipients\/\" \/>\n<meta property=\"og:site_name\" content=\"CASL - Canadian Association for the Study of the Liver\" \/>\n<meta property=\"article:modified_time\" content=\"2026-03-10T18:01:06+00:00\" \/>\n<meta name=\"twitter:card\" content=\"summary_large_image\" \/>\n<meta name=\"twitter:label1\" content=\"Estimation du temps de lecture\" \/>\n\t<meta name=\"twitter:data1\" content=\"2 minutes\" \/>\n<script type=\"application\/ld+json\" class=\"yoast-schema-graph\">{\"@context\":\"https:\\\/\\\/schema.org\",\"@graph\":[{\"@type\":\"WebPage\",\"@id\":\"https:\\\/\\\/hepatology.ca\\\/casl-awards\\\/education-excellence-award-recipients\\\/\",\"url\":\"https:\\\/\\\/hepatology.ca\\\/casl-awards\\\/education-excellence-award-recipients\\\/\",\"name\":\"CASL Education Excellence Award\",\"isPartOf\":{\"@id\":\"https:\\\/\\\/hepatology.ca\\\/#website\"},\"datePublished\":\"2019-06-05T22:48:55+00:00\",\"dateModified\":\"2026-03-10T18:01:06+00:00\",\"description\":\"The CASL Education Excellence Award recognizes CASL members who demonstrate exceptional scholarly activities, leadership in medical education, significant involvement in the development and\\\/or implementation of educational programs and innovations, excellence in teaching, and a commitment to administrative duties relating to medical education.\",\"breadcrumb\":{\"@id\":\"https:\\\/\\\/hepatology.ca\\\/casl-awards\\\/education-excellence-award-recipients\\\/#breadcrumb\"},\"inLanguage\":\"fr-CA\",\"potentialAction\":[{\"@type\":\"ReadAction\",\"target\":[\"https:\\\/\\\/hepatology.ca\\\/casl-awards\\\/education-excellence-award-recipients\\\/\"]}]},{\"@type\":\"BreadcrumbList\",\"@id\":\"https:\\\/\\\/hepatology.ca\\\/casl-awards\\\/education-excellence-award-recipients\\\/#breadcrumb\",\"itemListElement\":[{\"@type\":\"ListItem\",\"position\":1,\"name\":\"Home\",\"item\":\"https:\\\/\\\/hepatology.ca\\\/\"},{\"@type\":\"ListItem\",\"position\":2,\"name\":\"Awards\",\"item\":\"https:\\\/\\\/hepatology.ca\\\/casl-awards\\\/\"},{\"@type\":\"ListItem\",\"position\":3,\"name\":\"CASL Education Excellence Award\"}]},{\"@type\":\"WebSite\",\"@id\":\"https:\\\/\\\/hepatology.ca\\\/#website\",\"url\":\"https:\\\/\\\/hepatology.ca\\\/\",\"name\":\"CASL\",\"description\":\"Canada\u2019s home for liver experts\",\"publisher\":{\"@id\":\"https:\\\/\\\/hepatology.ca\\\/#organization\"},\"potentialAction\":[{\"@type\":\"SearchAction\",\"target\":{\"@type\":\"EntryPoint\",\"urlTemplate\":\"https:\\\/\\\/hepatology.ca\\\/?s={search_term_string}\"},\"query-input\":{\"@type\":\"PropertyValueSpecification\",\"valueRequired\":true,\"valueName\":\"search_term_string\"}}],\"inLanguage\":\"fr-CA\"},{\"@type\":\"Organization\",\"@id\":\"https:\\\/\\\/hepatology.ca\\\/#organization\",\"name\":\"Canadian Association for the Study of the Liver\",\"url\":\"https:\\\/\\\/hepatology.ca\\\/\",\"logo\":{\"@type\":\"ImageObject\",\"inLanguage\":\"fr-CA\",\"@id\":\"https:\\\/\\\/hepatology.ca\\\/#\\\/schema\\\/logo\\\/image\\\/\",\"url\":\"https:\\\/\\\/hepatology.ca\\\/wp-content\\\/uploads\\\/2024\\\/06\\\/CASL-logo-transparent-background.png\",\"contentUrl\":\"https:\\\/\\\/hepatology.ca\\\/wp-content\\\/uploads\\\/2024\\\/06\\\/CASL-logo-transparent-background.png\",\"width\":1040,\"height\":294,\"caption\":\"Canadian Association for the Study of the Liver\"},\"image\":{\"@id\":\"https:\\\/\\\/hepatology.ca\\\/#\\\/schema\\\/logo\\\/image\\\/\"}}]}<\/script>\n<!-- \/ Yoast SEO plugin. -->","yoast_head_json":{"title":"Prix d\u2019excellence en \u00e9ducation de la CASL","description":"Le Prix d\u2019excellence en \u00e9ducation de l\u2019ACF r\u00e9compense les membres de l\u2019ACF qui font preuve d\u2019activit\u00e9s universitaires exceptionnelles, de leadership en \u00e9ducation m\u00e9dicale, d\u2019une implication significative dans l\u2019\u00e9laboration et\/ou la mise en \u0153uvre de programmes et d\u2019innovations p\u00e9dagogiques, d\u2019excellence dans l\u2019enseignement et d\u2019un engagement envers les t\u00e2ches administratives li\u00e9es \u00e0 l\u2019\u00e9ducation m\u00e9dicale.","robots":{"index":"index","follow":"follow","max-snippet":"max-snippet:-1","max-image-preview":"max-image-preview:large","max-video-preview":"max-video-preview:-1"},"canonical":"https:\/\/hepatology.ca\/fr\/casl-awards\/education-excellence-award-recipients\/","og_locale":"fr_CA","og_type":"article","og_title":"CASL Education Excellence Award","og_description":"The CASL Education Excellence Award recognizes CASL members who demonstrate exceptional scholarly activities, leadership in medical education, significant involvement in the development and\/or implementation of educational programs and innovations, excellence in teaching, and a commitment to administrative duties relating to medical education.","og_url":"https:\/\/hepatology.ca\/fr\/casl-awards\/education-excellence-award-recipients\/","og_site_name":"CASL - Canadian Association for the Study of the Liver","article_modified_time":"2026-03-10T18:01:06+00:00","twitter_card":"summary_large_image","twitter_misc":{"Estimation du temps de lecture":"2 minutes"},"schema":{"@context":"https:\/\/schema.org","@graph":[{"@type":"WebPage","@id":"https:\/\/hepatology.ca\/casl-awards\/education-excellence-award-recipients\/","url":"https:\/\/hepatology.ca\/casl-awards\/education-excellence-award-recipients\/","name":"Prix d\u2019excellence en \u00e9ducation de la CASL","isPartOf":{"@id":"https:\/\/hepatology.ca\/#website"},"datePublished":"2019-06-05T22:48:55+00:00","dateModified":"2026-03-10T18:01:06+00:00","description":"Le Prix d\u2019excellence en \u00e9ducation de l\u2019ACF r\u00e9compense les membres de l\u2019ACF qui font preuve d\u2019activit\u00e9s universitaires exceptionnelles, de leadership en \u00e9ducation m\u00e9dicale, d\u2019une implication significative dans l\u2019\u00e9laboration et\/ou la mise en \u0153uvre de programmes et d\u2019innovations p\u00e9dagogiques, d\u2019excellence dans l\u2019enseignement et d\u2019un engagement envers les t\u00e2ches administratives li\u00e9es \u00e0 l\u2019\u00e9ducation m\u00e9dicale.","breadcrumb":{"@id":"https:\/\/hepatology.ca\/casl-awards\/education-excellence-award-recipients\/#breadcrumb"},"inLanguage":"fr-CA","potentialAction":[{"@type":"ReadAction","target":["https:\/\/hepatology.ca\/casl-awards\/education-excellence-award-recipients\/"]}]},{"@type":"BreadcrumbList","@id":"https:\/\/hepatology.ca\/casl-awards\/education-excellence-award-recipients\/#breadcrumb","itemListElement":[{"@type":"ListItem","position":1,"name":"Home","item":"https:\/\/hepatology.ca\/"},{"@type":"ListItem","position":2,"name":"Awards","item":"https:\/\/hepatology.ca\/casl-awards\/"},{"@type":"ListItem","position":3,"name":"CASL Education Excellence Award"}]},{"@type":"WebSite","@id":"https:\/\/hepatology.ca\/#website","url":"https:\/\/hepatology.ca\/","name":"LCAP","description":"Le foyer canadien des experts du foie","publisher":{"@id":"https:\/\/hepatology.ca\/#organization"},"potentialAction":[{"@type":"SearchAction","target":{"@type":"EntryPoint","urlTemplate":"https:\/\/hepatology.ca\/?s={search_term_string}"},"query-input":{"@type":"PropertyValueSpecification","valueRequired":true,"valueName":"search_term_string"}}],"inLanguage":"fr-CA"},{"@type":"Organization","@id":"https:\/\/hepatology.ca\/#organization","name":"Association canadienne pour l&#039;\u00e9tude du foie","url":"https:\/\/hepatology.ca\/","logo":{"@type":"ImageObject","inLanguage":"fr-CA","@id":"https:\/\/hepatology.ca\/#\/schema\/logo\/image\/","url":"https:\/\/hepatology.ca\/wp-content\/uploads\/2024\/06\/CASL-logo-transparent-background.png","contentUrl":"https:\/\/hepatology.ca\/wp-content\/uploads\/2024\/06\/CASL-logo-transparent-background.png","width":1040,"height":294,"caption":"Canadian Association for the Study of the Liver"},"image":{"@id":"https:\/\/hepatology.ca\/#\/schema\/logo\/image\/"}}]}},"_links":{"self":[{"href":"https:\/\/hepatology.ca\/fr\/wp-json\/wp\/v2\/pages\/2448","targetHints":{"allow":["GET"]}}],"collection":[{"href":"https:\/\/hepatology.ca\/fr\/wp-json\/wp\/v2\/pages"}],"about":[{"href":"https:\/\/hepatology.ca\/fr\/wp-json\/wp\/v2\/types\/page"}],"author":[{"embeddable":true,"href":"https:\/\/hepatology.ca\/fr\/wp-json\/wp\/v2\/users\/3"}],"replies":[{"embeddable":true,"href":"https:\/\/hepatology.ca\/fr\/wp-json\/wp\/v2\/comments?post=2448"}],"version-history":[{"count":27,"href":"https:\/\/hepatology.ca\/fr\/wp-json\/wp\/v2\/pages\/2448\/revisions"}],"predecessor-version":[{"id":5176,"href":"https:\/\/hepatology.ca\/fr\/wp-json\/wp\/v2\/pages\/2448\/revisions\/5176"}],"up":[{"embeddable":true,"href":"https:\/\/hepatology.ca\/fr\/wp-json\/wp\/v2\/pages\/1920"}],"wp:attachment":[{"href":"https:\/\/hepatology.ca\/fr\/wp-json\/wp\/v2\/media?parent=2448"}],"curies":[{"name":"wp","href":"https:\/\/api.w.org\/{rel}","templated":true}]}}