{"id":2334,"date":"2019-03-20T20:12:45","date_gmt":"2019-03-20T20:12:45","guid":{"rendered":"http:\/\/hepatology.ca\/research\/research-grant-competition-results\/2017-2\/"},"modified":"2024-06-07T13:22:11","modified_gmt":"2024-06-07T13:22:11","slug":"2017-research-grant-recipients","status":"publish","type":"page","link":"https:\/\/hepatology.ca\/fr\/research\/research-grant-competition-results\/2017-research-grant-recipients\/","title":{"rendered":"Laur\u00e9ats 2017"},"content":{"rendered":"<h1><span style=\"text-decoration: underline;\">R\u00e9sultats du concours de bourses de recherche CLF<\/span><\/h1>\n<h2><span style=\"text-decoration: underline;\"><strong>Octroi de subventions de fonctionnement<\/strong><\/span><\/h2>\n<h3><strong>Subvention d\u00e9sign\u00e9e de l&#039;Ontario (parrain\u00e9e par F. Pauline Spence)<br \/>\n<\/strong><\/h3>\n<p><strong><em>Dr Morgan Fullerton, Universit\u00e9 d&#039;Ottawa<\/em><\/strong><\/p>\n<h4><strong>Titre du projet :<em>&nbsp;La r\u00e9gulation de la synth\u00e8se du cholest\u00e9rol dans la st\u00e9atose h\u00e9patique induite par l&#039;ob\u00e9sit\u00e9.<\/em><\/strong><\/h4>\n<p><strong><em><br \/>\n<\/em><\/strong>L\u2019ob\u00e9sit\u00e9 est devenue une \u00e9pid\u00e9mie mondiale et touche maintenant des millions de Canadiens (co\u00fbtant pr\u00e8s de 10 milliards de dollars par an). L\u2019ob\u00e9sit\u00e9 est la principale cause de nombreux troubles m\u00e9taboliques et elle est maintenant la cause la plus courante de st\u00e9atose h\u00e9patique au Canada. Bien qu\u2019il soit responsable de la production et du traitement des graisses et du cholest\u00e9rol, le foie peut devenir surcharg\u00e9 de graisses, ce qui constitue la premi\u00e8re \u00e9tape de la st\u00e9atose h\u00e9patique. On sait que le cholest\u00e9rol produit dans le foie peut jouer un r\u00f4le important dans le d\u00e9veloppement de la st\u00e9atose h\u00e9patique, mais le Dr Fullerton croit que les voies m\u00e9taboliques qui contr\u00f4lent la quantit\u00e9 de cholest\u00e9rol fonctionnent mal pendant l\u2019ob\u00e9sit\u00e9. Ce projet de recherche vise \u00e0 mieux comprendre comment l\u2019ob\u00e9sit\u00e9 reprogramme le foie pour surproduire du cholest\u00e9rol dans l\u2019espoir que nous puissions un jour pr\u00e9venir et corriger la st\u00e9atose h\u00e9patique li\u00e9e \u00e0 l\u2019ob\u00e9sit\u00e9.<\/p>\n<h3><b>Subvention de recherche d\u00e9sign\u00e9e sur le cancer du foie<br \/>\n<\/b><\/h3>\n<p><strong><em>Dr Anand Ghanekar (Universit\u00e9 de Toronto, Fondation de l&#039;h\u00f4pital Toronto General &amp; Western)<\/em><br \/>\n<\/strong><\/p>\n<h4><strong>Titre du projet :&nbsp;<em>R\u00f4le et r\u00e9gulation de la phosphatase \u00e0 double sp\u00e9cificit\u00e9 9 (DUSP9) dans le carcinome h\u00e9patocellulaire humain<\/em>.<\/strong><\/h4>\n<p><strong><em><br \/>\n<\/em><\/strong>Le carcinome h\u00e9patocellulaire (CHC) est le cancer du foie le plus fr\u00e9quent qui d\u00e9bute dans le foie. Il est le cinqui\u00e8me cancer le plus fr\u00e9quent au monde et la troisi\u00e8me cause de d\u00e9c\u00e8s par cancer. Une meilleure connaissance de la mani\u00e8re dont le CHC se d\u00e9veloppe et progresse devrait permettre d&#039;am\u00e9liorer les traitements. Les recherches du Dr Ghanekar ont r\u00e9v\u00e9l\u00e9 qu&#039;une mol\u00e9cule appel\u00e9e phosphatase \u00e0 double sp\u00e9cificit\u00e9 9 (DUSP9) est pr\u00e9sente \u00e0 un niveau \u00e9lev\u00e9 dans les tumeurs humaines du CHC. Des mol\u00e9cules comme DUSP9 sont importantes pour contr\u00f4ler la croissance cellulaire dans d&#039;autres cancers, mais n&#039;ont pas \u00e9t\u00e9 \u00e9tudi\u00e9es dans le CHC. L&#039;objectif de cette recherche est de comprendre la fonction de DUSP9 dans le cancer du foie en \u00e9tudiant les cellules canc\u00e9reuses du foie dans des bo\u00eetes de P\u00e9tri ainsi que chez la souris, et d&#039;observer comment leurs comportements changent avec les modifications des niveaux de DUSP9 et d&#039;identifier les m\u00e9canismes mol\u00e9culaires et les prot\u00e9ines dans les cellules canc\u00e9reuses du foie qui contr\u00f4lent les niveaux de DUSP9. Les r\u00e9sultats de cette \u00e9tude devraient am\u00e9liorer notre compr\u00e9hension du CHC et ouvrir la voie \u00e0 des possibilit\u00e9s de traitements innovants.<\/p>\n<h3><strong>Bourses de recherche h\u00e9patobiliaire sans restriction<br \/>\n<\/strong><\/h3>\n<p><strong><em>Dr Christopher Rose (CRCHUM de l&#039;Universit\u00e9 de Montr\u00e9al)<\/em><\/strong><\/p>\n<h4><strong>Titre du projet :&nbsp;<em>Les m\u00e9canismes physiopathologiques sous-jacents au continuum de l\u2019enc\u00e9phalopathie h\u00e9patique : du cach\u00e9 au manifeste, r\u00e9current et persistant.<\/em><\/strong><\/h4>\n<p><strong><em><br \/>\n<\/em><\/strong>L&#039;enc\u00e9phalopathie h\u00e9patique (EH) est une complication neurologique grave qui se d\u00e9veloppe fr\u00e9quemment chez les patients atteints d&#039;une maladie h\u00e9patique chronique. La forme la plus l\u00e9g\u00e8re d&#039;EH est appel\u00e9e EH latente et elle implique une confusion et des probl\u00e8mes de m\u00e9moire et de concentration. Cela peut avoir un impact significatif sur la qualit\u00e9 de vie des personnes atteintes d&#039;une maladie h\u00e9patique. Lorsque des signes cliniques \u00e9vidents tels que la stupeur et le coma sont observ\u00e9s chez les patients, on parle d&#039;EH manifeste. Pas moins de 80% des patients atteints de cirrhose (cicatrisation du foie) souffrent d&#039;EH latente et ces patients ont un risque \u00e9lev\u00e9 de d\u00e9velopper des \u00e9pisodes r\u00e9currents d&#039;EH manifeste pouvant entra\u00eener des l\u00e9sions c\u00e9r\u00e9brales permanentes. L&#039;EH latente est associ\u00e9e \u00e0 une augmentation du liquide dans le cerveau (\u0153d\u00e8me) et on ne sait pas exactement comment et pourquoi cela se produit. On pense que l&#039;accumulation d&#039;ammoniac dans le cerveau joue un r\u00f4le majeur car un foie sain contr\u00f4le les niveaux d&#039;ammoniac dans le sang. Lorsque le foie est cicatris\u00e9, une augmentation de l&#039;ammoniac sanguin entra\u00eene des niveaux toxiques d&#039;ammoniac dans le cerveau. L&#039;objectif de ce projet de recherche est d&#039;\u00e9tudier comment une augmentation des niveaux d&#039;ammoniac dans le sang et l&#039;inflammation entra\u00eenent une augmentation du liquide dans le cerveau et comment cela influence la progression vers l&#039;EH manifeste. Le Dr Rose \u00e9tudiera \u00e9galement l&#039;impact de multiples \u00e9pisodes d&#039;EH manifeste sur le cerveau, y compris les l\u00e9sions c\u00e9r\u00e9brales permanentes.<\/p>\n<p><em><strong>Dr Daniel Winer, Universit\u00e9 de Toronto, Fondation de l&#039;h\u00f4pital Toronto General &amp; Western<\/strong><\/em><\/p>\n<h4><strong>Titre du projet : <em>M\u00e9canismes immunitaires de la dysr\u00e9gulation h\u00e9patique du glucose dans l&#039;ob\u00e9sit\u00e9 induite par l&#039;alimentation et la st\u00e9atose h\u00e9patique non alcoolique.<\/em><\/strong><\/h4>\n<p><strong><em><br \/>\n<\/em><\/strong>L&#039;ob\u00e9sit\u00e9 a de multiples cons\u00e9quences, notamment des taux \u00e9lev\u00e9s de graisse dans le foie. La st\u00e9atose h\u00e9patique joue un r\u00f4le majeur dans l&#039;augmentation du taux de sucre dans le sang, bien que les m\u00e9canismes exacts soient mal d\u00e9finis. Les recherches du Dr Winer ont montr\u00e9 que les cellules immunitaires appel\u00e9es cellules B et T peuvent provoquer une inflammation des tissus adipeux, ce qui entra\u00eene une maladie m\u00e9tabolique. Le Dr Winer a d\u00e9couvert que les cellules T du foie s&#039;activent pendant la st\u00e9atose h\u00e9patique et provoquent une inflammation et des complications m\u00e9taboliques. Cependant, le r\u00f4le des cellules immunitaires suppl\u00e9mentaires dans cette inflammation du foie est largement inconnu. Cette proposition de recherche s&#039;appuie sur les travaux existants et \u00e9tudiera comment les cellules immunitaires appel\u00e9es cellules B deviennent des contributeurs majeurs aux maladies du foie dans l&#039;ob\u00e9sit\u00e9. Plus pr\u00e9cis\u00e9ment, le Dr Winer \u00e9tudiera comment les cellules B du foie aggravent la st\u00e9atose h\u00e9patique et si elles peuvent \u00eatre stopp\u00e9es par des approches innovantes. Les r\u00e9sultats de cette recherche m\u00e8neront \u00e0 de nouvelles fa\u00e7ons de pr\u00e9venir, de diagnostiquer et de traiter la st\u00e9atose h\u00e9patique et ses complications.<\/p>\n<p>&nbsp;<\/p>\n<h2><span style=\"text-decoration: underline;\"><strong>Bourse d&#039;\u00e9tudes sup\u00e9rieures<\/strong><\/span><\/h2>\n<h3><strong>Subvention d\u00e9sign\u00e9e de l\u2019Alberta<\/strong><\/h3>\n<p><strong><em>Rachelle Davis, Universit\u00e9 de Calgary<\/em><\/strong><br \/>\n<em>Directeur de th\u00e8se : Dr Craig Jenne<\/em><\/p>\n<h4>Titre du projet : <em>\u00c9valuation de l\u2019efficacit\u00e9 de la vaccination contre l\u2019h\u00e9patite B dans le contexte de la st\u00e9atose h\u00e9patique non alcoolique.<\/em><\/h4>\n<p><strong><em><br \/>\n<\/em><\/strong>La maladie h\u00e9patique non alcoolique (NAFLD) devient rapidement la cause la plus fr\u00e9quente de cicatrisation h\u00e9patique, en partie \u00e0 cause d\u2019une mauvaise alimentation et d\u2019un mode de vie s\u00e9dentaire. Alors que les taux d\u2019ob\u00e9sit\u00e9 au Canada approchent de 50%, il est crucial d\u2019obtenir plus d\u2019informations sur la fa\u00e7on dont la NAFLD affecte la r\u00e9ponse immunitaire. Les patients atteints de NAFLD sont encourag\u00e9s \u00e0 recevoir un vaccin contre l\u2019h\u00e9patite B. Cependant, on ne sait pas actuellement quelle serait l\u2019efficacit\u00e9 de ce vaccin ou de la r\u00e9ponse immunitaire \u00e0 l\u2019h\u00e9patite virale dans le contexte d\u2019une st\u00e9atose h\u00e9patique. \u00c0 l\u2019aide d\u2019une microscopie avanc\u00e9e, l\u2019\u00e9quipe du Dr Jenne \u00e9tudiera des mod\u00e8les de foie animal pour visualiser la fa\u00e7on dont le foie gras r\u00e9agit au virus et si les vaccins peuvent prot\u00e9ger ad\u00e9quatement un patient atteint de st\u00e9atose h\u00e9patique. Les r\u00e9sultats de cette recherche pourraient conduire \u00e0 des changements dans la politique et les lignes directrices en mati\u00e8re de vaccination afin de mieux prot\u00e9ger les patients atteints de NAFLD.<\/p>\n<h2><span style=\"text-decoration: underline;\"><strong>Bourses d&#039;\u00e9tudes d&#039;\u00e9t\u00e9<\/strong><\/span><\/h2>\n<h3><strong>Bourse de recherche h\u00e9patobiliaire sans restriction<\/strong><\/h3>\n<p><strong><em>Sarah L\u00e9pine, Universit\u00e9 de l&#039;Alberta<\/em><\/strong><br \/>\n<em>Superviseur : Dr Massimiliano Paganelli<\/em><\/p>\n<h4><strong>Titre du projet : <em>Caract\u00e9risation des h\u00e9patoblastes humains lors de la diff\u00e9renciation de l&#039;endoderme d\u00e9finitif en h\u00e9patocytes \u00e0 l&#039;aide d&#039;un mod\u00e8le 3D d\u00e9riv\u00e9 de cellules souches pluripotentes du d\u00e9veloppement du foie.<\/em><\/strong><\/h4>\n<p><strong><em><br \/>\n<\/em><\/strong>Les connaissances actuelles sur le d\u00e9veloppement du foie chez l&#039;embryon sont bas\u00e9es principalement sur des \u00e9tudes men\u00e9es sur des rongeurs. Les mod\u00e8les actuellement disponibles utilisant des cellules humaines ne sont pas repr\u00e9sentatifs de la complexit\u00e9 du foie humain. En utilisant des cellules souches humaines, l&#039;\u00e9quipe du Dr Paganelli est capable de g\u00e9n\u00e9rer des mod\u00e8les h\u00e9patiques 3D compos\u00e9s de diff\u00e9rents types de cellules impliqu\u00e9es dans le d\u00e9veloppement du foie. Dans ce projet, l&#039;\u00e9tudiant utilisera un tel mod\u00e8le 3D pour identifier les g\u00e8nes impliqu\u00e9s dans le d\u00e9veloppement de diff\u00e9rents types de cellules h\u00e9patiques. Les r\u00e9sultats de cette recherche permettront enfin de valider les hypoth\u00e8ses actuelles sur le d\u00e9veloppement du foie humain.<\/p>\n<h3><\/h3>\n<h3><strong>Subvention d\u00e9sign\u00e9e de l&#039;Ontario (parrain\u00e9e par l&#039;Association ontarienne de gastroent\u00e9rologie)<\/strong><\/h3>\n<p><em><strong>Kanwar Sahdra, Universit\u00e9 de Toronto<\/strong><\/em><br \/>\n<em>Directeur de th\u00e8se : Dr Jordan Feld<\/em><\/p>\n<h4><strong>Titre du projet : <em>D\u00e9termination de la strat\u00e9gie vaccinale optimale contre l&#039;h\u00e9patite B.<\/em><\/strong><\/h4>\n<p><strong><em><br \/>\n<\/em><\/strong>L&#039;infection par le virus de l&#039;h\u00e9patite B (VHB) est un probl\u00e8me de sant\u00e9 publique majeur \u00e0 l&#039;\u00e9chelle mondiale, avec plus de 240 millions de personnes infect\u00e9es dans le monde. Les modes de transmission les plus courants de l&#039;h\u00e9patite B sont de la m\u00e8re \u00e0 l&#039;enfant au moment de la naissance et par contact sexuel. Heureusement, il existe un vaccin tr\u00e8s efficace qui offre une protection \u00e0 vie contre l&#039;infection. La plupart des pays vaccinent les enfants \u00e0 la naissance, y compris de nombreuses provinces canadiennes. En Ontario, les enfants sont vaccin\u00e9s en 7e ann\u00e9e dans le but de pr\u00e9venir la transmission sexuelle. Les recherches du Dr Feld utiliseront un mod\u00e8le \u00e9tabli d&#039;infection par le VHB pour d\u00e9terminer quelle strat\u00e9gie de vaccination (enfance ou adolescence) est la plus rentable pour l&#039;Ontario. Les r\u00e9sultats aideront les d\u00e9cideurs politiques du Canada \u00e0 choisir la strat\u00e9gie de vaccination optimale pour ce probl\u00e8me de sant\u00e9 publique majeur.<\/p>\n<h3><\/h3>\n<h3><strong>Subvention d\u00e9sign\u00e9e pour l&#039;enc\u00e9phalopathie h\u00e9patique<\/strong><\/h3>\n<p><em><strong>Charl\u00e8ne Blanchette, Universit\u00e9 de Montr\u00e9al<\/strong><\/em><br \/>\n<em>Superviseure : Dre Chantal B\u00e9meur<\/em><\/p>\n<h4><strong>Titre du projet : <em>Impact de l&#039;exercice sur la protection du cerveau dans les maladies chroniques du foie exp\u00e9rimentales.<\/em><\/strong><\/h4>\n<p><strong><em><br \/>\n<\/em><\/strong>Les maladies du foie peuvent toucher 1 Canadien sur 4 et se classent au 5e rang<sup>\u00e8me<\/sup>&nbsp;Parmi les causes de d\u00e9c\u00e8s, la perte de masse musculaire et la malnutrition sont les complications les plus fr\u00e9quentes de la maladie chronique du foie (MCF) et de la cirrhose. L&#039;enc\u00e9phalopathie h\u00e9patique (HE) est une autre complication grave de la cirrhose qui pourrait \u00eatre une cons\u00e9quence de la perte de masse musculaire. L&#039;\u00e9quipe de recherche du Dr B\u00e9meur \u00e9tudiera l&#039;impact de l&#039;exercice sur la pr\u00e9vention de la perte de masse musculaire et de l&#039;HE dans des mod\u00e8les animaux. Les r\u00e9sultats de ce projet permettront de comprendre pourquoi des complications graves telles que l&#039;HE se d\u00e9veloppent chez les personnes atteintes de cirrhose et pourraient conduire au d\u00e9veloppement d&#039;interventions susceptibles d&#039;am\u00e9liorer la qualit\u00e9 de vie du nombre croissant de personnes souffrant d&#039;une maladie du foie.<\/p>","protected":false},"excerpt":{"rendered":"<p>CLF Research Grant Competition Results Operating Grant Awards Designated Ontario Grant (sponsored by F. Pauline Spence) Dr.&nbsp;Morgan Fullerton, University of [&hellip;]<\/p>\n","protected":false},"author":3,"featured_media":0,"parent":2331,"menu_order":4,"comment_status":"closed","ping_status":"closed","template":"","meta":{"_acf_changed":false,"site-sidebar-layout":"default","site-content-layout":"","ast-site-content-layout":"default","site-content-style":"default","site-sidebar-style":"default","ast-global-header-display":"","ast-banner-title-visibility":"","ast-main-header-display":"","ast-hfb-above-header-display":"","ast-hfb-below-header-display":"","ast-hfb-mobile-header-display":"","site-post-title":"","ast-breadcrumbs-content":"","ast-featured-img":"","footer-sml-layout":"","ast-disable-related-posts":"","theme-transparent-header-meta":"","adv-header-id-meta":"","stick-header-meta":"","header-above-stick-meta":"","header-main-stick-meta":"","header-below-stick-meta":"","astra-migrate-meta-layouts":"default","ast-page-background-enabled":"default","ast-page-background-meta":{"desktop":{"background-color":"var(--ast-global-color-4)","background-image":"","background-repeat":"repeat","background-position":"center center","background-size":"auto","background-attachment":"scroll","background-type":"","background-media":"","overlay-type":"","overlay-color":"","overlay-opacity":"","overlay-gradient":""},"tablet":{"background-color":"","background-image":"","background-repeat":"repeat","background-position":"center center","background-size":"auto","background-attachment":"scroll","background-type":"","background-media":"","overlay-type":"","overlay-color":"","overlay-opacity":"","overlay-gradient":""},"mobile":{"background-color":"","background-image":"","background-repeat":"repeat","background-position":"center center","background-size":"auto","background-attachment":"scroll","background-type":"","background-media":"","overlay-type":"","overlay-color":"","overlay-opacity":"","overlay-gradient":""}},"ast-content-background-meta":{"desktop":{"background-color":"var(--ast-global-color-5)","background-image":"","background-repeat":"repeat","background-position":"center center","background-size":"auto","background-attachment":"scroll","background-type":"","background-media":"","overlay-type":"","overlay-color":"","overlay-opacity":"","overlay-gradient":""},"tablet":{"background-color":"var(--ast-global-color-5)","background-image":"","background-repeat":"repeat","background-position":"center center","background-size":"auto","background-attachment":"scroll","background-type":"","background-media":"","overlay-type":"","overlay-color":"","overlay-opacity":"","overlay-gradient":""},"mobile":{"background-color":"var(--ast-global-color-5)","background-image":"","background-repeat":"repeat","background-position":"center center","background-size":"auto","background-attachment":"scroll","background-type":"","background-media":"","overlay-type":"","overlay-color":"","overlay-opacity":"","overlay-gradient":""}},"ngg_post_thumbnail":0,"footnotes":""},"class_list":["post-2334","page","type-page","status-publish","hentry"],"acf":[],"yoast_head":"<!-- This site is optimized with the Yoast SEO plugin v27.4 - https:\/\/yoast.com\/product\/yoast-seo-wordpress\/ -->\n<title>2017 Recipients - CASL - Canadian Association for the Study of the Liver<\/title>\n<meta name=\"description\" content=\"A list of all of the 2017 grant recipients.\" \/>\n<meta name=\"robots\" content=\"index, follow, max-snippet:-1, max-image-preview:large, max-video-preview:-1\" \/>\n<link rel=\"canonical\" href=\"https:\/\/hepatology.ca\/fr\/research\/research-grant-competition-results\/2017-research-grant-recipients\/\" \/>\n<meta property=\"og:locale\" content=\"fr_CA\" \/>\n<meta property=\"og:type\" content=\"article\" \/>\n<meta property=\"og:title\" content=\"2017 Recipients - CASL - Canadian Association for the Study of the Liver\" \/>\n<meta property=\"og:description\" content=\"A list of all of the 2017 grant recipients.\" \/>\n<meta property=\"og:url\" content=\"https:\/\/hepatology.ca\/fr\/research\/research-grant-competition-results\/2017-research-grant-recipients\/\" \/>\n<meta property=\"og:site_name\" content=\"CASL - Canadian Association for the Study of the Liver\" \/>\n<meta property=\"article:modified_time\" content=\"2024-06-07T13:22:11+00:00\" \/>\n<meta name=\"twitter:card\" content=\"summary_large_image\" \/>\n<meta name=\"twitter:label1\" content=\"Estimation du temps de lecture\" \/>\n\t<meta name=\"twitter:data1\" content=\"6 minutes\" \/>\n<script type=\"application\/ld+json\" class=\"yoast-schema-graph\">{\"@context\":\"https:\\\/\\\/schema.org\",\"@graph\":[{\"@type\":\"WebPage\",\"@id\":\"https:\\\/\\\/hepatology.ca\\\/fr\\\/research\\\/research-grant-competition-results\\\/2017-research-grant-recipients\\\/\",\"url\":\"https:\\\/\\\/hepatology.ca\\\/fr\\\/research\\\/research-grant-competition-results\\\/2017-research-grant-recipients\\\/\",\"name\":\"2017 Recipients - CASL - Canadian Association for the Study of the Liver\",\"isPartOf\":{\"@id\":\"https:\\\/\\\/hepatology.ca\\\/#website\"},\"datePublished\":\"2019-03-20T20:12:45+00:00\",\"dateModified\":\"2024-06-07T13:22:11+00:00\",\"description\":\"A list of all of the 2017 grant recipients.\",\"breadcrumb\":{\"@id\":\"https:\\\/\\\/hepatology.ca\\\/fr\\\/research\\\/research-grant-competition-results\\\/2017-research-grant-recipients\\\/#breadcrumb\"},\"inLanguage\":\"fr-CA\",\"potentialAction\":[{\"@type\":\"ReadAction\",\"target\":[\"https:\\\/\\\/hepatology.ca\\\/fr\\\/research\\\/research-grant-competition-results\\\/2017-research-grant-recipients\\\/\"]}]},{\"@type\":\"BreadcrumbList\",\"@id\":\"https:\\\/\\\/hepatology.ca\\\/fr\\\/research\\\/research-grant-competition-results\\\/2017-research-grant-recipients\\\/#breadcrumb\",\"itemListElement\":[{\"@type\":\"ListItem\",\"position\":1,\"name\":\"Home\",\"item\":\"https:\\\/\\\/hepatology.ca\\\/\"},{\"@type\":\"ListItem\",\"position\":2,\"name\":\"Research\",\"item\":\"https:\\\/\\\/hepatology.ca\\\/fr\\\/research\\\/\"},{\"@type\":\"ListItem\",\"position\":3,\"name\":\"Past Research Grant Competition Results\",\"item\":\"https:\\\/\\\/hepatology.ca\\\/fr\\\/research\\\/research-grant-competition-results\\\/\"},{\"@type\":\"ListItem\",\"position\":4,\"name\":\"2017 Recipients\"}]},{\"@type\":\"WebSite\",\"@id\":\"https:\\\/\\\/hepatology.ca\\\/#website\",\"url\":\"https:\\\/\\\/hepatology.ca\\\/\",\"name\":\"CASL\",\"description\":\"Canada\u2019s home for liver experts\",\"publisher\":{\"@id\":\"https:\\\/\\\/hepatology.ca\\\/#organization\"},\"potentialAction\":[{\"@type\":\"SearchAction\",\"target\":{\"@type\":\"EntryPoint\",\"urlTemplate\":\"https:\\\/\\\/hepatology.ca\\\/?s={search_term_string}\"},\"query-input\":{\"@type\":\"PropertyValueSpecification\",\"valueRequired\":true,\"valueName\":\"search_term_string\"}}],\"inLanguage\":\"fr-CA\"},{\"@type\":\"Organization\",\"@id\":\"https:\\\/\\\/hepatology.ca\\\/#organization\",\"name\":\"Canadian Association for the Study of the Liver\",\"url\":\"https:\\\/\\\/hepatology.ca\\\/\",\"logo\":{\"@type\":\"ImageObject\",\"inLanguage\":\"fr-CA\",\"@id\":\"https:\\\/\\\/hepatology.ca\\\/#\\\/schema\\\/logo\\\/image\\\/\",\"url\":\"https:\\\/\\\/hepatology.ca\\\/wp-content\\\/uploads\\\/2024\\\/06\\\/CASL-logo-transparent-background.png\",\"contentUrl\":\"https:\\\/\\\/hepatology.ca\\\/wp-content\\\/uploads\\\/2024\\\/06\\\/CASL-logo-transparent-background.png\",\"width\":1040,\"height\":294,\"caption\":\"Canadian Association for the Study of the Liver\"},\"image\":{\"@id\":\"https:\\\/\\\/hepatology.ca\\\/#\\\/schema\\\/logo\\\/image\\\/\"}}]}<\/script>\n<!-- \/ Yoast SEO plugin. -->","yoast_head_json":{"title":"Laur\u00e9ats 2017 \u2013 Association canadienne pour l&#039;\u00e9tude du foie","description":"Une liste de tous les b\u00e9n\u00e9ficiaires de subventions 2017.","robots":{"index":"index","follow":"follow","max-snippet":"max-snippet:-1","max-image-preview":"max-image-preview:large","max-video-preview":"max-video-preview:-1"},"canonical":"https:\/\/hepatology.ca\/fr\/research\/research-grant-competition-results\/2017-research-grant-recipients\/","og_locale":"fr_CA","og_type":"article","og_title":"2017 Recipients - CASL - Canadian Association for the Study of the Liver","og_description":"A list of all of the 2017 grant recipients.","og_url":"https:\/\/hepatology.ca\/fr\/research\/research-grant-competition-results\/2017-research-grant-recipients\/","og_site_name":"CASL - Canadian Association for the Study of the Liver","article_modified_time":"2024-06-07T13:22:11+00:00","twitter_card":"summary_large_image","twitter_misc":{"Estimation du temps de lecture":"6 minutes"},"schema":{"@context":"https:\/\/schema.org","@graph":[{"@type":"WebPage","@id":"https:\/\/hepatology.ca\/fr\/research\/research-grant-competition-results\/2017-research-grant-recipients\/","url":"https:\/\/hepatology.ca\/fr\/research\/research-grant-competition-results\/2017-research-grant-recipients\/","name":"Laur\u00e9ats 2017 \u2013 Association canadienne pour l&#039;\u00e9tude du foie","isPartOf":{"@id":"https:\/\/hepatology.ca\/#website"},"datePublished":"2019-03-20T20:12:45+00:00","dateModified":"2024-06-07T13:22:11+00:00","description":"Une liste de tous les b\u00e9n\u00e9ficiaires de subventions 2017.","breadcrumb":{"@id":"https:\/\/hepatology.ca\/fr\/research\/research-grant-competition-results\/2017-research-grant-recipients\/#breadcrumb"},"inLanguage":"fr-CA","potentialAction":[{"@type":"ReadAction","target":["https:\/\/hepatology.ca\/fr\/research\/research-grant-competition-results\/2017-research-grant-recipients\/"]}]},{"@type":"BreadcrumbList","@id":"https:\/\/hepatology.ca\/fr\/research\/research-grant-competition-results\/2017-research-grant-recipients\/#breadcrumb","itemListElement":[{"@type":"ListItem","position":1,"name":"Home","item":"https:\/\/hepatology.ca\/"},{"@type":"ListItem","position":2,"name":"Research","item":"https:\/\/hepatology.ca\/fr\/research\/"},{"@type":"ListItem","position":3,"name":"Past Research Grant Competition Results","item":"https:\/\/hepatology.ca\/fr\/research\/research-grant-competition-results\/"},{"@type":"ListItem","position":4,"name":"2017 Recipients"}]},{"@type":"WebSite","@id":"https:\/\/hepatology.ca\/#website","url":"https:\/\/hepatology.ca\/","name":"LCAP","description":"Le foyer canadien des experts du foie","publisher":{"@id":"https:\/\/hepatology.ca\/#organization"},"potentialAction":[{"@type":"SearchAction","target":{"@type":"EntryPoint","urlTemplate":"https:\/\/hepatology.ca\/?s={search_term_string}"},"query-input":{"@type":"PropertyValueSpecification","valueRequired":true,"valueName":"search_term_string"}}],"inLanguage":"fr-CA"},{"@type":"Organization","@id":"https:\/\/hepatology.ca\/#organization","name":"Association canadienne pour l&#039;\u00e9tude du foie","url":"https:\/\/hepatology.ca\/","logo":{"@type":"ImageObject","inLanguage":"fr-CA","@id":"https:\/\/hepatology.ca\/#\/schema\/logo\/image\/","url":"https:\/\/hepatology.ca\/wp-content\/uploads\/2024\/06\/CASL-logo-transparent-background.png","contentUrl":"https:\/\/hepatology.ca\/wp-content\/uploads\/2024\/06\/CASL-logo-transparent-background.png","width":1040,"height":294,"caption":"Canadian Association for the Study of the Liver"},"image":{"@id":"https:\/\/hepatology.ca\/#\/schema\/logo\/image\/"}}]}},"_links":{"self":[{"href":"https:\/\/hepatology.ca\/fr\/wp-json\/wp\/v2\/pages\/2334","targetHints":{"allow":["GET"]}}],"collection":[{"href":"https:\/\/hepatology.ca\/fr\/wp-json\/wp\/v2\/pages"}],"about":[{"href":"https:\/\/hepatology.ca\/fr\/wp-json\/wp\/v2\/types\/page"}],"author":[{"embeddable":true,"href":"https:\/\/hepatology.ca\/fr\/wp-json\/wp\/v2\/users\/3"}],"replies":[{"embeddable":true,"href":"https:\/\/hepatology.ca\/fr\/wp-json\/wp\/v2\/comments?post=2334"}],"version-history":[{"count":5,"href":"https:\/\/hepatology.ca\/fr\/wp-json\/wp\/v2\/pages\/2334\/revisions"}],"predecessor-version":[{"id":2845,"href":"https:\/\/hepatology.ca\/fr\/wp-json\/wp\/v2\/pages\/2334\/revisions\/2845"}],"up":[{"embeddable":true,"href":"https:\/\/hepatology.ca\/fr\/wp-json\/wp\/v2\/pages\/2331"}],"wp:attachment":[{"href":"https:\/\/hepatology.ca\/fr\/wp-json\/wp\/v2\/media?parent=2334"}],"curies":[{"name":"wp","href":"https:\/\/api.w.org\/{rel}","templated":true}]}}