{"id":2287,"date":"2019-01-29T23:37:47","date_gmt":"2019-01-29T23:37:47","guid":{"rendered":"http:\/\/hepatology.ca\/?page_id=2287"},"modified":"2024-06-07T13:22:11","modified_gmt":"2024-06-07T13:22:11","slug":"canadian-pediatric-hepatology-research-group-cphrg","status":"publish","type":"page","link":"https:\/\/hepatology.ca\/fr\/research\/special-interest-groups\/canadian-pediatric-hepatology-research-group-cphrg\/","title":{"rendered":"CPHRG"},"content":{"rendered":"<h1>Groupe canadien de recherche en h\u00e9patologie p\u00e9diatrique<\/h1>\n<h2>Domaine d&#039;int\u00e9r\u00eat : H\u00e9patologie p\u00e9diatrique<\/h2>\n<p>Le CPHRG est un r\u00e9seau d\u2019h\u00e9patologues p\u00e9diatriques \u00e0 travers le Canada dont la mission est de collaborer \u00e0 la recherche sur les maladies du foie p\u00e9diatriques et de plaider en faveur de l\u2019optimisation des soins cliniques des enfants et des jeunes atteints d\u2019une maladie du foie.<\/p>\n<p>Les r\u00e9unions du CPHRG ont lieu une fois par an pendant la r\u00e9union annuelle de l&#039;ACL pour discuter des projets de recherche en cours et futurs.<\/p>\n<p>&nbsp;<\/p>\n<h2>Projets en cours :<\/h2>\n<ul>\n<li>Cholestase intrah\u00e9patique g\u00e9n\u00e9tique : troubles p\u00e9diatriques entra\u00eenant un dysfonctionnement des canaux biliaires au Canada<\/li>\n<li>Le fardeau de l\u2019infection chronique par l\u2019h\u00e9patite C chez les enfants au Canada et l\u2019efficacit\u00e9 p\u00e9diatrique \u00ab dans le monde r\u00e9el \u00bb des nouvelles th\u00e9rapies<\/li>\n<\/ul>\n<h2>Projets pass\u00e9s:<\/h2>\n<ul>\n<li>\u00c9tude r\u00e9trospective nationale sur les maladies h\u00e9patiques p\u00e9diatriques terminales comme facteur pr\u00e9dictif de changement de traitement de deuxi\u00e8me intention chez les enfants atteints d&#039;h\u00e9patite auto-immune. Zizzo AN, Jimenez-Rivera C, Kim J, Schreiber RA, Ling SC, Yap J8, Critch J, Ahmed N, Alvarez F, Kamath BM; Groupe de recherche canadien en h\u00e9patologie p\u00e9diatrique (GRCPH). Liver Int. 2017 octobre;37(10):1562-1570.doi: 10.1111\/liv.13387.Epub 2017 mars 15.<\/li>\n<li>Incidence et caract\u00e9ristiques de l&#039;h\u00e9patite auto-immune. Jimenez-Rivera C, Ling SC, Ahmed N, Yap J, Aglipay M, Barrowman N, Graitson S, Critch J, Rashid M, Ng VL, Roberts EA, Brill H, Dowhaniuk JK, Bruce G, Bax K, Deneau M, Guttman OR, Schreiber RA, Martin S, Alvarez F. Pediatrics. 2015 Nov;136(5):e1237-48.doi:10.1542\/peds.2015-0578. Epub 2015 Oct 19.<\/li>\n<li>Atr\u00e9sie biliaire associ\u00e9e \u00e0 des malformations structurelles chez les nourrissons canadiens. Guttman OR1, Roberts EA, Schreiber RA, Barker CC, Ng VL; Groupe canadien de recherche en h\u00e9patologie p\u00e9diatrique. Liver Int. 2011 nov.;31(10):1485-93. doi:10.1111\/j.1478-3231.2011.02578.s. Publication en ligne du 8 ao\u00fbt 2011<\/li>\n<li>Atr\u00e9sie biliaire au Canada : l&#039;effet de l&#039;exp\u00e9rience du nombre de cas dans le centre sur les r\u00e9sultats. Schreiber RA1, Barker CC, Roberts EA, Martin SR; Groupe canadien de recherche en h\u00e9patologie p\u00e9diatrique. J Pediatr Gastroenterol Nutr. 2010 juill;51(1):61-5. doi: 10.1097\/MPG.0b013e3181d67e5e.<\/li>\n<li>Atr\u00e9sie biliaire : l&#039;exp\u00e9rience canadienne. Schreiber RA, Barker CC, Roberts EA, Martin SR, Alvarez F, Smith L, Butzner JD, Wrobel I, Mack D, Moroz S, Rashid M, Persad R, Levesque D, Brill H, Bruce G, Critch J; Groupe canadien de recherche en h\u00e9patologie p\u00e9diatrique. J Pediatr. 2007 d\u00e9c.;151(6):659-65, 665.e1. Publication \u00e9lectronique 2007 oct. 22.<\/li>\n<\/ul>\n<p>&nbsp;<\/p>\n<h2>Coordonn\u00e9es des prospects et des membres du groupe<\/h2>\n<p>Caroline Jim\u00e9nez <a href=\"mailto:cajimenez@cheo.on.ca\">cajimenez@cheo.on.ca<\/a> (Chaise)<br \/>\nAndr\u00e9anne Zizzo <a href=\"mailto:andreanne.zizzo@lhsc.on.ca\">andreanne.zizzo@lhsc.on.ca<\/a><br \/>\nAnna Wieckowska <a href=\"mailto:Anna.Wieckowska@mail.chudequebec.ca\">anna.wieckowska@mail.chudequebec.ca<\/a><br \/>\nAshok Dandhapani <a href=\"mailto:Dhandapani.Ashok@lhsc.on.ca\">dhandapani.ashok@lhsc.on.ca<\/a><br \/>\nBinita Kamath <a href=\"mailto:binita.kamath@sickkids.ca\">binita.kamath@sickkids.ca<\/a><br \/>\nDecker Butzner <a href=\"mailto:butzner@ucalgary.ca\">butzner@ucalgary.ca<\/a><br \/>\nEve Roberts <a href=\"mailto:eve.roberts@sickkids.ca\">eve.roberts@sickkids.ca<\/a><br \/>\nFernando \u00c1lvarez <a href=\"mailto:Fernando.alvarez@umontreal.ca\">fernando.alvarez@umontreal.ca<\/a><br \/>\nGuttman, Orlee<a href=\"mailto:OGuttman@cw.bc.ca\"> oguttman@cw.bc.ca<\/a><br \/>\nHerbert Brill <a href=\"mailto:brillh@mcmaster.ca\">brillh@mcmaster.ca<\/a><br \/>\nJeff Critch <a href=\"mailto:habs19@nf.sympatico.ca\">habs19@nf.sympatico.ca<\/a><br \/>\nMassimiliano Paganelli <a href=\"mailto:m.paganelli@umontreal.ca\">m.paganelli@umontreal.ca<\/a><br \/>\nMohit Kehar <a href=\"mailto:mohit.kehar@kingstonhsc.ca\">mohit.kehar@kingstonhsc.ca<\/a><br \/>\nMohsin Rashid <a href=\"mailto:Mohsin.Rashid@iwk.nshealth.ca\">mohsin.rashid@iwk.nshealth.ca<\/a><br \/>\nNajma Ahmed <a href=\"mailto:najma.ahmed@mcgill.ca\">najma.ahmed@mcgill.ca<\/a><br \/>\nPatricia Kawada <a href=\"mailto:patricia.kawada@albertahealthservices.ca\">patricia.kawada@albertahealthservices.ca<\/a><br \/>\nPushpa Sathya <a href=\"mailto:pushpa.sathya5@gmail.com\">pushpa.sathya5@gmail.com<\/a><br \/>\nRick Schreiber, <a href=\"mailto:rschreiber@cw.bc.ca\">rschreiber@cw.bc.ca<\/a><br \/>\nSimon Ling <a href=\"mailto:simon.ling@sickkids.ca\">simon.ling@sickkids.ca<\/a><br \/>\nSteve Martin&nbsp;<a href=\"mailto:stevenR.martin@albertahealthservices.ca\">stevenR.martin@albertahealthservices.ca<\/a><br \/>\nSusan Gilmour <a href=\"mailto:susan.gilmour@albertahealthservices.ca\">susan.gilmour@albertahealthservices.ca<\/a><br \/>\nVicky Ng <a href=\"mailto:vicky.ng@sickkids.ca\">vicky.ng@sickkids.ca <\/a><br \/>\nQuais Mujawar <a href=\"mailto:qmujawar@exchange.hsc.mb.ca\">qmujawar@exchange.hsc.mb.ca<\/a><\/p>","protected":false},"excerpt":{"rendered":"<p>Canadian Pediatric Hepatology Research Group Subject Area\/Interest: Pediatric Hepatology The CPHRG is a network of Pediatric Hepatologists across Canada with [&hellip;]<\/p>\n","protected":false},"author":3,"featured_media":0,"parent":1339,"menu_order":26,"comment_status":"closed","ping_status":"closed","template":"","meta":{"_acf_changed":false,"site-sidebar-layout":"default","site-content-layout":"","ast-site-content-layout":"default","site-content-style":"default","site-sidebar-style":"default","ast-global-header-display":"","ast-banner-title-visibility":"","ast-main-header-display":"","ast-hfb-above-header-display":"","ast-hfb-below-header-display":"","ast-hfb-mobile-header-display":"","site-post-title":"","ast-breadcrumbs-content":"","ast-featured-img":"","footer-sml-layout":"","ast-disable-related-posts":"","theme-transparent-header-meta":"","adv-header-id-meta":"","stick-header-meta":"","header-above-stick-meta":"","header-main-stick-meta":"","header-below-stick-meta":"","astra-migrate-meta-layouts":"default","ast-page-background-enabled":"default","ast-page-background-meta":{"desktop":{"background-color":"var(--ast-global-color-4)","background-image":"","background-repeat":"repeat","background-position":"center center","background-size":"auto","background-attachment":"scroll","background-type":"","background-media":"","overlay-type":"","overlay-color":"","overlay-opacity":"","overlay-gradient":""},"tablet":{"background-color":"","background-image":"","background-repeat":"repeat","background-position":"center center","background-size":"auto","background-attachment":"scroll","background-type":"","background-media":"","overlay-type":"","overlay-color":"","overlay-opacity":"","overlay-gradient":""},"mobile":{"background-color":"","background-image":"","background-repeat":"repeat","background-position":"center center","background-size":"auto","background-attachment":"scroll","background-type":"","background-media":"","overlay-type":"","overlay-color":"","overlay-opacity":"","overlay-gradient":""}},"ast-content-background-meta":{"desktop":{"background-color":"var(--ast-global-color-5)","background-image":"","background-repeat":"repeat","background-position":"center center","background-size":"auto","background-attachment":"scroll","background-type":"","background-media":"","overlay-type":"","overlay-color":"","overlay-opacity":"","overlay-gradient":""},"tablet":{"background-color":"var(--ast-global-color-5)","background-image":"","background-repeat":"repeat","background-position":"center center","background-size":"auto","background-attachment":"scroll","background-type":"","background-media":"","overlay-type":"","overlay-color":"","overlay-opacity":"","overlay-gradient":""},"mobile":{"background-color":"var(--ast-global-color-5)","background-image":"","background-repeat":"repeat","background-position":"center center","background-size":"auto","background-attachment":"scroll","background-type":"","background-media":"","overlay-type":"","overlay-color":"","overlay-opacity":"","overlay-gradient":""}},"ngg_post_thumbnail":0,"footnotes":""},"class_list":["post-2287","page","type-page","status-publish","hentry"],"acf":[],"yoast_head":"<!-- This site is optimized with the Yoast SEO plugin v27.4 - https:\/\/yoast.com\/product\/yoast-seo-wordpress\/ -->\n<title>CPHRG - CASL - Canadian Association for the Study of the Liver<\/title>\n<meta name=\"description\" content=\"The CPHRG is a network of Pediatric Hepatologists across Canada with a mission to collaborate in pediatric liver diseases research and advocate for optimization of clinical care of children and youth with liver disease.\" \/>\n<meta name=\"robots\" content=\"index, follow, max-snippet:-1, max-image-preview:large, max-video-preview:-1\" \/>\n<link rel=\"canonical\" href=\"https:\/\/hepatology.ca\/fr\/research\/special-interest-groups\/canadian-pediatric-hepatology-research-group-cphrg\/\" \/>\n<meta property=\"og:locale\" content=\"fr_CA\" \/>\n<meta property=\"og:type\" content=\"article\" \/>\n<meta property=\"og:title\" content=\"CPHRG - CASL - Canadian Association for the Study of the Liver\" \/>\n<meta property=\"og:description\" content=\"The CPHRG is a network of Pediatric Hepatologists across Canada with a mission to collaborate in pediatric liver diseases research and advocate for optimization of clinical care of children and youth with liver disease.\" \/>\n<meta property=\"og:url\" content=\"https:\/\/hepatology.ca\/fr\/research\/special-interest-groups\/canadian-pediatric-hepatology-research-group-cphrg\/\" \/>\n<meta property=\"og:site_name\" content=\"CASL - Canadian Association for the Study of the Liver\" \/>\n<meta property=\"article:modified_time\" content=\"2024-06-07T13:22:11+00:00\" \/>\n<meta name=\"twitter:card\" content=\"summary_large_image\" \/>\n<meta name=\"twitter:label1\" content=\"Estimation du temps de lecture\" \/>\n\t<meta name=\"twitter:data1\" content=\"2 minutes\" \/>\n<script type=\"application\/ld+json\" class=\"yoast-schema-graph\">{\"@context\":\"https:\\\/\\\/schema.org\",\"@graph\":[{\"@type\":\"WebPage\",\"@id\":\"https:\\\/\\\/hepatology.ca\\\/research\\\/special-interest-groups\\\/canadian-pediatric-hepatology-research-group-cphrg\\\/\",\"url\":\"https:\\\/\\\/hepatology.ca\\\/research\\\/special-interest-groups\\\/canadian-pediatric-hepatology-research-group-cphrg\\\/\",\"name\":\"CPHRG - CASL - Canadian Association for the Study of the Liver\",\"isPartOf\":{\"@id\":\"https:\\\/\\\/hepatology.ca\\\/#website\"},\"datePublished\":\"2019-01-29T23:37:47+00:00\",\"dateModified\":\"2024-06-07T13:22:11+00:00\",\"description\":\"The CPHRG is a network of Pediatric Hepatologists across Canada with a mission to collaborate in pediatric liver diseases research and advocate for optimization of clinical care of children and youth with liver disease.\",\"breadcrumb\":{\"@id\":\"https:\\\/\\\/hepatology.ca\\\/research\\\/special-interest-groups\\\/canadian-pediatric-hepatology-research-group-cphrg\\\/#breadcrumb\"},\"inLanguage\":\"fr-CA\",\"potentialAction\":[{\"@type\":\"ReadAction\",\"target\":[\"https:\\\/\\\/hepatology.ca\\\/research\\\/special-interest-groups\\\/canadian-pediatric-hepatology-research-group-cphrg\\\/\"]}]},{\"@type\":\"BreadcrumbList\",\"@id\":\"https:\\\/\\\/hepatology.ca\\\/research\\\/special-interest-groups\\\/canadian-pediatric-hepatology-research-group-cphrg\\\/#breadcrumb\",\"itemListElement\":[{\"@type\":\"ListItem\",\"position\":1,\"name\":\"Home\",\"item\":\"https:\\\/\\\/hepatology.ca\\\/\"},{\"@type\":\"ListItem\",\"position\":2,\"name\":\"Research\",\"item\":\"https:\\\/\\\/hepatology.ca\\\/fr\\\/research\\\/\"},{\"@type\":\"ListItem\",\"position\":3,\"name\":\"Special Interest Groups\",\"item\":\"https:\\\/\\\/hepatology.ca\\\/research\\\/special-interest-groups\\\/\"},{\"@type\":\"ListItem\",\"position\":4,\"name\":\"CPHRG\"}]},{\"@type\":\"WebSite\",\"@id\":\"https:\\\/\\\/hepatology.ca\\\/#website\",\"url\":\"https:\\\/\\\/hepatology.ca\\\/\",\"name\":\"CASL\",\"description\":\"Canada\u2019s home for liver experts\",\"publisher\":{\"@id\":\"https:\\\/\\\/hepatology.ca\\\/#organization\"},\"potentialAction\":[{\"@type\":\"SearchAction\",\"target\":{\"@type\":\"EntryPoint\",\"urlTemplate\":\"https:\\\/\\\/hepatology.ca\\\/?s={search_term_string}\"},\"query-input\":{\"@type\":\"PropertyValueSpecification\",\"valueRequired\":true,\"valueName\":\"search_term_string\"}}],\"inLanguage\":\"fr-CA\"},{\"@type\":\"Organization\",\"@id\":\"https:\\\/\\\/hepatology.ca\\\/#organization\",\"name\":\"Canadian Association for the Study of the Liver\",\"url\":\"https:\\\/\\\/hepatology.ca\\\/\",\"logo\":{\"@type\":\"ImageObject\",\"inLanguage\":\"fr-CA\",\"@id\":\"https:\\\/\\\/hepatology.ca\\\/#\\\/schema\\\/logo\\\/image\\\/\",\"url\":\"https:\\\/\\\/hepatology.ca\\\/wp-content\\\/uploads\\\/2024\\\/06\\\/CASL-logo-transparent-background.png\",\"contentUrl\":\"https:\\\/\\\/hepatology.ca\\\/wp-content\\\/uploads\\\/2024\\\/06\\\/CASL-logo-transparent-background.png\",\"width\":1040,\"height\":294,\"caption\":\"Canadian Association for the Study of the Liver\"},\"image\":{\"@id\":\"https:\\\/\\\/hepatology.ca\\\/#\\\/schema\\\/logo\\\/image\\\/\"}}]}<\/script>\n<!-- \/ Yoast SEO plugin. -->","yoast_head_json":{"title":"CPHRG - CASL - Association canadienne pour l&#039;\u00e9tude du foie","description":"Le CPHRG est un r\u00e9seau d\u2019h\u00e9patologues p\u00e9diatriques \u00e0 travers le Canada dont la mission est de collaborer \u00e0 la recherche sur les maladies du foie p\u00e9diatriques et de plaider en faveur de l\u2019optimisation des soins cliniques des enfants et des jeunes atteints d\u2019une maladie du foie.","robots":{"index":"index","follow":"follow","max-snippet":"max-snippet:-1","max-image-preview":"max-image-preview:large","max-video-preview":"max-video-preview:-1"},"canonical":"https:\/\/hepatology.ca\/fr\/research\/special-interest-groups\/canadian-pediatric-hepatology-research-group-cphrg\/","og_locale":"fr_CA","og_type":"article","og_title":"CPHRG - CASL - Canadian Association for the Study of the Liver","og_description":"The CPHRG is a network of Pediatric Hepatologists across Canada with a mission to collaborate in pediatric liver diseases research and advocate for optimization of clinical care of children and youth with liver disease.","og_url":"https:\/\/hepatology.ca\/fr\/research\/special-interest-groups\/canadian-pediatric-hepatology-research-group-cphrg\/","og_site_name":"CASL - Canadian Association for the Study of the Liver","article_modified_time":"2024-06-07T13:22:11+00:00","twitter_card":"summary_large_image","twitter_misc":{"Estimation du temps de lecture":"2 minutes"},"schema":{"@context":"https:\/\/schema.org","@graph":[{"@type":"WebPage","@id":"https:\/\/hepatology.ca\/research\/special-interest-groups\/canadian-pediatric-hepatology-research-group-cphrg\/","url":"https:\/\/hepatology.ca\/research\/special-interest-groups\/canadian-pediatric-hepatology-research-group-cphrg\/","name":"CPHRG - CASL - Association canadienne pour l&#039;\u00e9tude du foie","isPartOf":{"@id":"https:\/\/hepatology.ca\/#website"},"datePublished":"2019-01-29T23:37:47+00:00","dateModified":"2024-06-07T13:22:11+00:00","description":"Le CPHRG est un r\u00e9seau d\u2019h\u00e9patologues p\u00e9diatriques \u00e0 travers le Canada dont la mission est de collaborer \u00e0 la recherche sur les maladies du foie p\u00e9diatriques et de plaider en faveur de l\u2019optimisation des soins cliniques des enfants et des jeunes atteints d\u2019une maladie du foie.","breadcrumb":{"@id":"https:\/\/hepatology.ca\/research\/special-interest-groups\/canadian-pediatric-hepatology-research-group-cphrg\/#breadcrumb"},"inLanguage":"fr-CA","potentialAction":[{"@type":"ReadAction","target":["https:\/\/hepatology.ca\/research\/special-interest-groups\/canadian-pediatric-hepatology-research-group-cphrg\/"]}]},{"@type":"BreadcrumbList","@id":"https:\/\/hepatology.ca\/research\/special-interest-groups\/canadian-pediatric-hepatology-research-group-cphrg\/#breadcrumb","itemListElement":[{"@type":"ListItem","position":1,"name":"Home","item":"https:\/\/hepatology.ca\/"},{"@type":"ListItem","position":2,"name":"Research","item":"https:\/\/hepatology.ca\/fr\/research\/"},{"@type":"ListItem","position":3,"name":"Special Interest Groups","item":"https:\/\/hepatology.ca\/research\/special-interest-groups\/"},{"@type":"ListItem","position":4,"name":"CPHRG"}]},{"@type":"WebSite","@id":"https:\/\/hepatology.ca\/#website","url":"https:\/\/hepatology.ca\/","name":"LCAP","description":"Le foyer canadien des experts du foie","publisher":{"@id":"https:\/\/hepatology.ca\/#organization"},"potentialAction":[{"@type":"SearchAction","target":{"@type":"EntryPoint","urlTemplate":"https:\/\/hepatology.ca\/?s={search_term_string}"},"query-input":{"@type":"PropertyValueSpecification","valueRequired":true,"valueName":"search_term_string"}}],"inLanguage":"fr-CA"},{"@type":"Organization","@id":"https:\/\/hepatology.ca\/#organization","name":"Association canadienne pour l&#039;\u00e9tude du foie","url":"https:\/\/hepatology.ca\/","logo":{"@type":"ImageObject","inLanguage":"fr-CA","@id":"https:\/\/hepatology.ca\/#\/schema\/logo\/image\/","url":"https:\/\/hepatology.ca\/wp-content\/uploads\/2024\/06\/CASL-logo-transparent-background.png","contentUrl":"https:\/\/hepatology.ca\/wp-content\/uploads\/2024\/06\/CASL-logo-transparent-background.png","width":1040,"height":294,"caption":"Canadian Association for the Study of the Liver"},"image":{"@id":"https:\/\/hepatology.ca\/#\/schema\/logo\/image\/"}}]}},"_links":{"self":[{"href":"https:\/\/hepatology.ca\/fr\/wp-json\/wp\/v2\/pages\/2287","targetHints":{"allow":["GET"]}}],"collection":[{"href":"https:\/\/hepatology.ca\/fr\/wp-json\/wp\/v2\/pages"}],"about":[{"href":"https:\/\/hepatology.ca\/fr\/wp-json\/wp\/v2\/types\/page"}],"author":[{"embeddable":true,"href":"https:\/\/hepatology.ca\/fr\/wp-json\/wp\/v2\/users\/3"}],"replies":[{"embeddable":true,"href":"https:\/\/hepatology.ca\/fr\/wp-json\/wp\/v2\/comments?post=2287"}],"version-history":[{"count":5,"href":"https:\/\/hepatology.ca\/fr\/wp-json\/wp\/v2\/pages\/2287\/revisions"}],"predecessor-version":[{"id":2511,"href":"https:\/\/hepatology.ca\/fr\/wp-json\/wp\/v2\/pages\/2287\/revisions\/2511"}],"up":[{"embeddable":true,"href":"https:\/\/hepatology.ca\/fr\/wp-json\/wp\/v2\/pages\/1339"}],"wp:attachment":[{"href":"https:\/\/hepatology.ca\/fr\/wp-json\/wp\/v2\/media?parent=2287"}],"curies":[{"name":"wp","href":"https:\/\/api.w.org\/{rel}","templated":true}]}}