{"id":2159,"date":"2018-08-01T22:23:52","date_gmt":"2018-08-01T22:23:52","guid":{"rendered":"http:\/\/bolinphoto.com\/demo\/hepatology\/?page_id=2159"},"modified":"2026-03-10T20:37:57","modified_gmt":"2026-03-10T20:37:57","slug":"single-topic-conference","status":"publish","type":"page","link":"https:\/\/hepatology.ca\/fr\/education-events\/single-topic-conference\/","title":{"rendered":"Conf\u00e9rence \u00e0 th\u00e8me unique"},"content":{"rendered":"<p><strong>CONFERENCES A THEME UNIQUE PASS\u00c9ES<\/strong><\/p>\n<p><strong>2025\u00a0: Maladies auto-immunes et maladies rares du foie<br><\/strong>Voir le <a href=\"https:\/\/www.caslstc.ca\/stc2025\/program\" target=\"_blank\" rel=\"noopener\">programme de la conf\u00e9rence<\/a><\/p>\n<p><strong>2024 : Carcinome h\u00e9patocellulaire, organis\u00e9 conjointement avec le congr\u00e8s annuel de l&#039;Association internationale du cancer du foie (ILCA)<br><\/strong>Voir le <a href=\"https:\/\/andlogistix.swoogo.com\/stc2024\/agenda\" target=\"_blank\" rel=\"noopener\">programme de la conf\u00e9rence<\/a><\/p>\n<p><strong>2023 : Progr\u00e8s vers l\u2019\u00e9limination de l\u2019h\u00e9patite B au Canada<br><\/strong>Voir le <a href=\"https:\/\/site.pheedloop.com\/event\/stc2023\/schedule\" target=\"_blank\" rel=\"noopener\">programme de la conf\u00e9rence<\/a><\/p>\n<p><strong>2022\u00a0:\u00a0maladies h\u00e9patiques associ\u00e9es \u00e0 l&#039;alcool<\/strong><br>Voir le <a href=\"https:\/\/www.canadianlivermeeting.ca\/\" target=\"_blank\" rel=\"noopener\">programme de la conf\u00e9rence<\/a><\/p>\n<p><strong>2021 : Premi\u00e8re r\u00e9union annuelle du R\u00e9seau canadien Nash (CANNASH)<br><\/strong>Voir le <a href=\"https:\/\/event.fourwaves.com\/cannash-casl-2021\/pages\" target=\"_blank\" rel=\"noopener\">programme de la conf\u00e9rence<\/a><\/p>\n<p><strong>2019 : Maladies auto-immunes du foie<\/strong><br>Voir le <a href=\"https:\/\/hepatology.ca\/wp-content\/uploads\/2021\/01\/2019-CASL-Single-Topic-Conference-Final-Program.pdf\" target=\"_blank\" rel=\"noopener\">programme de la conf\u00e9rence<\/a><\/p>\n<p><strong>2018 : Cirrhose d\u00e9compens\u00e9e \u2013 De la clinique \u00e0 la transplantation<\/strong><br>Voir le <a href=\"https:\/\/hepatology.ca\/wp-content\/uploads\/2021\/01\/2018-CASL-Single-Topic-Conference-Program.pdf\" target=\"_blank\" rel=\"noopener\">programme de la conf\u00e9rence<\/a><\/p>\n<p><strong>2017 : St\u00e9atose h\u00e9patique non alcoolique<\/strong><br>Voir la conf\u00e9rence <a href=\"https:\/\/hepatology.ca\/wp-content\/uploads\/2021\/01\/2017-CASL-Single-Topic-Conference-NAFLD-Program.pdf\">brochure<\/a><\/p>","protected":false},"excerpt":{"rendered":"<p>PAST SINGLE TOPIC CONFERENCES 2025: Autoimmune and Rare Liver DiseaseView the conference program 2024: Hepatocellular Carcinoma, held in conjunction with [&hellip;]<\/p>\n","protected":false},"author":3,"featured_media":0,"parent":31,"menu_order":34,"comment_status":"closed","ping_status":"closed","template":"","meta":{"_acf_changed":false,"site-sidebar-layout":"default","site-content-layout":"","ast-site-content-layout":"default","site-content-style":"default","site-sidebar-style":"default","ast-global-header-display":"","ast-banner-title-visibility":"","ast-main-header-display":"","ast-hfb-above-header-display":"","ast-hfb-below-header-display":"","ast-hfb-mobile-header-display":"","site-post-title":"","ast-breadcrumbs-content":"","ast-featured-img":"","footer-sml-layout":"","ast-disable-related-posts":"","theme-transparent-header-meta":"","adv-header-id-meta":"","stick-header-meta":"","header-above-stick-meta":"","header-main-stick-meta":"","header-below-stick-meta":"","astra-migrate-meta-layouts":"default","ast-page-background-enabled":"default","ast-page-background-meta":{"desktop":{"background-color":"var(--ast-global-color-4)","background-image":"","background-repeat":"repeat","background-position":"center center","background-size":"auto","background-attachment":"scroll","background-type":"","background-media":"","overlay-type":"","overlay-color":"","overlay-opacity":"","overlay-gradient":""},"tablet":{"background-color":"","background-image":"","background-repeat":"repeat","background-position":"center center","background-size":"auto","background-attachment":"scroll","background-type":"","background-media":"","overlay-type":"","overlay-color":"","overlay-opacity":"","overlay-gradient":""},"mobile":{"background-color":"","background-image":"","background-repeat":"repeat","background-position":"center center","background-size":"auto","background-attachment":"scroll","background-type":"","background-media":"","overlay-type":"","overlay-color":"","overlay-opacity":"","overlay-gradient":""}},"ast-content-background-meta":{"desktop":{"background-color":"var(--ast-global-color-5)","background-image":"","background-repeat":"repeat","background-position":"center center","background-size":"auto","background-attachment":"scroll","background-type":"","background-media":"","overlay-type":"","overlay-color":"","overlay-opacity":"","overlay-gradient":""},"tablet":{"background-color":"var(--ast-global-color-5)","background-image":"","background-repeat":"repeat","background-position":"center center","background-size":"auto","background-attachment":"scroll","background-type":"","background-media":"","overlay-type":"","overlay-color":"","overlay-opacity":"","overlay-gradient":""},"mobile":{"background-color":"var(--ast-global-color-5)","background-image":"","background-repeat":"repeat","background-position":"center center","background-size":"auto","background-attachment":"scroll","background-type":"","background-media":"","overlay-type":"","overlay-color":"","overlay-opacity":"","overlay-gradient":""}},"ngg_post_thumbnail":0,"footnotes":""},"class_list":["post-2159","page","type-page","status-publish","hentry"],"acf":[],"yoast_head":"<!-- This site is optimized with the Yoast SEO plugin v27.4 - https:\/\/yoast.com\/product\/yoast-seo-wordpress\/ -->\n<title>Single Topic Conference - CASL - Canadian Association for the Study of the Liver<\/title>\n<meta name=\"description\" content=\"CASL Single Topic Conference on HCC will be held\u00a0in conjunction with the International Liver Cancer Association\u00a0in Toronto,\u00a0Oct. 19-20, 2024.\" \/>\n<meta name=\"robots\" content=\"index, follow, max-snippet:-1, max-image-preview:large, max-video-preview:-1\" \/>\n<link rel=\"canonical\" href=\"https:\/\/hepatology.ca\/fr\/education-events\/single-topic-conference\/\" \/>\n<meta property=\"og:locale\" content=\"fr_CA\" \/>\n<meta property=\"og:type\" content=\"article\" \/>\n<meta property=\"og:title\" content=\"Single Topic Conference - CASL - Canadian Association for the Study of the Liver\" \/>\n<meta property=\"og:description\" content=\"CASL Single Topic Conference on HCC will be held\u00a0in conjunction with the International Liver Cancer Association\u00a0in Toronto,\u00a0Oct. 19-20, 2024.\" \/>\n<meta property=\"og:url\" content=\"https:\/\/hepatology.ca\/fr\/education-events\/single-topic-conference\/\" \/>\n<meta property=\"og:site_name\" content=\"CASL - Canadian Association for the Study of the Liver\" \/>\n<meta property=\"article:modified_time\" content=\"2026-03-10T20:37:57+00:00\" \/>\n<meta property=\"og:image\" content=\"https:\/\/hepatology.ca\/wp-content\/uploads\/2024\/04\/Joint-ILCA-STC-2024-banner-1024x307.png\" \/>\n<meta name=\"twitter:card\" content=\"summary_large_image\" \/>\n<meta name=\"twitter:label1\" content=\"Estimation du temps de lecture\" \/>\n\t<meta name=\"twitter:data1\" content=\"1 minute\" \/>\n<script type=\"application\/ld+json\" class=\"yoast-schema-graph\">{\"@context\":\"https:\\\/\\\/schema.org\",\"@graph\":[{\"@type\":\"WebPage\",\"@id\":\"https:\\\/\\\/hepatology.ca\\\/education-events\\\/single-topic-conference\\\/\",\"url\":\"https:\\\/\\\/hepatology.ca\\\/education-events\\\/single-topic-conference\\\/\",\"name\":\"Single Topic Conference - CASL - Canadian Association for the Study of the Liver\",\"isPartOf\":{\"@id\":\"https:\\\/\\\/hepatology.ca\\\/#website\"},\"primaryImageOfPage\":{\"@id\":\"https:\\\/\\\/hepatology.ca\\\/education-events\\\/single-topic-conference\\\/#primaryimage\"},\"image\":{\"@id\":\"https:\\\/\\\/hepatology.ca\\\/education-events\\\/single-topic-conference\\\/#primaryimage\"},\"thumbnailUrl\":\"https:\\\/\\\/hepatology.ca\\\/wp-content\\\/uploads\\\/2024\\\/04\\\/Joint-ILCA-STC-2024-banner-1024x307.png\",\"datePublished\":\"2018-08-01T22:23:52+00:00\",\"dateModified\":\"2026-03-10T20:37:57+00:00\",\"description\":\"CASL Single Topic Conference on HCC will be held\u00a0in conjunction with the International Liver Cancer Association\u00a0in Toronto,\u00a0Oct. 19-20, 2024.\",\"breadcrumb\":{\"@id\":\"https:\\\/\\\/hepatology.ca\\\/education-events\\\/single-topic-conference\\\/#breadcrumb\"},\"inLanguage\":\"fr-CA\",\"potentialAction\":[{\"@type\":\"ReadAction\",\"target\":[\"https:\\\/\\\/hepatology.ca\\\/education-events\\\/single-topic-conference\\\/\"]}]},{\"@type\":\"ImageObject\",\"inLanguage\":\"fr-CA\",\"@id\":\"https:\\\/\\\/hepatology.ca\\\/education-events\\\/single-topic-conference\\\/#primaryimage\",\"url\":\"https:\\\/\\\/hepatology.ca\\\/wp-content\\\/uploads\\\/2024\\\/04\\\/Joint-ILCA-STC-2024-banner-1024x307.png\",\"contentUrl\":\"https:\\\/\\\/hepatology.ca\\\/wp-content\\\/uploads\\\/2024\\\/04\\\/Joint-ILCA-STC-2024-banner-1024x307.png\"},{\"@type\":\"BreadcrumbList\",\"@id\":\"https:\\\/\\\/hepatology.ca\\\/education-events\\\/single-topic-conference\\\/#breadcrumb\",\"itemListElement\":[{\"@type\":\"ListItem\",\"position\":1,\"name\":\"Home\",\"item\":\"https:\\\/\\\/hepatology.ca\\\/\"},{\"@type\":\"ListItem\",\"position\":2,\"name\":\"Education &#038; Events\",\"item\":\"https:\\\/\\\/hepatology.ca\\\/education-events\\\/\"},{\"@type\":\"ListItem\",\"position\":3,\"name\":\"Single Topic Conference\"}]},{\"@type\":\"WebSite\",\"@id\":\"https:\\\/\\\/hepatology.ca\\\/#website\",\"url\":\"https:\\\/\\\/hepatology.ca\\\/\",\"name\":\"CASL\",\"description\":\"Canada\u2019s home for liver experts\",\"publisher\":{\"@id\":\"https:\\\/\\\/hepatology.ca\\\/#organization\"},\"potentialAction\":[{\"@type\":\"SearchAction\",\"target\":{\"@type\":\"EntryPoint\",\"urlTemplate\":\"https:\\\/\\\/hepatology.ca\\\/?s={search_term_string}\"},\"query-input\":{\"@type\":\"PropertyValueSpecification\",\"valueRequired\":true,\"valueName\":\"search_term_string\"}}],\"inLanguage\":\"fr-CA\"},{\"@type\":\"Organization\",\"@id\":\"https:\\\/\\\/hepatology.ca\\\/#organization\",\"name\":\"Canadian Association for the Study of the Liver\",\"url\":\"https:\\\/\\\/hepatology.ca\\\/\",\"logo\":{\"@type\":\"ImageObject\",\"inLanguage\":\"fr-CA\",\"@id\":\"https:\\\/\\\/hepatology.ca\\\/#\\\/schema\\\/logo\\\/image\\\/\",\"url\":\"https:\\\/\\\/hepatology.ca\\\/wp-content\\\/uploads\\\/2024\\\/06\\\/CASL-logo-transparent-background.png\",\"contentUrl\":\"https:\\\/\\\/hepatology.ca\\\/wp-content\\\/uploads\\\/2024\\\/06\\\/CASL-logo-transparent-background.png\",\"width\":1040,\"height\":294,\"caption\":\"Canadian Association for the Study of the Liver\"},\"image\":{\"@id\":\"https:\\\/\\\/hepatology.ca\\\/#\\\/schema\\\/logo\\\/image\\\/\"}}]}<\/script>\n<!-- \/ Yoast SEO plugin. -->","yoast_head_json":{"title":"Conf\u00e9rence \u00e0 th\u00e8me unique \u2013 CASL \u2013 Association canadienne pour l&#039;\u00e9tude du foie","description":"La conf\u00e9rence th\u00e9matique unique de l&#039;ACL sur le CHC se tiendra en collaboration avec l&#039;International Liver Cancer Association \u00e0 Toronto, du 19 au 20 octobre 2024.","robots":{"index":"index","follow":"follow","max-snippet":"max-snippet:-1","max-image-preview":"max-image-preview:large","max-video-preview":"max-video-preview:-1"},"canonical":"https:\/\/hepatology.ca\/fr\/education-events\/single-topic-conference\/","og_locale":"fr_CA","og_type":"article","og_title":"Single Topic Conference - CASL - Canadian Association for the Study of the Liver","og_description":"CASL Single Topic Conference on HCC will be held\u00a0in conjunction with the International Liver Cancer Association\u00a0in Toronto,\u00a0Oct. 19-20, 2024.","og_url":"https:\/\/hepatology.ca\/fr\/education-events\/single-topic-conference\/","og_site_name":"CASL - Canadian Association for the Study of the Liver","article_modified_time":"2026-03-10T20:37:57+00:00","og_image":[{"url":"https:\/\/hepatology.ca\/wp-content\/uploads\/2024\/04\/Joint-ILCA-STC-2024-banner-1024x307.png","type":"","width":"","height":""}],"twitter_card":"summary_large_image","twitter_misc":{"Estimation du temps de lecture":"1 minute"},"schema":{"@context":"https:\/\/schema.org","@graph":[{"@type":"WebPage","@id":"https:\/\/hepatology.ca\/education-events\/single-topic-conference\/","url":"https:\/\/hepatology.ca\/education-events\/single-topic-conference\/","name":"Conf\u00e9rence \u00e0 th\u00e8me unique \u2013 CASL \u2013 Association canadienne pour l&#039;\u00e9tude du foie","isPartOf":{"@id":"https:\/\/hepatology.ca\/#website"},"primaryImageOfPage":{"@id":"https:\/\/hepatology.ca\/education-events\/single-topic-conference\/#primaryimage"},"image":{"@id":"https:\/\/hepatology.ca\/education-events\/single-topic-conference\/#primaryimage"},"thumbnailUrl":"https:\/\/hepatology.ca\/wp-content\/uploads\/2024\/04\/Joint-ILCA-STC-2024-banner-1024x307.png","datePublished":"2018-08-01T22:23:52+00:00","dateModified":"2026-03-10T20:37:57+00:00","description":"La conf\u00e9rence th\u00e9matique unique de l&#039;ACL sur le CHC se tiendra en collaboration avec l&#039;International Liver Cancer Association \u00e0 Toronto, du 19 au 20 octobre 2024.","breadcrumb":{"@id":"https:\/\/hepatology.ca\/education-events\/single-topic-conference\/#breadcrumb"},"inLanguage":"fr-CA","potentialAction":[{"@type":"ReadAction","target":["https:\/\/hepatology.ca\/education-events\/single-topic-conference\/"]}]},{"@type":"ImageObject","inLanguage":"fr-CA","@id":"https:\/\/hepatology.ca\/education-events\/single-topic-conference\/#primaryimage","url":"https:\/\/hepatology.ca\/wp-content\/uploads\/2024\/04\/Joint-ILCA-STC-2024-banner-1024x307.png","contentUrl":"https:\/\/hepatology.ca\/wp-content\/uploads\/2024\/04\/Joint-ILCA-STC-2024-banner-1024x307.png"},{"@type":"BreadcrumbList","@id":"https:\/\/hepatology.ca\/education-events\/single-topic-conference\/#breadcrumb","itemListElement":[{"@type":"ListItem","position":1,"name":"Home","item":"https:\/\/hepatology.ca\/"},{"@type":"ListItem","position":2,"name":"Education &#038; Events","item":"https:\/\/hepatology.ca\/education-events\/"},{"@type":"ListItem","position":3,"name":"Single Topic Conference"}]},{"@type":"WebSite","@id":"https:\/\/hepatology.ca\/#website","url":"https:\/\/hepatology.ca\/","name":"LCAP","description":"Le foyer canadien des experts du foie","publisher":{"@id":"https:\/\/hepatology.ca\/#organization"},"potentialAction":[{"@type":"SearchAction","target":{"@type":"EntryPoint","urlTemplate":"https:\/\/hepatology.ca\/?s={search_term_string}"},"query-input":{"@type":"PropertyValueSpecification","valueRequired":true,"valueName":"search_term_string"}}],"inLanguage":"fr-CA"},{"@type":"Organization","@id":"https:\/\/hepatology.ca\/#organization","name":"Association canadienne pour l&#039;\u00e9tude du foie","url":"https:\/\/hepatology.ca\/","logo":{"@type":"ImageObject","inLanguage":"fr-CA","@id":"https:\/\/hepatology.ca\/#\/schema\/logo\/image\/","url":"https:\/\/hepatology.ca\/wp-content\/uploads\/2024\/06\/CASL-logo-transparent-background.png","contentUrl":"https:\/\/hepatology.ca\/wp-content\/uploads\/2024\/06\/CASL-logo-transparent-background.png","width":1040,"height":294,"caption":"Canadian Association for the Study of the Liver"},"image":{"@id":"https:\/\/hepatology.ca\/#\/schema\/logo\/image\/"}}]}},"_links":{"self":[{"href":"https:\/\/hepatology.ca\/fr\/wp-json\/wp\/v2\/pages\/2159","targetHints":{"allow":["GET"]}}],"collection":[{"href":"https:\/\/hepatology.ca\/fr\/wp-json\/wp\/v2\/pages"}],"about":[{"href":"https:\/\/hepatology.ca\/fr\/wp-json\/wp\/v2\/types\/page"}],"author":[{"embeddable":true,"href":"https:\/\/hepatology.ca\/fr\/wp-json\/wp\/v2\/users\/3"}],"replies":[{"embeddable":true,"href":"https:\/\/hepatology.ca\/fr\/wp-json\/wp\/v2\/comments?post=2159"}],"version-history":[{"count":19,"href":"https:\/\/hepatology.ca\/fr\/wp-json\/wp\/v2\/pages\/2159\/revisions"}],"predecessor-version":[{"id":5182,"href":"https:\/\/hepatology.ca\/fr\/wp-json\/wp\/v2\/pages\/2159\/revisions\/5182"}],"up":[{"embeddable":true,"href":"https:\/\/hepatology.ca\/fr\/wp-json\/wp\/v2\/pages\/31"}],"wp:attachment":[{"href":"https:\/\/hepatology.ca\/fr\/wp-json\/wp\/v2\/media?parent=2159"}],"curies":[{"name":"wp","href":"https:\/\/api.w.org\/{rel}","templated":true}]}}