{"id":2151,"date":"2018-08-01T20:24:49","date_gmt":"2018-08-01T20:24:49","guid":{"rendered":"http:\/\/bolinphoto.com\/demo\/hepatology\/canadian-liver-journal\/"},"modified":"2024-06-08T21:59:59","modified_gmt":"2024-06-08T21:59:59","slug":"canadian-liver-journal","status":"publish","type":"page","link":"https:\/\/hepatology.ca\/fr\/publications\/canadian-liver-journal\/","title":{"rendered":"Journal canadien du foie"},"content":{"rendered":"<div data-elementor-type=\"wp-page\" data-elementor-id=\"2151\" class=\"elementor elementor-2151\">\n\t\t\t\t<div class=\"elementor-element elementor-element-3f79a6c1 e-flex e-con-boxed e-con e-parent\" data-id=\"3f79a6c1\" data-element_type=\"container\" data-e-type=\"container\">\n\t\t\t\t\t<div class=\"e-con-inner\">\n\t\t\t\t<div class=\"elementor-element elementor-element-62b4067 elementor-widget elementor-widget-uael-infobox\" data-id=\"62b4067\" data-element_type=\"widget\" data-e-type=\"widget\" data-widget_type=\"uael-infobox.default\">\n\t\t\t\t<div class=\"elementor-widget-container\">\n\t\t\t\t\t\n<div class=\"uael-module-content uael-infobox uael-imgicon-style-normal  uael-infobox-left  infobox-has-photo uael-infobox-photo-left  uael-infobox-image-valign-top  uael-infobox-stacked-tablet  uael-infobox-link-type-link\">\n\t<div class=\"uael-infobox-left-right-wrap\">\n\t\t\t\t\t\t\t\t<div class=\"uael-module-content uael-imgicon-wrap\">\t\t\t\t\t\t\t\t\t\t\t\n\t\t\t\t\t\t\t\t\t\t\t\t\t\t\t\t<div class=\"uael-image\" itemscope itemtype=\"http:\/\/schema.org\/ImageObject\">\n\t\t\t\t\t\t\t<div class=\"uael-image-content elementor-animation-\">\n\t\t\t\t\t\t\t\t<img decoding=\"async\" src=\"https:\/\/canlivj.utpjournals.press\/sda\/101517\/canlivj-7-2.jpg\" title=\"\" alt=\"\" loading=\"lazy\" \/>\t\t\t\t\t\t\t<\/div>\n\t\t\t\t\t\t<\/div>\n\n\t\t\t\t\t\t\t\t\t<\/div>\n\t\t\t\t\t\t<div class=\"uael-infobox-content\">\n\t\t\t\t\t\t<div class='uael-infobox-title-wrap'><\/div>\t\t\t\t\t\t\t\t\t<div class=\"uael-infobox-text-wrap\">\n\t\t\t\t<div class=\"uael-infobox-text elementor-inline-editing\" data-elementor-setting-key=\"infobox_description\" data-elementor-inline-editing-toolbar=\"advanced\">\n\t\t\t\t\tL&#039;objectif de la Revue canadienne du foie, en tant que revue officielle de l&#039;Association canadienne pour l&#039;\u00e9tude du foie, est de promouvoir la recherche, l&#039;\u00e9ducation et les soins cliniques en mati\u00e8re de maladies du foie au sein des communaut\u00e9s canadiennes et internationales. La Revue canadienne du foie accueille des recherches cliniques et translationnelles originales, des articles de synth\u00e8se, des rapports de cas, des commentaires et des lettres \u00e0 l&#039;\u00e9diteur sur tous les aspects des maladies du foie. La Revue canadienne du foie est une revue \u00e0 acc\u00e8s libre \u00e9valu\u00e9e par des pairs.\t\t\t\t<\/div>\n\t\t\t\t\t\n\t\t\t\t\t\t\t<div class=\"uael-infobox-cta-link-style\">\n\t\t\t\t<a href=\"https:\/\/canlivj.utpjournals.press\/\" class=\"uael-infobox-cta-link\">\n\t\t\t\t\t\t\t\t\t\t\t<span class=\"elementor-inline-editing\" data-elementor-setting-key=\"infobox_link_text\" data-elementor-inline-editing-toolbar=\"basic\">Cliquez ici pour acc\u00e9der au Journal<\/span>\n\t\t\t\t\t\t\t\t\t\t\t\t\t<span class=\"uael-infobox-link-icon uael-infobox-link-icon-after\">\n\t\t\t\t\t\t\t\t\t\t\t\t\t\t\t\t\t<\/span>\n\t\t\t\t\t\t\t\t\t\t\t\t\t\t\t\t\t\t\t\t\t\t<\/a>\n\t\t\t<\/div>\n\t\t\t\t\t\t<\/div>\n\t\t<\/div>\n\t\t\t<\/div>\n<\/div>\n\t\t\t\t<\/div>\n\t\t\t\t<\/div>\n\t\t\t\t\t<\/div>\n\t\t\t\t<\/div>\n\t\t\t\t<\/div>","protected":false},"excerpt":{"rendered":"<p>The goal of the\u00a0Canadian Liver Journal, as the official journal of the\u00a0Canadian Association for the Study of Liver, is to [&hellip;]<\/p>\n","protected":false},"author":3,"featured_media":0,"parent":33,"menu_order":23,"comment_status":"closed","ping_status":"closed","template":"","meta":{"_acf_changed":false,"site-sidebar-layout":"default","site-content-layout":"","ast-site-content-layout":"default","site-content-style":"default","site-sidebar-style":"default","ast-global-header-display":"","ast-banner-title-visibility":"","ast-main-header-display":"","ast-hfb-above-header-display":"","ast-hfb-below-header-display":"","ast-hfb-mobile-header-display":"","site-post-title":"","ast-breadcrumbs-content":"","ast-featured-img":"","footer-sml-layout":"","ast-disable-related-posts":"","theme-transparent-header-meta":"","adv-header-id-meta":"","stick-header-meta":"","header-above-stick-meta":"","header-main-stick-meta":"","header-below-stick-meta":"","astra-migrate-meta-layouts":"default","ast-page-background-enabled":"default","ast-page-background-meta":{"desktop":{"background-color":"var(--ast-global-color-4)","background-image":"","background-repeat":"repeat","background-position":"center center","background-size":"auto","background-attachment":"scroll","background-type":"","background-media":"","overlay-type":"","overlay-color":"","overlay-opacity":"","overlay-gradient":""},"tablet":{"background-color":"","background-image":"","background-repeat":"repeat","background-position":"center center","background-size":"auto","background-attachment":"scroll","background-type":"","background-media":"","overlay-type":"","overlay-color":"","overlay-opacity":"","overlay-gradient":""},"mobile":{"background-color":"","background-image":"","background-repeat":"repeat","background-position":"center center","background-size":"auto","background-attachment":"scroll","background-type":"","background-media":"","overlay-type":"","overlay-color":"","overlay-opacity":"","overlay-gradient":""}},"ast-content-background-meta":{"desktop":{"background-color":"var(--ast-global-color-5)","background-image":"","background-repeat":"repeat","background-position":"center center","background-size":"auto","background-attachment":"scroll","background-type":"","background-media":"","overlay-type":"","overlay-color":"","overlay-opacity":"","overlay-gradient":""},"tablet":{"background-color":"var(--ast-global-color-5)","background-image":"","background-repeat":"repeat","background-position":"center center","background-size":"auto","background-attachment":"scroll","background-type":"","background-media":"","overlay-type":"","overlay-color":"","overlay-opacity":"","overlay-gradient":""},"mobile":{"background-color":"var(--ast-global-color-5)","background-image":"","background-repeat":"repeat","background-position":"center center","background-size":"auto","background-attachment":"scroll","background-type":"","background-media":"","overlay-type":"","overlay-color":"","overlay-opacity":"","overlay-gradient":""}},"ngg_post_thumbnail":0,"footnotes":""},"class_list":["post-2151","page","type-page","status-publish","hentry"],"acf":[],"yoast_head":"<!-- This site is optimized with the Yoast SEO plugin v27.5 - https:\/\/yoast.com\/product\/yoast-seo-wordpress\/ -->\n<title>Canadian Liver Journal - CASL - Canadian Association for the Study of the Liver<\/title>\n<meta name=\"description\" content=\"The\u00a0Canadian Liver Journal\u00a0welcomes original clinical and translational research, review articles, case reports, commentaries and letters to the editor on all aspects of liver disease.\" \/>\n<meta name=\"robots\" content=\"index, follow, max-snippet:-1, max-image-preview:large, max-video-preview:-1\" \/>\n<link rel=\"canonical\" href=\"https:\/\/hepatology.ca\/fr\/publications\/canadian-liver-journal\/\" \/>\n<meta property=\"og:locale\" content=\"fr_CA\" \/>\n<meta property=\"og:type\" content=\"article\" \/>\n<meta property=\"og:title\" content=\"Canadian Liver Journal - CASL - Canadian Association for the Study of the Liver\" \/>\n<meta property=\"og:description\" content=\"The\u00a0Canadian Liver Journal\u00a0welcomes original clinical and translational research, review articles, case reports, commentaries and letters to the editor on all aspects of liver disease.\" \/>\n<meta property=\"og:url\" content=\"https:\/\/hepatology.ca\/fr\/publications\/canadian-liver-journal\/\" \/>\n<meta property=\"og:site_name\" content=\"CASL - Canadian Association for the Study of the Liver\" \/>\n<meta property=\"article:modified_time\" content=\"2024-06-08T21:59:59+00:00\" \/>\n<meta property=\"og:image\" content=\"https:\/\/canlivj.utpjournals.press\/sda\/101517\/canlivj-7-2.jpg\" \/>\n<meta name=\"twitter:card\" content=\"summary_large_image\" \/>\n<meta name=\"twitter:label1\" content=\"Estimation du temps de lecture\" \/>\n\t<meta name=\"twitter:data1\" content=\"1 minute\" \/>\n<script type=\"application\/ld+json\" class=\"yoast-schema-graph\">{\"@context\":\"https:\\\/\\\/schema.org\",\"@graph\":[{\"@type\":\"WebPage\",\"@id\":\"https:\\\/\\\/hepatology.ca\\\/publications\\\/canadian-liver-journal\\\/\",\"url\":\"https:\\\/\\\/hepatology.ca\\\/publications\\\/canadian-liver-journal\\\/\",\"name\":\"Canadian Liver Journal - CASL - Canadian Association for the Study of the Liver\",\"isPartOf\":{\"@id\":\"https:\\\/\\\/hepatology.ca\\\/#website\"},\"primaryImageOfPage\":{\"@id\":\"https:\\\/\\\/hepatology.ca\\\/publications\\\/canadian-liver-journal\\\/#primaryimage\"},\"image\":{\"@id\":\"https:\\\/\\\/hepatology.ca\\\/publications\\\/canadian-liver-journal\\\/#primaryimage\"},\"thumbnailUrl\":\"https:\\\/\\\/canlivj.utpjournals.press\\\/sda\\\/101517\\\/canlivj-7-2.jpg\",\"datePublished\":\"2018-08-01T20:24:49+00:00\",\"dateModified\":\"2024-06-08T21:59:59+00:00\",\"description\":\"The\u00a0Canadian Liver Journal\u00a0welcomes original clinical and translational research, review articles, case reports, commentaries and letters to the editor on all aspects of liver disease.\",\"breadcrumb\":{\"@id\":\"https:\\\/\\\/hepatology.ca\\\/publications\\\/canadian-liver-journal\\\/#breadcrumb\"},\"inLanguage\":\"fr-CA\",\"potentialAction\":[{\"@type\":\"ReadAction\",\"target\":[\"https:\\\/\\\/hepatology.ca\\\/publications\\\/canadian-liver-journal\\\/\"]}]},{\"@type\":\"ImageObject\",\"inLanguage\":\"fr-CA\",\"@id\":\"https:\\\/\\\/hepatology.ca\\\/publications\\\/canadian-liver-journal\\\/#primaryimage\",\"url\":\"https:\\\/\\\/canlivj.utpjournals.press\\\/sda\\\/101517\\\/canlivj-7-2.jpg\",\"contentUrl\":\"https:\\\/\\\/canlivj.utpjournals.press\\\/sda\\\/101517\\\/canlivj-7-2.jpg\"},{\"@type\":\"BreadcrumbList\",\"@id\":\"https:\\\/\\\/hepatology.ca\\\/publications\\\/canadian-liver-journal\\\/#breadcrumb\",\"itemListElement\":[{\"@type\":\"ListItem\",\"position\":1,\"name\":\"Home\",\"item\":\"https:\\\/\\\/hepatology.ca\\\/\"},{\"@type\":\"ListItem\",\"position\":2,\"name\":\"Publications\",\"item\":\"https:\\\/\\\/hepatology.ca\\\/publications\\\/\"},{\"@type\":\"ListItem\",\"position\":3,\"name\":\"Canadian Liver Journal\"}]},{\"@type\":\"WebSite\",\"@id\":\"https:\\\/\\\/hepatology.ca\\\/#website\",\"url\":\"https:\\\/\\\/hepatology.ca\\\/\",\"name\":\"CASL\",\"description\":\"Canada\u2019s home for liver experts\",\"publisher\":{\"@id\":\"https:\\\/\\\/hepatology.ca\\\/#organization\"},\"potentialAction\":[{\"@type\":\"SearchAction\",\"target\":{\"@type\":\"EntryPoint\",\"urlTemplate\":\"https:\\\/\\\/hepatology.ca\\\/?s={search_term_string}\"},\"query-input\":{\"@type\":\"PropertyValueSpecification\",\"valueRequired\":true,\"valueName\":\"search_term_string\"}}],\"inLanguage\":\"fr-CA\"},{\"@type\":\"Organization\",\"@id\":\"https:\\\/\\\/hepatology.ca\\\/#organization\",\"name\":\"Canadian Association for the Study of the Liver\",\"url\":\"https:\\\/\\\/hepatology.ca\\\/\",\"logo\":{\"@type\":\"ImageObject\",\"inLanguage\":\"fr-CA\",\"@id\":\"https:\\\/\\\/hepatology.ca\\\/#\\\/schema\\\/logo\\\/image\\\/\",\"url\":\"https:\\\/\\\/hepatology.ca\\\/wp-content\\\/uploads\\\/2024\\\/06\\\/CASL-logo-transparent-background.png\",\"contentUrl\":\"https:\\\/\\\/hepatology.ca\\\/wp-content\\\/uploads\\\/2024\\\/06\\\/CASL-logo-transparent-background.png\",\"width\":1040,\"height\":294,\"caption\":\"Canadian Association for the Study of the Liver\"},\"image\":{\"@id\":\"https:\\\/\\\/hepatology.ca\\\/#\\\/schema\\\/logo\\\/image\\\/\"}}]}<\/script>\n<!-- \/ Yoast SEO plugin. -->","yoast_head_json":{"title":"Revue canadienne du foie - CASL - Association canadienne pour l&#039;\u00e9tude du foie","description":"La Revue canadienne du foie accueille des recherches cliniques et translationnelles originales, des articles de synth\u00e8se, des rapports de cas, des commentaires et des lettres \u00e0 l&#039;\u00e9diteur sur tous les aspects des maladies du foie.","robots":{"index":"index","follow":"follow","max-snippet":"max-snippet:-1","max-image-preview":"max-image-preview:large","max-video-preview":"max-video-preview:-1"},"canonical":"https:\/\/hepatology.ca\/fr\/publications\/canadian-liver-journal\/","og_locale":"fr_CA","og_type":"article","og_title":"Canadian Liver Journal - CASL - Canadian Association for the Study of the Liver","og_description":"The\u00a0Canadian Liver Journal\u00a0welcomes original clinical and translational research, review articles, case reports, commentaries and letters to the editor on all aspects of liver disease.","og_url":"https:\/\/hepatology.ca\/fr\/publications\/canadian-liver-journal\/","og_site_name":"CASL - Canadian Association for the Study of the Liver","article_modified_time":"2024-06-08T21:59:59+00:00","og_image":[{"url":"https:\/\/canlivj.utpjournals.press\/sda\/101517\/canlivj-7-2.jpg","type":"","width":"","height":""}],"twitter_card":"summary_large_image","twitter_misc":{"Estimation du temps de lecture":"1 minute"},"schema":{"@context":"https:\/\/schema.org","@graph":[{"@type":"WebPage","@id":"https:\/\/hepatology.ca\/publications\/canadian-liver-journal\/","url":"https:\/\/hepatology.ca\/publications\/canadian-liver-journal\/","name":"Revue canadienne du foie - CASL - Association canadienne pour l&#039;\u00e9tude du foie","isPartOf":{"@id":"https:\/\/hepatology.ca\/#website"},"primaryImageOfPage":{"@id":"https:\/\/hepatology.ca\/publications\/canadian-liver-journal\/#primaryimage"},"image":{"@id":"https:\/\/hepatology.ca\/publications\/canadian-liver-journal\/#primaryimage"},"thumbnailUrl":"https:\/\/canlivj.utpjournals.press\/sda\/101517\/canlivj-7-2.jpg","datePublished":"2018-08-01T20:24:49+00:00","dateModified":"2024-06-08T21:59:59+00:00","description":"La Revue canadienne du foie accueille des recherches cliniques et translationnelles originales, des articles de synth\u00e8se, des rapports de cas, des commentaires et des lettres \u00e0 l&#039;\u00e9diteur sur tous les aspects des maladies du foie.","breadcrumb":{"@id":"https:\/\/hepatology.ca\/publications\/canadian-liver-journal\/#breadcrumb"},"inLanguage":"fr-CA","potentialAction":[{"@type":"ReadAction","target":["https:\/\/hepatology.ca\/publications\/canadian-liver-journal\/"]}]},{"@type":"ImageObject","inLanguage":"fr-CA","@id":"https:\/\/hepatology.ca\/publications\/canadian-liver-journal\/#primaryimage","url":"https:\/\/canlivj.utpjournals.press\/sda\/101517\/canlivj-7-2.jpg","contentUrl":"https:\/\/canlivj.utpjournals.press\/sda\/101517\/canlivj-7-2.jpg"},{"@type":"BreadcrumbList","@id":"https:\/\/hepatology.ca\/publications\/canadian-liver-journal\/#breadcrumb","itemListElement":[{"@type":"ListItem","position":1,"name":"Home","item":"https:\/\/hepatology.ca\/"},{"@type":"ListItem","position":2,"name":"Publications","item":"https:\/\/hepatology.ca\/publications\/"},{"@type":"ListItem","position":3,"name":"Canadian Liver Journal"}]},{"@type":"WebSite","@id":"https:\/\/hepatology.ca\/#website","url":"https:\/\/hepatology.ca\/","name":"LCAP","description":"Le foyer canadien des experts du foie","publisher":{"@id":"https:\/\/hepatology.ca\/#organization"},"potentialAction":[{"@type":"SearchAction","target":{"@type":"EntryPoint","urlTemplate":"https:\/\/hepatology.ca\/?s={search_term_string}"},"query-input":{"@type":"PropertyValueSpecification","valueRequired":true,"valueName":"search_term_string"}}],"inLanguage":"fr-CA"},{"@type":"Organization","@id":"https:\/\/hepatology.ca\/#organization","name":"Association canadienne pour l&#039;\u00e9tude du foie","url":"https:\/\/hepatology.ca\/","logo":{"@type":"ImageObject","inLanguage":"fr-CA","@id":"https:\/\/hepatology.ca\/#\/schema\/logo\/image\/","url":"https:\/\/hepatology.ca\/wp-content\/uploads\/2024\/06\/CASL-logo-transparent-background.png","contentUrl":"https:\/\/hepatology.ca\/wp-content\/uploads\/2024\/06\/CASL-logo-transparent-background.png","width":1040,"height":294,"caption":"Canadian Association for the Study of the Liver"},"image":{"@id":"https:\/\/hepatology.ca\/#\/schema\/logo\/image\/"}}]}},"_links":{"self":[{"href":"https:\/\/hepatology.ca\/fr\/wp-json\/wp\/v2\/pages\/2151","targetHints":{"allow":["GET"]}}],"collection":[{"href":"https:\/\/hepatology.ca\/fr\/wp-json\/wp\/v2\/pages"}],"about":[{"href":"https:\/\/hepatology.ca\/fr\/wp-json\/wp\/v2\/types\/page"}],"author":[{"embeddable":true,"href":"https:\/\/hepatology.ca\/fr\/wp-json\/wp\/v2\/users\/3"}],"replies":[{"embeddable":true,"href":"https:\/\/hepatology.ca\/fr\/wp-json\/wp\/v2\/comments?post=2151"}],"version-history":[{"count":5,"href":"https:\/\/hepatology.ca\/fr\/wp-json\/wp\/v2\/pages\/2151\/revisions"}],"predecessor-version":[{"id":3995,"href":"https:\/\/hepatology.ca\/fr\/wp-json\/wp\/v2\/pages\/2151\/revisions\/3995"}],"up":[{"embeddable":true,"href":"https:\/\/hepatology.ca\/fr\/wp-json\/wp\/v2\/pages\/33"}],"wp:attachment":[{"href":"https:\/\/hepatology.ca\/fr\/wp-json\/wp\/v2\/media?parent=2151"}],"curies":[{"name":"wp","href":"https:\/\/api.w.org\/{rel}","templated":true}]}}