{"id":1910,"date":"2018-02-05T18:14:53","date_gmt":"2018-02-05T18:14:53","guid":{"rendered":"http:\/\/live.hepatology.ca\/?page_id=1910"},"modified":"2026-03-09T22:24:55","modified_gmt":"2026-03-09T22:24:55","slug":"distinguished-service-award-recipients","status":"publish","type":"page","link":"https:\/\/hepatology.ca\/fr\/casl-awards\/distinguished-service-award-recipients\/","title":{"rendered":"Prix de service distingu\u00e9 de la CASL"},"content":{"rendered":"<div data-elementor-type=\"wp-page\" data-elementor-id=\"1910\" class=\"elementor elementor-1910\">\n\t\t\t\t<div class=\"elementor-element elementor-element-1cda8ec8 e-flex e-con-boxed e-con e-parent\" data-id=\"1cda8ec8\" data-element_type=\"container\" data-e-type=\"container\">\n\t\t\t\t\t<div class=\"e-con-inner\">\n\t\t\t\t<div class=\"elementor-element elementor-element-9bdd1e0 elementor-widget elementor-widget-heading\" data-id=\"9bdd1e0\" data-element_type=\"widget\" data-e-type=\"widget\" data-widget_type=\"heading.default\">\n\t\t\t\t<div class=\"elementor-widget-container\">\n\t\t\t\t\t<h2 class=\"elementor-heading-title elementor-size-default\">Prix de service distingu\u00e9 de la CASL<\/h2>\t\t\t\t<\/div>\n\t\t\t\t<\/div>\n\t\t\t\t<div class=\"elementor-element elementor-element-2375c429 elementor-widget elementor-widget-text-editor\" data-id=\"2375c429\" data-element_type=\"widget\" data-e-type=\"widget\" data-widget_type=\"text-editor.default\">\n\t\t\t\t<div class=\"elementor-widget-container\">\n\t\t\t\t\t\t\t\t\t\n<p>Le Prix pour service distingu\u00e9 de l&#039;ACF est le prix le plus prestigieux de l&#039;ACF et r\u00e9compense un membre de l&#039;ACF pour ses contributions exceptionnelles au succ\u00e8s de notre association et au domaine des maladies du foie au Canada.<br \/><br \/>Le prix est remis dans le cadre de la c\u00e9r\u00e9monie de remise des prix de la CASL qui a lieu chaque ann\u00e9e lors de la c\u00e9r\u00e9monie d&#039;ouverture de la conf\u00e9rence conjointe CDDW\u2122-CLM.<\/p>\n<div><strong>LAUR\u00c9ATS DU PRIX DE SERVICE DISTINGU\u00c9<\/strong><\/div>\n<div>\u00a0<\/div>\n\n<figure class=\"wp-block-table is-style-stripes\">\n<table>\n<tbody>\n<tr>\n<td>2026<\/td>\n<td>Stephen Wong<\/td>\n<\/tr>\n<tr>\n<td>2025<\/td>\n<td>Laurent Worobetz<\/td>\n<\/tr>\n<tr>\n<td>2024<\/td>\n<td>Colina Yim<\/td>\n<\/tr>\n<tr>\n<td>2023<\/td>\n<td>Naglaa Shoukry<\/td>\n<\/tr>\n<tr>\n<td>2022<\/td>\n<td>Christophe Rose<\/td>\n<\/tr>\n<tr>\n<td>2021<\/td>\n<td>Richard Schreiber<\/td>\n<\/tr>\n<tr>\n<td>2020<\/td>\n<td>Eve Roberts<\/td>\n<\/tr>\n<tr>\n<td>2019<\/td>\n<td>Eberhard Renner<\/td>\n<\/tr>\n<tr>\n<td>2018<\/td>\n<td>Robert Bailey<\/td>\n<\/tr>\n<tr>\n<td>2017<\/td>\n<td>Kevork Peltekian<\/td>\n<\/tr>\n<tr>\n<td>2016<\/td>\n<td>Eric M. Yoshida<\/td>\n<\/tr>\n<tr>\n<td>2015<\/td>\n<td>Samuel S. Lee<\/td>\n<\/tr>\n<tr>\n<td>2014<\/td>\n<td>G\u00e9rald Minuk<\/td>\n<\/tr>\n<tr>\n<td>2012<\/td>\n<td>Vince Bain<\/td>\n<\/tr>\n<tr>\n<td>2011<\/td>\n<td>Cameron Gand<\/td>\n<\/tr>\n<tr>\n<td>2010<\/td>\n<td>Eldon Shaffer<\/td>\n<\/tr>\n<tr>\n<td>2009<\/td>\n<td>Morris Sherman<\/td>\n<\/tr>\n<tr>\n<td>2008<\/td>\n<td>Gilles Pomier-Larargues<\/td>\n<\/tr>\n<\/tbody>\n<\/table>\n<\/figure>\n\n<p>\u00a0<\/p>\n\t\t\t\t\t\t\t\t<\/div>\n\t\t\t\t<\/div>\n\t\t\t\t\t<\/div>\n\t\t\t\t<\/div>\n\t\t\t\t<\/div>","protected":false},"excerpt":{"rendered":"<p>CASL Distinguished Service Award The CASL Distinguished Service Award is CASL\u2019s most prestigious award and recognizes a CASL member for [&hellip;]<\/p>\n","protected":false},"author":3,"featured_media":0,"parent":1920,"menu_order":10,"comment_status":"closed","ping_status":"closed","template":"","meta":{"_acf_changed":false,"site-sidebar-layout":"default","site-content-layout":"","ast-site-content-layout":"default","site-content-style":"default","site-sidebar-style":"default","ast-global-header-display":"","ast-banner-title-visibility":"","ast-main-header-display":"","ast-hfb-above-header-display":"","ast-hfb-below-header-display":"","ast-hfb-mobile-header-display":"","site-post-title":"disabled","ast-breadcrumbs-content":"","ast-featured-img":"","footer-sml-layout":"","ast-disable-related-posts":"","theme-transparent-header-meta":"","adv-header-id-meta":"","stick-header-meta":"","header-above-stick-meta":"","header-main-stick-meta":"","header-below-stick-meta":"","astra-migrate-meta-layouts":"default","ast-page-background-enabled":"default","ast-page-background-meta":{"desktop":{"background-color":"var(--ast-global-color-4)","background-image":"","background-repeat":"repeat","background-position":"center center","background-size":"auto","background-attachment":"scroll","background-type":"","background-media":"","overlay-type":"","overlay-color":"","overlay-opacity":"","overlay-gradient":""},"tablet":{"background-color":"","background-image":"","background-repeat":"repeat","background-position":"center center","background-size":"auto","background-attachment":"scroll","background-type":"","background-media":"","overlay-type":"","overlay-color":"","overlay-opacity":"","overlay-gradient":""},"mobile":{"background-color":"","background-image":"","background-repeat":"repeat","background-position":"center center","background-size":"auto","background-attachment":"scroll","background-type":"","background-media":"","overlay-type":"","overlay-color":"","overlay-opacity":"","overlay-gradient":""}},"ast-content-background-meta":{"desktop":{"background-color":"var(--ast-global-color-5)","background-image":"","background-repeat":"repeat","background-position":"center center","background-size":"auto","background-attachment":"scroll","background-type":"","background-media":"","overlay-type":"","overlay-color":"","overlay-opacity":"","overlay-gradient":""},"tablet":{"background-color":"var(--ast-global-color-5)","background-image":"","background-repeat":"repeat","background-position":"center center","background-size":"auto","background-attachment":"scroll","background-type":"","background-media":"","overlay-type":"","overlay-color":"","overlay-opacity":"","overlay-gradient":""},"mobile":{"background-color":"var(--ast-global-color-5)","background-image":"","background-repeat":"repeat","background-position":"center center","background-size":"auto","background-attachment":"scroll","background-type":"","background-media":"","overlay-type":"","overlay-color":"","overlay-opacity":"","overlay-gradient":""}},"ngg_post_thumbnail":0,"footnotes":""},"class_list":["post-1910","page","type-page","status-publish","hentry"],"acf":[],"yoast_head":"<!-- This site is optimized with the Yoast SEO plugin v27.4 - https:\/\/yoast.com\/product\/yoast-seo-wordpress\/ -->\n<title>CASL Distinguished Service Award - CASL - Canadian Association for the Study of the Liver<\/title>\n<meta name=\"description\" content=\"CASL Distinguished Service and Meritorious Award recognizes a member for outstanding contributions to the success of our Association and the field of liver disease in Canada\" \/>\n<meta name=\"robots\" content=\"index, follow, max-snippet:-1, max-image-preview:large, max-video-preview:-1\" \/>\n<link rel=\"canonical\" href=\"https:\/\/hepatology.ca\/fr\/casl-awards\/distinguished-service-award-recipients\/\" \/>\n<meta property=\"og:locale\" content=\"fr_CA\" \/>\n<meta property=\"og:type\" content=\"article\" \/>\n<meta property=\"og:title\" content=\"CASL Distinguished Service Award - CASL - Canadian Association for the Study of the Liver\" \/>\n<meta property=\"og:description\" content=\"CASL Distinguished Service and Meritorious Award recognizes a member for outstanding contributions to the success of our Association and the field of liver disease in Canada\" \/>\n<meta property=\"og:url\" content=\"https:\/\/hepatology.ca\/fr\/casl-awards\/distinguished-service-award-recipients\/\" \/>\n<meta property=\"og:site_name\" content=\"CASL - Canadian Association for the Study of the Liver\" \/>\n<meta property=\"article:modified_time\" content=\"2026-03-09T22:24:55+00:00\" \/>\n<meta name=\"twitter:card\" content=\"summary_large_image\" \/>\n<meta name=\"twitter:label1\" content=\"Estimation du temps de lecture\" \/>\n\t<meta name=\"twitter:data1\" content=\"1 minute\" \/>\n<script type=\"application\/ld+json\" class=\"yoast-schema-graph\">{\"@context\":\"https:\\\/\\\/schema.org\",\"@graph\":[{\"@type\":\"WebPage\",\"@id\":\"https:\\\/\\\/hepatology.ca\\\/casl-awards\\\/distinguished-service-award-recipients\\\/\",\"url\":\"https:\\\/\\\/hepatology.ca\\\/casl-awards\\\/distinguished-service-award-recipients\\\/\",\"name\":\"CASL Distinguished Service Award - CASL - Canadian Association for the Study of the Liver\",\"isPartOf\":{\"@id\":\"https:\\\/\\\/hepatology.ca\\\/#website\"},\"datePublished\":\"2018-02-05T18:14:53+00:00\",\"dateModified\":\"2026-03-09T22:24:55+00:00\",\"description\":\"CASL Distinguished Service and Meritorious Award recognizes a member for outstanding contributions to the success of our Association and the field of liver disease in Canada\",\"breadcrumb\":{\"@id\":\"https:\\\/\\\/hepatology.ca\\\/casl-awards\\\/distinguished-service-award-recipients\\\/#breadcrumb\"},\"inLanguage\":\"fr-CA\",\"potentialAction\":[{\"@type\":\"ReadAction\",\"target\":[\"https:\\\/\\\/hepatology.ca\\\/casl-awards\\\/distinguished-service-award-recipients\\\/\"]}]},{\"@type\":\"BreadcrumbList\",\"@id\":\"https:\\\/\\\/hepatology.ca\\\/casl-awards\\\/distinguished-service-award-recipients\\\/#breadcrumb\",\"itemListElement\":[{\"@type\":\"ListItem\",\"position\":1,\"name\":\"Home\",\"item\":\"https:\\\/\\\/hepatology.ca\\\/\"},{\"@type\":\"ListItem\",\"position\":2,\"name\":\"Awards\",\"item\":\"https:\\\/\\\/hepatology.ca\\\/casl-awards\\\/\"},{\"@type\":\"ListItem\",\"position\":3,\"name\":\"CASL Distinguished Service Award\"}]},{\"@type\":\"WebSite\",\"@id\":\"https:\\\/\\\/hepatology.ca\\\/#website\",\"url\":\"https:\\\/\\\/hepatology.ca\\\/\",\"name\":\"CASL\",\"description\":\"Canada\u2019s home for liver experts\",\"publisher\":{\"@id\":\"https:\\\/\\\/hepatology.ca\\\/#organization\"},\"potentialAction\":[{\"@type\":\"SearchAction\",\"target\":{\"@type\":\"EntryPoint\",\"urlTemplate\":\"https:\\\/\\\/hepatology.ca\\\/?s={search_term_string}\"},\"query-input\":{\"@type\":\"PropertyValueSpecification\",\"valueRequired\":true,\"valueName\":\"search_term_string\"}}],\"inLanguage\":\"fr-CA\"},{\"@type\":\"Organization\",\"@id\":\"https:\\\/\\\/hepatology.ca\\\/#organization\",\"name\":\"Canadian Association for the Study of the Liver\",\"url\":\"https:\\\/\\\/hepatology.ca\\\/\",\"logo\":{\"@type\":\"ImageObject\",\"inLanguage\":\"fr-CA\",\"@id\":\"https:\\\/\\\/hepatology.ca\\\/#\\\/schema\\\/logo\\\/image\\\/\",\"url\":\"https:\\\/\\\/hepatology.ca\\\/wp-content\\\/uploads\\\/2024\\\/06\\\/CASL-logo-transparent-background.png\",\"contentUrl\":\"https:\\\/\\\/hepatology.ca\\\/wp-content\\\/uploads\\\/2024\\\/06\\\/CASL-logo-transparent-background.png\",\"width\":1040,\"height\":294,\"caption\":\"Canadian Association for the Study of the Liver\"},\"image\":{\"@id\":\"https:\\\/\\\/hepatology.ca\\\/#\\\/schema\\\/logo\\\/image\\\/\"}}]}<\/script>\n<!-- \/ Yoast SEO plugin. -->","yoast_head_json":{"title":"Prix de reconnaissance pour services exceptionnels de l&#039;ACF - Association canadienne pour l&#039;\u00e9tude du foie","description":"Le Prix pour services distingu\u00e9s et m\u00e9ritoires de l&#039;ACF r\u00e9compense un membre pour sa contribution exceptionnelle au succ\u00e8s de notre association et au domaine des maladies du foie au Canada.","robots":{"index":"index","follow":"follow","max-snippet":"max-snippet:-1","max-image-preview":"max-image-preview:large","max-video-preview":"max-video-preview:-1"},"canonical":"https:\/\/hepatology.ca\/fr\/casl-awards\/distinguished-service-award-recipients\/","og_locale":"fr_CA","og_type":"article","og_title":"CASL Distinguished Service Award - CASL - Canadian Association for the Study of the Liver","og_description":"CASL Distinguished Service and Meritorious Award recognizes a member for outstanding contributions to the success of our Association and the field of liver disease in Canada","og_url":"https:\/\/hepatology.ca\/fr\/casl-awards\/distinguished-service-award-recipients\/","og_site_name":"CASL - Canadian Association for the Study of the Liver","article_modified_time":"2026-03-09T22:24:55+00:00","twitter_card":"summary_large_image","twitter_misc":{"Estimation du temps de lecture":"1 minute"},"schema":{"@context":"https:\/\/schema.org","@graph":[{"@type":"WebPage","@id":"https:\/\/hepatology.ca\/casl-awards\/distinguished-service-award-recipients\/","url":"https:\/\/hepatology.ca\/casl-awards\/distinguished-service-award-recipients\/","name":"Prix de reconnaissance pour services exceptionnels de l&#039;ACF - Association canadienne pour l&#039;\u00e9tude du foie","isPartOf":{"@id":"https:\/\/hepatology.ca\/#website"},"datePublished":"2018-02-05T18:14:53+00:00","dateModified":"2026-03-09T22:24:55+00:00","description":"Le Prix pour services distingu\u00e9s et m\u00e9ritoires de l&#039;ACF r\u00e9compense un membre pour sa contribution exceptionnelle au succ\u00e8s de notre association et au domaine des maladies du foie au Canada.","breadcrumb":{"@id":"https:\/\/hepatology.ca\/casl-awards\/distinguished-service-award-recipients\/#breadcrumb"},"inLanguage":"fr-CA","potentialAction":[{"@type":"ReadAction","target":["https:\/\/hepatology.ca\/casl-awards\/distinguished-service-award-recipients\/"]}]},{"@type":"BreadcrumbList","@id":"https:\/\/hepatology.ca\/casl-awards\/distinguished-service-award-recipients\/#breadcrumb","itemListElement":[{"@type":"ListItem","position":1,"name":"Home","item":"https:\/\/hepatology.ca\/"},{"@type":"ListItem","position":2,"name":"Awards","item":"https:\/\/hepatology.ca\/casl-awards\/"},{"@type":"ListItem","position":3,"name":"CASL Distinguished Service Award"}]},{"@type":"WebSite","@id":"https:\/\/hepatology.ca\/#website","url":"https:\/\/hepatology.ca\/","name":"LCAP","description":"Le foyer canadien des experts du foie","publisher":{"@id":"https:\/\/hepatology.ca\/#organization"},"potentialAction":[{"@type":"SearchAction","target":{"@type":"EntryPoint","urlTemplate":"https:\/\/hepatology.ca\/?s={search_term_string}"},"query-input":{"@type":"PropertyValueSpecification","valueRequired":true,"valueName":"search_term_string"}}],"inLanguage":"fr-CA"},{"@type":"Organization","@id":"https:\/\/hepatology.ca\/#organization","name":"Association canadienne pour l&#039;\u00e9tude du foie","url":"https:\/\/hepatology.ca\/","logo":{"@type":"ImageObject","inLanguage":"fr-CA","@id":"https:\/\/hepatology.ca\/#\/schema\/logo\/image\/","url":"https:\/\/hepatology.ca\/wp-content\/uploads\/2024\/06\/CASL-logo-transparent-background.png","contentUrl":"https:\/\/hepatology.ca\/wp-content\/uploads\/2024\/06\/CASL-logo-transparent-background.png","width":1040,"height":294,"caption":"Canadian Association for the Study of the Liver"},"image":{"@id":"https:\/\/hepatology.ca\/#\/schema\/logo\/image\/"}}]}},"_links":{"self":[{"href":"https:\/\/hepatology.ca\/fr\/wp-json\/wp\/v2\/pages\/1910","targetHints":{"allow":["GET"]}}],"collection":[{"href":"https:\/\/hepatology.ca\/fr\/wp-json\/wp\/v2\/pages"}],"about":[{"href":"https:\/\/hepatology.ca\/fr\/wp-json\/wp\/v2\/types\/page"}],"author":[{"embeddable":true,"href":"https:\/\/hepatology.ca\/fr\/wp-json\/wp\/v2\/users\/3"}],"replies":[{"embeddable":true,"href":"https:\/\/hepatology.ca\/fr\/wp-json\/wp\/v2\/comments?post=1910"}],"version-history":[{"count":46,"href":"https:\/\/hepatology.ca\/fr\/wp-json\/wp\/v2\/pages\/1910\/revisions"}],"predecessor-version":[{"id":5136,"href":"https:\/\/hepatology.ca\/fr\/wp-json\/wp\/v2\/pages\/1910\/revisions\/5136"}],"up":[{"embeddable":true,"href":"https:\/\/hepatology.ca\/fr\/wp-json\/wp\/v2\/pages\/1920"}],"wp:attachment":[{"href":"https:\/\/hepatology.ca\/fr\/wp-json\/wp\/v2\/media?parent=1910"}],"curies":[{"name":"wp","href":"https:\/\/api.w.org\/{rel}","templated":true}]}}