{"id":1908,"date":"2018-02-05T18:14:01","date_gmt":"2018-02-05T18:14:01","guid":{"rendered":"http:\/\/live.hepatology.ca\/?page_id=1908"},"modified":"2026-03-16T18:07:19","modified_gmt":"2026-03-16T18:07:19","slug":"previous-casl-clf-sass-kortsak-lecture-recipients","status":"publish","type":"page","link":"https:\/\/hepatology.ca\/fr\/casl-awards\/previous-casl-clf-sass-kortsak-lecture-recipients\/","title":{"rendered":"Prix Sass-Kortsak de la CASL-Foie Canada"},"content":{"rendered":"<p>Le prix CASL-Liver Canada Sass-Kortsak a \u00e9t\u00e9 cr\u00e9\u00e9 par l\u2019Association canadienne pour l\u2019\u00e9tude du foie et la Fondation canadienne du foie en hommage au regrett\u00e9 Dr Andrew Sass-Kortsak, qui a grandement contribu\u00e9 \u00e0 l\u2019avancement des travaux de Liver Canada et a apport\u00e9 une contribution inestimable au domaine de l\u2019h\u00e9patologie p\u00e9diatrique. Ce programme offrait la prise en charge des frais de d\u00e9placement et des honoraires aux chercheurs invit\u00e9s \u00e0 donner des conf\u00e9rences au congr\u00e8s annuel du Coll\u00e8ge royal des m\u00e9decins et chirurgiens.<\/p>\n\n\n\n<p>Le prix Sass-Kortsak de l\u2019Association canadienne des h\u00e9patologues (ACH) et de Liver Canada est d\u00e9cern\u00e9 tous les deux ans \u00e0 un membre de l\u2019ACH en reconnaissance de ses r\u00e9alisations exceptionnelles en recherche et en sciences dans le domaine de l\u2019h\u00e9patologie p\u00e9diatrique. Le laur\u00e9at est invit\u00e9 \u00e0 titre de conf\u00e9rencier invit\u00e9 au Congr\u00e8s canadien du foie (anciennement Congr\u00e8s annuel de l\u2019ACH).<\/p>\n\n\n\n\n\n<div style=\"height:20px\" aria-hidden=\"true\" class=\"wp-block-spacer\"><\/div>\n\n\n<p><strong>LAUR\u00c9ATS DU PRIX CASL-Liver Canada SASS-KORTSAK<\/strong><\/p>\n\n\n<figure class=\"wp-block-table is-style-stripes\"><table><tbody><tr><td>2025<\/td><td>Deirdre Kelly<\/td><\/tr><tr><td>2022<\/td><td>Richard Schreiber<\/td><\/tr><tr><td>2020<\/td><td>Ronald Sokol<\/td><\/tr><tr><td>2018<\/td><td>Fernando \u00c1lvarez<\/td><\/tr><tr><td>2016<\/td><td>Eve Roberts<\/td><\/tr><tr><td>2014<\/td><td>Mei Hwei Chang<\/td><\/tr><tr><td>2012<\/td><td>Giorgina Mieli-Vergani<\/td><\/tr><tr><td>2008<\/td><td>Milton Finegold<\/td><\/tr><tr><td>2006<\/td><td>David H. Perlmutter<\/td><\/tr><tr><td>2004<\/td><td>Andr\u00e9e Rasquin<\/td><\/tr><tr><td>2002<\/td><td>Jean-Bernard Otte<\/td><\/tr><tr><td>2000<\/td><td>Fr\u00e9d\u00e9ric Suchy<\/td><\/tr><tr><td>1998<\/td><td>William Balisteri<\/td><\/tr><tr><td>1996<\/td><td>Alex P. Mowat<\/td><\/tr><tr><td>1994<\/td><td>Daniel Alagille<\/td><\/tr><tr><td>1992<\/td><td>Claude C. Roy<\/td><\/tr><tr><td>1990<\/td><td>Irmin Sternlieb<\/td><\/tr><\/tbody><\/table><\/figure>","protected":false},"excerpt":{"rendered":"<p>The CASL-Liver Canada Sass-Kortsak Award was established by the Canadian Association for the Study of the Liver and the Canadian [&hellip;]<\/p>\n","protected":false},"author":3,"featured_media":0,"parent":1920,"menu_order":24,"comment_status":"closed","ping_status":"closed","template":"","meta":{"_acf_changed":false,"site-sidebar-layout":"default","site-content-layout":"","ast-site-content-layout":"default","site-content-style":"default","site-sidebar-style":"default","ast-global-header-display":"","ast-banner-title-visibility":"","ast-main-header-display":"","ast-hfb-above-header-display":"","ast-hfb-below-header-display":"","ast-hfb-mobile-header-display":"","site-post-title":"","ast-breadcrumbs-content":"","ast-featured-img":"","footer-sml-layout":"","ast-disable-related-posts":"","theme-transparent-header-meta":"","adv-header-id-meta":"","stick-header-meta":"","header-above-stick-meta":"","header-main-stick-meta":"","header-below-stick-meta":"","astra-migrate-meta-layouts":"default","ast-page-background-enabled":"default","ast-page-background-meta":{"desktop":{"background-color":"var(--ast-global-color-4)","background-image":"","background-repeat":"repeat","background-position":"center center","background-size":"auto","background-attachment":"scroll","background-type":"","background-media":"","overlay-type":"","overlay-color":"","overlay-opacity":"","overlay-gradient":""},"tablet":{"background-color":"","background-image":"","background-repeat":"repeat","background-position":"center center","background-size":"auto","background-attachment":"scroll","background-type":"","background-media":"","overlay-type":"","overlay-color":"","overlay-opacity":"","overlay-gradient":""},"mobile":{"background-color":"","background-image":"","background-repeat":"repeat","background-position":"center center","background-size":"auto","background-attachment":"scroll","background-type":"","background-media":"","overlay-type":"","overlay-color":"","overlay-opacity":"","overlay-gradient":""}},"ast-content-background-meta":{"desktop":{"background-color":"var(--ast-global-color-5)","background-image":"","background-repeat":"repeat","background-position":"center center","background-size":"auto","background-attachment":"scroll","background-type":"","background-media":"","overlay-type":"","overlay-color":"","overlay-opacity":"","overlay-gradient":""},"tablet":{"background-color":"var(--ast-global-color-5)","background-image":"","background-repeat":"repeat","background-position":"center center","background-size":"auto","background-attachment":"scroll","background-type":"","background-media":"","overlay-type":"","overlay-color":"","overlay-opacity":"","overlay-gradient":""},"mobile":{"background-color":"var(--ast-global-color-5)","background-image":"","background-repeat":"repeat","background-position":"center center","background-size":"auto","background-attachment":"scroll","background-type":"","background-media":"","overlay-type":"","overlay-color":"","overlay-opacity":"","overlay-gradient":""}},"ngg_post_thumbnail":0,"footnotes":""},"class_list":["post-1908","page","type-page","status-publish","hentry"],"acf":[],"yoast_head":"<!-- This site is optimized with the Yoast SEO plugin v27.4 - https:\/\/yoast.com\/product\/yoast-seo-wordpress\/ -->\n<title>CASL-Liver Canada Sass-Kortsak Award - CASL - Canadian Association for the Study of the Liver<\/title>\n<meta name=\"description\" content=\"The CASL Sass-Kortsak Award is presented every two years to a CASL member in recognition of outstanding achievements in research and science in pediatric hepatology.\u00a0The recipient is invited as a guest lecturer at the Canadian Liver Meeting (formerly CASL Annual Meeting).\" \/>\n<meta name=\"robots\" content=\"index, follow, max-snippet:-1, max-image-preview:large, max-video-preview:-1\" \/>\n<link rel=\"canonical\" href=\"https:\/\/hepatology.ca\/fr\/casl-awards\/previous-casl-clf-sass-kortsak-lecture-recipients\/\" \/>\n<meta property=\"og:locale\" content=\"fr_CA\" \/>\n<meta property=\"og:type\" content=\"article\" \/>\n<meta property=\"og:title\" content=\"CASL-Liver Canada Sass-Kortsak Award - CASL - Canadian Association for the Study of the Liver\" \/>\n<meta property=\"og:description\" content=\"The CASL Sass-Kortsak Award is presented every two years to a CASL member in recognition of outstanding achievements in research and science in pediatric hepatology.\u00a0The recipient is invited as a guest lecturer at the Canadian Liver Meeting (formerly CASL Annual Meeting).\" \/>\n<meta property=\"og:url\" content=\"https:\/\/hepatology.ca\/fr\/casl-awards\/previous-casl-clf-sass-kortsak-lecture-recipients\/\" \/>\n<meta property=\"og:site_name\" content=\"CASL - Canadian Association for the Study of the Liver\" \/>\n<meta property=\"article:modified_time\" content=\"2026-03-16T18:07:19+00:00\" \/>\n<meta name=\"twitter:card\" content=\"summary_large_image\" \/>\n<meta name=\"twitter:label1\" content=\"Estimation du temps de lecture\" \/>\n\t<meta name=\"twitter:data1\" content=\"1 minute\" \/>\n<script type=\"application\/ld+json\" class=\"yoast-schema-graph\">{\"@context\":\"https:\\\/\\\/schema.org\",\"@graph\":[{\"@type\":\"WebPage\",\"@id\":\"https:\\\/\\\/hepatology.ca\\\/casl-awards\\\/previous-casl-clf-sass-kortsak-lecture-recipients\\\/\",\"url\":\"https:\\\/\\\/hepatology.ca\\\/casl-awards\\\/previous-casl-clf-sass-kortsak-lecture-recipients\\\/\",\"name\":\"CASL-Liver Canada Sass-Kortsak Award - CASL - Canadian Association for the Study of the Liver\",\"isPartOf\":{\"@id\":\"https:\\\/\\\/hepatology.ca\\\/#website\"},\"datePublished\":\"2018-02-05T18:14:01+00:00\",\"dateModified\":\"2026-03-16T18:07:19+00:00\",\"description\":\"The CASL Sass-Kortsak Award is presented every two years to a CASL member in recognition of outstanding achievements in research and science in pediatric hepatology.\u00a0The recipient is invited as a guest lecturer at the Canadian Liver Meeting (formerly CASL Annual Meeting).\",\"breadcrumb\":{\"@id\":\"https:\\\/\\\/hepatology.ca\\\/casl-awards\\\/previous-casl-clf-sass-kortsak-lecture-recipients\\\/#breadcrumb\"},\"inLanguage\":\"fr-CA\",\"potentialAction\":[{\"@type\":\"ReadAction\",\"target\":[\"https:\\\/\\\/hepatology.ca\\\/casl-awards\\\/previous-casl-clf-sass-kortsak-lecture-recipients\\\/\"]}]},{\"@type\":\"BreadcrumbList\",\"@id\":\"https:\\\/\\\/hepatology.ca\\\/casl-awards\\\/previous-casl-clf-sass-kortsak-lecture-recipients\\\/#breadcrumb\",\"itemListElement\":[{\"@type\":\"ListItem\",\"position\":1,\"name\":\"Home\",\"item\":\"https:\\\/\\\/hepatology.ca\\\/\"},{\"@type\":\"ListItem\",\"position\":2,\"name\":\"Awards\",\"item\":\"https:\\\/\\\/hepatology.ca\\\/casl-awards\\\/\"},{\"@type\":\"ListItem\",\"position\":3,\"name\":\"CASL-Liver Canada Sass-Kortsak Award\"}]},{\"@type\":\"WebSite\",\"@id\":\"https:\\\/\\\/hepatology.ca\\\/#website\",\"url\":\"https:\\\/\\\/hepatology.ca\\\/\",\"name\":\"CASL\",\"description\":\"Canada\u2019s home for liver experts\",\"publisher\":{\"@id\":\"https:\\\/\\\/hepatology.ca\\\/#organization\"},\"potentialAction\":[{\"@type\":\"SearchAction\",\"target\":{\"@type\":\"EntryPoint\",\"urlTemplate\":\"https:\\\/\\\/hepatology.ca\\\/?s={search_term_string}\"},\"query-input\":{\"@type\":\"PropertyValueSpecification\",\"valueRequired\":true,\"valueName\":\"search_term_string\"}}],\"inLanguage\":\"fr-CA\"},{\"@type\":\"Organization\",\"@id\":\"https:\\\/\\\/hepatology.ca\\\/#organization\",\"name\":\"Canadian Association for the Study of the Liver\",\"url\":\"https:\\\/\\\/hepatology.ca\\\/\",\"logo\":{\"@type\":\"ImageObject\",\"inLanguage\":\"fr-CA\",\"@id\":\"https:\\\/\\\/hepatology.ca\\\/#\\\/schema\\\/logo\\\/image\\\/\",\"url\":\"https:\\\/\\\/hepatology.ca\\\/wp-content\\\/uploads\\\/2024\\\/06\\\/CASL-logo-transparent-background.png\",\"contentUrl\":\"https:\\\/\\\/hepatology.ca\\\/wp-content\\\/uploads\\\/2024\\\/06\\\/CASL-logo-transparent-background.png\",\"width\":1040,\"height\":294,\"caption\":\"Canadian Association for the Study of the Liver\"},\"image\":{\"@id\":\"https:\\\/\\\/hepatology.ca\\\/#\\\/schema\\\/logo\\\/image\\\/\"}}]}<\/script>\n<!-- \/ Yoast SEO plugin. -->","yoast_head_json":{"title":"CASL-Liver Canada Sass-Kortsak Award - CASL - Canadian Association for the Study of the Liver","description":"Le prix Sass-Kortsak de l&#039;ACF\u00c9 est d\u00e9cern\u00e9 tous les deux ans \u00e0 un membre de l&#039;ACF\u00c9 pour souligner ses r\u00e9alisations exceptionnelles en recherche et en sciences en h\u00e9patologie p\u00e9diatrique. Le laur\u00e9at est invit\u00e9 \u00e0 donner une conf\u00e9rence au Congr\u00e8s canadien sur le foie (anciennement Congr\u00e8s annuel de l&#039;ACF\u00c9).","robots":{"index":"index","follow":"follow","max-snippet":"max-snippet:-1","max-image-preview":"max-image-preview:large","max-video-preview":"max-video-preview:-1"},"canonical":"https:\/\/hepatology.ca\/fr\/casl-awards\/previous-casl-clf-sass-kortsak-lecture-recipients\/","og_locale":"fr_CA","og_type":"article","og_title":"CASL-Liver Canada Sass-Kortsak Award - CASL - Canadian Association for the Study of the Liver","og_description":"The CASL Sass-Kortsak Award is presented every two years to a CASL member in recognition of outstanding achievements in research and science in pediatric hepatology.\u00a0The recipient is invited as a guest lecturer at the Canadian Liver Meeting (formerly CASL Annual Meeting).","og_url":"https:\/\/hepatology.ca\/fr\/casl-awards\/previous-casl-clf-sass-kortsak-lecture-recipients\/","og_site_name":"CASL - Canadian Association for the Study of the Liver","article_modified_time":"2026-03-16T18:07:19+00:00","twitter_card":"summary_large_image","twitter_misc":{"Estimation du temps de lecture":"1 minute"},"schema":{"@context":"https:\/\/schema.org","@graph":[{"@type":"WebPage","@id":"https:\/\/hepatology.ca\/casl-awards\/previous-casl-clf-sass-kortsak-lecture-recipients\/","url":"https:\/\/hepatology.ca\/casl-awards\/previous-casl-clf-sass-kortsak-lecture-recipients\/","name":"CASL-Liver Canada Sass-Kortsak Award - CASL - Canadian Association for the Study of the Liver","isPartOf":{"@id":"https:\/\/hepatology.ca\/#website"},"datePublished":"2018-02-05T18:14:01+00:00","dateModified":"2026-03-16T18:07:19+00:00","description":"Le prix Sass-Kortsak de l&#039;ACF\u00c9 est d\u00e9cern\u00e9 tous les deux ans \u00e0 un membre de l&#039;ACF\u00c9 pour souligner ses r\u00e9alisations exceptionnelles en recherche et en sciences en h\u00e9patologie p\u00e9diatrique. Le laur\u00e9at est invit\u00e9 \u00e0 donner une conf\u00e9rence au Congr\u00e8s canadien sur le foie (anciennement Congr\u00e8s annuel de l&#039;ACF\u00c9).","breadcrumb":{"@id":"https:\/\/hepatology.ca\/casl-awards\/previous-casl-clf-sass-kortsak-lecture-recipients\/#breadcrumb"},"inLanguage":"fr-CA","potentialAction":[{"@type":"ReadAction","target":["https:\/\/hepatology.ca\/casl-awards\/previous-casl-clf-sass-kortsak-lecture-recipients\/"]}]},{"@type":"BreadcrumbList","@id":"https:\/\/hepatology.ca\/casl-awards\/previous-casl-clf-sass-kortsak-lecture-recipients\/#breadcrumb","itemListElement":[{"@type":"ListItem","position":1,"name":"Home","item":"https:\/\/hepatology.ca\/"},{"@type":"ListItem","position":2,"name":"Awards","item":"https:\/\/hepatology.ca\/casl-awards\/"},{"@type":"ListItem","position":3,"name":"CASL-Liver Canada Sass-Kortsak Award"}]},{"@type":"WebSite","@id":"https:\/\/hepatology.ca\/#website","url":"https:\/\/hepatology.ca\/","name":"LCAP","description":"Le foyer canadien des experts du foie","publisher":{"@id":"https:\/\/hepatology.ca\/#organization"},"potentialAction":[{"@type":"SearchAction","target":{"@type":"EntryPoint","urlTemplate":"https:\/\/hepatology.ca\/?s={search_term_string}"},"query-input":{"@type":"PropertyValueSpecification","valueRequired":true,"valueName":"search_term_string"}}],"inLanguage":"fr-CA"},{"@type":"Organization","@id":"https:\/\/hepatology.ca\/#organization","name":"Association canadienne pour l&#039;\u00e9tude du foie","url":"https:\/\/hepatology.ca\/","logo":{"@type":"ImageObject","inLanguage":"fr-CA","@id":"https:\/\/hepatology.ca\/#\/schema\/logo\/image\/","url":"https:\/\/hepatology.ca\/wp-content\/uploads\/2024\/06\/CASL-logo-transparent-background.png","contentUrl":"https:\/\/hepatology.ca\/wp-content\/uploads\/2024\/06\/CASL-logo-transparent-background.png","width":1040,"height":294,"caption":"Canadian Association for the Study of the Liver"},"image":{"@id":"https:\/\/hepatology.ca\/#\/schema\/logo\/image\/"}}]}},"_links":{"self":[{"href":"https:\/\/hepatology.ca\/fr\/wp-json\/wp\/v2\/pages\/1908","targetHints":{"allow":["GET"]}}],"collection":[{"href":"https:\/\/hepatology.ca\/fr\/wp-json\/wp\/v2\/pages"}],"about":[{"href":"https:\/\/hepatology.ca\/fr\/wp-json\/wp\/v2\/types\/page"}],"author":[{"embeddable":true,"href":"https:\/\/hepatology.ca\/fr\/wp-json\/wp\/v2\/users\/3"}],"replies":[{"embeddable":true,"href":"https:\/\/hepatology.ca\/fr\/wp-json\/wp\/v2\/comments?post=1908"}],"version-history":[{"count":18,"href":"https:\/\/hepatology.ca\/fr\/wp-json\/wp\/v2\/pages\/1908\/revisions"}],"predecessor-version":[{"id":5190,"href":"https:\/\/hepatology.ca\/fr\/wp-json\/wp\/v2\/pages\/1908\/revisions\/5190"}],"up":[{"embeddable":true,"href":"https:\/\/hepatology.ca\/fr\/wp-json\/wp\/v2\/pages\/1920"}],"wp:attachment":[{"href":"https:\/\/hepatology.ca\/fr\/wp-json\/wp\/v2\/media?parent=1908"}],"curies":[{"name":"wp","href":"https:\/\/api.w.org\/{rel}","templated":true}]}}