{"id":1817,"date":"2017-12-20T22:13:51","date_gmt":"2017-12-20T22:13:51","guid":{"rendered":"http:\/\/live.hepatology.ca\/?page_id=1817"},"modified":"2025-05-27T16:08:00","modified_gmt":"2025-05-27T16:08:00","slug":"current-fellowship-opportunities","status":"publish","type":"page","link":"https:\/\/hepatology.ca\/fr\/education-events\/clinical-fellowships\/current-fellowship-opportunities\/","title":{"rendered":"Possibilit\u00e9s de bourses actuelles"},"content":{"rendered":"<div data-elementor-type=\"wp-page\" data-elementor-id=\"1817\" class=\"elementor elementor-1817\">\n\t\t\t\t<div class=\"elementor-element elementor-element-ce6bb5c e-flex e-con-boxed e-con e-parent\" data-id=\"ce6bb5c\" data-element_type=\"container\" data-e-type=\"container\">\n\t\t\t\t\t<div class=\"e-con-inner\">\n\t\t\t\t<div class=\"elementor-element elementor-element-91c8a07 elementor-widget elementor-widget-text-editor\" data-id=\"91c8a07\" data-element_type=\"widget\" data-e-type=\"widget\" data-widget_type=\"text-editor.default\">\n\t\t\t\t<div class=\"elementor-widget-container\">\n\t\t\t\t\t\t\t\t\t<h4><strong>Le concours de bourses cliniques CASL 2026-2027 est maintenant OUVERT.<\/strong><\/h4><p>Les bourses de recherche sont destin\u00e9es aux candidats qui poursuivent une formation compl\u00e9mentaire en h\u00e9patologie clinique avanc\u00e9e. Les candidats qui ont termin\u00e9 leur formation en m\u00e9decine interne, en p\u00e9diatrie et\/ou en gastroent\u00e9rologie et qui ont l&#039;intention de consacrer leur future pratique clinique \u00e0 la prise en charge des patients adultes ou p\u00e9diatriques atteints de maladies du foie au Canada sont prioritaires. Le placement en bourse de recherche d\u00e9butera l&#039;ann\u00e9e suivant la demande.<\/p><p><b style=\"color: #242424; font-family: Aptos, sans-serif; font-size: 14.6667px;\">Date limite : T\u00e9l\u00e9chargez et soumettez votre candidature accompagn\u00e9e de tous les documents requis avant le 30 septembre 2025<\/b><span style=\"color: #242424; font-family: Aptos, sans-serif; font-size: 14.6667px;\">.<\/span><\/p><p><span dir=\"ltr\">Pour plus d&#039;informations et pour soumettre votre candidature, veuillez <a href=\"https:\/\/hepatology.ca\/fr\/education-events\/clinical-fellowships\/\" rel=\"noopener\">Cliquez ici<\/a><\/span><\/p><p><strong><a href=\"https:\/\/hepatology.ca\/fr\/casl-awards\/the-current-award-recipients\/\">Cliquez ici<\/a> pour les laur\u00e9ats actuels des prix<\/strong><\/p>\t\t\t\t\t\t\t\t<\/div>\n\t\t\t\t<\/div>\n\t\t\t\t\t<\/div>\n\t\t\t\t<\/div>\n\t\t\t\t<\/div>","protected":false},"excerpt":{"rendered":"<p>The 2026-2027 CASL Clinical Fellowship Competition is now OPEN. Fellowships are intended for candidates pursuing additional training in advanced clinical [&hellip;]<\/p>\n","protected":false},"author":3,"featured_media":0,"parent":949,"menu_order":0,"comment_status":"closed","ping_status":"closed","template":"","meta":{"_acf_changed":false,"site-sidebar-layout":"default","site-content-layout":"","ast-site-content-layout":"default","site-content-style":"default","site-sidebar-style":"default","ast-global-header-display":"","ast-banner-title-visibility":"","ast-main-header-display":"","ast-hfb-above-header-display":"","ast-hfb-below-header-display":"","ast-hfb-mobile-header-display":"","site-post-title":"","ast-breadcrumbs-content":"","ast-featured-img":"","footer-sml-layout":"","ast-disable-related-posts":"","theme-transparent-header-meta":"","adv-header-id-meta":"","stick-header-meta":"","header-above-stick-meta":"","header-main-stick-meta":"","header-below-stick-meta":"","astra-migrate-meta-layouts":"default","ast-page-background-enabled":"default","ast-page-background-meta":{"desktop":{"background-color":"var(--ast-global-color-4)","background-image":"","background-repeat":"repeat","background-position":"center center","background-size":"auto","background-attachment":"scroll","background-type":"","background-media":"","overlay-type":"","overlay-color":"","overlay-opacity":"","overlay-gradient":""},"tablet":{"background-color":"","background-image":"","background-repeat":"repeat","background-position":"center center","background-size":"auto","background-attachment":"scroll","background-type":"","background-media":"","overlay-type":"","overlay-color":"","overlay-opacity":"","overlay-gradient":""},"mobile":{"background-color":"","background-image":"","background-repeat":"repeat","background-position":"center center","background-size":"auto","background-attachment":"scroll","background-type":"","background-media":"","overlay-type":"","overlay-color":"","overlay-opacity":"","overlay-gradient":""}},"ast-content-background-meta":{"desktop":{"background-color":"var(--ast-global-color-5)","background-image":"","background-repeat":"repeat","background-position":"center center","background-size":"auto","background-attachment":"scroll","background-type":"","background-media":"","overlay-type":"","overlay-color":"","overlay-opacity":"","overlay-gradient":""},"tablet":{"background-color":"var(--ast-global-color-5)","background-image":"","background-repeat":"repeat","background-position":"center center","background-size":"auto","background-attachment":"scroll","background-type":"","background-media":"","overlay-type":"","overlay-color":"","overlay-opacity":"","overlay-gradient":""},"mobile":{"background-color":"var(--ast-global-color-5)","background-image":"","background-repeat":"repeat","background-position":"center center","background-size":"auto","background-attachment":"scroll","background-type":"","background-media":"","overlay-type":"","overlay-color":"","overlay-opacity":"","overlay-gradient":""}},"ngg_post_thumbnail":0,"footnotes":""},"class_list":["post-1817","page","type-page","status-publish","hentry"],"acf":[],"yoast_head":"<!-- This site is optimized with the Yoast SEO plugin v27.4 - https:\/\/yoast.com\/product\/yoast-seo-wordpress\/ -->\n<title>Current Fellowship Opportunities - CASL - Canadian Association for the Study of the Liver<\/title>\n<meta name=\"description\" content=\"Fellowships are intended for candidates pursuing additional training in advanced clinical hepatology.\u00a0 Applicants who have completed Internal Medicine, Pediatrics and\/or Gastroenterology training, and who intend to devote their future clinical practice to the management of adult or pediatric patients with liver diseases in Canada are prioritized.\u00a0\" \/>\n<meta name=\"robots\" content=\"index, follow, max-snippet:-1, max-image-preview:large, max-video-preview:-1\" \/>\n<link rel=\"canonical\" href=\"https:\/\/hepatology.ca\/fr\/education-events\/clinical-fellowships\/current-fellowship-opportunities\/\" \/>\n<meta property=\"og:locale\" content=\"fr_CA\" \/>\n<meta property=\"og:type\" content=\"article\" \/>\n<meta property=\"og:title\" content=\"Current Fellowship Opportunities - CASL - Canadian Association for the Study of the Liver\" \/>\n<meta property=\"og:description\" content=\"Fellowships are intended for candidates pursuing additional training in advanced clinical hepatology.\u00a0 Applicants who have completed Internal Medicine, Pediatrics and\/or Gastroenterology training, and who intend to devote their future clinical practice to the management of adult or pediatric patients with liver diseases in Canada are prioritized.\u00a0\" \/>\n<meta property=\"og:url\" content=\"https:\/\/hepatology.ca\/fr\/education-events\/clinical-fellowships\/current-fellowship-opportunities\/\" \/>\n<meta property=\"og:site_name\" content=\"CASL - Canadian Association for the Study of the Liver\" \/>\n<meta property=\"article:modified_time\" content=\"2025-05-27T16:08:00+00:00\" \/>\n<meta name=\"twitter:card\" content=\"summary_large_image\" \/>\n<meta name=\"twitter:label1\" content=\"Estimation du temps de lecture\" \/>\n\t<meta name=\"twitter:data1\" content=\"1 minute\" \/>\n<script type=\"application\/ld+json\" class=\"yoast-schema-graph\">{\"@context\":\"https:\\\/\\\/schema.org\",\"@graph\":[{\"@type\":\"WebPage\",\"@id\":\"https:\\\/\\\/hepatology.ca\\\/education-events\\\/clinical-fellowships\\\/current-fellowship-opportunities\\\/\",\"url\":\"https:\\\/\\\/hepatology.ca\\\/education-events\\\/clinical-fellowships\\\/current-fellowship-opportunities\\\/\",\"name\":\"Current Fellowship Opportunities - CASL - Canadian Association for the Study of the Liver\",\"isPartOf\":{\"@id\":\"https:\\\/\\\/hepatology.ca\\\/#website\"},\"datePublished\":\"2017-12-20T22:13:51+00:00\",\"dateModified\":\"2025-05-27T16:08:00+00:00\",\"description\":\"Fellowships are intended for candidates pursuing additional training in advanced clinical hepatology.\u00a0 Applicants who have completed Internal Medicine, Pediatrics and\\\/or Gastroenterology training, and who intend to devote their future clinical practice to the management of adult or pediatric patients with liver diseases in Canada are prioritized.\u00a0\",\"breadcrumb\":{\"@id\":\"https:\\\/\\\/hepatology.ca\\\/education-events\\\/clinical-fellowships\\\/current-fellowship-opportunities\\\/#breadcrumb\"},\"inLanguage\":\"fr-CA\",\"potentialAction\":[{\"@type\":\"ReadAction\",\"target\":[\"https:\\\/\\\/hepatology.ca\\\/education-events\\\/clinical-fellowships\\\/current-fellowship-opportunities\\\/\"]}]},{\"@type\":\"BreadcrumbList\",\"@id\":\"https:\\\/\\\/hepatology.ca\\\/education-events\\\/clinical-fellowships\\\/current-fellowship-opportunities\\\/#breadcrumb\",\"itemListElement\":[{\"@type\":\"ListItem\",\"position\":1,\"name\":\"Home\",\"item\":\"https:\\\/\\\/hepatology.ca\\\/\"},{\"@type\":\"ListItem\",\"position\":2,\"name\":\"Education &#038; Events\",\"item\":\"https:\\\/\\\/hepatology.ca\\\/education-events\\\/\"},{\"@type\":\"ListItem\",\"position\":3,\"name\":\"Clinical Hepatology Fellowships\",\"item\":\"https:\\\/\\\/hepatology.ca\\\/education-events\\\/clinical-fellowships\\\/\"},{\"@type\":\"ListItem\",\"position\":4,\"name\":\"Current Fellowship Opportunities\"}]},{\"@type\":\"WebSite\",\"@id\":\"https:\\\/\\\/hepatology.ca\\\/#website\",\"url\":\"https:\\\/\\\/hepatology.ca\\\/\",\"name\":\"CASL\",\"description\":\"Canada\u2019s home for liver experts\",\"publisher\":{\"@id\":\"https:\\\/\\\/hepatology.ca\\\/#organization\"},\"potentialAction\":[{\"@type\":\"SearchAction\",\"target\":{\"@type\":\"EntryPoint\",\"urlTemplate\":\"https:\\\/\\\/hepatology.ca\\\/?s={search_term_string}\"},\"query-input\":{\"@type\":\"PropertyValueSpecification\",\"valueRequired\":true,\"valueName\":\"search_term_string\"}}],\"inLanguage\":\"fr-CA\"},{\"@type\":\"Organization\",\"@id\":\"https:\\\/\\\/hepatology.ca\\\/#organization\",\"name\":\"Canadian Association for the Study of the Liver\",\"url\":\"https:\\\/\\\/hepatology.ca\\\/\",\"logo\":{\"@type\":\"ImageObject\",\"inLanguage\":\"fr-CA\",\"@id\":\"https:\\\/\\\/hepatology.ca\\\/#\\\/schema\\\/logo\\\/image\\\/\",\"url\":\"https:\\\/\\\/hepatology.ca\\\/wp-content\\\/uploads\\\/2024\\\/06\\\/CASL-logo-transparent-background.png\",\"contentUrl\":\"https:\\\/\\\/hepatology.ca\\\/wp-content\\\/uploads\\\/2024\\\/06\\\/CASL-logo-transparent-background.png\",\"width\":1040,\"height\":294,\"caption\":\"Canadian Association for the Study of the Liver\"},\"image\":{\"@id\":\"https:\\\/\\\/hepatology.ca\\\/#\\\/schema\\\/logo\\\/image\\\/\"}}]}<\/script>\n<!-- \/ Yoast SEO plugin. -->","yoast_head_json":{"title":"Bourses de recherche actuelles \u2013 Association canadienne pour l&#039;\u00e9tude du foie","description":"Les bourses de recherche sont destin\u00e9es aux candidats qui poursuivent une formation compl\u00e9mentaire en h\u00e9patologie clinique avanc\u00e9e. La priorit\u00e9 est accord\u00e9e aux candidats ayant suivi une formation en m\u00e9decine interne, en p\u00e9diatrie ou en gastroent\u00e9rologie et qui souhaitent consacrer leur future pratique clinique \u00e0 la prise en charge de patients adultes ou p\u00e9diatriques atteints de maladies du foie au Canada.\u00a0","robots":{"index":"index","follow":"follow","max-snippet":"max-snippet:-1","max-image-preview":"max-image-preview:large","max-video-preview":"max-video-preview:-1"},"canonical":"https:\/\/hepatology.ca\/fr\/education-events\/clinical-fellowships\/current-fellowship-opportunities\/","og_locale":"fr_CA","og_type":"article","og_title":"Current Fellowship Opportunities - CASL - Canadian Association for the Study of the Liver","og_description":"Fellowships are intended for candidates pursuing additional training in advanced clinical hepatology.\u00a0 Applicants who have completed Internal Medicine, Pediatrics and\/or Gastroenterology training, and who intend to devote their future clinical practice to the management of adult or pediatric patients with liver diseases in Canada are prioritized.\u00a0","og_url":"https:\/\/hepatology.ca\/fr\/education-events\/clinical-fellowships\/current-fellowship-opportunities\/","og_site_name":"CASL - Canadian Association for the Study of the Liver","article_modified_time":"2025-05-27T16:08:00+00:00","twitter_card":"summary_large_image","twitter_misc":{"Estimation du temps de lecture":"1 minute"},"schema":{"@context":"https:\/\/schema.org","@graph":[{"@type":"WebPage","@id":"https:\/\/hepatology.ca\/education-events\/clinical-fellowships\/current-fellowship-opportunities\/","url":"https:\/\/hepatology.ca\/education-events\/clinical-fellowships\/current-fellowship-opportunities\/","name":"Bourses de recherche actuelles \u2013 Association canadienne pour l&#039;\u00e9tude du foie","isPartOf":{"@id":"https:\/\/hepatology.ca\/#website"},"datePublished":"2017-12-20T22:13:51+00:00","dateModified":"2025-05-27T16:08:00+00:00","description":"Les bourses de recherche sont destin\u00e9es aux candidats qui poursuivent une formation compl\u00e9mentaire en h\u00e9patologie clinique avanc\u00e9e. La priorit\u00e9 est accord\u00e9e aux candidats ayant suivi une formation en m\u00e9decine interne, en p\u00e9diatrie ou en gastroent\u00e9rologie et qui souhaitent consacrer leur future pratique clinique \u00e0 la prise en charge de patients adultes ou p\u00e9diatriques atteints de maladies du foie au Canada.\u00a0","breadcrumb":{"@id":"https:\/\/hepatology.ca\/education-events\/clinical-fellowships\/current-fellowship-opportunities\/#breadcrumb"},"inLanguage":"fr-CA","potentialAction":[{"@type":"ReadAction","target":["https:\/\/hepatology.ca\/education-events\/clinical-fellowships\/current-fellowship-opportunities\/"]}]},{"@type":"BreadcrumbList","@id":"https:\/\/hepatology.ca\/education-events\/clinical-fellowships\/current-fellowship-opportunities\/#breadcrumb","itemListElement":[{"@type":"ListItem","position":1,"name":"Home","item":"https:\/\/hepatology.ca\/"},{"@type":"ListItem","position":2,"name":"Education &#038; Events","item":"https:\/\/hepatology.ca\/education-events\/"},{"@type":"ListItem","position":3,"name":"Clinical Hepatology Fellowships","item":"https:\/\/hepatology.ca\/education-events\/clinical-fellowships\/"},{"@type":"ListItem","position":4,"name":"Current Fellowship Opportunities"}]},{"@type":"WebSite","@id":"https:\/\/hepatology.ca\/#website","url":"https:\/\/hepatology.ca\/","name":"LCAP","description":"Le foyer canadien des experts du foie","publisher":{"@id":"https:\/\/hepatology.ca\/#organization"},"potentialAction":[{"@type":"SearchAction","target":{"@type":"EntryPoint","urlTemplate":"https:\/\/hepatology.ca\/?s={search_term_string}"},"query-input":{"@type":"PropertyValueSpecification","valueRequired":true,"valueName":"search_term_string"}}],"inLanguage":"fr-CA"},{"@type":"Organization","@id":"https:\/\/hepatology.ca\/#organization","name":"Association canadienne pour l&#039;\u00e9tude du foie","url":"https:\/\/hepatology.ca\/","logo":{"@type":"ImageObject","inLanguage":"fr-CA","@id":"https:\/\/hepatology.ca\/#\/schema\/logo\/image\/","url":"https:\/\/hepatology.ca\/wp-content\/uploads\/2024\/06\/CASL-logo-transparent-background.png","contentUrl":"https:\/\/hepatology.ca\/wp-content\/uploads\/2024\/06\/CASL-logo-transparent-background.png","width":1040,"height":294,"caption":"Canadian Association for the Study of the Liver"},"image":{"@id":"https:\/\/hepatology.ca\/#\/schema\/logo\/image\/"}}]}},"_links":{"self":[{"href":"https:\/\/hepatology.ca\/fr\/wp-json\/wp\/v2\/pages\/1817","targetHints":{"allow":["GET"]}}],"collection":[{"href":"https:\/\/hepatology.ca\/fr\/wp-json\/wp\/v2\/pages"}],"about":[{"href":"https:\/\/hepatology.ca\/fr\/wp-json\/wp\/v2\/types\/page"}],"author":[{"embeddable":true,"href":"https:\/\/hepatology.ca\/fr\/wp-json\/wp\/v2\/users\/3"}],"replies":[{"embeddable":true,"href":"https:\/\/hepatology.ca\/fr\/wp-json\/wp\/v2\/comments?post=1817"}],"version-history":[{"count":22,"href":"https:\/\/hepatology.ca\/fr\/wp-json\/wp\/v2\/pages\/1817\/revisions"}],"predecessor-version":[{"id":4749,"href":"https:\/\/hepatology.ca\/fr\/wp-json\/wp\/v2\/pages\/1817\/revisions\/4749"}],"up":[{"embeddable":true,"href":"https:\/\/hepatology.ca\/fr\/wp-json\/wp\/v2\/pages\/949"}],"wp:attachment":[{"href":"https:\/\/hepatology.ca\/fr\/wp-json\/wp\/v2\/media?parent=1817"}],"curies":[{"name":"wp","href":"https:\/\/api.w.org\/{rel}","templated":true}]}}