{"id":1809,"date":"2017-12-18T16:50:14","date_gmt":"2017-12-18T16:50:14","guid":{"rendered":"http:\/\/live.hepatology.ca\/?page_id=1809"},"modified":"2024-06-08T21:37:11","modified_gmt":"2024-06-08T21:37:11","slug":"educational-resources","status":"publish","type":"page","link":"https:\/\/hepatology.ca\/fr\/education-events\/educational-resources\/","title":{"rendered":"Ressources p\u00e9dagogiques"},"content":{"rendered":"\t\t<div data-elementor-type=\"wp-page\" data-elementor-id=\"1809\" class=\"elementor elementor-1809\">\n\t\t\t\t<div class=\"elementor-element elementor-element-1d62ddce e-flex e-con-boxed e-con e-parent\" data-id=\"1d62ddce\" data-element_type=\"container\" data-e-type=\"container\">\n\t\t\t\t\t<div class=\"e-con-inner\">\n\t\t<div class=\"elementor-element elementor-element-db8e6be e-grid e-con-boxed e-con e-child\" data-id=\"db8e6be\" data-element_type=\"container\" data-e-type=\"container\">\n\t\t\t\t\t<div class=\"e-con-inner\">\n\t\t\t\t<div class=\"elementor-element elementor-element-8fe7a3a elementor-widget elementor-widget-text-editor\" data-id=\"8fe7a3a\" data-element_type=\"widget\" data-e-type=\"widget\" data-widget_type=\"text-editor.default\">\n\t\t\t\t<div class=\"elementor-widget-container\">\n\t\t\t\t\t\t\t\t\t<p>CASL webinars and other enduring educational resources can now be found in the HepatoSite, our online learning portal.<\/p>\n<p><b style=\"font-style: inherit; color: var( --e-global-color-text ); font-family: var( --e-global-typography-text-font-family ), Sans-serif; text-align: var(--text-align); background-color: var(--ast-global-color-5);\">CASL members can access HepatoSite via the link in the &#8216;<\/b><a style=\"font-style: inherit; font-family: var( --e-global-typography-text-font-family ), Sans-serif; text-align: var(--text-align); font-weight: bold;\" href=\"https:\/\/hepatology.ca\/members\/members-only\/\">Members Only<\/a><span style=\"font-style: inherit; color: var( --e-global-color-text ); font-family: var( --e-global-typography-text-font-family ), Sans-serif; text-align: var(--text-align); background-color: var(--ast-global-color-5);\"><b>&#8216; area of the website.<br \/><\/b><\/span><\/p>\n<p><span style=\"font-style: inherit; font-weight: inherit; color: var( --e-global-color-text ); font-family: var( --e-global-typography-text-font-family ), Sans-serif; text-align: var(--text-align); background-color: var(--ast-global-color-5);\">Non-members may purchase access to select content &#8211; click <\/span><a style=\"font-style: inherit; font-weight: inherit; font-family: var( --e-global-typography-text-font-family ), Sans-serif; text-align: var(--text-align);\" href=\"https:\/\/hepatology.myabsorb.ca\" target=\"_blank\" rel=\"noopener\">here<\/a><span style=\"font-style: inherit; font-weight: inherit; color: var( --e-global-color-text ); font-family: var( --e-global-typography-text-font-family ), Sans-serif; text-align: var(--text-align); background-color: var(--ast-global-color-5);\"> to create an account and browse the catalogue of resources.<\/span><\/p>\t\t\t\t\t\t\t\t<\/div>\n\t\t\t\t<\/div>\n\t\t\t\t<div class=\"elementor-element elementor-element-4c638bd elementor-widget elementor-widget-image\" data-id=\"4c638bd\" data-element_type=\"widget\" data-e-type=\"widget\" data-widget_type=\"image.default\">\n\t\t\t\t<div class=\"elementor-widget-container\">\n\t\t\t\t\t\t\t\t\t\t\t\t\t\t\t<img fetchpriority=\"high\" decoding=\"async\" width=\"768\" height=\"461\" src=\"https:\/\/hepatology.ca\/wp-content\/uploads\/2023\/05\/3-2-768x461.png\" class=\"attachment-medium_large size-medium_large wp-image-3264\" alt=\"\" srcset=\"https:\/\/hepatology.ca\/wp-content\/uploads\/2023\/05\/3-2-768x461.png 768w, https:\/\/hepatology.ca\/wp-content\/uploads\/2023\/05\/3-2-300x180.png 300w, https:\/\/hepatology.ca\/wp-content\/uploads\/2023\/05\/3-2-1024x614.png 1024w, https:\/\/hepatology.ca\/wp-content\/uploads\/2023\/05\/3-2.png 1280w\" sizes=\"(max-width: 768px) 100vw, 768px\" \/>\t\t\t\t\t\t\t\t\t\t\t\t\t\t\t<\/div>\n\t\t\t\t<\/div>\n\t\t\t\t\t<\/div>\n\t\t\t\t<\/div>\n\t\t\t\t<div class=\"elementor-element elementor-element-75e75a2f elementor-widget elementor-widget-text-editor\" data-id=\"75e75a2f\" data-element_type=\"widget\" data-e-type=\"widget\" data-widget_type=\"text-editor.default\">\n\t\t\t\t<div class=\"elementor-widget-container\">\n\t\t\t\t\t\t\t\t\t<p>\u00a0<\/p>\n<p><strong>Health Canada Resources on Drug Safety:<\/strong><\/p>\n<ul>\n<li><a href=\"https:\/\/www.canada.ca\/en\/health-canada\/services\/drugs-health-products\/medeffect-canada\/safety-reviews.html\" target=\"_blank\" rel=\"noopener noreferrer\">Summary Safety Review Information Page<\/a>\u00a0\n<ul>\n<li><em>January 2021<\/em>: Health Canada Marketed Health Products Directorate correspondence regarding <strong>Sofosbuvir-containing products: Assessing the Potential Risk of Severe Cutaneous Adverse Reactions (SCAR) <\/strong>[<a href=\"https:\/\/hepatology.ca\/wp-content\/uploads\/2021\/02\/EN_SSR_Sofosbuvir_SCAR.pdf\" target=\"_blank\" rel=\"noopener\">English<\/a>] [<a href=\"https:\/\/hepatology.ca\/wp-content\/uploads\/2021\/02\/FR_SSR_Sofosbuvir_SCAR.pdf\" target=\"_blank\" rel=\"noopener\">French<\/a>]<\/li>\n<li><em>December 2020<\/em>: Health Canada Marketed Health Products Directorate correspondence regarding <strong>direct-acting antivirals (DAAs) containing a protease-inhibitor: risks of hepatic decompensation and hepatic failure<\/strong> [<a href=\"https:\/\/hepatology.ca\/wp-content\/uploads\/2021\/01\/SSR_DAA-PI_HD-and-HF_EN.pdf\" target=\"_blank\" rel=\"noopener noreferrer\">English<\/a>] [<a href=\"https:\/\/hepatology.ca\/wp-content\/uploads\/2021\/01\/SSR_DAA-PI_HD-and-HF_FR.pdf\" target=\"_blank\" rel=\"noopener noreferrer\">French<\/a>]<\/li>\n<li><em>August 2019<\/em>: <a href=\"https:\/\/www.fda.gov\/drugs\/drug-safety-and-availability\/fda-warns-about-rare-occurrence-serious-liver-injury-use-hepatitis-c-medicines-mavyret-zepatier-and\" target=\"_blank\" rel=\"noopener\">FDA News Release<\/a> regarding the rare occurrence of serious liver injury in patients who use certain hepatitis c medicines<\/li>\n<\/ul>\n<\/li>\n<\/ul>\n<p>\u00a0<\/p>\n<ul>\n<li><a href=\"https:\/\/www.canada.ca\/en\/health-canada\/services\/drugs-health-products\/medeffect-canada\/health-product-infowatch.html\" target=\"_blank\" rel=\"noopener noreferrer\">Product InfoWatch Newsletters<\/a><\/li>\n<\/ul>\n<hr \/>\n<p>The <strong>CIHR Institute of Nutrition, Metabolism and Diabetes <em>INMD Connections<\/em><\/strong> newsletters:<\/p>\n<ul>\n<li><a href=\"http:\/\/suivi.lnk01.com\/v\/443\/d07340b7efc78d666033bc4a2be805dc3789d101af0e8fb1\" target=\"_blank\" rel=\"noopener\">August 2019<\/a><\/li>\n<li><a href=\"http:\/\/cihr-irsc.gc.ca\/e\/51118.html\" target=\"_blank\" rel=\"noopener\">August 2018 (Vol. 18 no. 7)<\/a><\/li>\n<li><a href=\"http:\/\/cihr-irsc.gc.ca\/e\/51070.html\" target=\"_blank\" rel=\"noopener\">June 2018 (Vol. 18 no. 6)<\/a><\/li>\n<\/ul>\n<hr \/>\n<p><strong>Primary Care Treatment and Referral Pathways<\/strong>:<\/p>\n<ul>\n<li>Alberta <a href=\"https:\/\/www.specialistlink.ca\/files\/Hepatology_NAFLD_Pathway.pdf\" target=\"_blank\" rel=\"noopener\">NAFLD Screening and Referral Pathway using Shearwave Elastography<\/a><\/li>\n<li>Alberta <a href=\"https:\/\/www.albertahealthservices.ca\/assets\/about\/scn\/ahs-scn-dh-pathway-nafld.pdf\" target=\"_blank\" rel=\"noopener\">NAFLD Screening and Referral Pathway using FIB-4 Index<\/a><\/li>\n<\/ul>\n<hr \/>\n<p>Please visit the following websites for <strong>resources on Hepatopulmonary Syndrome<\/strong>:<\/p>\n<ul>\n<li>Patient section (including educational video):\u00a0<a href=\"http:\/\/hpscare.com\/for-patients\/\" target=\"_blank\" rel=\"noopener\">http:\/\/hpscare.com\/for-patients\/<br \/><\/a><\/li>\n<li>Healthcare Practitioner section (including online referral form):\u00a0<a href=\"http:\/\/hpscare.com\/for-practitioners\/\" target=\"_blank\" rel=\"noopener\">http:\/\/hpscare.com\/for-practitioners\/<\/a><\/li>\n<li>Researcher section (including description of currently\u00a0recruiting\u00a0studies):\u00a0\u00a0<a href=\"http:\/\/hpscare.com\/for-researchers\/\" target=\"_blank\" rel=\"noopener\">http:\/\/hpscare.com\/for-researchers\/<\/a><\/li>\n<\/ul>\n<p>\u00a0<\/p>\n<p><\/p>\n<p><\/p>\t\t\t\t\t\t\t\t<\/div>\n\t\t\t\t<\/div>\n\t\t\t\t\t<\/div>\n\t\t\t\t<\/div>\n\t\t\t\t<\/div>\n\t\t","protected":false},"excerpt":{"rendered":"<p>CASL webinars and other enduring educational resources can now be found in the HepatoSite, our online learning portal. CASL members [&hellip;]<\/p>\n","protected":false},"author":3,"featured_media":0,"parent":31,"menu_order":36,"comment_status":"closed","ping_status":"closed","template":"","meta":{"_acf_changed":false,"site-sidebar-layout":"default","site-content-layout":"","ast-site-content-layout":"default","site-content-style":"default","site-sidebar-style":"default","ast-global-header-display":"","ast-banner-title-visibility":"","ast-main-header-display":"","ast-hfb-above-header-display":"","ast-hfb-below-header-display":"","ast-hfb-mobile-header-display":"","site-post-title":"","ast-breadcrumbs-content":"","ast-featured-img":"","footer-sml-layout":"","ast-disable-related-posts":"","theme-transparent-header-meta":"","adv-header-id-meta":"","stick-header-meta":"","header-above-stick-meta":"","header-main-stick-meta":"","header-below-stick-meta":"","astra-migrate-meta-layouts":"default","ast-page-background-enabled":"default","ast-page-background-meta":{"desktop":{"background-color":"var(--ast-global-color-4)","background-image":"","background-repeat":"repeat","background-position":"center center","background-size":"auto","background-attachment":"scroll","background-type":"","background-media":"","overlay-type":"","overlay-color":"","overlay-opacity":"","overlay-gradient":""},"tablet":{"background-color":"","background-image":"","background-repeat":"repeat","background-position":"center center","background-size":"auto","background-attachment":"scroll","background-type":"","background-media":"","overlay-type":"","overlay-color":"","overlay-opacity":"","overlay-gradient":""},"mobile":{"background-color":"","background-image":"","background-repeat":"repeat","background-position":"center center","background-size":"auto","background-attachment":"scroll","background-type":"","background-media":"","overlay-type":"","overlay-color":"","overlay-opacity":"","overlay-gradient":""}},"ast-content-background-meta":{"desktop":{"background-color":"var(--ast-global-color-5)","background-image":"","background-repeat":"repeat","background-position":"center center","background-size":"auto","background-attachment":"scroll","background-type":"","background-media":"","overlay-type":"","overlay-color":"","overlay-opacity":"","overlay-gradient":""},"tablet":{"background-color":"var(--ast-global-color-5)","background-image":"","background-repeat":"repeat","background-position":"center center","background-size":"auto","background-attachment":"scroll","background-type":"","background-media":"","overlay-type":"","overlay-color":"","overlay-opacity":"","overlay-gradient":""},"mobile":{"background-color":"var(--ast-global-color-5)","background-image":"","background-repeat":"repeat","background-position":"center center","background-size":"auto","background-attachment":"scroll","background-type":"","background-media":"","overlay-type":"","overlay-color":"","overlay-opacity":"","overlay-gradient":""}},"ngg_post_thumbnail":0,"footnotes":""},"class_list":["post-1809","page","type-page","status-publish","hentry"],"acf":[],"yoast_head":"<!-- This site is optimized with the Yoast SEO plugin v27.4 - https:\/\/yoast.com\/product\/yoast-seo-wordpress\/ -->\n<title>Educational Resources - CASL - Canadian Association for the Study of the Liver<\/title>\n<meta name=\"description\" content=\"All of the educational videos from previous sessions can be found below:\" \/>\n<meta name=\"robots\" content=\"index, follow, max-snippet:-1, max-image-preview:large, max-video-preview:-1\" \/>\n<link rel=\"canonical\" href=\"https:\/\/hepatology.ca\/fr\/education-events\/educational-resources\/\" \/>\n<meta property=\"og:locale\" content=\"fr_CA\" \/>\n<meta property=\"og:type\" content=\"article\" \/>\n<meta property=\"og:title\" content=\"Educational Resources - CASL - Canadian Association for the Study of the Liver\" \/>\n<meta property=\"og:description\" content=\"All of the educational videos from previous sessions can be found below:\" \/>\n<meta property=\"og:url\" content=\"https:\/\/hepatology.ca\/fr\/education-events\/educational-resources\/\" \/>\n<meta property=\"og:site_name\" content=\"CASL - Canadian Association for the Study of the Liver\" \/>\n<meta property=\"article:modified_time\" content=\"2024-06-08T21:37:11+00:00\" \/>\n<meta property=\"og:image\" content=\"https:\/\/hepatology.ca\/wp-content\/uploads\/2023\/05\/3-2-768x461.png\" \/>\n<meta name=\"twitter:card\" content=\"summary_large_image\" \/>\n<meta name=\"twitter:label1\" content=\"Estimation du temps de lecture\" \/>\n\t<meta name=\"twitter:data1\" content=\"2 minutes\" \/>\n<script type=\"application\/ld+json\" class=\"yoast-schema-graph\">{\"@context\":\"https:\\\/\\\/schema.org\",\"@graph\":[{\"@type\":\"WebPage\",\"@id\":\"https:\\\/\\\/hepatology.ca\\\/education-events\\\/educational-resources\\\/\",\"url\":\"https:\\\/\\\/hepatology.ca\\\/education-events\\\/educational-resources\\\/\",\"name\":\"Educational Resources - CASL - Canadian Association for the Study of the Liver\",\"isPartOf\":{\"@id\":\"https:\\\/\\\/hepatology.ca\\\/#website\"},\"primaryImageOfPage\":{\"@id\":\"https:\\\/\\\/hepatology.ca\\\/education-events\\\/educational-resources\\\/#primaryimage\"},\"image\":{\"@id\":\"https:\\\/\\\/hepatology.ca\\\/education-events\\\/educational-resources\\\/#primaryimage\"},\"thumbnailUrl\":\"https:\\\/\\\/hepatology.ca\\\/wp-content\\\/uploads\\\/2023\\\/05\\\/3-2-768x461.png\",\"datePublished\":\"2017-12-18T16:50:14+00:00\",\"dateModified\":\"2024-06-08T21:37:11+00:00\",\"description\":\"All of the educational videos from previous sessions can be found below:\",\"breadcrumb\":{\"@id\":\"https:\\\/\\\/hepatology.ca\\\/education-events\\\/educational-resources\\\/#breadcrumb\"},\"inLanguage\":\"fr-CA\",\"potentialAction\":[{\"@type\":\"ReadAction\",\"target\":[\"https:\\\/\\\/hepatology.ca\\\/education-events\\\/educational-resources\\\/\"]}]},{\"@type\":\"ImageObject\",\"inLanguage\":\"fr-CA\",\"@id\":\"https:\\\/\\\/hepatology.ca\\\/education-events\\\/educational-resources\\\/#primaryimage\",\"url\":\"https:\\\/\\\/hepatology.ca\\\/wp-content\\\/uploads\\\/2023\\\/05\\\/3-2-768x461.png\",\"contentUrl\":\"https:\\\/\\\/hepatology.ca\\\/wp-content\\\/uploads\\\/2023\\\/05\\\/3-2-768x461.png\"},{\"@type\":\"BreadcrumbList\",\"@id\":\"https:\\\/\\\/hepatology.ca\\\/education-events\\\/educational-resources\\\/#breadcrumb\",\"itemListElement\":[{\"@type\":\"ListItem\",\"position\":1,\"name\":\"Home\",\"item\":\"https:\\\/\\\/hepatology.ca\\\/\"},{\"@type\":\"ListItem\",\"position\":2,\"name\":\"Education &#038; Events\",\"item\":\"https:\\\/\\\/hepatology.ca\\\/education-events\\\/\"},{\"@type\":\"ListItem\",\"position\":3,\"name\":\"Educational Resources\"}]},{\"@type\":\"WebSite\",\"@id\":\"https:\\\/\\\/hepatology.ca\\\/#website\",\"url\":\"https:\\\/\\\/hepatology.ca\\\/\",\"name\":\"CASL\",\"description\":\"Canada\u2019s home for liver experts\",\"publisher\":{\"@id\":\"https:\\\/\\\/hepatology.ca\\\/#organization\"},\"potentialAction\":[{\"@type\":\"SearchAction\",\"target\":{\"@type\":\"EntryPoint\",\"urlTemplate\":\"https:\\\/\\\/hepatology.ca\\\/?s={search_term_string}\"},\"query-input\":{\"@type\":\"PropertyValueSpecification\",\"valueRequired\":true,\"valueName\":\"search_term_string\"}}],\"inLanguage\":\"fr-CA\"},{\"@type\":\"Organization\",\"@id\":\"https:\\\/\\\/hepatology.ca\\\/#organization\",\"name\":\"Canadian Association for the Study of the Liver\",\"url\":\"https:\\\/\\\/hepatology.ca\\\/\",\"logo\":{\"@type\":\"ImageObject\",\"inLanguage\":\"fr-CA\",\"@id\":\"https:\\\/\\\/hepatology.ca\\\/#\\\/schema\\\/logo\\\/image\\\/\",\"url\":\"https:\\\/\\\/hepatology.ca\\\/wp-content\\\/uploads\\\/2024\\\/06\\\/CASL-logo-transparent-background.png\",\"contentUrl\":\"https:\\\/\\\/hepatology.ca\\\/wp-content\\\/uploads\\\/2024\\\/06\\\/CASL-logo-transparent-background.png\",\"width\":1040,\"height\":294,\"caption\":\"Canadian Association for the Study of the Liver\"},\"image\":{\"@id\":\"https:\\\/\\\/hepatology.ca\\\/#\\\/schema\\\/logo\\\/image\\\/\"}}]}<\/script>\n<!-- \/ Yoast SEO plugin. -->","yoast_head_json":{"title":"Ressources p\u00e9dagogiques - ACE - Association canadienne pour l&#039;\u00e9tude du foie","description":"Toutes les vid\u00e9os p\u00e9dagogiques des sessions pr\u00e9c\u00e9dentes sont disponibles ci-dessous :","robots":{"index":"index","follow":"follow","max-snippet":"max-snippet:-1","max-image-preview":"max-image-preview:large","max-video-preview":"max-video-preview:-1"},"canonical":"https:\/\/hepatology.ca\/fr\/education-events\/educational-resources\/","og_locale":"fr_CA","og_type":"article","og_title":"Educational Resources - CASL - Canadian Association for the Study of the Liver","og_description":"All of the educational videos from previous sessions can be found below:","og_url":"https:\/\/hepatology.ca\/fr\/education-events\/educational-resources\/","og_site_name":"CASL - Canadian Association for the Study of the Liver","article_modified_time":"2024-06-08T21:37:11+00:00","og_image":[{"url":"https:\/\/hepatology.ca\/wp-content\/uploads\/2023\/05\/3-2-768x461.png","type":"","width":"","height":""}],"twitter_card":"summary_large_image","twitter_misc":{"Estimation du temps de lecture":"2 minutes"},"schema":{"@context":"https:\/\/schema.org","@graph":[{"@type":"WebPage","@id":"https:\/\/hepatology.ca\/education-events\/educational-resources\/","url":"https:\/\/hepatology.ca\/education-events\/educational-resources\/","name":"Ressources p\u00e9dagogiques - ACE - Association canadienne pour l&#039;\u00e9tude du foie","isPartOf":{"@id":"https:\/\/hepatology.ca\/#website"},"primaryImageOfPage":{"@id":"https:\/\/hepatology.ca\/education-events\/educational-resources\/#primaryimage"},"image":{"@id":"https:\/\/hepatology.ca\/education-events\/educational-resources\/#primaryimage"},"thumbnailUrl":"https:\/\/hepatology.ca\/wp-content\/uploads\/2023\/05\/3-2-768x461.png","datePublished":"2017-12-18T16:50:14+00:00","dateModified":"2024-06-08T21:37:11+00:00","description":"Toutes les vid\u00e9os p\u00e9dagogiques des sessions pr\u00e9c\u00e9dentes sont disponibles ci-dessous :","breadcrumb":{"@id":"https:\/\/hepatology.ca\/education-events\/educational-resources\/#breadcrumb"},"inLanguage":"fr-CA","potentialAction":[{"@type":"ReadAction","target":["https:\/\/hepatology.ca\/education-events\/educational-resources\/"]}]},{"@type":"ImageObject","inLanguage":"fr-CA","@id":"https:\/\/hepatology.ca\/education-events\/educational-resources\/#primaryimage","url":"https:\/\/hepatology.ca\/wp-content\/uploads\/2023\/05\/3-2-768x461.png","contentUrl":"https:\/\/hepatology.ca\/wp-content\/uploads\/2023\/05\/3-2-768x461.png"},{"@type":"BreadcrumbList","@id":"https:\/\/hepatology.ca\/education-events\/educational-resources\/#breadcrumb","itemListElement":[{"@type":"ListItem","position":1,"name":"Home","item":"https:\/\/hepatology.ca\/"},{"@type":"ListItem","position":2,"name":"Education &#038; Events","item":"https:\/\/hepatology.ca\/education-events\/"},{"@type":"ListItem","position":3,"name":"Educational Resources"}]},{"@type":"WebSite","@id":"https:\/\/hepatology.ca\/#website","url":"https:\/\/hepatology.ca\/","name":"LCAP","description":"Le foyer canadien des experts du foie","publisher":{"@id":"https:\/\/hepatology.ca\/#organization"},"potentialAction":[{"@type":"SearchAction","target":{"@type":"EntryPoint","urlTemplate":"https:\/\/hepatology.ca\/?s={search_term_string}"},"query-input":{"@type":"PropertyValueSpecification","valueRequired":true,"valueName":"search_term_string"}}],"inLanguage":"fr-CA"},{"@type":"Organization","@id":"https:\/\/hepatology.ca\/#organization","name":"Association canadienne pour l&#039;\u00e9tude du foie","url":"https:\/\/hepatology.ca\/","logo":{"@type":"ImageObject","inLanguage":"fr-CA","@id":"https:\/\/hepatology.ca\/#\/schema\/logo\/image\/","url":"https:\/\/hepatology.ca\/wp-content\/uploads\/2024\/06\/CASL-logo-transparent-background.png","contentUrl":"https:\/\/hepatology.ca\/wp-content\/uploads\/2024\/06\/CASL-logo-transparent-background.png","width":1040,"height":294,"caption":"Canadian Association for the Study of the Liver"},"image":{"@id":"https:\/\/hepatology.ca\/#\/schema\/logo\/image\/"}}]}},"_links":{"self":[{"href":"https:\/\/hepatology.ca\/fr\/wp-json\/wp\/v2\/pages\/1809","targetHints":{"allow":["GET"]}}],"collection":[{"href":"https:\/\/hepatology.ca\/fr\/wp-json\/wp\/v2\/pages"}],"about":[{"href":"https:\/\/hepatology.ca\/fr\/wp-json\/wp\/v2\/types\/page"}],"author":[{"embeddable":true,"href":"https:\/\/hepatology.ca\/fr\/wp-json\/wp\/v2\/users\/3"}],"replies":[{"embeddable":true,"href":"https:\/\/hepatology.ca\/fr\/wp-json\/wp\/v2\/comments?post=1809"}],"version-history":[{"count":31,"href":"https:\/\/hepatology.ca\/fr\/wp-json\/wp\/v2\/pages\/1809\/revisions"}],"predecessor-version":[{"id":3981,"href":"https:\/\/hepatology.ca\/fr\/wp-json\/wp\/v2\/pages\/1809\/revisions\/3981"}],"up":[{"embeddable":true,"href":"https:\/\/hepatology.ca\/fr\/wp-json\/wp\/v2\/pages\/31"}],"wp:attachment":[{"href":"https:\/\/hepatology.ca\/fr\/wp-json\/wp\/v2\/media?parent=1809"}],"curies":[{"name":"wp","href":"https:\/\/api.w.org\/{rel}","templated":true}]}}