{"id":1683,"date":"2017-09-17T00:10:29","date_gmt":"2017-09-17T00:10:29","guid":{"rendered":"http:\/\/live.hepatology.ca\/?page_id=1683"},"modified":"2026-03-10T18:18:47","modified_gmt":"2026-03-10T18:18:47","slug":"canadian-liver-meeting","status":"publish","type":"page","link":"https:\/\/hepatology.ca\/fr\/education-events\/canadian-liver-meeting\/","title":{"rendered":"R\u00e9union canadienne sur le foie"},"content":{"rendered":"<p>Fond\u00e9e en 2018, la R\u00e9union canadienne du foie (RCF) est la conf\u00e9rence annuelle nationale de la CASL et la destination de choix pour les derni\u00e8res mises \u00e0 jour en mati\u00e8re de recherche et de pratique clinique destin\u00e9es aux membres de la communaut\u00e9 canadienne d&#039;h\u00e9patologie.<\/p>\n\n\n\n<p><\/p>\n\n\n\n\n\n\n\n\n\n\n\n\n\n\n\n\n\n<hr class=\"wp-block-separator has-css-opacity\"\/>\n\n\n\n<h4 class=\"wp-block-heading\">CONFERENCES PASS\u00c9ES<\/h4>\n\n\n\n<p><strong>2026 <\/strong>La r\u00e9union canadienne sur le foie de 2026 s&#039;est tenue du 27 f\u00e9vrier au 1er mars dans le cadre de la conf\u00e9rence conjointe CDDW-CLM \u00e0 Toronto, en Ontario.<\/p>\n\n\n\n<ul class=\"wp-block-list\">\n<li>Consultez le programme de la conf\u00e9rence et les d\u00e9tails sur <a href=\"https:\/\/cddw-clm.ca\/\">site web<\/a><\/li>\n<\/ul>\n\n\n\n<p><strong>2025\u00a0<\/strong>La r\u00e9union canadienne sur le foie de 2025 a eu lieu du 28 f\u00e9vrier au 2 mars dans le cadre de la conf\u00e9rence conjointe CDDW-CLM \u00e0 Qu\u00e9bec (QC).<\/p>\n\n\n\n<ul class=\"wp-block-list\">\n<li>Consultez le programme de la conf\u00e9rence <a href=\"https:\/\/mcicanada.swoogo.com\/cddw-clm\/program\">en ligne<\/a><\/li>\n<\/ul>\n\n\n\n<p><strong>2024 <\/strong>\u2013 La r\u00e9union canadienne sur le foie 2024 a eu lieu du 27 f\u00e9vrier au 3 mars dans le cadre de la conf\u00e9rence conjointe CDDWTM-CLM \u00e0 Toronto, en Ontario.<\/p>\n\n\n\n<ul class=\"wp-block-list\">\n<li>Consultez le programme de la conf\u00e9rence <a href=\"https:\/\/cddw-clm.ca\/program-2024\/\" target=\"_blank\" rel=\"noreferrer noopener\">en ligne<\/a><\/li>\n<\/ul>\n\n\n\n<p><strong>2023 <\/strong>\u2013 La r\u00e9union canadienne sur le foie 2023 a eu lieu du 3 au 5 mars dans le cadre de la conf\u00e9rence conjointe CDDWTM-CLM \u00e0 Halifax, en Nouvelle-\u00c9cosse.<\/p>\n\n\n\n<p><strong>2022 <\/strong>\u2013 La r\u00e9union canadienne sur le foie 2022 a eu lieu du 12 au 15 mai 2022 \u00e0 Ottawa et en ligne.<\/p>\n\n\n\n<p>Plus d&#039;informations sur la conf\u00e9rence 2022 sont disponibles ci-dessous :<\/p>\n\n\n\n<ul class=\"wp-block-list\">\n<li><a href=\"https:\/\/portalapp.mcigroup.eventsair.com\/VirtualAttendeePortal\/clm22\/clm2022portal\/login\">Acc\u00e9der \u00e0 la plateforme de r\u00e9union<\/a> pour visualiser le contenu de la session \u00e0 la demande<\/li>\n<\/ul>\n\n\n\n<p><strong>2021<\/strong> \u2013 Le CLM 2021 s\u2019est d\u00e9roul\u00e9 virtuellement du 2 au 5 mai 2021 et comprenait la <strong>Sommet nord-am\u00e9ricain pour l\u2019\u00e9limination de l\u2019h\u00e9patite<\/strong>, d\u00e9velopp\u00e9 en partenariat avec l&#039;AASLD, le CGHE, le CanHepC et le CAHN, et ax\u00e9 sur l&#039;\u00e9limination de l&#039;h\u00e9patite virale sous le th\u00e8me \u00ab Minimiser les disparit\u00e9s sur la voie de l&#039;\u00e9limination de l&#039;h\u00e9patite virale \u00bb. <\/p>\n\n\n\n<p>Voir plus d&#039;informations concernant la conf\u00e9rence 2021 ci-dessous :<\/p>\n\n\n\n<ul class=\"wp-block-list\">\n<li>Consultez le programme de la conf\u00e9rence <a href=\"https:\/\/www.canadianlivermeeting.ca\/2021-virtual-program\">en ligne<\/a><\/li>\n\n\n\n<li><a href=\"https:\/\/portalapp.mcigroup.eventsair.com\/VirtualAttendeePortal\/casl\/casl\/login\">Connectez-vous \u00e0 la plateforme de r\u00e9union<\/a> pour visionner les sessions \u00e0 la demande<\/li>\n<\/ul>\n\n\n\n<p class=\"has-text-align-left\"><strong>2020<\/strong> \u2013 Le CLM 2020 a eu lieu du 28 f\u00e9vrier au 1er mars 2020 \u00e0 Montr\u00e9al.<\/p>\n\n\n\n<ul class=\"wp-block-list\">\n<li>Voir la conf\u00e9rence <a href=\"https:\/\/www.canadianlivermeeting.ca\/2020program\">programme<\/a> en ligne ou en <a href=\"https:\/\/hepatology.ca\/wp-content\/uploads\/2021\/04\/2020-CLM-Full-Program.pdf\">PDF<\/a><\/li>\n\n\n\n<li>R\u00e9union <a href=\"https:\/\/www.canadianlivermeeting.ca\/photos\/2020-highlights\">points forts<\/a>&nbsp;<\/li>\n<\/ul>\n\n\n\n<p><strong>2019 <\/strong>\u2013 La 2e Rencontre canadienne sur le foie a eu lieu \u00e0 l\u2019H\u00f4tel Bonaventure \u00e0 Montr\u00e9al du 24 au 26 mai 2019.<\/p>\n\n\n<ul>\n<li>Voir la conf\u00e9rence <a href=\"https:\/\/hepatology.ca\/wp-content\/uploads\/2021\/04\/2019-CLM-Full-Program-Web.pdf\">programme<\/a><\/li>\n<\/ul>\n\n\n<p><\/p>\n\n\n\n<p><\/p>\n\n\n\n<p><\/p>\n\n\n\n<div style=\"height:45px\" aria-hidden=\"true\" class=\"wp-block-spacer\"><\/div>\n\n\n\n<p><\/p>","protected":false},"excerpt":{"rendered":"<p>Founded in 2018, the Canadian Liver Meeting (CLM) is CASL\u2019s annual, national conference and the premiere destination for the latest [&hellip;]<\/p>\n","protected":false},"author":3,"featured_media":0,"parent":31,"menu_order":21,"comment_status":"closed","ping_status":"closed","template":"","meta":{"_acf_changed":false,"site-sidebar-layout":"default","site-content-layout":"","ast-site-content-layout":"default","site-content-style":"default","site-sidebar-style":"default","ast-global-header-display":"","ast-banner-title-visibility":"","ast-main-header-display":"","ast-hfb-above-header-display":"","ast-hfb-below-header-display":"","ast-hfb-mobile-header-display":"","site-post-title":"","ast-breadcrumbs-content":"","ast-featured-img":"","footer-sml-layout":"","ast-disable-related-posts":"","theme-transparent-header-meta":"","adv-header-id-meta":"","stick-header-meta":"","header-above-stick-meta":"","header-main-stick-meta":"","header-below-stick-meta":"","astra-migrate-meta-layouts":"default","ast-page-background-enabled":"default","ast-page-background-meta":{"desktop":{"background-color":"var(--ast-global-color-4)","background-image":"","background-repeat":"repeat","background-position":"center center","background-size":"auto","background-attachment":"scroll","background-type":"","background-media":"","overlay-type":"","overlay-color":"","overlay-opacity":"","overlay-gradient":""},"tablet":{"background-color":"","background-image":"","background-repeat":"repeat","background-position":"center center","background-size":"auto","background-attachment":"scroll","background-type":"","background-media":"","overlay-type":"","overlay-color":"","overlay-opacity":"","overlay-gradient":""},"mobile":{"background-color":"","background-image":"","background-repeat":"repeat","background-position":"center center","background-size":"auto","background-attachment":"scroll","background-type":"","background-media":"","overlay-type":"","overlay-color":"","overlay-opacity":"","overlay-gradient":""}},"ast-content-background-meta":{"desktop":{"background-color":"var(--ast-global-color-5)","background-image":"","background-repeat":"repeat","background-position":"center center","background-size":"auto","background-attachment":"scroll","background-type":"","background-media":"","overlay-type":"","overlay-color":"","overlay-opacity":"","overlay-gradient":""},"tablet":{"background-color":"var(--ast-global-color-5)","background-image":"","background-repeat":"repeat","background-position":"center center","background-size":"auto","background-attachment":"scroll","background-type":"","background-media":"","overlay-type":"","overlay-color":"","overlay-opacity":"","overlay-gradient":""},"mobile":{"background-color":"var(--ast-global-color-5)","background-image":"","background-repeat":"repeat","background-position":"center center","background-size":"auto","background-attachment":"scroll","background-type":"","background-media":"","overlay-type":"","overlay-color":"","overlay-opacity":"","overlay-gradient":""}},"ngg_post_thumbnail":0,"footnotes":""},"class_list":["post-1683","page","type-page","status-publish","hentry"],"acf":[],"yoast_head":"<!-- This site is optimized with the Yoast SEO plugin v27.4 - https:\/\/yoast.com\/product\/yoast-seo-wordpress\/ -->\n<title>Canadian Liver Meeting - CASL - Canadian Association for the Study of the Liver<\/title>\n<meta name=\"description\" content=\"The Canadian Liver Meeting is CASL&#039;s annual, national conference and the premier destination for the latest updates in research and clinical practice targeted to members of the Canadian hepatology community.\" \/>\n<meta name=\"robots\" content=\"index, follow, max-snippet:-1, max-image-preview:large, max-video-preview:-1\" \/>\n<link rel=\"canonical\" href=\"https:\/\/hepatology.ca\/fr\/education-events\/canadian-liver-meeting\/\" \/>\n<meta property=\"og:locale\" content=\"fr_CA\" \/>\n<meta property=\"og:type\" content=\"article\" \/>\n<meta property=\"og:title\" content=\"Canadian Liver Meeting - CASL - Canadian Association for the Study of the Liver\" \/>\n<meta property=\"og:description\" content=\"The Canadian Liver Meeting is CASL&#039;s annual, national conference and the premier destination for the latest updates in research and clinical practice targeted to members of the Canadian hepatology community.\" \/>\n<meta property=\"og:url\" content=\"https:\/\/hepatology.ca\/fr\/education-events\/canadian-liver-meeting\/\" \/>\n<meta property=\"og:site_name\" content=\"CASL - Canadian Association for the Study of the Liver\" \/>\n<meta property=\"article:modified_time\" content=\"2026-03-10T18:18:47+00:00\" \/>\n<meta property=\"og:image\" content=\"https:\/\/hepatology.ca\/wp-content\/uploads\/2024\/05\/CDDW-CLM-2025-promo-slide-1024x576.webp\" \/>\n<meta name=\"twitter:card\" content=\"summary_large_image\" \/>\n<meta name=\"twitter:label1\" content=\"Estimation du temps de lecture\" \/>\n\t<meta name=\"twitter:data1\" content=\"3 minutes\" \/>\n<script type=\"application\/ld+json\" class=\"yoast-schema-graph\">{\"@context\":\"https:\\\/\\\/schema.org\",\"@graph\":[{\"@type\":\"WebPage\",\"@id\":\"https:\\\/\\\/hepatology.ca\\\/education-events\\\/canadian-liver-meeting\\\/\",\"url\":\"https:\\\/\\\/hepatology.ca\\\/education-events\\\/canadian-liver-meeting\\\/\",\"name\":\"Canadian Liver Meeting - CASL - Canadian Association for the Study of the Liver\",\"isPartOf\":{\"@id\":\"https:\\\/\\\/hepatology.ca\\\/#website\"},\"primaryImageOfPage\":{\"@id\":\"https:\\\/\\\/hepatology.ca\\\/education-events\\\/canadian-liver-meeting\\\/#primaryimage\"},\"image\":{\"@id\":\"https:\\\/\\\/hepatology.ca\\\/education-events\\\/canadian-liver-meeting\\\/#primaryimage\"},\"thumbnailUrl\":\"https:\\\/\\\/hepatology.ca\\\/wp-content\\\/uploads\\\/2024\\\/05\\\/CDDW-CLM-2025-promo-slide-1024x576.webp\",\"datePublished\":\"2017-09-17T00:10:29+00:00\",\"dateModified\":\"2026-03-10T18:18:47+00:00\",\"description\":\"The Canadian Liver Meeting is CASL's annual, national conference and the premier destination for the latest updates in research and clinical practice targeted to members of the Canadian hepatology community.\",\"breadcrumb\":{\"@id\":\"https:\\\/\\\/hepatology.ca\\\/education-events\\\/canadian-liver-meeting\\\/#breadcrumb\"},\"inLanguage\":\"fr-CA\",\"potentialAction\":[{\"@type\":\"ReadAction\",\"target\":[\"https:\\\/\\\/hepatology.ca\\\/education-events\\\/canadian-liver-meeting\\\/\"]}]},{\"@type\":\"ImageObject\",\"inLanguage\":\"fr-CA\",\"@id\":\"https:\\\/\\\/hepatology.ca\\\/education-events\\\/canadian-liver-meeting\\\/#primaryimage\",\"url\":\"https:\\\/\\\/hepatology.ca\\\/wp-content\\\/uploads\\\/2024\\\/05\\\/CDDW-CLM-2025-promo-slide-1024x576.webp\",\"contentUrl\":\"https:\\\/\\\/hepatology.ca\\\/wp-content\\\/uploads\\\/2024\\\/05\\\/CDDW-CLM-2025-promo-slide-1024x576.webp\"},{\"@type\":\"BreadcrumbList\",\"@id\":\"https:\\\/\\\/hepatology.ca\\\/education-events\\\/canadian-liver-meeting\\\/#breadcrumb\",\"itemListElement\":[{\"@type\":\"ListItem\",\"position\":1,\"name\":\"Home\",\"item\":\"https:\\\/\\\/hepatology.ca\\\/\"},{\"@type\":\"ListItem\",\"position\":2,\"name\":\"Education &#038; Events\",\"item\":\"https:\\\/\\\/hepatology.ca\\\/education-events\\\/\"},{\"@type\":\"ListItem\",\"position\":3,\"name\":\"Canadian Liver Meeting\"}]},{\"@type\":\"WebSite\",\"@id\":\"https:\\\/\\\/hepatology.ca\\\/#website\",\"url\":\"https:\\\/\\\/hepatology.ca\\\/\",\"name\":\"CASL\",\"description\":\"Canada\u2019s home for liver experts\",\"publisher\":{\"@id\":\"https:\\\/\\\/hepatology.ca\\\/#organization\"},\"potentialAction\":[{\"@type\":\"SearchAction\",\"target\":{\"@type\":\"EntryPoint\",\"urlTemplate\":\"https:\\\/\\\/hepatology.ca\\\/?s={search_term_string}\"},\"query-input\":{\"@type\":\"PropertyValueSpecification\",\"valueRequired\":true,\"valueName\":\"search_term_string\"}}],\"inLanguage\":\"fr-CA\"},{\"@type\":\"Organization\",\"@id\":\"https:\\\/\\\/hepatology.ca\\\/#organization\",\"name\":\"Canadian Association for the Study of the Liver\",\"url\":\"https:\\\/\\\/hepatology.ca\\\/\",\"logo\":{\"@type\":\"ImageObject\",\"inLanguage\":\"fr-CA\",\"@id\":\"https:\\\/\\\/hepatology.ca\\\/#\\\/schema\\\/logo\\\/image\\\/\",\"url\":\"https:\\\/\\\/hepatology.ca\\\/wp-content\\\/uploads\\\/2024\\\/06\\\/CASL-logo-transparent-background.png\",\"contentUrl\":\"https:\\\/\\\/hepatology.ca\\\/wp-content\\\/uploads\\\/2024\\\/06\\\/CASL-logo-transparent-background.png\",\"width\":1040,\"height\":294,\"caption\":\"Canadian Association for the Study of the Liver\"},\"image\":{\"@id\":\"https:\\\/\\\/hepatology.ca\\\/#\\\/schema\\\/logo\\\/image\\\/\"}}]}<\/script>\n<!-- \/ Yoast SEO plugin. -->","yoast_head_json":{"title":"R\u00e9union canadienne sur le foie \u2013 Association canadienne pour l&#039;\u00e9tude du foie","description":"La R\u00e9union canadienne sur le foie est la conf\u00e9rence nationale annuelle de l&#039;ACFV et la destination de choix pour les derni\u00e8res mises \u00e0 jour en mati\u00e8re de recherche et de pratique clinique destin\u00e9es aux membres de la communaut\u00e9 canadienne de l&#039;h\u00e9patologie.","robots":{"index":"index","follow":"follow","max-snippet":"max-snippet:-1","max-image-preview":"max-image-preview:large","max-video-preview":"max-video-preview:-1"},"canonical":"https:\/\/hepatology.ca\/fr\/education-events\/canadian-liver-meeting\/","og_locale":"fr_CA","og_type":"article","og_title":"Canadian Liver Meeting - CASL - Canadian Association for the Study of the Liver","og_description":"The Canadian Liver Meeting is CASL's annual, national conference and the premier destination for the latest updates in research and clinical practice targeted to members of the Canadian hepatology community.","og_url":"https:\/\/hepatology.ca\/fr\/education-events\/canadian-liver-meeting\/","og_site_name":"CASL - Canadian Association for the Study of the Liver","article_modified_time":"2026-03-10T18:18:47+00:00","og_image":[{"url":"https:\/\/hepatology.ca\/wp-content\/uploads\/2024\/05\/CDDW-CLM-2025-promo-slide-1024x576.webp","type":"","width":"","height":""}],"twitter_card":"summary_large_image","twitter_misc":{"Estimation du temps de lecture":"3 minutes"},"schema":{"@context":"https:\/\/schema.org","@graph":[{"@type":"WebPage","@id":"https:\/\/hepatology.ca\/education-events\/canadian-liver-meeting\/","url":"https:\/\/hepatology.ca\/education-events\/canadian-liver-meeting\/","name":"R\u00e9union canadienne sur le foie \u2013 Association canadienne pour l&#039;\u00e9tude du foie","isPartOf":{"@id":"https:\/\/hepatology.ca\/#website"},"primaryImageOfPage":{"@id":"https:\/\/hepatology.ca\/education-events\/canadian-liver-meeting\/#primaryimage"},"image":{"@id":"https:\/\/hepatology.ca\/education-events\/canadian-liver-meeting\/#primaryimage"},"thumbnailUrl":"https:\/\/hepatology.ca\/wp-content\/uploads\/2024\/05\/CDDW-CLM-2025-promo-slide-1024x576.webp","datePublished":"2017-09-17T00:10:29+00:00","dateModified":"2026-03-10T18:18:47+00:00","description":"La R\u00e9union canadienne sur le foie est la conf\u00e9rence nationale annuelle de l&#039;ACFV et la destination de choix pour les derni\u00e8res mises \u00e0 jour en mati\u00e8re de recherche et de pratique clinique destin\u00e9es aux membres de la communaut\u00e9 canadienne de l&#039;h\u00e9patologie.","breadcrumb":{"@id":"https:\/\/hepatology.ca\/education-events\/canadian-liver-meeting\/#breadcrumb"},"inLanguage":"fr-CA","potentialAction":[{"@type":"ReadAction","target":["https:\/\/hepatology.ca\/education-events\/canadian-liver-meeting\/"]}]},{"@type":"ImageObject","inLanguage":"fr-CA","@id":"https:\/\/hepatology.ca\/education-events\/canadian-liver-meeting\/#primaryimage","url":"https:\/\/hepatology.ca\/wp-content\/uploads\/2024\/05\/CDDW-CLM-2025-promo-slide-1024x576.webp","contentUrl":"https:\/\/hepatology.ca\/wp-content\/uploads\/2024\/05\/CDDW-CLM-2025-promo-slide-1024x576.webp"},{"@type":"BreadcrumbList","@id":"https:\/\/hepatology.ca\/education-events\/canadian-liver-meeting\/#breadcrumb","itemListElement":[{"@type":"ListItem","position":1,"name":"Home","item":"https:\/\/hepatology.ca\/"},{"@type":"ListItem","position":2,"name":"Education &#038; Events","item":"https:\/\/hepatology.ca\/education-events\/"},{"@type":"ListItem","position":3,"name":"Canadian Liver Meeting"}]},{"@type":"WebSite","@id":"https:\/\/hepatology.ca\/#website","url":"https:\/\/hepatology.ca\/","name":"LCAP","description":"Le foyer canadien des experts du foie","publisher":{"@id":"https:\/\/hepatology.ca\/#organization"},"potentialAction":[{"@type":"SearchAction","target":{"@type":"EntryPoint","urlTemplate":"https:\/\/hepatology.ca\/?s={search_term_string}"},"query-input":{"@type":"PropertyValueSpecification","valueRequired":true,"valueName":"search_term_string"}}],"inLanguage":"fr-CA"},{"@type":"Organization","@id":"https:\/\/hepatology.ca\/#organization","name":"Association canadienne pour l&#039;\u00e9tude du foie","url":"https:\/\/hepatology.ca\/","logo":{"@type":"ImageObject","inLanguage":"fr-CA","@id":"https:\/\/hepatology.ca\/#\/schema\/logo\/image\/","url":"https:\/\/hepatology.ca\/wp-content\/uploads\/2024\/06\/CASL-logo-transparent-background.png","contentUrl":"https:\/\/hepatology.ca\/wp-content\/uploads\/2024\/06\/CASL-logo-transparent-background.png","width":1040,"height":294,"caption":"Canadian Association for the Study of the Liver"},"image":{"@id":"https:\/\/hepatology.ca\/#\/schema\/logo\/image\/"}}]}},"_links":{"self":[{"href":"https:\/\/hepatology.ca\/fr\/wp-json\/wp\/v2\/pages\/1683","targetHints":{"allow":["GET"]}}],"collection":[{"href":"https:\/\/hepatology.ca\/fr\/wp-json\/wp\/v2\/pages"}],"about":[{"href":"https:\/\/hepatology.ca\/fr\/wp-json\/wp\/v2\/types\/page"}],"author":[{"embeddable":true,"href":"https:\/\/hepatology.ca\/fr\/wp-json\/wp\/v2\/users\/3"}],"replies":[{"embeddable":true,"href":"https:\/\/hepatology.ca\/fr\/wp-json\/wp\/v2\/comments?post=1683"}],"version-history":[{"count":28,"href":"https:\/\/hepatology.ca\/fr\/wp-json\/wp\/v2\/pages\/1683\/revisions"}],"predecessor-version":[{"id":5180,"href":"https:\/\/hepatology.ca\/fr\/wp-json\/wp\/v2\/pages\/1683\/revisions\/5180"}],"up":[{"embeddable":true,"href":"https:\/\/hepatology.ca\/fr\/wp-json\/wp\/v2\/pages\/31"}],"wp:attachment":[{"href":"https:\/\/hepatology.ca\/fr\/wp-json\/wp\/v2\/media?parent=1683"}],"curies":[{"name":"wp","href":"https:\/\/api.w.org\/{rel}","templated":true}]}}