{"id":1483,"date":"2017-06-02T20:21:39","date_gmt":"2017-06-02T20:21:39","guid":{"rendered":"http:\/\/live.hepatology.ca\/?page_id=1483"},"modified":"2026-03-10T17:55:46","modified_gmt":"2026-03-10T17:55:46","slug":"past-casl-presidents","status":"publish","type":"page","link":"https:\/\/hepatology.ca\/fr\/about-casl\/past-casl-presidents\/","title":{"rendered":"Anciens pr\u00e9sidents de la CASL"},"content":{"rendered":"<p><\/p>\n\n\n\n<div class=\"wp-block-group is-layout-flow wp-block-group-is-layout-flow\">\n<figure class=\"wp-block-table is-style-stripes\"><table><tbody><tr><td>1985 \u2013 1987<\/td><td><strong>Eldon Shaffer<\/strong>, DE, <i>Universit\u00e9 de Calgary<\/i><\/td><\/tr><tr><td>1987<\/td><td><strong>Wayne Lautt<\/strong>, Colombie-Britannique, <em>SciMar Ltd<\/em><\/td><\/tr><tr><td>1988<\/td><td><strong>G\u00e9rald Y. Minuk, <\/strong>MB, <em>Universit\u00e9 du Manitoba<\/em><\/td><\/tr><tr><td>1988 \u2013 1989<\/td><td><strong>J\u00e9r\u00f4me B Simon<\/strong>, SUR, <i>Universit\u00e9 Queen&#039;s<\/i><\/td><\/tr><tr><td>1989 \u2013 1990<\/td><td><strong>Lloyd Sutherland<\/strong>, DE, <i>Universit\u00e9 de l&#039;Alberta<\/i><\/td><\/tr><tr><td>1990 \u2013 1991<\/td><td><strong>Laurence M. Blendis<\/strong>, SUR, <i>Universit\u00e9 de Toronto<\/i><\/td><\/tr><tr><td>1991 \u2013 1992<\/td><td><strong>G\u00e9rald Y Minuk<\/strong>, Mo, <i>Universit\u00e9 du Manitoba<\/i><\/td><\/tr><tr><td>1992 \u2013 1994<\/td><td><strong>Pierre-Michel Huet<\/strong>, QC, <i>Universit\u00e9 de Montr\u00e9al<\/i><\/td><\/tr><tr><td>1994 \u2013 1996<\/td><td><strong>E. Jenny Healthcote<\/strong>, SUR, <i>Universit\u00e9 de Toronto<\/i><\/td><\/tr><tr><td>1996 \u2013 1998<\/td><td><strong>Eve A Roberts<\/strong>, SUR, <i>Universit\u00e9 de Toronto<\/i><\/td><\/tr><tr><td>1998 \u2013 2000<\/td><td><strong>Samuel Lee<\/strong>, DE, <i>Universit\u00e9 de Calgary<\/i><\/td><\/tr><tr><td>2000 \u2013 2002<\/td><td><strong>Paul Adams<\/strong>, SUR, <i>Universit\u00e9 Western Ontario<\/i><\/td><\/tr><tr><td>2002 \u2013 2004<\/td><td><strong>Vincent Bain<\/strong>, DE, <i>Universit\u00e9 de l&#039;Alberta<\/i><\/td><\/tr><tr><td>2004 \u2013 2006<\/td><td><strong>Morris Sherman<\/strong>, SUR, <i>Recherche UHN<\/i><\/td><\/tr><tr><td>2006 \u2013 2008<\/td><td><strong>Marc Desch\u00eanes<\/strong>, QC, <i>Universit\u00e9 McGill<\/i><\/td><\/tr><tr><td>2008 \u2013 2010<\/td><td><strong>\u00c9ric Yoshida<\/strong>, Colombie-Britannique, <i>Universit\u00e9 de la Colombie-Britannique<\/i><\/td><\/tr><tr><td>2010 \u2013 2012<\/td><td><strong>Winnie Wong<\/strong>, DE, <i>Universit\u00e9 de l&#039;Alberta<\/i><\/td><\/tr><tr><td>2012 \u2013 2014<\/td><td><strong>Kevork Peltekian<\/strong>, NS, <i>Universit\u00e9 Dalhousie<\/i><\/td><\/tr><tr><td>2014 \u2013 2016<\/td><td><strong>Eberhard Renner<\/strong>, Mo, <i>Universit\u00e9 du Manitoba<\/i><\/td><\/tr><tr><td>2016 \u2013 2018<\/td><td><strong>Richard Schreiber<\/strong>, Colombie-Britannique, <em>Universit\u00e9 de la Colombie-Britannique<\/em><\/td><\/tr><tr><td>2018 \u2013 2020         <\/td><td><strong>Marc Bilodeau<\/strong>, QC, <em>Universit\u00e9 de Montr\u00e9al<\/em><\/td><\/tr><tr><td>2020 \u2013 2022<\/td><td><strong>Jordan Feld<\/strong>, SUR, <em>H\u00f4pital g\u00e9n\u00e9ral de Toronto \/ R\u00e9seau universitaire de sant\u00e9<\/em><\/td><\/tr><tr><td>2022 \u2013 2024<\/td><td><strong>Mark Swain<\/strong>, AB, Universit\u00e9 de Calgary<\/td><\/tr><tr><td>2024 \u2013 2026<\/td><td><strong>Carla Coffin<\/strong>, AB, Universit\u00e9 de Calgary<\/td><\/tr><\/tbody><\/table><\/figure>\n<\/div>\n\n\n\n<p><\/p>","protected":false},"excerpt":{"rendered":"<p>1985 &#8211; 1987 Eldon Shaffer, AB, University of Calgary 1987 Wayne Lautt, BC, SciMar Ltd 1988 Gerald Y Minuk, MB, [&hellip;]<\/p>\n","protected":false},"author":3,"featured_media":0,"parent":29,"menu_order":14,"comment_status":"closed","ping_status":"closed","template":"","meta":{"_acf_changed":false,"site-sidebar-layout":"default","site-content-layout":"","ast-site-content-layout":"default","site-content-style":"default","site-sidebar-style":"default","ast-global-header-display":"","ast-banner-title-visibility":"","ast-main-header-display":"","ast-hfb-above-header-display":"","ast-hfb-below-header-display":"","ast-hfb-mobile-header-display":"","site-post-title":"","ast-breadcrumbs-content":"","ast-featured-img":"","footer-sml-layout":"","ast-disable-related-posts":"","theme-transparent-header-meta":"","adv-header-id-meta":"","stick-header-meta":"","header-above-stick-meta":"","header-main-stick-meta":"","header-below-stick-meta":"","astra-migrate-meta-layouts":"default","ast-page-background-enabled":"default","ast-page-background-meta":{"desktop":{"background-color":"var(--ast-global-color-4)","background-image":"","background-repeat":"repeat","background-position":"center center","background-size":"auto","background-attachment":"scroll","background-type":"","background-media":"","overlay-type":"","overlay-color":"","overlay-opacity":"","overlay-gradient":""},"tablet":{"background-color":"","background-image":"","background-repeat":"repeat","background-position":"center center","background-size":"auto","background-attachment":"scroll","background-type":"","background-media":"","overlay-type":"","overlay-color":"","overlay-opacity":"","overlay-gradient":""},"mobile":{"background-color":"","background-image":"","background-repeat":"repeat","background-position":"center center","background-size":"auto","background-attachment":"scroll","background-type":"","background-media":"","overlay-type":"","overlay-color":"","overlay-opacity":"","overlay-gradient":""}},"ast-content-background-meta":{"desktop":{"background-color":"var(--ast-global-color-5)","background-image":"","background-repeat":"repeat","background-position":"center center","background-size":"auto","background-attachment":"scroll","background-type":"","background-media":"","overlay-type":"","overlay-color":"","overlay-opacity":"","overlay-gradient":""},"tablet":{"background-color":"var(--ast-global-color-5)","background-image":"","background-repeat":"repeat","background-position":"center center","background-size":"auto","background-attachment":"scroll","background-type":"","background-media":"","overlay-type":"","overlay-color":"","overlay-opacity":"","overlay-gradient":""},"mobile":{"background-color":"var(--ast-global-color-5)","background-image":"","background-repeat":"repeat","background-position":"center center","background-size":"auto","background-attachment":"scroll","background-type":"","background-media":"","overlay-type":"","overlay-color":"","overlay-opacity":"","overlay-gradient":""}},"ngg_post_thumbnail":0,"footnotes":""},"class_list":["post-1483","page","type-page","status-publish","hentry"],"acf":[],"yoast_head":"<!-- This site is optimized with the Yoast SEO plugin v27.4 - https:\/\/yoast.com\/product\/yoast-seo-wordpress\/ -->\n<title>Past CASL Presidents - CASL - Canadian Association for the Study of the Liver<\/title>\n<meta name=\"robots\" content=\"index, follow, max-snippet:-1, max-image-preview:large, max-video-preview:-1\" \/>\n<link rel=\"canonical\" href=\"https:\/\/hepatology.ca\/fr\/about-casl\/past-casl-presidents\/\" \/>\n<meta property=\"og:locale\" content=\"fr_CA\" \/>\n<meta property=\"og:type\" content=\"article\" \/>\n<meta property=\"og:title\" content=\"Past CASL Presidents - CASL - Canadian Association for the Study of the Liver\" \/>\n<meta property=\"og:description\" content=\"1985 &#8211; 1987 Eldon Shaffer, AB, University of Calgary 1987 Wayne Lautt, BC, SciMar Ltd 1988 Gerald Y Minuk, MB, [&hellip;]\" \/>\n<meta property=\"og:url\" content=\"https:\/\/hepatology.ca\/fr\/about-casl\/past-casl-presidents\/\" \/>\n<meta property=\"og:site_name\" content=\"CASL - Canadian Association for the Study of the Liver\" \/>\n<meta property=\"article:modified_time\" content=\"2026-03-10T17:55:46+00:00\" \/>\n<meta name=\"twitter:card\" content=\"summary_large_image\" \/>\n<meta name=\"twitter:label1\" content=\"Estimation du temps de lecture\" \/>\n\t<meta name=\"twitter:data1\" content=\"1 minute\" \/>\n<script type=\"application\/ld+json\" class=\"yoast-schema-graph\">{\"@context\":\"https:\\\/\\\/schema.org\",\"@graph\":[{\"@type\":\"WebPage\",\"@id\":\"https:\\\/\\\/hepatology.ca\\\/about-casl\\\/past-casl-presidents\\\/\",\"url\":\"https:\\\/\\\/hepatology.ca\\\/about-casl\\\/past-casl-presidents\\\/\",\"name\":\"Past CASL Presidents - CASL - Canadian Association for the Study of the Liver\",\"isPartOf\":{\"@id\":\"https:\\\/\\\/hepatology.ca\\\/#website\"},\"datePublished\":\"2017-06-02T20:21:39+00:00\",\"dateModified\":\"2026-03-10T17:55:46+00:00\",\"breadcrumb\":{\"@id\":\"https:\\\/\\\/hepatology.ca\\\/about-casl\\\/past-casl-presidents\\\/#breadcrumb\"},\"inLanguage\":\"fr-CA\",\"potentialAction\":[{\"@type\":\"ReadAction\",\"target\":[\"https:\\\/\\\/hepatology.ca\\\/about-casl\\\/past-casl-presidents\\\/\"]}]},{\"@type\":\"BreadcrumbList\",\"@id\":\"https:\\\/\\\/hepatology.ca\\\/about-casl\\\/past-casl-presidents\\\/#breadcrumb\",\"itemListElement\":[{\"@type\":\"ListItem\",\"position\":1,\"name\":\"Home\",\"item\":\"https:\\\/\\\/hepatology.ca\\\/\"},{\"@type\":\"ListItem\",\"position\":2,\"name\":\"About CASL\",\"item\":\"https:\\\/\\\/hepatology.ca\\\/about-casl\\\/\"},{\"@type\":\"ListItem\",\"position\":3,\"name\":\"Past CASL Presidents\"}]},{\"@type\":\"WebSite\",\"@id\":\"https:\\\/\\\/hepatology.ca\\\/#website\",\"url\":\"https:\\\/\\\/hepatology.ca\\\/\",\"name\":\"CASL\",\"description\":\"Canada\u2019s home for liver experts\",\"publisher\":{\"@id\":\"https:\\\/\\\/hepatology.ca\\\/#organization\"},\"potentialAction\":[{\"@type\":\"SearchAction\",\"target\":{\"@type\":\"EntryPoint\",\"urlTemplate\":\"https:\\\/\\\/hepatology.ca\\\/?s={search_term_string}\"},\"query-input\":{\"@type\":\"PropertyValueSpecification\",\"valueRequired\":true,\"valueName\":\"search_term_string\"}}],\"inLanguage\":\"fr-CA\"},{\"@type\":\"Organization\",\"@id\":\"https:\\\/\\\/hepatology.ca\\\/#organization\",\"name\":\"Canadian Association for the Study of the Liver\",\"url\":\"https:\\\/\\\/hepatology.ca\\\/\",\"logo\":{\"@type\":\"ImageObject\",\"inLanguage\":\"fr-CA\",\"@id\":\"https:\\\/\\\/hepatology.ca\\\/#\\\/schema\\\/logo\\\/image\\\/\",\"url\":\"https:\\\/\\\/hepatology.ca\\\/wp-content\\\/uploads\\\/2024\\\/06\\\/CASL-logo-transparent-background.png\",\"contentUrl\":\"https:\\\/\\\/hepatology.ca\\\/wp-content\\\/uploads\\\/2024\\\/06\\\/CASL-logo-transparent-background.png\",\"width\":1040,\"height\":294,\"caption\":\"Canadian Association for the Study of the Liver\"},\"image\":{\"@id\":\"https:\\\/\\\/hepatology.ca\\\/#\\\/schema\\\/logo\\\/image\\\/\"}}]}<\/script>\n<!-- \/ Yoast SEO plugin. -->","yoast_head_json":{"title":"Anciens pr\u00e9sidents de l&#039;ACF - ACF - Association canadienne pour l&#039;\u00e9tude du foie","robots":{"index":"index","follow":"follow","max-snippet":"max-snippet:-1","max-image-preview":"max-image-preview:large","max-video-preview":"max-video-preview:-1"},"canonical":"https:\/\/hepatology.ca\/fr\/about-casl\/past-casl-presidents\/","og_locale":"fr_CA","og_type":"article","og_title":"Past CASL Presidents - CASL - Canadian Association for the Study of the Liver","og_description":"1985 &#8211; 1987 Eldon Shaffer, AB, University of Calgary 1987 Wayne Lautt, BC, SciMar Ltd 1988 Gerald Y Minuk, MB, [&hellip;]","og_url":"https:\/\/hepatology.ca\/fr\/about-casl\/past-casl-presidents\/","og_site_name":"CASL - Canadian Association for the Study of the Liver","article_modified_time":"2026-03-10T17:55:46+00:00","twitter_card":"summary_large_image","twitter_misc":{"Estimation du temps de lecture":"1 minute"},"schema":{"@context":"https:\/\/schema.org","@graph":[{"@type":"WebPage","@id":"https:\/\/hepatology.ca\/about-casl\/past-casl-presidents\/","url":"https:\/\/hepatology.ca\/about-casl\/past-casl-presidents\/","name":"Anciens pr\u00e9sidents de l&#039;ACF - ACF - Association canadienne pour l&#039;\u00e9tude du foie","isPartOf":{"@id":"https:\/\/hepatology.ca\/#website"},"datePublished":"2017-06-02T20:21:39+00:00","dateModified":"2026-03-10T17:55:46+00:00","breadcrumb":{"@id":"https:\/\/hepatology.ca\/about-casl\/past-casl-presidents\/#breadcrumb"},"inLanguage":"fr-CA","potentialAction":[{"@type":"ReadAction","target":["https:\/\/hepatology.ca\/about-casl\/past-casl-presidents\/"]}]},{"@type":"BreadcrumbList","@id":"https:\/\/hepatology.ca\/about-casl\/past-casl-presidents\/#breadcrumb","itemListElement":[{"@type":"ListItem","position":1,"name":"Home","item":"https:\/\/hepatology.ca\/"},{"@type":"ListItem","position":2,"name":"About CASL","item":"https:\/\/hepatology.ca\/about-casl\/"},{"@type":"ListItem","position":3,"name":"Past CASL Presidents"}]},{"@type":"WebSite","@id":"https:\/\/hepatology.ca\/#website","url":"https:\/\/hepatology.ca\/","name":"LCAP","description":"Le foyer canadien des experts du foie","publisher":{"@id":"https:\/\/hepatology.ca\/#organization"},"potentialAction":[{"@type":"SearchAction","target":{"@type":"EntryPoint","urlTemplate":"https:\/\/hepatology.ca\/?s={search_term_string}"},"query-input":{"@type":"PropertyValueSpecification","valueRequired":true,"valueName":"search_term_string"}}],"inLanguage":"fr-CA"},{"@type":"Organization","@id":"https:\/\/hepatology.ca\/#organization","name":"Association canadienne pour l&#039;\u00e9tude du foie","url":"https:\/\/hepatology.ca\/","logo":{"@type":"ImageObject","inLanguage":"fr-CA","@id":"https:\/\/hepatology.ca\/#\/schema\/logo\/image\/","url":"https:\/\/hepatology.ca\/wp-content\/uploads\/2024\/06\/CASL-logo-transparent-background.png","contentUrl":"https:\/\/hepatology.ca\/wp-content\/uploads\/2024\/06\/CASL-logo-transparent-background.png","width":1040,"height":294,"caption":"Canadian Association for the Study of the Liver"},"image":{"@id":"https:\/\/hepatology.ca\/#\/schema\/logo\/image\/"}}]}},"_links":{"self":[{"href":"https:\/\/hepatology.ca\/fr\/wp-json\/wp\/v2\/pages\/1483","targetHints":{"allow":["GET"]}}],"collection":[{"href":"https:\/\/hepatology.ca\/fr\/wp-json\/wp\/v2\/pages"}],"about":[{"href":"https:\/\/hepatology.ca\/fr\/wp-json\/wp\/v2\/types\/page"}],"author":[{"embeddable":true,"href":"https:\/\/hepatology.ca\/fr\/wp-json\/wp\/v2\/users\/3"}],"replies":[{"embeddable":true,"href":"https:\/\/hepatology.ca\/fr\/wp-json\/wp\/v2\/comments?post=1483"}],"version-history":[{"count":14,"href":"https:\/\/hepatology.ca\/fr\/wp-json\/wp\/v2\/pages\/1483\/revisions"}],"predecessor-version":[{"id":5172,"href":"https:\/\/hepatology.ca\/fr\/wp-json\/wp\/v2\/pages\/1483\/revisions\/5172"}],"up":[{"embeddable":true,"href":"https:\/\/hepatology.ca\/fr\/wp-json\/wp\/v2\/pages\/29"}],"wp:attachment":[{"href":"https:\/\/hepatology.ca\/fr\/wp-json\/wp\/v2\/media?parent=1483"}],"curies":[{"name":"wp","href":"https:\/\/api.w.org\/{rel}","templated":true}]}}