{"id":1475,"date":"2017-05-02T15:25:49","date_gmt":"2017-05-02T15:25:49","guid":{"rendered":"http:\/\/live.hepatology.ca\/?page_id=1475"},"modified":"2025-01-06T15:24:27","modified_gmt":"2025-01-06T15:24:27","slug":"canadian-hep-b-network","status":"publish","type":"page","link":"https:\/\/hepatology.ca\/fr\/research\/special-interest-groups\/canadian-hep-b-network\/","title":{"rendered":"R\u00e9seau canadien sur le VHB"},"content":{"rendered":"<h2><strong>Qui sommes-nous<\/strong><\/h2>\n<p>Le R\u00e9seau canadien sur le VHB est une organisation collaborative de professionnels de la sant\u00e9 et de chercheurs de partout au Canada qui s&#039;int\u00e9ressent \u00e0 l&#039;avancement de l&#039;excellence dans les soins, la recherche et l&#039;\u00e9ducation des patients atteints d&#039;h\u00e9patite B. Le r\u00e9seau est compos\u00e9 de professionnels de la sant\u00e9 et de chercheurs de 22 cliniques universitaires et communautaires de huit provinces canadiennes, de laboratoires provinciaux et du Laboratoire national de microbiologie \/ Agence de la sant\u00e9 publique du Canada. Le R\u00e9seau canadien sur le VHB est soutenu par des chercheurs multidisciplinaires en sciences fondamentales \/ biom\u00e9dicales, des cliniciens-chercheurs, des microbiologistes m\u00e9dicaux, des virologues cliniques, des \u00e9pid\u00e9miologistes, des biostatisticiens et des \u00e9conomistes de la sant\u00e9.<\/p>\n<h2><strong>Mission<\/strong><\/h2>\n<ul>\n<li>Am\u00e9liorer le traitement et le contr\u00f4le de l\u2019h\u00e9patite B au Canada<\/li>\n<li><span style=\"font-size: revert; background-color: var(--ast-global-color-5);\">Promouvoir la collaboration sur les \u00e9tudes et bases de donn\u00e9es nationales sur le VHB<\/span><\/li>\n<li><span style=\"font-size: revert; background-color: var(--ast-global-color-5);\">Am\u00e9liorer la compr\u00e9hension des processus et de l\u2019histoire naturelle de la maladie de l\u2019h\u00e9patite B<\/span><\/li>\n<\/ul>\n<h2><strong>Personnes-ressources, institutions et contacts<\/strong><\/h2>\n<p>Les membres du comit\u00e9 directeur 2024-2027 sont :<\/p>\n<ul>\n<li>Dr Edward Tam \u2013 Pacific Gastroenterology Associates<\/li>\n<li>Dre Emma Lee \u2013 Laboratoire national de microbiologie \/ Agence de la sant\u00e9 publique du Canada<\/li>\n<li>Dre Angela Crawley \u2013 Institut de recherche de l\u2019h\u00f4pital d\u2019Ottawa<\/li>\n<li>Dr Adam Gehring \u2013 Universit\u00e9 de Toronto<\/li>\n<li>Dr Tianyan Chen \u2013 Universit\u00e9 McGill<\/li>\n<li>Dre Carla Coffin \u2013 Universit\u00e9 de Calgary Une liste de tous les membres du r\u00e9seau est disponible \u00e0 l\u2019adresse https:\/\/canadianhbvnetwork.ca\/members<\/li>\n<\/ul>","protected":false},"excerpt":{"rendered":"<p>Who we are The Canadian HBV Network is a collaborative organization of healthcare professionals and researchers from across Canada with [&hellip;]<\/p>\n","protected":false},"author":3,"featured_media":0,"parent":1339,"menu_order":26,"comment_status":"closed","ping_status":"closed","template":"","meta":{"_acf_changed":false,"site-sidebar-layout":"default","site-content-layout":"","ast-site-content-layout":"default","site-content-style":"default","site-sidebar-style":"default","ast-global-header-display":"","ast-banner-title-visibility":"","ast-main-header-display":"","ast-hfb-above-header-display":"","ast-hfb-below-header-display":"","ast-hfb-mobile-header-display":"","site-post-title":"","ast-breadcrumbs-content":"","ast-featured-img":"","footer-sml-layout":"","ast-disable-related-posts":"","theme-transparent-header-meta":"","adv-header-id-meta":"","stick-header-meta":"","header-above-stick-meta":"","header-main-stick-meta":"","header-below-stick-meta":"","astra-migrate-meta-layouts":"default","ast-page-background-enabled":"default","ast-page-background-meta":{"desktop":{"background-color":"var(--ast-global-color-4)","background-image":"","background-repeat":"repeat","background-position":"center center","background-size":"auto","background-attachment":"scroll","background-type":"","background-media":"","overlay-type":"","overlay-color":"","overlay-opacity":"","overlay-gradient":""},"tablet":{"background-color":"","background-image":"","background-repeat":"repeat","background-position":"center center","background-size":"auto","background-attachment":"scroll","background-type":"","background-media":"","overlay-type":"","overlay-color":"","overlay-opacity":"","overlay-gradient":""},"mobile":{"background-color":"","background-image":"","background-repeat":"repeat","background-position":"center center","background-size":"auto","background-attachment":"scroll","background-type":"","background-media":"","overlay-type":"","overlay-color":"","overlay-opacity":"","overlay-gradient":""}},"ast-content-background-meta":{"desktop":{"background-color":"var(--ast-global-color-5)","background-image":"","background-repeat":"repeat","background-position":"center center","background-size":"auto","background-attachment":"scroll","background-type":"","background-media":"","overlay-type":"","overlay-color":"","overlay-opacity":"","overlay-gradient":""},"tablet":{"background-color":"var(--ast-global-color-5)","background-image":"","background-repeat":"repeat","background-position":"center center","background-size":"auto","background-attachment":"scroll","background-type":"","background-media":"","overlay-type":"","overlay-color":"","overlay-opacity":"","overlay-gradient":""},"mobile":{"background-color":"var(--ast-global-color-5)","background-image":"","background-repeat":"repeat","background-position":"center center","background-size":"auto","background-attachment":"scroll","background-type":"","background-media":"","overlay-type":"","overlay-color":"","overlay-opacity":"","overlay-gradient":""}},"ngg_post_thumbnail":0,"footnotes":""},"class_list":["post-1475","page","type-page","status-publish","hentry"],"acf":[],"yoast_head":"<!-- This site is optimized with the Yoast SEO plugin v27.6 - https:\/\/yoast.com\/product\/yoast-seo-wordpress\/ -->\n<title>Canadian HBV Network - CASL - Canadian Association for the Study of the Liver<\/title>\n<meta name=\"description\" content=\"The\u00a0Canadian HBV Network is a collaborative organization of health care and associated professionals from across Canada with a primary interest in advancing excellence in Hepatitis B patient care, research and education.\" \/>\n<meta name=\"robots\" content=\"index, follow, max-snippet:-1, max-image-preview:large, max-video-preview:-1\" \/>\n<link rel=\"canonical\" href=\"https:\/\/hepatology.ca\/fr\/research\/special-interest-groups\/canadian-hep-b-network\/\" \/>\n<meta property=\"og:locale\" content=\"fr_CA\" \/>\n<meta property=\"og:type\" content=\"article\" \/>\n<meta property=\"og:title\" content=\"Canadian HBV Network - CASL - Canadian Association for the Study of the Liver\" \/>\n<meta property=\"og:description\" content=\"The\u00a0Canadian HBV Network is a collaborative organization of health care and associated professionals from across Canada with a primary interest in advancing excellence in Hepatitis B patient care, research and education.\" \/>\n<meta property=\"og:url\" content=\"https:\/\/hepatology.ca\/fr\/research\/special-interest-groups\/canadian-hep-b-network\/\" \/>\n<meta property=\"og:site_name\" content=\"CASL - Canadian Association for the Study of the Liver\" \/>\n<meta property=\"article:modified_time\" content=\"2025-01-06T15:24:27+00:00\" \/>\n<meta name=\"twitter:card\" content=\"summary_large_image\" \/>\n<meta name=\"twitter:label1\" content=\"Estimation du temps de lecture\" \/>\n\t<meta name=\"twitter:data1\" content=\"1 minute\" \/>\n<script type=\"application\/ld+json\" class=\"yoast-schema-graph\">{\"@context\":\"https:\\\/\\\/schema.org\",\"@graph\":[{\"@type\":\"WebPage\",\"@id\":\"https:\\\/\\\/hepatology.ca\\\/research\\\/special-interest-groups\\\/canadian-hep-b-network\\\/\",\"url\":\"https:\\\/\\\/hepatology.ca\\\/research\\\/special-interest-groups\\\/canadian-hep-b-network\\\/\",\"name\":\"Canadian HBV Network - CASL - Canadian Association for the Study of the Liver\",\"isPartOf\":{\"@id\":\"https:\\\/\\\/hepatology.ca\\\/#website\"},\"datePublished\":\"2017-05-02T15:25:49+00:00\",\"dateModified\":\"2025-01-06T15:24:27+00:00\",\"description\":\"The\u00a0Canadian HBV Network is a collaborative organization of health care and associated professionals from across Canada with a primary interest in advancing excellence in Hepatitis B patient care, research and education.\",\"breadcrumb\":{\"@id\":\"https:\\\/\\\/hepatology.ca\\\/research\\\/special-interest-groups\\\/canadian-hep-b-network\\\/#breadcrumb\"},\"inLanguage\":\"fr-CA\",\"potentialAction\":[{\"@type\":\"ReadAction\",\"target\":[\"https:\\\/\\\/hepatology.ca\\\/research\\\/special-interest-groups\\\/canadian-hep-b-network\\\/\"]}]},{\"@type\":\"BreadcrumbList\",\"@id\":\"https:\\\/\\\/hepatology.ca\\\/research\\\/special-interest-groups\\\/canadian-hep-b-network\\\/#breadcrumb\",\"itemListElement\":[{\"@type\":\"ListItem\",\"position\":1,\"name\":\"Home\",\"item\":\"https:\\\/\\\/hepatology.ca\\\/\"},{\"@type\":\"ListItem\",\"position\":2,\"name\":\"Research\",\"item\":\"https:\\\/\\\/hepatology.ca\\\/fr\\\/research\\\/\"},{\"@type\":\"ListItem\",\"position\":3,\"name\":\"Special Interest Groups\",\"item\":\"https:\\\/\\\/hepatology.ca\\\/research\\\/special-interest-groups\\\/\"},{\"@type\":\"ListItem\",\"position\":4,\"name\":\"Canadian HBV Network\"}]},{\"@type\":\"WebSite\",\"@id\":\"https:\\\/\\\/hepatology.ca\\\/#website\",\"url\":\"https:\\\/\\\/hepatology.ca\\\/\",\"name\":\"CASL\",\"description\":\"Canada\u2019s home for liver experts\",\"publisher\":{\"@id\":\"https:\\\/\\\/hepatology.ca\\\/#organization\"},\"potentialAction\":[{\"@type\":\"SearchAction\",\"target\":{\"@type\":\"EntryPoint\",\"urlTemplate\":\"https:\\\/\\\/hepatology.ca\\\/?s={search_term_string}\"},\"query-input\":{\"@type\":\"PropertyValueSpecification\",\"valueRequired\":true,\"valueName\":\"search_term_string\"}}],\"inLanguage\":\"fr-CA\"},{\"@type\":\"Organization\",\"@id\":\"https:\\\/\\\/hepatology.ca\\\/#organization\",\"name\":\"Canadian Association for the Study of the Liver\",\"url\":\"https:\\\/\\\/hepatology.ca\\\/\",\"logo\":{\"@type\":\"ImageObject\",\"inLanguage\":\"fr-CA\",\"@id\":\"https:\\\/\\\/hepatology.ca\\\/#\\\/schema\\\/logo\\\/image\\\/\",\"url\":\"https:\\\/\\\/hepatology.ca\\\/wp-content\\\/uploads\\\/2024\\\/06\\\/CASL-logo-transparent-background.png\",\"contentUrl\":\"https:\\\/\\\/hepatology.ca\\\/wp-content\\\/uploads\\\/2024\\\/06\\\/CASL-logo-transparent-background.png\",\"width\":1040,\"height\":294,\"caption\":\"Canadian Association for the Study of the Liver\"},\"image\":{\"@id\":\"https:\\\/\\\/hepatology.ca\\\/#\\\/schema\\\/logo\\\/image\\\/\"}}]}<\/script>\n<!-- \/ Yoast SEO plugin. -->","yoast_head_json":{"title":"R\u00e9seau canadien sur le VHB \u2013 Association canadienne pour l&#039;\u00e9tude du foie","description":"Le R\u00e9seau canadien VHB est une organisation collaborative de professionnels de la sant\u00e9 et de professionnels associ\u00e9s de partout au Canada dont l\u2019int\u00e9r\u00eat principal est de faire progresser l\u2019excellence dans les soins, la recherche et l\u2019\u00e9ducation aux patients atteints d\u2019h\u00e9patite B.","robots":{"index":"index","follow":"follow","max-snippet":"max-snippet:-1","max-image-preview":"max-image-preview:large","max-video-preview":"max-video-preview:-1"},"canonical":"https:\/\/hepatology.ca\/fr\/research\/special-interest-groups\/canadian-hep-b-network\/","og_locale":"fr_CA","og_type":"article","og_title":"Canadian HBV Network - CASL - Canadian Association for the Study of the Liver","og_description":"The\u00a0Canadian HBV Network is a collaborative organization of health care and associated professionals from across Canada with a primary interest in advancing excellence in Hepatitis B patient care, research and education.","og_url":"https:\/\/hepatology.ca\/fr\/research\/special-interest-groups\/canadian-hep-b-network\/","og_site_name":"CASL - Canadian Association for the Study of the Liver","article_modified_time":"2025-01-06T15:24:27+00:00","twitter_card":"summary_large_image","twitter_misc":{"Estimation du temps de lecture":"1 minute"},"schema":{"@context":"https:\/\/schema.org","@graph":[{"@type":"WebPage","@id":"https:\/\/hepatology.ca\/research\/special-interest-groups\/canadian-hep-b-network\/","url":"https:\/\/hepatology.ca\/research\/special-interest-groups\/canadian-hep-b-network\/","name":"R\u00e9seau canadien sur le VHB \u2013 Association canadienne pour l&#039;\u00e9tude du foie","isPartOf":{"@id":"https:\/\/hepatology.ca\/#website"},"datePublished":"2017-05-02T15:25:49+00:00","dateModified":"2025-01-06T15:24:27+00:00","description":"Le R\u00e9seau canadien VHB est une organisation collaborative de professionnels de la sant\u00e9 et de professionnels associ\u00e9s de partout au Canada dont l\u2019int\u00e9r\u00eat principal est de faire progresser l\u2019excellence dans les soins, la recherche et l\u2019\u00e9ducation aux patients atteints d\u2019h\u00e9patite B.","breadcrumb":{"@id":"https:\/\/hepatology.ca\/research\/special-interest-groups\/canadian-hep-b-network\/#breadcrumb"},"inLanguage":"fr-CA","potentialAction":[{"@type":"ReadAction","target":["https:\/\/hepatology.ca\/research\/special-interest-groups\/canadian-hep-b-network\/"]}]},{"@type":"BreadcrumbList","@id":"https:\/\/hepatology.ca\/research\/special-interest-groups\/canadian-hep-b-network\/#breadcrumb","itemListElement":[{"@type":"ListItem","position":1,"name":"Home","item":"https:\/\/hepatology.ca\/"},{"@type":"ListItem","position":2,"name":"Research","item":"https:\/\/hepatology.ca\/fr\/research\/"},{"@type":"ListItem","position":3,"name":"Special Interest Groups","item":"https:\/\/hepatology.ca\/research\/special-interest-groups\/"},{"@type":"ListItem","position":4,"name":"Canadian HBV Network"}]},{"@type":"WebSite","@id":"https:\/\/hepatology.ca\/#website","url":"https:\/\/hepatology.ca\/","name":"LCAP","description":"Le foyer canadien des experts du foie","publisher":{"@id":"https:\/\/hepatology.ca\/#organization"},"potentialAction":[{"@type":"SearchAction","target":{"@type":"EntryPoint","urlTemplate":"https:\/\/hepatology.ca\/?s={search_term_string}"},"query-input":{"@type":"PropertyValueSpecification","valueRequired":true,"valueName":"search_term_string"}}],"inLanguage":"fr-CA"},{"@type":"Organization","@id":"https:\/\/hepatology.ca\/#organization","name":"Association canadienne pour l&#039;\u00e9tude du foie","url":"https:\/\/hepatology.ca\/","logo":{"@type":"ImageObject","inLanguage":"fr-CA","@id":"https:\/\/hepatology.ca\/#\/schema\/logo\/image\/","url":"https:\/\/hepatology.ca\/wp-content\/uploads\/2024\/06\/CASL-logo-transparent-background.png","contentUrl":"https:\/\/hepatology.ca\/wp-content\/uploads\/2024\/06\/CASL-logo-transparent-background.png","width":1040,"height":294,"caption":"Canadian Association for the Study of the Liver"},"image":{"@id":"https:\/\/hepatology.ca\/#\/schema\/logo\/image\/"}}]}},"_links":{"self":[{"href":"https:\/\/hepatology.ca\/fr\/wp-json\/wp\/v2\/pages\/1475","targetHints":{"allow":["GET"]}}],"collection":[{"href":"https:\/\/hepatology.ca\/fr\/wp-json\/wp\/v2\/pages"}],"about":[{"href":"https:\/\/hepatology.ca\/fr\/wp-json\/wp\/v2\/types\/page"}],"author":[{"embeddable":true,"href":"https:\/\/hepatology.ca\/fr\/wp-json\/wp\/v2\/users\/3"}],"replies":[{"embeddable":true,"href":"https:\/\/hepatology.ca\/fr\/wp-json\/wp\/v2\/comments?post=1475"}],"version-history":[{"count":4,"href":"https:\/\/hepatology.ca\/fr\/wp-json\/wp\/v2\/pages\/1475\/revisions"}],"predecessor-version":[{"id":4580,"href":"https:\/\/hepatology.ca\/fr\/wp-json\/wp\/v2\/pages\/1475\/revisions\/4580"}],"up":[{"embeddable":true,"href":"https:\/\/hepatology.ca\/fr\/wp-json\/wp\/v2\/pages\/1339"}],"wp:attachment":[{"href":"https:\/\/hepatology.ca\/fr\/wp-json\/wp\/v2\/media?parent=1475"}],"curies":[{"name":"wp","href":"https:\/\/api.w.org\/{rel}","templated":true}]}}