{"id":1411,"date":"2017-03-24T21:54:48","date_gmt":"2017-03-24T21:54:48","guid":{"rendered":"http:\/\/live.hepatology.ca\/?page_id=1411"},"modified":"2024-06-08T20:48:01","modified_gmt":"2024-06-08T20:48:01","slug":"section-3","status":"publish","type":"page","link":"https:\/\/hepatology.ca\/fr\/education-events\/accreditation\/section-3\/","title":{"rendered":"Section 3"},"content":{"rendered":"<p><strong>Section 3 : Programmes d&#039;auto-\u00e9valuation<\/strong> doit r\u00e9pondre \u00e0 4 crit\u00e8res tels que d\u00e9finis par le programme de Maintien de la certification (MOC) du CRMCC :<\/p>\n<ul>\n<li>Le programme doit \u00eatre planifi\u00e9 pour r\u00e9pondre aux besoins identifi\u00e9s du public cible dans un domaine, un sujet ou un probl\u00e8me sp\u00e9cifique.<\/li>\n<li>Le programme doit d\u00e9crire les m\u00e9thodes qui permettent aux participants de d\u00e9montrer ou d\u2019appliquer leurs connaissances, leurs comp\u00e9tences, leur jugement clinique ou leurs attitudes.<\/li>\n<li>Le programme doit fournir aux participants une r\u00e9troaction d\u00e9taill\u00e9e sur leur performance afin de permettre l\u2019identification des domaines n\u00e9cessitant une am\u00e9lioration gr\u00e2ce \u00e0 l\u2019\u00e9laboration d\u2019un futur plan d\u2019apprentissage.<\/li>\n<li>Le programme doit \u00eatre d\u00e9velopp\u00e9 ind\u00e9pendamment de l\u2019influence de tout conflit d\u2019int\u00e9r\u00eat commercial ou autre.<\/li>\n<\/ul>\n<p><strong>Cr\u00e9dits : 3 cr\u00e9dits par heure<\/strong><\/p>\n<p>Les programmes d\u2019auto\u00e9valuation approuv\u00e9s en vertu de l\u2019article 3 doivent \u00eatre \u00e9labor\u00e9s ou co-\u00e9labor\u00e9s par un comit\u00e9 de planification compos\u00e9 de membres d\u2019une organisation de m\u00e9decins.<\/p>\n<p>Les programmes d\u2019auto\u00e9valuation ne sont pas des tests, mais des strat\u00e9gies d\u2019\u00e9valuation visant \u00e0 aider les m\u00e9decins \u00e0 \u00e9laborer un plan de d\u00e9veloppement professionnel continu efficace li\u00e9 \u00e0 leurs r\u00f4les et responsabilit\u00e9s professionnels.<\/p>\n<p><a href=\"https:\/\/hepatology.ca\/wp-content\/uploads\/2017\/03\/section-3-sap-standards-e0.pdf\" target=\"_blank\" rel=\"noopener\">Normes du programme d&#039;auto-\u00e9valuation<\/a><br \/>\n<a href=\"https:\/\/hepatology.ca\/wp-content\/uploads\/2017\/03\/sap-development-template-e0.pdf\" target=\"_blank\" rel=\"noopener\">Mod\u00e8le de d\u00e9veloppement d&#039;auto-\u00e9valuation<br \/>\n<\/a><a href=\"https:\/\/hepatology.ca\/wp-content\/uploads\/2019\/04\/April19_CASL-Section-3-Self-Assessment-Application-FILLABLE.docx\" target=\"_blank\" rel=\"noopener\">Formulaire de demande d&#039;auto-\u00e9valuation<\/a><a href=\"https:\/\/hepatology.ca\/wp-content\/uploads\/2017\/03\/sap-development-template-e0.pdf\"><br \/>\n<\/a><\/p>\n<p>La demande doit \u00eatre soumise par voie \u00e9lectronique avec tous les documents requis joints au moins six (6) semaines avant l&#039;\u00e9v\u00e9nement de DPC. <a href=\"mailto:casl@hepatology.ca\" target=\"_blank\" rel=\"noopener\">par courrier \u00e9lectronique.<\/a><\/p>\n<hr>\n<p>&nbsp;<\/p>\n<p><strong>Section 3 : Programmes de simulation&nbsp;<\/strong>doit r\u00e9pondre \u00e0 4 crit\u00e8res tels que d\u00e9finis par le programme de Maintien de la certification (MOC) du CRMCC :<\/p>\n<ul>\n<li>Le programme doit \u00eatre planifi\u00e9 pour r\u00e9pondre aux besoins identifi\u00e9s du public cible dans un domaine, un sujet ou un probl\u00e8me sp\u00e9cifique.<\/li>\n<li>Le programme doit comprendre des objectifs d&#039;apprentissage qui r\u00e9pondent aux besoins identifi\u00e9s du public cible et doivent \u00eatre cr\u00e9\u00e9s pour l&#039;activit\u00e9 bas\u00e9e sur la simulation. Les objectifs d&#039;apprentissage doivent \u00eatre imprim\u00e9s sur le programme ainsi que sur la brochure et\/ou les documents \u00e0 distribuer.<\/li>\n<li>Le programme doit d\u00e9crire les m\u00e9thodes qui permettent aux participants de d\u00e9montrer ou d\u2019appliquer leurs connaissances, leurs comp\u00e9tences, leur jugement clinique ou leurs attitudes.<\/li>\n<li>Le programme doit fournir aux participants une r\u00e9troaction d\u00e9taill\u00e9e sur leur performance afin de permettre l\u2019identification des domaines n\u00e9cessitant une am\u00e9lioration gr\u00e2ce \u00e0 l\u2019\u00e9laboration d\u2019un futur plan d\u2019apprentissage.<\/li>\n<\/ul>\n<p>La simulation se rapproche de situations r\u00e9elles, permettant aux participants de d\u00e9montrer (et de recevoir une r\u00e9troaction sur) leur application des connaissances (scientifiques et tacites), leur raisonnement clinique, leur communication et leur r\u00e9solution de probl\u00e8mes, ainsi que leur capacit\u00e9 \u00e0 collaborer et \u00e0 travailler efficacement au sein d&#039;une \u00e9quipe de soins de sant\u00e9.<\/p>\n<p><a href=\"https:\/\/hepatology.ca\/wp-content\/uploads\/2017\/03\/section-3-sap-standards-simulation-e.pdf\" target=\"_blank\" rel=\"noopener\">Normes du programme de simulation<br \/>\n<\/a><a href=\"https:\/\/hepatology.ca\/wp-content\/uploads\/2019\/04\/April19_CASL-Section-3-Simulation-Application-FILLABLE.docx\" target=\"_blank\" rel=\"noopener\">Formulaire de demande de simulation<\/a><a href=\"https:\/\/hepatology.ca\/wp-content\/uploads\/2017\/03\/section-3-sap-standards-simulation-e.pdf\"><br \/>\n<\/a><\/p>\n<p>La demande doit \u00eatre soumise par voie \u00e9lectronique avec tous les documents requis joints au moins six (6) semaines avant l&#039;\u00e9v\u00e9nement de DPC. <a href=\"mailto:casl@hepatology.ca\" target=\"_blank\" rel=\"noopener\">par courrier \u00e9lectronique.<\/a><\/p>\n<p>Pour plus d&#039;informations, reportez-vous \u00e0 la <a class=\"externalLink\" href=\"http:\/\/www.royalcollege.ca\/rcsite\/home-e\" target=\"_blank\" rel=\"noopener noreferrer\">Site Web du Coll\u00e8ge royal<\/a>.<\/p>","protected":false},"excerpt":{"rendered":"<p>Section 3: Self-Assessment Programs must meet 4 criteria as defined by the&nbsp;RCPSC Maintenance of Certification (MOC) program: The program must [&hellip;]<\/p>\n","protected":false},"author":3,"featured_media":0,"parent":1347,"menu_order":0,"comment_status":"closed","ping_status":"closed","template":"","meta":{"_acf_changed":false,"site-sidebar-layout":"default","site-content-layout":"","ast-site-content-layout":"default","site-content-style":"default","site-sidebar-style":"default","ast-global-header-display":"","ast-banner-title-visibility":"","ast-main-header-display":"","ast-hfb-above-header-display":"","ast-hfb-below-header-display":"","ast-hfb-mobile-header-display":"","site-post-title":"","ast-breadcrumbs-content":"","ast-featured-img":"","footer-sml-layout":"","ast-disable-related-posts":"","theme-transparent-header-meta":"","adv-header-id-meta":"","stick-header-meta":"","header-above-stick-meta":"","header-main-stick-meta":"","header-below-stick-meta":"","astra-migrate-meta-layouts":"default","ast-page-background-enabled":"default","ast-page-background-meta":{"desktop":{"background-color":"var(--ast-global-color-4)","background-image":"","background-repeat":"repeat","background-position":"center center","background-size":"auto","background-attachment":"scroll","background-type":"","background-media":"","overlay-type":"","overlay-color":"","overlay-opacity":"","overlay-gradient":""},"tablet":{"background-color":"","background-image":"","background-repeat":"repeat","background-position":"center center","background-size":"auto","background-attachment":"scroll","background-type":"","background-media":"","overlay-type":"","overlay-color":"","overlay-opacity":"","overlay-gradient":""},"mobile":{"background-color":"","background-image":"","background-repeat":"repeat","background-position":"center center","background-size":"auto","background-attachment":"scroll","background-type":"","background-media":"","overlay-type":"","overlay-color":"","overlay-opacity":"","overlay-gradient":""}},"ast-content-background-meta":{"desktop":{"background-color":"var(--ast-global-color-5)","background-image":"","background-repeat":"repeat","background-position":"center center","background-size":"auto","background-attachment":"scroll","background-type":"","background-media":"","overlay-type":"","overlay-color":"","overlay-opacity":"","overlay-gradient":""},"tablet":{"background-color":"var(--ast-global-color-5)","background-image":"","background-repeat":"repeat","background-position":"center center","background-size":"auto","background-attachment":"scroll","background-type":"","background-media":"","overlay-type":"","overlay-color":"","overlay-opacity":"","overlay-gradient":""},"mobile":{"background-color":"var(--ast-global-color-5)","background-image":"","background-repeat":"repeat","background-position":"center center","background-size":"auto","background-attachment":"scroll","background-type":"","background-media":"","overlay-type":"","overlay-color":"","overlay-opacity":"","overlay-gradient":""}},"ngg_post_thumbnail":0,"footnotes":""},"class_list":["post-1411","page","type-page","status-publish","hentry"],"acf":[],"yoast_head":"<!-- This site is optimized with the Yoast SEO plugin v27.4 - https:\/\/yoast.com\/product\/yoast-seo-wordpress\/ -->\n<title>Section 3 - CASL - Canadian Association for the Study of the Liver<\/title>\n<meta name=\"description\" content=\"Section 3: Self-Assessment Programs must meet 4 criteria as defined by the\u00a0RCPSC Maintenance of Certification (MOC) program:\" \/>\n<meta name=\"robots\" content=\"index, follow, max-snippet:-1, max-image-preview:large, max-video-preview:-1\" \/>\n<link rel=\"canonical\" href=\"https:\/\/hepatology.ca\/fr\/education-events\/accreditation\/section-3\/\" \/>\n<meta property=\"og:locale\" content=\"fr_CA\" \/>\n<meta property=\"og:type\" content=\"article\" \/>\n<meta property=\"og:title\" content=\"Section 3 - CASL - Canadian Association for the Study of the Liver\" \/>\n<meta property=\"og:description\" content=\"Section 3: Self-Assessment Programs must meet 4 criteria as defined by the\u00a0RCPSC Maintenance of Certification (MOC) program:\" \/>\n<meta property=\"og:url\" content=\"https:\/\/hepatology.ca\/fr\/education-events\/accreditation\/section-3\/\" \/>\n<meta property=\"og:site_name\" content=\"CASL - Canadian Association for the Study of the Liver\" \/>\n<meta property=\"article:modified_time\" content=\"2024-06-08T20:48:01+00:00\" \/>\n<meta name=\"twitter:card\" content=\"summary_large_image\" \/>\n<meta name=\"twitter:label1\" content=\"Estimation du temps de lecture\" \/>\n\t<meta name=\"twitter:data1\" content=\"2 minutes\" \/>\n<script type=\"application\/ld+json\" class=\"yoast-schema-graph\">{\"@context\":\"https:\\\/\\\/schema.org\",\"@graph\":[{\"@type\":\"WebPage\",\"@id\":\"https:\\\/\\\/hepatology.ca\\\/education-events\\\/accreditation\\\/section-3\\\/\",\"url\":\"https:\\\/\\\/hepatology.ca\\\/education-events\\\/accreditation\\\/section-3\\\/\",\"name\":\"Section 3 - CASL - Canadian Association for the Study of the Liver\",\"isPartOf\":{\"@id\":\"https:\\\/\\\/hepatology.ca\\\/#website\"},\"datePublished\":\"2017-03-24T21:54:48+00:00\",\"dateModified\":\"2024-06-08T20:48:01+00:00\",\"description\":\"Section 3: Self-Assessment Programs must meet 4 criteria as defined by the\u00a0RCPSC Maintenance of Certification (MOC) program:\",\"breadcrumb\":{\"@id\":\"https:\\\/\\\/hepatology.ca\\\/education-events\\\/accreditation\\\/section-3\\\/#breadcrumb\"},\"inLanguage\":\"fr-CA\",\"potentialAction\":[{\"@type\":\"ReadAction\",\"target\":[\"https:\\\/\\\/hepatology.ca\\\/education-events\\\/accreditation\\\/section-3\\\/\"]}]},{\"@type\":\"BreadcrumbList\",\"@id\":\"https:\\\/\\\/hepatology.ca\\\/education-events\\\/accreditation\\\/section-3\\\/#breadcrumb\",\"itemListElement\":[{\"@type\":\"ListItem\",\"position\":1,\"name\":\"Home\",\"item\":\"https:\\\/\\\/hepatology.ca\\\/\"},{\"@type\":\"ListItem\",\"position\":2,\"name\":\"Education &#038; Events\",\"item\":\"https:\\\/\\\/hepatology.ca\\\/education-events\\\/\"},{\"@type\":\"ListItem\",\"position\":3,\"name\":\"Accreditation\",\"item\":\"https:\\\/\\\/hepatology.ca\\\/fr\\\/education-events\\\/accreditation\\\/\"},{\"@type\":\"ListItem\",\"position\":4,\"name\":\"Section 3\"}]},{\"@type\":\"WebSite\",\"@id\":\"https:\\\/\\\/hepatology.ca\\\/#website\",\"url\":\"https:\\\/\\\/hepatology.ca\\\/\",\"name\":\"CASL\",\"description\":\"Canada\u2019s home for liver experts\",\"publisher\":{\"@id\":\"https:\\\/\\\/hepatology.ca\\\/#organization\"},\"potentialAction\":[{\"@type\":\"SearchAction\",\"target\":{\"@type\":\"EntryPoint\",\"urlTemplate\":\"https:\\\/\\\/hepatology.ca\\\/?s={search_term_string}\"},\"query-input\":{\"@type\":\"PropertyValueSpecification\",\"valueRequired\":true,\"valueName\":\"search_term_string\"}}],\"inLanguage\":\"fr-CA\"},{\"@type\":\"Organization\",\"@id\":\"https:\\\/\\\/hepatology.ca\\\/#organization\",\"name\":\"Canadian Association for the Study of the Liver\",\"url\":\"https:\\\/\\\/hepatology.ca\\\/\",\"logo\":{\"@type\":\"ImageObject\",\"inLanguage\":\"fr-CA\",\"@id\":\"https:\\\/\\\/hepatology.ca\\\/#\\\/schema\\\/logo\\\/image\\\/\",\"url\":\"https:\\\/\\\/hepatology.ca\\\/wp-content\\\/uploads\\\/2024\\\/06\\\/CASL-logo-transparent-background.png\",\"contentUrl\":\"https:\\\/\\\/hepatology.ca\\\/wp-content\\\/uploads\\\/2024\\\/06\\\/CASL-logo-transparent-background.png\",\"width\":1040,\"height\":294,\"caption\":\"Canadian Association for the Study of the Liver\"},\"image\":{\"@id\":\"https:\\\/\\\/hepatology.ca\\\/#\\\/schema\\\/logo\\\/image\\\/\"}}]}<\/script>\n<!-- \/ Yoast SEO plugin. -->","yoast_head_json":{"title":"Section 3 - ACE - Association canadienne pour l&#039;\u00e9tude du foie","description":"Section 3 : Les programmes d\u2019auto-\u00e9valuation doivent r\u00e9pondre \u00e0 4 crit\u00e8res tels que d\u00e9finis par le programme de maintien de la certification (MOC) du CRMCC :","robots":{"index":"index","follow":"follow","max-snippet":"max-snippet:-1","max-image-preview":"max-image-preview:large","max-video-preview":"max-video-preview:-1"},"canonical":"https:\/\/hepatology.ca\/fr\/education-events\/accreditation\/section-3\/","og_locale":"fr_CA","og_type":"article","og_title":"Section 3 - CASL - Canadian Association for the Study of the Liver","og_description":"Section 3: Self-Assessment Programs must meet 4 criteria as defined by the\u00a0RCPSC Maintenance of Certification (MOC) program:","og_url":"https:\/\/hepatology.ca\/fr\/education-events\/accreditation\/section-3\/","og_site_name":"CASL - Canadian Association for the Study of the Liver","article_modified_time":"2024-06-08T20:48:01+00:00","twitter_card":"summary_large_image","twitter_misc":{"Estimation du temps de lecture":"2 minutes"},"schema":{"@context":"https:\/\/schema.org","@graph":[{"@type":"WebPage","@id":"https:\/\/hepatology.ca\/education-events\/accreditation\/section-3\/","url":"https:\/\/hepatology.ca\/education-events\/accreditation\/section-3\/","name":"Section 3 - ACE - Association canadienne pour l&#039;\u00e9tude du foie","isPartOf":{"@id":"https:\/\/hepatology.ca\/#website"},"datePublished":"2017-03-24T21:54:48+00:00","dateModified":"2024-06-08T20:48:01+00:00","description":"Section 3 : Les programmes d\u2019auto-\u00e9valuation doivent r\u00e9pondre \u00e0 4 crit\u00e8res tels que d\u00e9finis par le programme de maintien de la certification (MOC) du CRMCC :","breadcrumb":{"@id":"https:\/\/hepatology.ca\/education-events\/accreditation\/section-3\/#breadcrumb"},"inLanguage":"fr-CA","potentialAction":[{"@type":"ReadAction","target":["https:\/\/hepatology.ca\/education-events\/accreditation\/section-3\/"]}]},{"@type":"BreadcrumbList","@id":"https:\/\/hepatology.ca\/education-events\/accreditation\/section-3\/#breadcrumb","itemListElement":[{"@type":"ListItem","position":1,"name":"Home","item":"https:\/\/hepatology.ca\/"},{"@type":"ListItem","position":2,"name":"Education &#038; Events","item":"https:\/\/hepatology.ca\/education-events\/"},{"@type":"ListItem","position":3,"name":"Accreditation","item":"https:\/\/hepatology.ca\/fr\/education-events\/accreditation\/"},{"@type":"ListItem","position":4,"name":"Section 3"}]},{"@type":"WebSite","@id":"https:\/\/hepatology.ca\/#website","url":"https:\/\/hepatology.ca\/","name":"LCAP","description":"Le foyer canadien des experts du foie","publisher":{"@id":"https:\/\/hepatology.ca\/#organization"},"potentialAction":[{"@type":"SearchAction","target":{"@type":"EntryPoint","urlTemplate":"https:\/\/hepatology.ca\/?s={search_term_string}"},"query-input":{"@type":"PropertyValueSpecification","valueRequired":true,"valueName":"search_term_string"}}],"inLanguage":"fr-CA"},{"@type":"Organization","@id":"https:\/\/hepatology.ca\/#organization","name":"Association canadienne pour l&#039;\u00e9tude du foie","url":"https:\/\/hepatology.ca\/","logo":{"@type":"ImageObject","inLanguage":"fr-CA","@id":"https:\/\/hepatology.ca\/#\/schema\/logo\/image\/","url":"https:\/\/hepatology.ca\/wp-content\/uploads\/2024\/06\/CASL-logo-transparent-background.png","contentUrl":"https:\/\/hepatology.ca\/wp-content\/uploads\/2024\/06\/CASL-logo-transparent-background.png","width":1040,"height":294,"caption":"Canadian Association for the Study of the Liver"},"image":{"@id":"https:\/\/hepatology.ca\/#\/schema\/logo\/image\/"}}]}},"_links":{"self":[{"href":"https:\/\/hepatology.ca\/fr\/wp-json\/wp\/v2\/pages\/1411","targetHints":{"allow":["GET"]}}],"collection":[{"href":"https:\/\/hepatology.ca\/fr\/wp-json\/wp\/v2\/pages"}],"about":[{"href":"https:\/\/hepatology.ca\/fr\/wp-json\/wp\/v2\/types\/page"}],"author":[{"embeddable":true,"href":"https:\/\/hepatology.ca\/fr\/wp-json\/wp\/v2\/users\/3"}],"replies":[{"embeddable":true,"href":"https:\/\/hepatology.ca\/fr\/wp-json\/wp\/v2\/comments?post=1411"}],"version-history":[{"count":7,"href":"https:\/\/hepatology.ca\/fr\/wp-json\/wp\/v2\/pages\/1411\/revisions"}],"predecessor-version":[{"id":3965,"href":"https:\/\/hepatology.ca\/fr\/wp-json\/wp\/v2\/pages\/1411\/revisions\/3965"}],"up":[{"embeddable":true,"href":"https:\/\/hepatology.ca\/fr\/wp-json\/wp\/v2\/pages\/1347"}],"wp:attachment":[{"href":"https:\/\/hepatology.ca\/fr\/wp-json\/wp\/v2\/media?parent=1411"}],"curies":[{"name":"wp","href":"https:\/\/api.w.org\/{rel}","templated":true}]}}