{"id":1408,"date":"2017-03-24T21:50:20","date_gmt":"2017-03-24T21:50:20","guid":{"rendered":"http:\/\/live.hepatology.ca\/?page_id=1408"},"modified":"2024-06-07T13:22:10","modified_gmt":"2024-06-07T13:22:10","slug":"section-1","status":"publish","type":"page","link":"https:\/\/hepatology.ca\/fr\/education-events\/accreditation\/section-1\/","title":{"rendered":"Section 1"},"content":{"rendered":"<p><strong>Section 1 : Apprentissage en groupe<\/strong> les activit\u00e9s doivent r\u00e9pondre aux crit\u00e8res obligatoires suivants pour que l&#039;activit\u00e9 soit approuv\u00e9e en vertu de l&#039;article 1 du programme MOC :<\/p>\n<ul>\n<li>L\u2019\u00e9v\u00e9nement doit \u00eatre planifi\u00e9 pour r\u00e9pondre aux besoins identifi\u00e9s du public cible.<\/li>\n<li>Des objectifs d&#039;apprentissage r\u00e9pondant aux besoins identifi\u00e9s doivent \u00eatre d\u00e9finis pour l&#039;\u00e9v\u00e9nement dans son ensemble et pour les s\u00e9ances individuelles. Les objectifs d&#039;apprentissage doivent \u00eatre imprim\u00e9s sur la brochure du programme et\/ou sur les documents \u00e0 distribuer.<\/li>\n<li>Au moins 25% du temps total d\u2019\u00e9ducation doit \u00eatre consacr\u00e9 \u00e0 l\u2019apprentissage interactif.<\/li>\n<li>L&#039;\u00e9v\u00e9nement doit inclure une \u00e9valuation des objectifs d&#039;apprentissage \u00e9tablis et des r\u00e9sultats d&#039;apprentissage identifi\u00e9s par les participants.<\/li>\n<li>L\u2019\u00e9v\u00e9nement doit r\u00e9pondre aux normes \u00e9thiques requises pour le d\u00e9veloppement professionnel continu.<\/li>\n<\/ul>\n<p><strong>Cr\u00e9dits : 1 cr\u00e9dit par heure<\/strong><\/p>\n<p>Voici des exemples d\u2019activit\u00e9s accr\u00e9dit\u00e9es de la Section 1\u00a0:<\/p>\n<ul>\n<li>Conf\u00e9rences accr\u00e9dit\u00e9es<\/li>\n<li>Tourn\u00e9es accr\u00e9dit\u00e9es\/clubs de lecture\/petits groupes<\/li>\n<li>Apprentissage en groupe sur le Web (doit r\u00e9pondre \u00e0 toutes les exigences de la section 1, y compris l&#039;interactivit\u00e9)<\/li>\n<\/ul>\n<p>La demande doit \u00eatre soumise par voie \u00e9lectronique au moins six (6) semaines avant l&#039;\u00e9v\u00e9nement de DPC \u00e0 casl@hepatology.ca, avec tous les documents requis en pi\u00e8ce jointe. Les demandes re\u00e7ues 4 \u00e0 6 semaines avant la date de l&#039;\u00e9v\u00e9nement seront soumises \u00e0 des frais d&#039;examen tardif suppl\u00e9mentaires, et les demandes re\u00e7ues moins de 4 semaines avant l&#039;\u00e9v\u00e9nement NE SERONT PAS examin\u00e9es.<\/p>\n<h2><a href=\"https:\/\/hepatology.ca\/wp-content\/uploads\/2024\/05\/CASL-Section-1-Group-Learning-Activities-Application-Form-v2.pdf\" target=\"_blank\" rel=\"noopener\">Formulaire de demande<\/a><\/h2>","protected":false},"excerpt":{"rendered":"<p>Section 1: Group Learning activities must meet the following mandatory criteria in order for the activity to be approved under [&hellip;]<\/p>\n","protected":false},"author":3,"featured_media":0,"parent":1347,"menu_order":0,"comment_status":"closed","ping_status":"closed","template":"","meta":{"_acf_changed":false,"site-sidebar-layout":"default","site-content-layout":"","ast-site-content-layout":"default","site-content-style":"default","site-sidebar-style":"default","ast-global-header-display":"","ast-banner-title-visibility":"","ast-main-header-display":"","ast-hfb-above-header-display":"","ast-hfb-below-header-display":"","ast-hfb-mobile-header-display":"","site-post-title":"","ast-breadcrumbs-content":"","ast-featured-img":"","footer-sml-layout":"","ast-disable-related-posts":"","theme-transparent-header-meta":"","adv-header-id-meta":"","stick-header-meta":"","header-above-stick-meta":"","header-main-stick-meta":"","header-below-stick-meta":"","astra-migrate-meta-layouts":"default","ast-page-background-enabled":"default","ast-page-background-meta":{"desktop":{"background-color":"var(--ast-global-color-4)","background-image":"","background-repeat":"repeat","background-position":"center center","background-size":"auto","background-attachment":"scroll","background-type":"","background-media":"","overlay-type":"","overlay-color":"","overlay-opacity":"","overlay-gradient":""},"tablet":{"background-color":"","background-image":"","background-repeat":"repeat","background-position":"center center","background-size":"auto","background-attachment":"scroll","background-type":"","background-media":"","overlay-type":"","overlay-color":"","overlay-opacity":"","overlay-gradient":""},"mobile":{"background-color":"","background-image":"","background-repeat":"repeat","background-position":"center center","background-size":"auto","background-attachment":"scroll","background-type":"","background-media":"","overlay-type":"","overlay-color":"","overlay-opacity":"","overlay-gradient":""}},"ast-content-background-meta":{"desktop":{"background-color":"var(--ast-global-color-5)","background-image":"","background-repeat":"repeat","background-position":"center center","background-size":"auto","background-attachment":"scroll","background-type":"","background-media":"","overlay-type":"","overlay-color":"","overlay-opacity":"","overlay-gradient":""},"tablet":{"background-color":"var(--ast-global-color-5)","background-image":"","background-repeat":"repeat","background-position":"center center","background-size":"auto","background-attachment":"scroll","background-type":"","background-media":"","overlay-type":"","overlay-color":"","overlay-opacity":"","overlay-gradient":""},"mobile":{"background-color":"var(--ast-global-color-5)","background-image":"","background-repeat":"repeat","background-position":"center center","background-size":"auto","background-attachment":"scroll","background-type":"","background-media":"","overlay-type":"","overlay-color":"","overlay-opacity":"","overlay-gradient":""}},"ngg_post_thumbnail":0,"footnotes":""},"class_list":["post-1408","page","type-page","status-publish","hentry"],"acf":[],"yoast_head":"<!-- This site is optimized with the Yoast SEO plugin v27.4 - https:\/\/yoast.com\/product\/yoast-seo-wordpress\/ -->\n<title>Section 1 - CASL - Canadian Association for the Study of the Liver<\/title>\n<meta name=\"description\" content=\"Section 1: Group Learning activities must meet the following mandatory criteria in order for the activity to be approved under Section 1 of the MOC program:\" \/>\n<meta name=\"robots\" content=\"index, follow, max-snippet:-1, max-image-preview:large, max-video-preview:-1\" \/>\n<link rel=\"canonical\" href=\"https:\/\/hepatology.ca\/fr\/education-events\/accreditation\/section-1\/\" \/>\n<meta property=\"og:locale\" content=\"fr_CA\" \/>\n<meta property=\"og:type\" content=\"article\" \/>\n<meta property=\"og:title\" content=\"Section 1 - CASL - Canadian Association for the Study of the Liver\" \/>\n<meta property=\"og:description\" content=\"Section 1: Group Learning activities must meet the following mandatory criteria in order for the activity to be approved under Section 1 of the MOC program:\" \/>\n<meta property=\"og:url\" content=\"https:\/\/hepatology.ca\/fr\/education-events\/accreditation\/section-1\/\" \/>\n<meta property=\"og:site_name\" content=\"CASL - Canadian Association for the Study of the Liver\" \/>\n<meta property=\"article:modified_time\" content=\"2024-06-07T13:22:10+00:00\" \/>\n<meta name=\"twitter:card\" content=\"summary_large_image\" \/>\n<meta name=\"twitter:label1\" content=\"Estimation du temps de lecture\" \/>\n\t<meta name=\"twitter:data1\" content=\"1 minute\" \/>\n<script type=\"application\/ld+json\" class=\"yoast-schema-graph\">{\"@context\":\"https:\\\/\\\/schema.org\",\"@graph\":[{\"@type\":\"WebPage\",\"@id\":\"https:\\\/\\\/hepatology.ca\\\/fr\\\/education-events\\\/accreditation\\\/section-1\\\/\",\"url\":\"https:\\\/\\\/hepatology.ca\\\/fr\\\/education-events\\\/accreditation\\\/section-1\\\/\",\"name\":\"Section 1 - CASL - Canadian Association for the Study of the Liver\",\"isPartOf\":{\"@id\":\"https:\\\/\\\/hepatology.ca\\\/#website\"},\"datePublished\":\"2017-03-24T21:50:20+00:00\",\"dateModified\":\"2024-06-07T13:22:10+00:00\",\"description\":\"Section 1: Group Learning activities must meet the following mandatory criteria in order for the activity to be approved under Section 1 of the MOC program:\",\"breadcrumb\":{\"@id\":\"https:\\\/\\\/hepatology.ca\\\/fr\\\/education-events\\\/accreditation\\\/section-1\\\/#breadcrumb\"},\"inLanguage\":\"fr-CA\",\"potentialAction\":[{\"@type\":\"ReadAction\",\"target\":[\"https:\\\/\\\/hepatology.ca\\\/fr\\\/education-events\\\/accreditation\\\/section-1\\\/\"]}]},{\"@type\":\"BreadcrumbList\",\"@id\":\"https:\\\/\\\/hepatology.ca\\\/fr\\\/education-events\\\/accreditation\\\/section-1\\\/#breadcrumb\",\"itemListElement\":[{\"@type\":\"ListItem\",\"position\":1,\"name\":\"Home\",\"item\":\"https:\\\/\\\/hepatology.ca\\\/\"},{\"@type\":\"ListItem\",\"position\":2,\"name\":\"Education &#038; Events\",\"item\":\"https:\\\/\\\/hepatology.ca\\\/education-events\\\/\"},{\"@type\":\"ListItem\",\"position\":3,\"name\":\"Accreditation\",\"item\":\"https:\\\/\\\/hepatology.ca\\\/fr\\\/education-events\\\/accreditation\\\/\"},{\"@type\":\"ListItem\",\"position\":4,\"name\":\"Section 1\"}]},{\"@type\":\"WebSite\",\"@id\":\"https:\\\/\\\/hepatology.ca\\\/#website\",\"url\":\"https:\\\/\\\/hepatology.ca\\\/\",\"name\":\"CASL\",\"description\":\"Canada\u2019s home for liver experts\",\"publisher\":{\"@id\":\"https:\\\/\\\/hepatology.ca\\\/#organization\"},\"potentialAction\":[{\"@type\":\"SearchAction\",\"target\":{\"@type\":\"EntryPoint\",\"urlTemplate\":\"https:\\\/\\\/hepatology.ca\\\/?s={search_term_string}\"},\"query-input\":{\"@type\":\"PropertyValueSpecification\",\"valueRequired\":true,\"valueName\":\"search_term_string\"}}],\"inLanguage\":\"fr-CA\"},{\"@type\":\"Organization\",\"@id\":\"https:\\\/\\\/hepatology.ca\\\/#organization\",\"name\":\"Canadian Association for the Study of the Liver\",\"url\":\"https:\\\/\\\/hepatology.ca\\\/\",\"logo\":{\"@type\":\"ImageObject\",\"inLanguage\":\"fr-CA\",\"@id\":\"https:\\\/\\\/hepatology.ca\\\/#\\\/schema\\\/logo\\\/image\\\/\",\"url\":\"https:\\\/\\\/hepatology.ca\\\/wp-content\\\/uploads\\\/2024\\\/06\\\/CASL-logo-transparent-background.png\",\"contentUrl\":\"https:\\\/\\\/hepatology.ca\\\/wp-content\\\/uploads\\\/2024\\\/06\\\/CASL-logo-transparent-background.png\",\"width\":1040,\"height\":294,\"caption\":\"Canadian Association for the Study of the Liver\"},\"image\":{\"@id\":\"https:\\\/\\\/hepatology.ca\\\/#\\\/schema\\\/logo\\\/image\\\/\"}}]}<\/script>\n<!-- \/ Yoast SEO plugin. -->","yoast_head_json":{"title":"Section 1 - ACE - Association canadienne pour l&#039;\u00e9tude du foie","description":"Section 1 : Les activit\u00e9s d\u2019apprentissage en groupe doivent r\u00e9pondre aux crit\u00e8res obligatoires suivants pour que l\u2019activit\u00e9 soit approuv\u00e9e en vertu de la section 1 du programme MOC :","robots":{"index":"index","follow":"follow","max-snippet":"max-snippet:-1","max-image-preview":"max-image-preview:large","max-video-preview":"max-video-preview:-1"},"canonical":"https:\/\/hepatology.ca\/fr\/education-events\/accreditation\/section-1\/","og_locale":"fr_CA","og_type":"article","og_title":"Section 1 - CASL - Canadian Association for the Study of the Liver","og_description":"Section 1: Group Learning activities must meet the following mandatory criteria in order for the activity to be approved under Section 1 of the MOC program:","og_url":"https:\/\/hepatology.ca\/fr\/education-events\/accreditation\/section-1\/","og_site_name":"CASL - Canadian Association for the Study of the Liver","article_modified_time":"2024-06-07T13:22:10+00:00","twitter_card":"summary_large_image","twitter_misc":{"Estimation du temps de lecture":"1 minute"},"schema":{"@context":"https:\/\/schema.org","@graph":[{"@type":"WebPage","@id":"https:\/\/hepatology.ca\/fr\/education-events\/accreditation\/section-1\/","url":"https:\/\/hepatology.ca\/fr\/education-events\/accreditation\/section-1\/","name":"Section 1 - ACE - Association canadienne pour l&#039;\u00e9tude du foie","isPartOf":{"@id":"https:\/\/hepatology.ca\/#website"},"datePublished":"2017-03-24T21:50:20+00:00","dateModified":"2024-06-07T13:22:10+00:00","description":"Section 1 : Les activit\u00e9s d\u2019apprentissage en groupe doivent r\u00e9pondre aux crit\u00e8res obligatoires suivants pour que l\u2019activit\u00e9 soit approuv\u00e9e en vertu de la section 1 du programme MOC :","breadcrumb":{"@id":"https:\/\/hepatology.ca\/fr\/education-events\/accreditation\/section-1\/#breadcrumb"},"inLanguage":"fr-CA","potentialAction":[{"@type":"ReadAction","target":["https:\/\/hepatology.ca\/fr\/education-events\/accreditation\/section-1\/"]}]},{"@type":"BreadcrumbList","@id":"https:\/\/hepatology.ca\/fr\/education-events\/accreditation\/section-1\/#breadcrumb","itemListElement":[{"@type":"ListItem","position":1,"name":"Home","item":"https:\/\/hepatology.ca\/"},{"@type":"ListItem","position":2,"name":"Education &#038; Events","item":"https:\/\/hepatology.ca\/education-events\/"},{"@type":"ListItem","position":3,"name":"Accreditation","item":"https:\/\/hepatology.ca\/fr\/education-events\/accreditation\/"},{"@type":"ListItem","position":4,"name":"Section 1"}]},{"@type":"WebSite","@id":"https:\/\/hepatology.ca\/#website","url":"https:\/\/hepatology.ca\/","name":"LCAP","description":"Le foyer canadien des experts du foie","publisher":{"@id":"https:\/\/hepatology.ca\/#organization"},"potentialAction":[{"@type":"SearchAction","target":{"@type":"EntryPoint","urlTemplate":"https:\/\/hepatology.ca\/?s={search_term_string}"},"query-input":{"@type":"PropertyValueSpecification","valueRequired":true,"valueName":"search_term_string"}}],"inLanguage":"fr-CA"},{"@type":"Organization","@id":"https:\/\/hepatology.ca\/#organization","name":"Association canadienne pour l&#039;\u00e9tude du foie","url":"https:\/\/hepatology.ca\/","logo":{"@type":"ImageObject","inLanguage":"fr-CA","@id":"https:\/\/hepatology.ca\/#\/schema\/logo\/image\/","url":"https:\/\/hepatology.ca\/wp-content\/uploads\/2024\/06\/CASL-logo-transparent-background.png","contentUrl":"https:\/\/hepatology.ca\/wp-content\/uploads\/2024\/06\/CASL-logo-transparent-background.png","width":1040,"height":294,"caption":"Canadian Association for the Study of the Liver"},"image":{"@id":"https:\/\/hepatology.ca\/#\/schema\/logo\/image\/"}}]}},"_links":{"self":[{"href":"https:\/\/hepatology.ca\/fr\/wp-json\/wp\/v2\/pages\/1408","targetHints":{"allow":["GET"]}}],"collection":[{"href":"https:\/\/hepatology.ca\/fr\/wp-json\/wp\/v2\/pages"}],"about":[{"href":"https:\/\/hepatology.ca\/fr\/wp-json\/wp\/v2\/types\/page"}],"author":[{"embeddable":true,"href":"https:\/\/hepatology.ca\/fr\/wp-json\/wp\/v2\/users\/3"}],"replies":[{"embeddable":true,"href":"https:\/\/hepatology.ca\/fr\/wp-json\/wp\/v2\/comments?post=1408"}],"version-history":[{"count":6,"href":"https:\/\/hepatology.ca\/fr\/wp-json\/wp\/v2\/pages\/1408\/revisions"}],"predecessor-version":[{"id":3617,"href":"https:\/\/hepatology.ca\/fr\/wp-json\/wp\/v2\/pages\/1408\/revisions\/3617"}],"up":[{"embeddable":true,"href":"https:\/\/hepatology.ca\/fr\/wp-json\/wp\/v2\/pages\/1347"}],"wp:attachment":[{"href":"https:\/\/hepatology.ca\/fr\/wp-json\/wp\/v2\/media?parent=1408"}],"curies":[{"name":"wp","href":"https:\/\/api.w.org\/{rel}","templated":true}]}}