{"id":1347,"date":"2017-02-01T17:21:29","date_gmt":"2017-02-01T17:21:29","guid":{"rendered":"http:\/\/live.hepatology.ca\/?page_id=1347"},"modified":"2024-06-08T20:30:01","modified_gmt":"2024-06-08T20:30:01","slug":"accreditation","status":"publish","type":"page","link":"https:\/\/hepatology.ca\/fr\/education-events\/accreditation\/","title":{"rendered":"Accr\u00e9ditation"},"content":{"rendered":"<p>L&#039;Association canadienne pour l&#039;\u00e9tude du foie est accr\u00e9dit\u00e9e par la <a href=\"http:\/\/www.royalcollege.ca\/rcsite\/home-e\" target=\"_blank\" rel=\"noopener\">Coll\u00e8ge royal des m\u00e9decins et chirurgiens du Canada<\/a> d&#039;offrir un d\u00e9veloppement professionnel continu (DPC) et d&#039;accr\u00e9diter et de co-d\u00e9velopper des \u00e9v\u00e9nements d&#039;apprentissage de groupe et des programmes d&#039;auto-\u00e9valuation avec d&#039;autres organisations de m\u00e9decins et de non-m\u00e9decins.<\/p>\n<p>Le Comit\u00e9 d\u2019accr\u00e9ditation est responsable du maintien du statut d\u2019accr\u00e9ditation de la CASL, ainsi que de l\u2019accr\u00e9ditation des \u00e9v\u00e9nements d\u2019apprentissage de groupe et des programmes d\u2019auto-\u00e9valuation.<\/p>\n<p>L&#039;ACS a le statut de fournisseur d&#039;accr\u00e9ditation dans le cadre du programme de maintien du certificat du Coll\u00e8ge royal des m\u00e9decins et chirurgiens du Canada (CRMCC) et est en mesure d&#039;approuver les programmes r\u00e9pondant aux crit\u00e8res des sections 1 et 3. Pour toute question concernant le DPC et pour acc\u00e9der \u00e0 notre bar\u00e8me de frais d&#039;accr\u00e9ditation, veuillez <a href=\"https:\/\/hepatology.ca\/fr\/contact-us\/\">Contactez-nous<\/a>.<\/p>\n<p>Le d\u00e9veloppement professionnel continu (DPC) va au-del\u00e0 de la formation m\u00e9dicale continue traditionnelle, qui est per\u00e7ue comme ax\u00e9e sur la mise \u00e0 jour des connaissances m\u00e9dicales. Dans le cadre du DPC, les praticiens d\u00e9finissent les comp\u00e9tences qu&#039;ils consid\u00e8rent comme pertinentes pour leurs besoins de pratique individuels. Le DPC couvre des sujets tels que la communication m\u00e9decin-patient, les comp\u00e9tences en \u00e9quipe interdisciplinaire et la gestion des risques, ainsi que d&#039;autres comp\u00e9tences d\u00e9finies par la <a href=\"http:\/\/www.royalcollege.ca\/\" target=\"_blank\" rel=\"noopener noreferrer\">Coll\u00e8ge royal<\/a>Les activit\u00e9s de DPC utilisent une grande vari\u00e9t\u00e9 de formats d\u2019\u00e9ducation et de diffusion de contenu.<\/p>\n<p>Pour plus d&#039;informations sur l&#039;accr\u00e9ditation Section 1 et Section 3, veuillez cliquer sur les liens dans le menu de gauche.<\/p>\n<p>Liens rapides :<\/p>\n<ul>\n<li><a href=\"https:\/\/hepatology.ca\/wp-content\/uploads\/2017\/03\/CASL-CPD-Mission.pdf\" target=\"_blank\" rel=\"noopener\">\u00c9nonc\u00e9 de mission du programme de perfectionnement professionnel continu de la CASL<\/a><\/li>\n<li><a href=\"https:\/\/hepatology.ca\/fr\/about-casl\/policies\/190523-casl-commercial-support-guidelines\/\" target=\"_blank\" rel=\"attachment noopener wp-att-2375 noreferrer\">Lignes directrices sur le soutien commercial de la LCAP<\/a><\/li>\n<li><a href=\"https:\/\/hepatology.ca\/fr\/about-casl\/policies\/190523-casl-conflict-of-interest-management-policy\/\" target=\"_blank\" rel=\"attachment noopener wp-att-2377 noreferrer\">Politique de gestion des conflits d&#039;int\u00e9r\u00eats de la LCAP<\/a><\/li>\n<li><a href=\"http:\/\/www.royalcollege.ca\/\" target=\"_blank\" rel=\"noopener noreferrer\">Bo\u00eete \u00e0 outils d&#039;accr\u00e9ditation<\/a><\/li>\n<li><a href=\"http:\/\/www.royalcollege.ca\/\" target=\"_blank\" rel=\"noopener\">Comment cr\u00e9er des objectifs d&#039;apprentissage<\/a><\/li>\n<li><a href=\"http:\/\/www.royalcollege.ca\/\" target=\"_blank\" rel=\"noopener\">M\u00e9thodes de diffusion de l&#039;enseignement<\/a><\/li>\n<li><a href=\"http:\/\/www.royalcollege.ca\/\" target=\"_blank\" rel=\"noopener noreferrer\">Cadre CanMEDS 2005 du Coll\u00e8ge royal<\/a><\/li>\n<li><a href=\"http:\/\/policybase.cma.ca\/\" target=\"_blank\" rel=\"noopener noreferrer\">Lignes directrices de l&#039;AMC \u00e0 l&#039;intention des m\u00e9decins en mati\u00e8re d&#039;interactions avec l&#039;industrie<\/a><\/li>\n<\/ul>","protected":false},"excerpt":{"rendered":"<p>The Canadian Association for the Study of the Liver is accredited by the Royal College of Physicians and Surgeons of [&hellip;]<\/p>\n","protected":false},"author":3,"featured_media":0,"parent":31,"menu_order":5,"comment_status":"closed","ping_status":"closed","template":"","meta":{"_acf_changed":false,"site-sidebar-layout":"default","site-content-layout":"","ast-site-content-layout":"default","site-content-style":"default","site-sidebar-style":"default","ast-global-header-display":"","ast-banner-title-visibility":"","ast-main-header-display":"","ast-hfb-above-header-display":"","ast-hfb-below-header-display":"","ast-hfb-mobile-header-display":"","site-post-title":"","ast-breadcrumbs-content":"","ast-featured-img":"","footer-sml-layout":"","ast-disable-related-posts":"","theme-transparent-header-meta":"","adv-header-id-meta":"","stick-header-meta":"","header-above-stick-meta":"","header-main-stick-meta":"","header-below-stick-meta":"","astra-migrate-meta-layouts":"default","ast-page-background-enabled":"default","ast-page-background-meta":{"desktop":{"background-color":"var(--ast-global-color-4)","background-image":"","background-repeat":"repeat","background-position":"center center","background-size":"auto","background-attachment":"scroll","background-type":"","background-media":"","overlay-type":"","overlay-color":"","overlay-opacity":"","overlay-gradient":""},"tablet":{"background-color":"","background-image":"","background-repeat":"repeat","background-position":"center center","background-size":"auto","background-attachment":"scroll","background-type":"","background-media":"","overlay-type":"","overlay-color":"","overlay-opacity":"","overlay-gradient":""},"mobile":{"background-color":"","background-image":"","background-repeat":"repeat","background-position":"center center","background-size":"auto","background-attachment":"scroll","background-type":"","background-media":"","overlay-type":"","overlay-color":"","overlay-opacity":"","overlay-gradient":""}},"ast-content-background-meta":{"desktop":{"background-color":"var(--ast-global-color-5)","background-image":"","background-repeat":"repeat","background-position":"center center","background-size":"auto","background-attachment":"scroll","background-type":"","background-media":"","overlay-type":"","overlay-color":"","overlay-opacity":"","overlay-gradient":""},"tablet":{"background-color":"var(--ast-global-color-5)","background-image":"","background-repeat":"repeat","background-position":"center center","background-size":"auto","background-attachment":"scroll","background-type":"","background-media":"","overlay-type":"","overlay-color":"","overlay-opacity":"","overlay-gradient":""},"mobile":{"background-color":"var(--ast-global-color-5)","background-image":"","background-repeat":"repeat","background-position":"center center","background-size":"auto","background-attachment":"scroll","background-type":"","background-media":"","overlay-type":"","overlay-color":"","overlay-opacity":"","overlay-gradient":""}},"ngg_post_thumbnail":0,"footnotes":""},"class_list":["post-1347","page","type-page","status-publish","hentry"],"acf":[],"yoast_head":"<!-- This site is optimized with the Yoast SEO plugin v27.4 - https:\/\/yoast.com\/product\/yoast-seo-wordpress\/ -->\n<title>Accreditation - CASL - Canadian Association for the Study of the Liver<\/title>\n<meta name=\"description\" content=\"The Canadian Association for the Study of the Liver is accredited by the Royal College of Physicians and Surgeons of Canada to provide continuing professional development (CPD), and to accredit and co-develop group learning events and self-assessment programs with other physician and non-physician organizations.\" \/>\n<meta name=\"robots\" content=\"index, follow, max-snippet:-1, max-image-preview:large, max-video-preview:-1\" \/>\n<link rel=\"canonical\" href=\"https:\/\/hepatology.ca\/fr\/education-events\/accreditation\/\" \/>\n<meta property=\"og:locale\" content=\"fr_CA\" \/>\n<meta property=\"og:type\" content=\"article\" \/>\n<meta property=\"og:title\" content=\"Accreditation - CASL - Canadian Association for the Study of the Liver\" \/>\n<meta property=\"og:description\" content=\"The Canadian Association for the Study of the Liver is accredited by the Royal College of Physicians and Surgeons of Canada to provide continuing professional development (CPD), and to accredit and co-develop group learning events and self-assessment programs with other physician and non-physician organizations.\" \/>\n<meta property=\"og:url\" content=\"https:\/\/hepatology.ca\/fr\/education-events\/accreditation\/\" \/>\n<meta property=\"og:site_name\" content=\"CASL - Canadian Association for the Study of the Liver\" \/>\n<meta property=\"article:modified_time\" content=\"2024-06-08T20:30:01+00:00\" \/>\n<meta name=\"twitter:card\" content=\"summary_large_image\" \/>\n<meta name=\"twitter:label1\" content=\"Estimation du temps de lecture\" \/>\n\t<meta name=\"twitter:data1\" content=\"2 minutes\" \/>\n<script type=\"application\/ld+json\" class=\"yoast-schema-graph\">{\"@context\":\"https:\\\/\\\/schema.org\",\"@graph\":[{\"@type\":\"WebPage\",\"@id\":\"https:\\\/\\\/hepatology.ca\\\/fr\\\/education-events\\\/accreditation\\\/\",\"url\":\"https:\\\/\\\/hepatology.ca\\\/fr\\\/education-events\\\/accreditation\\\/\",\"name\":\"Accreditation - CASL - Canadian Association for the Study of the Liver\",\"isPartOf\":{\"@id\":\"https:\\\/\\\/hepatology.ca\\\/#website\"},\"datePublished\":\"2017-02-01T17:21:29+00:00\",\"dateModified\":\"2024-06-08T20:30:01+00:00\",\"description\":\"The Canadian Association for the Study of the Liver is accredited by the Royal College of Physicians and Surgeons of Canada to provide continuing professional development (CPD), and to accredit and co-develop group learning events and self-assessment programs with other physician and non-physician organizations.\",\"breadcrumb\":{\"@id\":\"https:\\\/\\\/hepatology.ca\\\/fr\\\/education-events\\\/accreditation\\\/#breadcrumb\"},\"inLanguage\":\"fr-CA\",\"potentialAction\":[{\"@type\":\"ReadAction\",\"target\":[\"https:\\\/\\\/hepatology.ca\\\/fr\\\/education-events\\\/accreditation\\\/\"]}]},{\"@type\":\"BreadcrumbList\",\"@id\":\"https:\\\/\\\/hepatology.ca\\\/fr\\\/education-events\\\/accreditation\\\/#breadcrumb\",\"itemListElement\":[{\"@type\":\"ListItem\",\"position\":1,\"name\":\"Home\",\"item\":\"https:\\\/\\\/hepatology.ca\\\/\"},{\"@type\":\"ListItem\",\"position\":2,\"name\":\"Education &#038; Events\",\"item\":\"https:\\\/\\\/hepatology.ca\\\/education-events\\\/\"},{\"@type\":\"ListItem\",\"position\":3,\"name\":\"Accreditation\"}]},{\"@type\":\"WebSite\",\"@id\":\"https:\\\/\\\/hepatology.ca\\\/#website\",\"url\":\"https:\\\/\\\/hepatology.ca\\\/\",\"name\":\"CASL\",\"description\":\"Canada\u2019s home for liver experts\",\"publisher\":{\"@id\":\"https:\\\/\\\/hepatology.ca\\\/#organization\"},\"potentialAction\":[{\"@type\":\"SearchAction\",\"target\":{\"@type\":\"EntryPoint\",\"urlTemplate\":\"https:\\\/\\\/hepatology.ca\\\/?s={search_term_string}\"},\"query-input\":{\"@type\":\"PropertyValueSpecification\",\"valueRequired\":true,\"valueName\":\"search_term_string\"}}],\"inLanguage\":\"fr-CA\"},{\"@type\":\"Organization\",\"@id\":\"https:\\\/\\\/hepatology.ca\\\/#organization\",\"name\":\"Canadian Association for the Study of the Liver\",\"url\":\"https:\\\/\\\/hepatology.ca\\\/\",\"logo\":{\"@type\":\"ImageObject\",\"inLanguage\":\"fr-CA\",\"@id\":\"https:\\\/\\\/hepatology.ca\\\/#\\\/schema\\\/logo\\\/image\\\/\",\"url\":\"https:\\\/\\\/hepatology.ca\\\/wp-content\\\/uploads\\\/2024\\\/06\\\/CASL-logo-transparent-background.png\",\"contentUrl\":\"https:\\\/\\\/hepatology.ca\\\/wp-content\\\/uploads\\\/2024\\\/06\\\/CASL-logo-transparent-background.png\",\"width\":1040,\"height\":294,\"caption\":\"Canadian Association for the Study of the Liver\"},\"image\":{\"@id\":\"https:\\\/\\\/hepatology.ca\\\/#\\\/schema\\\/logo\\\/image\\\/\"}}]}<\/script>\n<!-- \/ Yoast SEO plugin. -->","yoast_head_json":{"title":"Accr\u00e9ditation - CASL - Association canadienne pour l&#039;\u00e9tude du foie","description":"L&#039;Association canadienne pour l&#039;\u00e9tude du foie est accr\u00e9dit\u00e9e par le Coll\u00e8ge royal des m\u00e9decins et chirurgiens du Canada pour offrir du d\u00e9veloppement professionnel continu (DPC) et pour accr\u00e9diter et co-d\u00e9velopper des \u00e9v\u00e9nements d&#039;apprentissage de groupe et des programmes d&#039;auto-\u00e9valuation avec d&#039;autres organisations m\u00e9dicales et non m\u00e9dicales.","robots":{"index":"index","follow":"follow","max-snippet":"max-snippet:-1","max-image-preview":"max-image-preview:large","max-video-preview":"max-video-preview:-1"},"canonical":"https:\/\/hepatology.ca\/fr\/education-events\/accreditation\/","og_locale":"fr_CA","og_type":"article","og_title":"Accreditation - CASL - Canadian Association for the Study of the Liver","og_description":"The Canadian Association for the Study of the Liver is accredited by the Royal College of Physicians and Surgeons of Canada to provide continuing professional development (CPD), and to accredit and co-develop group learning events and self-assessment programs with other physician and non-physician organizations.","og_url":"https:\/\/hepatology.ca\/fr\/education-events\/accreditation\/","og_site_name":"CASL - Canadian Association for the Study of the Liver","article_modified_time":"2024-06-08T20:30:01+00:00","twitter_card":"summary_large_image","twitter_misc":{"Estimation du temps de lecture":"2 minutes"},"schema":{"@context":"https:\/\/schema.org","@graph":[{"@type":"WebPage","@id":"https:\/\/hepatology.ca\/fr\/education-events\/accreditation\/","url":"https:\/\/hepatology.ca\/fr\/education-events\/accreditation\/","name":"Accr\u00e9ditation - CASL - Association canadienne pour l&#039;\u00e9tude du foie","isPartOf":{"@id":"https:\/\/hepatology.ca\/#website"},"datePublished":"2017-02-01T17:21:29+00:00","dateModified":"2024-06-08T20:30:01+00:00","description":"L&#039;Association canadienne pour l&#039;\u00e9tude du foie est accr\u00e9dit\u00e9e par le Coll\u00e8ge royal des m\u00e9decins et chirurgiens du Canada pour offrir du d\u00e9veloppement professionnel continu (DPC) et pour accr\u00e9diter et co-d\u00e9velopper des \u00e9v\u00e9nements d&#039;apprentissage de groupe et des programmes d&#039;auto-\u00e9valuation avec d&#039;autres organisations m\u00e9dicales et non m\u00e9dicales.","breadcrumb":{"@id":"https:\/\/hepatology.ca\/fr\/education-events\/accreditation\/#breadcrumb"},"inLanguage":"fr-CA","potentialAction":[{"@type":"ReadAction","target":["https:\/\/hepatology.ca\/fr\/education-events\/accreditation\/"]}]},{"@type":"BreadcrumbList","@id":"https:\/\/hepatology.ca\/fr\/education-events\/accreditation\/#breadcrumb","itemListElement":[{"@type":"ListItem","position":1,"name":"Home","item":"https:\/\/hepatology.ca\/"},{"@type":"ListItem","position":2,"name":"Education &#038; Events","item":"https:\/\/hepatology.ca\/education-events\/"},{"@type":"ListItem","position":3,"name":"Accreditation"}]},{"@type":"WebSite","@id":"https:\/\/hepatology.ca\/#website","url":"https:\/\/hepatology.ca\/","name":"LCAP","description":"Le foyer canadien des experts du foie","publisher":{"@id":"https:\/\/hepatology.ca\/#organization"},"potentialAction":[{"@type":"SearchAction","target":{"@type":"EntryPoint","urlTemplate":"https:\/\/hepatology.ca\/?s={search_term_string}"},"query-input":{"@type":"PropertyValueSpecification","valueRequired":true,"valueName":"search_term_string"}}],"inLanguage":"fr-CA"},{"@type":"Organization","@id":"https:\/\/hepatology.ca\/#organization","name":"Association canadienne pour l&#039;\u00e9tude du foie","url":"https:\/\/hepatology.ca\/","logo":{"@type":"ImageObject","inLanguage":"fr-CA","@id":"https:\/\/hepatology.ca\/#\/schema\/logo\/image\/","url":"https:\/\/hepatology.ca\/wp-content\/uploads\/2024\/06\/CASL-logo-transparent-background.png","contentUrl":"https:\/\/hepatology.ca\/wp-content\/uploads\/2024\/06\/CASL-logo-transparent-background.png","width":1040,"height":294,"caption":"Canadian Association for the Study of the Liver"},"image":{"@id":"https:\/\/hepatology.ca\/#\/schema\/logo\/image\/"}}]}},"_links":{"self":[{"href":"https:\/\/hepatology.ca\/fr\/wp-json\/wp\/v2\/pages\/1347","targetHints":{"allow":["GET"]}}],"collection":[{"href":"https:\/\/hepatology.ca\/fr\/wp-json\/wp\/v2\/pages"}],"about":[{"href":"https:\/\/hepatology.ca\/fr\/wp-json\/wp\/v2\/types\/page"}],"author":[{"embeddable":true,"href":"https:\/\/hepatology.ca\/fr\/wp-json\/wp\/v2\/users\/3"}],"replies":[{"embeddable":true,"href":"https:\/\/hepatology.ca\/fr\/wp-json\/wp\/v2\/comments?post=1347"}],"version-history":[{"count":7,"href":"https:\/\/hepatology.ca\/fr\/wp-json\/wp\/v2\/pages\/1347\/revisions"}],"predecessor-version":[{"id":3961,"href":"https:\/\/hepatology.ca\/fr\/wp-json\/wp\/v2\/pages\/1347\/revisions\/3961"}],"up":[{"embeddable":true,"href":"https:\/\/hepatology.ca\/fr\/wp-json\/wp\/v2\/pages\/31"}],"wp:attachment":[{"href":"https:\/\/hepatology.ca\/fr\/wp-json\/wp\/v2\/media?parent=1347"}],"curies":[{"name":"wp","href":"https:\/\/api.w.org\/{rel}","templated":true}]}}