{"id":127,"date":"2012-07-06T00:26:40","date_gmt":"2012-07-06T00:26:40","guid":{"rendered":"http:\/\/casl.resonatedesign.ca\/?page_id=127"},"modified":"2024-06-07T13:22:11","modified_gmt":"2024-06-07T13:22:11","slug":"members-only","status":"publish","type":"page","link":"https:\/\/hepatology.ca\/fr\/members\/members-only\/","title":{"rendered":"R\u00e9serv\u00e9 aux membres"},"content":{"rendered":"<p><strong><span style=\"font-size: large;\">Bienvenue dans l&#039;espace \u00ab r\u00e9serv\u00e9 aux membres \u00bb<\/span><\/strong><\/p>\n<p>Cette section exclusive est l\u2019un des nombreux avantages de l\u2019adh\u00e9sion qui vous permet un acc\u00e8s priv\u00e9 au r\u00e9pertoire des membres, aux avis de la LCAP, aux proc\u00e8s-verbaux de l\u2019assembl\u00e9e g\u00e9n\u00e9rale annuelle de la LCAP et \u00e0 de nombreux autres \u00e9l\u00e9ments d\u2019int\u00e9r\u00eat \u00e0 venir.<\/p>\n<p>Cette section du site vous permettra de r\u00e9seauter avec d\u2019autres membres de l\u2019ACL, de mieux comprendre votre organisation et d\u2019\u00eatre le premier inform\u00e9 des \u00e9v\u00e9nements de l\u2019ACL.<\/p>\n<p>N&#039;h\u00e9sitez pas \u00e0 nous contacter pour tout commentaire et suggestion d&#039;am\u00e9lioration ou d&#039;ajout \u00e0 la section \u00ab\u00a0Membres uniquement\u00a0\u00bb du site Web.<\/p>\n<p><a href=\"https:\/\/hepatology.ca\/fr\/?page_id=1746\" target=\"_blank\" rel=\"noopener noreferrer\">Cliquez ici pour vous connecter au r\u00e9pertoire CASL<\/a><\/p>\n\n\n<div class=\"wp-block-image is-style-rounded\"><figure class=\"alignleft size-full\"><a href=\"\/fr\/hepatology.ca\/absorb-login\/\"><img decoding=\"async\" width=\"250\" height=\"150\" src=\"https:\/\/hepatology.ca\/wp-content\/uploads\/2023\/05\/1.png\" alt=\"\" class=\"wp-image-3251\"\/><\/a><figcaption>       <strong style=\"text-align: center; color: #a53521; font-size: 16px;\">Cliquez ici pour acc\u00e9der \u00e0 HepatoSite<\/strong><\/figcaption><\/figure><\/div>\n\n\n\n<p><\/p>","protected":false},"excerpt":{"rendered":"<p>Welcome to the \u201cMembers Only\u201d Area This exclusive section is one of the many benefits of membership that allows you [&hellip;]<\/p>\n","protected":false},"author":3,"featured_media":0,"parent":34,"menu_order":16,"comment_status":"closed","ping_status":"closed","template":"","meta":{"_acf_changed":false,"site-sidebar-layout":"default","site-content-layout":"","ast-site-content-layout":"default","site-content-style":"default","site-sidebar-style":"default","ast-global-header-display":"","ast-banner-title-visibility":"","ast-main-header-display":"","ast-hfb-above-header-display":"","ast-hfb-below-header-display":"","ast-hfb-mobile-header-display":"","site-post-title":"","ast-breadcrumbs-content":"","ast-featured-img":"","footer-sml-layout":"","ast-disable-related-posts":"","theme-transparent-header-meta":"","adv-header-id-meta":"","stick-header-meta":"","header-above-stick-meta":"","header-main-stick-meta":"","header-below-stick-meta":"","astra-migrate-meta-layouts":"default","ast-page-background-enabled":"default","ast-page-background-meta":{"desktop":{"background-color":"var(--ast-global-color-4)","background-image":"","background-repeat":"repeat","background-position":"center center","background-size":"auto","background-attachment":"scroll","background-type":"","background-media":"","overlay-type":"","overlay-color":"","overlay-opacity":"","overlay-gradient":""},"tablet":{"background-color":"","background-image":"","background-repeat":"repeat","background-position":"center center","background-size":"auto","background-attachment":"scroll","background-type":"","background-media":"","overlay-type":"","overlay-color":"","overlay-opacity":"","overlay-gradient":""},"mobile":{"background-color":"","background-image":"","background-repeat":"repeat","background-position":"center center","background-size":"auto","background-attachment":"scroll","background-type":"","background-media":"","overlay-type":"","overlay-color":"","overlay-opacity":"","overlay-gradient":""}},"ast-content-background-meta":{"desktop":{"background-color":"var(--ast-global-color-5)","background-image":"","background-repeat":"repeat","background-position":"center center","background-size":"auto","background-attachment":"scroll","background-type":"","background-media":"","overlay-type":"","overlay-color":"","overlay-opacity":"","overlay-gradient":""},"tablet":{"background-color":"var(--ast-global-color-5)","background-image":"","background-repeat":"repeat","background-position":"center center","background-size":"auto","background-attachment":"scroll","background-type":"","background-media":"","overlay-type":"","overlay-color":"","overlay-opacity":"","overlay-gradient":""},"mobile":{"background-color":"var(--ast-global-color-5)","background-image":"","background-repeat":"repeat","background-position":"center center","background-size":"auto","background-attachment":"scroll","background-type":"","background-media":"","overlay-type":"","overlay-color":"","overlay-opacity":"","overlay-gradient":""}},"ngg_post_thumbnail":0,"footnotes":""},"class_list":["post-127","page","type-page","status-publish","hentry"],"acf":[],"yoast_head":"<!-- This site is optimized with the Yoast SEO plugin v27.4 - https:\/\/yoast.com\/product\/yoast-seo-wordpress\/ -->\n<title>Members Only - CASL - Canadian Association for the Study of the Liver<\/title>\n<meta name=\"robots\" content=\"index, follow, max-snippet:-1, max-image-preview:large, max-video-preview:-1\" \/>\n<link rel=\"canonical\" href=\"https:\/\/hepatology.ca\/fr\/members\/members-only\/\" \/>\n<meta property=\"og:locale\" content=\"fr_CA\" \/>\n<meta property=\"og:type\" content=\"article\" \/>\n<meta property=\"og:title\" content=\"Members Only - CASL - Canadian Association for the Study of the Liver\" \/>\n<meta property=\"og:description\" content=\"Welcome to the \u201cMembers Only\u201d Area This exclusive section is one of the many benefits of membership that allows you [&hellip;]\" \/>\n<meta property=\"og:url\" content=\"https:\/\/hepatology.ca\/fr\/members\/members-only\/\" \/>\n<meta property=\"og:site_name\" content=\"CASL - Canadian Association for the Study of the Liver\" \/>\n<meta property=\"article:modified_time\" content=\"2024-06-07T13:22:11+00:00\" \/>\n<meta property=\"og:image\" content=\"https:\/\/hepatology.ca\/wp-content\/uploads\/2023\/05\/1.png\" \/>\n<meta name=\"twitter:card\" content=\"summary_large_image\" \/>\n<meta name=\"twitter:label1\" content=\"Estimation du temps de lecture\" \/>\n\t<meta name=\"twitter:data1\" content=\"1 minute\" \/>\n<script type=\"application\/ld+json\" class=\"yoast-schema-graph\">{\"@context\":\"https:\\\/\\\/schema.org\",\"@graph\":[{\"@type\":\"WebPage\",\"@id\":\"https:\\\/\\\/hepatology.ca\\\/members\\\/members-only\\\/\",\"url\":\"https:\\\/\\\/hepatology.ca\\\/members\\\/members-only\\\/\",\"name\":\"Members Only - CASL - Canadian Association for the Study of the Liver\",\"isPartOf\":{\"@id\":\"https:\\\/\\\/hepatology.ca\\\/#website\"},\"primaryImageOfPage\":{\"@id\":\"https:\\\/\\\/hepatology.ca\\\/members\\\/members-only\\\/#primaryimage\"},\"image\":{\"@id\":\"https:\\\/\\\/hepatology.ca\\\/members\\\/members-only\\\/#primaryimage\"},\"thumbnailUrl\":\"https:\\\/\\\/hepatology.ca\\\/wp-content\\\/uploads\\\/2023\\\/05\\\/1.png\",\"datePublished\":\"2012-07-06T00:26:40+00:00\",\"dateModified\":\"2024-06-07T13:22:11+00:00\",\"breadcrumb\":{\"@id\":\"https:\\\/\\\/hepatology.ca\\\/members\\\/members-only\\\/#breadcrumb\"},\"inLanguage\":\"fr-CA\",\"potentialAction\":[{\"@type\":\"ReadAction\",\"target\":[\"https:\\\/\\\/hepatology.ca\\\/members\\\/members-only\\\/\"]}]},{\"@type\":\"ImageObject\",\"inLanguage\":\"fr-CA\",\"@id\":\"https:\\\/\\\/hepatology.ca\\\/members\\\/members-only\\\/#primaryimage\",\"url\":\"https:\\\/\\\/hepatology.ca\\\/wp-content\\\/uploads\\\/2023\\\/05\\\/1.png\",\"contentUrl\":\"https:\\\/\\\/hepatology.ca\\\/wp-content\\\/uploads\\\/2023\\\/05\\\/1.png\"},{\"@type\":\"BreadcrumbList\",\"@id\":\"https:\\\/\\\/hepatology.ca\\\/members\\\/members-only\\\/#breadcrumb\",\"itemListElement\":[{\"@type\":\"ListItem\",\"position\":1,\"name\":\"Home\",\"item\":\"https:\\\/\\\/hepatology.ca\\\/\"},{\"@type\":\"ListItem\",\"position\":2,\"name\":\"Members\",\"item\":\"https:\\\/\\\/hepatology.ca\\\/fr\\\/members\\\/\"},{\"@type\":\"ListItem\",\"position\":3,\"name\":\"Members Only\"}]},{\"@type\":\"WebSite\",\"@id\":\"https:\\\/\\\/hepatology.ca\\\/#website\",\"url\":\"https:\\\/\\\/hepatology.ca\\\/\",\"name\":\"CASL\",\"description\":\"Canada\u2019s home for liver experts\",\"publisher\":{\"@id\":\"https:\\\/\\\/hepatology.ca\\\/#organization\"},\"potentialAction\":[{\"@type\":\"SearchAction\",\"target\":{\"@type\":\"EntryPoint\",\"urlTemplate\":\"https:\\\/\\\/hepatology.ca\\\/?s={search_term_string}\"},\"query-input\":{\"@type\":\"PropertyValueSpecification\",\"valueRequired\":true,\"valueName\":\"search_term_string\"}}],\"inLanguage\":\"fr-CA\"},{\"@type\":\"Organization\",\"@id\":\"https:\\\/\\\/hepatology.ca\\\/#organization\",\"name\":\"Canadian Association for the Study of the Liver\",\"url\":\"https:\\\/\\\/hepatology.ca\\\/\",\"logo\":{\"@type\":\"ImageObject\",\"inLanguage\":\"fr-CA\",\"@id\":\"https:\\\/\\\/hepatology.ca\\\/#\\\/schema\\\/logo\\\/image\\\/\",\"url\":\"https:\\\/\\\/hepatology.ca\\\/wp-content\\\/uploads\\\/2024\\\/06\\\/CASL-logo-transparent-background.png\",\"contentUrl\":\"https:\\\/\\\/hepatology.ca\\\/wp-content\\\/uploads\\\/2024\\\/06\\\/CASL-logo-transparent-background.png\",\"width\":1040,\"height\":294,\"caption\":\"Canadian Association for the Study of the Liver\"},\"image\":{\"@id\":\"https:\\\/\\\/hepatology.ca\\\/#\\\/schema\\\/logo\\\/image\\\/\"}}]}<\/script>\n<!-- \/ Yoast SEO plugin. -->","yoast_head_json":{"title":"Membres seulement - ACE - Association canadienne pour l&#039;\u00e9tude du foie","robots":{"index":"index","follow":"follow","max-snippet":"max-snippet:-1","max-image-preview":"max-image-preview:large","max-video-preview":"max-video-preview:-1"},"canonical":"https:\/\/hepatology.ca\/fr\/members\/members-only\/","og_locale":"fr_CA","og_type":"article","og_title":"Members Only - CASL - Canadian Association for the Study of the Liver","og_description":"Welcome to the \u201cMembers Only\u201d Area This exclusive section is one of the many benefits of membership that allows you [&hellip;]","og_url":"https:\/\/hepatology.ca\/fr\/members\/members-only\/","og_site_name":"CASL - Canadian Association for the Study of the Liver","article_modified_time":"2024-06-07T13:22:11+00:00","og_image":[{"url":"https:\/\/hepatology.ca\/wp-content\/uploads\/2023\/05\/1.png","type":"","width":"","height":""}],"twitter_card":"summary_large_image","twitter_misc":{"Estimation du temps de lecture":"1 minute"},"schema":{"@context":"https:\/\/schema.org","@graph":[{"@type":"WebPage","@id":"https:\/\/hepatology.ca\/members\/members-only\/","url":"https:\/\/hepatology.ca\/members\/members-only\/","name":"Membres seulement - ACE - Association canadienne pour l&#039;\u00e9tude du foie","isPartOf":{"@id":"https:\/\/hepatology.ca\/#website"},"primaryImageOfPage":{"@id":"https:\/\/hepatology.ca\/members\/members-only\/#primaryimage"},"image":{"@id":"https:\/\/hepatology.ca\/members\/members-only\/#primaryimage"},"thumbnailUrl":"https:\/\/hepatology.ca\/wp-content\/uploads\/2023\/05\/1.png","datePublished":"2012-07-06T00:26:40+00:00","dateModified":"2024-06-07T13:22:11+00:00","breadcrumb":{"@id":"https:\/\/hepatology.ca\/members\/members-only\/#breadcrumb"},"inLanguage":"fr-CA","potentialAction":[{"@type":"ReadAction","target":["https:\/\/hepatology.ca\/members\/members-only\/"]}]},{"@type":"ImageObject","inLanguage":"fr-CA","@id":"https:\/\/hepatology.ca\/members\/members-only\/#primaryimage","url":"https:\/\/hepatology.ca\/wp-content\/uploads\/2023\/05\/1.png","contentUrl":"https:\/\/hepatology.ca\/wp-content\/uploads\/2023\/05\/1.png"},{"@type":"BreadcrumbList","@id":"https:\/\/hepatology.ca\/members\/members-only\/#breadcrumb","itemListElement":[{"@type":"ListItem","position":1,"name":"Home","item":"https:\/\/hepatology.ca\/"},{"@type":"ListItem","position":2,"name":"Members","item":"https:\/\/hepatology.ca\/fr\/members\/"},{"@type":"ListItem","position":3,"name":"Members Only"}]},{"@type":"WebSite","@id":"https:\/\/hepatology.ca\/#website","url":"https:\/\/hepatology.ca\/","name":"LCAP","description":"Le foyer canadien des experts du foie","publisher":{"@id":"https:\/\/hepatology.ca\/#organization"},"potentialAction":[{"@type":"SearchAction","target":{"@type":"EntryPoint","urlTemplate":"https:\/\/hepatology.ca\/?s={search_term_string}"},"query-input":{"@type":"PropertyValueSpecification","valueRequired":true,"valueName":"search_term_string"}}],"inLanguage":"fr-CA"},{"@type":"Organization","@id":"https:\/\/hepatology.ca\/#organization","name":"Association canadienne pour l&#039;\u00e9tude du foie","url":"https:\/\/hepatology.ca\/","logo":{"@type":"ImageObject","inLanguage":"fr-CA","@id":"https:\/\/hepatology.ca\/#\/schema\/logo\/image\/","url":"https:\/\/hepatology.ca\/wp-content\/uploads\/2024\/06\/CASL-logo-transparent-background.png","contentUrl":"https:\/\/hepatology.ca\/wp-content\/uploads\/2024\/06\/CASL-logo-transparent-background.png","width":1040,"height":294,"caption":"Canadian Association for the Study of the Liver"},"image":{"@id":"https:\/\/hepatology.ca\/#\/schema\/logo\/image\/"}}]}},"_links":{"self":[{"href":"https:\/\/hepatology.ca\/fr\/wp-json\/wp\/v2\/pages\/127","targetHints":{"allow":["GET"]}}],"collection":[{"href":"https:\/\/hepatology.ca\/fr\/wp-json\/wp\/v2\/pages"}],"about":[{"href":"https:\/\/hepatology.ca\/fr\/wp-json\/wp\/v2\/types\/page"}],"author":[{"embeddable":true,"href":"https:\/\/hepatology.ca\/fr\/wp-json\/wp\/v2\/users\/3"}],"replies":[{"embeddable":true,"href":"https:\/\/hepatology.ca\/fr\/wp-json\/wp\/v2\/comments?post=127"}],"version-history":[{"count":9,"href":"https:\/\/hepatology.ca\/fr\/wp-json\/wp\/v2\/pages\/127\/revisions"}],"predecessor-version":[{"id":3260,"href":"https:\/\/hepatology.ca\/fr\/wp-json\/wp\/v2\/pages\/127\/revisions\/3260"}],"up":[{"embeddable":true,"href":"https:\/\/hepatology.ca\/fr\/wp-json\/wp\/v2\/pages\/34"}],"wp:attachment":[{"href":"https:\/\/hepatology.ca\/fr\/wp-json\/wp\/v2\/media?parent=127"}],"curies":[{"name":"wp","href":"https:\/\/api.w.org\/{rel}","templated":true}]}}