{"id":1258,"date":"2016-12-12T23:42:13","date_gmt":"2016-12-12T23:42:13","guid":{"rendered":"http:\/\/live.hepatology.ca\/?page_id=1258"},"modified":"2024-06-07T13:22:10","modified_gmt":"2024-06-07T13:22:10","slug":"policies","status":"publish","type":"page","link":"https:\/\/hepatology.ca\/fr\/about-casl\/policies\/","title":{"rendered":"Politiques"},"content":{"rendered":"<p>Veuillez cliquer sur les liens suivants pour consulter nos politiques :<\/p>\n<ul>\n<li><a href=\"https:\/\/hepatology.ca\/wp-content\/uploads\/2023\/12\/231129-CASL-Commercial-Support-Guidelines.pdf\" target=\"_blank\" rel=\"attachment noopener wp-att-2375 noreferrer\">Lignes directrices sur le soutien commercial<\/a><\/li>\n<li><a href=\"https:\/\/hepatology.ca\/fr\/about-casl\/policies\/190523-casl-conflict-of-interest-management-policy\/\" target=\"_blank\" rel=\"attachment noopener wp-att-2377 noreferrer\">Politique de gestion des conflits d&#039;int\u00e9r\u00eats<\/a><\/li>\n<li><a href=\"https:\/\/hepatology.ca\/wp-content\/uploads\/2021\/09\/CASL-Guidelines-Development-and-Endorsement-Policy.pdf\">Politique d&#039;\u00e9laboration et d&#039;approbation des lignes directrices<\/a><\/li>\n<li><a href=\"https:\/\/hepatology.ca\/fr\/about-casl\/policies\/190523-casl-copyright-policy\/\" target=\"_blank\" rel=\"attachment noopener wp-att-2378 noreferrer\">Politique de droits d&#039;auteur<\/a><\/li>\n<li><a href=\"https:\/\/hepatology.ca\/fr\/about-casl\/policies\/190523-casl-privacy-policy\/\" target=\"_blank\" rel=\"attachment noopener wp-att-2379 noreferrer\">politique de confidentialit\u00e9<\/a><\/li>\n<\/ul>\n\n\n<p><\/p>","protected":false},"excerpt":{"rendered":"<p>Please click the following links to view our policies: Commercial Support Guidelines Conflict of Interest Management Policy Guidelines Development and [&hellip;]<\/p>\n","protected":false},"author":3,"featured_media":0,"parent":29,"menu_order":7,"comment_status":"closed","ping_status":"closed","template":"","meta":{"_acf_changed":false,"site-sidebar-layout":"default","site-content-layout":"","ast-site-content-layout":"default","site-content-style":"default","site-sidebar-style":"default","ast-global-header-display":"","ast-banner-title-visibility":"","ast-main-header-display":"","ast-hfb-above-header-display":"","ast-hfb-below-header-display":"","ast-hfb-mobile-header-display":"","site-post-title":"","ast-breadcrumbs-content":"","ast-featured-img":"","footer-sml-layout":"","ast-disable-related-posts":"","theme-transparent-header-meta":"","adv-header-id-meta":"","stick-header-meta":"","header-above-stick-meta":"","header-main-stick-meta":"","header-below-stick-meta":"","astra-migrate-meta-layouts":"default","ast-page-background-enabled":"default","ast-page-background-meta":{"desktop":{"background-color":"var(--ast-global-color-4)","background-image":"","background-repeat":"repeat","background-position":"center center","background-size":"auto","background-attachment":"scroll","background-type":"","background-media":"","overlay-type":"","overlay-color":"","overlay-opacity":"","overlay-gradient":""},"tablet":{"background-color":"","background-image":"","background-repeat":"repeat","background-position":"center center","background-size":"auto","background-attachment":"scroll","background-type":"","background-media":"","overlay-type":"","overlay-color":"","overlay-opacity":"","overlay-gradient":""},"mobile":{"background-color":"","background-image":"","background-repeat":"repeat","background-position":"center center","background-size":"auto","background-attachment":"scroll","background-type":"","background-media":"","overlay-type":"","overlay-color":"","overlay-opacity":"","overlay-gradient":""}},"ast-content-background-meta":{"desktop":{"background-color":"var(--ast-global-color-5)","background-image":"","background-repeat":"repeat","background-position":"center center","background-size":"auto","background-attachment":"scroll","background-type":"","background-media":"","overlay-type":"","overlay-color":"","overlay-opacity":"","overlay-gradient":""},"tablet":{"background-color":"var(--ast-global-color-5)","background-image":"","background-repeat":"repeat","background-position":"center center","background-size":"auto","background-attachment":"scroll","background-type":"","background-media":"","overlay-type":"","overlay-color":"","overlay-opacity":"","overlay-gradient":""},"mobile":{"background-color":"var(--ast-global-color-5)","background-image":"","background-repeat":"repeat","background-position":"center center","background-size":"auto","background-attachment":"scroll","background-type":"","background-media":"","overlay-type":"","overlay-color":"","overlay-opacity":"","overlay-gradient":""}},"ngg_post_thumbnail":0,"footnotes":""},"class_list":["post-1258","page","type-page","status-publish","hentry"],"acf":[],"yoast_head":"<!-- This site is optimized with the Yoast SEO plugin v27.4 - https:\/\/yoast.com\/product\/yoast-seo-wordpress\/ -->\n<title>Policies - CASL - Canadian Association for the Study of the Liver<\/title>\n<meta name=\"description\" content=\"Please click on the following links to review our policies: Commercial Support Guidelines, Conflict of Interest Management, Policy Guidelines, Development and Endorsement Policy, Copyright Policy, and Privacy Policy.\" \/>\n<meta name=\"robots\" content=\"index, follow, max-snippet:-1, max-image-preview:large, max-video-preview:-1\" \/>\n<link rel=\"canonical\" href=\"https:\/\/hepatology.ca\/fr\/about-casl\/policies\/\" \/>\n<meta property=\"og:locale\" content=\"fr_CA\" \/>\n<meta property=\"og:type\" content=\"article\" \/>\n<meta property=\"og:title\" content=\"Policies - CASL - Canadian Association for the Study of the Liver\" \/>\n<meta property=\"og:description\" content=\"Please click on the following links to review our policies: Commercial Support Guidelines, Conflict of Interest Management, Policy Guidelines, Development and Endorsement Policy, Copyright Policy, and Privacy Policy.\" \/>\n<meta property=\"og:url\" content=\"https:\/\/hepatology.ca\/fr\/about-casl\/policies\/\" \/>\n<meta property=\"og:site_name\" content=\"CASL - Canadian Association for the Study of the Liver\" \/>\n<meta property=\"article:modified_time\" content=\"2024-06-07T13:22:10+00:00\" \/>\n<meta name=\"twitter:card\" content=\"summary_large_image\" \/>\n<meta name=\"twitter:label1\" content=\"Estimation du temps de lecture\" \/>\n\t<meta name=\"twitter:data1\" content=\"1 minute\" \/>\n<script type=\"application\/ld+json\" class=\"yoast-schema-graph\">{\"@context\":\"https:\\\/\\\/schema.org\",\"@graph\":[{\"@type\":\"WebPage\",\"@id\":\"https:\\\/\\\/hepatology.ca\\\/about-casl\\\/policies\\\/\",\"url\":\"https:\\\/\\\/hepatology.ca\\\/about-casl\\\/policies\\\/\",\"name\":\"Policies - CASL - Canadian Association for the Study of the Liver\",\"isPartOf\":{\"@id\":\"https:\\\/\\\/hepatology.ca\\\/#website\"},\"datePublished\":\"2016-12-12T23:42:13+00:00\",\"dateModified\":\"2024-06-07T13:22:10+00:00\",\"description\":\"Please click on the following links to review our policies: Commercial Support Guidelines, Conflict of Interest Management, Policy Guidelines, Development and Endorsement Policy, Copyright Policy, and Privacy Policy.\",\"breadcrumb\":{\"@id\":\"https:\\\/\\\/hepatology.ca\\\/about-casl\\\/policies\\\/#breadcrumb\"},\"inLanguage\":\"fr-CA\",\"potentialAction\":[{\"@type\":\"ReadAction\",\"target\":[\"https:\\\/\\\/hepatology.ca\\\/about-casl\\\/policies\\\/\"]}]},{\"@type\":\"BreadcrumbList\",\"@id\":\"https:\\\/\\\/hepatology.ca\\\/about-casl\\\/policies\\\/#breadcrumb\",\"itemListElement\":[{\"@type\":\"ListItem\",\"position\":1,\"name\":\"Home\",\"item\":\"https:\\\/\\\/hepatology.ca\\\/\"},{\"@type\":\"ListItem\",\"position\":2,\"name\":\"About CASL\",\"item\":\"https:\\\/\\\/hepatology.ca\\\/about-casl\\\/\"},{\"@type\":\"ListItem\",\"position\":3,\"name\":\"Policies\"}]},{\"@type\":\"WebSite\",\"@id\":\"https:\\\/\\\/hepatology.ca\\\/#website\",\"url\":\"https:\\\/\\\/hepatology.ca\\\/\",\"name\":\"CASL\",\"description\":\"Canada\u2019s home for liver experts\",\"publisher\":{\"@id\":\"https:\\\/\\\/hepatology.ca\\\/#organization\"},\"potentialAction\":[{\"@type\":\"SearchAction\",\"target\":{\"@type\":\"EntryPoint\",\"urlTemplate\":\"https:\\\/\\\/hepatology.ca\\\/?s={search_term_string}\"},\"query-input\":{\"@type\":\"PropertyValueSpecification\",\"valueRequired\":true,\"valueName\":\"search_term_string\"}}],\"inLanguage\":\"fr-CA\"},{\"@type\":\"Organization\",\"@id\":\"https:\\\/\\\/hepatology.ca\\\/#organization\",\"name\":\"Canadian Association for the Study of the Liver\",\"url\":\"https:\\\/\\\/hepatology.ca\\\/\",\"logo\":{\"@type\":\"ImageObject\",\"inLanguage\":\"fr-CA\",\"@id\":\"https:\\\/\\\/hepatology.ca\\\/#\\\/schema\\\/logo\\\/image\\\/\",\"url\":\"https:\\\/\\\/hepatology.ca\\\/wp-content\\\/uploads\\\/2024\\\/06\\\/CASL-logo-transparent-background.png\",\"contentUrl\":\"https:\\\/\\\/hepatology.ca\\\/wp-content\\\/uploads\\\/2024\\\/06\\\/CASL-logo-transparent-background.png\",\"width\":1040,\"height\":294,\"caption\":\"Canadian Association for the Study of the Liver\"},\"image\":{\"@id\":\"https:\\\/\\\/hepatology.ca\\\/#\\\/schema\\\/logo\\\/image\\\/\"}}]}<\/script>\n<!-- \/ Yoast SEO plugin. -->","yoast_head_json":{"title":"Politiques - ACE - Association canadienne pour l&#039;\u00e9tude du foie","description":"Veuillez cliquer sur les liens suivants pour consulter nos politiques : Lignes directrices sur le soutien commercial, Gestion des conflits d&#039;int\u00e9r\u00eats, Lignes directrices sur les politiques, Politique de d\u00e9veloppement et d&#039;approbation, Politique sur les droits d&#039;auteur et Politique de confidentialit\u00e9.","robots":{"index":"index","follow":"follow","max-snippet":"max-snippet:-1","max-image-preview":"max-image-preview:large","max-video-preview":"max-video-preview:-1"},"canonical":"https:\/\/hepatology.ca\/fr\/about-casl\/policies\/","og_locale":"fr_CA","og_type":"article","og_title":"Policies - CASL - Canadian Association for the Study of the Liver","og_description":"Please click on the following links to review our policies: Commercial Support Guidelines, Conflict of Interest Management, Policy Guidelines, Development and Endorsement Policy, Copyright Policy, and Privacy Policy.","og_url":"https:\/\/hepatology.ca\/fr\/about-casl\/policies\/","og_site_name":"CASL - Canadian Association for the Study of the Liver","article_modified_time":"2024-06-07T13:22:10+00:00","twitter_card":"summary_large_image","twitter_misc":{"Estimation du temps de lecture":"1 minute"},"schema":{"@context":"https:\/\/schema.org","@graph":[{"@type":"WebPage","@id":"https:\/\/hepatology.ca\/about-casl\/policies\/","url":"https:\/\/hepatology.ca\/about-casl\/policies\/","name":"Politiques - ACE - Association canadienne pour l&#039;\u00e9tude du foie","isPartOf":{"@id":"https:\/\/hepatology.ca\/#website"},"datePublished":"2016-12-12T23:42:13+00:00","dateModified":"2024-06-07T13:22:10+00:00","description":"Veuillez cliquer sur les liens suivants pour consulter nos politiques : Lignes directrices sur le soutien commercial, Gestion des conflits d&#039;int\u00e9r\u00eats, Lignes directrices sur les politiques, Politique de d\u00e9veloppement et d&#039;approbation, Politique sur les droits d&#039;auteur et Politique de confidentialit\u00e9.","breadcrumb":{"@id":"https:\/\/hepatology.ca\/about-casl\/policies\/#breadcrumb"},"inLanguage":"fr-CA","potentialAction":[{"@type":"ReadAction","target":["https:\/\/hepatology.ca\/about-casl\/policies\/"]}]},{"@type":"BreadcrumbList","@id":"https:\/\/hepatology.ca\/about-casl\/policies\/#breadcrumb","itemListElement":[{"@type":"ListItem","position":1,"name":"Home","item":"https:\/\/hepatology.ca\/"},{"@type":"ListItem","position":2,"name":"About CASL","item":"https:\/\/hepatology.ca\/about-casl\/"},{"@type":"ListItem","position":3,"name":"Policies"}]},{"@type":"WebSite","@id":"https:\/\/hepatology.ca\/#website","url":"https:\/\/hepatology.ca\/","name":"LCAP","description":"Le foyer canadien des experts du foie","publisher":{"@id":"https:\/\/hepatology.ca\/#organization"},"potentialAction":[{"@type":"SearchAction","target":{"@type":"EntryPoint","urlTemplate":"https:\/\/hepatology.ca\/?s={search_term_string}"},"query-input":{"@type":"PropertyValueSpecification","valueRequired":true,"valueName":"search_term_string"}}],"inLanguage":"fr-CA"},{"@type":"Organization","@id":"https:\/\/hepatology.ca\/#organization","name":"Association canadienne pour l&#039;\u00e9tude du foie","url":"https:\/\/hepatology.ca\/","logo":{"@type":"ImageObject","inLanguage":"fr-CA","@id":"https:\/\/hepatology.ca\/#\/schema\/logo\/image\/","url":"https:\/\/hepatology.ca\/wp-content\/uploads\/2024\/06\/CASL-logo-transparent-background.png","contentUrl":"https:\/\/hepatology.ca\/wp-content\/uploads\/2024\/06\/CASL-logo-transparent-background.png","width":1040,"height":294,"caption":"Canadian Association for the Study of the Liver"},"image":{"@id":"https:\/\/hepatology.ca\/#\/schema\/logo\/image\/"}}]}},"_links":{"self":[{"href":"https:\/\/hepatology.ca\/fr\/wp-json\/wp\/v2\/pages\/1258","targetHints":{"allow":["GET"]}}],"collection":[{"href":"https:\/\/hepatology.ca\/fr\/wp-json\/wp\/v2\/pages"}],"about":[{"href":"https:\/\/hepatology.ca\/fr\/wp-json\/wp\/v2\/types\/page"}],"author":[{"embeddable":true,"href":"https:\/\/hepatology.ca\/fr\/wp-json\/wp\/v2\/users\/3"}],"replies":[{"embeddable":true,"href":"https:\/\/hepatology.ca\/fr\/wp-json\/wp\/v2\/comments?post=1258"}],"version-history":[{"count":6,"href":"https:\/\/hepatology.ca\/fr\/wp-json\/wp\/v2\/pages\/1258\/revisions"}],"predecessor-version":[{"id":3398,"href":"https:\/\/hepatology.ca\/fr\/wp-json\/wp\/v2\/pages\/1258\/revisions\/3398"}],"up":[{"embeddable":true,"href":"https:\/\/hepatology.ca\/fr\/wp-json\/wp\/v2\/pages\/29"}],"wp:attachment":[{"href":"https:\/\/hepatology.ca\/fr\/wp-json\/wp\/v2\/media?parent=1258"}],"curies":[{"name":"wp","href":"https:\/\/api.w.org\/{rel}","templated":true}]}}