{"id":117,"date":"2012-07-05T23:56:33","date_gmt":"2012-07-05T23:56:33","guid":{"rendered":"http:\/\/casl.resonatedesign.ca\/?page_id=117"},"modified":"2025-01-22T02:20:43","modified_gmt":"2025-01-22T02:20:43","slug":"membership-and-benefits","status":"publish","type":"page","link":"https:\/\/hepatology.ca\/fr\/members\/membership-and-benefits\/","title":{"rendered":"Adh\u00e9sion et avantages"},"content":{"rendered":"<p>CASL est une organisation \u00e0 but non lucratif qui accueille de nouveaux membres parmi les professionnels de la sant\u00e9 et les scientifiques int\u00e9ress\u00e9s par les maladies du foie.<\/p>\n<p>Les membres de l\u2019AC\u00c9F sont un groupe multidisciplinaire compos\u00e9 d\u2019h\u00e9patologues, de gastroent\u00e9rologues, de scientifiques fondamentaux, de chirurgiens h\u00e9patobiliaires et de transplantation, de p\u00e9diatres, de radiologues, de pathologistes, de stagiaires et d\u2019autres professionnels de la sant\u00e9 canadiens s\u2019int\u00e9ressant aux maladies du foie.<\/p>\n<div class=\"signup-table\">\n<p><strong>Veuillez cliquer sur l\u2019un des types d\u2019adh\u00e9sion ci-dessous pour vous inscrire\u00a0!<br \/><\/strong>Si vous souhaitez voir les avantages d&#039;adh\u00e9sion associ\u00e9s \u00e0 chaque type d&#039;adh\u00e9sion, cliquez sur <a href=\"https:\/\/hepatology.ca\/wp-content\/uploads\/2019\/03\/190318_Membership-Categories-Chart.pdf\" target=\"_blank\" rel=\"noopener noreferrer\">ici<\/a>.<\/p>\n<p>REMARQUE : Les membres du CAHN doivent adh\u00e9rer en utilisant le lien d&#039;adh\u00e9sion r\u00e9guli\u00e8re ci-dessous pour b\u00e9n\u00e9ficier du tarif r\u00e9duit ($200) pour l&#039;adh\u00e9sion conjointe CASL-CAHN.<\/p>\n<\/div>\n\n\n<div>\n<a style=\"margin-bottom: 4px;\" class=\"button-1\" href=\"https:\/\/hepatology.ca\/fr\/new-member-sign-up\/\">R\u00e9gulier | $300<\/a> <br>\n<a style=\"margin-bottom: 4px;\" class=\"button-1\" href=\"https:\/\/hepatology.ca\/fr\/new-member-sign-up\/\">International | $300<\/a> <br>\n<a style=\"margin-bottom: 4px;\" class=\"button-1\" href=\"https:\/\/hepatology.ca\/fr\/?page_id=1788\">Associ\u00e9 | $200<\/a> <br>\n<a style=\"margin-bottom: 4px;\" class=\"button-1\" href=\"https:\/\/hepatology.ca\/fr\/student-sign-up\/\">\u00c9tudiant\/Stagiaire | $0<\/a> <br>\n<a style=\"margin-bottom: 4px;\" class=\"button-1\" href=\"mailto:casl@hepatology.ca\">Partenaire communautaire | Contactez-nous<\/a> <br>\n<div><\/div><\/div>\n\n\n\n<div style=\"height:38px\" aria-hidden=\"true\" class=\"wp-block-spacer\"><\/div>\n\n\n\n<p><strong>Membres actuels et changements d&#039;adresse :<\/strong><\/p>\n\n\n\n<p>Vous devriez avoir re\u00e7u un avis de renouvellement personnalis\u00e9 dans votre courrier \u00e9lectronique.&nbsp;<a href=\"https:\/\/hepatology.ca\/fr\/member-profile-update\/\">Cliquez ici pour mettre \u00e0 jour votre \u00ab Profil de membre \u00bb.<\/a><\/p>\n\n\n\n<p><strong>Les renouvellements d\u2019adh\u00e9sion sont maintenant ouverts, veuillez noter qu\u2019\u00e0 compter du 1er septembre 2017, la CASL percevra des taxes provinciales sur vos frais d\u2019adh\u00e9sion.<\/strong><\/p>\n\n\n\n<p>Si vous avez des questions, veuillez nous envoyer un e-mail \u00e0&nbsp;<a href=\"mailto:casl@hepatology.ca\">casl@hepatology.ca<\/a><\/p>\n\n\n\n<p><\/p>","protected":false},"excerpt":{"rendered":"<p>CASL is a non-profit organization that welcomes new memberships from healthcare professionals and scientists with an interest in liver diseases. [&hellip;]<\/p>\n","protected":false},"author":3,"featured_media":0,"parent":34,"menu_order":0,"comment_status":"closed","ping_status":"closed","template":"","meta":{"_acf_changed":false,"site-sidebar-layout":"default","site-content-layout":"","ast-site-content-layout":"default","site-content-style":"default","site-sidebar-style":"default","ast-global-header-display":"","ast-banner-title-visibility":"","ast-main-header-display":"","ast-hfb-above-header-display":"","ast-hfb-below-header-display":"","ast-hfb-mobile-header-display":"","site-post-title":"","ast-breadcrumbs-content":"","ast-featured-img":"","footer-sml-layout":"","ast-disable-related-posts":"","theme-transparent-header-meta":"","adv-header-id-meta":"","stick-header-meta":"","header-above-stick-meta":"","header-main-stick-meta":"","header-below-stick-meta":"","astra-migrate-meta-layouts":"default","ast-page-background-enabled":"default","ast-page-background-meta":{"desktop":{"background-color":"var(--ast-global-color-4)","background-image":"","background-repeat":"repeat","background-position":"center center","background-size":"auto","background-attachment":"scroll","background-type":"","background-media":"","overlay-type":"","overlay-color":"","overlay-opacity":"","overlay-gradient":""},"tablet":{"background-color":"","background-image":"","background-repeat":"repeat","background-position":"center center","background-size":"auto","background-attachment":"scroll","background-type":"","background-media":"","overlay-type":"","overlay-color":"","overlay-opacity":"","overlay-gradient":""},"mobile":{"background-color":"","background-image":"","background-repeat":"repeat","background-position":"center center","background-size":"auto","background-attachment":"scroll","background-type":"","background-media":"","overlay-type":"","overlay-color":"","overlay-opacity":"","overlay-gradient":""}},"ast-content-background-meta":{"desktop":{"background-color":"var(--ast-global-color-5)","background-image":"","background-repeat":"repeat","background-position":"center center","background-size":"auto","background-attachment":"scroll","background-type":"","background-media":"","overlay-type":"","overlay-color":"","overlay-opacity":"","overlay-gradient":""},"tablet":{"background-color":"var(--ast-global-color-5)","background-image":"","background-repeat":"repeat","background-position":"center center","background-size":"auto","background-attachment":"scroll","background-type":"","background-media":"","overlay-type":"","overlay-color":"","overlay-opacity":"","overlay-gradient":""},"mobile":{"background-color":"var(--ast-global-color-5)","background-image":"","background-repeat":"repeat","background-position":"center center","background-size":"auto","background-attachment":"scroll","background-type":"","background-media":"","overlay-type":"","overlay-color":"","overlay-opacity":"","overlay-gradient":""}},"ngg_post_thumbnail":0,"footnotes":""},"class_list":["post-117","page","type-page","status-publish","hentry"],"acf":[],"yoast_head":"<!-- This site is optimized with the Yoast SEO plugin v27.4 - https:\/\/yoast.com\/product\/yoast-seo-wordpress\/ -->\n<title>Membership and Benefits - CASL - Canadian Association for the Study of the Liver<\/title>\n<meta name=\"description\" content=\"CASL members are a multidisciplinary group consisting of Canadian hepatologists, gastroenterologists, basic scientists, hepatobiliary and transplant surgeons, pediatricians, radiologist, pathologists, trainees and other health care professionals with an interest in liver disease.\" \/>\n<meta name=\"robots\" content=\"index, follow, max-snippet:-1, max-image-preview:large, max-video-preview:-1\" \/>\n<link rel=\"canonical\" href=\"https:\/\/hepatology.ca\/fr\/members\/membership-and-benefits\/\" \/>\n<meta property=\"og:locale\" content=\"fr_CA\" \/>\n<meta property=\"og:type\" content=\"article\" \/>\n<meta property=\"og:title\" content=\"Membership and Benefits - CASL - Canadian Association for the Study of the Liver\" \/>\n<meta property=\"og:description\" content=\"CASL members are a multidisciplinary group consisting of Canadian hepatologists, gastroenterologists, basic scientists, hepatobiliary and transplant surgeons, pediatricians, radiologist, pathologists, trainees and other health care professionals with an interest in liver disease.\" \/>\n<meta property=\"og:url\" content=\"https:\/\/hepatology.ca\/fr\/members\/membership-and-benefits\/\" \/>\n<meta property=\"og:site_name\" content=\"CASL - Canadian Association for the Study of the Liver\" \/>\n<meta property=\"article:modified_time\" content=\"2025-01-22T02:20:43+00:00\" \/>\n<meta name=\"twitter:card\" content=\"summary_large_image\" \/>\n<meta name=\"twitter:label1\" content=\"Estimation du temps de lecture\" \/>\n\t<meta name=\"twitter:data1\" content=\"1 minute\" \/>\n<script type=\"application\/ld+json\" class=\"yoast-schema-graph\">{\"@context\":\"https:\\\/\\\/schema.org\",\"@graph\":[{\"@type\":\"WebPage\",\"@id\":\"https:\\\/\\\/hepatology.ca\\\/members\\\/membership-and-benefits\\\/\",\"url\":\"https:\\\/\\\/hepatology.ca\\\/members\\\/membership-and-benefits\\\/\",\"name\":\"Membership and Benefits - CASL - Canadian Association for the Study of the Liver\",\"isPartOf\":{\"@id\":\"https:\\\/\\\/hepatology.ca\\\/#website\"},\"datePublished\":\"2012-07-05T23:56:33+00:00\",\"dateModified\":\"2025-01-22T02:20:43+00:00\",\"description\":\"CASL members are a multidisciplinary group consisting of Canadian hepatologists, gastroenterologists, basic scientists, hepatobiliary and transplant surgeons, pediatricians, radiologist, pathologists, trainees and other health care professionals with an interest in liver disease.\",\"breadcrumb\":{\"@id\":\"https:\\\/\\\/hepatology.ca\\\/members\\\/membership-and-benefits\\\/#breadcrumb\"},\"inLanguage\":\"fr-CA\",\"potentialAction\":[{\"@type\":\"ReadAction\",\"target\":[\"https:\\\/\\\/hepatology.ca\\\/members\\\/membership-and-benefits\\\/\"]}]},{\"@type\":\"BreadcrumbList\",\"@id\":\"https:\\\/\\\/hepatology.ca\\\/members\\\/membership-and-benefits\\\/#breadcrumb\",\"itemListElement\":[{\"@type\":\"ListItem\",\"position\":1,\"name\":\"Home\",\"item\":\"https:\\\/\\\/hepatology.ca\\\/\"},{\"@type\":\"ListItem\",\"position\":2,\"name\":\"Members\",\"item\":\"https:\\\/\\\/hepatology.ca\\\/fr\\\/members\\\/\"},{\"@type\":\"ListItem\",\"position\":3,\"name\":\"Membership and Benefits\"}]},{\"@type\":\"WebSite\",\"@id\":\"https:\\\/\\\/hepatology.ca\\\/#website\",\"url\":\"https:\\\/\\\/hepatology.ca\\\/\",\"name\":\"CASL\",\"description\":\"Canada\u2019s home for liver experts\",\"publisher\":{\"@id\":\"https:\\\/\\\/hepatology.ca\\\/#organization\"},\"potentialAction\":[{\"@type\":\"SearchAction\",\"target\":{\"@type\":\"EntryPoint\",\"urlTemplate\":\"https:\\\/\\\/hepatology.ca\\\/?s={search_term_string}\"},\"query-input\":{\"@type\":\"PropertyValueSpecification\",\"valueRequired\":true,\"valueName\":\"search_term_string\"}}],\"inLanguage\":\"fr-CA\"},{\"@type\":\"Organization\",\"@id\":\"https:\\\/\\\/hepatology.ca\\\/#organization\",\"name\":\"Canadian Association for the Study of the Liver\",\"url\":\"https:\\\/\\\/hepatology.ca\\\/\",\"logo\":{\"@type\":\"ImageObject\",\"inLanguage\":\"fr-CA\",\"@id\":\"https:\\\/\\\/hepatology.ca\\\/#\\\/schema\\\/logo\\\/image\\\/\",\"url\":\"https:\\\/\\\/hepatology.ca\\\/wp-content\\\/uploads\\\/2024\\\/06\\\/CASL-logo-transparent-background.png\",\"contentUrl\":\"https:\\\/\\\/hepatology.ca\\\/wp-content\\\/uploads\\\/2024\\\/06\\\/CASL-logo-transparent-background.png\",\"width\":1040,\"height\":294,\"caption\":\"Canadian Association for the Study of the Liver\"},\"image\":{\"@id\":\"https:\\\/\\\/hepatology.ca\\\/#\\\/schema\\\/logo\\\/image\\\/\"}}]}<\/script>\n<!-- \/ Yoast SEO plugin. -->","yoast_head_json":{"title":"Adh\u00e9sion et avantages - CASL - Association canadienne pour l&#039;\u00e9tude du foie","description":"Les membres de l\u2019AC\u00c9F sont un groupe multidisciplinaire compos\u00e9 d\u2019h\u00e9patologues, de gastroent\u00e9rologues, de scientifiques fondamentaux, de chirurgiens h\u00e9patobiliaires et de transplantation, de p\u00e9diatres, de radiologues, de pathologistes, de stagiaires et d\u2019autres professionnels de la sant\u00e9 canadiens s\u2019int\u00e9ressant aux maladies du foie.","robots":{"index":"index","follow":"follow","max-snippet":"max-snippet:-1","max-image-preview":"max-image-preview:large","max-video-preview":"max-video-preview:-1"},"canonical":"https:\/\/hepatology.ca\/fr\/members\/membership-and-benefits\/","og_locale":"fr_CA","og_type":"article","og_title":"Membership and Benefits - CASL - Canadian Association for the Study of the Liver","og_description":"CASL members are a multidisciplinary group consisting of Canadian hepatologists, gastroenterologists, basic scientists, hepatobiliary and transplant surgeons, pediatricians, radiologist, pathologists, trainees and other health care professionals with an interest in liver disease.","og_url":"https:\/\/hepatology.ca\/fr\/members\/membership-and-benefits\/","og_site_name":"CASL - Canadian Association for the Study of the Liver","article_modified_time":"2025-01-22T02:20:43+00:00","twitter_card":"summary_large_image","twitter_misc":{"Estimation du temps de lecture":"1 minute"},"schema":{"@context":"https:\/\/schema.org","@graph":[{"@type":"WebPage","@id":"https:\/\/hepatology.ca\/members\/membership-and-benefits\/","url":"https:\/\/hepatology.ca\/members\/membership-and-benefits\/","name":"Adh\u00e9sion et avantages - CASL - Association canadienne pour l&#039;\u00e9tude du foie","isPartOf":{"@id":"https:\/\/hepatology.ca\/#website"},"datePublished":"2012-07-05T23:56:33+00:00","dateModified":"2025-01-22T02:20:43+00:00","description":"Les membres de l\u2019AC\u00c9F sont un groupe multidisciplinaire compos\u00e9 d\u2019h\u00e9patologues, de gastroent\u00e9rologues, de scientifiques fondamentaux, de chirurgiens h\u00e9patobiliaires et de transplantation, de p\u00e9diatres, de radiologues, de pathologistes, de stagiaires et d\u2019autres professionnels de la sant\u00e9 canadiens s\u2019int\u00e9ressant aux maladies du foie.","breadcrumb":{"@id":"https:\/\/hepatology.ca\/members\/membership-and-benefits\/#breadcrumb"},"inLanguage":"fr-CA","potentialAction":[{"@type":"ReadAction","target":["https:\/\/hepatology.ca\/members\/membership-and-benefits\/"]}]},{"@type":"BreadcrumbList","@id":"https:\/\/hepatology.ca\/members\/membership-and-benefits\/#breadcrumb","itemListElement":[{"@type":"ListItem","position":1,"name":"Home","item":"https:\/\/hepatology.ca\/"},{"@type":"ListItem","position":2,"name":"Members","item":"https:\/\/hepatology.ca\/fr\/members\/"},{"@type":"ListItem","position":3,"name":"Membership and Benefits"}]},{"@type":"WebSite","@id":"https:\/\/hepatology.ca\/#website","url":"https:\/\/hepatology.ca\/","name":"LCAP","description":"Le foyer canadien des experts du foie","publisher":{"@id":"https:\/\/hepatology.ca\/#organization"},"potentialAction":[{"@type":"SearchAction","target":{"@type":"EntryPoint","urlTemplate":"https:\/\/hepatology.ca\/?s={search_term_string}"},"query-input":{"@type":"PropertyValueSpecification","valueRequired":true,"valueName":"search_term_string"}}],"inLanguage":"fr-CA"},{"@type":"Organization","@id":"https:\/\/hepatology.ca\/#organization","name":"Association canadienne pour l&#039;\u00e9tude du foie","url":"https:\/\/hepatology.ca\/","logo":{"@type":"ImageObject","inLanguage":"fr-CA","@id":"https:\/\/hepatology.ca\/#\/schema\/logo\/image\/","url":"https:\/\/hepatology.ca\/wp-content\/uploads\/2024\/06\/CASL-logo-transparent-background.png","contentUrl":"https:\/\/hepatology.ca\/wp-content\/uploads\/2024\/06\/CASL-logo-transparent-background.png","width":1040,"height":294,"caption":"Canadian Association for the Study of the Liver"},"image":{"@id":"https:\/\/hepatology.ca\/#\/schema\/logo\/image\/"}}]}},"_links":{"self":[{"href":"https:\/\/hepatology.ca\/fr\/wp-json\/wp\/v2\/pages\/117","targetHints":{"allow":["GET"]}}],"collection":[{"href":"https:\/\/hepatology.ca\/fr\/wp-json\/wp\/v2\/pages"}],"about":[{"href":"https:\/\/hepatology.ca\/fr\/wp-json\/wp\/v2\/types\/page"}],"author":[{"embeddable":true,"href":"https:\/\/hepatology.ca\/fr\/wp-json\/wp\/v2\/users\/3"}],"replies":[{"embeddable":true,"href":"https:\/\/hepatology.ca\/fr\/wp-json\/wp\/v2\/comments?post=117"}],"version-history":[{"count":17,"href":"https:\/\/hepatology.ca\/fr\/wp-json\/wp\/v2\/pages\/117\/revisions"}],"predecessor-version":[{"id":4645,"href":"https:\/\/hepatology.ca\/fr\/wp-json\/wp\/v2\/pages\/117\/revisions\/4645"}],"up":[{"embeddable":true,"href":"https:\/\/hepatology.ca\/fr\/wp-json\/wp\/v2\/pages\/34"}],"wp:attachment":[{"href":"https:\/\/hepatology.ca\/fr\/wp-json\/wp\/v2\/media?parent=117"}],"curies":[{"name":"wp","href":"https:\/\/api.w.org\/{rel}","templated":true}]}}