{"id":114,"date":"2012-07-05T23:53:26","date_gmt":"2012-07-05T23:53:26","guid":{"rendered":"http:\/\/casl.resonatedesign.ca\/?page_id=114"},"modified":"2024-06-07T13:22:11","modified_gmt":"2024-06-07T13:22:11","slug":"donations-advocacy","status":"publish","type":"page","link":"https:\/\/hepatology.ca\/fr\/partners\/patient-information\/donations-advocacy\/","title":{"rendered":"Dons"},"content":{"rendered":"<p>L\u2019Association canadienne pour l\u2019\u00e9tude du foie travaille en \u00e9troite collaboration avec la Fondation canadienne du foie pour soutenir les efforts de collecte de fonds partout au Canada.<\/p>\n<p>Pour plus d&#039;informations sur la Fondation canadienne du foie, les dons et la fa\u00e7on dont vous pouvez vous impliquer, veuillez visiter leur site Web \u00e0 l&#039;adresse suivante :<\/p>\n<h2><span style=\"text-decoration: underline;\"><span style=\"color: #993300;\"><a href=\"http:\/\/www.liver.ca\" target=\"_blank\" rel=\"noopener noreferrer\"><span style=\"color: #993300;\"><strong>www.foie.ca<\/strong><\/span><\/a><\/span><\/span><\/h2>","protected":false},"excerpt":{"rendered":"<p>The Canadian Association for the Study of the Liver works closely with the Canadian Liver Foundation to support fundraising efforts [&hellip;]<\/p>\n","protected":false},"author":3,"featured_media":0,"parent":32,"menu_order":23,"comment_status":"closed","ping_status":"closed","template":"","meta":{"_acf_changed":false,"site-sidebar-layout":"default","site-content-layout":"","ast-site-content-layout":"default","site-content-style":"default","site-sidebar-style":"default","ast-global-header-display":"","ast-banner-title-visibility":"","ast-main-header-display":"","ast-hfb-above-header-display":"","ast-hfb-below-header-display":"","ast-hfb-mobile-header-display":"","site-post-title":"","ast-breadcrumbs-content":"","ast-featured-img":"","footer-sml-layout":"","ast-disable-related-posts":"","theme-transparent-header-meta":"","adv-header-id-meta":"","stick-header-meta":"","header-above-stick-meta":"","header-main-stick-meta":"","header-below-stick-meta":"","astra-migrate-meta-layouts":"default","ast-page-background-enabled":"default","ast-page-background-meta":{"desktop":{"background-color":"var(--ast-global-color-4)","background-image":"","background-repeat":"repeat","background-position":"center center","background-size":"auto","background-attachment":"scroll","background-type":"","background-media":"","overlay-type":"","overlay-color":"","overlay-opacity":"","overlay-gradient":""},"tablet":{"background-color":"","background-image":"","background-repeat":"repeat","background-position":"center center","background-size":"auto","background-attachment":"scroll","background-type":"","background-media":"","overlay-type":"","overlay-color":"","overlay-opacity":"","overlay-gradient":""},"mobile":{"background-color":"","background-image":"","background-repeat":"repeat","background-position":"center center","background-size":"auto","background-attachment":"scroll","background-type":"","background-media":"","overlay-type":"","overlay-color":"","overlay-opacity":"","overlay-gradient":""}},"ast-content-background-meta":{"desktop":{"background-color":"var(--ast-global-color-5)","background-image":"","background-repeat":"repeat","background-position":"center center","background-size":"auto","background-attachment":"scroll","background-type":"","background-media":"","overlay-type":"","overlay-color":"","overlay-opacity":"","overlay-gradient":""},"tablet":{"background-color":"var(--ast-global-color-5)","background-image":"","background-repeat":"repeat","background-position":"center center","background-size":"auto","background-attachment":"scroll","background-type":"","background-media":"","overlay-type":"","overlay-color":"","overlay-opacity":"","overlay-gradient":""},"mobile":{"background-color":"var(--ast-global-color-5)","background-image":"","background-repeat":"repeat","background-position":"center center","background-size":"auto","background-attachment":"scroll","background-type":"","background-media":"","overlay-type":"","overlay-color":"","overlay-opacity":"","overlay-gradient":""}},"ngg_post_thumbnail":0,"footnotes":""},"class_list":["post-114","page","type-page","status-publish","hentry"],"acf":[],"yoast_head":"<!-- This site is optimized with the Yoast SEO plugin v27.4 - https:\/\/yoast.com\/product\/yoast-seo-wordpress\/ -->\n<title>Donations - CASL - Canadian Association for the Study of the Liver<\/title>\n<meta name=\"description\" content=\"The Canadian Association for the Study of the Liver works closely with the Canadian Liver Foundation to support advocacy programs across Canada and internationally.\" \/>\n<meta name=\"robots\" content=\"index, follow, max-snippet:-1, max-image-preview:large, max-video-preview:-1\" \/>\n<link rel=\"canonical\" href=\"https:\/\/hepatology.ca\/fr\/partners\/patient-information\/donations-advocacy\/\" \/>\n<meta property=\"og:locale\" content=\"fr_CA\" \/>\n<meta property=\"og:type\" content=\"article\" \/>\n<meta property=\"og:title\" content=\"Donations - CASL - Canadian Association for the Study of the Liver\" \/>\n<meta property=\"og:description\" content=\"The Canadian Association for the Study of the Liver works closely with the Canadian Liver Foundation to support advocacy programs across Canada and internationally.\" \/>\n<meta property=\"og:url\" content=\"https:\/\/hepatology.ca\/fr\/partners\/patient-information\/donations-advocacy\/\" \/>\n<meta property=\"og:site_name\" content=\"CASL - Canadian Association for the Study of the Liver\" \/>\n<meta property=\"article:modified_time\" content=\"2024-06-07T13:22:11+00:00\" \/>\n<meta name=\"twitter:card\" content=\"summary_large_image\" \/>\n<meta name=\"twitter:label1\" content=\"Estimation du temps de lecture\" \/>\n\t<meta name=\"twitter:data1\" content=\"1 minute\" \/>\n<script type=\"application\/ld+json\" class=\"yoast-schema-graph\">{\"@context\":\"https:\\\/\\\/schema.org\",\"@graph\":[{\"@type\":\"WebPage\",\"@id\":\"https:\\\/\\\/hepatology.ca\\\/partners\\\/patient-information\\\/donations-advocacy\\\/\",\"url\":\"https:\\\/\\\/hepatology.ca\\\/partners\\\/patient-information\\\/donations-advocacy\\\/\",\"name\":\"Donations - CASL - Canadian Association for the Study of the Liver\",\"isPartOf\":{\"@id\":\"https:\\\/\\\/hepatology.ca\\\/#website\"},\"datePublished\":\"2012-07-05T23:53:26+00:00\",\"dateModified\":\"2024-06-07T13:22:11+00:00\",\"description\":\"The Canadian Association for the Study of the Liver works closely with the Canadian Liver Foundation to support advocacy programs across Canada and internationally.\",\"breadcrumb\":{\"@id\":\"https:\\\/\\\/hepatology.ca\\\/partners\\\/patient-information\\\/donations-advocacy\\\/#breadcrumb\"},\"inLanguage\":\"fr-CA\",\"potentialAction\":[{\"@type\":\"ReadAction\",\"target\":[\"https:\\\/\\\/hepatology.ca\\\/partners\\\/patient-information\\\/donations-advocacy\\\/\"]}]},{\"@type\":\"BreadcrumbList\",\"@id\":\"https:\\\/\\\/hepatology.ca\\\/partners\\\/patient-information\\\/donations-advocacy\\\/#breadcrumb\",\"itemListElement\":[{\"@type\":\"ListItem\",\"position\":1,\"name\":\"Home\",\"item\":\"https:\\\/\\\/hepatology.ca\\\/\"},{\"@type\":\"ListItem\",\"position\":2,\"name\":\"Links\",\"item\":\"https:\\\/\\\/hepatology.ca\\\/fr\\\/partners\\\/\"},{\"@type\":\"ListItem\",\"position\":3,\"name\":\"Patient Information\",\"item\":\"https:\\\/\\\/hepatology.ca\\\/partners\\\/patient-information\\\/\"},{\"@type\":\"ListItem\",\"position\":4,\"name\":\"Donations\"}]},{\"@type\":\"WebSite\",\"@id\":\"https:\\\/\\\/hepatology.ca\\\/#website\",\"url\":\"https:\\\/\\\/hepatology.ca\\\/\",\"name\":\"CASL\",\"description\":\"Canada\u2019s home for liver experts\",\"publisher\":{\"@id\":\"https:\\\/\\\/hepatology.ca\\\/#organization\"},\"potentialAction\":[{\"@type\":\"SearchAction\",\"target\":{\"@type\":\"EntryPoint\",\"urlTemplate\":\"https:\\\/\\\/hepatology.ca\\\/?s={search_term_string}\"},\"query-input\":{\"@type\":\"PropertyValueSpecification\",\"valueRequired\":true,\"valueName\":\"search_term_string\"}}],\"inLanguage\":\"fr-CA\"},{\"@type\":\"Organization\",\"@id\":\"https:\\\/\\\/hepatology.ca\\\/#organization\",\"name\":\"Canadian Association for the Study of the Liver\",\"url\":\"https:\\\/\\\/hepatology.ca\\\/\",\"logo\":{\"@type\":\"ImageObject\",\"inLanguage\":\"fr-CA\",\"@id\":\"https:\\\/\\\/hepatology.ca\\\/#\\\/schema\\\/logo\\\/image\\\/\",\"url\":\"https:\\\/\\\/hepatology.ca\\\/wp-content\\\/uploads\\\/2024\\\/06\\\/CASL-logo-transparent-background.png\",\"contentUrl\":\"https:\\\/\\\/hepatology.ca\\\/wp-content\\\/uploads\\\/2024\\\/06\\\/CASL-logo-transparent-background.png\",\"width\":1040,\"height\":294,\"caption\":\"Canadian Association for the Study of the Liver\"},\"image\":{\"@id\":\"https:\\\/\\\/hepatology.ca\\\/#\\\/schema\\\/logo\\\/image\\\/\"}}]}<\/script>\n<!-- \/ Yoast SEO plugin. -->","yoast_head_json":{"title":"Dons - CASL - Association canadienne pour l&#039;\u00e9tude du foie","description":"L\u2019Association canadienne pour l\u2019\u00e9tude du foie travaille en \u00e9troite collaboration avec la Fondation canadienne du foie pour soutenir les programmes de d\u00e9fense des droits partout au Canada et \u00e0 l\u2019\u00e9tranger.","robots":{"index":"index","follow":"follow","max-snippet":"max-snippet:-1","max-image-preview":"max-image-preview:large","max-video-preview":"max-video-preview:-1"},"canonical":"https:\/\/hepatology.ca\/fr\/partners\/patient-information\/donations-advocacy\/","og_locale":"fr_CA","og_type":"article","og_title":"Donations - CASL - Canadian Association for the Study of the Liver","og_description":"The Canadian Association for the Study of the Liver works closely with the Canadian Liver Foundation to support advocacy programs across Canada and internationally.","og_url":"https:\/\/hepatology.ca\/fr\/partners\/patient-information\/donations-advocacy\/","og_site_name":"CASL - Canadian Association for the Study of the Liver","article_modified_time":"2024-06-07T13:22:11+00:00","twitter_card":"summary_large_image","twitter_misc":{"Estimation du temps de lecture":"1 minute"},"schema":{"@context":"https:\/\/schema.org","@graph":[{"@type":"WebPage","@id":"https:\/\/hepatology.ca\/partners\/patient-information\/donations-advocacy\/","url":"https:\/\/hepatology.ca\/partners\/patient-information\/donations-advocacy\/","name":"Dons - CASL - Association canadienne pour l&#039;\u00e9tude du foie","isPartOf":{"@id":"https:\/\/hepatology.ca\/#website"},"datePublished":"2012-07-05T23:53:26+00:00","dateModified":"2024-06-07T13:22:11+00:00","description":"L\u2019Association canadienne pour l\u2019\u00e9tude du foie travaille en \u00e9troite collaboration avec la Fondation canadienne du foie pour soutenir les programmes de d\u00e9fense des droits partout au Canada et \u00e0 l\u2019\u00e9tranger.","breadcrumb":{"@id":"https:\/\/hepatology.ca\/partners\/patient-information\/donations-advocacy\/#breadcrumb"},"inLanguage":"fr-CA","potentialAction":[{"@type":"ReadAction","target":["https:\/\/hepatology.ca\/partners\/patient-information\/donations-advocacy\/"]}]},{"@type":"BreadcrumbList","@id":"https:\/\/hepatology.ca\/partners\/patient-information\/donations-advocacy\/#breadcrumb","itemListElement":[{"@type":"ListItem","position":1,"name":"Home","item":"https:\/\/hepatology.ca\/"},{"@type":"ListItem","position":2,"name":"Links","item":"https:\/\/hepatology.ca\/fr\/partners\/"},{"@type":"ListItem","position":3,"name":"Patient Information","item":"https:\/\/hepatology.ca\/partners\/patient-information\/"},{"@type":"ListItem","position":4,"name":"Donations"}]},{"@type":"WebSite","@id":"https:\/\/hepatology.ca\/#website","url":"https:\/\/hepatology.ca\/","name":"LCAP","description":"Le foyer canadien des experts du foie","publisher":{"@id":"https:\/\/hepatology.ca\/#organization"},"potentialAction":[{"@type":"SearchAction","target":{"@type":"EntryPoint","urlTemplate":"https:\/\/hepatology.ca\/?s={search_term_string}"},"query-input":{"@type":"PropertyValueSpecification","valueRequired":true,"valueName":"search_term_string"}}],"inLanguage":"fr-CA"},{"@type":"Organization","@id":"https:\/\/hepatology.ca\/#organization","name":"Association canadienne pour l&#039;\u00e9tude du foie","url":"https:\/\/hepatology.ca\/","logo":{"@type":"ImageObject","inLanguage":"fr-CA","@id":"https:\/\/hepatology.ca\/#\/schema\/logo\/image\/","url":"https:\/\/hepatology.ca\/wp-content\/uploads\/2024\/06\/CASL-logo-transparent-background.png","contentUrl":"https:\/\/hepatology.ca\/wp-content\/uploads\/2024\/06\/CASL-logo-transparent-background.png","width":1040,"height":294,"caption":"Canadian Association for the Study of the Liver"},"image":{"@id":"https:\/\/hepatology.ca\/#\/schema\/logo\/image\/"}}]}},"_links":{"self":[{"href":"https:\/\/hepatology.ca\/fr\/wp-json\/wp\/v2\/pages\/114","targetHints":{"allow":["GET"]}}],"collection":[{"href":"https:\/\/hepatology.ca\/fr\/wp-json\/wp\/v2\/pages"}],"about":[{"href":"https:\/\/hepatology.ca\/fr\/wp-json\/wp\/v2\/types\/page"}],"author":[{"embeddable":true,"href":"https:\/\/hepatology.ca\/fr\/wp-json\/wp\/v2\/users\/3"}],"replies":[{"embeddable":true,"href":"https:\/\/hepatology.ca\/fr\/wp-json\/wp\/v2\/comments?post=114"}],"version-history":[{"count":2,"href":"https:\/\/hepatology.ca\/fr\/wp-json\/wp\/v2\/pages\/114\/revisions"}],"predecessor-version":[{"id":3217,"href":"https:\/\/hepatology.ca\/fr\/wp-json\/wp\/v2\/pages\/114\/revisions\/3217"}],"up":[{"embeddable":true,"href":"https:\/\/hepatology.ca\/fr\/wp-json\/wp\/v2\/pages\/32"}],"wp:attachment":[{"href":"https:\/\/hepatology.ca\/fr\/wp-json\/wp\/v2\/media?parent=114"}],"curies":[{"name":"wp","href":"https:\/\/api.w.org\/{rel}","templated":true}]}}