{"id":102,"date":"2012-07-05T23:24:28","date_gmt":"2012-07-05T23:24:28","guid":{"rendered":"http:\/\/casl.resonatedesign.ca\/?page_id=102"},"modified":"2026-03-16T17:53:37","modified_gmt":"2026-03-16T17:53:37","slug":"clf-casl-gold-medal-recipients","status":"publish","type":"page","link":"https:\/\/hepatology.ca\/fr\/casl-awards\/clf-casl-gold-medal-recipients\/","title":{"rendered":"M\u00e9daille d&#039;or CASL-Liver Canada"},"content":{"rendered":"<p>Le prix de la m\u00e9daille d&#039;or CASL-Liver Canada r\u00e9compense une personne ayant apport\u00e9 une contribution exceptionnelle \u00e0 la recherche sur le foie.<br><br>Chaque ann\u00e9e, l\u2019Association canadienne de scl\u00e9rose en plaques (ACSP) invite ses membres \u00e0 soumettre des candidatures pour la M\u00e9daille d\u2019or ACSP-Foie Canada, qui r\u00e9compense des r\u00e9alisations exceptionnelles en recherche et en sciences h\u00e9patologiques. Le comit\u00e9 ex\u00e9cutif de l\u2019ACSP soumet sa candidature (s\u00e9lectionn\u00e9e par le comit\u00e9 de l\u2019\u00e9ducation) au comit\u00e9 consultatif m\u00e9dical de Foie Canada pour examen et approbation par le conseil d\u2019administration national de Foie Canada.<\/p>\n\n\n\n<p><strong><span style=\"text-decoration: underline;\">Histoire<\/span><\/strong>La M\u00e9daille d&#039;or (anciennement M\u00e9daille d&#039;or CASL-Foie Canada) a \u00e9t\u00e9 cr\u00e9\u00e9e par la Fondation canadienne du foie en 1983 dans le cadre d&#039;un programme de parrainage de conf\u00e9rences. Le r\u00e9cipiendaire, un scientifique ayant apport\u00e9 ou apportant une contribution exceptionnelle \u00e0 la recherche sur le foie, \u00e9tait invit\u00e9 \u00e0 titre de conf\u00e9rencier invit\u00e9 au congr\u00e8s annuel du Coll\u00e8ge royal des m\u00e9decins et chirurgiens et recevait une M\u00e9daille d&#039;or. M. Carl Grant a financ\u00e9 la conception et la production de la premi\u00e8re M\u00e9daille d&#039;or. Le premier r\u00e9cipiendaire fut le Dr Jean-Pierre Benhamou, de Paris, en France. Aujourd&#039;hui, la m\u00e9daille est d\u00e9cern\u00e9e annuellement et le r\u00e9cipiendaire est invit\u00e9 \u00e0 pr\u00e9senter une conf\u00e9rence sur sa carri\u00e8re et son parcours dans la recherche sur le foie lors du Congr\u00e8s canadien du foie.<\/p>\n\n\n\n\n\n\n\n<div style=\"height:23px\" aria-hidden=\"true\" class=\"wp-block-spacer\"><\/div>\n\n\n<p><strong>R\u00c9COMPENSES DE LA M\u00c9DAILLE D&#039;OR CASL-Liver Canada<\/strong><\/p>\n\n\n<figure class=\"wp-block-table is-style-stripes\"><table><tbody><tr><td>2026<\/td><td>Raymond Kim<\/td><\/tr><tr><td>2025<\/td><td>Mark Swain<\/td><\/tr><tr><td>2024<\/td><td>G\u00e9rald Minuk<\/td><\/tr><tr><td>2023<\/td><td>Marc Bilodeau<\/td><\/tr><tr><td>2022<\/td><td>Norah Terrault<\/td><\/tr><tr><td>2021<\/td><td>Samuel Lee<\/td><\/tr><tr><td>2020<\/td><td>Thomas Michalak<\/td><\/tr><tr><td>2019<\/td><td>Florence Wong<\/td><\/tr><tr><td>2018<\/td><td>Gr\u00e9gory Gores<\/td><\/tr><tr><td>2017<\/td><td>Anna Lok<\/td><\/tr><tr><td>2016<\/td><td>Morris Sherman<\/td><\/tr><tr><td>2015<\/td><td>Guadalupe Garc\u00eda-Tsao<\/td><\/tr><tr><td>2014<\/td><td>Jordi Bruix<\/td><\/tr><tr><td>2013<\/td><td>Albert Czaja<\/td><\/tr><tr><td>2012<\/td><td>Jaime Bosch<\/td><\/tr><tr><td>2011<\/td><td>Michael Houghton<\/td><\/tr><tr><td>2010<\/td><td>Paul Adams<\/td><\/tr><tr><td>2009<\/td><td>Jean-Pierre Villeneuve<\/td><\/tr><tr><td>2008<\/td><td>Eve Roberts<\/td><\/tr><tr><td>2007<\/td><td>Victor Feinman<\/td><\/tr><tr><td>2006<\/td><td>Harvey J. Alter<\/td><\/tr><tr><td>2005<\/td><td>Ian R. Wanless<\/td><\/tr><tr><td>2004<\/td><td>Jenny Heathcote<\/td><\/tr><tr><td>2003<\/td><td>Roger Butterworth<\/td><\/tr><tr><td>2002<\/td><td>Pierre-Michel Huet<\/td><\/tr><tr><td>2001<\/td><td>Jay Hoofnagle<\/td><\/tr><tr><td>2000<\/td><td>Lorne Tyrell<\/td><\/tr><tr><td>1999<\/td><td>Juan Rodes<\/td><\/tr><tr><td>1998<\/td><td>William Wall<\/td><\/tr><tr><td>1997<\/td><td>Lawrie W. Powell<\/td><\/tr><tr><td>1996<\/td><td>Laurence M. Blendis<\/td><\/tr><tr><td>1995<\/td><td>Diane W. Cox<\/td><\/tr><tr><td>1994<\/td><td>M. James Phillips<\/td><\/tr><tr><td>1993<\/td><td>Telfer B. Reynolds<\/td><\/tr><tr><td>1992<\/td><td>Roger Williams<\/td><\/tr><tr><td>1991<\/td><td>Hector Orrego<\/td><\/tr><tr><td>1990<\/td><td>Baruch S. Blumberg<\/td><\/tr><tr><td>1989<\/td><td>Hyman J. Zimmerman<\/td><\/tr><tr><td>1988<\/td><td>Carl A. Goresky<\/td><\/tr><tr><td>1987<\/td><td>Aron Rappaport<\/td><\/tr><tr><td>1986<\/td><td>Sheila Sherlock<\/td><\/tr><tr><td>1985<\/td><td>Rudi Schmid<\/td><\/tr><tr><td>1984<\/td><td>Robert Purcell<\/td><\/tr><\/tbody><\/table><\/figure>","protected":false},"excerpt":{"rendered":"<p>The CASL-Liver Canada Gold Medal Award recognizes an individual who has made an outstanding contribution to liver-related research. Each year, [&hellip;]<\/p>\n","protected":false},"author":3,"featured_media":0,"parent":1920,"menu_order":11,"comment_status":"closed","ping_status":"closed","template":"","meta":{"_acf_changed":false,"site-sidebar-layout":"default","site-content-layout":"","ast-site-content-layout":"default","site-content-style":"default","site-sidebar-style":"default","ast-global-header-display":"","ast-banner-title-visibility":"","ast-main-header-display":"","ast-hfb-above-header-display":"","ast-hfb-below-header-display":"","ast-hfb-mobile-header-display":"","site-post-title":"","ast-breadcrumbs-content":"","ast-featured-img":"","footer-sml-layout":"","ast-disable-related-posts":"","theme-transparent-header-meta":"","adv-header-id-meta":"","stick-header-meta":"","header-above-stick-meta":"","header-main-stick-meta":"","header-below-stick-meta":"","astra-migrate-meta-layouts":"default","ast-page-background-enabled":"default","ast-page-background-meta":{"desktop":{"background-color":"var(--ast-global-color-4)","background-image":"","background-repeat":"repeat","background-position":"center center","background-size":"auto","background-attachment":"scroll","background-type":"","background-media":"","overlay-type":"","overlay-color":"","overlay-opacity":"","overlay-gradient":""},"tablet":{"background-color":"","background-image":"","background-repeat":"repeat","background-position":"center center","background-size":"auto","background-attachment":"scroll","background-type":"","background-media":"","overlay-type":"","overlay-color":"","overlay-opacity":"","overlay-gradient":""},"mobile":{"background-color":"","background-image":"","background-repeat":"repeat","background-position":"center center","background-size":"auto","background-attachment":"scroll","background-type":"","background-media":"","overlay-type":"","overlay-color":"","overlay-opacity":"","overlay-gradient":""}},"ast-content-background-meta":{"desktop":{"background-color":"var(--ast-global-color-5)","background-image":"","background-repeat":"repeat","background-position":"center center","background-size":"auto","background-attachment":"scroll","background-type":"","background-media":"","overlay-type":"","overlay-color":"","overlay-opacity":"","overlay-gradient":""},"tablet":{"background-color":"var(--ast-global-color-5)","background-image":"","background-repeat":"repeat","background-position":"center center","background-size":"auto","background-attachment":"scroll","background-type":"","background-media":"","overlay-type":"","overlay-color":"","overlay-opacity":"","overlay-gradient":""},"mobile":{"background-color":"var(--ast-global-color-5)","background-image":"","background-repeat":"repeat","background-position":"center center","background-size":"auto","background-attachment":"scroll","background-type":"","background-media":"","overlay-type":"","overlay-color":"","overlay-opacity":"","overlay-gradient":""}},"ngg_post_thumbnail":0,"footnotes":""},"class_list":["post-102","page","type-page","status-publish","hentry"],"acf":[],"yoast_head":"<!-- This site is optimized with the Yoast SEO plugin v27.4 - https:\/\/yoast.com\/product\/yoast-seo-wordpress\/ -->\n<title>CASL-Liver Canada Gold Medal Award - CASL - Canadian Association for the Study of the Liver<\/title>\n<meta name=\"description\" content=\"View all the recipients for the CASL Gold Medal award.\" \/>\n<meta name=\"robots\" content=\"index, follow, max-snippet:-1, max-image-preview:large, max-video-preview:-1\" \/>\n<link rel=\"canonical\" href=\"https:\/\/hepatology.ca\/fr\/casl-awards\/clf-casl-gold-medal-recipients\/\" \/>\n<meta property=\"og:locale\" content=\"fr_CA\" \/>\n<meta property=\"og:type\" content=\"article\" \/>\n<meta property=\"og:title\" content=\"CASL-Liver Canada Gold Medal Award - CASL - Canadian Association for the Study of the Liver\" \/>\n<meta property=\"og:description\" content=\"View all the recipients for the CASL Gold Medal award.\" \/>\n<meta property=\"og:url\" content=\"https:\/\/hepatology.ca\/fr\/casl-awards\/clf-casl-gold-medal-recipients\/\" \/>\n<meta property=\"og:site_name\" content=\"CASL - Canadian Association for the Study of the Liver\" \/>\n<meta property=\"article:modified_time\" content=\"2026-03-16T17:53:37+00:00\" \/>\n<meta name=\"twitter:card\" content=\"summary_large_image\" \/>\n<meta name=\"twitter:label1\" content=\"Estimation du temps de lecture\" \/>\n\t<meta name=\"twitter:data1\" content=\"2 minutes\" \/>\n<script type=\"application\/ld+json\" class=\"yoast-schema-graph\">{\"@context\":\"https:\\\/\\\/schema.org\",\"@graph\":[{\"@type\":\"WebPage\",\"@id\":\"https:\\\/\\\/hepatology.ca\\\/casl-awards\\\/clf-casl-gold-medal-recipients\\\/\",\"url\":\"https:\\\/\\\/hepatology.ca\\\/casl-awards\\\/clf-casl-gold-medal-recipients\\\/\",\"name\":\"CASL-Liver Canada Gold Medal Award - CASL - Canadian Association for the Study of the Liver\",\"isPartOf\":{\"@id\":\"https:\\\/\\\/hepatology.ca\\\/#website\"},\"datePublished\":\"2012-07-05T23:24:28+00:00\",\"dateModified\":\"2026-03-16T17:53:37+00:00\",\"description\":\"View all the recipients for the CASL Gold Medal award.\",\"breadcrumb\":{\"@id\":\"https:\\\/\\\/hepatology.ca\\\/casl-awards\\\/clf-casl-gold-medal-recipients\\\/#breadcrumb\"},\"inLanguage\":\"fr-CA\",\"potentialAction\":[{\"@type\":\"ReadAction\",\"target\":[\"https:\\\/\\\/hepatology.ca\\\/casl-awards\\\/clf-casl-gold-medal-recipients\\\/\"]}]},{\"@type\":\"BreadcrumbList\",\"@id\":\"https:\\\/\\\/hepatology.ca\\\/casl-awards\\\/clf-casl-gold-medal-recipients\\\/#breadcrumb\",\"itemListElement\":[{\"@type\":\"ListItem\",\"position\":1,\"name\":\"Home\",\"item\":\"https:\\\/\\\/hepatology.ca\\\/\"},{\"@type\":\"ListItem\",\"position\":2,\"name\":\"Awards\",\"item\":\"https:\\\/\\\/hepatology.ca\\\/casl-awards\\\/\"},{\"@type\":\"ListItem\",\"position\":3,\"name\":\"CASL-Liver Canada Gold Medal Award\"}]},{\"@type\":\"WebSite\",\"@id\":\"https:\\\/\\\/hepatology.ca\\\/#website\",\"url\":\"https:\\\/\\\/hepatology.ca\\\/\",\"name\":\"CASL\",\"description\":\"Canada\u2019s home for liver experts\",\"publisher\":{\"@id\":\"https:\\\/\\\/hepatology.ca\\\/#organization\"},\"potentialAction\":[{\"@type\":\"SearchAction\",\"target\":{\"@type\":\"EntryPoint\",\"urlTemplate\":\"https:\\\/\\\/hepatology.ca\\\/?s={search_term_string}\"},\"query-input\":{\"@type\":\"PropertyValueSpecification\",\"valueRequired\":true,\"valueName\":\"search_term_string\"}}],\"inLanguage\":\"fr-CA\"},{\"@type\":\"Organization\",\"@id\":\"https:\\\/\\\/hepatology.ca\\\/#organization\",\"name\":\"Canadian Association for the Study of the Liver\",\"url\":\"https:\\\/\\\/hepatology.ca\\\/\",\"logo\":{\"@type\":\"ImageObject\",\"inLanguage\":\"fr-CA\",\"@id\":\"https:\\\/\\\/hepatology.ca\\\/#\\\/schema\\\/logo\\\/image\\\/\",\"url\":\"https:\\\/\\\/hepatology.ca\\\/wp-content\\\/uploads\\\/2024\\\/06\\\/CASL-logo-transparent-background.png\",\"contentUrl\":\"https:\\\/\\\/hepatology.ca\\\/wp-content\\\/uploads\\\/2024\\\/06\\\/CASL-logo-transparent-background.png\",\"width\":1040,\"height\":294,\"caption\":\"Canadian Association for the Study of the Liver\"},\"image\":{\"@id\":\"https:\\\/\\\/hepatology.ca\\\/#\\\/schema\\\/logo\\\/image\\\/\"}}]}<\/script>\n<!-- \/ Yoast SEO plugin. -->","yoast_head_json":{"title":"CASL-Liver Canada Gold Medal Award - CASL - Canadian Association for the Study of the Liver","description":"Voir tous les r\u00e9cipiendaires de la m\u00e9daille d\u2019or de la CASL.","robots":{"index":"index","follow":"follow","max-snippet":"max-snippet:-1","max-image-preview":"max-image-preview:large","max-video-preview":"max-video-preview:-1"},"canonical":"https:\/\/hepatology.ca\/fr\/casl-awards\/clf-casl-gold-medal-recipients\/","og_locale":"fr_CA","og_type":"article","og_title":"CASL-Liver Canada Gold Medal Award - CASL - Canadian Association for the Study of the Liver","og_description":"View all the recipients for the CASL Gold Medal award.","og_url":"https:\/\/hepatology.ca\/fr\/casl-awards\/clf-casl-gold-medal-recipients\/","og_site_name":"CASL - Canadian Association for the Study of the Liver","article_modified_time":"2026-03-16T17:53:37+00:00","twitter_card":"summary_large_image","twitter_misc":{"Estimation du temps de lecture":"2 minutes"},"schema":{"@context":"https:\/\/schema.org","@graph":[{"@type":"WebPage","@id":"https:\/\/hepatology.ca\/casl-awards\/clf-casl-gold-medal-recipients\/","url":"https:\/\/hepatology.ca\/casl-awards\/clf-casl-gold-medal-recipients\/","name":"CASL-Liver Canada Gold Medal Award - CASL - Canadian Association for the Study of the Liver","isPartOf":{"@id":"https:\/\/hepatology.ca\/#website"},"datePublished":"2012-07-05T23:24:28+00:00","dateModified":"2026-03-16T17:53:37+00:00","description":"Voir tous les r\u00e9cipiendaires de la m\u00e9daille d\u2019or de la CASL.","breadcrumb":{"@id":"https:\/\/hepatology.ca\/casl-awards\/clf-casl-gold-medal-recipients\/#breadcrumb"},"inLanguage":"fr-CA","potentialAction":[{"@type":"ReadAction","target":["https:\/\/hepatology.ca\/casl-awards\/clf-casl-gold-medal-recipients\/"]}]},{"@type":"BreadcrumbList","@id":"https:\/\/hepatology.ca\/casl-awards\/clf-casl-gold-medal-recipients\/#breadcrumb","itemListElement":[{"@type":"ListItem","position":1,"name":"Home","item":"https:\/\/hepatology.ca\/"},{"@type":"ListItem","position":2,"name":"Awards","item":"https:\/\/hepatology.ca\/casl-awards\/"},{"@type":"ListItem","position":3,"name":"CASL-Liver Canada Gold Medal Award"}]},{"@type":"WebSite","@id":"https:\/\/hepatology.ca\/#website","url":"https:\/\/hepatology.ca\/","name":"LCAP","description":"Le foyer canadien des experts du foie","publisher":{"@id":"https:\/\/hepatology.ca\/#organization"},"potentialAction":[{"@type":"SearchAction","target":{"@type":"EntryPoint","urlTemplate":"https:\/\/hepatology.ca\/?s={search_term_string}"},"query-input":{"@type":"PropertyValueSpecification","valueRequired":true,"valueName":"search_term_string"}}],"inLanguage":"fr-CA"},{"@type":"Organization","@id":"https:\/\/hepatology.ca\/#organization","name":"Association canadienne pour l&#039;\u00e9tude du foie","url":"https:\/\/hepatology.ca\/","logo":{"@type":"ImageObject","inLanguage":"fr-CA","@id":"https:\/\/hepatology.ca\/#\/schema\/logo\/image\/","url":"https:\/\/hepatology.ca\/wp-content\/uploads\/2024\/06\/CASL-logo-transparent-background.png","contentUrl":"https:\/\/hepatology.ca\/wp-content\/uploads\/2024\/06\/CASL-logo-transparent-background.png","width":1040,"height":294,"caption":"Canadian Association for the Study of the Liver"},"image":{"@id":"https:\/\/hepatology.ca\/#\/schema\/logo\/image\/"}}]}},"_links":{"self":[{"href":"https:\/\/hepatology.ca\/fr\/wp-json\/wp\/v2\/pages\/102","targetHints":{"allow":["GET"]}}],"collection":[{"href":"https:\/\/hepatology.ca\/fr\/wp-json\/wp\/v2\/pages"}],"about":[{"href":"https:\/\/hepatology.ca\/fr\/wp-json\/wp\/v2\/types\/page"}],"author":[{"embeddable":true,"href":"https:\/\/hepatology.ca\/fr\/wp-json\/wp\/v2\/users\/3"}],"replies":[{"embeddable":true,"href":"https:\/\/hepatology.ca\/fr\/wp-json\/wp\/v2\/comments?post=102"}],"version-history":[{"count":25,"href":"https:\/\/hepatology.ca\/fr\/wp-json\/wp\/v2\/pages\/102\/revisions"}],"predecessor-version":[{"id":5192,"href":"https:\/\/hepatology.ca\/fr\/wp-json\/wp\/v2\/pages\/102\/revisions\/5192"}],"up":[{"embeddable":true,"href":"https:\/\/hepatology.ca\/fr\/wp-json\/wp\/v2\/pages\/1920"}],"wp:attachment":[{"href":"https:\/\/hepatology.ca\/fr\/wp-json\/wp\/v2\/media?parent=102"}],"curies":[{"name":"wp","href":"https:\/\/api.w.org\/{rel}","templated":true}]}}