{"id":100,"date":"2012-07-05T23:23:54","date_gmt":"2012-07-05T23:23:54","guid":{"rendered":"http:\/\/casl.resonatedesign.ca\/?page_id=100"},"modified":"2024-06-07T13:22:11","modified_gmt":"2024-06-07T13:22:11","slug":"clf-research-grants","status":"publish","type":"page","link":"https:\/\/hepatology.ca\/fr\/research\/clf-research-grants\/","title":{"rendered":"Annonces de subventions de recherche"},"content":{"rendered":"<figure class=\"wp-block-table\"><table><tbody><tr><td><strong>La Fondation canadienne du foie (FCF) est heureuse d\u2019annoncer que nous avons mis sur pied un centre de recherche<br>collaboration de financement avec la Soci\u00e9t\u00e9 de recherche sur le cancer (SRC) pour cofinancer quatre subventions de fonctionnement de recherche de la Soci\u00e9t\u00e9 de recherche sur le cancer et de la Fondation canadienne du foie d&#039;un montant de 125 000 $ chacune sur deux ans<\/strong>!<br><br>Veuillez t\u00e9l\u00e9charger les documents ci-dessous pour plus d&#039;informations.<\/td><\/tr><\/tbody><\/table><\/figure>\n\n\n\n<div class=\"wp-block-file\"><a id=\"wp-block-file--media-d08d37ca-de3a-47b4-b3c9-6e72be70e55d\" href=\"https:\/\/hepatology.ca\/wp-content\/uploads\/2022\/03\/2022-ResearchGrantsAnnouncementENG-FINAL-2022-03-22.pdf\">2022-ResearchGrantsAnnouncement-ENG<\/a><a href=\"https:\/\/hepatology.ca\/wp-content\/uploads\/2022\/03\/2022-ResearchGrantsAnnouncementENG-FINAL-2022-03-22.pdf\" class=\"wp-block-file__button\" download aria-describedby=\"wp-block-file--media-d08d37ca-de3a-47b4-b3c9-6e72be70e55d\">T\u00e9l\u00e9charger le fichier en anglais<\/a><\/div>\n\n\n\n<div class=\"wp-block-file\"><a id=\"wp-block-file--media-080030cb-d8fc-46b8-9e54-0fefe11a07bd\" href=\"https:\/\/hepatology.ca\/wp-content\/uploads\/2022\/03\/2022-ResearchGrantsAnnouncementFRE-FINAL-2022-03-22.pdf\">Annonce de subventions de recherche 2022-FRE<\/a><a href=\"https:\/\/hepatology.ca\/wp-content\/uploads\/2022\/03\/2022-ResearchGrantsAnnouncementFRE-FINAL-2022-03-22.pdf\" class=\"wp-block-file__button\" download aria-describedby=\"wp-block-file--media-080030cb-d8fc-46b8-9e54-0fefe11a07bd\">T\u00e9l\u00e9charger le fichier fran\u00e7ais<\/a><\/div>\n\n\n<h2><em>Concours de subventions de recherche pilote de l\u2019ACEL<\/em><\/h2>\n<p>Les candidatures au concours de subventions de recherche pilote de l\u2019ACL ont \u00e9t\u00e9 cl\u00f4tur\u00e9es le 15 octobre 2021. Les r\u00e9sultats seront disponibles au d\u00e9but de 2022.<\/p>\n<h2><em>Concours de bourses de recherche CLF<\/em><\/h2>\n<p>Le CLF n&#039;accepte pas actuellement de demandes de subventions de fonctionnement, de bourses d&#039;\u00e9tudes sup\u00e9rieures et de bourses d&#039;\u00e9t\u00e9. Consultez cette page pour plus d&#039;informations sur les futures possibilit\u00e9s de financement par subvention.<\/p>\n<p>&nbsp;<\/p>\n\n\n<p><\/p>\n\n\n\n<p><\/p>","protected":false},"excerpt":{"rendered":"<p>The Canadian Liver Foundation (CLF) is pleased to announce that we have established a researchfunding collaboration with the Cancer Research [&hellip;]<\/p>\n","protected":false},"author":3,"featured_media":0,"parent":932,"menu_order":0,"comment_status":"closed","ping_status":"closed","template":"","meta":{"_acf_changed":false,"site-sidebar-layout":"default","site-content-layout":"","ast-site-content-layout":"default","site-content-style":"default","site-sidebar-style":"default","ast-global-header-display":"","ast-banner-title-visibility":"","ast-main-header-display":"","ast-hfb-above-header-display":"","ast-hfb-below-header-display":"","ast-hfb-mobile-header-display":"","site-post-title":"","ast-breadcrumbs-content":"","ast-featured-img":"","footer-sml-layout":"","ast-disable-related-posts":"","theme-transparent-header-meta":"","adv-header-id-meta":"","stick-header-meta":"","header-above-stick-meta":"","header-main-stick-meta":"","header-below-stick-meta":"","astra-migrate-meta-layouts":"default","ast-page-background-enabled":"default","ast-page-background-meta":{"desktop":{"background-color":"var(--ast-global-color-4)","background-image":"","background-repeat":"repeat","background-position":"center center","background-size":"auto","background-attachment":"scroll","background-type":"","background-media":"","overlay-type":"","overlay-color":"","overlay-opacity":"","overlay-gradient":""},"tablet":{"background-color":"","background-image":"","background-repeat":"repeat","background-position":"center center","background-size":"auto","background-attachment":"scroll","background-type":"","background-media":"","overlay-type":"","overlay-color":"","overlay-opacity":"","overlay-gradient":""},"mobile":{"background-color":"","background-image":"","background-repeat":"repeat","background-position":"center center","background-size":"auto","background-attachment":"scroll","background-type":"","background-media":"","overlay-type":"","overlay-color":"","overlay-opacity":"","overlay-gradient":""}},"ast-content-background-meta":{"desktop":{"background-color":"var(--ast-global-color-5)","background-image":"","background-repeat":"repeat","background-position":"center center","background-size":"auto","background-attachment":"scroll","background-type":"","background-media":"","overlay-type":"","overlay-color":"","overlay-opacity":"","overlay-gradient":""},"tablet":{"background-color":"var(--ast-global-color-5)","background-image":"","background-repeat":"repeat","background-position":"center center","background-size":"auto","background-attachment":"scroll","background-type":"","background-media":"","overlay-type":"","overlay-color":"","overlay-opacity":"","overlay-gradient":""},"mobile":{"background-color":"var(--ast-global-color-5)","background-image":"","background-repeat":"repeat","background-position":"center center","background-size":"auto","background-attachment":"scroll","background-type":"","background-media":"","overlay-type":"","overlay-color":"","overlay-opacity":"","overlay-gradient":""}},"ngg_post_thumbnail":0,"footnotes":""},"class_list":["post-100","page","type-page","status-publish","hentry"],"acf":[],"yoast_head":"<!-- This site is optimized with the Yoast SEO plugin v27.4 - https:\/\/yoast.com\/product\/yoast-seo-wordpress\/ -->\n<title>Research Grant Announcements - CASL - Canadian Association for the Study of the Liver<\/title>\n<meta name=\"description\" content=\"The most up-to-date announcements for recent grant opportunities.\" \/>\n<meta name=\"robots\" content=\"index, follow, max-snippet:-1, max-image-preview:large, max-video-preview:-1\" \/>\n<link rel=\"canonical\" href=\"https:\/\/hepatology.ca\/fr\/research\/clf-research-grants\/\" \/>\n<meta property=\"og:locale\" content=\"fr_CA\" \/>\n<meta property=\"og:type\" content=\"article\" \/>\n<meta property=\"og:title\" content=\"Research Grant Announcements - CASL - Canadian Association for the Study of the Liver\" \/>\n<meta property=\"og:description\" content=\"The most up-to-date announcements for recent grant opportunities.\" \/>\n<meta property=\"og:url\" content=\"https:\/\/hepatology.ca\/fr\/research\/clf-research-grants\/\" \/>\n<meta property=\"og:site_name\" content=\"CASL - Canadian Association for the Study of the Liver\" \/>\n<meta property=\"article:modified_time\" content=\"2024-06-07T13:22:11+00:00\" \/>\n<meta name=\"twitter:card\" content=\"summary_large_image\" \/>\n<meta name=\"twitter:label1\" content=\"Estimation du temps de lecture\" \/>\n\t<meta name=\"twitter:data1\" content=\"1 minute\" \/>\n<script type=\"application\/ld+json\" class=\"yoast-schema-graph\">{\"@context\":\"https:\\\/\\\/schema.org\",\"@graph\":[{\"@type\":\"WebPage\",\"@id\":\"https:\\\/\\\/hepatology.ca\\\/research\\\/clf-research-grants\\\/\",\"url\":\"https:\\\/\\\/hepatology.ca\\\/research\\\/clf-research-grants\\\/\",\"name\":\"Research Grant Announcements - CASL - Canadian Association for the Study of the Liver\",\"isPartOf\":{\"@id\":\"https:\\\/\\\/hepatology.ca\\\/#website\"},\"datePublished\":\"2012-07-05T23:23:54+00:00\",\"dateModified\":\"2024-06-07T13:22:11+00:00\",\"description\":\"The most up-to-date announcements for recent grant opportunities.\",\"breadcrumb\":{\"@id\":\"https:\\\/\\\/hepatology.ca\\\/research\\\/clf-research-grants\\\/#breadcrumb\"},\"inLanguage\":\"fr-CA\",\"potentialAction\":[{\"@type\":\"ReadAction\",\"target\":[\"https:\\\/\\\/hepatology.ca\\\/research\\\/clf-research-grants\\\/\"]}]},{\"@type\":\"BreadcrumbList\",\"@id\":\"https:\\\/\\\/hepatology.ca\\\/research\\\/clf-research-grants\\\/#breadcrumb\",\"itemListElement\":[{\"@type\":\"ListItem\",\"position\":1,\"name\":\"Home\",\"item\":\"https:\\\/\\\/hepatology.ca\\\/\"},{\"@type\":\"ListItem\",\"position\":2,\"name\":\"Research\",\"item\":\"https:\\\/\\\/hepatology.ca\\\/fr\\\/research\\\/\"},{\"@type\":\"ListItem\",\"position\":3,\"name\":\"Research Grant Announcements\"}]},{\"@type\":\"WebSite\",\"@id\":\"https:\\\/\\\/hepatology.ca\\\/#website\",\"url\":\"https:\\\/\\\/hepatology.ca\\\/\",\"name\":\"CASL\",\"description\":\"Canada\u2019s home for liver experts\",\"publisher\":{\"@id\":\"https:\\\/\\\/hepatology.ca\\\/#organization\"},\"potentialAction\":[{\"@type\":\"SearchAction\",\"target\":{\"@type\":\"EntryPoint\",\"urlTemplate\":\"https:\\\/\\\/hepatology.ca\\\/?s={search_term_string}\"},\"query-input\":{\"@type\":\"PropertyValueSpecification\",\"valueRequired\":true,\"valueName\":\"search_term_string\"}}],\"inLanguage\":\"fr-CA\"},{\"@type\":\"Organization\",\"@id\":\"https:\\\/\\\/hepatology.ca\\\/#organization\",\"name\":\"Canadian Association for the Study of the Liver\",\"url\":\"https:\\\/\\\/hepatology.ca\\\/\",\"logo\":{\"@type\":\"ImageObject\",\"inLanguage\":\"fr-CA\",\"@id\":\"https:\\\/\\\/hepatology.ca\\\/#\\\/schema\\\/logo\\\/image\\\/\",\"url\":\"https:\\\/\\\/hepatology.ca\\\/wp-content\\\/uploads\\\/2024\\\/06\\\/CASL-logo-transparent-background.png\",\"contentUrl\":\"https:\\\/\\\/hepatology.ca\\\/wp-content\\\/uploads\\\/2024\\\/06\\\/CASL-logo-transparent-background.png\",\"width\":1040,\"height\":294,\"caption\":\"Canadian Association for the Study of the Liver\"},\"image\":{\"@id\":\"https:\\\/\\\/hepatology.ca\\\/#\\\/schema\\\/logo\\\/image\\\/\"}}]}<\/script>\n<!-- \/ Yoast SEO plugin. -->","yoast_head_json":{"title":"Annonces de subventions de recherche \u2013 CASL \u2013 Association canadienne pour l&#039;\u00e9tude du foie","description":"Les annonces les plus r\u00e9centes concernant les opportunit\u00e9s de subventions r\u00e9centes.","robots":{"index":"index","follow":"follow","max-snippet":"max-snippet:-1","max-image-preview":"max-image-preview:large","max-video-preview":"max-video-preview:-1"},"canonical":"https:\/\/hepatology.ca\/fr\/research\/clf-research-grants\/","og_locale":"fr_CA","og_type":"article","og_title":"Research Grant Announcements - CASL - Canadian Association for the Study of the Liver","og_description":"The most up-to-date announcements for recent grant opportunities.","og_url":"https:\/\/hepatology.ca\/fr\/research\/clf-research-grants\/","og_site_name":"CASL - Canadian Association for the Study of the Liver","article_modified_time":"2024-06-07T13:22:11+00:00","twitter_card":"summary_large_image","twitter_misc":{"Estimation du temps de lecture":"1 minute"},"schema":{"@context":"https:\/\/schema.org","@graph":[{"@type":"WebPage","@id":"https:\/\/hepatology.ca\/research\/clf-research-grants\/","url":"https:\/\/hepatology.ca\/research\/clf-research-grants\/","name":"Annonces de subventions de recherche \u2013 CASL \u2013 Association canadienne pour l&#039;\u00e9tude du foie","isPartOf":{"@id":"https:\/\/hepatology.ca\/#website"},"datePublished":"2012-07-05T23:23:54+00:00","dateModified":"2024-06-07T13:22:11+00:00","description":"Les annonces les plus r\u00e9centes concernant les opportunit\u00e9s de subventions r\u00e9centes.","breadcrumb":{"@id":"https:\/\/hepatology.ca\/research\/clf-research-grants\/#breadcrumb"},"inLanguage":"fr-CA","potentialAction":[{"@type":"ReadAction","target":["https:\/\/hepatology.ca\/research\/clf-research-grants\/"]}]},{"@type":"BreadcrumbList","@id":"https:\/\/hepatology.ca\/research\/clf-research-grants\/#breadcrumb","itemListElement":[{"@type":"ListItem","position":1,"name":"Home","item":"https:\/\/hepatology.ca\/"},{"@type":"ListItem","position":2,"name":"Research","item":"https:\/\/hepatology.ca\/fr\/research\/"},{"@type":"ListItem","position":3,"name":"Research Grant Announcements"}]},{"@type":"WebSite","@id":"https:\/\/hepatology.ca\/#website","url":"https:\/\/hepatology.ca\/","name":"LCAP","description":"Le foyer canadien des experts du foie","publisher":{"@id":"https:\/\/hepatology.ca\/#organization"},"potentialAction":[{"@type":"SearchAction","target":{"@type":"EntryPoint","urlTemplate":"https:\/\/hepatology.ca\/?s={search_term_string}"},"query-input":{"@type":"PropertyValueSpecification","valueRequired":true,"valueName":"search_term_string"}}],"inLanguage":"fr-CA"},{"@type":"Organization","@id":"https:\/\/hepatology.ca\/#organization","name":"Association canadienne pour l&#039;\u00e9tude du foie","url":"https:\/\/hepatology.ca\/","logo":{"@type":"ImageObject","inLanguage":"fr-CA","@id":"https:\/\/hepatology.ca\/#\/schema\/logo\/image\/","url":"https:\/\/hepatology.ca\/wp-content\/uploads\/2024\/06\/CASL-logo-transparent-background.png","contentUrl":"https:\/\/hepatology.ca\/wp-content\/uploads\/2024\/06\/CASL-logo-transparent-background.png","width":1040,"height":294,"caption":"Canadian Association for the Study of the Liver"},"image":{"@id":"https:\/\/hepatology.ca\/#\/schema\/logo\/image\/"}}]}},"_links":{"self":[{"href":"https:\/\/hepatology.ca\/fr\/wp-json\/wp\/v2\/pages\/100","targetHints":{"allow":["GET"]}}],"collection":[{"href":"https:\/\/hepatology.ca\/fr\/wp-json\/wp\/v2\/pages"}],"about":[{"href":"https:\/\/hepatology.ca\/fr\/wp-json\/wp\/v2\/types\/page"}],"author":[{"embeddable":true,"href":"https:\/\/hepatology.ca\/fr\/wp-json\/wp\/v2\/users\/3"}],"replies":[{"embeddable":true,"href":"https:\/\/hepatology.ca\/fr\/wp-json\/wp\/v2\/comments?post=100"}],"version-history":[{"count":12,"href":"https:\/\/hepatology.ca\/fr\/wp-json\/wp\/v2\/pages\/100\/revisions"}],"predecessor-version":[{"id":2989,"href":"https:\/\/hepatology.ca\/fr\/wp-json\/wp\/v2\/pages\/100\/revisions\/2989"}],"up":[{"embeddable":true,"href":"https:\/\/hepatology.ca\/fr\/wp-json\/wp\/v2\/pages\/932"}],"wp:attachment":[{"href":"https:\/\/hepatology.ca\/fr\/wp-json\/wp\/v2\/media?parent=100"}],"curies":[{"name":"wp","href":"https:\/\/api.w.org\/{rel}","templated":true}]}}